{"id":982,"date":"2013-04-24T17:46:13","date_gmt":"2013-04-24T17:46:13","guid":{"rendered":"http:\/\/barreau.stagingminimalmtl.com\/cs-crim\/"},"modified":"2023-02-10T11:13:59","modified_gmt":"2023-02-10T16:13:59","slug":"cs-crim","status":"publish","type":"page","link":"https:\/\/www.barreaudemontreal.qc.ca\/en\/avocats\/outils\/avocats-de-litige\/cs-crim\/","title":{"rendered":"Cour sup\u00e9rieure &#8211; Chambre criminelle"},"content":{"rendered":"\n<ul class=\"wp-block-list\">\n<li><a href=\"http:\/\/roles.tribunaux.qc.ca\/\" target=\"_blank\" aria-label=\"R\u00f4les d\u2019audience (opens in a new tab)\" rel=\"noreferrer noopener\" class=\"ek-link\">R\u00f4les d\u2019audience<\/a><\/li>\n\n\n\n<li><a href=\"https:\/\/www.justice.gouv.qc.ca\/espace-professionnel\/juristes\/sj-1149\/\" target=\"_blank\" rel=\"noopener\">Demande relative \u00e0 un code d&#8217;impliqu\u00e9 permanent (SJ-1149)<\/a><br>&nbsp;<\/li>\n<\/ul>\n\n\n\n<hr class=\"wp-block-separator has-css-opacity\"\/>\n\n\n\n<h5 class=\"wp-block-heading\">FONCTIONNEMENT<\/h5>\n\n\n\n<ul class=\"wp-block-list\">\n<li><a href=\"https:\/\/coursuperieureduquebec.ca\/division-de-montreal\/chambre-criminelle-1\" target=\"_blank\" aria-label=\"Directives et formulaires applicables dans les districts de la Division de Montr\u00e9al (opens in a new tab)\" rel=\"noreferrer noopener\" class=\"ek-link\">Directives et formulaires applicables dans les districts de la Division de Montr\u00e9al<\/a><\/li>\n\n\n\n<li>Demande conjointe de conf\u00e9rence de facilitation en mati\u00e8re criminelle (septembre 2021)\n<ul class=\"wp-block-list\">\n<li><a aria-label=\"Formulaire - version PDF (opens in a new tab)\" href=\"https:\/\/www.barreaudemontreal.qc.ca\/wp-content\/uploads\/cs-crim-formulaire_de_facilitation_en_matiere_criminelle.pdf\" target=\"_blank\" rel=\"noreferrer noopener\" class=\"ek-link\">Formulaire &#8211; version PDF<\/a><\/li>\n\n\n\n<li><a aria-label=\"Formulaire - version Word (opens in a new tab)\" href=\"https:\/\/www.barreaudemontreal.qc.ca\/wp-content\/uploads\/cs-crim-formulaire_de_facilitation_en_matiere_criminelle.docx\" target=\"_blank\" rel=\"noreferrer noopener\" class=\"ek-link\">Formulaire &#8211; version Word<\/a><\/li>\n<\/ul>\n<\/li>\n\n\n\n<li><a aria-label=\"Autres renseignements concernant le District de Montr\u00e9al (opens in a new tab)\" href=\"https:\/\/coursuperieureduquebec.ca\/division-de-montreal\/districts-judiciaires\/montreal\" target=\"_blank\" rel=\"noreferrer noopener\" class=\"ek-link\">Autres renseignements concernant le District de Montr\u00e9al<\/a><\/li>\n<\/ul>\n\n\n\n<p><strong>Assembl\u00e9e g\u00e9n\u00e9rale et assembl\u00e9e des juges de Montr\u00e9al et de sa r\u00e9gion<\/strong><br>Les juges de la Cour sup\u00e9rieure de Montr\u00e9al et de sa r\u00e9gion se r\u00e9unissent deux fois par ann\u00e9e, soit dans le cadre de l&#8217;assembl\u00e9e g\u00e9n\u00e9rale de tous les juges de la Cour et dans celui pr\u00e9vu plus sp\u00e9cifiquement pour l&#8217;assembl\u00e9e des juges de Montr\u00e9al et de sa r\u00e9gion. \u00c0 ces occasions, dans tous les districts vis\u00e9s, il n&#8217;y a pas de r\u00f4le au fond et en pratique. Seul un juge de garde est disponible pour les cas urgents. Un greffier sp\u00e9cial si\u00e9gera cependant en salle 2.16 <span class=\"Style15\"><span class=\"Style16\">et en salle 2.17. <\/span><\/span><\/p>\n\n\n\n<p class=\"has-text-align-left\"><em>Dates des prochaines assembl\u00e9es \u00e0 venir <\/em><\/p>\n\n\n\n<p><strong>Avis aux avocats concernant l&#8217;acc\u00e8s aux d\u00e9tenus<\/strong> :<\/p>\n\n\n\n<ul class=\"wp-block-list\">\n<li><a aria-label=\"Prise des rendez-vous en visioparloir - Minist\u00e8re de la S\u00e9curit\u00e9 publique - \u00c9tablissements de d\u00e9tention (opens in a new tab)\" href=\"https:\/\/espace.caij.qc.ca\/communiques\/\" target=\"_blank\" rel=\"noreferrer noopener\" class=\"ek-link\">Prise des rendez-vous en visioparloir &#8211; Minist\u00e8re de la S\u00e9curit\u00e9 publique &#8211; \u00c9tablissements de d\u00e9tention<\/a> (M\u00c0J 24 septembre 2020) *identifiants CAIJ requis<\/li>\n\n\n\n<li><a aria-label=\"Communiqu\u00e9 - \u00c9tablissement de d\u00e9tention de St-J\u00e9r\u00f4me (opens in a new tab)\" href=\"https:\/\/www.barreaudemontreal.qc.ca\/wp-content\/uploads\/20200924-parloirs_detention_st-jerome.pdf\" target=\"_blank\" rel=\"noreferrer noopener\" class=\"ek-link\">Communiqu\u00e9 &#8211; \u00c9tablissement de d\u00e9tention de St-J\u00e9r\u00f4me<\/a> (24 septembre 2020)<\/li>\n\n\n\n<li><a aria-label=\"Prise de rendez-vous t\u00e9l\u00e9phonique pour les avocats visitant l'\u00e9tablissement de d\u00e9tention de Montr\u00e9al - Secteurs Covid-19 (opens in a new tab)\" href=\"https:\/\/www.barreaudemontreal.qc.ca\/wp-content\/uploads\/20200515-rv_tel_avocat_-_secteurs_covid-19_edm.pdf\" target=\"_blank\" rel=\"noreferrer noopener\" class=\"ek-link\">Prise de rendez-vous t\u00e9l\u00e9phonique pour les avocats visitant l&#8217;\u00e9tablissement de d\u00e9tention de Montr\u00e9al &#8211; Secteurs COVID-19<\/a> (15 mai 2020)<\/li>\n\n\n\n<li><a aria-label=\"Prise de rendez-vous t\u00e9l\u00e9phonique pour les avocats visitant l'\u00e9tablissement de d\u00e9tention de Montr\u00e9al (opens in a new tab)\" href=\"https:\/\/www.barreaudemontreal.qc.ca\/wp-content\/uploads\/20200508-prise_rendez-vous_tel_pour_avocats_visitant_edm.pdf\" target=\"_blank\" rel=\"noreferrer noopener\" class=\"ek-link\">Prise de rendez-vous t\u00e9l\u00e9phonique pour les avocats visitant l&#8217;\u00e9tablissement de d\u00e9tention de Montr\u00e9al<\/a> (8 mai 2020) <\/li>\n<\/ul>\n\n\n\n<p><strong><span style=\"color: #808080;\">ACC\u00c8S AU PROCUREUR DU DPCP<\/span><\/strong><\/p>\n\n\n\n<p><strong>Divulgation de la preuve <\/strong><\/p>\n\n\n\n<ul class=\"wp-block-list\">\n<li><a title=\"Divulgation de la preuve\" href=\"https:\/\/www.barreaudemontreal.qc.ca\/wp-content\/uploads\/Com-AccesDPCP_DivulgationPreuve.pdf\" target=\"_blank\" rel=\"noopener\" class=\"ek-link\">Avis aux membres du Barreau<\/a> (novembre 2012)<\/li>\n<\/ul>\n\n\n\n<hr class=\"wp-block-separator has-css-opacity\"\/>\n\n\n\n<h5 class=\"wp-block-heading\">DOCUMENTS D\u2019INT\u00c9R\u00caT<\/h5>\n\n\n\n<ul class=\"wp-block-list\">\n<li><a aria-label=\" (opens in a new tab)\" href=\"https:\/\/courdappelduquebec.ca\/informations-generales\/lexique\/\" target=\"_blank\" rel=\"noreferrer noopener\" class=\"ek-link\">Lexique bilingue en droit criminel<\/a><\/li>\n\n\n\n<li><a title=\"Allan R. Hilton, Language Rights of Criminal Accused in Canada \u2013 Droits linguistiques des accus\u00e9s au Canad\" href=\"https:\/\/www.barreaudemontreal.qc.ca\/wp-content\/uploads\/Hilton_2010-11-24_0.pdf\" target=\"_blank\" rel=\"noopener\" class=\"ek-link\">Allan R. Hilton, <em>Language Rights of Criminal Accused in Canada \u2013 Droits linguistiques des accus\u00e9s au Canada<\/em><\/a><br>Conf\u00e9rence donn\u00e9e pour le Barreau de Montr\u00e9al le 24 novembre 2010<\/li>\n<\/ul>\n","protected":false},"excerpt":{"rendered":"<p>&nbsp;<\/p>\n","protected":false},"author":30,"featured_media":0,"parent":144,"menu_order":13,"comment_status":"closed","ping_status":"closed","template":"","meta":{"_acf_changed":false,"_editorskit_title_hidden":false,"_editorskit_reading_time":1,"_editorskit_is_block_options_detached":false,"_editorskit_block_options_position":"{}","inline_featured_image":false,"ngg_post_thumbnail":0,"footnotes":""},"class_list":["post-982","page","type-page","status-publish","hentry"],"acf":[],"yoast_head":"<!-- This site is optimized with the Yoast SEO plugin v27.4 - https:\/\/yoast.com\/product\/yoast-seo-wordpress\/ -->\n<title>Cour sup\u00e9rieure - Chambre criminelle - Barreau de Montr&eacute;al<\/title>\n<meta name=\"robots\" content=\"index, follow, max-snippet:-1, max-image-preview:large, max-video-preview:-1\" \/>\n<link rel=\"canonical\" href=\"https:\/\/www.barreaudemontreal.qc.ca\/en\/avocats\/outils\/avocats-de-litige\/cs-crim\/\" \/>\n<meta property=\"og:locale\" content=\"en_US\" \/>\n<meta property=\"og:type\" content=\"article\" \/>\n<meta property=\"og:title\" content=\"Cour sup\u00e9rieure - Chambre criminelle - Barreau de Montr&eacute;al\" \/>\n<meta property=\"og:description\" content=\"&nbsp;\" \/>\n<meta property=\"og:url\" content=\"https:\/\/www.barreaudemontreal.qc.ca\/en\/avocats\/outils\/avocats-de-litige\/cs-crim\/\" \/>\n<meta property=\"og:site_name\" content=\"Barreau de Montr&eacute;al\" \/>\n<meta property=\"article:modified_time\" content=\"2023-02-10T16:13:59+00:00\" \/>\n<meta property=\"og:image\" content=\"https:\/\/www.barreaudemontreal.qc.ca\/wp-content\/uploads\/pdfdynamique_0.png\" \/>\n\t<meta property=\"og:image:width\" content=\"81\" \/>\n\t<meta property=\"og:image:height\" content=\"17\" \/>\n\t<meta property=\"og:image:type\" content=\"image\/png\" \/>\n<meta name=\"twitter:card\" content=\"summary_large_image\" \/>\n<meta name=\"twitter:label1\" content=\"Est. reading time\" \/>\n\t<meta name=\"twitter:data1\" content=\"2 minutes\" \/>\n<script type=\"application\/ld+json\" class=\"yoast-schema-graph\">{\"@context\":\"https:\\\/\\\/schema.org\",\"@graph\":[{\"@type\":\"WebPage\",\"@id\":\"https:\\\/\\\/www.barreaudemontreal.qc.ca\\\/en\\\/avocats\\\/outils\\\/avocats-de-litige\\\/cs-crim\\\/\",\"url\":\"https:\\\/\\\/www.barreaudemontreal.qc.ca\\\/en\\\/avocats\\\/outils\\\/avocats-de-litige\\\/cs-crim\\\/\",\"name\":\"Cour sup\u00e9rieure - Chambre criminelle - Barreau de Montr&eacute;al\",\"isPartOf\":{\"@id\":\"https:\\\/\\\/www.barreaudemontreal.qc.ca\\\/en\\\/#website\"},\"datePublished\":\"2013-04-24T17:46:13+00:00\",\"dateModified\":\"2023-02-10T16:13:59+00:00\",\"breadcrumb\":{\"@id\":\"https:\\\/\\\/www.barreaudemontreal.qc.ca\\\/en\\\/avocats\\\/outils\\\/avocats-de-litige\\\/cs-crim\\\/#breadcrumb\"},\"inLanguage\":\"en-US\",\"potentialAction\":[{\"@type\":\"ReadAction\",\"target\":[\"https:\\\/\\\/www.barreaudemontreal.qc.ca\\\/en\\\/avocats\\\/outils\\\/avocats-de-litige\\\/cs-crim\\\/\"]}]},{\"@type\":\"BreadcrumbList\",\"@id\":\"https:\\\/\\\/www.barreaudemontreal.qc.ca\\\/en\\\/avocats\\\/outils\\\/avocats-de-litige\\\/cs-crim\\\/#breadcrumb\",\"itemListElement\":[{\"@type\":\"ListItem\",\"position\":1,\"name\":\"Home\",\"item\":\"https:\\\/\\\/www.barreaudemontreal.qc.ca\\\/en\\\/\"},{\"@type\":\"ListItem\",\"position\":2,\"name\":\"Avocats\",\"item\":\"https:\\\/\\\/www.barreaudemontreal.qc.ca\\\/en\\\/avocats\\\/\"},{\"@type\":\"ListItem\",\"position\":3,\"name\":\"Outils\",\"item\":\"https:\\\/\\\/www.barreaudemontreal.qc.ca\\\/en\\\/avocats\\\/outils\\\/\"},{\"@type\":\"ListItem\",\"position\":4,\"name\":\"Avocats de litige\",\"item\":\"https:\\\/\\\/www.barreaudemontreal.qc.ca\\\/en\\\/avocats\\\/outils\\\/avocats-de-litige\\\/\"},{\"@type\":\"ListItem\",\"position\":5,\"name\":\"Cour sup\u00e9rieure &#8211; Chambre criminelle\"}]},{\"@type\":\"WebSite\",\"@id\":\"https:\\\/\\\/www.barreaudemontreal.qc.ca\\\/en\\\/#website\",\"url\":\"https:\\\/\\\/www.barreaudemontreal.qc.ca\\\/en\\\/\",\"name\":\"Barreau de Montr&eacute;al\",\"description\":\"La plus grande section du Barreau du Qu&eacute;bec\",\"potentialAction\":[{\"@type\":\"SearchAction\",\"target\":{\"@type\":\"EntryPoint\",\"urlTemplate\":\"https:\\\/\\\/www.barreaudemontreal.qc.ca\\\/en\\\/?s={search_term_string}\"},\"query-input\":{\"@type\":\"PropertyValueSpecification\",\"valueRequired\":true,\"valueName\":\"search_term_string\"}}],\"inLanguage\":\"en-US\"}]}<\/script>\n<!-- \/ Yoast SEO plugin. -->","yoast_head_json":{"title":"Cour sup\u00e9rieure - Chambre criminelle - Barreau de Montr&eacute;al","robots":{"index":"index","follow":"follow","max-snippet":"max-snippet:-1","max-image-preview":"max-image-preview:large","max-video-preview":"max-video-preview:-1"},"canonical":"https:\/\/www.barreaudemontreal.qc.ca\/en\/avocats\/outils\/avocats-de-litige\/cs-crim\/","og_locale":"en_US","og_type":"article","og_title":"Cour sup\u00e9rieure - Chambre criminelle - Barreau de Montr&eacute;al","og_description":"&nbsp;","og_url":"https:\/\/www.barreaudemontreal.qc.ca\/en\/avocats\/outils\/avocats-de-litige\/cs-crim\/","og_site_name":"Barreau de Montr&eacute;al","article_modified_time":"2023-02-10T16:13:59+00:00","og_image":[{"width":81,"height":17,"url":"https:\/\/www.barreaudemontreal.qc.ca\/wp-content\/uploads\/pdfdynamique_0.png","type":"image\/png"}],"twitter_card":"summary_large_image","twitter_misc":{"Est. reading time":"2 minutes"},"schema":{"@context":"https:\/\/schema.org","@graph":[{"@type":"WebPage","@id":"https:\/\/www.barreaudemontreal.qc.ca\/en\/avocats\/outils\/avocats-de-litige\/cs-crim\/","url":"https:\/\/www.barreaudemontreal.qc.ca\/en\/avocats\/outils\/avocats-de-litige\/cs-crim\/","name":"Cour sup\u00e9rieure - Chambre criminelle - Barreau de Montr&eacute;al","isPartOf":{"@id":"https:\/\/www.barreaudemontreal.qc.ca\/en\/#website"},"datePublished":"2013-04-24T17:46:13+00:00","dateModified":"2023-02-10T16:13:59+00:00","breadcrumb":{"@id":"https:\/\/www.barreaudemontreal.qc.ca\/en\/avocats\/outils\/avocats-de-litige\/cs-crim\/#breadcrumb"},"inLanguage":"en-US","potentialAction":[{"@type":"ReadAction","target":["https:\/\/www.barreaudemontreal.qc.ca\/en\/avocats\/outils\/avocats-de-litige\/cs-crim\/"]}]},{"@type":"BreadcrumbList","@id":"https:\/\/www.barreaudemontreal.qc.ca\/en\/avocats\/outils\/avocats-de-litige\/cs-crim\/#breadcrumb","itemListElement":[{"@type":"ListItem","position":1,"name":"Home","item":"https:\/\/www.barreaudemontreal.qc.ca\/en\/"},{"@type":"ListItem","position":2,"name":"Avocats","item":"https:\/\/www.barreaudemontreal.qc.ca\/en\/avocats\/"},{"@type":"ListItem","position":3,"name":"Outils","item":"https:\/\/www.barreaudemontreal.qc.ca\/en\/avocats\/outils\/"},{"@type":"ListItem","position":4,"name":"Avocats de litige","item":"https:\/\/www.barreaudemontreal.qc.ca\/en\/avocats\/outils\/avocats-de-litige\/"},{"@type":"ListItem","position":5,"name":"Cour sup\u00e9rieure &#8211; Chambre criminelle"}]},{"@type":"WebSite","@id":"https:\/\/www.barreaudemontreal.qc.ca\/en\/#website","url":"https:\/\/www.barreaudemontreal.qc.ca\/en\/","name":"Barreau de Montr&eacute;al","description":"La plus grande section du Barreau du Qu&eacute;bec","potentialAction":[{"@type":"SearchAction","target":{"@type":"EntryPoint","urlTemplate":"https:\/\/www.barreaudemontreal.qc.ca\/en\/?s={search_term_string}"},"query-input":{"@type":"PropertyValueSpecification","valueRequired":true,"valueName":"search_term_string"}}],"inLanguage":"en-US"}]}},"_links":{"self":[{"href":"https:\/\/www.barreaudemontreal.qc.ca\/en\/wp-json\/wp\/v2\/pages\/982","targetHints":{"allow":["GET"]}}],"collection":[{"href":"https:\/\/www.barreaudemontreal.qc.ca\/en\/wp-json\/wp\/v2\/pages"}],"about":[{"href":"https:\/\/www.barreaudemontreal.qc.ca\/en\/wp-json\/wp\/v2\/types\/page"}],"author":[{"embeddable":true,"href":"https:\/\/www.barreaudemontreal.qc.ca\/en\/wp-json\/wp\/v2\/users\/30"}],"replies":[{"embeddable":true,"href":"https:\/\/www.barreaudemontreal.qc.ca\/en\/wp-json\/wp\/v2\/comments?post=982"}],"version-history":[{"count":0,"href":"https:\/\/www.barreaudemontreal.qc.ca\/en\/wp-json\/wp\/v2\/pages\/982\/revisions"}],"up":[{"embeddable":true,"href":"https:\/\/www.barreaudemontreal.qc.ca\/en\/wp-json\/wp\/v2\/pages\/144"}],"wp:attachment":[{"href":"https:\/\/www.barreaudemontreal.qc.ca\/en\/wp-json\/wp\/v2\/media?parent=982"}],"curies":[{"name":"wp","href":"https:\/\/api.w.org\/{rel}","templated":true}]}}