{"id":955,"date":"2013-04-24T13:51:58","date_gmt":"2013-04-24T13:51:58","guid":{"rendered":"http:\/\/barreau.stagingminimalmtl.com\/cs-fam\/"},"modified":"2026-01-19T13:41:01","modified_gmt":"2026-01-19T18:41:01","slug":"cs-fam","status":"publish","type":"page","link":"https:\/\/www.barreaudemontreal.qc.ca\/en\/avocats\/outils\/avocats-de-litige\/cs-fam\/","title":{"rendered":"Cour sup\u00e9rieure &#8211; Chambre familiale"},"content":{"rendered":"\n<p class=\"has-text-align-left\"><span style=\"text-decoration: none;\"><span style=\"text-decoration: none;\"><strong><a class=\"ek-link\" href=\"https:\/\/www.barreaudemontreal.qc.ca\/wp-content\/uploads\/cs-fam_boiteoutils.pdf\" target=\"_blank\" rel=\"noopener\"><img decoding=\"async\" width=\"24\" height=\"24\" class=\"wp-image-23369\" style=\"width: 24px;\" src=\"https:\/\/www.barreaudemontreal.qc.ca\/wp-content\/uploads\/icones\/fe_download.svg\" alt=\"\"><\/a><\/strong>  <a class=\"ek-link\" href=\"https:\/\/www.barreaudemontreal.qc.ca\/wp-content\/uploads\/cs-fam_boiteoutils.pdf\" target=\"_blank\" rel=\"noopener\">Bo\u00eete \u00e0 outils pour l&#8217;avocat familialiste<\/a> (juin 2018; M\u00c0J <\/span><\/span>f\u00e9vrier 2023<span style=\"text-decoration: none;\"><span style=\"text-decoration: none;\">)<br>Inclus tous les documents d&#8217;int\u00e9r\u00eat pour l&#8217;avocat pratiquant \u00e0 Montr\u00e9al<\/span><\/span><\/p>\n\n\n\n<ul class=\"wp-block-list\">\n<li><span style=\"color: #6a1c34; text-decoration: none;\"><a aria-label=\" (opens in a new tab)\" href=\"http:\/\/roles.tribunaux.qc.ca\/\" target=\"_blank\" rel=\"noreferrer noopener\" class=\"ek-link\">R\u00f4les d\u2019audience<\/a><\/span><span style=\"text-decoration: none;\"> <span style=\"text-decoration: none;\">(Tribunaux judiciaires du Qu\u00e9bec)<\/span><\/span><\/li>\n\n\n\n<li><span class=\"txtnoir\"><a aria-label=\" (opens in a new tab)\" href=\"https:\/\/www.barreau.qc.ca\/fr\/membres-ordre\/ressources\/normes-outils-references-guides\/calculateurs-tableaux-taux-interet\/\" target=\"_blank\" rel=\"noreferrer noopener\" class=\"ek-link\">Calculateurs et tableaux de taux d\u2019int\u00e9r\u00eat<\/a><span style=\"text-decoration: none;\"><span style=\"text-decoration: none;\"> (Barreau du Qu\u00e9bec)<\/span><\/span><span class=\"txtnoir\"><span style=\"text-decoration: none;\"><span style=\"text-decoration: none;\"><span style=\"text-decoration: none;\"><\/span><\/span><\/span><\/span><\/span><\/li>\n<\/ul>\n\n\n\n<hr class=\"wp-block-separator has-css-opacity\"\/>\n\n\n\n<p><span style=\"color: #696969;\"><span style=\"font-size: small;\">FONCTIONNEMENT<\/span><\/span><\/p>\n\n\n\n<ul class=\"wp-block-list\">\n<li><a href=\"https:\/\/coursuperieureduquebec.ca\/fileadmin\/cour-superieure\/Districts_judiciaires\/Division_Montreal\/Directives_et_annexes_Division_de_Montreal\/Directives_de_la_division_de_Montreal.pdf\" target=\"_blank\" rel=\"noreferrer noopener\">Directives de la Cour sup\u00e9rieure pour la division de Montr\u00e9al<\/a> (1<sup>er<\/sup> janvier 2026)<\/li>\n\n\n\n<li><a href=\"https:\/\/coursuperieureduquebec.ca\/fileadmin\/cour-superieure\/Districts_judiciaires\/Montreal\/Directives_et_Annexes_Montreal\/Directives_du_district_de_Montreal.pdf\" target=\"_blank\" rel=\"noreferrer noopener\">Directives de la Cour sup\u00e9rieure pour le district de Montr\u00e9al<\/a> (14 avril 2025)<\/li>\n\n\n\n<li><a href=\"https:\/\/coursuperieureduquebec.ca\/division-de-montreal\/formulaires\" target=\"_blank\" rel=\"noreferrer noopener\">Formulaires applicables dans la division de Montr\u00e9al<\/a><\/li>\n\n\n\n<li><a href=\"https:\/\/coursuperieureduquebec.ca\/division-de-montreal\/districts-judiciaires\/montreal#accordion-256-1815\" target=\"_blank\" rel=\"noreferrer noopener\">Formulaires applicables dans le district de Montr\u00e9al (incluant les avis de pr\u00e9sentation)<\/a><\/li>\n<\/ul>\n\n\n\n<hr class=\"wp-block-separator has-alpha-channel-opacity\"\/>\n\n\n\n<p><span style=\"color: #696969;\"><span style=\"font-size: small;\">COORDINATION PARENTALE<\/span><\/span><\/p>\n\n\n\n<ul class=\"wp-block-list\">\n<li><a href=\"https:\/\/coursuperieureduquebec.ca\/fileadmin\/cour-superieure\/Districts_judiciaires\/Montreal\/Programme_Coordination_parentale.pdf\" target=\"_blank\" rel=\"noreferrer noopener\">Programme de coordination parentale de la Cour sup\u00e9rieure<\/a> (d\u00e9cembre 2024)<\/li>\n\n\n\n<li><a href=\"https:\/\/coursuperieureduquebec.ca\/fileadmin\/cour-superieure\/Districts_judiciaires\/Montreal\/Annexes_Programme_Coordination_parentale.pdf\" target=\"_blank\" rel=\"noreferrer noopener\">Annexes au Programme de coordination parentale<\/a> (d\u00e9cembre 2024)<\/li>\n\n\n\n<li><a href=\"https:\/\/www.quebec.ca\/nouvelles\/actualites\/details\/projet-de-coordination-parentale-a-la-cour-superieure-52726\" target=\"_blank\" rel=\"noreferrer noopener\">Communiqu\u00e9 sur le Projet de coordination parentale \u00e0 la Cour sup\u00e9rieure<\/a> (11 d\u00e9cembre 2023)<\/li>\n\n\n\n<li><a href=\"https:\/\/www.otstcfq.org\/wp-content\/uploads\/2019\/04\/lignes_directrices_quebec_cp_version_finale_revisee_janvier_2019_diffusion_0.pdf\" target=\"_blank\" rel=\"noreferrer noopener\" class=\"ek-link\">Lignes directrices pour la pratique de la coordination parentale au Qu\u00e9bec<\/a>&nbsp;(janvier 2019)<\/li>\n\n\n\n<li><a href=\"https:\/\/www.barreaudemontreal.qc.ca\/wp-content\/uploads\/cs-fam_listecoordinateursparentaux_dec2023.pdf\" target=\"_blank\" aria-label=\"Liste des professionnels (opens in a new tab)\" rel=\"noreferrer noopener\" class=\"ek-link\">Liste des professionnels<\/a>&nbsp;(d\u00e9cembre 2023)<\/li>\n\n\n\n<li><a href=\"https:\/\/www.barreaudemontreal.qc.ca\/wp-content\/uploads\/cs-fam_infocoordinationparentale.pdf\" target=\"_blank\" rel=\"noreferrer noopener\" class=\"ek-link\">Document d\u2019information<\/a>&nbsp;(2015)<\/li>\n\n\n\n<li><a href=\"https:\/\/www.barreaudemontreal.qc.ca\/wp-content\/uploads\/CP_Brochure.pdf\" target=\"_blank\" rel=\"noreferrer noopener\" class=\"ek-link\">Projet 2012-2014<\/a><\/li>\n<\/ul>\n\n\n\n<hr class=\"wp-block-separator has-css-opacity\"\/>\n\n\n\n<p class=\"has-text-align-left\"><span style=\"color: #696969;\"><span style=\"font-size: small;\">DOCUMENTS D&#8217;INT\u00c9R\u00caT<\/span><\/span><\/p>\n\n\n\n<p><em><strong>Note<\/strong> : Les documents ci-dessous n\u2019ont pas \u00e9t\u00e9 mis \u00e0 jour depuis l\u2019entr\u00e9e en vigueur de la nouvelle Loi sur le divorce. Le Barreau de Montr\u00e9al y travaille actuellement.<\/em><\/p>\n\n\n\n<p><strong>R\u00e9daction de proc\u00e9dures &#8211; suggestions de libell\u00e9<\/strong><\/p>\n\n\n\n<ul class=\"wp-block-list\">\n<li><a href=\"https:\/\/www.barreaudemontreal.qc.ca\/wp-content\/uploads\/cs-fam_libelleaidedernierrecours_2017.pdf\" target=\"_blank\" rel=\"noopener\">Client b\u00e9n\u00e9ficiaire de l\u2019aide de dernier recours<\/a>&nbsp;(mars 2013; mise \u00e0 jour d\u2019avril 2017)<\/li>\n\n\n\n<li><a href=\"https:\/\/www.barreaudemontreal.qc.ca\/wp-content\/uploads\/cs-fam_listeavispresentation_2017.pdf\" target=\"_blank\" rel=\"noopener\">Liste des documents requis \u00e0 int\u00e9grer \u00e0 l\u2019avis de pr\u00e9sentation<\/a>&nbsp;(mars 2012; mise \u00e0 jour d\u2019avril 2017)<\/li>\n<\/ul>\n\n\n\n<p><strong>Service d\u2019aide \u00e0 l\u2019homologation<\/strong><\/p>\n\n\n\n<ul class=\"wp-block-list\">\n<li><a href=\"https:\/\/www.barreaudemontreal.qc.ca\/wp-content\/uploads\/cs-fam_sah-sarpa_servicesprocessus_2017.pdf\" target=\"_blank\" rel=\"noopener\" class=\"ek-link\">SAH et SARPA : Services et processus (Barreau du Qu\u00e9bec)<\/a> (23 octobre 2013; mise \u00e0 jour de janvier 2017)<\/li>\n\n\n\n<li><a aria-label=\" (opens in a new tab)\" href=\"https:\/\/www.csj.qc.ca\/IntranetUploads\/CSJ\/Francais\/Fichiers\/ModelRequeteFr.doc\" target=\"_blank\" rel=\"noreferrer noopener\" class=\"ek-link\">Mod\u00e8le de demande conjointe en homologation d\u2019une entente<\/a> (2017)\n<ul class=\"wp-block-list\">\n<li><a aria-label=\"Version anglaise (opens in a new tab)\" href=\"https:\/\/www.csj.qc.ca\/IntranetUploads\/CSJ\/Francais\/Fichiers\/ModelRequeteAn.doc\" target=\"_blank\" rel=\"noreferrer noopener\" class=\"ek-link\">Version anglaise<\/a><\/li>\n<\/ul>\n<\/li>\n<\/ul>\n\n\n\n<p><strong>Service d\u2019expertise psychosociale et de m\u00e9diation \u00e0 la famille du CIUSSS Centre-Sud-de-l\u2019\u00eele-de-Montr\u00e9al<a id=\"psychosociale-fam\" name=\"psychosociale-fam\"><\/a><\/strong><\/p>\n\n\n\n<ul class=\"wp-block-list\">\n<li><a href=\"https:\/\/www.barreaudemontreal.qc.ca\/wp-content\/uploads\/cs-fam_vademecum_serviceexpertiseetmediation_20170120.pdf\" target=\"_blank\" rel=\"noopener\">Vade mecum&nbsp;: Le Service d\u2019expertise psychosociale et de m\u00e9diation \u00e0 la famille<\/a> (20 janvier 2017)<\/li>\n\n\n\n<li><a href=\"https:\/\/www.barreaudemontreal.qc.ca\/wp-content\/uploads\/cs-fam_vademecum_expertisepsychosociale_20170120.pdf\" target=\"_blank\" rel=\"noopener\" class=\"ek-link\">Vade mecum&nbsp;: L\u2019expertise psychosociale&nbsp;(20 janvier 2017)<\/a><\/li>\n<\/ul>\n\n\n\n<p class=\"has-text-align-left\"><strong>Droits d&#8217;acc\u00e8s supervis\u00e9s<\/strong><\/p>\n\n\n\n<p>Depuis le 17 janvier 2011, le minist\u00e8re de la Sant\u00e9 et des Services sociaux offre gratuitement des services de supervision de droits d\u2019acc\u00e8s pour le district de Montr\u00e9al. Les parents devront \u00eatre r\u00e9f\u00e9r\u00e9s \u00e0 ces services suite \u00e0 une ordonnance de la Cour sup\u00e9rieure ou suite \u00e0 la signature d\u2019une entente \u00e9crite intervenue en m\u00e9diation ou de l\u2019entente sign\u00e9e entre les parents (et le tiers le cas \u00e9ch\u00e9ant), en pr\u00e9sence d\u2019un avocat. Il pourra s\u2019agir de supervision d\u2019\u00e9changes de garde ou de visites. Pour b\u00e9n\u00e9ficier de ce service, la demande doit \u00eatre faite directement aupr\u00e8s de l\u2019organisme par un parent, le tiers ou l\u2019avocat d\u2019une de ces parties.<\/p>\n\n\n\n<ul class=\"wp-block-list\">\n<li><a href=\"https:\/\/www.barreaudemontreal.qc.ca\/wp-content\/uploads\/cs-fam-informations_services_sda_mai2021-fr.pdf\" target=\"_blank\" rel=\"noopener\">Avis relatif aux membres<\/a> (mai 2021) <\/li>\n\n\n\n<li><a href=\"https:\/\/www.barreaudemontreal.qc.ca\/wp-content\/uploads\/cs-fam_modele-ordonnanceaccessupervises_fr.pdf\" target=\"_blank\" rel=\"noopener\">Mod\u00e8le d\u2019ordonnance : acc\u00e8s supervis\u00e9s<\/a> (M\u00c0J d\u00e9cembre 2018) <\/li>\n\n\n\n<li><a href=\"https:\/\/www.barreaudemontreal.qc.ca\/wp-content\/uploads\/cs-fam_formulairesupervisiondroitsacces_2021.doc\" target=\"_blank\" rel=\"noopener\">Formulaire de transmission des coordonn\u00e9es<\/a> (mai 2021) <\/li>\n\n\n\n<li><a href=\"https:\/\/www.barreaudemontreal.qc.ca\/wp-content\/uploads\/cs-fam_listeressourcesqc.pdf\" target=\"_blank\" rel=\"noopener\">Liste des ressources au Qu\u00e9bec<\/a> (M\u00c0J octobre 2020)<\/li>\n\n\n\n<li><a href=\"https:\/\/www.barreaudemontreal.qc.ca\/wp-content\/uploads\/centredesjardins-supervisiondroitsdacces.pdf\" target=\"_blank\" rel=\"noopener\">Centre Desjardins \u2013 Service de supervision des droits d\u2019acc\u00e8s<\/a>&nbsp;(septembre 2018)<\/li>\n\n\n\n<li><a href=\"https:\/\/www.barreaudemontreal.qc.ca\/wp-content\/uploads\/documents-cours\/cs-fam_brochureamcal.pdf\" target=\"_blank\" aria-label=\" (opens in a new tab)\" rel=\"noreferrer noopener\" class=\"ek-link\">AMCAL \u2013 Service de supervision des droits d\u2019acc\u00e8s<\/a> (M\u00c0J f\u00e9vrier 2023)<\/li>\n<\/ul>\n","protected":false},"excerpt":{"rendered":"<p>&nbsp;<\/p>\n","protected":false},"author":30,"featured_media":872,"parent":144,"menu_order":4,"comment_status":"closed","ping_status":"closed","template":"","meta":{"_acf_changed":false,"_editorskit_title_hidden":false,"_editorskit_reading_time":2,"_editorskit_is_block_options_detached":false,"_editorskit_block_options_position":"{}","inline_featured_image":false,"ngg_post_thumbnail":0,"footnotes":""},"class_list":["post-955","page","type-page","status-publish","has-post-thumbnail","hentry"],"acf":[],"yoast_head":"<!-- This site is optimized with the Yoast SEO plugin v27.4 - https:\/\/yoast.com\/product\/yoast-seo-wordpress\/ -->\n<title>Cour sup\u00e9rieure - Chambre familiale - Barreau de Montr&eacute;al<\/title>\n<meta name=\"robots\" content=\"index, follow, max-snippet:-1, max-image-preview:large, max-video-preview:-1\" \/>\n<link rel=\"canonical\" href=\"https:\/\/www.barreaudemontreal.qc.ca\/en\/avocats\/outils\/avocats-de-litige\/cs-fam\/\" \/>\n<meta property=\"og:locale\" content=\"en_US\" \/>\n<meta property=\"og:type\" content=\"article\" \/>\n<meta property=\"og:title\" content=\"Cour sup\u00e9rieure - Chambre familiale - Barreau de Montr&eacute;al\" \/>\n<meta property=\"og:description\" content=\"&nbsp;\" \/>\n<meta property=\"og:url\" content=\"https:\/\/www.barreaudemontreal.qc.ca\/en\/avocats\/outils\/avocats-de-litige\/cs-fam\/\" \/>\n<meta property=\"og:site_name\" content=\"Barreau de Montr&eacute;al\" \/>\n<meta property=\"article:modified_time\" content=\"2026-01-19T18:41:01+00:00\" \/>\n<meta property=\"og:image\" content=\"https:\/\/www.barreaudemontreal.qc.ca\/wp-content\/uploads\/pdf_0.gif\" \/>\n\t<meta property=\"og:image:width\" content=\"16\" \/>\n\t<meta property=\"og:image:height\" content=\"16\" \/>\n\t<meta property=\"og:image:type\" content=\"image\/gif\" \/>\n<meta name=\"twitter:card\" content=\"summary_large_image\" \/>\n<meta name=\"twitter:label1\" content=\"Est. reading time\" \/>\n\t<meta name=\"twitter:data1\" content=\"3 minutes\" \/>\n<script type=\"application\/ld+json\" class=\"yoast-schema-graph\">{\"@context\":\"https:\\\/\\\/schema.org\",\"@graph\":[{\"@type\":\"WebPage\",\"@id\":\"https:\\\/\\\/www.barreaudemontreal.qc.ca\\\/en\\\/avocats\\\/outils\\\/avocats-de-litige\\\/cs-fam\\\/\",\"url\":\"https:\\\/\\\/www.barreaudemontreal.qc.ca\\\/en\\\/avocats\\\/outils\\\/avocats-de-litige\\\/cs-fam\\\/\",\"name\":\"Cour sup\u00e9rieure - Chambre familiale - Barreau de Montr&eacute;al\",\"isPartOf\":{\"@id\":\"https:\\\/\\\/www.barreaudemontreal.qc.ca\\\/en\\\/#website\"},\"primaryImageOfPage\":{\"@id\":\"https:\\\/\\\/www.barreaudemontreal.qc.ca\\\/en\\\/avocats\\\/outils\\\/avocats-de-litige\\\/cs-fam\\\/#primaryimage\"},\"image\":{\"@id\":\"https:\\\/\\\/www.barreaudemontreal.qc.ca\\\/en\\\/avocats\\\/outils\\\/avocats-de-litige\\\/cs-fam\\\/#primaryimage\"},\"thumbnailUrl\":\"https:\\\/\\\/www.barreaudemontreal.qc.ca\\\/wp-content\\\/uploads\\\/pdf_0.gif\",\"datePublished\":\"2013-04-24T13:51:58+00:00\",\"dateModified\":\"2026-01-19T18:41:01+00:00\",\"breadcrumb\":{\"@id\":\"https:\\\/\\\/www.barreaudemontreal.qc.ca\\\/en\\\/avocats\\\/outils\\\/avocats-de-litige\\\/cs-fam\\\/#breadcrumb\"},\"inLanguage\":\"en-US\",\"potentialAction\":[{\"@type\":\"ReadAction\",\"target\":[\"https:\\\/\\\/www.barreaudemontreal.qc.ca\\\/en\\\/avocats\\\/outils\\\/avocats-de-litige\\\/cs-fam\\\/\"]}]},{\"@type\":\"ImageObject\",\"inLanguage\":\"en-US\",\"@id\":\"https:\\\/\\\/www.barreaudemontreal.qc.ca\\\/en\\\/avocats\\\/outils\\\/avocats-de-litige\\\/cs-fam\\\/#primaryimage\",\"url\":\"https:\\\/\\\/www.barreaudemontreal.qc.ca\\\/wp-content\\\/uploads\\\/pdf_0.gif\",\"contentUrl\":\"https:\\\/\\\/www.barreaudemontreal.qc.ca\\\/wp-content\\\/uploads\\\/pdf_0.gif\",\"width\":16,\"height\":16},{\"@type\":\"BreadcrumbList\",\"@id\":\"https:\\\/\\\/www.barreaudemontreal.qc.ca\\\/en\\\/avocats\\\/outils\\\/avocats-de-litige\\\/cs-fam\\\/#breadcrumb\",\"itemListElement\":[{\"@type\":\"ListItem\",\"position\":1,\"name\":\"Home\",\"item\":\"https:\\\/\\\/www.barreaudemontreal.qc.ca\\\/en\\\/\"},{\"@type\":\"ListItem\",\"position\":2,\"name\":\"Avocats\",\"item\":\"https:\\\/\\\/www.barreaudemontreal.qc.ca\\\/en\\\/avocats\\\/\"},{\"@type\":\"ListItem\",\"position\":3,\"name\":\"Outils\",\"item\":\"https:\\\/\\\/www.barreaudemontreal.qc.ca\\\/en\\\/avocats\\\/outils\\\/\"},{\"@type\":\"ListItem\",\"position\":4,\"name\":\"Avocats de litige\",\"item\":\"https:\\\/\\\/www.barreaudemontreal.qc.ca\\\/en\\\/avocats\\\/outils\\\/avocats-de-litige\\\/\"},{\"@type\":\"ListItem\",\"position\":5,\"name\":\"Cour sup\u00e9rieure &#8211; Chambre familiale\"}]},{\"@type\":\"WebSite\",\"@id\":\"https:\\\/\\\/www.barreaudemontreal.qc.ca\\\/en\\\/#website\",\"url\":\"https:\\\/\\\/www.barreaudemontreal.qc.ca\\\/en\\\/\",\"name\":\"Barreau de Montr&eacute;al\",\"description\":\"La plus grande section du Barreau du Qu&eacute;bec\",\"potentialAction\":[{\"@type\":\"SearchAction\",\"target\":{\"@type\":\"EntryPoint\",\"urlTemplate\":\"https:\\\/\\\/www.barreaudemontreal.qc.ca\\\/en\\\/?s={search_term_string}\"},\"query-input\":{\"@type\":\"PropertyValueSpecification\",\"valueRequired\":true,\"valueName\":\"search_term_string\"}}],\"inLanguage\":\"en-US\"}]}<\/script>\n<!-- \/ Yoast SEO plugin. -->","yoast_head_json":{"title":"Cour sup\u00e9rieure - Chambre familiale - Barreau de Montr&eacute;al","robots":{"index":"index","follow":"follow","max-snippet":"max-snippet:-1","max-image-preview":"max-image-preview:large","max-video-preview":"max-video-preview:-1"},"canonical":"https:\/\/www.barreaudemontreal.qc.ca\/en\/avocats\/outils\/avocats-de-litige\/cs-fam\/","og_locale":"en_US","og_type":"article","og_title":"Cour sup\u00e9rieure - Chambre familiale - Barreau de Montr&eacute;al","og_description":"&nbsp;","og_url":"https:\/\/www.barreaudemontreal.qc.ca\/en\/avocats\/outils\/avocats-de-litige\/cs-fam\/","og_site_name":"Barreau de Montr&eacute;al","article_modified_time":"2026-01-19T18:41:01+00:00","og_image":[{"width":16,"height":16,"url":"https:\/\/www.barreaudemontreal.qc.ca\/wp-content\/uploads\/pdf_0.gif","type":"image\/gif"}],"twitter_card":"summary_large_image","twitter_misc":{"Est. reading time":"3 minutes"},"schema":{"@context":"https:\/\/schema.org","@graph":[{"@type":"WebPage","@id":"https:\/\/www.barreaudemontreal.qc.ca\/en\/avocats\/outils\/avocats-de-litige\/cs-fam\/","url":"https:\/\/www.barreaudemontreal.qc.ca\/en\/avocats\/outils\/avocats-de-litige\/cs-fam\/","name":"Cour sup\u00e9rieure - Chambre familiale - Barreau de Montr&eacute;al","isPartOf":{"@id":"https:\/\/www.barreaudemontreal.qc.ca\/en\/#website"},"primaryImageOfPage":{"@id":"https:\/\/www.barreaudemontreal.qc.ca\/en\/avocats\/outils\/avocats-de-litige\/cs-fam\/#primaryimage"},"image":{"@id":"https:\/\/www.barreaudemontreal.qc.ca\/en\/avocats\/outils\/avocats-de-litige\/cs-fam\/#primaryimage"},"thumbnailUrl":"https:\/\/www.barreaudemontreal.qc.ca\/wp-content\/uploads\/pdf_0.gif","datePublished":"2013-04-24T13:51:58+00:00","dateModified":"2026-01-19T18:41:01+00:00","breadcrumb":{"@id":"https:\/\/www.barreaudemontreal.qc.ca\/en\/avocats\/outils\/avocats-de-litige\/cs-fam\/#breadcrumb"},"inLanguage":"en-US","potentialAction":[{"@type":"ReadAction","target":["https:\/\/www.barreaudemontreal.qc.ca\/en\/avocats\/outils\/avocats-de-litige\/cs-fam\/"]}]},{"@type":"ImageObject","inLanguage":"en-US","@id":"https:\/\/www.barreaudemontreal.qc.ca\/en\/avocats\/outils\/avocats-de-litige\/cs-fam\/#primaryimage","url":"https:\/\/www.barreaudemontreal.qc.ca\/wp-content\/uploads\/pdf_0.gif","contentUrl":"https:\/\/www.barreaudemontreal.qc.ca\/wp-content\/uploads\/pdf_0.gif","width":16,"height":16},{"@type":"BreadcrumbList","@id":"https:\/\/www.barreaudemontreal.qc.ca\/en\/avocats\/outils\/avocats-de-litige\/cs-fam\/#breadcrumb","itemListElement":[{"@type":"ListItem","position":1,"name":"Home","item":"https:\/\/www.barreaudemontreal.qc.ca\/en\/"},{"@type":"ListItem","position":2,"name":"Avocats","item":"https:\/\/www.barreaudemontreal.qc.ca\/en\/avocats\/"},{"@type":"ListItem","position":3,"name":"Outils","item":"https:\/\/www.barreaudemontreal.qc.ca\/en\/avocats\/outils\/"},{"@type":"ListItem","position":4,"name":"Avocats de litige","item":"https:\/\/www.barreaudemontreal.qc.ca\/en\/avocats\/outils\/avocats-de-litige\/"},{"@type":"ListItem","position":5,"name":"Cour sup\u00e9rieure &#8211; Chambre familiale"}]},{"@type":"WebSite","@id":"https:\/\/www.barreaudemontreal.qc.ca\/en\/#website","url":"https:\/\/www.barreaudemontreal.qc.ca\/en\/","name":"Barreau de Montr&eacute;al","description":"La plus grande section du Barreau du Qu&eacute;bec","potentialAction":[{"@type":"SearchAction","target":{"@type":"EntryPoint","urlTemplate":"https:\/\/www.barreaudemontreal.qc.ca\/en\/?s={search_term_string}"},"query-input":{"@type":"PropertyValueSpecification","valueRequired":true,"valueName":"search_term_string"}}],"inLanguage":"en-US"}]}},"_links":{"self":[{"href":"https:\/\/www.barreaudemontreal.qc.ca\/en\/wp-json\/wp\/v2\/pages\/955","targetHints":{"allow":["GET"]}}],"collection":[{"href":"https:\/\/www.barreaudemontreal.qc.ca\/en\/wp-json\/wp\/v2\/pages"}],"about":[{"href":"https:\/\/www.barreaudemontreal.qc.ca\/en\/wp-json\/wp\/v2\/types\/page"}],"author":[{"embeddable":true,"href":"https:\/\/www.barreaudemontreal.qc.ca\/en\/wp-json\/wp\/v2\/users\/30"}],"replies":[{"embeddable":true,"href":"https:\/\/www.barreaudemontreal.qc.ca\/en\/wp-json\/wp\/v2\/comments?post=955"}],"version-history":[{"count":0,"href":"https:\/\/www.barreaudemontreal.qc.ca\/en\/wp-json\/wp\/v2\/pages\/955\/revisions"}],"up":[{"embeddable":true,"href":"https:\/\/www.barreaudemontreal.qc.ca\/en\/wp-json\/wp\/v2\/pages\/144"}],"wp:featuredmedia":[{"embeddable":true,"href":"https:\/\/www.barreaudemontreal.qc.ca\/en\/wp-json\/wp\/v2\/media\/872"}],"wp:attachment":[{"href":"https:\/\/www.barreaudemontreal.qc.ca\/en\/wp-json\/wp\/v2\/media?parent=955"}],"curies":[{"name":"wp","href":"https:\/\/api.w.org\/{rel}","templated":true}]}}