{"id":902,"date":"2013-04-24T14:28:42","date_gmt":"2013-04-24T14:28:42","guid":{"rendered":"http:\/\/barreau.stagingminimalmtl.com\/cs-comm\/"},"modified":"2023-02-10T11:09:24","modified_gmt":"2023-02-10T16:09:24","slug":"cs-comm","status":"publish","type":"page","link":"https:\/\/www.barreaudemontreal.qc.ca\/en\/avocats\/outils\/avocats-de-litige\/cs-comm\/","title":{"rendered":"Cour sup\u00e9rieure &#8211; Chambre commerciale"},"content":{"rendered":"\n<div class=\"wp-block-columns is-layout-flex wp-container-core-columns-is-layout-9d6595d7 wp-block-columns-is-layout-flex\">\n<div class=\"wp-block-column is-layout-flow wp-block-column-is-layout-flow\" style=\"flex-basis:66.66%\">\n<ul class=\"wp-block-list\">\n<li><a href=\"http:\/\/roles.tribunaux.qc.ca\/\" target=\"_blank\" rel=\"noopener\" class=\"ek-link\">R\u00f4les d\u2019audience<\/a><br>&nbsp;<\/li>\n<\/ul>\n\n\n\n<hr class=\"wp-block-separator has-css-opacity\"\/>\n\n\n\n<h5 class=\"wp-block-heading\">FONCTIONNEMENT<\/h5>\n\n\n\n<ul class=\"wp-block-list\">\n<li><a href=\"https:\/\/coursuperieureduquebec.ca\/division-de-montreal\/directives-et-annexes-en-vigueur-le-1er-janvier-2023\" target=\"_blank\" rel=\"noreferrer noopener\" class=\"ek-link\">Directives de la Cour sup\u00e9rieure pour la division de Montr\u00e9al<\/a> (1<sup>er<\/sup> janvier 2023)<\/li>\n\n\n\n<li><a href=\"https:\/\/coursuperieureduquebec.ca\/fileadmin\/cour-superieure\/Districts_judiciaires\/Montreal\/Directives_et_Annexes_Montreal_1er_janvier_2023\/Directives_du_district_de_Montreal_1er_janvier_2023.pdf\" target=\"_blank\" rel=\"noreferrer noopener\" class=\"ek-link\">Directives de la Cour sup\u00e9rieure pour le district de Montr\u00e9al<\/a> (1<sup>er<\/sup> janvier 2023)<\/li>\n\n\n\n<li><a href=\"https:\/\/coursuperieureduquebec.ca\/division-de-montreal\/districts-judiciaires\/montreal\" class=\"ek-link\">Page incluant tous les renseignements concernant les modalit\u00e9s de fonctionnement dans le District de Montr\u00e9al (incluant les avis, communiqu\u00e9s et formulaires)<\/a><\/li>\n\n\n\n<li><a aria-label=\"Formulaires (incluant les protocoles d\u2019instance et les demandes d\u2019inscription pour instruction et jugement) (opens in a new tab)\" href=\"https:\/\/coursuperieureduquebec.ca\/division-de-montreal\/formulaires\" target=\"_blank\" rel=\"noreferrer noopener\" class=\"ek-link\">Formulaires (incluant les protocoles d\u2019instance et les demandes d\u2019inscription pour instruction et jugement)<\/a><\/li>\n\n\n\n<li><a href=\"https:\/\/www.barreaudemontreal.qc.ca\/wp-content\/uploads\/avis-cs-comm_remisetelecopieur_20180914.pdf\" target=\"_blank\" aria-label=\" (opens in a new tab)\" rel=\"noreferrer noopener\" class=\"ek-link\">Demande de remise de consentement par t\u00e9l\u00e9copieur en salle 16.10 devant le registraire<\/a>&nbsp;(MAJ : septembre 2018)&nbsp;<img decoding=\"async\" width=\"16\" height=\"16\" src=\"\">\n<ul class=\"wp-block-list\">\n<li>Version anglaise (<a href=\"https:\/\/www.barreaudemontreal.qc.ca\/wp-content\/uploads\/notice-cs-comm_requestbyfax_20180914.pdf\" class=\"ek-link\">Requests by fax for postponements by consent (Proceedings before the Registrar in Room 16.10<\/a>)<\/li>\n<\/ul>\n<\/li>\n\n\n\n<li><a href=\"https:\/\/www.barreaudemontreal.qc.ca\/wp-content\/uploads\/com-cs-comm_certificats_non_appel_fev2020.pdf\" target=\"_blank\" aria-label=\" (opens in a new tab)\" rel=\"noreferrer noopener\" class=\"ek-link\">Modalit\u00e9s d\u2019obtention des certificats de non-appel \u2013 LFI et LACC<\/a>&nbsp;(f\u00e9vrier 2020)&nbsp;<img decoding=\"async\" width=\"16\" height=\"16\" src=\"\"><\/li>\n<\/ul>\n\n\n\n<p><strong>Assembl\u00e9e g\u00e9n\u00e9rale et assembl\u00e9e des juges de Montr\u00e9al et de sa r\u00e9gion<\/strong><br>Les juges de la Cour sup\u00e9rieure de Montr\u00e9al et de sa r\u00e9gion se r\u00e9unissent deux fois par ann\u00e9e, soit dans le cadre de l&#8217;assembl\u00e9e g\u00e9n\u00e9rale de tous les juges de la Cour et dans celui pr\u00e9vu plus sp\u00e9cifiquement pour l&#8217;assembl\u00e9e des juges de Montr\u00e9al et de sa r\u00e9gion. \u00c0 ces occasions, dans tous les districts vis\u00e9s, il n&#8217;y a pas de r\u00f4le au fond et en pratique. Seul un juge de garde est disponible pour les cas urgents. Un greffier sp\u00e9cial si\u00e9gera cependant en salle 2.16&nbsp;et en salle 2.17.<\/p>\n\n\n\n<ul class=\"wp-block-list\">\n<li><em>Dates des prochaines assembl\u00e9es \u00e0 venir.<\/em><\/li>\n<\/ul>\n\n\n\n<p><strong>ORDONNANCES TYPES<\/strong><\/p>\n\n\n\n<p><strong>Toute demande recherchant une ordonnance faisant l&#8217;objet de l&#8217;une ou l&#8217;autre des ordonnances types ci-dessous doit \u00eatre accompagn\u00e9e d\u2019une version de l\u2019ordonnance type publi\u00e9e, avec indication de toute distinction ou suppression, ou de tout ajout recherch\u00e9.<\/strong><strong> <\/strong>Les dispositions de ces ordonnances auront peut-\u00eatre \u00e0 \u00eatre d\u00e9battues devant le tribunal, aucune assurance n\u2019\u00e9tant donn\u00e9e, ni opinion n\u2019\u00e9tant \u00e9mise relativement au dispositif de celles-ci.<strong><\/strong><\/p>\n\n\n\n<p><em><strong>Loi sur la faillite et l&#8217;insolvabilit\u00e9<\/strong><\/em><em><strong><\/strong><\/em><\/p>\n\n\n\n<p>Version fran\u00e7aise :<\/p>\n\n\n\n<ul class=\"wp-block-list\">\n<li><a href=\"https:\/\/www.barreaudemontreal.qc.ca\/wp-content\/uploads\/Ordonnance_Nomination_Sequestre.DOC\" target=\"_blank\" aria-label=\" (opens in a new tab)\" rel=\"noreferrer noopener\" class=\"ek-link\">Ordonnance nommant un s\u00e9questre (243 Lfi)<\/a>&nbsp;(mai 2012)&nbsp;<img decoding=\"async\" width=\"16\" height=\"16\" src=\"\"><\/li>\n\n\n\n<li><a href=\"https:\/\/www.barreaudemontreal.qc.ca\/wp-content\/uploads\/devolution_mai_2014.doc\" target=\"_blank\" aria-label=\" (opens in a new tab)\" rel=\"noreferrer noopener\" class=\"ek-link\">Projet d\u2019ordonnance d\u2019approbation et de d\u00e9volution &#8220;Vesting order&#8221;<\/a> (mai 2014)<\/li>\n<\/ul>\n\n\n\n<p>Version anglaise :<\/p>\n\n\n\n<ul class=\"wp-block-list\">\n<li><a href=\"https:\/\/www.barreaudemontreal.qc.ca\/wp-content\/uploads\/documents-cours\/Order_Appointing_Receiver.doc\" target=\"_blank\" aria-label=\" (opens in a new tab)\" rel=\"noreferrer noopener\" class=\"ek-link\">Order appointing a Receiver (243 BIA)<\/a>&nbsp;(May 2012)<\/li>\n\n\n\n<li><a href=\"https:\/\/www.barreaudemontreal.qc.ca\/wp-content\/uploads\/vestingorder_may2014.doc\" target=\"_blank\" aria-label=\" (opens in a new tab)\" rel=\"noreferrer noopener\" class=\"ek-link\">Template Approval Vesting Order<\/a> (May 2014)<\/li>\n<\/ul>\n\n\n\n<p><em><strong>Loi sur les arrangements avec les cr\u00e9anciers des compagnies<\/strong><\/em><a><\/a><em><strong><\/strong><\/em><\/p>\n\n\n\n<p>Version fran\u00e7aise :<\/p>\n\n\n\n<ul class=\"wp-block-list\">\n<li><a href=\"https:\/\/www.barreaudemontreal.qc.ca\/wp-content\/uploads\/frm-ordonnanceinitiale_mai2014.doc\" target=\"_blank\" aria-label=\" (opens in a new tab)\" rel=\"noreferrer noopener\" class=\"ek-link\">Formule d\u2019ordonnance initiale pouvant \u00eatre rendue aux termes de la<em>&nbsp;Loi sur les arrangements avec les cr\u00e9anciers des compagnies<\/em>&nbsp;(chap. C-36)<\/a><strong>&nbsp;<\/strong>(mai 2014)&nbsp;<img decoding=\"async\" width=\"16\" height=\"16\" src=\"\"><\/li>\n\n\n\n<li><a href=\"https:\/\/www.barreaudemontreal.qc.ca\/wp-content\/uploads\/frm-procedurereclamationsassemblees_mai2014.doc\" target=\"_blank\" aria-label=\" (opens in a new tab)\" rel=\"noreferrer noopener\" class=\"ek-link\">Formule d\u2019ordonnance relative \u00e0 la Proc\u00e9dure des r\u00e9clamations et des&nbsp;assembl\u00e9es<\/a>&nbsp;(mai 2014)<\/li>\n\n\n\n<li><a href=\"https:\/\/www.barreaudemontreal.qc.ca\/wp-content\/uploads\/devolution_mai_2014.doc\" target=\"_blank\" aria-label=\" (opens in a new tab)\" rel=\"noreferrer noopener\" class=\"ek-link\">Projet d\u2019ordonnance d\u2019approbation et de d\u00e9volution &#8220;Vesting order&#8221;<\/a>&nbsp;(mai 2014)&nbsp;<img decoding=\"async\" width=\"16\" height=\"16\" src=\"\"><\/li>\n<\/ul>\n\n\n\n<p>Version anglaise :<\/p>\n\n\n\n<ul class=\"wp-block-list\">\n<li><a href=\"https:\/\/www.barreaudemontreal.qc.ca\/wp-content\/uploads\/frm-initialorder_may2014.doc\" target=\"_blank\" aria-label=\" (opens in a new tab)\" rel=\"noreferrer noopener\" class=\"ek-link\">Standard Initial Order Form related to the CCAA (chap. C-36)<\/a>&nbsp;(May 2014)&nbsp;<img decoding=\"async\" width=\"16\" height=\"16\" src=\"\"><\/li>\n\n\n\n<li><a href=\"https:\/\/www.barreaudemontreal.qc.ca\/wp-content\/uploads\/frm-claimsmeetingsprocedure_may2014.doc\" target=\"_blank\" aria-label=\" (opens in a new tab)\" rel=\"noreferrer noopener\" class=\"ek-link\">Standard Form relating to Claims and Meetings Procedure Order<\/a>&nbsp;(May 2014)&nbsp;<img decoding=\"async\" width=\"16\" height=\"16\" src=\"\"><\/li>\n\n\n\n<li><a href=\"https:\/\/www.barreaudemontreal.qc.ca\/wp-content\/uploads\/vestingorder_may2014.doc\" target=\"_blank\" aria-label=\" (opens in a new tab)\" rel=\"noreferrer noopener\" class=\"ek-link\">Template Approval Vesting Order<\/a> (May 2014)&nbsp;<img decoding=\"async\" width=\"16\" height=\"16\" src=\"\"><\/li>\n<\/ul>\n\n\n\n<p><em><strong>Loi canadienne sur les soci\u00e9t\u00e9s par actions<\/strong><\/em><em><strong><\/strong><\/em><\/p>\n\n\n\n<p>V<em>e<\/em>rsion fran\u00e7aise :<\/p>\n\n\n\n<ul class=\"wp-block-list\">\n<li><a href=\"https:\/\/www.barreaudemontreal.qc.ca\/wp-content\/uploads\/LCSA_Projet_Ordonnance_interimaire.DOC\" target=\"_blank\" aria-label=\" (opens in a new tab)\" rel=\"noreferrer noopener\" class=\"ek-link\">Arrangement LCSA \u2013 Projet d&#8217;ordonnance int\u00e9rimaire<\/a>&nbsp;(septembre 2011)&nbsp;<img decoding=\"async\" width=\"16\" height=\"16\" src=\"\"><\/li>\n\n\n\n<li><a href=\"https:\/\/www.barreaudemontreal.qc.ca\/wp-content\/uploads\/LCSA_Projet_Ordonnance_definitive.DOC\" target=\"_blank\" aria-label=\" (opens in a new tab)\" rel=\"noreferrer noopener\" class=\"ek-link\">Arrangement LCSA \u2013 Projet d&#8217;ordonnance d\u00e9finitive<\/a>&nbsp;(septembre 2011)&nbsp;<img decoding=\"async\" width=\"16\" height=\"16\" src=\"\"><\/li>\n<\/ul>\n\n\n\n<p>Version anglaise :<\/p>\n\n\n\n<ul class=\"wp-block-list\">\n<li><a href=\"https:\/\/www.barreaudemontreal.qc.ca\/wp-content\/uploads\/cbca_standard_interim_order.doc\" target=\"_blank\" aria-label=\" (opens in a new tab)\" rel=\"noreferrer noopener\" class=\"ek-link\">CBCA Arrangement \u2013 Standard Interim Order<\/a>&nbsp;(September 2011)&nbsp;<img decoding=\"async\" width=\"16\" height=\"16\" src=\"\"><\/li>\n\n\n\n<li><a href=\"https:\/\/www.barreaudemontreal.qc.ca\/wp-content\/uploads\/cbca_standard_final_order.doc\" target=\"_blank\" aria-label=\" (opens in a new tab)\" rel=\"noreferrer noopener\" class=\"ek-link\">CBCA Arrangement \u2013 Standard Final Order<\/a>&nbsp;(September 2011)&nbsp;<img decoding=\"async\" width=\"16\" height=\"16\" src=\"\"><\/li>\n<\/ul>\n\n\n\n<p><em><strong>Loi sur les soci\u00e9t\u00e9s par actions&nbsp;<\/strong><\/em><strong>(Qu\u00e9bec)<\/strong><strong><\/strong><\/p>\n\n\n\n<p>Version fran\u00e7aise :<\/p>\n\n\n\n<ul class=\"wp-block-list\">\n<li><a href=\"https:\/\/www.barreaudemontreal.qc.ca\/wp-content\/uploads\/lsa_projet_ordonnance_interimaire.doc\" target=\"_blank\" aria-label=\" (opens in a new tab)\" rel=\"noreferrer noopener\" class=\"ek-link\">Arrangement LQSA \u2013 Projet d&#8217;ordonnance int\u00e9rimaire<\/a>&nbsp;(mai 2012)&nbsp;<img decoding=\"async\" width=\"16\" height=\"16\" src=\"\"><\/li>\n\n\n\n<li><a href=\"https:\/\/www.barreaudemontreal.qc.ca\/wp-content\/uploads\/LSA_Projet_Ordonnance_definitive.doc\" target=\"_blank\" aria-label=\" (opens in a new tab)\" rel=\"noreferrer noopener\" class=\"ek-link\">Arrangement LQSA \u2013 Projet d&#8217;ordonnance d\u00e9finitive<\/a>&nbsp;(mai 2012)&nbsp;<img decoding=\"async\" width=\"16\" height=\"16\" src=\"\"><\/li>\n<\/ul>\n\n\n\n<p>Version anglaise :<\/p>\n\n\n\n<ul class=\"wp-block-list\">\n<li><a href=\"https:\/\/www.barreaudemontreal.qc.ca\/wp-content\/uploads\/bca_standard_interim_order.doc\" target=\"_blank\" aria-label=\" (opens in a new tab)\" rel=\"noreferrer noopener\" class=\"ek-link\">BCA Arrangement \u2013 Standard Interim Order<\/a>&nbsp;(May 2012)&nbsp;<img decoding=\"async\" width=\"16\" height=\"16\" src=\"\"><\/li>\n\n\n\n<li><a href=\"https:\/\/www.barreaudemontreal.qc.ca\/bca_standard_final_order\/\" target=\"_blank\" aria-label=\" (opens in a new tab)\" rel=\"noreferrer noopener\" class=\"ek-link\">BCA Arrangement \u2013 Standard Final Order<\/a>&nbsp;(May 2012)&nbsp;<img decoding=\"async\" width=\"16\" height=\"16\" src=\"\"><\/li>\n<\/ul>\n\n\n\n<hr class=\"wp-block-separator has-css-opacity\"\/>\n\n\n\n<h5 class=\"wp-block-heading\">DOCUMENTS D\u2019INT\u00c9R\u00caT<\/h5>\n\n\n\n<h6 class=\"wp-block-heading\"><strong>RECOURS EN OPPRESSION<\/strong><\/h6>\n\n\n\n<ul class=\"wp-block-list\">\n<li><a href=\"https:\/\/www.barreaudemontreal.qc.ca\/wp-content\/uploads\/cs-comm-aidememoire_oppression.pdf\" target=\"_blank\" aria-label=\" (opens in a new tab)\" rel=\"noreferrer noopener\" class=\"ek-link\">Aide-m\u00e9moire<\/a>&nbsp;(juin 2018)&nbsp;<img decoding=\"async\" width=\"16\" height=\"16\" src=\"\"><\/li>\n\n\n\n<li><a href=\"https:\/\/www.barreaudemontreal.qc.ca\/wp-content\/uploads\/cs-comm_oppression_gradationordonnancessauvegarde.pdf\" target=\"_blank\" aria-label=\" (opens in a new tab)\" rel=\"noreferrer noopener\" class=\"ek-link\">Gradation des ordonnances de sauvegarde<\/a>&nbsp;(juin 2018)&nbsp;<img decoding=\"async\" width=\"16\" height=\"16\" src=\"\"><\/li>\n<\/ul>\n\n\n\n<h6 class=\"wp-block-heading\"><strong>FAILLITE, INSOLVABILIT\u00c9 ET RESTRUCTURATION<\/strong><\/h6>\n\n\n\n<ul class=\"wp-block-list\">\n<li><a href=\"https:\/\/www.barreaudemontreal.qc.ca\/wp-content\/uploads\/himo_mai2012.pdf\" target=\"_blank\" aria-label=\" (opens in a new tab)\" rel=\"noreferrer noopener\" class=\"ek-link\">Les ordonnances types en mati\u00e8re de plan d&#8217;arrangement corporatif<\/a>&nbsp;<img decoding=\"async\" width=\"16\" height=\"16\" src=\"\"><br>Pr\u00e9sentation de Me Julie Himo dans le cadre d\u2019un colloque de la Cour sup\u00e9rieure, chambre&nbsp;commerciale en mai 2012<\/li>\n\n\n\n<li><a href=\"https:\/\/www.barreaudemontreal.qc.ca\/wp-content\/uploads\/ferland_mai2012.pdf\" target=\"_blank\" aria-label=\" (opens in a new tab)\" rel=\"noreferrer noopener\" class=\"ek-link\">L&#8217;ordonnance initiale standard en vertu de la&nbsp;<em>Loi sur les arrangements avec les cr\u00e9anciers des compagnies&nbsp;<\/em>(\u00abLACC\u00bb)<\/a>&nbsp; <img decoding=\"async\" width=\"16\" height=\"16\" src=\"\"><br>Pr\u00e9sentation de Me Denis Ferland dans le cadre du colloque de la Cour sup\u00e9rieure, chambre commerciale en mai 2012<\/li>\n\n\n\n<li><a href=\"https:\/\/www.barreaudemontreal.qc.ca\/wp-content\/uploads\/belanger_mai2012.pdf\" target=\"_blank\" rel=\"noreferrer noopener\">Le s\u00e9questre<\/a>&nbsp;<img decoding=\"async\" width=\"16\" height=\"16\" src=\"\"><br>Pr\u00e9sentation de Me Philippe H. B\u00e9langer (tel qu\u2019il \u00e9tait alors) dans le cadre du colloque de la Cour&nbsp;sup\u00e9rieure, chambre commerciale en mai 2012<\/li>\n<\/ul>\n<\/div>\n\n\n\n<div class=\"wp-block-column is-layout-flow wp-block-column-is-layout-flow\" style=\"flex-basis:33.33%\">\n<div class=\"whiteBox textBoxNew textBoxNew\" id=\"textBoxNew-block_d9128caffa885e5b6802d18f33fb9503\">\n\n<h5>Site Web de la Cour sup\u00e9rieure<\/h5>\n<p><a href=\"https:\/\/coursuperieureduquebec.ca\" target=\"_blank\" rel=\"noopener\">coursuperieureduquebec.ca<\/a><\/p>\n<h5>D\u00e9p\u00f4t \u00e9lectronique (certaines proc\u00e9dures)<\/h5>\n<p><a href=\"https:\/\/lexius-gnjq.justice.gouv.qc.ca\/fr\/Accueil\" target=\"_blank\" rel=\"noopener\">Greffe num\u00e9rique judiciaire du Qu\u00e9bec<\/a><\/p>\n<\/div><\/div>\n<\/div>\n\n\n\n<p><\/p>\n","protected":false},"excerpt":{"rendered":"<p><strong style=\"color: #222222; font-family: arial, Verdana, sans-serif; font-size: 12px; line-height: 16.796875px;\"><span style=\"font-size: small; color: #993366;\"><strong><a id=\"TOP\" name=\"TOP\"><\/a><\/strong><\/span><\/strong><strong> <\/strong><\/p>\n","protected":false},"author":30,"featured_media":0,"parent":144,"menu_order":3,"comment_status":"closed","ping_status":"closed","template":"","meta":{"_acf_changed":false,"_editorskit_title_hidden":false,"_editorskit_reading_time":2,"_editorskit_is_block_options_detached":false,"_editorskit_block_options_position":"{}","inline_featured_image":false,"ngg_post_thumbnail":0,"footnotes":""},"class_list":["post-902","page","type-page","status-publish","hentry"],"acf":[],"yoast_head":"<!-- This site is optimized with the Yoast SEO plugin v27.4 - https:\/\/yoast.com\/product\/yoast-seo-wordpress\/ -->\n<title>Cour sup\u00e9rieure - Chambre commerciale - Barreau de Montr&eacute;al<\/title>\n<meta name=\"robots\" content=\"index, follow, max-snippet:-1, max-image-preview:large, max-video-preview:-1\" \/>\n<link rel=\"canonical\" href=\"https:\/\/www.barreaudemontreal.qc.ca\/en\/avocats\/outils\/avocats-de-litige\/cs-comm\/\" \/>\n<meta property=\"og:locale\" content=\"en_US\" \/>\n<meta property=\"og:type\" content=\"article\" \/>\n<meta property=\"og:title\" content=\"Cour sup\u00e9rieure - Chambre commerciale - Barreau de Montr&eacute;al\" \/>\n<meta property=\"og:url\" content=\"https:\/\/www.barreaudemontreal.qc.ca\/en\/avocats\/outils\/avocats-de-litige\/cs-comm\/\" \/>\n<meta property=\"og:site_name\" content=\"Barreau de Montr&eacute;al\" \/>\n<meta property=\"article:modified_time\" content=\"2023-02-10T16:09:24+00:00\" \/>\n<meta name=\"twitter:card\" content=\"summary_large_image\" \/>\n<meta name=\"twitter:label1\" content=\"Est. reading time\" \/>\n\t<meta name=\"twitter:data1\" content=\"8 minutes\" \/>\n<script type=\"application\/ld+json\" class=\"yoast-schema-graph\">{\"@context\":\"https:\\\/\\\/schema.org\",\"@graph\":[{\"@type\":\"WebPage\",\"@id\":\"https:\\\/\\\/www.barreaudemontreal.qc.ca\\\/en\\\/avocats\\\/outils\\\/avocats-de-litige\\\/cs-comm\\\/\",\"url\":\"https:\\\/\\\/www.barreaudemontreal.qc.ca\\\/en\\\/avocats\\\/outils\\\/avocats-de-litige\\\/cs-comm\\\/\",\"name\":\"Cour sup\u00e9rieure - Chambre commerciale - Barreau de Montr&eacute;al\",\"isPartOf\":{\"@id\":\"https:\\\/\\\/www.barreaudemontreal.qc.ca\\\/en\\\/#website\"},\"datePublished\":\"2013-04-24T14:28:42+00:00\",\"dateModified\":\"2023-02-10T16:09:24+00:00\",\"breadcrumb\":{\"@id\":\"https:\\\/\\\/www.barreaudemontreal.qc.ca\\\/en\\\/avocats\\\/outils\\\/avocats-de-litige\\\/cs-comm\\\/#breadcrumb\"},\"inLanguage\":\"en-US\",\"potentialAction\":[{\"@type\":\"ReadAction\",\"target\":[\"https:\\\/\\\/www.barreaudemontreal.qc.ca\\\/en\\\/avocats\\\/outils\\\/avocats-de-litige\\\/cs-comm\\\/\"]}]},{\"@type\":\"BreadcrumbList\",\"@id\":\"https:\\\/\\\/www.barreaudemontreal.qc.ca\\\/en\\\/avocats\\\/outils\\\/avocats-de-litige\\\/cs-comm\\\/#breadcrumb\",\"itemListElement\":[{\"@type\":\"ListItem\",\"position\":1,\"name\":\"Home\",\"item\":\"https:\\\/\\\/www.barreaudemontreal.qc.ca\\\/en\\\/\"},{\"@type\":\"ListItem\",\"position\":2,\"name\":\"Avocats\",\"item\":\"https:\\\/\\\/www.barreaudemontreal.qc.ca\\\/en\\\/avocats\\\/\"},{\"@type\":\"ListItem\",\"position\":3,\"name\":\"Outils\",\"item\":\"https:\\\/\\\/www.barreaudemontreal.qc.ca\\\/en\\\/avocats\\\/outils\\\/\"},{\"@type\":\"ListItem\",\"position\":4,\"name\":\"Avocats de litige\",\"item\":\"https:\\\/\\\/www.barreaudemontreal.qc.ca\\\/en\\\/avocats\\\/outils\\\/avocats-de-litige\\\/\"},{\"@type\":\"ListItem\",\"position\":5,\"name\":\"Cour sup\u00e9rieure &#8211; Chambre commerciale\"}]},{\"@type\":\"WebSite\",\"@id\":\"https:\\\/\\\/www.barreaudemontreal.qc.ca\\\/en\\\/#website\",\"url\":\"https:\\\/\\\/www.barreaudemontreal.qc.ca\\\/en\\\/\",\"name\":\"Barreau de Montr&eacute;al\",\"description\":\"La plus grande section du Barreau du Qu&eacute;bec\",\"potentialAction\":[{\"@type\":\"SearchAction\",\"target\":{\"@type\":\"EntryPoint\",\"urlTemplate\":\"https:\\\/\\\/www.barreaudemontreal.qc.ca\\\/en\\\/?s={search_term_string}\"},\"query-input\":{\"@type\":\"PropertyValueSpecification\",\"valueRequired\":true,\"valueName\":\"search_term_string\"}}],\"inLanguage\":\"en-US\"}]}<\/script>\n<!-- \/ Yoast SEO plugin. -->","yoast_head_json":{"title":"Cour sup\u00e9rieure - Chambre commerciale - Barreau de Montr&eacute;al","robots":{"index":"index","follow":"follow","max-snippet":"max-snippet:-1","max-image-preview":"max-image-preview:large","max-video-preview":"max-video-preview:-1"},"canonical":"https:\/\/www.barreaudemontreal.qc.ca\/en\/avocats\/outils\/avocats-de-litige\/cs-comm\/","og_locale":"en_US","og_type":"article","og_title":"Cour sup\u00e9rieure - Chambre commerciale - Barreau de Montr&eacute;al","og_url":"https:\/\/www.barreaudemontreal.qc.ca\/en\/avocats\/outils\/avocats-de-litige\/cs-comm\/","og_site_name":"Barreau de Montr&eacute;al","article_modified_time":"2023-02-10T16:09:24+00:00","twitter_card":"summary_large_image","twitter_misc":{"Est. reading time":"8 minutes"},"schema":{"@context":"https:\/\/schema.org","@graph":[{"@type":"WebPage","@id":"https:\/\/www.barreaudemontreal.qc.ca\/en\/avocats\/outils\/avocats-de-litige\/cs-comm\/","url":"https:\/\/www.barreaudemontreal.qc.ca\/en\/avocats\/outils\/avocats-de-litige\/cs-comm\/","name":"Cour sup\u00e9rieure - Chambre commerciale - Barreau de Montr&eacute;al","isPartOf":{"@id":"https:\/\/www.barreaudemontreal.qc.ca\/en\/#website"},"datePublished":"2013-04-24T14:28:42+00:00","dateModified":"2023-02-10T16:09:24+00:00","breadcrumb":{"@id":"https:\/\/www.barreaudemontreal.qc.ca\/en\/avocats\/outils\/avocats-de-litige\/cs-comm\/#breadcrumb"},"inLanguage":"en-US","potentialAction":[{"@type":"ReadAction","target":["https:\/\/www.barreaudemontreal.qc.ca\/en\/avocats\/outils\/avocats-de-litige\/cs-comm\/"]}]},{"@type":"BreadcrumbList","@id":"https:\/\/www.barreaudemontreal.qc.ca\/en\/avocats\/outils\/avocats-de-litige\/cs-comm\/#breadcrumb","itemListElement":[{"@type":"ListItem","position":1,"name":"Home","item":"https:\/\/www.barreaudemontreal.qc.ca\/en\/"},{"@type":"ListItem","position":2,"name":"Avocats","item":"https:\/\/www.barreaudemontreal.qc.ca\/en\/avocats\/"},{"@type":"ListItem","position":3,"name":"Outils","item":"https:\/\/www.barreaudemontreal.qc.ca\/en\/avocats\/outils\/"},{"@type":"ListItem","position":4,"name":"Avocats de litige","item":"https:\/\/www.barreaudemontreal.qc.ca\/en\/avocats\/outils\/avocats-de-litige\/"},{"@type":"ListItem","position":5,"name":"Cour sup\u00e9rieure &#8211; Chambre commerciale"}]},{"@type":"WebSite","@id":"https:\/\/www.barreaudemontreal.qc.ca\/en\/#website","url":"https:\/\/www.barreaudemontreal.qc.ca\/en\/","name":"Barreau de Montr&eacute;al","description":"La plus grande section du Barreau du Qu&eacute;bec","potentialAction":[{"@type":"SearchAction","target":{"@type":"EntryPoint","urlTemplate":"https:\/\/www.barreaudemontreal.qc.ca\/en\/?s={search_term_string}"},"query-input":{"@type":"PropertyValueSpecification","valueRequired":true,"valueName":"search_term_string"}}],"inLanguage":"en-US"}]}},"_links":{"self":[{"href":"https:\/\/www.barreaudemontreal.qc.ca\/en\/wp-json\/wp\/v2\/pages\/902","targetHints":{"allow":["GET"]}}],"collection":[{"href":"https:\/\/www.barreaudemontreal.qc.ca\/en\/wp-json\/wp\/v2\/pages"}],"about":[{"href":"https:\/\/www.barreaudemontreal.qc.ca\/en\/wp-json\/wp\/v2\/types\/page"}],"author":[{"embeddable":true,"href":"https:\/\/www.barreaudemontreal.qc.ca\/en\/wp-json\/wp\/v2\/users\/30"}],"replies":[{"embeddable":true,"href":"https:\/\/www.barreaudemontreal.qc.ca\/en\/wp-json\/wp\/v2\/comments?post=902"}],"version-history":[{"count":0,"href":"https:\/\/www.barreaudemontreal.qc.ca\/en\/wp-json\/wp\/v2\/pages\/902\/revisions"}],"up":[{"embeddable":true,"href":"https:\/\/www.barreaudemontreal.qc.ca\/en\/wp-json\/wp\/v2\/pages\/144"}],"wp:attachment":[{"href":"https:\/\/www.barreaudemontreal.qc.ca\/en\/wp-json\/wp\/v2\/media?parent=902"}],"curies":[{"name":"wp","href":"https:\/\/api.w.org\/{rel}","templated":true}]}}