{"id":732,"date":"2013-05-07T00:48:12","date_gmt":"2013-05-07T00:48:12","guid":{"rendered":"http:\/\/barreau.stagingminimalmtl.com\/assistance-parentale\/"},"modified":"2026-04-21T18:31:45","modified_gmt":"2026-04-21T22:31:45","slug":"assistance-parentale","status":"publish","type":"page","link":"https:\/\/www.barreaudemontreal.qc.ca\/en\/avocats\/services-aux-avocats\/assistance-parentale\/","title":{"rendered":"Programme d&#8217;assistance parentale"},"content":{"rendered":"\n<p style=\"font-size:16px\"><strong>B\u00c9B\u00c9 BONUS \u2013<\/strong> <strong>Programme d\u2019assistance parentale<\/strong> <strong>en tant que nouveaux parents<\/strong><\/p>\n\n\n\n<p style=\"font-size:16px\">Depuis 2001-2002, le Barreau de Montr\u00e9al offre aux avocats qui prennent un cong\u00e9 parental et qui d\u00e9pose une demande de B\u00e9b\u00e9-bonus aupr\u00e8s du Barreau du Qu\u00e9bec un montant qui correspond \u00e0 la moiti\u00e9 de la cotisation annuelle vers\u00e9e \u00e0 la section de Montr\u00e9al.<\/p>\n\n\n<div class=\"lightRedBox textBoxNew\">\n\n<p>Pour recevoir ce montant, il faut :<\/p>\n<ol>\n<li>Remplir&nbsp;<a href=\"https:\/\/www.barreau.qc.ca\/fr\/ressources-avocats\/services-avocats-outils-pratique\/aide-financiere-avocats\/\" target=\"_blank\" rel=\"noopener\">les conditions<\/a>&nbsp;pour recevoir le B\u00e9b\u00e9-Bonus<\/li>\n<li>D\u00e9poser une demande aupr\u00e8s du Barreau du Qu\u00e9bec en remplissant&nbsp;<a class=\"ek-link\" href=\"https:\/\/www.barreau.qc.ca\/media\/nvan412o\/demande-programme-nouveaux-parents.pdf\" target=\"_blank\" rel=\"noopener\">ce formulaire<\/a><\/li>\n<\/ol>\n<p><!-- wp:image {\"id\":28616,\"width\":228,\"height\":128,\"sizeSlug\":\"full\",\"linkDestination\":\"none\",\"className\":\"is-style-editorskit-rounded\"} \/--><\/p>\n<\/div>\n\n\n<div style=\"height:100px\" aria-hidden=\"true\" class=\"wp-block-spacer\"><\/div>\n\n\n\n<div class=\"wp-block-columns is-layout-flex wp-container-core-columns-is-layout-9d6595d7 wp-block-columns-is-layout-flex\">\n<div class=\"wp-block-column is-layout-flow wp-block-column-is-layout-flow\" style=\"flex-basis:25%\">\n<figure class=\"wp-block-image size-full\"><a href=\"https:\/\/lawyersfinancial.ca\/fr\/assurance\/assurance-auto-habitation?utm_source=Barreau%20de%20Montreal&amp;utm_medium=Website&amp;utm_campaign=Logo\" target=\"_blank\" rel=\" noreferrer noopener\"><img decoding=\"async\" width=\"500\" height=\"250\" src=\"https:\/\/www.barreaudemontreal.qc.ca\/wp-content\/uploads\/hl-financiere-01-v2.png\" alt=\"\" class=\"wp-image-49814\"\/><\/a><\/figure>\n<\/div>\n\n\n\n<div class=\"wp-block-column is-layout-flow wp-block-column-is-layout-flow\" style=\"flex-basis:25%\">\n<figure class=\"wp-block-image size-full\"><a href=\"https:\/\/www.groupemontpetit.com\/\" target=\"_blank\" rel=\" noreferrer noopener\"><img decoding=\"async\" width=\"500\" height=\"250\" src=\"https:\/\/www.barreaudemontreal.qc.ca\/wp-content\/uploads\/hl-montpetit-01-v2.png\" alt=\"\" class=\"wp-image-49818\"\/><\/a><\/figure>\n<\/div>\n\n\n\n<div class=\"wp-block-column is-layout-flow wp-block-column-is-layout-flow\" style=\"flex-basis:25%\">\n<figure class=\"wp-block-image size-full\"><a href=\"https:\/\/www.medicassurance.ca\/fr\/association\/barreau-de-montreal\" target=\"_blank\" rel=\" noreferrer noopener\"><img decoding=\"async\" width=\"500\" height=\"250\" src=\"https:\/\/www.barreaudemontreal.qc.ca\/wp-content\/uploads\/hl-medic-01-v2.png\" alt=\"\" class=\"wp-image-49821\"\/><\/a><\/figure>\n<\/div>\n\n\n\n<div class=\"wp-block-column is-layout-flow wp-block-column-is-layout-flow\" style=\"flex-basis:25%\">\n<figure class=\"wp-block-image size-full\"><a href=\"https:\/\/www.csbq.ca\/\" target=\"_blank\" rel=\" noreferrer noopener\"><img decoding=\"async\" width=\"500\" height=\"250\" src=\"https:\/\/www.barreaudemontreal.qc.ca\/wp-content\/uploads\/hl-corpo-01.png\" alt=\"\" class=\"wp-image-49806\"\/><\/a><\/figure>\n<\/div>\n<\/div>\n","protected":false},"excerpt":{"rendered":"<p><strong><img decoding=\"async\" alt=\"\" src=\"https:\/\/www.barreaudemontreal.qc.ca\/05\/prog_parents.jpg\" style=\"float: right; margin-left: 10px; margin-right: 10px; width: 275px; height: 228px;\"><\/strong><br \/><strong>B\u00c9B\u00c9 BONUS &#8211; Programme d&#8217;assistance parentale en tant que<br \/>nouveaux parents<\/strong><\/p>\n<p class=\"cont_txt_noir\">Depuis 2001-2002, le Barreau de Montr\u00e9al offre aux avocats qui prennent un cong\u00e9 parental, et qui en font la demande, un bonus qui correspond \u00e0 la moiti\u00e9 de la cotisation annuelle vers\u00e9e \u00e0 la section de Montr\u00e9al.<\/p>\n","protected":false},"author":30,"featured_media":0,"parent":13575,"menu_order":9,"comment_status":"closed","ping_status":"closed","template":"","meta":{"_acf_changed":false,"_editorskit_title_hidden":false,"_editorskit_reading_time":1,"_editorskit_is_block_options_detached":false,"_editorskit_block_options_position":"{}","inline_featured_image":false,"ngg_post_thumbnail":0,"footnotes":""},"class_list":["post-732","page","type-page","status-publish","hentry"],"acf":[],"yoast_head":"<!-- This site is optimized with the Yoast SEO plugin v27.4 - https:\/\/yoast.com\/product\/yoast-seo-wordpress\/ -->\n<title>Programme d&#039;assistance parentale - Barreau de Montr&eacute;al<\/title>\n<meta name=\"robots\" content=\"index, follow, max-snippet:-1, max-image-preview:large, max-video-preview:-1\" \/>\n<link rel=\"canonical\" href=\"https:\/\/www.barreaudemontreal.qc.ca\/en\/avocats\/services-aux-avocats\/assistance-parentale\/\" \/>\n<meta property=\"og:locale\" content=\"en_US\" \/>\n<meta property=\"og:type\" content=\"article\" \/>\n<meta property=\"og:title\" content=\"Programme d&#039;assistance parentale - Barreau de Montr&eacute;al\" \/>\n<meta property=\"og:description\" content=\"B\u00c9B\u00c9 BONUS - Programme d&#039;assistance parentale en tant quenouveaux parentsDepuis 2001-2002, le Barreau de Montr\u00e9al offre aux avocats qui prennent un cong\u00e9 parental, et qui en font la demande, un bonus qui correspond \u00e0 la moiti\u00e9 de la cotisation annuelle vers\u00e9e \u00e0 la section de Montr\u00e9al.\" \/>\n<meta property=\"og:url\" content=\"https:\/\/www.barreaudemontreal.qc.ca\/en\/avocats\/services-aux-avocats\/assistance-parentale\/\" \/>\n<meta property=\"og:site_name\" content=\"Barreau de Montr&eacute;al\" \/>\n<meta property=\"article:modified_time\" content=\"2026-04-21T22:31:45+00:00\" \/>\n<meta property=\"og:image\" content=\"https:\/\/www.barreaudemontreal.qc.ca\/wp-content\/uploads\/hl-financiere-01-v2.png\" \/>\n\t<meta property=\"og:image:width\" content=\"500\" \/>\n\t<meta property=\"og:image:height\" content=\"250\" \/>\n\t<meta property=\"og:image:type\" content=\"image\/png\" \/>\n<meta name=\"twitter:card\" content=\"summary_large_image\" \/>\n<meta name=\"twitter:label1\" content=\"Est. reading time\" \/>\n\t<meta name=\"twitter:data1\" content=\"2 minutes\" \/>\n<script type=\"application\/ld+json\" class=\"yoast-schema-graph\">{\"@context\":\"https:\\\/\\\/schema.org\",\"@graph\":[{\"@type\":\"WebPage\",\"@id\":\"https:\\\/\\\/www.barreaudemontreal.qc.ca\\\/en\\\/avocats\\\/services-aux-avocats\\\/assistance-parentale\\\/\",\"url\":\"https:\\\/\\\/www.barreaudemontreal.qc.ca\\\/en\\\/avocats\\\/services-aux-avocats\\\/assistance-parentale\\\/\",\"name\":\"Programme d'assistance parentale - Barreau de Montr&eacute;al\",\"isPartOf\":{\"@id\":\"https:\\\/\\\/www.barreaudemontreal.qc.ca\\\/en\\\/#website\"},\"primaryImageOfPage\":{\"@id\":\"https:\\\/\\\/www.barreaudemontreal.qc.ca\\\/en\\\/avocats\\\/services-aux-avocats\\\/assistance-parentale\\\/#primaryimage\"},\"image\":{\"@id\":\"https:\\\/\\\/www.barreaudemontreal.qc.ca\\\/en\\\/avocats\\\/services-aux-avocats\\\/assistance-parentale\\\/#primaryimage\"},\"thumbnailUrl\":\"https:\\\/\\\/www.barreaudemontreal.qc.ca\\\/wp-content\\\/uploads\\\/hl-financiere-01-v2.png\",\"datePublished\":\"2013-05-07T00:48:12+00:00\",\"dateModified\":\"2026-04-21T22:31:45+00:00\",\"breadcrumb\":{\"@id\":\"https:\\\/\\\/www.barreaudemontreal.qc.ca\\\/en\\\/avocats\\\/services-aux-avocats\\\/assistance-parentale\\\/#breadcrumb\"},\"inLanguage\":\"en-US\",\"potentialAction\":[{\"@type\":\"ReadAction\",\"target\":[\"https:\\\/\\\/www.barreaudemontreal.qc.ca\\\/en\\\/avocats\\\/services-aux-avocats\\\/assistance-parentale\\\/\"]}]},{\"@type\":\"ImageObject\",\"inLanguage\":\"en-US\",\"@id\":\"https:\\\/\\\/www.barreaudemontreal.qc.ca\\\/en\\\/avocats\\\/services-aux-avocats\\\/assistance-parentale\\\/#primaryimage\",\"url\":\"https:\\\/\\\/www.barreaudemontreal.qc.ca\\\/wp-content\\\/uploads\\\/hl-financiere-01-v2.png\",\"contentUrl\":\"https:\\\/\\\/www.barreaudemontreal.qc.ca\\\/wp-content\\\/uploads\\\/hl-financiere-01-v2.png\"},{\"@type\":\"BreadcrumbList\",\"@id\":\"https:\\\/\\\/www.barreaudemontreal.qc.ca\\\/en\\\/avocats\\\/services-aux-avocats\\\/assistance-parentale\\\/#breadcrumb\",\"itemListElement\":[{\"@type\":\"ListItem\",\"position\":1,\"name\":\"Home\",\"item\":\"https:\\\/\\\/www.barreaudemontreal.qc.ca\\\/en\\\/\"},{\"@type\":\"ListItem\",\"position\":2,\"name\":\"Avocats\",\"item\":\"https:\\\/\\\/www.barreaudemontreal.qc.ca\\\/en\\\/avocats\\\/\"},{\"@type\":\"ListItem\",\"position\":3,\"name\":\"Services aux avocats\",\"item\":\"https:\\\/\\\/www.barreaudemontreal.qc.ca\\\/en\\\/avocats\\\/services-aux-avocats\\\/\"},{\"@type\":\"ListItem\",\"position\":4,\"name\":\"Programme d&#8217;assistance parentale\"}]},{\"@type\":\"WebSite\",\"@id\":\"https:\\\/\\\/www.barreaudemontreal.qc.ca\\\/en\\\/#website\",\"url\":\"https:\\\/\\\/www.barreaudemontreal.qc.ca\\\/en\\\/\",\"name\":\"Barreau de Montr&eacute;al\",\"description\":\"La plus grande section du Barreau du Qu&eacute;bec\",\"potentialAction\":[{\"@type\":\"SearchAction\",\"target\":{\"@type\":\"EntryPoint\",\"urlTemplate\":\"https:\\\/\\\/www.barreaudemontreal.qc.ca\\\/en\\\/?s={search_term_string}\"},\"query-input\":{\"@type\":\"PropertyValueSpecification\",\"valueRequired\":true,\"valueName\":\"search_term_string\"}}],\"inLanguage\":\"en-US\"}]}<\/script>\n<!-- \/ Yoast SEO plugin. -->","yoast_head_json":{"title":"Programme d'assistance parentale - Barreau de Montr&eacute;al","robots":{"index":"index","follow":"follow","max-snippet":"max-snippet:-1","max-image-preview":"max-image-preview:large","max-video-preview":"max-video-preview:-1"},"canonical":"https:\/\/www.barreaudemontreal.qc.ca\/en\/avocats\/services-aux-avocats\/assistance-parentale\/","og_locale":"en_US","og_type":"article","og_title":"Programme d'assistance parentale - Barreau de Montr&eacute;al","og_description":"B\u00c9B\u00c9 BONUS - Programme d'assistance parentale en tant quenouveaux parentsDepuis 2001-2002, le Barreau de Montr\u00e9al offre aux avocats qui prennent un cong\u00e9 parental, et qui en font la demande, un bonus qui correspond \u00e0 la moiti\u00e9 de la cotisation annuelle vers\u00e9e \u00e0 la section de Montr\u00e9al.","og_url":"https:\/\/www.barreaudemontreal.qc.ca\/en\/avocats\/services-aux-avocats\/assistance-parentale\/","og_site_name":"Barreau de Montr&eacute;al","article_modified_time":"2026-04-21T22:31:45+00:00","og_image":[{"width":500,"height":250,"url":"https:\/\/www.barreaudemontreal.qc.ca\/wp-content\/uploads\/hl-financiere-01-v2.png","type":"image\/png"}],"twitter_card":"summary_large_image","twitter_misc":{"Est. reading time":"2 minutes"},"schema":{"@context":"https:\/\/schema.org","@graph":[{"@type":"WebPage","@id":"https:\/\/www.barreaudemontreal.qc.ca\/en\/avocats\/services-aux-avocats\/assistance-parentale\/","url":"https:\/\/www.barreaudemontreal.qc.ca\/en\/avocats\/services-aux-avocats\/assistance-parentale\/","name":"Programme d'assistance parentale - Barreau de Montr&eacute;al","isPartOf":{"@id":"https:\/\/www.barreaudemontreal.qc.ca\/en\/#website"},"primaryImageOfPage":{"@id":"https:\/\/www.barreaudemontreal.qc.ca\/en\/avocats\/services-aux-avocats\/assistance-parentale\/#primaryimage"},"image":{"@id":"https:\/\/www.barreaudemontreal.qc.ca\/en\/avocats\/services-aux-avocats\/assistance-parentale\/#primaryimage"},"thumbnailUrl":"https:\/\/www.barreaudemontreal.qc.ca\/wp-content\/uploads\/hl-financiere-01-v2.png","datePublished":"2013-05-07T00:48:12+00:00","dateModified":"2026-04-21T22:31:45+00:00","breadcrumb":{"@id":"https:\/\/www.barreaudemontreal.qc.ca\/en\/avocats\/services-aux-avocats\/assistance-parentale\/#breadcrumb"},"inLanguage":"en-US","potentialAction":[{"@type":"ReadAction","target":["https:\/\/www.barreaudemontreal.qc.ca\/en\/avocats\/services-aux-avocats\/assistance-parentale\/"]}]},{"@type":"ImageObject","inLanguage":"en-US","@id":"https:\/\/www.barreaudemontreal.qc.ca\/en\/avocats\/services-aux-avocats\/assistance-parentale\/#primaryimage","url":"https:\/\/www.barreaudemontreal.qc.ca\/wp-content\/uploads\/hl-financiere-01-v2.png","contentUrl":"https:\/\/www.barreaudemontreal.qc.ca\/wp-content\/uploads\/hl-financiere-01-v2.png"},{"@type":"BreadcrumbList","@id":"https:\/\/www.barreaudemontreal.qc.ca\/en\/avocats\/services-aux-avocats\/assistance-parentale\/#breadcrumb","itemListElement":[{"@type":"ListItem","position":1,"name":"Home","item":"https:\/\/www.barreaudemontreal.qc.ca\/en\/"},{"@type":"ListItem","position":2,"name":"Avocats","item":"https:\/\/www.barreaudemontreal.qc.ca\/en\/avocats\/"},{"@type":"ListItem","position":3,"name":"Services aux avocats","item":"https:\/\/www.barreaudemontreal.qc.ca\/en\/avocats\/services-aux-avocats\/"},{"@type":"ListItem","position":4,"name":"Programme d&#8217;assistance parentale"}]},{"@type":"WebSite","@id":"https:\/\/www.barreaudemontreal.qc.ca\/en\/#website","url":"https:\/\/www.barreaudemontreal.qc.ca\/en\/","name":"Barreau de Montr&eacute;al","description":"La plus grande section du Barreau du Qu&eacute;bec","potentialAction":[{"@type":"SearchAction","target":{"@type":"EntryPoint","urlTemplate":"https:\/\/www.barreaudemontreal.qc.ca\/en\/?s={search_term_string}"},"query-input":{"@type":"PropertyValueSpecification","valueRequired":true,"valueName":"search_term_string"}}],"inLanguage":"en-US"}]}},"_links":{"self":[{"href":"https:\/\/www.barreaudemontreal.qc.ca\/en\/wp-json\/wp\/v2\/pages\/732","targetHints":{"allow":["GET"]}}],"collection":[{"href":"https:\/\/www.barreaudemontreal.qc.ca\/en\/wp-json\/wp\/v2\/pages"}],"about":[{"href":"https:\/\/www.barreaudemontreal.qc.ca\/en\/wp-json\/wp\/v2\/types\/page"}],"author":[{"embeddable":true,"href":"https:\/\/www.barreaudemontreal.qc.ca\/en\/wp-json\/wp\/v2\/users\/30"}],"replies":[{"embeddable":true,"href":"https:\/\/www.barreaudemontreal.qc.ca\/en\/wp-json\/wp\/v2\/comments?post=732"}],"version-history":[{"count":1,"href":"https:\/\/www.barreaudemontreal.qc.ca\/en\/wp-json\/wp\/v2\/pages\/732\/revisions"}],"predecessor-version":[{"id":49827,"href":"https:\/\/www.barreaudemontreal.qc.ca\/en\/wp-json\/wp\/v2\/pages\/732\/revisions\/49827"}],"up":[{"embeddable":true,"href":"https:\/\/www.barreaudemontreal.qc.ca\/en\/wp-json\/wp\/v2\/pages\/13575"}],"wp:attachment":[{"href":"https:\/\/www.barreaudemontreal.qc.ca\/en\/wp-json\/wp\/v2\/media?parent=732"}],"curies":[{"name":"wp","href":"https:\/\/api.w.org\/{rel}","templated":true}]}}