{"id":49272,"date":"2026-04-07T14:00:00","date_gmt":"2026-04-07T18:00:00","guid":{"rendered":"https:\/\/www.barreaudemontreal.qc.ca\/?page_id=49272"},"modified":"2026-04-08T19:54:25","modified_gmt":"2026-04-08T23:54:25","slug":"candidatures-a-lelection-2026","status":"publish","type":"page","link":"https:\/\/www.barreaudemontreal.qc.ca\/en\/candidatures-a-lelection-2026\/","title":{"rendered":"Candidatures \u00e0 l&#8217;\u00e9lection 2026"},"content":{"rendered":"\n<h4 class=\"wp-block-heading\">DEUX POSTES DE CONSEILLERS ANGLOPHONES<\/h4>\n\n\n\n<div style=\"height:20px\" aria-hidden=\"true\" class=\"wp-block-spacer\"><\/div>\n\n\n\n<p>Il y aura \u00e9lection, car le nombre de candidats exc\u00e8de le nombre de postes de conseillers anglophones \u00e0 combler. Trois membres ont pos\u00e9 leur candidature pour les deux postes de conseillers, d&#8217;une dur\u00e9e de deux ans, soit&nbsp;:<\/p>\n\n\n\n    <style>\n        div.panel {\n            display: none;\n        }\n\n        div.panel.show {\n            display: block !important;\n        }\n    <\/style>\n    <div class=\"accoSection\">\n\n\n\n                    <div class=\"\" id=\"accordionExample\">\n                \n                    <div class=\"card cardMain \">\n                        <div class=\"cardHeader \" id=\"heading-1\">\n\n                            <div class=\"cardIn collapsed\" type=\"button\" \n                                 data-toggle=\"collapse\" data-target=\"#collapse-1\" \n                                 aria-expanded=\"true\" aria-controls=\"collapse-1\">\n                                <h6>Me Aysegul Bayraktar Gauthier<\/h6>\n                            <\/div>\n\n                        <\/div>\n\n                        <div id=\"collapse-1\" class=\" collapse\" \n                             aria-labelledby=\"heading-1\" \n                             data-parent=\"#accordionExample\">\n                            <div class=\"cardBody \">\n                                <p><img decoding=\"async\" class=\"alignnone wp-image-49308\" style=\"float: left;\" src=\"https:\/\/www.barreaudemontreal.qc.ca\/wp-content\/uploads\/2026-aysegauthier_282x300-150x150.png\" alt=\"\" width=\"200\" height=\"213\"><\/p>\n<p><strong>Notes biographiques :<\/strong><br \/>\nAyse Gauthier est une avocate senior sp\u00e9cialis\u00e9e en droit de la protection des renseignements personnels, de la cybers\u00e9curit\u00e9 et de l&#8217;intelligence artificielle. Elle assiste les organisations \u00e0 se pr\u00e9parer \u00e0 r\u00e9pondre aux incidents de cybers\u00e9curit\u00e9. Elle conseille \u00e9galement ses clients sur leurs obligations en vertu des lois qu\u00e9b\u00e9coises et canadiennes sur la protection des renseignements personnels, r\u00e9alise des \u00e9valuations de facteurs relatifs \u00e0 la vie priv\u00e9e et les risques, et \u00e9labore des cadres de gouvernance pour l&#8217;utilisation responsable de l&#8217;intelligence artificielle.<\/p>\n<p>Ayse poss\u00e8de une vaste exp\u00e9rience en gestion d&#8217;incidents de cybers\u00e9curit\u00e9 \u00e0 titre d&#8217;avocate sp\u00e9cialis\u00e9e. Elle a \u00e9galement conseill\u00e9 des assureurs de premier plan en mati\u00e8re de cyberassurance et a supervis\u00e9 le traitement de centaines d&#8217;incidents de s\u00e9curit\u00e9 et de protection de la vie priv\u00e9e, dont plusieurs recours collectifs. Doublement qualifi\u00e9e au Qu\u00e9bec et en Ontario, elle d\u00e9tient une ma\u00eetrise en droit (LL.M.) en mati\u00e8re de protection des renseignements personnels et de la cybers\u00e9curit\u00e9 de la Facult\u00e9 de droit Osgoode Hall. Elle est copr\u00e9sidente de la section montr\u00e9alaise de l&#8217;IAPP.<\/p>\n<p>Forte de son exp\u00e9rience pratique, Ayse est candidate au poste de conseill\u00e8re afin de contribuer \u00e0 l&#8217;orientation des priorit\u00e9s strat\u00e9giques du Barreau, \u00e0 un moment o\u00f9 les enjeux li\u00e9s \u00e0 l&#8217;IA et \u00e0 la cybers\u00e9curit\u00e9 touchent les cabinets de toutes tailles. Avocate bilingue, elle s&#8217;engage \u00e0 repr\u00e9senter les int\u00e9r\u00eats de la section montr\u00e9alaise avec clart\u00e9, expertise et int\u00e9grit\u00e9.<\/p>\n<p>&nbsp;<\/p>\n                            <\/div>\n                        <\/div>\n                    <\/div>\n                    \n                    <div class=\"card cardMain \">\n                        <div class=\"cardHeader \" id=\"heading-2\">\n\n                            <div class=\"cardIn collapsed\" type=\"button\" \n                                 data-toggle=\"collapse\" data-target=\"#collapse-2\" \n                                 aria-expanded=\"true\" aria-controls=\"collapse-2\">\n                                <h6>Me Peter Moraitis<\/h6>\n                            <\/div>\n\n                        <\/div>\n\n                        <div id=\"collapse-2\" class=\" collapse\" \n                             aria-labelledby=\"heading-2\" \n                             data-parent=\"#accordionExample\">\n                            <div class=\"cardBody \">\n                                <p><img decoding=\"async\" class=\"alignnone wp-image-49392\" style=\"float: left;\" src=\"https:\/\/www.barreaudemontreal.qc.ca\/wp-content\/uploads\/2026-petermoraitis_282x300-282x300.png\" alt=\"\" width=\"200\" height=\"213\"><\/p>\n<p><strong>Notes biographiques :<\/strong><br \/>\nDipl\u00f4m\u00e9 en droit de l&#8217;Universit\u00e9 de McGill et membre du Barreau du Qu\u00e9bec depuis 2010, j&#8217;exerce principalement en droit des assurances et de la responsabilit\u00e9. Dans ce cadre, je repr\u00e9sente r\u00e9guli\u00e8rement des assureurs et leurs assur\u00e9s dans des dossiers complexes, notamment en mati\u00e8re de sinistres majeurs et de r\u00e9clamations comportant des enjeux de fraude.<\/p>\n<p>Anim\u00e9 par un int\u00e9r\u00eat soutenu pour le milieu sportif, j&#8217;ai \u00e9galement d\u00e9velopp\u00e9 une expertise reconnue en droit du sport, o\u00f9 je conseille et repr\u00e9sente divers acteurs et organisations. En parall\u00e8le de ma pratique, je me suis fortement impliqu\u00e9 dans le monde de l&#8217;arbitrage au hockey, ayant notamment agi comme arbitre dans la Ligue de hockey junior majeur du Qu\u00e9bec. J&#8217;occupe aujourd&#8217;hui les fonctions d&#8217;arbitre en chef provincial de Hockey Qu\u00e9bec.<\/p>\n<p>Tr\u00e8s engag\u00e9 dans la communaut\u00e9 juridique, je suis pr\u00e9sident du Comit\u00e9 de la formation professionnelle du Barreau du Qu\u00e9bec et membre du Conseil d&#8217;administration du Barreau de Montr\u00e9al, o\u00f9 je si\u00e8ge depuis deux ans. \u00c0 ce titre, je contribue notamment aux travaux du Comit\u00e9 de gouvernance. J&#8217;ai \u00e9galement particip\u00e9 aux travaux de plusieurs comit\u00e9s du Barreau de Montr\u00e9al, dont le Comit\u00e9 des concours et le Comit\u00e9 de liaison avec la Cour du Qu\u00e9bec, chambre civile. Je suis par ailleurs m\u00e9diateur aux petites cr\u00e9ances.<\/p>\n<p><strong>Pr\u00e9sentation :<\/strong><br \/>\nAu terme d&#8217;un premier mandat de deux ans au sein du Conseil d&#8217;administration du Barreau de Montr\u00e9al, je sollicite \u00e0 nouveau la confiance de mes pairs afin de poursuivre mon engagement.<\/p>\n<p>Ce mandat m&#8217;a permis de contribuer activement aux travaux du Conseil et de d\u00e9velopper une compr\u00e9hension approfondie des enjeux strat\u00e9giques qui touchent notre ordre professionnel. Dans un contexte de transformation importante des ordres professionnels du Qu\u00e9bec, les questions de gouvernance, de transparence et de protection du public occupent une place centrale.<\/p>\n<p>\u00c0 titre de membre du Comit\u00e9 de gouvernance, j&#8217;ai \u00e9t\u00e9 \u00e9troitement impliqu\u00e9 dans des travaux structurants visant \u00e0 moderniser nos pratiques et \u00e0 renforcer l&#8217;efficacit\u00e9 du Conseil, contribuant ainsi \u00e0 un chantier essentiel pour l&#8217;avenir du Barreau de Montr\u00e9al.<\/p>\n<p>Je crois qu&#8217;il est imp\u00e9ratif que le Conseil continue de jouer un r\u00f4le actif et pertinent dans cette \u00e9volution, notamment en misant sur une gouvernance rigoureuse, une r\u00e9flexion strat\u00e9gique soutenue et une mobilisation accrue de ses membres.<\/p>\n<p>Par ailleurs, je suis convaincu que le r\u00f4le du Barreau de Montr\u00e9al passe \u00e9galement par son rayonnement aupr\u00e8s de la rel\u00e8ve. \u00c0 cet \u00e9gard, les initiatives du Comit\u00e9 des concours, que j&#8217;ai eu le privil\u00e8ge de pr\u00e9sider, contribuent \u00e0 rapprocher les jeunes, tant francophones qu&#8217;anglophones, des enjeux juridiques et \u00e0 les encourager \u00e0 s&#8217;exprimer et \u00e0 d\u00e9battre de questions d&#8217;actualit\u00e9.<\/p>\n<p>Mon exp\u00e9rience au sein du Conseil m&#8217;a permis de d\u00e9velopper une approche constructive, collaborative et orient\u00e9e vers des solutions durables. Fort de cette exp\u00e9rience, je souhaite poursuivre le travail entrepris et continuer \u00e0 contribuer, de mani\u00e8re engag\u00e9e et r\u00e9fl\u00e9chie, aux d\u00e9cisions qui fa\u00e7onnent notre section.<\/p>\n<p>C&#8217;est donc avec conviction et enthousiasme que je soumets ma candidature pour un nouveau mandat \u00e0 titre de conseiller au sein du Conseil d&#8217;administration du Barreau de Montr\u00e9al.<\/p>\n                            <\/div>\n                        <\/div>\n                    <\/div>\n                    \n                    <div class=\"card cardMain \">\n                        <div class=\"cardHeader \" id=\"heading-3\">\n\n                            <div class=\"cardIn collapsed\" type=\"button\" \n                                 data-toggle=\"collapse\" data-target=\"#collapse-3\" \n                                 aria-expanded=\"true\" aria-controls=\"collapse-3\">\n                                <h6>Me Patrycja Nowakowska<\/h6>\n                            <\/div>\n\n                        <\/div>\n\n                        <div id=\"collapse-3\" class=\" collapse\" \n                             aria-labelledby=\"heading-3\" \n                             data-parent=\"#accordionExample\">\n                            <div class=\"cardBody \">\n                                <p><img decoding=\"async\" class=\"alignnone wp-image-49395\" style=\"float: left;\" src=\"https:\/\/www.barreaudemontreal.qc.ca\/wp-content\/uploads\/2026-patnowa_282x300-282x300.png\" alt=\"\" width=\"200\" height=\"213\"><\/p>\n<p><strong>Notes biographiques :<\/strong><br \/>\nMa\u00eetre Patrycja Nowakowska d\u00e9tient un double baccalaur\u00e9at en droit de l&#8217;Universit\u00e9 McGill (LL.B. et B.C.L.), ainsi qu&#8217;un dipl\u00f4me d&#8217;\u00e9tudes sup\u00e9rieures en communication, avec une sp\u00e9cialisation en cin\u00e9ma documentaire, de l&#8217;Universit\u00e9 Concordia. Membre du Barreau depuis 2019, elle exerce principalement en litige civil et commercial ainsi qu&#8217;en droit du travail et en droit de la personne aux niveaux provincial et f\u00e9d\u00e9ral. Elle est \u00e9galement m\u00e9diatrice accr\u00e9dit\u00e9e.<\/p>\n<p>Pat s&#8217;est impliqu\u00e9e b\u00e9n\u00e9volement au sein de plusieurs comit\u00e9s, notamment au Jeune Barreau de Montr\u00e9al (JBM) de 2019 \u00e0 2023, o\u00f9 elle a si\u00e9g\u00e9 au Comit\u00e9 des relations avec les membres (CRM) et contribu\u00e9 \u00e0 la cr\u00e9ation du programme <em>Toge au suivant<\/em>.<\/p>\n<p>\u00c0 titre de secr\u00e9taire ex\u00e9cutive (2020-2023), puis de pr\u00e9sidente (2023-2024) de la section anglophone du Barreau de Montr\u00e9al (ESS), Pat a collabor\u00e9 avec de nombreux avocats et anciens juges de divers paliers de tribunaux afin d&#8217;organiser et d&#8217;animer plusieurs formations continues.<\/p>\n<p>Elle a poursuivi son engagement au JBM en repr\u00e9sentant l&#8217;organisation au conseil du Barreau de Montr\u00e9al en 2022-2023, et a r\u00e9cemment compl\u00e9t\u00e9 un deuxi\u00e8me mandat \u00e0 titre de conseill\u00e8re, si\u00e9geant notamment au Comit\u00e9 de liaison avec la Cour du Qu\u00e9bec &#8211; Chambre de la protection de la jeunesse.<\/p>\n<p><strong>Pr\u00e9sentation :<br \/>\n<\/strong>C&#8217;est avec conviction et d\u00e9termination que je pose ma candidature \u00e0 titre de conseill\u00e8re au sein du conseil du Barreau de Montr\u00e9al. La protection du public est un objectif essentiel, mais elle ne saurait \u00eatre dissoci\u00e9e des fondements de notre profession : int\u00e9grit\u00e9, respect, \u00e9galit\u00e9 et d\u00e9vouement \u00e0 la justice. Sans incarner ces valeurs et nous soutenir mutuellement, nous ne pouvons pleinement assurer un acc\u00e8s \u00e0 la justice r\u00e9el et significatif.<\/p>\n<p>Depuis mon assermentation, je me suis engag\u00e9e activement au sein du Jeune Barreau de Montr\u00e9al, des comit\u00e9s et sections du Barreau, ainsi qu&#8217;aupr\u00e8s de la communaut\u00e9, notamment par les cliniques juridiques de l&#8217;English Language Arts Network (ELAN) et mon implication aupr\u00e8s de Hands on Media.<\/p>\n<p>Je suis profond\u00e9ment sensible aux enjeux de sant\u00e9 mentale dans notre profession et souhaite leur accorder une place centrale. Mon engagement s&#8217;est traduit par des initiatives concr\u00e8tes, du programme Toge au suivant jusqu&#8217;\u00e0 l&#8217;organisation d&#8217;activit\u00e9s, dont un colloque sur la sant\u00e9 mentale des juristes en collaboration avec l&#8217;Universit\u00e9 McGill et Prof. Nathalie Cadieux, ainsi que PAMBA.<\/p>\n<p>Au cours des derni\u00e8res deux ans, j&#8217;ai contribu\u00e9 aux travaux du Conseil sur des enjeux majeurs, tels que l&#8217;acc\u00e8s \u00e0 la justice, la protection des personnes vuln\u00e9rables, la d\u00e9finition et promotion de l&#8217;identit\u00e9 unique du BARM et sa place parmi les transformations des ordres professionnels. Mon implication au sein du Comit\u00e9 des ressources humaines et du Comit\u00e9 de liaison avec la Cour du Qu\u00e9bec, Chambre de la jeunesse m&#8217;a permis de participer activement \u00e0 ces r\u00e9flexions.<\/p>\n<p>Aujourd&#8217;hui, je souhaite poursuivre cet engagement ! Au sein du conseil, je m&#8217;engage \u00e0 agir avec rigueur, \u00e9coute et transparence, \u00e0 soutenir la B\u00e2tonni\u00e8re et \u00e0 contribuer de mani\u00e8re constructive aux d\u00e9cisions qui fa\u00e7onnent notre profession. Je veux \u00eatre une voix mobilisatrice, tourn\u00e9e vers l&#8217;action.<\/p>\n<p>Je vous remercie sinc\u00e8rement de votre confiance et esp\u00e8re pouvoir compter sur votre appui.<\/p>\n                            <\/div>\n                        <\/div>\n                    <\/div>\n                                <\/div>\n            <\/div>\n    ","protected":false},"excerpt":{"rendered":"<p>DEUX POSTES DE CONSEILLERS ANGLOPHONES Il y aura \u00e9lection, car le nombre de candidats exc\u00e8de le nombre de postes de conseillers anglophones \u00e0 combler. Trois membres ont pos\u00e9 leur candidature [&hellip;]<\/p>\n","protected":false},"author":3,"featured_media":0,"parent":0,"menu_order":0,"comment_status":"closed","ping_status":"closed","template":"","meta":{"_acf_changed":false,"_editorskit_title_hidden":false,"_editorskit_reading_time":0,"_editorskit_is_block_options_detached":false,"_editorskit_block_options_position":"{}","inline_featured_image":false,"ngg_post_thumbnail":0,"footnotes":""},"class_list":["post-49272","page","type-page","status-publish","hentry"],"acf":[],"yoast_head":"<!-- This site is optimized with the Yoast SEO plugin v27.3 - https:\/\/yoast.com\/product\/yoast-seo-wordpress\/ -->\n<title>Candidatures \u00e0 l&#039;\u00e9lection 2026 - Barreau de Montr&eacute;al<\/title>\n<meta name=\"robots\" content=\"index, follow, max-snippet:-1, max-image-preview:large, max-video-preview:-1\" \/>\n<link rel=\"canonical\" href=\"https:\/\/www.barreaudemontreal.qc.ca\/en\/candidatures-a-lelection-2026\/\" \/>\n<meta property=\"og:locale\" content=\"en_US\" \/>\n<meta property=\"og:type\" content=\"article\" \/>\n<meta property=\"og:title\" content=\"Candidatures \u00e0 l&#039;\u00e9lection 2026 - Barreau de Montr&eacute;al\" \/>\n<meta property=\"og:description\" content=\"DEUX POSTES DE CONSEILLERS ANGLOPHONES Il y aura \u00e9lection, car le nombre de candidats exc\u00e8de le nombre de postes de conseillers anglophones \u00e0 combler. Trois membres ont pos\u00e9 leur candidature [&hellip;]\" \/>\n<meta property=\"og:url\" content=\"https:\/\/www.barreaudemontreal.qc.ca\/en\/candidatures-a-lelection-2026\/\" \/>\n<meta property=\"og:site_name\" content=\"Barreau de Montr&eacute;al\" \/>\n<meta property=\"article:modified_time\" content=\"2026-04-08T23:54:25+00:00\" \/>\n<meta name=\"twitter:card\" content=\"summary_large_image\" \/>\n<meta name=\"twitter:label1\" content=\"Est. reading time\" \/>\n\t<meta name=\"twitter:data1\" content=\"1 minute\" \/>\n<script type=\"application\/ld+json\" class=\"yoast-schema-graph\">{\"@context\":\"https:\\\/\\\/schema.org\",\"@graph\":[{\"@type\":\"WebPage\",\"@id\":\"https:\\\/\\\/www.barreaudemontreal.qc.ca\\\/en\\\/candidatures-a-lelection-2026\\\/\",\"url\":\"https:\\\/\\\/www.barreaudemontreal.qc.ca\\\/en\\\/candidatures-a-lelection-2026\\\/\",\"name\":\"Candidatures \u00e0 l'\u00e9lection 2026 - Barreau de Montr&eacute;al\",\"isPartOf\":{\"@id\":\"https:\\\/\\\/www.barreaudemontreal.qc.ca\\\/en\\\/#website\"},\"datePublished\":\"2026-04-07T18:00:00+00:00\",\"dateModified\":\"2026-04-08T23:54:25+00:00\",\"breadcrumb\":{\"@id\":\"https:\\\/\\\/www.barreaudemontreal.qc.ca\\\/en\\\/candidatures-a-lelection-2026\\\/#breadcrumb\"},\"inLanguage\":\"en-US\",\"potentialAction\":[{\"@type\":\"ReadAction\",\"target\":[\"https:\\\/\\\/www.barreaudemontreal.qc.ca\\\/en\\\/candidatures-a-lelection-2026\\\/\"]}]},{\"@type\":\"BreadcrumbList\",\"@id\":\"https:\\\/\\\/www.barreaudemontreal.qc.ca\\\/en\\\/candidatures-a-lelection-2026\\\/#breadcrumb\",\"itemListElement\":[{\"@type\":\"ListItem\",\"position\":1,\"name\":\"Home\",\"item\":\"https:\\\/\\\/www.barreaudemontreal.qc.ca\\\/en\\\/\"},{\"@type\":\"ListItem\",\"position\":2,\"name\":\"Candidatures \u00e0 l&#8217;\u00e9lection 2026\"}]},{\"@type\":\"WebSite\",\"@id\":\"https:\\\/\\\/www.barreaudemontreal.qc.ca\\\/en\\\/#website\",\"url\":\"https:\\\/\\\/www.barreaudemontreal.qc.ca\\\/en\\\/\",\"name\":\"Barreau de Montr&eacute;al\",\"description\":\"La plus grande section du Barreau du Qu&eacute;bec\",\"potentialAction\":[{\"@type\":\"SearchAction\",\"target\":{\"@type\":\"EntryPoint\",\"urlTemplate\":\"https:\\\/\\\/www.barreaudemontreal.qc.ca\\\/en\\\/?s={search_term_string}\"},\"query-input\":{\"@type\":\"PropertyValueSpecification\",\"valueRequired\":true,\"valueName\":\"search_term_string\"}}],\"inLanguage\":\"en-US\"}]}<\/script>\n<!-- \/ Yoast SEO plugin. -->","yoast_head_json":{"title":"Candidatures \u00e0 l'\u00e9lection 2026 - Barreau de Montr&eacute;al","robots":{"index":"index","follow":"follow","max-snippet":"max-snippet:-1","max-image-preview":"max-image-preview:large","max-video-preview":"max-video-preview:-1"},"canonical":"https:\/\/www.barreaudemontreal.qc.ca\/en\/candidatures-a-lelection-2026\/","og_locale":"en_US","og_type":"article","og_title":"Candidatures \u00e0 l'\u00e9lection 2026 - Barreau de Montr&eacute;al","og_description":"DEUX POSTES DE CONSEILLERS ANGLOPHONES Il y aura \u00e9lection, car le nombre de candidats exc\u00e8de le nombre de postes de conseillers anglophones \u00e0 combler. Trois membres ont pos\u00e9 leur candidature [&hellip;]","og_url":"https:\/\/www.barreaudemontreal.qc.ca\/en\/candidatures-a-lelection-2026\/","og_site_name":"Barreau de Montr&eacute;al","article_modified_time":"2026-04-08T23:54:25+00:00","twitter_card":"summary_large_image","twitter_misc":{"Est. reading time":"1 minute"},"schema":{"@context":"https:\/\/schema.org","@graph":[{"@type":"WebPage","@id":"https:\/\/www.barreaudemontreal.qc.ca\/en\/candidatures-a-lelection-2026\/","url":"https:\/\/www.barreaudemontreal.qc.ca\/en\/candidatures-a-lelection-2026\/","name":"Candidatures \u00e0 l'\u00e9lection 2026 - Barreau de Montr&eacute;al","isPartOf":{"@id":"https:\/\/www.barreaudemontreal.qc.ca\/en\/#website"},"datePublished":"2026-04-07T18:00:00+00:00","dateModified":"2026-04-08T23:54:25+00:00","breadcrumb":{"@id":"https:\/\/www.barreaudemontreal.qc.ca\/en\/candidatures-a-lelection-2026\/#breadcrumb"},"inLanguage":"en-US","potentialAction":[{"@type":"ReadAction","target":["https:\/\/www.barreaudemontreal.qc.ca\/en\/candidatures-a-lelection-2026\/"]}]},{"@type":"BreadcrumbList","@id":"https:\/\/www.barreaudemontreal.qc.ca\/en\/candidatures-a-lelection-2026\/#breadcrumb","itemListElement":[{"@type":"ListItem","position":1,"name":"Home","item":"https:\/\/www.barreaudemontreal.qc.ca\/en\/"},{"@type":"ListItem","position":2,"name":"Candidatures \u00e0 l&#8217;\u00e9lection 2026"}]},{"@type":"WebSite","@id":"https:\/\/www.barreaudemontreal.qc.ca\/en\/#website","url":"https:\/\/www.barreaudemontreal.qc.ca\/en\/","name":"Barreau de Montr&eacute;al","description":"La plus grande section du Barreau du Qu&eacute;bec","potentialAction":[{"@type":"SearchAction","target":{"@type":"EntryPoint","urlTemplate":"https:\/\/www.barreaudemontreal.qc.ca\/en\/?s={search_term_string}"},"query-input":{"@type":"PropertyValueSpecification","valueRequired":true,"valueName":"search_term_string"}}],"inLanguage":"en-US"}]}},"_links":{"self":[{"href":"https:\/\/www.barreaudemontreal.qc.ca\/en\/wp-json\/wp\/v2\/pages\/49272","targetHints":{"allow":["GET"]}}],"collection":[{"href":"https:\/\/www.barreaudemontreal.qc.ca\/en\/wp-json\/wp\/v2\/pages"}],"about":[{"href":"https:\/\/www.barreaudemontreal.qc.ca\/en\/wp-json\/wp\/v2\/types\/page"}],"author":[{"embeddable":true,"href":"https:\/\/www.barreaudemontreal.qc.ca\/en\/wp-json\/wp\/v2\/users\/3"}],"replies":[{"embeddable":true,"href":"https:\/\/www.barreaudemontreal.qc.ca\/en\/wp-json\/wp\/v2\/comments?post=49272"}],"version-history":[{"count":34,"href":"https:\/\/www.barreaudemontreal.qc.ca\/en\/wp-json\/wp\/v2\/pages\/49272\/revisions"}],"predecessor-version":[{"id":49423,"href":"https:\/\/www.barreaudemontreal.qc.ca\/en\/wp-json\/wp\/v2\/pages\/49272\/revisions\/49423"}],"wp:attachment":[{"href":"https:\/\/www.barreaudemontreal.qc.ca\/en\/wp-json\/wp\/v2\/media?parent=49272"}],"curies":[{"name":"wp","href":"https:\/\/api.w.org\/{rel}","templated":true}]}}