{"id":44929,"date":"2025-11-10T12:24:13","date_gmt":"2025-11-10T17:24:13","guid":{"rendered":"https:\/\/www.barreaudemontreal.qc.ca\/?page_id=44929"},"modified":"2026-01-14T15:54:20","modified_gmt":"2026-01-14T20:54:20","slug":"programmes-de-bourses","status":"publish","type":"page","link":"https:\/\/www.barreaudemontreal.qc.ca\/en\/aide-financiere\/programmes-de-bourses\/","title":{"rendered":"Programmes de bourses"},"content":{"rendered":"\n<div class=\"wp-block-columns is-layout-flex wp-container-core-columns-is-layout-9d6595d7 wp-block-columns-is-layout-flex\">\n<div class=\"wp-block-column is-layout-flow wp-block-column-is-layout-flow\" style=\"flex-basis:66.66666%\">\n<h2 class=\"wp-block-heading\"><br>Bourses pour la rel\u00e8ve en droit de l&#8217;immigration et en droit de la jeunesse<\/h2>\n\n\n\n<p>Ce programme d&#8217;aide financi\u00e8re est offert aux stagiaires, aux \u00e9tudiants inscrits \u00e0 une ma\u00eetrise en 2<sup>e <\/sup>cycle de droit \u00e0 Montr\u00e9al ou \u00e0 l&#8217;\u00c9cole du Barreau, ainsi qu&#8217;aux avocats qui d\u00e9montrent un int\u00e9r\u00eat marqu\u00e9 pour le droit de l\u2019immigration ou le droit de la jeunesse.<\/p>\n\n\n\n<div style=\"height:20px\" aria-hidden=\"true\" class=\"wp-block-spacer\"><\/div>\n\n\n\n<h5 class=\"wp-block-heading\">Une bourse pour soutenir votre sp\u00e9cialisation et reconnaitre votre engagement<\/h5>\n\n\n\n<p>Cette bourse vise \u00e0 soutenir et encourager la rel\u00e8ve, en r\u00e9duisant les obstacles financiers \u00e0 la sp\u00e9cialisation, tout en valorisant l\u2019engagement social des personnes qui souhaitent \u0153uvrer en immigration ou en jeunesse, des domaines de droit essentiels et stimulants, au service des populations plus vuln\u00e9rables.<\/p>\n\n\n\n<div style=\"height:15px\" aria-hidden=\"true\" class=\"wp-block-spacer\"><\/div>\n\n\n\n    <style>\n        div.panel {\n            display: none;\n        }\n\n        div.panel.show {\n            display: block !important;\n        }\n    <\/style>\n    <div class=\"accoSection\">\n\n\n\n                    <div class=\"\" id=\"accordionExample\">\n                \n                    <div class=\"card cardMain \">\n                        <div class=\"cardHeader \" id=\"heading-1\">\n\n                            <div class=\"cardIn collapsed\" type=\"button\" \n                                 data-toggle=\"collapse\" data-target=\"#collapse-1\" \n                                 aria-expanded=\"true\" aria-controls=\"collapse-1\">\n                                <h6>Valeur de la bourse : 5000$<\/h6>\n                            <\/div>\n\n                        <\/div>\n\n                        <div id=\"collapse-1\" class=\" collapse\" \n                             aria-labelledby=\"heading-1\" \n                             data-parent=\"#accordionExample\">\n                            <div class=\"cardBody \">\n                                <p>Chaque bourse attribu\u00e9e sera d\u2019un montant de 5\u2009000&nbsp;$, \u00e0 la suite de l\u2019\u00e9valuation du dossier complet.<\/p>\n<p>Afin de permettre \u00e0 un plus grand nombre de candidats de b\u00e9n\u00e9ficier du programme, une seule bourse est attribu\u00e9e par personne. Ainsi, tout r\u00e9cipiendaire d\u2019une bourse ne pourra soumettre une nouvelle demande dans les ann\u00e9es subs\u00e9quentes, m\u00eame s\u2019il poursuit son parcours dans les domaines du droit de l\u2019immigration ou du droit de la jeunesse.&nbsp;<\/p>\n<p>En plus de recevoir un soutien financier, les r\u00e9cipiendaires de la bourse pourront b\u00e9n\u00e9ficier d\u2019un programme de mentorat avec des avocats exp\u00e9riment\u00e9s en droit de l\u2019immigration et en droit de la jeunesse, d\u00e8s sa mise en place, afin de faciliter l&#8217;int\u00e9gration dans la pratique active de ces domaines. <a href=\"https:\/\/app.cyberimpact.com\/clients\/42043\/subscribe-forms\/4B641872-CFD7-4B7A-814F-8D620C185755\" target=\"_blank\" rel=\"noopener\">Restez connect\u00e9s \u00e0 notre infolettre<\/a> pour ne rien manquer!<\/p>\n                            <\/div>\n                        <\/div>\n                    <\/div>\n                    \n                    <div class=\"card cardMain \">\n                        <div class=\"cardHeader \" id=\"heading-2\">\n\n                            <div class=\"cardIn collapsed\" type=\"button\" \n                                 data-toggle=\"collapse\" data-target=\"#collapse-2\" \n                                 aria-expanded=\"true\" aria-controls=\"collapse-2\">\n                                <h6>Crit\u00e8res d&#8217;admissibilit\u00e9<\/h6>\n                            <\/div>\n\n                        <\/div>\n\n                        <div id=\"collapse-2\" class=\" collapse\" \n                             aria-labelledby=\"heading-2\" \n                             data-parent=\"#accordionExample\">\n                            <div class=\"cardBody \">\n                                <p>Les crit\u00e8res d&#8217;admissibilit\u00e9 suivants sont \u00e9valu\u00e9s et pris en consid\u00e9ration pour d\u00e9terminer l\u2019octroi de l&#8217;aide financi\u00e8re. Pour \u00eatre admissible \u00e0 une bourse, la personne candidate doit :<\/p>\n<p><!-- \/wp:paragraph --> <!-- wp:list --><\/p>\n<ul class=\"wp-block-list\">\n<li style=\"list-style-type: none;\">\n<ul class=\"wp-block-list\"><!-- wp:list-item --><\/p>\n<li><strong>\u00catre citoyenne canadienne ou r\u00e9sidente permanente<\/strong> ;<\/li>\n<\/ul>\n<\/li>\n<\/ul>\n<p><!-- \/wp:list-item --> <!-- wp:list-item --><\/p>\n<ul class=\"wp-block-list\">\n<li style=\"list-style-type: none;\">\n<ul class=\"wp-block-list\">\n<li><strong>D\u00e9montrer un engagement envers le droit de l\u2019immigration ou le droit de la jeunesse<\/strong> (exp\u00e9riences, projets, b\u00e9n\u00e9volat, etc.) ;<\/li>\n<\/ul>\n<\/li>\n<\/ul>\n<p><!-- \/wp:list-item --> <!-- wp:list-item --><\/p>\n<ul class=\"wp-block-list\">\n<li style=\"list-style-type: none;\">\n<ul class=\"wp-block-list\">\n<li><strong>\u00catre dans l\u2019une des situations suivantes<\/strong> :<!-- wp:list -->\n<ul class=\"wp-block-list\">\n<li style=\"list-style-type: none;\">\n<ul class=\"wp-block-list\"><!-- wp:list-item --><\/p>\n<li>Effectuer un stage du Barreau dans l\u2019un de ces domaines, \u00e0 Montr\u00e9al ;<\/li>\n<\/ul>\n<\/li>\n<\/ul>\n<p><!-- \/wp:list-item --> <!-- wp:list-item --><\/p>\n<ul class=\"wp-block-list\">\n<li style=\"list-style-type: none;\">\n<ul class=\"wp-block-list\">\n<li>\u00catre inscrite* \u00e0 un programme de 2e cycle en droit dans une universit\u00e9 montr\u00e9alaise reconnue, avec un int\u00e9r\u00eat d\u00e9montr\u00e9 pour ces domaines ;<\/li>\n<\/ul>\n<\/li>\n<\/ul>\n<p><!-- \/wp:list-item --> <!-- wp:list-item --><\/p>\n<ul class=\"wp-block-list\">\n<li style=\"list-style-type: none;\">\n<ul class=\"wp-block-list\">\n<li>\u00catre \u00e9tudiante \u00e0 l\u2019\u00c9cole du Barreau du Qu\u00e9bec ;<\/li>\n<\/ul>\n<\/li>\n<\/ul>\n<p><!-- \/wp:list-item --> <!-- wp:list-item --><\/p>\n<ul class=\"wp-block-list\">\n<li style=\"list-style-type: none;\">\n<ul class=\"wp-block-list\">\n<li>\u00catre avocate en exercice souhaitant axer sa pratique dans l\u2019un de ces domaines ;<\/li>\n<\/ul>\n<\/li>\n<\/ul>\n<p><!-- \/wp:list-item --><\/p>\n<p><!-- \/wp:list --><\/li>\n<\/ul>\n<\/li>\n<\/ul>\n<p><!-- \/wp:list-item --> <!-- wp:list-item --><\/p>\n<ul class=\"wp-block-list\">\n<li style=\"list-style-type: none;\">\n<ul class=\"wp-block-list\">\n<li>Soumettre une demande compl\u00e8te dans les d\u00e9lais requis.<\/li>\n<\/ul>\n<\/li>\n<\/ul>\n<p><!-- \/wp:list-item --><\/p>\n<p><!-- \/wp:list --> <!-- wp:paragraph --><\/p>\n<p><em>*Avoir compl\u00e9t\u00e9 les d\u00e9marches d\u2019admission aupr\u00e8s de l\u2019\u00e9tablissement, avoir \u00e9t\u00e9 accept\u00e9e officiellement dans le programme, \u00eatre activement enregistr\u00e9e comme \u00e9tudiante pour la session en cours ou \u00e0 venir et figurer dans les registres de l\u2019\u00e9tablissement comme membre du programme avec un statut d\u2019inscription valide.<\/em><\/p>\n<p><!-- \/wp:paragraph --> <!-- wp:paragraph --><\/p>\n<p>Seuls les dossiers respectant l\u2019ensemble de ces crit\u00e8res seront consid\u00e9r\u00e9s.<\/p>\n                            <\/div>\n                        <\/div>\n                    <\/div>\n                    \n                    <div class=\"card cardMain \">\n                        <div class=\"cardHeader \" id=\"heading-3\">\n\n                            <div class=\"cardIn collapsed\" type=\"button\" \n                                 data-toggle=\"collapse\" data-target=\"#collapse-3\" \n                                 aria-expanded=\"true\" aria-controls=\"collapse-3\">\n                                <h6>Documentation en appui au dossier de candidature <\/h6>\n                            <\/div>\n\n                        <\/div>\n\n                        <div id=\"collapse-3\" class=\" collapse\" \n                             aria-labelledby=\"heading-3\" \n                             data-parent=\"#accordionExample\">\n                            <div class=\"cardBody \">\n                                <p>Le dossier de candidature doit inclure les documents suivants qui devront \u00eatre joints au formulaire de demande en ligne :<\/p>\n<ol>\n<li><strong>Une lettre de motivation<\/strong> (750-1000 mots maximum) selon <a href=\"https:\/\/www.barreaudemontreal.qc.ca\/wp-content\/uploads\/modele_lettre_de_motivation_boursesreleveij.docx\" target=\"_blank\" rel=\"noopener\">le mod\u00e8le pr\u00e9vu par le Barreau de Montr\u00e9al<\/a>;<\/li>\n<li><strong>Une preuve<\/strong> de citoyennet\u00e9 canadienne ou de r\u00e9sidence permanente;<\/li>\n<li><strong>Un curriculum vitae<\/strong>;<\/li>\n<li><strong>Une preuve d\u2019inscription<\/strong>&nbsp;\u00e0 un programme de 2<sup>e<\/sup>cycle en droit, dans une institution universitaire montr\u00e9alaise reconnue, avec un int\u00e9r\u00eat d\u00e9montr\u00e9 pour le droit de l\u2019immigration ou de la jeunesse ou \u00e0 l\u2019\u00c9cole du Barreau;<\/li>\n<li><strong>Au moins une lettre de recommandation<\/strong> (d\u2019un professeur, du maitre de stage ou d\u2019autres professionnels du droit, le cas \u00e9ch\u00e9ant).<\/li>\n<\/ol>\n                            <\/div>\n                        <\/div>\n                    <\/div>\n                                <\/div>\n            <\/div>\n    \n\n\n<div style=\"height:20px\" aria-hidden=\"true\" class=\"wp-block-spacer\"><\/div>\n\n\n\n<div style=\"height:20px\" aria-hidden=\"true\" class=\"wp-block-spacer\"><\/div>\n\n\n\n<h3 class=\"wp-block-heading\">Comment d\u00e9poser votre dossier de candidature<\/h3>\n\n\n\n<div style=\"height:10px\" aria-hidden=\"true\" class=\"wp-block-spacer\"><\/div>\n\n\n\n<ol class=\"wp-block-list\">\n<li><strong>Prendre connaissance des <a href=\"https:\/\/www.barreaudemontreal.qc.ca\/?page_id=44640\">modalit\u00e9s du programme<\/a><\/strong> et vous assurer de r\u00e9pondre \u00e0 tous les crit\u00e8res d\u2019admissibilit\u00e9.<br><br><\/li>\n\n\n\n<li><strong>Pr\u00e9parer votre dossier <\/strong>avec l&#8217;ensemble des pi\u00e8ces justificatives requises et soumettre votre dossier avant la date limite de d\u00e9p\u00f4t des candidatures.<br><br><\/li>\n\n\n\n<li><strong>Remplir le formulaire de demande de bourse<\/strong> ci-dessous en prenant soin d&#8217;inclure tous les documents requis \u00e0 l&#8217;\u00e9valuation de votre dossier.<\/li>\n<\/ol>\n\n\n\n<div style=\"height:10px\" aria-hidden=\"true\" class=\"wp-block-spacer\"><\/div>\n\n\n\n<div class=\"wp-block-buttons is-content-justification-left is-layout-flex wp-container-core-buttons-is-layout-fdcfc74e wp-block-buttons-is-layout-flex\">\n<div class=\"wp-block-button\"><a class=\"wp-block-button__link has-central-palette-6-color has-central-palette-2-background-color has-text-color has-background has-link-color wp-element-button\" href=\"https:\/\/www.barreaudemontreal.qc.ca\/aide-financiere\/programmes-de-bourses\/bourses-pour-la-releve-en-droit-de-limmigration-jeunesse\/\" style=\"border-radius:100px\">Soumettre une demande de bourse<\/a><\/div>\n<\/div>\n\n\n\n<p><\/p>\n\n\n\n<div style=\"height:40px\" aria-hidden=\"true\" class=\"wp-block-spacer\"><\/div>\n<\/div>\n\n\n\n<div class=\"wp-block-column is-layout-flow wp-block-column-is-layout-flow\" style=\"flex-basis:33.33333%\">\n<div class=\"whiteBox textBoxNew textBoxNew\" id=\"textBoxNew-block_8578e9676de7a93e8f3a90b8581d1a69\">\n\n<h5><span style=\"color: #730030\">Soumettre une candidature<br \/>\n<\/span><\/h5>\n<p><img decoding=\"async\" class=\"alignleft wp-image-13345\" src=\"https:\/\/www.barreaudemontreal.qc.ca\/wp-content\/uploads\/icones\/Download.svg\" alt=\"\" width=\"21\" height=\"25\"> <a href=\"https:\/\/www.barreaudemontreal.qc.ca\/en\/aide-financiere\/programmes-de-bourses\/bourses-pour-la-releve-en-droit-de-limmigration-jeunesse\/\" target=\"_blank\" rel=\"noopener\">Formulaire de d\u00e9p\u00f4t de candidature<\/a><\/p>\n<p><em><strong>Avant de d\u00e9poser une candidature<\/strong>, veuillez consulter les <a href=\"https:\/\/www.barreaudemontreal.qc.ca\/en\/aide-financiere\/programmes-de-bourses\/modalites-du-programme-de-bourses-en-droit-de-limmigration-et-en-droit-de-la-jeunesse\/\" target=\"_blank\" rel=\"noopener\">modalit\u00e9s du programme.<\/a><\/em><\/p>\n<h5><span style=\"color: #730030\"><br \/>\nDocuments \u00e0 t\u00e9l\u00e9charger<\/span><\/h5>\n<p><img decoding=\"async\" class=\"alignleft wp-image-13345\" src=\"https:\/\/www.barreaudemontreal.qc.ca\/wp-content\/uploads\/icones\/Download.svg\" alt=\"\" width=\"21\" height=\"25\"> <a href=\"https:\/\/www.barreaudemontreal.qc.ca\/wp-content\/uploads\/modele_lettre_de_motivation_boursesreleveij.docx\">Mod\u00e8le de lettre de motivation<\/a><\/p>\n<p><!-- wp:image {\"id\":37478,\"width\":\"241px\",\"height\":\"auto\",\"scale\":\"cover\",\"sizeSlug\":\"large\",\"linkDestination\":\"none\",\"align\":\"center\"} --><\/p>\n<p><!-- wp:image {\"id\":37478,\"width\":\"241px\",\"height\":\"auto\",\"scale\":\"cover\",\"sizeSlug\":\"large\",\"linkDestination\":\"none\",\"align\":\"center\"} --><\/p>\n<p><!-- \/wp:image --><!-- \/wp:image --><\/p>\n<\/div>\n\n\n<div style=\"height:20px\" aria-hidden=\"true\" class=\"wp-block-spacer\"><\/div>\n\n\n<div class=\"lightRedBox textBoxNew\">\n\n<h5>Dates importantes<\/h5>\n<ul>\n<li><strong>Ouverture des candidatures<\/strong>:<br \/>\n15 janvier 2026<\/li>\n<li><strong>Date limite de d\u00e9p\u00f4t des candidatures<\/strong>:<br \/>\n31 mars 2026<\/li>\n<li><strong>Annonce des r\u00e9sultats<\/strong>:<br \/>\nAu plus tard le 30 juin 2026<\/li>\n<li><strong>Versement des bourses<\/strong>:<br \/>\nAu plus tard le 31 ao\u00fbt 2026<\/li>\n<\/ul>\n<\/div>\n\n\n<div style=\"height:20px\" aria-hidden=\"true\" class=\"wp-block-spacer\"><\/div>\n<\/div>\n<\/div>\n\n\n\n<p><br><br><\/p>\n","protected":false},"excerpt":{"rendered":"<p>Bourses pour la rel\u00e8ve en droit de l&#8217;immigration et en droit de la jeunesse Ce programme d&#8217;aide financi\u00e8re est offert aux stagiaires, aux \u00e9tudiants inscrits \u00e0 une ma\u00eetrise en 2e [&hellip;]<\/p>\n","protected":false},"author":3,"featured_media":0,"parent":39856,"menu_order":0,"comment_status":"closed","ping_status":"closed","template":"","meta":{"_acf_changed":false,"_editorskit_title_hidden":false,"_editorskit_reading_time":0,"_editorskit_is_block_options_detached":false,"_editorskit_block_options_position":"{}","inline_featured_image":false,"ngg_post_thumbnail":0,"footnotes":""},"class_list":["post-44929","page","type-page","status-publish","hentry"],"acf":[],"yoast_head":"<!-- This site is optimized with the Yoast SEO plugin v27.4 - https:\/\/yoast.com\/product\/yoast-seo-wordpress\/ -->\n<title>Programmes de bourses - Barreau de Montr&eacute;al<\/title>\n<meta name=\"robots\" content=\"index, follow, max-snippet:-1, max-image-preview:large, max-video-preview:-1\" \/>\n<link rel=\"canonical\" href=\"https:\/\/www.barreaudemontreal.qc.ca\/en\/aide-financiere\/programmes-de-bourses\/\" \/>\n<meta property=\"og:locale\" content=\"en_US\" \/>\n<meta property=\"og:type\" content=\"article\" \/>\n<meta property=\"og:title\" content=\"Programmes de bourses - Barreau de Montr&eacute;al\" \/>\n<meta property=\"og:description\" content=\"Bourses pour la rel\u00e8ve en droit de l&#8217;immigration et en droit de la jeunesse Ce programme d&#8217;aide financi\u00e8re est offert aux stagiaires, aux \u00e9tudiants inscrits \u00e0 une ma\u00eetrise en 2e [&hellip;]\" \/>\n<meta property=\"og:url\" content=\"https:\/\/www.barreaudemontreal.qc.ca\/en\/aide-financiere\/programmes-de-bourses\/\" \/>\n<meta property=\"og:site_name\" content=\"Barreau de Montr&eacute;al\" \/>\n<meta property=\"article:modified_time\" content=\"2026-01-14T20:54:20+00:00\" \/>\n<meta name=\"twitter:card\" content=\"summary_large_image\" \/>\n<meta name=\"twitter:label1\" content=\"Est. reading time\" \/>\n\t<meta name=\"twitter:data1\" content=\"1 minute\" \/>\n<script type=\"application\/ld+json\" class=\"yoast-schema-graph\">{\"@context\":\"https:\\\/\\\/schema.org\",\"@graph\":[{\"@type\":\"WebPage\",\"@id\":\"https:\\\/\\\/www.barreaudemontreal.qc.ca\\\/en\\\/aide-financiere\\\/programmes-de-bourses\\\/\",\"url\":\"https:\\\/\\\/www.barreaudemontreal.qc.ca\\\/en\\\/aide-financiere\\\/programmes-de-bourses\\\/\",\"name\":\"Programmes de bourses - Barreau de Montr&eacute;al\",\"isPartOf\":{\"@id\":\"https:\\\/\\\/www.barreaudemontreal.qc.ca\\\/en\\\/#website\"},\"datePublished\":\"2025-11-10T17:24:13+00:00\",\"dateModified\":\"2026-01-14T20:54:20+00:00\",\"breadcrumb\":{\"@id\":\"https:\\\/\\\/www.barreaudemontreal.qc.ca\\\/en\\\/aide-financiere\\\/programmes-de-bourses\\\/#breadcrumb\"},\"inLanguage\":\"en-US\",\"potentialAction\":[{\"@type\":\"ReadAction\",\"target\":[\"https:\\\/\\\/www.barreaudemontreal.qc.ca\\\/en\\\/aide-financiere\\\/programmes-de-bourses\\\/\"]}]},{\"@type\":\"BreadcrumbList\",\"@id\":\"https:\\\/\\\/www.barreaudemontreal.qc.ca\\\/en\\\/aide-financiere\\\/programmes-de-bourses\\\/#breadcrumb\",\"itemListElement\":[{\"@type\":\"ListItem\",\"position\":1,\"name\":\"Home\",\"item\":\"https:\\\/\\\/www.barreaudemontreal.qc.ca\\\/en\\\/\"},{\"@type\":\"ListItem\",\"position\":2,\"name\":\"Aide financi\u00e8re\",\"item\":\"https:\\\/\\\/www.barreaudemontreal.qc.ca\\\/en\\\/aide-financiere\\\/\"},{\"@type\":\"ListItem\",\"position\":3,\"name\":\"Programmes de bourses\"}]},{\"@type\":\"WebSite\",\"@id\":\"https:\\\/\\\/www.barreaudemontreal.qc.ca\\\/en\\\/#website\",\"url\":\"https:\\\/\\\/www.barreaudemontreal.qc.ca\\\/en\\\/\",\"name\":\"Barreau de Montr&eacute;al\",\"description\":\"La plus grande section du Barreau du Qu&eacute;bec\",\"potentialAction\":[{\"@type\":\"SearchAction\",\"target\":{\"@type\":\"EntryPoint\",\"urlTemplate\":\"https:\\\/\\\/www.barreaudemontreal.qc.ca\\\/en\\\/?s={search_term_string}\"},\"query-input\":{\"@type\":\"PropertyValueSpecification\",\"valueRequired\":true,\"valueName\":\"search_term_string\"}}],\"inLanguage\":\"en-US\"}]}<\/script>\n<!-- \/ Yoast SEO plugin. -->","yoast_head_json":{"title":"Programmes de bourses - Barreau de Montr&eacute;al","robots":{"index":"index","follow":"follow","max-snippet":"max-snippet:-1","max-image-preview":"max-image-preview:large","max-video-preview":"max-video-preview:-1"},"canonical":"https:\/\/www.barreaudemontreal.qc.ca\/en\/aide-financiere\/programmes-de-bourses\/","og_locale":"en_US","og_type":"article","og_title":"Programmes de bourses - Barreau de Montr&eacute;al","og_description":"Bourses pour la rel\u00e8ve en droit de l&#8217;immigration et en droit de la jeunesse Ce programme d&#8217;aide financi\u00e8re est offert aux stagiaires, aux \u00e9tudiants inscrits \u00e0 une ma\u00eetrise en 2e [&hellip;]","og_url":"https:\/\/www.barreaudemontreal.qc.ca\/en\/aide-financiere\/programmes-de-bourses\/","og_site_name":"Barreau de Montr&eacute;al","article_modified_time":"2026-01-14T20:54:20+00:00","twitter_card":"summary_large_image","twitter_misc":{"Est. reading time":"1 minute"},"schema":{"@context":"https:\/\/schema.org","@graph":[{"@type":"WebPage","@id":"https:\/\/www.barreaudemontreal.qc.ca\/en\/aide-financiere\/programmes-de-bourses\/","url":"https:\/\/www.barreaudemontreal.qc.ca\/en\/aide-financiere\/programmes-de-bourses\/","name":"Programmes de bourses - Barreau de Montr&eacute;al","isPartOf":{"@id":"https:\/\/www.barreaudemontreal.qc.ca\/en\/#website"},"datePublished":"2025-11-10T17:24:13+00:00","dateModified":"2026-01-14T20:54:20+00:00","breadcrumb":{"@id":"https:\/\/www.barreaudemontreal.qc.ca\/en\/aide-financiere\/programmes-de-bourses\/#breadcrumb"},"inLanguage":"en-US","potentialAction":[{"@type":"ReadAction","target":["https:\/\/www.barreaudemontreal.qc.ca\/en\/aide-financiere\/programmes-de-bourses\/"]}]},{"@type":"BreadcrumbList","@id":"https:\/\/www.barreaudemontreal.qc.ca\/en\/aide-financiere\/programmes-de-bourses\/#breadcrumb","itemListElement":[{"@type":"ListItem","position":1,"name":"Home","item":"https:\/\/www.barreaudemontreal.qc.ca\/en\/"},{"@type":"ListItem","position":2,"name":"Aide financi\u00e8re","item":"https:\/\/www.barreaudemontreal.qc.ca\/en\/aide-financiere\/"},{"@type":"ListItem","position":3,"name":"Programmes de bourses"}]},{"@type":"WebSite","@id":"https:\/\/www.barreaudemontreal.qc.ca\/en\/#website","url":"https:\/\/www.barreaudemontreal.qc.ca\/en\/","name":"Barreau de Montr&eacute;al","description":"La plus grande section du Barreau du Qu&eacute;bec","potentialAction":[{"@type":"SearchAction","target":{"@type":"EntryPoint","urlTemplate":"https:\/\/www.barreaudemontreal.qc.ca\/en\/?s={search_term_string}"},"query-input":{"@type":"PropertyValueSpecification","valueRequired":true,"valueName":"search_term_string"}}],"inLanguage":"en-US"}]}},"_links":{"self":[{"href":"https:\/\/www.barreaudemontreal.qc.ca\/en\/wp-json\/wp\/v2\/pages\/44929","targetHints":{"allow":["GET"]}}],"collection":[{"href":"https:\/\/www.barreaudemontreal.qc.ca\/en\/wp-json\/wp\/v2\/pages"}],"about":[{"href":"https:\/\/www.barreaudemontreal.qc.ca\/en\/wp-json\/wp\/v2\/types\/page"}],"author":[{"embeddable":true,"href":"https:\/\/www.barreaudemontreal.qc.ca\/en\/wp-json\/wp\/v2\/users\/3"}],"replies":[{"embeddable":true,"href":"https:\/\/www.barreaudemontreal.qc.ca\/en\/wp-json\/wp\/v2\/comments?post=44929"}],"version-history":[{"count":0,"href":"https:\/\/www.barreaudemontreal.qc.ca\/en\/wp-json\/wp\/v2\/pages\/44929\/revisions"}],"up":[{"embeddable":true,"href":"https:\/\/www.barreaudemontreal.qc.ca\/en\/wp-json\/wp\/v2\/pages\/39856"}],"wp:attachment":[{"href":"https:\/\/www.barreaudemontreal.qc.ca\/en\/wp-json\/wp\/v2\/media?parent=44929"}],"curies":[{"name":"wp","href":"https:\/\/api.w.org\/{rel}","templated":true}]}}