{"id":449,"date":"2013-04-09T12:23:06","date_gmt":"2013-04-09T12:23:06","guid":{"rendered":"http:\/\/barreau.stagingminimalmtl.com\/la-medaille-du-barreau-de-montreal-remise-a-me-paul-gerin-lajoie\/"},"modified":"2023-02-07T09:10:29","modified_gmt":"2023-02-07T14:10:29","slug":"la-medaille-du-barreau-de-montreal-remise-a-me-paul-gerin-lajoie","status":"publish","type":"page","link":"https:\/\/www.barreaudemontreal.qc.ca\/en\/la-medaille-du-barreau-de-montreal-remise-a-me-paul-gerin-lajoie\/","title":{"rendered":"La M\u00e9daille du Barreau de Montr\u00e9al remise \u00e0 Me Paul G\u00e9rin-Lajoie"},"content":{"rendered":"<p>Le 2 septembre dernier, \u00e0 l&#8217;occasion de la Journ\u00e9e du Barreau, le b\u00e2tonnier de Montr\u00e9al, Me Marc Charbonneau, a remis la M\u00e9daille du Barreau de Montr\u00e9al \u00e0 M<sup>e<\/sup><strong> Paul G\u00e9rin-Lajoie, C.C., G.O.Q., c.r.<\/strong> pour avoir d\u00e9fendu si brillamment le droit \u00e0 l&#8217;\u00e9ducation pour tous et pour l&#8217;impact qu&#8217;il a eu sur la soci\u00e9t\u00e9 et sur la jeunesse d&#8217;ici et d&#8217;ailleurs.<\/p>\n<p>Le sens de la justice a aiguill\u00e9 toute sa vie, qu&#8217;il a consacr\u00e9 \u00e0 l&#8217;accessibilit\u00e9 \u00e0 l&#8217;\u00e9ducation \u00ab pour qu&#8217;une nouvelle g\u00e9n\u00e9ration puisse se lever et b\u00e2tir leur village, leur r\u00e9gion et participer au d\u00e9veloppement \u00e9conomique bas\u00e9 sur la durabilit\u00e9 et le respect de leur environnement et leur culture. \u00bb<\/p>\n<p>\u00ab D\u00e8s le d\u00e9but de ma vie professionnelle, c&#8217;est \u00e0 titre d&#8217;avocat que je voulais \u00eatre reconnu, a d\u00e9clar\u00e9 le r\u00e9cipiendaire qui c\u00e9l\u00e8bre cette ann\u00e9e ses 90 ans. Cela para\u00eet logique pour un jeune homme issu de plusieurs lign\u00e9es d&#8217;avocats et de juges. Aujourd&#8217;hui, \u00eatre ainsi reconnu me touche profond\u00e9ment. \u00bb Le vibrant discours qu&#8217;il a livr\u00e9 pour l&#8217;occasion fut pour tous une v\u00e9ritable source\u00a0d&#8217;inspiration.<\/p>\n<p>Admis au Barreau du Qu\u00e9bec en 1943, boursier Rhodes en 1945 et docteur en droit constitutionnel en 1948, M<sup>e<\/sup> Paul G\u00e9rin-Lajoie se consacre \u00e0 la pratique du droit au sein du cabinet Lajoie, G\u00e9linas et associ\u00e9s de Montr\u00e9al, tout en prenant part \u00e0 la vie publique du Qu\u00e9bec.<\/p>\n<p>L&#8217;ann\u00e9e 1960 marque pour lui un tournant. Il est \u00e9lu d\u00e9put\u00e9 lib\u00e9ral dans Vaudreuil-Soulanges au sein de l&#8217;\u00e9quipe dite \u00ab du tonnerre \u00bb de Jean Lesage, qui a marqu\u00e9 le Qu\u00e9bec.<\/p>\n<p>Cette ann\u00e9e marquant le 50e anniversaire de la R\u00e9volution Tranquille qui a fa\u00e7onn\u00e9 le Qu\u00e9bec moderne, on ne peut passer sous silence le r\u00f4le de M<sup>e<\/sup> G\u00e9rin-Lajoie comme ma\u00eetre d&#8217;\u0153uvre de la r\u00e9forme de l&#8217;\u00e9ducation, \u00e0 titre de premier titulaire du minist\u00e8re de l&#8217;\u00c9ducation, en mai 1964. Le minist\u00e8re de l&#8217;\u00c9ducation remplace alors le minist\u00e8re de la Jeunesse et fait suite aux conclusions du rapport Parent qui pr\u00e9conise la gratuit\u00e9 scolaire et l&#8217;accessibilit\u00e9 aux \u00e9tudes. \u00ab Qui s&#8217;instruit s&#8217;enrichit \u00bb comme le dit la devise de l&#8217;\u00e9poque.<\/p>\n<p>Paul G\u00e9rin-Lajoie initie \u00e9galement les d\u00e9marches qui m\u00e8neront \u00e0 la cr\u00e9ation du r\u00e9seau coll\u00e9gial qu\u00e9b\u00e9cois en 1967 et de l&#8217;Universit\u00e9 du Qu\u00e9bec en 1968. L&#8217;int\u00e9gration des \u00e9tablissements d&#8217;enseignement \u00e0 l&#8217;appareil \u00e9tatique civil contribue \u00e0 la d\u00e9finition du Qu\u00e9bec comme soci\u00e9t\u00e9 moderne, la\u00efque et \u00e9galitaire.<\/p>\n<p>Dans ce m\u00eame esprit d&#8217;ouverture sur le monde, il a formul\u00e9 en 1965 les principes de la politique internationale du Qu\u00e9bec, appel\u00e9e la doctrine G\u00e9rin-Lajoie, que l&#8217;on peut r\u00e9sumer par \u00ab le prolongement international des comp\u00e9tences internes du Qu\u00e9bec \u00bb.<\/p>\n<p>L&#8217;engagement de M<sup>e<\/sup> G\u00e9rin-Lajoie pour l&#8217;\u00e9ducation et la coop\u00e9ration internationale conduira \u00e0 la cr\u00e9ation, en 1977, de la Fondation Paul G\u00e9rin-Lajoie. Cette fondation a pour mission de contribuer \u00e0 l&#8217;\u00e9ducation de base des enfants et \u00e0 l&#8217;alphab\u00e9tisation des adultes dans les pays les plus d\u00e9munis, de m\u00eame qu&#8217;\u00e0 l&#8217;\u00e9veil aux r\u00e9alit\u00e9s internationales chez les enfants des \u00e9coles primaires au Qu\u00e9bec et au Canada. La Fondation Paul-G\u00e9rin Lajoie \u0153uvre plus particuli\u00e8rement en Afrique francophone et \u00e0\u00a0Ha\u00efti.<\/p>\n<p>L&#8217;\u0153uvre de M<sup>e<\/sup> G\u00e9rin-Lajoie pour l&#8217;\u00e9ducation universelle donne tout son sens \u00e0 la Convention internationale des droits de l&#8217;enfant de l&#8217;ONU, dont on c\u00e9l\u00e9brait les 20 ans en novembre 2009. Le droit \u00e0 l&#8217;\u00e9ducation est \u00e0 la base de tous les autres droits, car \u00e0 quoi sert-il d&#8217;avoir des droits si on en ignore l&#8217;existence et si l&#8217;on ne peut, de ce fait, les exercer ? Le droit \u00e0 la scolarisation s&#8217;av\u00e8re le moteur de l&#8217;\u00e9volution des droits de la personne \u00e0 travers le monde. C&#8217;est gr\u00e2ce \u00e0 la connaissance que l&#8217;on peut acc\u00e9der \u00e0 la libert\u00e9 et Me G\u00e9rin-Lajoie l&#8217;a bien compris.<\/p>\n<p>Par les initiatives de sa Fondation, tr\u00e8s pr\u00e9sente dans les \u00e9coles du Qu\u00e9bec, Paul G\u00e9rin-Lajoie permet aux enfants d&#8217;ici d&#8217;\u00eatre sensibilis\u00e9s aux tristes r\u00e9alit\u00e9s de la pauvret\u00e9 et de l&#8217;analphab\u00e9tisme qui s\u00e9vissent encore de par le monde.<\/p>\n<p>Par cette M\u00e9daille, c&#8217;est tout le Barreau de Montr\u00e9al, et avec lui tout le Qu\u00e9bec, qui le remercient d&#8217;avoir laiss\u00e9 l&#8217;\u00e9ducation et une soci\u00e9t\u00e9 plus juste en h\u00e9ritage.<\/p>\n","protected":false},"excerpt":{"rendered":"<p>Le 2 septembre dernier, \u00e0 l&#8217;occasion de la  Journ\u00e9e du Barreau, le b\u00e2tonnier de Montr\u00e9al, Me Marc Charbonneau, a remis la  M\u00e9daille du Barreau de Montr\u00e9al \u00e0 M<sup>e<\/sup><strong> Paul G\u00e9rin-Lajoie, C.C.,  G.O.Q., c.r.<\/strong> pour avoir d\u00e9fendu si brillamment le droit \u00e0 l&#8217;\u00e9ducation  pour tous et pour l&#8217;impact qu&#8217;il a eu sur la soci\u00e9t\u00e9 et sur la jeunesse d&#8217;ici et  d&#8217;ailleurs.<\/p>\n<p><img decoding=\"async\" src=\"https:\/\/www.barreaudemontreal.qc.ca\/images\/Photos\/2010-MedaillePGL2.jpg\" height=\"368\" width=\"600\"><\/p>\n","protected":false},"author":30,"featured_media":0,"parent":0,"menu_order":89,"comment_status":"closed","ping_status":"closed","template":"","meta":{"_acf_changed":false,"_editorskit_title_hidden":false,"_editorskit_reading_time":0,"_editorskit_is_block_options_detached":false,"_editorskit_block_options_position":"{}","inline_featured_image":false,"ngg_post_thumbnail":0,"footnotes":""},"class_list":["post-449","page","type-page","status-publish","hentry"],"acf":[],"yoast_head":"<!-- This site is optimized with the Yoast SEO plugin v27.4 - https:\/\/yoast.com\/product\/yoast-seo-wordpress\/ -->\n<title>La M\u00e9daille du Barreau de Montr\u00e9al remise \u00e0 Me Paul G\u00e9rin-Lajoie - Barreau de Montr&eacute;al<\/title>\n<meta name=\"robots\" content=\"index, follow, max-snippet:-1, max-image-preview:large, max-video-preview:-1\" \/>\n<link rel=\"canonical\" href=\"https:\/\/www.barreaudemontreal.qc.ca\/en\/la-medaille-du-barreau-de-montreal-remise-a-me-paul-gerin-lajoie\/\" \/>\n<meta property=\"og:locale\" content=\"en_US\" \/>\n<meta property=\"og:type\" content=\"article\" \/>\n<meta property=\"og:title\" content=\"La M\u00e9daille du Barreau de Montr\u00e9al remise \u00e0 Me Paul G\u00e9rin-Lajoie - Barreau de Montr&eacute;al\" \/>\n<meta property=\"og:description\" content=\"Le 2 septembre dernier, \u00e0 l&#039;occasion de la Journ\u00e9e du Barreau, le b\u00e2tonnier de Montr\u00e9al, Me Marc Charbonneau, a remis la M\u00e9daille du Barreau de Montr\u00e9al \u00e0 Me Paul G\u00e9rin-Lajoie, C.C., G.O.Q., c.r. pour avoir d\u00e9fendu si brillamment le droit \u00e0 l&#039;\u00e9ducation pour tous et pour l&#039;impact qu&#039;il a eu sur la soci\u00e9t\u00e9 et sur la jeunesse d&#039;ici et d&#039;ailleurs.\" \/>\n<meta property=\"og:url\" content=\"https:\/\/www.barreaudemontreal.qc.ca\/en\/la-medaille-du-barreau-de-montreal-remise-a-me-paul-gerin-lajoie\/\" \/>\n<meta property=\"og:site_name\" content=\"Barreau de Montr&eacute;al\" \/>\n<meta property=\"article:modified_time\" content=\"2023-02-07T14:10:29+00:00\" \/>\n<meta name=\"twitter:card\" content=\"summary_large_image\" \/>\n<meta name=\"twitter:label1\" content=\"Est. reading time\" \/>\n\t<meta name=\"twitter:data1\" content=\"4 minutes\" \/>\n<script type=\"application\/ld+json\" class=\"yoast-schema-graph\">{\"@context\":\"https:\\\/\\\/schema.org\",\"@graph\":[{\"@type\":\"WebPage\",\"@id\":\"https:\\\/\\\/www.barreaudemontreal.qc.ca\\\/en\\\/la-medaille-du-barreau-de-montreal-remise-a-me-paul-gerin-lajoie\\\/\",\"url\":\"https:\\\/\\\/www.barreaudemontreal.qc.ca\\\/en\\\/la-medaille-du-barreau-de-montreal-remise-a-me-paul-gerin-lajoie\\\/\",\"name\":\"La M\u00e9daille du Barreau de Montr\u00e9al remise \u00e0 Me Paul G\u00e9rin-Lajoie - Barreau de Montr&eacute;al\",\"isPartOf\":{\"@id\":\"https:\\\/\\\/www.barreaudemontreal.qc.ca\\\/en\\\/#website\"},\"datePublished\":\"2013-04-09T12:23:06+00:00\",\"dateModified\":\"2023-02-07T14:10:29+00:00\",\"breadcrumb\":{\"@id\":\"https:\\\/\\\/www.barreaudemontreal.qc.ca\\\/en\\\/la-medaille-du-barreau-de-montreal-remise-a-me-paul-gerin-lajoie\\\/#breadcrumb\"},\"inLanguage\":\"en-US\",\"potentialAction\":[{\"@type\":\"ReadAction\",\"target\":[\"https:\\\/\\\/www.barreaudemontreal.qc.ca\\\/en\\\/la-medaille-du-barreau-de-montreal-remise-a-me-paul-gerin-lajoie\\\/\"]}]},{\"@type\":\"BreadcrumbList\",\"@id\":\"https:\\\/\\\/www.barreaudemontreal.qc.ca\\\/en\\\/la-medaille-du-barreau-de-montreal-remise-a-me-paul-gerin-lajoie\\\/#breadcrumb\",\"itemListElement\":[{\"@type\":\"ListItem\",\"position\":1,\"name\":\"Home\",\"item\":\"https:\\\/\\\/www.barreaudemontreal.qc.ca\\\/en\\\/\"},{\"@type\":\"ListItem\",\"position\":2,\"name\":\"La M\u00e9daille du Barreau de Montr\u00e9al remise \u00e0 Me Paul G\u00e9rin-Lajoie\"}]},{\"@type\":\"WebSite\",\"@id\":\"https:\\\/\\\/www.barreaudemontreal.qc.ca\\\/en\\\/#website\",\"url\":\"https:\\\/\\\/www.barreaudemontreal.qc.ca\\\/en\\\/\",\"name\":\"Barreau de Montr&eacute;al\",\"description\":\"La plus grande section du Barreau du Qu&eacute;bec\",\"potentialAction\":[{\"@type\":\"SearchAction\",\"target\":{\"@type\":\"EntryPoint\",\"urlTemplate\":\"https:\\\/\\\/www.barreaudemontreal.qc.ca\\\/en\\\/?s={search_term_string}\"},\"query-input\":{\"@type\":\"PropertyValueSpecification\",\"valueRequired\":true,\"valueName\":\"search_term_string\"}}],\"inLanguage\":\"en-US\"}]}<\/script>\n<!-- \/ Yoast SEO plugin. -->","yoast_head_json":{"title":"La M\u00e9daille du Barreau de Montr\u00e9al remise \u00e0 Me Paul G\u00e9rin-Lajoie - Barreau de Montr&eacute;al","robots":{"index":"index","follow":"follow","max-snippet":"max-snippet:-1","max-image-preview":"max-image-preview:large","max-video-preview":"max-video-preview:-1"},"canonical":"https:\/\/www.barreaudemontreal.qc.ca\/en\/la-medaille-du-barreau-de-montreal-remise-a-me-paul-gerin-lajoie\/","og_locale":"en_US","og_type":"article","og_title":"La M\u00e9daille du Barreau de Montr\u00e9al remise \u00e0 Me Paul G\u00e9rin-Lajoie - Barreau de Montr&eacute;al","og_description":"Le 2 septembre dernier, \u00e0 l'occasion de la Journ\u00e9e du Barreau, le b\u00e2tonnier de Montr\u00e9al, Me Marc Charbonneau, a remis la M\u00e9daille du Barreau de Montr\u00e9al \u00e0 Me Paul G\u00e9rin-Lajoie, C.C., G.O.Q., c.r. pour avoir d\u00e9fendu si brillamment le droit \u00e0 l'\u00e9ducation pour tous et pour l'impact qu'il a eu sur la soci\u00e9t\u00e9 et sur la jeunesse d'ici et d'ailleurs.","og_url":"https:\/\/www.barreaudemontreal.qc.ca\/en\/la-medaille-du-barreau-de-montreal-remise-a-me-paul-gerin-lajoie\/","og_site_name":"Barreau de Montr&eacute;al","article_modified_time":"2023-02-07T14:10:29+00:00","twitter_card":"summary_large_image","twitter_misc":{"Est. reading time":"4 minutes"},"schema":{"@context":"https:\/\/schema.org","@graph":[{"@type":"WebPage","@id":"https:\/\/www.barreaudemontreal.qc.ca\/en\/la-medaille-du-barreau-de-montreal-remise-a-me-paul-gerin-lajoie\/","url":"https:\/\/www.barreaudemontreal.qc.ca\/en\/la-medaille-du-barreau-de-montreal-remise-a-me-paul-gerin-lajoie\/","name":"La M\u00e9daille du Barreau de Montr\u00e9al remise \u00e0 Me Paul G\u00e9rin-Lajoie - Barreau de Montr&eacute;al","isPartOf":{"@id":"https:\/\/www.barreaudemontreal.qc.ca\/en\/#website"},"datePublished":"2013-04-09T12:23:06+00:00","dateModified":"2023-02-07T14:10:29+00:00","breadcrumb":{"@id":"https:\/\/www.barreaudemontreal.qc.ca\/en\/la-medaille-du-barreau-de-montreal-remise-a-me-paul-gerin-lajoie\/#breadcrumb"},"inLanguage":"en-US","potentialAction":[{"@type":"ReadAction","target":["https:\/\/www.barreaudemontreal.qc.ca\/en\/la-medaille-du-barreau-de-montreal-remise-a-me-paul-gerin-lajoie\/"]}]},{"@type":"BreadcrumbList","@id":"https:\/\/www.barreaudemontreal.qc.ca\/en\/la-medaille-du-barreau-de-montreal-remise-a-me-paul-gerin-lajoie\/#breadcrumb","itemListElement":[{"@type":"ListItem","position":1,"name":"Home","item":"https:\/\/www.barreaudemontreal.qc.ca\/en\/"},{"@type":"ListItem","position":2,"name":"La M\u00e9daille du Barreau de Montr\u00e9al remise \u00e0 Me Paul G\u00e9rin-Lajoie"}]},{"@type":"WebSite","@id":"https:\/\/www.barreaudemontreal.qc.ca\/en\/#website","url":"https:\/\/www.barreaudemontreal.qc.ca\/en\/","name":"Barreau de Montr&eacute;al","description":"La plus grande section du Barreau du Qu&eacute;bec","potentialAction":[{"@type":"SearchAction","target":{"@type":"EntryPoint","urlTemplate":"https:\/\/www.barreaudemontreal.qc.ca\/en\/?s={search_term_string}"},"query-input":{"@type":"PropertyValueSpecification","valueRequired":true,"valueName":"search_term_string"}}],"inLanguage":"en-US"}]}},"_links":{"self":[{"href":"https:\/\/www.barreaudemontreal.qc.ca\/en\/wp-json\/wp\/v2\/pages\/449","targetHints":{"allow":["GET"]}}],"collection":[{"href":"https:\/\/www.barreaudemontreal.qc.ca\/en\/wp-json\/wp\/v2\/pages"}],"about":[{"href":"https:\/\/www.barreaudemontreal.qc.ca\/en\/wp-json\/wp\/v2\/types\/page"}],"author":[{"embeddable":true,"href":"https:\/\/www.barreaudemontreal.qc.ca\/en\/wp-json\/wp\/v2\/users\/30"}],"replies":[{"embeddable":true,"href":"https:\/\/www.barreaudemontreal.qc.ca\/en\/wp-json\/wp\/v2\/comments?post=449"}],"version-history":[{"count":0,"href":"https:\/\/www.barreaudemontreal.qc.ca\/en\/wp-json\/wp\/v2\/pages\/449\/revisions"}],"wp:attachment":[{"href":"https:\/\/www.barreaudemontreal.qc.ca\/en\/wp-json\/wp\/v2\/media?parent=449"}],"curies":[{"name":"wp","href":"https:\/\/api.w.org\/{rel}","templated":true}]}}