{"id":44640,"date":"2025-11-12T19:26:11","date_gmt":"2025-11-13T00:26:11","guid":{"rendered":"https:\/\/www.barreaudemontreal.qc.ca\/?page_id=44640"},"modified":"2025-12-01T11:21:28","modified_gmt":"2025-12-01T16:21:28","slug":"modalites-du-programme-de-bourses-en-droit-de-limmigration-et-en-droit-de-la-jeunesse","status":"publish","type":"page","link":"https:\/\/www.barreaudemontreal.qc.ca\/en\/aide-financiere\/programmes-de-bourses\/modalites-du-programme-de-bourses-en-droit-de-limmigration-et-en-droit-de-la-jeunesse\/","title":{"rendered":"Modalit\u00e9s du programme de bourses pour la rel\u00e8ve en droit de l&#8217;immigration et en droit de la jeunesse"},"content":{"rendered":"\n<h4 class=\"wp-block-heading\">MISSION DU BARREAU DE MONTR\u00c9AL<\/h4>\n\n\n\n<p>Le Barreau de Montr\u00e9al est la plus grande section du Barreau du Qu\u00e9bec, regroupant pr\u00e8s de 17 000 membres. Il couvre l\u2019ensemble du territoire de l\u2019\u00eele de Montr\u00e9al et a pour mission principale la protection du public tout en soutenant ses membres dans l\u2019exercice de leur profession.<\/p>\n\n\n\n<div style=\"height:40px\" aria-hidden=\"true\" class=\"wp-block-spacer\"><\/div>\n\n\n\n<h4 class=\"wp-block-heading\">CHAPITRE I \u2014 OBJECTIFS DU PROGRAMME ET MODALIT\u00c9S<\/h4>\n\n\n\n<div style=\"height:10px\" aria-hidden=\"true\" class=\"wp-block-spacer\"><\/div>\n\n\n\n<p>Face \u00e0 une p\u00e9nurie pr\u00e9occupante de professionnels du droit exer\u00e7ant en immigration et en droit de la jeunesse dans le district de Montr\u00e9al, le Barreau de Montr\u00e9al lance un programme de bourses destin\u00e9 \u00e0 encourager la rel\u00e8ve dans ces domaines essentiels.<\/p>\n\n\n\n<p>Ce programme vise \u00e0 :<\/p>\n\n\n\n<ul class=\"wp-block-list\">\n<li>Stimuler l\u2019int\u00e9r\u00eat des \u00e9tudiants et avocats pour ces champs de pratique ;<\/li>\n\n\n\n<li>Soutenir financi\u00e8rement&nbsp;ceux et celles qui choisissent de s\u2019y engager ;<\/li>\n\n\n\n<li>Renforcer la capacit\u00e9 juridique&nbsp;dans ces secteurs en favorisant une rel\u00e8ve qualifi\u00e9e et motiv\u00e9e.<\/li>\n<\/ul>\n\n\n\n<p>En offrant une aide financi\u00e8re, le Barreau souhaite :<\/p>\n\n\n\n<ul class=\"wp-block-list\">\n<li>R\u00e9duire les obstacles \u00e9conomiques \u00e0 la formation ;<\/li>\n\n\n\n<li>Valoriser l\u2019engagement social des candidats ;<\/li>\n\n\n\n<li>Encourager la r\u00e9tention et le d\u00e9veloppement d\u2019aptitudes dans ces domaines.<\/li>\n<\/ul>\n\n\n\n<p>Le programme de bourses offrira une aide financi\u00e8re :<\/p>\n\n\n\n<ul class=\"wp-block-list\">\n<li>Aux stagiaires qui effectuent leur stage du Barreau, en tout ou en partie, dans l\u2019un de ces domaines ;<\/li>\n\n\n\n<li>Aux \u00e9tudiants inscrits \u00e0 un programme de 2e cycle (ma\u00eetrise, DESS, etc.) en droit avec un int\u00e9r\u00eat clairement d\u00e9montr\u00e9 pour le droit de l\u2019immigration ou le droit de la jeunesse;<\/li>\n\n\n\n<li>Aux \u00e9tudiants \u00e0 l\u2019\u00e9cole du Barreau qui d\u00e9montrent un int\u00e9r\u00eat pour le droit de l\u2019immigration ou le droit de la jeunesse;<\/li>\n\n\n\n<li>Aux avocats en exercice souhaitant axer leur pratique en droit de l\u2019immigration ou en droit de la jeunesse.<\/li>\n<\/ul>\n\n\n\n<p><strong>Valeur de la bourse&nbsp;<\/strong>: 5\u2009000&nbsp;$<br><strong>Nombre de bourses<\/strong>&nbsp;: Variable<br><strong>Fr\u00e9quence d\u2019attribution<\/strong>&nbsp;: Annuelle<br><strong>Responsable des demandes<\/strong>&nbsp;: Direction des programmes et relations avec les client\u00e8les<\/p>\n\n\n\n<div style=\"height:40px\" aria-hidden=\"true\" class=\"wp-block-spacer\"><\/div>\n\n\n\n<h4 class=\"wp-block-heading\">CHAPITRE&nbsp;II \u2014 CONDITIONS D\u2019ADMISSIBILIT\u00c9<\/h4>\n\n\n\n<div style=\"height:10px\" aria-hidden=\"true\" class=\"wp-block-spacer\"><\/div>\n\n\n\n<p>Pour \u00eatre admissible \u00e0 une bourse, la personne candidate doit :<\/p>\n\n\n\n<ul class=\"wp-block-list\">\n<li>\u00catre citoyenne canadienne ou r\u00e9sidente permanente ;<\/li>\n\n\n\n<li>D\u00e9montrer un engagement envers le droit de l\u2019immigration ou le droit de la jeunesse (exp\u00e9riences, projets, b\u00e9n\u00e9volat, etc.);<\/li>\n\n\n\n<li>\u00catre dans l\u2019une des situations suivantes :\n<ul class=\"wp-block-list\">\n<li>Effectuer un stage du Barreau dans l\u2019un de ces domaines, \u00e0 Montr\u00e9al ;<\/li>\n\n\n\n<li>\u00catre inscrite* \u00e0 un programme de 2e cycle en droit dans une universit\u00e9 montr\u00e9alaise reconnue, avec un int\u00e9r\u00eat d\u00e9montr\u00e9 pour ces domaines ;<\/li>\n\n\n\n<li>\u00catre \u00e9tudiante \u00e0 l\u2019\u00c9cole du Barreau du Qu\u00e9bec ;<\/li>\n\n\n\n<li>\u00catre avocate en exercice souhaitant axer sa pratique dans l\u2019un de ces domaines ;<\/li>\n<\/ul>\n<\/li>\n\n\n\n<li>Soumettre une demande compl\u00e8te dans les d\u00e9lais requis.<\/li>\n<\/ul>\n\n\n\n<p>*Avoir compl\u00e9t\u00e9 les d\u00e9marches d\u2019admission aupr\u00e8s de l\u2019\u00e9tablissement, avoir \u00e9t\u00e9 accept\u00e9e officiellement dans le programme, \u00eatre activement enregistr\u00e9e comme \u00e9tudiante pour la session en cours ou \u00e0 venir et figurer dans les registres de l\u2019\u00e9tablissement comme membre du programme avec un statut d\u2019inscription valide.<\/p>\n\n\n\n<p>.<\/p>\n\n\n\n<div style=\"height:40px\" aria-hidden=\"true\" class=\"wp-block-spacer\"><\/div>\n\n\n\n<h4 class=\"wp-block-heading\">CHAPITRE&nbsp;III \u2014 PR\u00c9SENTATION DE LA DEMANDE<\/h4>\n\n\n\n<div style=\"height:10px\" aria-hidden=\"true\" class=\"wp-block-spacer\"><\/div>\n\n\n\n<p><strong>Dossier de candidature&nbsp;<\/strong><\/p>\n\n\n\n<p>Le dossier de candidature doit inclure&nbsp;:<\/p>\n\n\n\n<ol class=\"wp-block-list\">\n<li>Le formulaire de demande en ligne disponible sur le site Web du Barreau de Montr\u00e9al\u2009;<\/li>\n\n\n\n<li>Une lettre de motivation (750-1000 mots maximum) selon le mod\u00e8le disponible sur le site Web du Barreau de Montr\u00e9al ;<\/li>\n\n\n\n<li>Les documents suivants&nbsp;:\n<ul class=\"wp-block-list\">\n<li>Une preuve de citoyennet\u00e9 canadienne ou de r\u00e9sidence permanente\u2009;<\/li>\n\n\n\n<li>Un curriculum vitae\u2009;<\/li>\n\n\n\n<li>Une preuve d\u2019inscription \u00e0 un programme de 2<sup>e<\/sup>&nbsp;cycle en droit, dans une institution universitaire montr\u00e9alaise reconnue, avec un int\u00e9r\u00eat clairement d\u00e9montr\u00e9 pour le droit de l\u2019immigration ou le droit de la jeunesse ou \u00e0 l\u2019\u00e9cole du Barreau (pour les \u00e9tudiants seulement)\u2009;<\/li>\n\n\n\n<li>Au moins une lettre de recommandation (d\u2019un professeur, du maitre de stage ou d\u2019autres professionnels du droit, le cas \u00e9ch\u00e9ant).<\/li>\n<\/ul>\n<\/li>\n<\/ol>\n\n\n\n<p><strong>Calendrier de pr\u00e9sentation des demandes et de versement des bourses<\/strong><\/p>\n\n\n\n<ul class=\"wp-block-list\">\n<li><strong>Ouverture des candidatures<\/strong>&nbsp;: 15&nbsp;janvier<\/li>\n\n\n\n<li><strong>Date limite de d\u00e9p\u00f4t des candidatures<\/strong>&nbsp;: 31&nbsp;mars<\/li>\n\n\n\n<li><strong>Annonce des r\u00e9sultats<\/strong>&nbsp;: Au plus tard le 30&nbsp;juin<\/li>\n\n\n\n<li><strong>Versement des bourses<\/strong>&nbsp;: Au plus tard le 31&nbsp;ao\u00fbt<\/li>\n<\/ul>\n\n\n\n<div style=\"height:40px\" aria-hidden=\"true\" class=\"wp-block-spacer\"><\/div>\n\n\n\n<h4 class=\"wp-block-heading\">CHAPITRE&nbsp;IV \u2014 \u00c9VALUATION DES CANDIDATURES<\/h4>\n\n\n\n<div style=\"height:10px\" aria-hidden=\"true\" class=\"wp-block-spacer\"><\/div>\n\n\n\n<p><strong>Crit\u00e8res d\u2019\u00e9valuation<\/strong><\/p>\n\n\n\n<p>Les crit\u00e8res d\u2019\u00e9valuation ainsi que leur pond\u00e9ration sont indiqu\u00e9s dans le tableau ci-dessous&nbsp;:<\/p>\n\n\n\n<figure class=\"wp-block-table\"><table class=\"has-fixed-layout\"><tbody><tr><td><strong>Crit\u00e8res d<\/strong><strong>\u2019\u00e9valuation<\/strong><strong><\/strong><\/td><td><strong>Description<\/strong><strong><\/strong><\/td><td><strong>Pond\u00e9ration<\/strong><strong><\/strong><\/td><\/tr><tr><td>Objectifs de carri\u00e8re<\/td><td>Le candidat doit d\u00e9tailler ses objectifs de carri\u00e8re dans une lettre de motivation. Cette lettre doit expliquer comment la bourse et la formation en droit de l\u2019immigration ou en droit de la jeunesse s\u2019inscrivent dans son parcours professionnel.<\/td><td>50&nbsp;%<\/td><\/tr><tr><td>Engagement clair et soutenu envers le droit de l\u2019immigration ou le droit de la jeunesse<strong><\/strong><\/td><td>Le candidat doit d\u00e9montrer un engagement clair et soutenu envers le droit de l\u2019immigration ou le droit de la jeunesse. Cela peut inclure des exp\u00e9riences de b\u00e9n\u00e9volat, des stages, des projets de recherche, ou toute autre activit\u00e9 pertinente qui montre son d\u00e9vouement \u00e0 ces domaines juridiques essentiels.<\/td><td>30&nbsp;%<\/td><\/tr><tr><td>Recommandations obtenues<\/td><td>Le candidat doit fournir au moins une lettre de recommandation de ses professeurs ou son ma\u00eetre de stage ou d\u2019autres professionnels du droit. Ces recommandations doivent attester de ses comp\u00e9tences, de son \u00e9thique de travail et de son potentiel dans les domaines du droit de l\u2019immigration ou de la jeunesse.<\/td><td>20&nbsp;%<\/td><\/tr><\/tbody><\/table><\/figure>\n\n\n\n<p><strong>Processus d\u2019\u00e9valuation<\/strong><\/p>\n\n\n\n<p>Les candidatures seront \u00e9valu\u00e9es par un comit\u00e9 compos\u00e9 de deux (2) repr\u00e9sentants du Barreau de Montr\u00e9al, d\u2019un (1) repr\u00e9sentant de la Fondation du Barreau du Qu\u00e9bec, d\u2019un (1) repr\u00e9sentant du Jeune Barreau de Montr\u00e9al, de deux (2) anciens administrateurs de l\u2019Association d\u2019entraide des avocats de Montr\u00e9al (AEAM) et d\u2019un (1) professeur d\u2019une facult\u00e9 de droit montr\u00e9alaise reconnue, qualifi\u00e9 dans l\u2019un de ces domaines.<\/p>\n\n\n\n<ol class=\"wp-block-list\">\n<li>Le Barreau de Montr\u00e9al re\u00e7oit les candidatures et v\u00e9rifie leur conformit\u00e9 aux crit\u00e8res d\u2019admissibilit\u00e9 ;<\/li>\n\n\n\n<li>Les candidatures r\u00e9pondant aux crit\u00e8res d\u2019admissibilit\u00e9 sont soumises au comit\u00e9 d\u2019\u00e9valuation ;<\/li>\n\n\n\n<li>Le comit\u00e9 \u00e9met ses recommandations qui sont ensuite soumises au Conseil d\u2019administration pour d\u00e9cision finale.<\/li>\n<\/ol>\n\n\n\n<div style=\"height:40px\" aria-hidden=\"true\" class=\"wp-block-spacer\"><\/div>\n\n\n\n<h4 class=\"wp-block-heading\">CHAPITRE&nbsp;V \u2014 MONTANT ET MODALIT\u00c9S DE VERSEMENT DE LA BOURSE<\/h4>\n\n\n\n<div style=\"height:10px\" aria-hidden=\"true\" class=\"wp-block-spacer\"><\/div>\n\n\n\n<p><strong>Montant<\/strong><\/p>\n\n\n\n<p>Chaque bourse attribu\u00e9e sera d\u2019un montant de 5 000 $, \u00e0 la suite de l\u2019\u00e9valuation du dossier complet.<\/p>\n\n\n\n<p><strong>Modalit\u00e9s de versement<\/strong><\/p>\n\n\n\n<p>Le paiement de la bourse se fera en un seul versement au plus tard le 31 ao\u00fbt.<\/p>\n\n\n\n<p><strong>Limite d\u2019attribution<\/strong><\/p>\n\n\n\n<p>Afin de permettre \u00e0 un plus grand nombre de candidats de b\u00e9n\u00e9ficier du programme, une seule bourse est attribu\u00e9e par personne. Ainsi, tout r\u00e9cipiendaire d\u2019une bourse ne pourra soumettre une nouvelle demande dans les ann\u00e9es subs\u00e9quentes, m\u00eame s\u2019il poursuit son parcours dans les domaines du droit de l\u2019immigration ou du droit de la jeunesse. Cette mesure vise \u00e0 favoriser une r\u00e9partition \u00e9quitable des ressources et \u00e0 soutenir un maximum de juristes engag\u00e9s dans ces secteurs prioritaires.<\/p>\n\n\n\n<div style=\"height:40px\" aria-hidden=\"true\" class=\"wp-block-spacer\"><\/div>\n\n\n\n<h4 class=\"wp-block-heading\">CHAPITRE&nbsp;VI \u2014 REDDITION DE COMPTES ET MENTORAT<\/h4>\n\n\n\n<div style=\"height:10px\" aria-hidden=\"true\" class=\"wp-block-spacer\"><\/div>\n\n\n\n<p><strong>Reddition de comptes<\/strong><\/p>\n\n\n\n<p>Le r\u00e9cipiendaire de la bourse devra soumettre un rapport de stage, un m\u00e9moire de 2e cycle ou tout autre livrable attestant de la fin de ses \u00e9tudes ou de son stage et de son engagement dans les domaines du droit de l\u2019immigration ou du droit de la jeunesse<\/p>\n\n\n\n<p><strong>Mentorat<\/strong><\/p>\n\n\n\n<p>En plus du soutien financier, le r\u00e9cipiendaire de la bourse pourrait avoir acc\u00e8s \u00e0 un programme de mentorat avec des avocats exp\u00e9riment\u00e9s dans les domaines du droit de l\u2019immigration et du droit de la jeunesse afin de faciliter son int\u00e9gration dans la pratique active de ces domaines, d\u00e8s que ce programme aura \u00e9t\u00e9 mis en place.<\/p>\n\n\n\n<div style=\"height:20px\" aria-hidden=\"true\" class=\"wp-block-spacer\"><\/div>\n\n\n\n<div class=\"wp-block-buttons is-layout-flex wp-block-buttons-is-layout-flex\">\n<div class=\"wp-block-button\"><a class=\"wp-block-button__link has-central-palette-6-color has-central-palette-2-background-color has-text-color has-background has-link-color wp-element-button\" href=\"https:\/\/www.barreaudemontreal.qc.ca\/wp-content\/uploads\/modalites_programme_bourses_releve_immigration_jeunesse_20251125.pdf\" target=\"_blank\" rel=\"noreferrer noopener\">T\u00e9l\u00e9charger les modalit\u00e9s<\/a><\/div>\n<\/div>\n","protected":false},"excerpt":{"rendered":"<p>MISSION DU BARREAU DE MONTR\u00c9AL Le Barreau de Montr\u00e9al est la plus grande section du Barreau du Qu\u00e9bec, regroupant pr\u00e8s de 17 000 membres. Il couvre l\u2019ensemble du territoire de [&hellip;]<\/p>\n","protected":false},"author":3,"featured_media":0,"parent":44929,"menu_order":0,"comment_status":"closed","ping_status":"closed","template":"","meta":{"_acf_changed":false,"_editorskit_title_hidden":false,"_editorskit_reading_time":0,"_editorskit_is_block_options_detached":false,"_editorskit_block_options_position":"{}","inline_featured_image":false,"ngg_post_thumbnail":0,"footnotes":""},"class_list":["post-44640","page","type-page","status-publish","hentry"],"acf":[],"yoast_head":"<!-- This site is optimized with the Yoast SEO plugin v27.4 - https:\/\/yoast.com\/product\/yoast-seo-wordpress\/ -->\n<title>Modalit\u00e9s du programme de bourses pour la rel\u00e8ve en droit de l&#039;immigration et en droit de la jeunesse - Barreau de Montr&eacute;al<\/title>\n<meta name=\"robots\" content=\"index, follow, max-snippet:-1, max-image-preview:large, max-video-preview:-1\" \/>\n<link rel=\"canonical\" href=\"https:\/\/www.barreaudemontreal.qc.ca\/en\/aide-financiere\/programmes-de-bourses\/modalites-du-programme-de-bourses-en-droit-de-limmigration-et-en-droit-de-la-jeunesse\/\" \/>\n<meta property=\"og:locale\" content=\"en_US\" \/>\n<meta property=\"og:type\" content=\"article\" \/>\n<meta property=\"og:title\" content=\"Modalit\u00e9s du programme de bourses pour la rel\u00e8ve en droit de l&#039;immigration et en droit de la jeunesse - Barreau de Montr&eacute;al\" \/>\n<meta property=\"og:description\" content=\"MISSION DU BARREAU DE MONTR\u00c9AL Le Barreau de Montr\u00e9al est la plus grande section du Barreau du Qu\u00e9bec, regroupant pr\u00e8s de 17 000 membres. Il couvre l\u2019ensemble du territoire de [&hellip;]\" \/>\n<meta property=\"og:url\" content=\"https:\/\/www.barreaudemontreal.qc.ca\/en\/aide-financiere\/programmes-de-bourses\/modalites-du-programme-de-bourses-en-droit-de-limmigration-et-en-droit-de-la-jeunesse\/\" \/>\n<meta property=\"og:site_name\" content=\"Barreau de Montr&eacute;al\" \/>\n<meta property=\"article:modified_time\" content=\"2025-12-01T16:21:28+00:00\" \/>\n<meta name=\"twitter:card\" content=\"summary_large_image\" \/>\n<meta name=\"twitter:label1\" content=\"Est. reading time\" \/>\n\t<meta name=\"twitter:data1\" content=\"6 minutes\" \/>\n<script type=\"application\/ld+json\" class=\"yoast-schema-graph\">{\"@context\":\"https:\\\/\\\/schema.org\",\"@graph\":[{\"@type\":\"WebPage\",\"@id\":\"https:\\\/\\\/www.barreaudemontreal.qc.ca\\\/en\\\/aide-financiere\\\/programmes-de-bourses\\\/modalites-du-programme-de-bourses-en-droit-de-limmigration-et-en-droit-de-la-jeunesse\\\/\",\"url\":\"https:\\\/\\\/www.barreaudemontreal.qc.ca\\\/en\\\/aide-financiere\\\/programmes-de-bourses\\\/modalites-du-programme-de-bourses-en-droit-de-limmigration-et-en-droit-de-la-jeunesse\\\/\",\"name\":\"Modalit\u00e9s du programme de bourses pour la rel\u00e8ve en droit de l'immigration et en droit de la jeunesse - Barreau de Montr&eacute;al\",\"isPartOf\":{\"@id\":\"https:\\\/\\\/www.barreaudemontreal.qc.ca\\\/en\\\/#website\"},\"datePublished\":\"2025-11-13T00:26:11+00:00\",\"dateModified\":\"2025-12-01T16:21:28+00:00\",\"breadcrumb\":{\"@id\":\"https:\\\/\\\/www.barreaudemontreal.qc.ca\\\/en\\\/aide-financiere\\\/programmes-de-bourses\\\/modalites-du-programme-de-bourses-en-droit-de-limmigration-et-en-droit-de-la-jeunesse\\\/#breadcrumb\"},\"inLanguage\":\"en-US\",\"potentialAction\":[{\"@type\":\"ReadAction\",\"target\":[\"https:\\\/\\\/www.barreaudemontreal.qc.ca\\\/en\\\/aide-financiere\\\/programmes-de-bourses\\\/modalites-du-programme-de-bourses-en-droit-de-limmigration-et-en-droit-de-la-jeunesse\\\/\"]}]},{\"@type\":\"BreadcrumbList\",\"@id\":\"https:\\\/\\\/www.barreaudemontreal.qc.ca\\\/en\\\/aide-financiere\\\/programmes-de-bourses\\\/modalites-du-programme-de-bourses-en-droit-de-limmigration-et-en-droit-de-la-jeunesse\\\/#breadcrumb\",\"itemListElement\":[{\"@type\":\"ListItem\",\"position\":1,\"name\":\"Home\",\"item\":\"https:\\\/\\\/www.barreaudemontreal.qc.ca\\\/en\\\/\"},{\"@type\":\"ListItem\",\"position\":2,\"name\":\"Aide financi\u00e8re\",\"item\":\"https:\\\/\\\/www.barreaudemontreal.qc.ca\\\/en\\\/aide-financiere\\\/\"},{\"@type\":\"ListItem\",\"position\":3,\"name\":\"Programmes de bourses\",\"item\":\"https:\\\/\\\/www.barreaudemontreal.qc.ca\\\/en\\\/aide-financiere\\\/programmes-de-bourses\\\/\"},{\"@type\":\"ListItem\",\"position\":4,\"name\":\"Modalit\u00e9s du programme de bourses pour la rel\u00e8ve en droit de l&#8217;immigration et en droit de la jeunesse\"}]},{\"@type\":\"WebSite\",\"@id\":\"https:\\\/\\\/www.barreaudemontreal.qc.ca\\\/en\\\/#website\",\"url\":\"https:\\\/\\\/www.barreaudemontreal.qc.ca\\\/en\\\/\",\"name\":\"Barreau de Montr&eacute;al\",\"description\":\"La plus grande section du Barreau du Qu&eacute;bec\",\"potentialAction\":[{\"@type\":\"SearchAction\",\"target\":{\"@type\":\"EntryPoint\",\"urlTemplate\":\"https:\\\/\\\/www.barreaudemontreal.qc.ca\\\/en\\\/?s={search_term_string}\"},\"query-input\":{\"@type\":\"PropertyValueSpecification\",\"valueRequired\":true,\"valueName\":\"search_term_string\"}}],\"inLanguage\":\"en-US\"}]}<\/script>\n<!-- \/ Yoast SEO plugin. -->","yoast_head_json":{"title":"Modalit\u00e9s du programme de bourses pour la rel\u00e8ve en droit de l'immigration et en droit de la jeunesse - Barreau de Montr&eacute;al","robots":{"index":"index","follow":"follow","max-snippet":"max-snippet:-1","max-image-preview":"max-image-preview:large","max-video-preview":"max-video-preview:-1"},"canonical":"https:\/\/www.barreaudemontreal.qc.ca\/en\/aide-financiere\/programmes-de-bourses\/modalites-du-programme-de-bourses-en-droit-de-limmigration-et-en-droit-de-la-jeunesse\/","og_locale":"en_US","og_type":"article","og_title":"Modalit\u00e9s du programme de bourses pour la rel\u00e8ve en droit de l'immigration et en droit de la jeunesse - Barreau de Montr&eacute;al","og_description":"MISSION DU BARREAU DE MONTR\u00c9AL Le Barreau de Montr\u00e9al est la plus grande section du Barreau du Qu\u00e9bec, regroupant pr\u00e8s de 17 000 membres. Il couvre l\u2019ensemble du territoire de [&hellip;]","og_url":"https:\/\/www.barreaudemontreal.qc.ca\/en\/aide-financiere\/programmes-de-bourses\/modalites-du-programme-de-bourses-en-droit-de-limmigration-et-en-droit-de-la-jeunesse\/","og_site_name":"Barreau de Montr&eacute;al","article_modified_time":"2025-12-01T16:21:28+00:00","twitter_card":"summary_large_image","twitter_misc":{"Est. reading time":"6 minutes"},"schema":{"@context":"https:\/\/schema.org","@graph":[{"@type":"WebPage","@id":"https:\/\/www.barreaudemontreal.qc.ca\/en\/aide-financiere\/programmes-de-bourses\/modalites-du-programme-de-bourses-en-droit-de-limmigration-et-en-droit-de-la-jeunesse\/","url":"https:\/\/www.barreaudemontreal.qc.ca\/en\/aide-financiere\/programmes-de-bourses\/modalites-du-programme-de-bourses-en-droit-de-limmigration-et-en-droit-de-la-jeunesse\/","name":"Modalit\u00e9s du programme de bourses pour la rel\u00e8ve en droit de l'immigration et en droit de la jeunesse - Barreau de Montr&eacute;al","isPartOf":{"@id":"https:\/\/www.barreaudemontreal.qc.ca\/en\/#website"},"datePublished":"2025-11-13T00:26:11+00:00","dateModified":"2025-12-01T16:21:28+00:00","breadcrumb":{"@id":"https:\/\/www.barreaudemontreal.qc.ca\/en\/aide-financiere\/programmes-de-bourses\/modalites-du-programme-de-bourses-en-droit-de-limmigration-et-en-droit-de-la-jeunesse\/#breadcrumb"},"inLanguage":"en-US","potentialAction":[{"@type":"ReadAction","target":["https:\/\/www.barreaudemontreal.qc.ca\/en\/aide-financiere\/programmes-de-bourses\/modalites-du-programme-de-bourses-en-droit-de-limmigration-et-en-droit-de-la-jeunesse\/"]}]},{"@type":"BreadcrumbList","@id":"https:\/\/www.barreaudemontreal.qc.ca\/en\/aide-financiere\/programmes-de-bourses\/modalites-du-programme-de-bourses-en-droit-de-limmigration-et-en-droit-de-la-jeunesse\/#breadcrumb","itemListElement":[{"@type":"ListItem","position":1,"name":"Home","item":"https:\/\/www.barreaudemontreal.qc.ca\/en\/"},{"@type":"ListItem","position":2,"name":"Aide financi\u00e8re","item":"https:\/\/www.barreaudemontreal.qc.ca\/en\/aide-financiere\/"},{"@type":"ListItem","position":3,"name":"Programmes de bourses","item":"https:\/\/www.barreaudemontreal.qc.ca\/en\/aide-financiere\/programmes-de-bourses\/"},{"@type":"ListItem","position":4,"name":"Modalit\u00e9s du programme de bourses pour la rel\u00e8ve en droit de l&#8217;immigration et en droit de la jeunesse"}]},{"@type":"WebSite","@id":"https:\/\/www.barreaudemontreal.qc.ca\/en\/#website","url":"https:\/\/www.barreaudemontreal.qc.ca\/en\/","name":"Barreau de Montr&eacute;al","description":"La plus grande section du Barreau du Qu&eacute;bec","potentialAction":[{"@type":"SearchAction","target":{"@type":"EntryPoint","urlTemplate":"https:\/\/www.barreaudemontreal.qc.ca\/en\/?s={search_term_string}"},"query-input":{"@type":"PropertyValueSpecification","valueRequired":true,"valueName":"search_term_string"}}],"inLanguage":"en-US"}]}},"_links":{"self":[{"href":"https:\/\/www.barreaudemontreal.qc.ca\/en\/wp-json\/wp\/v2\/pages\/44640","targetHints":{"allow":["GET"]}}],"collection":[{"href":"https:\/\/www.barreaudemontreal.qc.ca\/en\/wp-json\/wp\/v2\/pages"}],"about":[{"href":"https:\/\/www.barreaudemontreal.qc.ca\/en\/wp-json\/wp\/v2\/types\/page"}],"author":[{"embeddable":true,"href":"https:\/\/www.barreaudemontreal.qc.ca\/en\/wp-json\/wp\/v2\/users\/3"}],"replies":[{"embeddable":true,"href":"https:\/\/www.barreaudemontreal.qc.ca\/en\/wp-json\/wp\/v2\/comments?post=44640"}],"version-history":[{"count":0,"href":"https:\/\/www.barreaudemontreal.qc.ca\/en\/wp-json\/wp\/v2\/pages\/44640\/revisions"}],"up":[{"embeddable":true,"href":"https:\/\/www.barreaudemontreal.qc.ca\/en\/wp-json\/wp\/v2\/pages\/44929"}],"wp:attachment":[{"href":"https:\/\/www.barreaudemontreal.qc.ca\/en\/wp-json\/wp\/v2\/media?parent=44640"}],"curies":[{"name":"wp","href":"https:\/\/api.w.org\/{rel}","templated":true}]}}