{"id":42964,"date":"2025-08-07T11:00:57","date_gmt":"2025-08-07T15:00:57","guid":{"rendered":"https:\/\/www.barreaudemontreal.qc.ca\/public\/services-au-public-en\/juripole\/"},"modified":"2025-12-01T14:53:33","modified_gmt":"2025-12-01T19:53:33","slug":"juripole","status":"publish","type":"page","link":"https:\/\/www.barreaudemontreal.qc.ca\/en\/public\/services-au-public-en\/juripole\/","title":{"rendered":"JURIP\u00d4LE"},"content":{"rendered":"\n<div class=\"wp-block-columns is-layout-flex wp-container-core-columns-is-layout-9d6595d7 wp-block-columns-is-layout-flex\">\n<div class=\"wp-block-column is-layout-flow wp-block-column-is-layout-flow\" style=\"flex-basis:66.66%\">\n<h2 class=\"wp-block-heading\">Un nouveau point de service pour obtenir de l\u2019information juridique gratuite<\/h2>\n\n\n\n<p>Le JuriP\u00f4le offre un acc\u00e8s gratuit \u00e0 de l&#8217;information juridique et un soutien personnalis\u00e9 pour les personnes non repr\u00e9sent\u00e9es. Trois services sont disponibles pour vous guider dans vos d\u00e9marches en mati\u00e8res civiles et familiales.<\/p>\n\n\n\n<p>Sur place, il est possible de b\u00e9n\u00e9ficier d&#8217;une s\u00e9ance gratuite avec un juriste qualifi\u00e9 (avocat ou notaire) \u00e0 qui vous pourrez poser vos questions et obtenir de l&#8217;aide pour faire cheminer votre dossier. <\/p>\n\n\n\n<p>Si vous n&#8217;\u00eates pas admissible aux services, le JuriP\u00f4le vous orientera vers les ressources externes adapt\u00e9es \u00e0 votre situation. Un centre de documentation, constamment mis \u00e0 jour, est \u00e9galement disponible, offrant des guides et d\u00e9pliants utiles pour vous aider.<\/p>\n<\/div>\n\n\n\n<div class=\"wp-block-column is-vertically-aligned-center is-layout-flow wp-block-column-is-layout-flow\" style=\"flex-basis:33.33%\"><div class=\"wp-block-image\">\n<figure class=\"aligncenter size-large\"><img decoding=\"async\" width=\"1024\" height=\"207\" src=\"https:\/\/www.barreaudemontreal.qc.ca\/wp-content\/uploads\/\/logo-juripole_couleur_transparence-1024x207.png\" alt=\"\" class=\"wp-image-39931\"\/><\/figure>\n<\/div><\/div>\n<\/div>\n\n\n\n<div style=\"height:40px\" aria-hidden=\"true\" class=\"wp-block-spacer\"><\/div>\n\n\n\n<h3 class=\"wp-block-heading\">Comment y avoir acc\u00e8s ?<\/h3>\n\n\n\n<p>Situ\u00e9 au deuxi\u00e8me \u00e9tage du Palais de justice de Montr\u00e9al (locaux 2.21 \u00e0 2.27), le JuriP\u00f4le est ouvert du mardi au jeudi, selon l\u2019horaire suivant&nbsp;:<\/p>\n\n\n\n<div class=\"wp-block-columns has-central-palette-6-background-color has-background is-layout-flex wp-container-core-columns-is-layout-9d6595d7 wp-block-columns-is-layout-flex\">\n<div class=\"wp-block-column is-layout-flow wp-block-column-is-layout-flow\">\n<p><strong>Mardi&nbsp;:<\/strong> 8 h 30 \u00e0 16 h 30<\/p>\n<\/div>\n\n\n\n<div class=\"wp-block-column is-layout-flow wp-block-column-is-layout-flow\">\n<p><strong>Mercredi&nbsp;:<\/strong> 9 h 30 \u00e0 12 h<\/p>\n<\/div>\n\n\n\n<div class=\"wp-block-column is-layout-flow wp-block-column-is-layout-flow\">\n<p><strong>Jeudi&nbsp;:<\/strong> 8 h 30 \u00e0 16 h 30<\/p>\n<\/div>\n<\/div>\n\n\n\n<div style=\"height:40px\" aria-hidden=\"true\" class=\"wp-block-spacer\"><\/div>\n\n\n\n<h2 class=\"wp-block-heading\">Services offerts<\/h2>\n\n\n\n<h3 class=\"wp-block-heading\">Le Service d\u2019avocats de garde (SAGE) en mati\u00e8re familiale<\/h3>\n\n\n<div class=\"wp-block-image\">\n<figure class=\"alignright size-large is-resized\"><img decoding=\"async\" src=\"https:\/\/www.barreaudemontreal.qc.ca\/wp-content\/uploads\/\/logo_sage_couleur-300x111.png\" alt=\"\" class=\"wp-image-32594\" style=\"width:226px;height:auto\"\/><\/figure>\n<\/div>\n\n\n<p>Offert <strong>gratuitement sur r\u00e9f\u00e9rence de la Cour<\/strong>, le jour pr\u00e9vu d\u2019une audition au Palais de justice de Montr\u00e9al <strong>entre 9 h 30 et 12 h<\/strong>, le SAGE propose une aide ponctuelle <strong>en mati\u00e8re familiale aux personnes non repr\u00e9sent\u00e9es<\/strong>.<\/p>\n\n\n\n<p>L\u2019avocat de garde, qui agit b\u00e9n\u00e9volement, pourra notamment vous informer du d\u00e9roulement g\u00e9n\u00e9ral d\u2019un dossier \u00e0 la Cour, et vous renseigner sur les formulaires \u00e0 compl\u00e9ter et documents \u00e0 fournir \u00e0 l\u2019autre partie et \u00e0 la Cour. Cette s\u00e9ance d\u2019information est d\u2019une dur\u00e9e maximale de 30 minutes et se limite \u00e0 de l\u2019information juridique de base. L\u2019avocat de garde ne peut s\u2019adresser \u00e0 la partie adverse ou \u00e0 la Cour \u00e0 votre place dans le cadre de cette s\u00e9ance.<\/p>\n\n\n\n<p>Le recours aux services du SAGE est limit\u00e9 \u00e0 une seule fois par sujet abord\u00e9 dans le cadre d\u2019un dossier de Cour.<\/p>\n\n\n\n<div style=\"height:40px\" aria-hidden=\"true\" class=\"wp-block-spacer\"><\/div>\n\n\n\n<h3 class=\"wp-block-heading\">Service de pr\u00e9paration \u00e0 une audition<\/h3>\n\n\n<div class=\"wp-block-image\">\n<figure class=\"alignright size-full is-resized\"><img decoding=\"async\" width=\"2088\" height=\"804\" src=\"https:\/\/www.barreaudemontreal.qc.ca\/wp-content\/uploads\/jbm_coul.png\" alt=\"\" class=\"wp-image-39997\" style=\"width:220px;height:auto\"\/><\/figure>\n<\/div>\n\n\n<p>Le service de pr\u00e9paration \u00e0 une audition du Jeune Barreau de Montr\u00e9al (JBM), avec la collaboration de la Direction des services judiciaires de la M\u00e9tropole, permet aux personnes non repr\u00e9sent\u00e9es par un avocat d\u2019obtenir une consultation juridique gratuite.<\/p>\n\n\n\n<p>Ce service est disponible <strong>sur rendez-vous seulement<\/strong>. Lors de la consultation, l\u2019avocat-b\u00e9n\u00e9vole vous aide \u00e0 pr\u00e9parer votre cause et \u00e0 vous familiariser avec le d\u00e9roulement d\u2019une audition devant :<\/p>\n\n\n\n<ul class=\"wp-block-list\">\n<li>La Cour du Qu\u00e9bec, division des petites cr\u00e9ances;<\/li>\n\n\n\n<li>Le Tribunal administratif du travail, division des relations du travail (TAT RT);<\/li>\n\n\n\n<li>Le Tribunal administratif du logement (actuellement indisponible);<\/li>\n\n\n\n<li>La Cour d\u2019appel du Qu\u00e9bec \u00e0 Montr\u00e9al;<\/li>\n\n\n\n<li>Le Tribunal des droits de la personne;<\/li>\n\n\n\n<li>Le Tribunal administratif du Qu\u00e9bec \u2014 contestation d\u2019une d\u00e9cision rendue par la direction de l\u2019IVAC.<\/li>\n<\/ul>\n\n\n\n<p>Pour plus d\u2019information, veuillez consulter le site Internet du <a href=\"https:\/\/ajbm.qc.ca\/fr\/pour-la-population\/services-offerts-17\" target=\"_blank\" rel=\"noreferrer noopener\">Jeune Barreau de Montr\u00e9al<\/a>.<\/p>\n\n\n\n<p>&nbsp;<\/p>\n\n\n\n<h3 class=\"wp-block-heading\">Service d\u2019assistance sans rendez-vous<\/h3>\n\n\n<div class=\"wp-block-image\">\n<figure class=\"alignright size-full is-resized\"><img decoding=\"async\" width=\"198\" height=\"28\" src=\"https:\/\/www.barreaudemontreal.qc.ca\/wp-content\/uploads\/logo-info-justice-montreal.svg\" alt=\"\" class=\"wp-image-46201\" style=\"width:226px\"\/><\/figure>\n<\/div>\n\n\n<p>Le Service d\u2019assistance sans rendez-vous d&#8217;Info Justice Montr\u00e9al, permet d&#8217;avoir acc\u00e8s \u00e0 une s\u00e9ance avec un avocat ou un notaire civiliste g\u00e9n\u00e9ralise afin de mieux comprendre une situation et les options qui s\u2019offrent \u00e0 vous.<\/p>\n\n\n\n<p>Les services d\u2019information juridique sont&nbsp;<strong>gratuits<\/strong>&nbsp;et&nbsp;<strong>confidentiels<\/strong>. Son \u00e9quipe est compos\u00e9e de professionnels du droit qui sont en mesure de&nbsp;:<\/p>\n\n\n\n<ul class=\"wp-block-list\">\n<li>donner de l\u2019information juridique sans frais afin d&#8217;aider \u00e0 la prise de d\u00e9cisions \u00e9clair\u00e9es;<\/li>\n\n\n\n<li>aider \u00e0 comprendre les rouages du syst\u00e8me judiciaire, identifier les lois et les r\u00e8glements qui s\u2019appliquent, cerner les diff\u00e9rentes options et les marches \u00e0 suivre;<\/li>\n\n\n\n<li>orienter vers des ressources plus sp\u00e9cialis\u00e9es tels un organisme gouvernemental, communautaire ou sans but lucratif, un professionnel du droit ou un centre de m\u00e9diation.<\/li>\n<\/ul>\n\n\n\n<p>Pour plus d\u2019information, veuillez consulter le site Internet d<a href=\"https:\/\/www.justicedeproximite.qc.ca\/centres\/grand-montreal\/\" target=\"_blank\" rel=\"noreferrer noopener\">&#8216;Info Justice Montr\u00e9al<\/a>.<\/p>\n\n\n\n<div style=\"height:40px\" aria-hidden=\"true\" class=\"wp-block-spacer\"><\/div>\n","protected":false},"excerpt":{"rendered":"<p>Un nouveau point de service pour obtenir de l\u2019information juridique gratuite Le JuriP\u00f4le offre un acc\u00e8s gratuit \u00e0 de l&#8217;information juridique et un soutien personnalis\u00e9 pour les personnes non repr\u00e9sent\u00e9es. [&hellip;]<\/p>\n","protected":false},"author":3,"featured_media":0,"parent":12025,"menu_order":2,"comment_status":"closed","ping_status":"closed","template":"","meta":{"_acf_changed":false,"_editorskit_title_hidden":false,"_editorskit_reading_time":0,"_editorskit_is_block_options_detached":false,"_editorskit_block_options_position":"{}","inline_featured_image":false,"ngg_post_thumbnail":0,"footnotes":""},"class_list":["post-42964","page","type-page","status-publish","hentry"],"acf":[],"yoast_head":"<!-- This site is optimized with the Yoast SEO plugin v27.3 - https:\/\/yoast.com\/product\/yoast-seo-wordpress\/ -->\n<title>JURIP\u00d4LE - Barreau de Montr&eacute;al<\/title>\n<meta name=\"description\" content=\"Le JuriP\u00f4le offre un acc\u00e8s gratuit \u00e0 de l\u2019information juridique en mati\u00e8res civiles et familiales pour les personnes non repr\u00e9sent\u00e9es.\" \/>\n<meta name=\"robots\" content=\"index, follow, max-snippet:-1, max-image-preview:large, max-video-preview:-1\" \/>\n<link rel=\"canonical\" href=\"https:\/\/www.barreaudemontreal.qc.ca\/en\/public\/services-au-public-en\/juripole\/\" \/>\n<meta property=\"og:locale\" content=\"en_US\" \/>\n<meta property=\"og:type\" content=\"article\" \/>\n<meta property=\"og:title\" content=\"JURIP\u00d4LE - Barreau de Montr&eacute;al\" \/>\n<meta property=\"og:description\" content=\"Le JuriP\u00f4le offre un acc\u00e8s gratuit \u00e0 de l\u2019information juridique en mati\u00e8res civiles et familiales pour les personnes non repr\u00e9sent\u00e9es.\" \/>\n<meta property=\"og:url\" content=\"https:\/\/www.barreaudemontreal.qc.ca\/en\/public\/services-au-public-en\/juripole\/\" \/>\n<meta property=\"og:site_name\" content=\"Barreau de Montr&eacute;al\" \/>\n<meta property=\"article:modified_time\" content=\"2025-12-01T19:53:33+00:00\" \/>\n<meta property=\"og:image\" content=\"https:\/\/www.barreaudemontreal.qc.ca\/wp-content\/uploads\/logo-juripole_couleur_transparence.png\" \/>\n\t<meta property=\"og:image:width\" content=\"2560\" \/>\n\t<meta property=\"og:image:height\" content=\"517\" \/>\n\t<meta property=\"og:image:type\" content=\"image\/png\" \/>\n<meta name=\"twitter:card\" content=\"summary_large_image\" \/>\n<meta name=\"twitter:label1\" content=\"Est. reading time\" \/>\n\t<meta name=\"twitter:data1\" content=\"4 minutes\" \/>\n<script type=\"application\/ld+json\" class=\"yoast-schema-graph\">{\"@context\":\"https:\\\/\\\/schema.org\",\"@graph\":[{\"@type\":\"WebPage\",\"@id\":\"https:\\\/\\\/www.barreaudemontreal.qc.ca\\\/en\\\/public\\\/services-au-public-en\\\/juripole\\\/\",\"url\":\"https:\\\/\\\/www.barreaudemontreal.qc.ca\\\/en\\\/public\\\/services-au-public-en\\\/juripole\\\/\",\"name\":\"JURIP\u00d4LE - Barreau de Montr&eacute;al\",\"isPartOf\":{\"@id\":\"https:\\\/\\\/www.barreaudemontreal.qc.ca\\\/en\\\/#website\"},\"primaryImageOfPage\":{\"@id\":\"https:\\\/\\\/www.barreaudemontreal.qc.ca\\\/en\\\/public\\\/services-au-public-en\\\/juripole\\\/#primaryimage\"},\"image\":{\"@id\":\"https:\\\/\\\/www.barreaudemontreal.qc.ca\\\/en\\\/public\\\/services-au-public-en\\\/juripole\\\/#primaryimage\"},\"thumbnailUrl\":\"https:\\\/\\\/www.barreaudemontreal.qc.ca\\\/wp-content\\\/uploads\\\/\\\/logo-juripole_couleur_transparence-1024x207.png\",\"datePublished\":\"2025-08-07T15:00:57+00:00\",\"dateModified\":\"2025-12-01T19:53:33+00:00\",\"description\":\"Le JuriP\u00f4le offre un acc\u00e8s gratuit \u00e0 de l\u2019information juridique en mati\u00e8res civiles et familiales pour les personnes non repr\u00e9sent\u00e9es.\",\"breadcrumb\":{\"@id\":\"https:\\\/\\\/www.barreaudemontreal.qc.ca\\\/en\\\/public\\\/services-au-public-en\\\/juripole\\\/#breadcrumb\"},\"inLanguage\":\"en-US\",\"potentialAction\":[{\"@type\":\"ReadAction\",\"target\":[\"https:\\\/\\\/www.barreaudemontreal.qc.ca\\\/en\\\/public\\\/services-au-public-en\\\/juripole\\\/\"]}]},{\"@type\":\"ImageObject\",\"inLanguage\":\"en-US\",\"@id\":\"https:\\\/\\\/www.barreaudemontreal.qc.ca\\\/en\\\/public\\\/services-au-public-en\\\/juripole\\\/#primaryimage\",\"url\":\"https:\\\/\\\/www.barreaudemontreal.qc.ca\\\/wp-content\\\/uploads\\\/\\\/logo-juripole_couleur_transparence-1024x207.png\",\"contentUrl\":\"https:\\\/\\\/www.barreaudemontreal.qc.ca\\\/wp-content\\\/uploads\\\/\\\/logo-juripole_couleur_transparence-1024x207.png\"},{\"@type\":\"BreadcrumbList\",\"@id\":\"https:\\\/\\\/www.barreaudemontreal.qc.ca\\\/en\\\/public\\\/services-au-public-en\\\/juripole\\\/#breadcrumb\",\"itemListElement\":[{\"@type\":\"ListItem\",\"position\":1,\"name\":\"Home\",\"item\":\"https:\\\/\\\/www.barreaudemontreal.qc.ca\\\/en\\\/\"},{\"@type\":\"ListItem\",\"position\":2,\"name\":\"Public\",\"item\":\"https:\\\/\\\/www.barreaudemontreal.qc.ca\\\/en\\\/public\\\/\"},{\"@type\":\"ListItem\",\"position\":3,\"name\":\"Services for the Public\",\"item\":\"https:\\\/\\\/www.barreaudemontreal.qc.ca\\\/en\\\/public\\\/services-au-public-en\\\/\"},{\"@type\":\"ListItem\",\"position\":4,\"name\":\"JURIP\u00d4LE\"}]},{\"@type\":\"WebSite\",\"@id\":\"https:\\\/\\\/www.barreaudemontreal.qc.ca\\\/en\\\/#website\",\"url\":\"https:\\\/\\\/www.barreaudemontreal.qc.ca\\\/en\\\/\",\"name\":\"Barreau de Montr&eacute;al\",\"description\":\"La plus grande section du Barreau du Qu&eacute;bec\",\"potentialAction\":[{\"@type\":\"SearchAction\",\"target\":{\"@type\":\"EntryPoint\",\"urlTemplate\":\"https:\\\/\\\/www.barreaudemontreal.qc.ca\\\/en\\\/?s={search_term_string}\"},\"query-input\":{\"@type\":\"PropertyValueSpecification\",\"valueRequired\":true,\"valueName\":\"search_term_string\"}}],\"inLanguage\":\"en-US\"}]}<\/script>\n<!-- \/ Yoast SEO plugin. -->","yoast_head_json":{"title":"JURIP\u00d4LE - Barreau de Montr&eacute;al","description":"Le JuriP\u00f4le offre un acc\u00e8s gratuit \u00e0 de l\u2019information juridique en mati\u00e8res civiles et familiales pour les personnes non repr\u00e9sent\u00e9es.","robots":{"index":"index","follow":"follow","max-snippet":"max-snippet:-1","max-image-preview":"max-image-preview:large","max-video-preview":"max-video-preview:-1"},"canonical":"https:\/\/www.barreaudemontreal.qc.ca\/en\/public\/services-au-public-en\/juripole\/","og_locale":"en_US","og_type":"article","og_title":"JURIP\u00d4LE - Barreau de Montr&eacute;al","og_description":"Le JuriP\u00f4le offre un acc\u00e8s gratuit \u00e0 de l\u2019information juridique en mati\u00e8res civiles et familiales pour les personnes non repr\u00e9sent\u00e9es.","og_url":"https:\/\/www.barreaudemontreal.qc.ca\/en\/public\/services-au-public-en\/juripole\/","og_site_name":"Barreau de Montr&eacute;al","article_modified_time":"2025-12-01T19:53:33+00:00","og_image":[{"width":2560,"height":517,"url":"https:\/\/www.barreaudemontreal.qc.ca\/wp-content\/uploads\/logo-juripole_couleur_transparence.png","type":"image\/png"}],"twitter_card":"summary_large_image","twitter_misc":{"Est. reading time":"4 minutes"},"schema":{"@context":"https:\/\/schema.org","@graph":[{"@type":"WebPage","@id":"https:\/\/www.barreaudemontreal.qc.ca\/en\/public\/services-au-public-en\/juripole\/","url":"https:\/\/www.barreaudemontreal.qc.ca\/en\/public\/services-au-public-en\/juripole\/","name":"JURIP\u00d4LE - Barreau de Montr&eacute;al","isPartOf":{"@id":"https:\/\/www.barreaudemontreal.qc.ca\/en\/#website"},"primaryImageOfPage":{"@id":"https:\/\/www.barreaudemontreal.qc.ca\/en\/public\/services-au-public-en\/juripole\/#primaryimage"},"image":{"@id":"https:\/\/www.barreaudemontreal.qc.ca\/en\/public\/services-au-public-en\/juripole\/#primaryimage"},"thumbnailUrl":"https:\/\/www.barreaudemontreal.qc.ca\/wp-content\/uploads\/\/logo-juripole_couleur_transparence-1024x207.png","datePublished":"2025-08-07T15:00:57+00:00","dateModified":"2025-12-01T19:53:33+00:00","description":"Le JuriP\u00f4le offre un acc\u00e8s gratuit \u00e0 de l\u2019information juridique en mati\u00e8res civiles et familiales pour les personnes non repr\u00e9sent\u00e9es.","breadcrumb":{"@id":"https:\/\/www.barreaudemontreal.qc.ca\/en\/public\/services-au-public-en\/juripole\/#breadcrumb"},"inLanguage":"en-US","potentialAction":[{"@type":"ReadAction","target":["https:\/\/www.barreaudemontreal.qc.ca\/en\/public\/services-au-public-en\/juripole\/"]}]},{"@type":"ImageObject","inLanguage":"en-US","@id":"https:\/\/www.barreaudemontreal.qc.ca\/en\/public\/services-au-public-en\/juripole\/#primaryimage","url":"https:\/\/www.barreaudemontreal.qc.ca\/wp-content\/uploads\/\/logo-juripole_couleur_transparence-1024x207.png","contentUrl":"https:\/\/www.barreaudemontreal.qc.ca\/wp-content\/uploads\/\/logo-juripole_couleur_transparence-1024x207.png"},{"@type":"BreadcrumbList","@id":"https:\/\/www.barreaudemontreal.qc.ca\/en\/public\/services-au-public-en\/juripole\/#breadcrumb","itemListElement":[{"@type":"ListItem","position":1,"name":"Home","item":"https:\/\/www.barreaudemontreal.qc.ca\/en\/"},{"@type":"ListItem","position":2,"name":"Public","item":"https:\/\/www.barreaudemontreal.qc.ca\/en\/public\/"},{"@type":"ListItem","position":3,"name":"Services for the Public","item":"https:\/\/www.barreaudemontreal.qc.ca\/en\/public\/services-au-public-en\/"},{"@type":"ListItem","position":4,"name":"JURIP\u00d4LE"}]},{"@type":"WebSite","@id":"https:\/\/www.barreaudemontreal.qc.ca\/en\/#website","url":"https:\/\/www.barreaudemontreal.qc.ca\/en\/","name":"Barreau de Montr&eacute;al","description":"La plus grande section du Barreau du Qu&eacute;bec","potentialAction":[{"@type":"SearchAction","target":{"@type":"EntryPoint","urlTemplate":"https:\/\/www.barreaudemontreal.qc.ca\/en\/?s={search_term_string}"},"query-input":{"@type":"PropertyValueSpecification","valueRequired":true,"valueName":"search_term_string"}}],"inLanguage":"en-US"}]}},"_links":{"self":[{"href":"https:\/\/www.barreaudemontreal.qc.ca\/en\/wp-json\/wp\/v2\/pages\/42964","targetHints":{"allow":["GET"]}}],"collection":[{"href":"https:\/\/www.barreaudemontreal.qc.ca\/en\/wp-json\/wp\/v2\/pages"}],"about":[{"href":"https:\/\/www.barreaudemontreal.qc.ca\/en\/wp-json\/wp\/v2\/types\/page"}],"author":[{"embeddable":true,"href":"https:\/\/www.barreaudemontreal.qc.ca\/en\/wp-json\/wp\/v2\/users\/3"}],"replies":[{"embeddable":true,"href":"https:\/\/www.barreaudemontreal.qc.ca\/en\/wp-json\/wp\/v2\/comments?post=42964"}],"version-history":[{"count":0,"href":"https:\/\/www.barreaudemontreal.qc.ca\/en\/wp-json\/wp\/v2\/pages\/42964\/revisions"}],"up":[{"embeddable":true,"href":"https:\/\/www.barreaudemontreal.qc.ca\/en\/wp-json\/wp\/v2\/pages\/12025"}],"wp:attachment":[{"href":"https:\/\/www.barreaudemontreal.qc.ca\/en\/wp-json\/wp\/v2\/media?parent=42964"}],"curies":[{"name":"wp","href":"https:\/\/api.w.org\/{rel}","templated":true}]}}