{"id":39835,"date":"2025-01-23T10:02:41","date_gmt":"2025-01-23T15:02:41","guid":{"rendered":"https:\/\/www.barreaudemontreal.qc.ca\/?page_id=39835"},"modified":"2025-02-19T13:41:39","modified_gmt":"2025-02-19T18:41:39","slug":"a-propos-des-conferencieres-2","status":"publish","type":"page","link":"https:\/\/www.barreaudemontreal.qc.ca\/en\/public\/les-rendez-vous-visez-droit\/ateliers-et-conferences\/a-propos-des-conferencieres-2\/","title":{"rendered":"\u00c0 propos des conf\u00e9renci\u00e8res"},"content":{"rendered":"\n<h2 class=\"wp-block-heading\">Demande d&#8217;asile : de votre arriv\u00e9e \u00e0 votre int\u00e9gration, vos droits, les d\u00e9marches \/ <em>Request for asylum: from your arrival to your integration, your rights, the procedures<\/em><\/h2>\n\n\n\n<div style=\"height:20px\" aria-hidden=\"true\" class=\"wp-block-spacer\"><\/div>\n\n\n\n<div class=\"wp-block-columns has-background is-layout-flex wp-container-core-columns-is-layout-9d6595d7 wp-block-columns-is-layout-flex\" style=\"background-color:#fafafa\">\n<div class=\"wp-block-column is-layout-flow wp-block-column-is-layout-flow\" style=\"flex-basis:33.33%\">\n<figure class=\"wp-block-image size-full is-resized\"><img decoding=\"async\" width=\"1920\" height=\"2560\" src=\"https:\/\/www.barreaudemontreal.qc.ca\/wp-content\/uploads\/photo-clemence-chevalier-edited-scaled.jpeg\" alt=\"\" class=\"wp-image-39838\" style=\"width:175px\"\/><figcaption class=\"wp-element-caption\"><strong>Me Cl\u00e9mence Chevalier<\/strong>, avocate en droit de l&#8217;immigration et droit des r\u00e9fugi\u00e9s, charg\u00e9e de cours \u00e0 la ma\u00eetrise en droit international et politique d&#8217;immigration (DIPIA) \u00e0 l&#8217;Universit\u00e9 de Sherbrooke.<\/figcaption><\/figure>\n<\/div>\n\n\n\n<div class=\"wp-block-column is-layout-flow wp-block-column-is-layout-flow\" style=\"flex-basis:90%\">\n<p>Me Cl\u00e9mence Chevalier est avocate en droit de l&#8217;immigration et des r\u00e9fugi\u00e9s depuis 2019. Elle est la co-fondatrice du cabinet CME Avocates. Elle r\u00e9alise \u00e9galement un doctorat \u00e0 l&#8217;Universit\u00e9 de Sherbrooke et est la charg\u00e9e de cours, dans cette m\u00eame universit\u00e9, du BAJI (Bureau d&#8217;assistance juridique internationale), une clinique en droit international qui rassemble des \u00e9tudiant.es de maitrise.<\/p>\n\n\n\n<figure class=\"wp-block-image size-large is-resized\"><img decoding=\"async\" width=\"1024\" height=\"1024\" src=\"https:\/\/www.barreaudemontreal.qc.ca\/wp-content\/uploads\/vignettems_dipia-1024x1024.png\" alt=\"\" class=\"wp-image-40070\" style=\"width:72px;height:auto\"\/><\/figure>\n<\/div>\n<\/div>\n\n\n\n<div style=\"height:20px\" aria-hidden=\"true\" class=\"wp-block-spacer\"><\/div>\n\n\n\n<div class=\"wp-block-columns has-background is-layout-flex wp-container-core-columns-is-layout-9d6595d7 wp-block-columns-is-layout-flex\" style=\"background-color:#fafafa\">\n<div class=\"wp-block-column is-layout-flow wp-block-column-is-layout-flow\" style=\"flex-basis:33.33%\">\n<figure class=\"wp-block-image size-full is-resized\"><img decoding=\"async\" width=\"480\" height=\"640\" src=\"https:\/\/www.barreaudemontreal.qc.ca\/wp-content\/uploads\/photo-sergine-louissaint.jpg\" alt=\"\" class=\"wp-image-39840\" style=\"width:175px\"\/><figcaption class=\"wp-element-caption\"><strong>Mme Sergine Louissaint<\/strong>,<strong> <\/strong>coordonnatrice du Programme de soutien aux personnes en demande d&#8217;asile chez Justice Pro Bono.<\/figcaption><\/figure>\n<\/div>\n\n\n\n<div class=\"wp-block-column is-layout-flow wp-block-column-is-layout-flow\" style=\"flex-basis:90%\">\n<p>Sergine Louissaint est coordonnatrice du Programme de soutien aux personnes en demande d\u2019asile chez Justice Pro Bono. Avec quatre ans d\u2019exp\u00e9rience dans le milieu communautaire, elle a d\u00e9di\u00e9 son parcours \u00e0 l\u2019accompagnement des personnes migrantes et r\u00e9fugi\u00e9es. Avant de rejoindre Justice Pro Bono, elle a travaill\u00e9 comme conseill\u00e8re en int\u00e9gration et charg\u00e9e de projet pour les demandeurs d\u2019asile au SIARI.<br><\/p>\n\n\n\n<figure class=\"wp-block-image size-large is-resized\"><a href=\"https:\/\/justiceprobono.ca\/\" target=\"_blank\" rel=\" noreferrer noopener\"><img decoding=\"async\" src=\"https:\/\/www.barreaudemontreal.qc.ca\/wp-content\/uploads\/justice-pro-bono-1.svg\" alt=\"\" class=\"wp-image-40212\" style=\"width:94px;height:auto\"\/><\/a><\/figure>\n<\/div>\n<\/div>\n\n\n\n<div style=\"height:20px\" aria-hidden=\"true\" class=\"wp-block-spacer\"><\/div>\n\n\n\n<p>*<em>Avec la collaboration du Service d&#8217;Interpr\u00e8te d&#8217;Aide et de R\u00e9f\u00e9rence aux Immigrants&nbsp;(SIARI)<\/em>.<\/p>\n\n\n\n<figure class=\"wp-block-image size-large is-resized\"><a href=\"https:\/\/www.siari.org\" target=\"_blank\" rel=\" noreferrer noopener\"><img decoding=\"async\" width=\"1024\" height=\"1024\" src=\"https:\/\/www.barreaudemontreal.qc.ca\/wp-content\/uploads\/logo-couleur-siari-1-1024x1024.png\" alt=\"\" class=\"wp-image-40074\" style=\"width:94px;height:auto\"\/><\/a><\/figure>\n","protected":false},"excerpt":{"rendered":"<p>Demande d&#8217;asile : de votre arriv\u00e9e \u00e0 votre int\u00e9gration, vos droits, les d\u00e9marches \/ Request for asylum: from your arrival to your integration, your rights, the procedures Me Cl\u00e9mence Chevalier [&hellip;]<\/p>\n","protected":false},"author":3,"featured_media":0,"parent":37487,"menu_order":0,"comment_status":"closed","ping_status":"closed","template":"","meta":{"_acf_changed":false,"_editorskit_title_hidden":false,"_editorskit_reading_time":0,"_editorskit_is_block_options_detached":false,"_editorskit_block_options_position":"{}","inline_featured_image":false,"ngg_post_thumbnail":0,"footnotes":""},"class_list":["post-39835","page","type-page","status-publish","hentry"],"acf":[],"yoast_head":"<!-- This site is optimized with the Yoast SEO plugin v27.4 - https:\/\/yoast.com\/product\/yoast-seo-wordpress\/ -->\n<title>\u00c0 propos des conf\u00e9renci\u00e8res - Barreau de Montr&eacute;al<\/title>\n<meta name=\"robots\" content=\"index, follow, max-snippet:-1, max-image-preview:large, max-video-preview:-1\" \/>\n<link rel=\"canonical\" href=\"https:\/\/www.barreaudemontreal.qc.ca\/en\/public\/les-rendez-vous-visez-droit\/ateliers-et-conferences\/a-propos-des-conferencieres-2\/\" \/>\n<meta property=\"og:locale\" content=\"en_US\" \/>\n<meta property=\"og:type\" content=\"article\" \/>\n<meta property=\"og:title\" content=\"\u00c0 propos des conf\u00e9renci\u00e8res - Barreau de Montr&eacute;al\" \/>\n<meta property=\"og:description\" content=\"Demande d&#8217;asile : de votre arriv\u00e9e \u00e0 votre int\u00e9gration, vos droits, les d\u00e9marches \/ Request for asylum: from your arrival to your integration, your rights, the procedures Me Cl\u00e9mence Chevalier [&hellip;]\" \/>\n<meta property=\"og:url\" content=\"https:\/\/www.barreaudemontreal.qc.ca\/en\/public\/les-rendez-vous-visez-droit\/ateliers-et-conferences\/a-propos-des-conferencieres-2\/\" \/>\n<meta property=\"og:site_name\" content=\"Barreau de Montr&eacute;al\" \/>\n<meta property=\"article:modified_time\" content=\"2025-02-19T18:41:39+00:00\" \/>\n<meta property=\"og:image\" content=\"https:\/\/www.barreaudemontreal.qc.ca\/wp-content\/uploads\/photo-clemence-chevalier-edited-scaled.jpeg\" \/>\n\t<meta property=\"og:image:width\" content=\"1920\" \/>\n\t<meta property=\"og:image:height\" content=\"2560\" \/>\n\t<meta property=\"og:image:type\" content=\"image\/jpeg\" \/>\n<meta name=\"twitter:card\" content=\"summary_large_image\" \/>\n<meta name=\"twitter:label1\" content=\"Est. reading time\" \/>\n\t<meta name=\"twitter:data1\" content=\"3 minutes\" \/>\n<script type=\"application\/ld+json\" class=\"yoast-schema-graph\">{\"@context\":\"https:\\\/\\\/schema.org\",\"@graph\":[{\"@type\":\"WebPage\",\"@id\":\"https:\\\/\\\/www.barreaudemontreal.qc.ca\\\/en\\\/public\\\/les-rendez-vous-visez-droit\\\/ateliers-et-conferences\\\/a-propos-des-conferencieres-2\\\/\",\"url\":\"https:\\\/\\\/www.barreaudemontreal.qc.ca\\\/en\\\/public\\\/les-rendez-vous-visez-droit\\\/ateliers-et-conferences\\\/a-propos-des-conferencieres-2\\\/\",\"name\":\"\u00c0 propos des conf\u00e9renci\u00e8res - Barreau de Montr&eacute;al\",\"isPartOf\":{\"@id\":\"https:\\\/\\\/www.barreaudemontreal.qc.ca\\\/en\\\/#website\"},\"primaryImageOfPage\":{\"@id\":\"https:\\\/\\\/www.barreaudemontreal.qc.ca\\\/en\\\/public\\\/les-rendez-vous-visez-droit\\\/ateliers-et-conferences\\\/a-propos-des-conferencieres-2\\\/#primaryimage\"},\"image\":{\"@id\":\"https:\\\/\\\/www.barreaudemontreal.qc.ca\\\/en\\\/public\\\/les-rendez-vous-visez-droit\\\/ateliers-et-conferences\\\/a-propos-des-conferencieres-2\\\/#primaryimage\"},\"thumbnailUrl\":\"https:\\\/\\\/www.barreaudemontreal.qc.ca\\\/wp-content\\\/uploads\\\/photo-clemence-chevalier-edited-scaled.jpeg\",\"datePublished\":\"2025-01-23T15:02:41+00:00\",\"dateModified\":\"2025-02-19T18:41:39+00:00\",\"breadcrumb\":{\"@id\":\"https:\\\/\\\/www.barreaudemontreal.qc.ca\\\/en\\\/public\\\/les-rendez-vous-visez-droit\\\/ateliers-et-conferences\\\/a-propos-des-conferencieres-2\\\/#breadcrumb\"},\"inLanguage\":\"en-US\",\"potentialAction\":[{\"@type\":\"ReadAction\",\"target\":[\"https:\\\/\\\/www.barreaudemontreal.qc.ca\\\/en\\\/public\\\/les-rendez-vous-visez-droit\\\/ateliers-et-conferences\\\/a-propos-des-conferencieres-2\\\/\"]}]},{\"@type\":\"ImageObject\",\"inLanguage\":\"en-US\",\"@id\":\"https:\\\/\\\/www.barreaudemontreal.qc.ca\\\/en\\\/public\\\/les-rendez-vous-visez-droit\\\/ateliers-et-conferences\\\/a-propos-des-conferencieres-2\\\/#primaryimage\",\"url\":\"https:\\\/\\\/www.barreaudemontreal.qc.ca\\\/wp-content\\\/uploads\\\/photo-clemence-chevalier-edited-scaled.jpeg\",\"contentUrl\":\"https:\\\/\\\/www.barreaudemontreal.qc.ca\\\/wp-content\\\/uploads\\\/photo-clemence-chevalier-edited-scaled.jpeg\"},{\"@type\":\"BreadcrumbList\",\"@id\":\"https:\\\/\\\/www.barreaudemontreal.qc.ca\\\/en\\\/public\\\/les-rendez-vous-visez-droit\\\/ateliers-et-conferences\\\/a-propos-des-conferencieres-2\\\/#breadcrumb\",\"itemListElement\":[{\"@type\":\"ListItem\",\"position\":1,\"name\":\"Home\",\"item\":\"https:\\\/\\\/www.barreaudemontreal.qc.ca\\\/en\\\/\"},{\"@type\":\"ListItem\",\"position\":2,\"name\":\"Public\",\"item\":\"https:\\\/\\\/www.barreaudemontreal.qc.ca\\\/en\\\/public\\\/\"},{\"@type\":\"ListItem\",\"position\":3,\"name\":\"Les Rendez-vous VISEZ DROIT\",\"item\":\"https:\\\/\\\/www.barreaudemontreal.qc.ca\\\/en\\\/public\\\/les-rendez-vous-visez-droit\\\/\"},{\"@type\":\"ListItem\",\"position\":4,\"name\":\"Ateliers et conf\u00e9rences\",\"item\":\"https:\\\/\\\/www.barreaudemontreal.qc.ca\\\/en\\\/public\\\/les-rendez-vous-visez-droit\\\/ateliers-et-conferences\\\/\"},{\"@type\":\"ListItem\",\"position\":5,\"name\":\"\u00c0 propos des conf\u00e9renci\u00e8res\"}]},{\"@type\":\"WebSite\",\"@id\":\"https:\\\/\\\/www.barreaudemontreal.qc.ca\\\/en\\\/#website\",\"url\":\"https:\\\/\\\/www.barreaudemontreal.qc.ca\\\/en\\\/\",\"name\":\"Barreau de Montr&eacute;al\",\"description\":\"La plus grande section du Barreau du Qu&eacute;bec\",\"potentialAction\":[{\"@type\":\"SearchAction\",\"target\":{\"@type\":\"EntryPoint\",\"urlTemplate\":\"https:\\\/\\\/www.barreaudemontreal.qc.ca\\\/en\\\/?s={search_term_string}\"},\"query-input\":{\"@type\":\"PropertyValueSpecification\",\"valueRequired\":true,\"valueName\":\"search_term_string\"}}],\"inLanguage\":\"en-US\"}]}<\/script>\n<!-- \/ Yoast SEO plugin. -->","yoast_head_json":{"title":"\u00c0 propos des conf\u00e9renci\u00e8res - Barreau de Montr&eacute;al","robots":{"index":"index","follow":"follow","max-snippet":"max-snippet:-1","max-image-preview":"max-image-preview:large","max-video-preview":"max-video-preview:-1"},"canonical":"https:\/\/www.barreaudemontreal.qc.ca\/en\/public\/les-rendez-vous-visez-droit\/ateliers-et-conferences\/a-propos-des-conferencieres-2\/","og_locale":"en_US","og_type":"article","og_title":"\u00c0 propos des conf\u00e9renci\u00e8res - Barreau de Montr&eacute;al","og_description":"Demande d&#8217;asile : de votre arriv\u00e9e \u00e0 votre int\u00e9gration, vos droits, les d\u00e9marches \/ Request for asylum: from your arrival to your integration, your rights, the procedures Me Cl\u00e9mence Chevalier [&hellip;]","og_url":"https:\/\/www.barreaudemontreal.qc.ca\/en\/public\/les-rendez-vous-visez-droit\/ateliers-et-conferences\/a-propos-des-conferencieres-2\/","og_site_name":"Barreau de Montr&eacute;al","article_modified_time":"2025-02-19T18:41:39+00:00","og_image":[{"width":1920,"height":2560,"url":"https:\/\/www.barreaudemontreal.qc.ca\/wp-content\/uploads\/photo-clemence-chevalier-edited-scaled.jpeg","type":"image\/jpeg"}],"twitter_card":"summary_large_image","twitter_misc":{"Est. reading time":"3 minutes"},"schema":{"@context":"https:\/\/schema.org","@graph":[{"@type":"WebPage","@id":"https:\/\/www.barreaudemontreal.qc.ca\/en\/public\/les-rendez-vous-visez-droit\/ateliers-et-conferences\/a-propos-des-conferencieres-2\/","url":"https:\/\/www.barreaudemontreal.qc.ca\/en\/public\/les-rendez-vous-visez-droit\/ateliers-et-conferences\/a-propos-des-conferencieres-2\/","name":"\u00c0 propos des conf\u00e9renci\u00e8res - Barreau de Montr&eacute;al","isPartOf":{"@id":"https:\/\/www.barreaudemontreal.qc.ca\/en\/#website"},"primaryImageOfPage":{"@id":"https:\/\/www.barreaudemontreal.qc.ca\/en\/public\/les-rendez-vous-visez-droit\/ateliers-et-conferences\/a-propos-des-conferencieres-2\/#primaryimage"},"image":{"@id":"https:\/\/www.barreaudemontreal.qc.ca\/en\/public\/les-rendez-vous-visez-droit\/ateliers-et-conferences\/a-propos-des-conferencieres-2\/#primaryimage"},"thumbnailUrl":"https:\/\/www.barreaudemontreal.qc.ca\/wp-content\/uploads\/photo-clemence-chevalier-edited-scaled.jpeg","datePublished":"2025-01-23T15:02:41+00:00","dateModified":"2025-02-19T18:41:39+00:00","breadcrumb":{"@id":"https:\/\/www.barreaudemontreal.qc.ca\/en\/public\/les-rendez-vous-visez-droit\/ateliers-et-conferences\/a-propos-des-conferencieres-2\/#breadcrumb"},"inLanguage":"en-US","potentialAction":[{"@type":"ReadAction","target":["https:\/\/www.barreaudemontreal.qc.ca\/en\/public\/les-rendez-vous-visez-droit\/ateliers-et-conferences\/a-propos-des-conferencieres-2\/"]}]},{"@type":"ImageObject","inLanguage":"en-US","@id":"https:\/\/www.barreaudemontreal.qc.ca\/en\/public\/les-rendez-vous-visez-droit\/ateliers-et-conferences\/a-propos-des-conferencieres-2\/#primaryimage","url":"https:\/\/www.barreaudemontreal.qc.ca\/wp-content\/uploads\/photo-clemence-chevalier-edited-scaled.jpeg","contentUrl":"https:\/\/www.barreaudemontreal.qc.ca\/wp-content\/uploads\/photo-clemence-chevalier-edited-scaled.jpeg"},{"@type":"BreadcrumbList","@id":"https:\/\/www.barreaudemontreal.qc.ca\/en\/public\/les-rendez-vous-visez-droit\/ateliers-et-conferences\/a-propos-des-conferencieres-2\/#breadcrumb","itemListElement":[{"@type":"ListItem","position":1,"name":"Home","item":"https:\/\/www.barreaudemontreal.qc.ca\/en\/"},{"@type":"ListItem","position":2,"name":"Public","item":"https:\/\/www.barreaudemontreal.qc.ca\/en\/public\/"},{"@type":"ListItem","position":3,"name":"Les Rendez-vous VISEZ DROIT","item":"https:\/\/www.barreaudemontreal.qc.ca\/en\/public\/les-rendez-vous-visez-droit\/"},{"@type":"ListItem","position":4,"name":"Ateliers et conf\u00e9rences","item":"https:\/\/www.barreaudemontreal.qc.ca\/en\/public\/les-rendez-vous-visez-droit\/ateliers-et-conferences\/"},{"@type":"ListItem","position":5,"name":"\u00c0 propos des conf\u00e9renci\u00e8res"}]},{"@type":"WebSite","@id":"https:\/\/www.barreaudemontreal.qc.ca\/en\/#website","url":"https:\/\/www.barreaudemontreal.qc.ca\/en\/","name":"Barreau de Montr&eacute;al","description":"La plus grande section du Barreau du Qu&eacute;bec","potentialAction":[{"@type":"SearchAction","target":{"@type":"EntryPoint","urlTemplate":"https:\/\/www.barreaudemontreal.qc.ca\/en\/?s={search_term_string}"},"query-input":{"@type":"PropertyValueSpecification","valueRequired":true,"valueName":"search_term_string"}}],"inLanguage":"en-US"}]}},"_links":{"self":[{"href":"https:\/\/www.barreaudemontreal.qc.ca\/en\/wp-json\/wp\/v2\/pages\/39835","targetHints":{"allow":["GET"]}}],"collection":[{"href":"https:\/\/www.barreaudemontreal.qc.ca\/en\/wp-json\/wp\/v2\/pages"}],"about":[{"href":"https:\/\/www.barreaudemontreal.qc.ca\/en\/wp-json\/wp\/v2\/types\/page"}],"author":[{"embeddable":true,"href":"https:\/\/www.barreaudemontreal.qc.ca\/en\/wp-json\/wp\/v2\/users\/3"}],"replies":[{"embeddable":true,"href":"https:\/\/www.barreaudemontreal.qc.ca\/en\/wp-json\/wp\/v2\/comments?post=39835"}],"version-history":[{"count":0,"href":"https:\/\/www.barreaudemontreal.qc.ca\/en\/wp-json\/wp\/v2\/pages\/39835\/revisions"}],"up":[{"embeddable":true,"href":"https:\/\/www.barreaudemontreal.qc.ca\/en\/wp-json\/wp\/v2\/pages\/37487"}],"wp:attachment":[{"href":"https:\/\/www.barreaudemontreal.qc.ca\/en\/wp-json\/wp\/v2\/media?parent=39835"}],"curies":[{"name":"wp","href":"https:\/\/api.w.org\/{rel}","templated":true}]}}