{"id":39433,"date":"2025-01-24T10:42:49","date_gmt":"2025-01-24T15:42:49","guid":{"rendered":"https:\/\/www.barreaudemontreal.qc.ca\/?page_id=39433"},"modified":"2025-03-20T13:37:26","modified_gmt":"2025-03-20T17:37:26","slug":"campagne-sur-la-sante-financiere-en-argent","status":"publish","type":"page","link":"https:\/\/www.barreaudemontreal.qc.ca\/en\/avocats\/outils\/equilibre\/campagne-sur-la-sante-financiere-en-argent\/","title":{"rendered":"Campagne sur la sant\u00e9 financi\u00e8re \u00abEN-ARGENT\u00bb"},"content":{"rendered":"\n<div style=\"height:20px\" aria-hidden=\"true\" class=\"wp-block-spacer\"><\/div>\n\n\n<div class=\"lightRedBox textBoxNew\">\n\n<p><strong>Le Barreau de Montr\u00e9al, par l\u2019entremise de son comit\u00e9 des relations avec les membres, souhaite contribuer au bien-\u00eatre des membres de la profession et favoriser un juste \u00e9quilibre.<\/strong><\/p>\n<p>Le comit\u00e9 est fier de vous pr\u00e9senter la campagne EN-ARGENT, ax\u00e9e sur la sant\u00e9 financi\u00e8re, et vous invite \u00e0 d\u00e9couvrir une s\u00e9rie de trois capsules d\u2019information, b\u00e2ties sur mesure pour les avocats, accompagn\u00e9es de conseils pratiques.<\/p>\n<\/div>\n\n\n<div style=\"height:20px\" aria-hidden=\"true\" class=\"wp-block-spacer\"><\/div>\n\n\n\n<h3 class=\"wp-block-heading\">PLANIFIER<\/h3>\n\n\n\n<p>La planification financi\u00e8re est essentielle pour atteindre vos objectifs. <strong>Natasha Black<\/strong>, planificatrice financi\u00e8re, vous propose des conseils pour ma\u00eetriser vos finances, \u00e9pargner, investir et planifier en toute confiance.<\/p>\n\n\n\n<div style=\"height:10px\" aria-hidden=\"true\" class=\"wp-block-spacer\"><\/div>\n\n\n\n<div class=\"wp-block-columns is-layout-flex wp-container-core-columns-is-layout-9d6595d7 wp-block-columns-is-layout-flex\">\n<div class=\"wp-block-column is-layout-flow wp-block-column-is-layout-flow\" style=\"flex-basis:80%\">\n<figure class=\"wp-block-embed is-type-video is-provider-youtube wp-block-embed-youtube wp-embed-aspect-16-9 wp-has-aspect-ratio\"><div class=\"wp-block-embed__wrapper\">\n<iframe loading=\"lazy\" title=\"Sant\u00e9 financi\u00e8re \u00ab EN-ARGENT \u00bb - Planifier\" width=\"500\" height=\"281\" src=\"https:\/\/www.youtube.com\/embed\/JzhIXBn_nCE?feature=oembed\" frameborder=\"0\" allow=\"accelerometer; autoplay; clipboard-write; encrypted-media; gyroscope; picture-in-picture; web-share\" referrerpolicy=\"strict-origin-when-cross-origin\" allowfullscreen><\/iframe>\n<\/div><\/figure>\n<\/div>\n\n\n\n<div class=\"wp-block-column is-layout-flow wp-block-column-is-layout-flow\" style=\"flex-basis:10%\"><\/div>\n<\/div>\n\n\n\n<div style=\"height:40px\" aria-hidden=\"true\" class=\"wp-block-spacer\"><\/div>\n\n\n\n<h3 class=\"wp-block-heading\">B\u00c2TIR<\/h3>\n\n\n\n<p>Les placements font cro\u00eetre votre patrimoine et prot\u00e8gent contre l\u2019inflation. <strong>Natasha Black<\/strong>, planificatrice financi\u00e8re, partage des conseils pratiques pour maximiser vos investissements gr\u00e2ce \u00e0 des outils comme le REER, le CELI et le CELIAPP, adapt\u00e9s \u00e0 votre profil financier.<\/p>\n\n\n\n<div style=\"height:10px\" aria-hidden=\"true\" class=\"wp-block-spacer\"><\/div>\n\n\n\n<div class=\"wp-block-columns is-layout-flex wp-container-core-columns-is-layout-9d6595d7 wp-block-columns-is-layout-flex\">\n<div class=\"wp-block-column is-layout-flow wp-block-column-is-layout-flow\" style=\"flex-basis:80%\">\n<figure class=\"wp-block-embed is-type-video is-provider-youtube wp-block-embed-youtube wp-embed-aspect-16-9 wp-has-aspect-ratio\"><div class=\"wp-block-embed__wrapper\">\n<iframe loading=\"lazy\" title=\"Sant\u00e9 financi\u00e8re \u00ab EN-ARGENT \u00bb : B\u00e2tir\" width=\"500\" height=\"281\" src=\"https:\/\/www.youtube.com\/embed\/M3K7TtGmgTY?feature=oembed\" frameborder=\"0\" allow=\"accelerometer; autoplay; clipboard-write; encrypted-media; gyroscope; picture-in-picture; web-share\" referrerpolicy=\"strict-origin-when-cross-origin\" allowfullscreen><\/iframe>\n<\/div><\/figure>\n<\/div>\n\n\n\n<div class=\"wp-block-column is-layout-flow wp-block-column-is-layout-flow\" style=\"flex-basis:10%\"><\/div>\n<\/div>\n\n\n\n<div style=\"height:40px\" aria-hidden=\"true\" class=\"wp-block-spacer\"><\/div>\n\n\n\n<h3 class=\"wp-block-heading\">PROT\u00c9GER<\/h3>\n\n\n\n<p>Que ce soit pour des besoins individuels ou professionnels, l\u2019assurance de personnes est essentielle pour prot\u00e9ger votre avenir financier face aux al\u00e9as de la vie. <strong>Natasha Black<\/strong>, planificatrice financi\u00e8re, vous aide \u00e0 \u00e9valuer vos assurances afin de prot\u00e9ger votre s\u00e9curit\u00e9 financi\u00e8re et celle de vos proches.<br><br><\/p>\n\n\n\n<div style=\"height:10px\" aria-hidden=\"true\" class=\"wp-block-spacer\"><\/div>\n\n\n\n<div class=\"wp-block-columns is-layout-flex wp-container-core-columns-is-layout-9d6595d7 wp-block-columns-is-layout-flex\">\n<div class=\"wp-block-column is-layout-flow wp-block-column-is-layout-flow\" style=\"flex-basis:80%\">\n<figure class=\"wp-block-embed is-type-video is-provider-youtube wp-block-embed-youtube wp-embed-aspect-16-9 wp-has-aspect-ratio\"><div class=\"wp-block-embed__wrapper\">\n<iframe loading=\"lazy\" title=\"Sant\u00e9 financi\u00e8re \u00ab EN-ARGENT \u00bb : Prot\u00e9ger\" width=\"500\" height=\"281\" src=\"https:\/\/www.youtube.com\/embed\/QlESJg-HLno?feature=oembed\" frameborder=\"0\" allow=\"accelerometer; autoplay; clipboard-write; encrypted-media; gyroscope; picture-in-picture; web-share\" referrerpolicy=\"strict-origin-when-cross-origin\" allowfullscreen><\/iframe>\n<\/div><\/figure>\n<\/div>\n\n\n\n<div class=\"wp-block-column is-layout-flow wp-block-column-is-layout-flow\" style=\"flex-basis:10%\"><\/div>\n<\/div>\n\n\n\n<div style=\"height:60px\" aria-hidden=\"true\" class=\"wp-block-spacer\"><\/div>\n\n\n\n<div class=\"wp-block-columns is-layout-flex wp-container-core-columns-is-layout-9d6595d7 wp-block-columns-is-layout-flex\">\n<div class=\"wp-block-column is-layout-flow wp-block-column-is-layout-flow\" style=\"flex-basis:50%\">\n<figure class=\"wp-block-image size-large\"><img decoding=\"async\" width=\"1024\" height=\"655\" src=\"https:\/\/www.barreaudemontreal.qc.ca\/wp-content\/uploads\/formation-25-mars-2025-1024x655.png\" alt=\"\" class=\"wp-image-40099\"\/><\/figure>\n<\/div>\n\n\n\n<div class=\"wp-block-column is-layout-flow wp-block-column-is-layout-flow\" style=\"flex-basis:50%\">\n<h4 class=\"wp-block-heading\"><em>Pr\u00e9servez la sant\u00e9 de votre patrimoine : Planifier, b\u00e2tir et prot\u00e9ger<\/em><\/h4>\n\n\n\n<p>Cette formation qui viendra clore la campagne, explorera trois piliers essentiels afin de b\u00e2tir une sant\u00e9 financi\u00e8re solide et r\u00e9aliser vos ambitions de vie : la planification financi\u00e8re, les placements et l\u2019assurance de personnes. Ces outils, souvent per\u00e7us comme complexes, sont en r\u00e9alit\u00e9 des alli\u00e9s puissants pour prendre le contr\u00f4le de vos finances, prot\u00e9ger vos proches et pr\u00e9parer un avenir prosp\u00e8re.<\/p>\n\n\n\n<div class=\"wp-block-buttons is-layout-flex wp-block-buttons-is-layout-flex\">\n<div class=\"wp-block-button\"><a class=\"wp-block-button__link has-central-palette-6-color has-central-palette-2-background-color has-text-color has-background has-link-color wp-element-button\" href=\"https:\/\/www.barreaudemontreal.qc.ca\/activite\/preservez-la-sante-de-votre-patrimoine-planifier-batir-et-proteger\/\" style=\"border-radius:0px\" target=\"_blank\" rel=\"noreferrer noopener\">En savoir plus et m&#8217;inscrire<\/a><\/div>\n<\/div>\n<\/div>\n<\/div>\n","protected":false},"excerpt":{"rendered":"<p>PLANIFIER La planification financi\u00e8re est essentielle pour atteindre vos objectifs. Natasha Black, planificatrice financi\u00e8re, vous propose des conseils pour ma\u00eetriser vos finances, \u00e9pargner, investir et planifier en toute confiance. B\u00c2TIR [&hellip;]<\/p>\n","protected":false},"author":3,"featured_media":0,"parent":2686,"menu_order":0,"comment_status":"closed","ping_status":"closed","template":"","meta":{"_acf_changed":false,"_editorskit_title_hidden":false,"_editorskit_reading_time":0,"_editorskit_is_block_options_detached":false,"_editorskit_block_options_position":"{}","inline_featured_image":false,"ngg_post_thumbnail":0,"footnotes":""},"class_list":["post-39433","page","type-page","status-publish","hentry"],"acf":[],"yoast_head":"<!-- This site is optimized with the Yoast SEO plugin v27.3 - https:\/\/yoast.com\/product\/yoast-seo-wordpress\/ -->\n<title>Campagne sur la sant\u00e9 financi\u00e8re \u00abEN-ARGENT\u00bb - Barreau de Montr&eacute;al<\/title>\n<meta name=\"robots\" content=\"index, follow, max-snippet:-1, max-image-preview:large, max-video-preview:-1\" \/>\n<link rel=\"canonical\" href=\"https:\/\/www.barreaudemontreal.qc.ca\/en\/avocats\/outils\/equilibre\/campagne-sur-la-sante-financiere-en-argent\/\" \/>\n<meta property=\"og:locale\" content=\"en_US\" \/>\n<meta property=\"og:type\" content=\"article\" \/>\n<meta property=\"og:title\" content=\"Campagne sur la sant\u00e9 financi\u00e8re \u00abEN-ARGENT\u00bb - Barreau de Montr&eacute;al\" \/>\n<meta property=\"og:description\" content=\"PLANIFIER La planification financi\u00e8re est essentielle pour atteindre vos objectifs. Natasha Black, planificatrice financi\u00e8re, vous propose des conseils pour ma\u00eetriser vos finances, \u00e9pargner, investir et planifier en toute confiance. B\u00c2TIR [&hellip;]\" \/>\n<meta property=\"og:url\" content=\"https:\/\/www.barreaudemontreal.qc.ca\/en\/avocats\/outils\/equilibre\/campagne-sur-la-sante-financiere-en-argent\/\" \/>\n<meta property=\"og:site_name\" content=\"Barreau de Montr&eacute;al\" \/>\n<meta property=\"article:modified_time\" content=\"2025-03-20T17:37:26+00:00\" \/>\n<meta property=\"og:image\" content=\"https:\/\/www.barreaudemontreal.qc.ca\/wp-content\/uploads\/formation-25-mars-2025.png\" \/>\n\t<meta property=\"og:image:width\" content=\"1200\" \/>\n\t<meta property=\"og:image:height\" content=\"768\" \/>\n\t<meta property=\"og:image:type\" content=\"image\/png\" \/>\n<meta name=\"twitter:card\" content=\"summary_large_image\" \/>\n<meta name=\"twitter:label1\" content=\"Est. reading time\" \/>\n\t<meta name=\"twitter:data1\" content=\"2 minutes\" \/>\n<script type=\"application\/ld+json\" class=\"yoast-schema-graph\">{\"@context\":\"https:\\\/\\\/schema.org\",\"@graph\":[{\"@type\":\"WebPage\",\"@id\":\"https:\\\/\\\/www.barreaudemontreal.qc.ca\\\/en\\\/avocats\\\/outils\\\/equilibre\\\/campagne-sur-la-sante-financiere-en-argent\\\/\",\"url\":\"https:\\\/\\\/www.barreaudemontreal.qc.ca\\\/en\\\/avocats\\\/outils\\\/equilibre\\\/campagne-sur-la-sante-financiere-en-argent\\\/\",\"name\":\"Campagne sur la sant\u00e9 financi\u00e8re \u00abEN-ARGENT\u00bb - Barreau de Montr&eacute;al\",\"isPartOf\":{\"@id\":\"https:\\\/\\\/www.barreaudemontreal.qc.ca\\\/en\\\/#website\"},\"primaryImageOfPage\":{\"@id\":\"https:\\\/\\\/www.barreaudemontreal.qc.ca\\\/en\\\/avocats\\\/outils\\\/equilibre\\\/campagne-sur-la-sante-financiere-en-argent\\\/#primaryimage\"},\"image\":{\"@id\":\"https:\\\/\\\/www.barreaudemontreal.qc.ca\\\/en\\\/avocats\\\/outils\\\/equilibre\\\/campagne-sur-la-sante-financiere-en-argent\\\/#primaryimage\"},\"thumbnailUrl\":\"https:\\\/\\\/www.barreaudemontreal.qc.ca\\\/wp-content\\\/uploads\\\/formation-25-mars-2025-1024x655.png\",\"datePublished\":\"2025-01-24T15:42:49+00:00\",\"dateModified\":\"2025-03-20T17:37:26+00:00\",\"breadcrumb\":{\"@id\":\"https:\\\/\\\/www.barreaudemontreal.qc.ca\\\/en\\\/avocats\\\/outils\\\/equilibre\\\/campagne-sur-la-sante-financiere-en-argent\\\/#breadcrumb\"},\"inLanguage\":\"en-US\",\"potentialAction\":[{\"@type\":\"ReadAction\",\"target\":[\"https:\\\/\\\/www.barreaudemontreal.qc.ca\\\/en\\\/avocats\\\/outils\\\/equilibre\\\/campagne-sur-la-sante-financiere-en-argent\\\/\"]}]},{\"@type\":\"ImageObject\",\"inLanguage\":\"en-US\",\"@id\":\"https:\\\/\\\/www.barreaudemontreal.qc.ca\\\/en\\\/avocats\\\/outils\\\/equilibre\\\/campagne-sur-la-sante-financiere-en-argent\\\/#primaryimage\",\"url\":\"https:\\\/\\\/www.barreaudemontreal.qc.ca\\\/wp-content\\\/uploads\\\/formation-25-mars-2025-1024x655.png\",\"contentUrl\":\"https:\\\/\\\/www.barreaudemontreal.qc.ca\\\/wp-content\\\/uploads\\\/formation-25-mars-2025-1024x655.png\"},{\"@type\":\"BreadcrumbList\",\"@id\":\"https:\\\/\\\/www.barreaudemontreal.qc.ca\\\/en\\\/avocats\\\/outils\\\/equilibre\\\/campagne-sur-la-sante-financiere-en-argent\\\/#breadcrumb\",\"itemListElement\":[{\"@type\":\"ListItem\",\"position\":1,\"name\":\"Home\",\"item\":\"https:\\\/\\\/www.barreaudemontreal.qc.ca\\\/en\\\/\"},{\"@type\":\"ListItem\",\"position\":2,\"name\":\"Avocats\",\"item\":\"https:\\\/\\\/www.barreaudemontreal.qc.ca\\\/en\\\/avocats\\\/\"},{\"@type\":\"ListItem\",\"position\":3,\"name\":\"Outils\",\"item\":\"https:\\\/\\\/www.barreaudemontreal.qc.ca\\\/en\\\/avocats\\\/outils\\\/\"},{\"@type\":\"ListItem\",\"position\":4,\"name\":\"\u00c9quilibre de vie\",\"item\":\"https:\\\/\\\/www.barreaudemontreal.qc.ca\\\/en\\\/avocats\\\/outils\\\/equilibre\\\/\"},{\"@type\":\"ListItem\",\"position\":5,\"name\":\"Campagne sur la sant\u00e9 financi\u00e8re \u00abEN-ARGENT\u00bb\"}]},{\"@type\":\"WebSite\",\"@id\":\"https:\\\/\\\/www.barreaudemontreal.qc.ca\\\/en\\\/#website\",\"url\":\"https:\\\/\\\/www.barreaudemontreal.qc.ca\\\/en\\\/\",\"name\":\"Barreau de Montr&eacute;al\",\"description\":\"La plus grande section du Barreau du Qu&eacute;bec\",\"potentialAction\":[{\"@type\":\"SearchAction\",\"target\":{\"@type\":\"EntryPoint\",\"urlTemplate\":\"https:\\\/\\\/www.barreaudemontreal.qc.ca\\\/en\\\/?s={search_term_string}\"},\"query-input\":{\"@type\":\"PropertyValueSpecification\",\"valueRequired\":true,\"valueName\":\"search_term_string\"}}],\"inLanguage\":\"en-US\"}]}<\/script>\n<!-- \/ Yoast SEO plugin. -->","yoast_head_json":{"title":"Campagne sur la sant\u00e9 financi\u00e8re \u00abEN-ARGENT\u00bb - Barreau de Montr&eacute;al","robots":{"index":"index","follow":"follow","max-snippet":"max-snippet:-1","max-image-preview":"max-image-preview:large","max-video-preview":"max-video-preview:-1"},"canonical":"https:\/\/www.barreaudemontreal.qc.ca\/en\/avocats\/outils\/equilibre\/campagne-sur-la-sante-financiere-en-argent\/","og_locale":"en_US","og_type":"article","og_title":"Campagne sur la sant\u00e9 financi\u00e8re \u00abEN-ARGENT\u00bb - Barreau de Montr&eacute;al","og_description":"PLANIFIER La planification financi\u00e8re est essentielle pour atteindre vos objectifs. Natasha Black, planificatrice financi\u00e8re, vous propose des conseils pour ma\u00eetriser vos finances, \u00e9pargner, investir et planifier en toute confiance. B\u00c2TIR [&hellip;]","og_url":"https:\/\/www.barreaudemontreal.qc.ca\/en\/avocats\/outils\/equilibre\/campagne-sur-la-sante-financiere-en-argent\/","og_site_name":"Barreau de Montr&eacute;al","article_modified_time":"2025-03-20T17:37:26+00:00","og_image":[{"width":1200,"height":768,"url":"https:\/\/www.barreaudemontreal.qc.ca\/wp-content\/uploads\/formation-25-mars-2025.png","type":"image\/png"}],"twitter_card":"summary_large_image","twitter_misc":{"Est. reading time":"2 minutes"},"schema":{"@context":"https:\/\/schema.org","@graph":[{"@type":"WebPage","@id":"https:\/\/www.barreaudemontreal.qc.ca\/en\/avocats\/outils\/equilibre\/campagne-sur-la-sante-financiere-en-argent\/","url":"https:\/\/www.barreaudemontreal.qc.ca\/en\/avocats\/outils\/equilibre\/campagne-sur-la-sante-financiere-en-argent\/","name":"Campagne sur la sant\u00e9 financi\u00e8re \u00abEN-ARGENT\u00bb - Barreau de Montr&eacute;al","isPartOf":{"@id":"https:\/\/www.barreaudemontreal.qc.ca\/en\/#website"},"primaryImageOfPage":{"@id":"https:\/\/www.barreaudemontreal.qc.ca\/en\/avocats\/outils\/equilibre\/campagne-sur-la-sante-financiere-en-argent\/#primaryimage"},"image":{"@id":"https:\/\/www.barreaudemontreal.qc.ca\/en\/avocats\/outils\/equilibre\/campagne-sur-la-sante-financiere-en-argent\/#primaryimage"},"thumbnailUrl":"https:\/\/www.barreaudemontreal.qc.ca\/wp-content\/uploads\/formation-25-mars-2025-1024x655.png","datePublished":"2025-01-24T15:42:49+00:00","dateModified":"2025-03-20T17:37:26+00:00","breadcrumb":{"@id":"https:\/\/www.barreaudemontreal.qc.ca\/en\/avocats\/outils\/equilibre\/campagne-sur-la-sante-financiere-en-argent\/#breadcrumb"},"inLanguage":"en-US","potentialAction":[{"@type":"ReadAction","target":["https:\/\/www.barreaudemontreal.qc.ca\/en\/avocats\/outils\/equilibre\/campagne-sur-la-sante-financiere-en-argent\/"]}]},{"@type":"ImageObject","inLanguage":"en-US","@id":"https:\/\/www.barreaudemontreal.qc.ca\/en\/avocats\/outils\/equilibre\/campagne-sur-la-sante-financiere-en-argent\/#primaryimage","url":"https:\/\/www.barreaudemontreal.qc.ca\/wp-content\/uploads\/formation-25-mars-2025-1024x655.png","contentUrl":"https:\/\/www.barreaudemontreal.qc.ca\/wp-content\/uploads\/formation-25-mars-2025-1024x655.png"},{"@type":"BreadcrumbList","@id":"https:\/\/www.barreaudemontreal.qc.ca\/en\/avocats\/outils\/equilibre\/campagne-sur-la-sante-financiere-en-argent\/#breadcrumb","itemListElement":[{"@type":"ListItem","position":1,"name":"Home","item":"https:\/\/www.barreaudemontreal.qc.ca\/en\/"},{"@type":"ListItem","position":2,"name":"Avocats","item":"https:\/\/www.barreaudemontreal.qc.ca\/en\/avocats\/"},{"@type":"ListItem","position":3,"name":"Outils","item":"https:\/\/www.barreaudemontreal.qc.ca\/en\/avocats\/outils\/"},{"@type":"ListItem","position":4,"name":"\u00c9quilibre de vie","item":"https:\/\/www.barreaudemontreal.qc.ca\/en\/avocats\/outils\/equilibre\/"},{"@type":"ListItem","position":5,"name":"Campagne sur la sant\u00e9 financi\u00e8re \u00abEN-ARGENT\u00bb"}]},{"@type":"WebSite","@id":"https:\/\/www.barreaudemontreal.qc.ca\/en\/#website","url":"https:\/\/www.barreaudemontreal.qc.ca\/en\/","name":"Barreau de Montr&eacute;al","description":"La plus grande section du Barreau du Qu&eacute;bec","potentialAction":[{"@type":"SearchAction","target":{"@type":"EntryPoint","urlTemplate":"https:\/\/www.barreaudemontreal.qc.ca\/en\/?s={search_term_string}"},"query-input":{"@type":"PropertyValueSpecification","valueRequired":true,"valueName":"search_term_string"}}],"inLanguage":"en-US"}]}},"_links":{"self":[{"href":"https:\/\/www.barreaudemontreal.qc.ca\/en\/wp-json\/wp\/v2\/pages\/39433","targetHints":{"allow":["GET"]}}],"collection":[{"href":"https:\/\/www.barreaudemontreal.qc.ca\/en\/wp-json\/wp\/v2\/pages"}],"about":[{"href":"https:\/\/www.barreaudemontreal.qc.ca\/en\/wp-json\/wp\/v2\/types\/page"}],"author":[{"embeddable":true,"href":"https:\/\/www.barreaudemontreal.qc.ca\/en\/wp-json\/wp\/v2\/users\/3"}],"replies":[{"embeddable":true,"href":"https:\/\/www.barreaudemontreal.qc.ca\/en\/wp-json\/wp\/v2\/comments?post=39433"}],"version-history":[{"count":0,"href":"https:\/\/www.barreaudemontreal.qc.ca\/en\/wp-json\/wp\/v2\/pages\/39433\/revisions"}],"up":[{"embeddable":true,"href":"https:\/\/www.barreaudemontreal.qc.ca\/en\/wp-json\/wp\/v2\/pages\/2686"}],"wp:attachment":[{"href":"https:\/\/www.barreaudemontreal.qc.ca\/en\/wp-json\/wp\/v2\/media?parent=39433"}],"curies":[{"name":"wp","href":"https:\/\/api.w.org\/{rel}","templated":true}]}}