{"id":38785,"date":"2024-11-14T15:46:49","date_gmt":"2024-11-14T20:46:49","guid":{"rendered":"https:\/\/www.barreaudemontreal.qc.ca\/?page_id=38785"},"modified":"2025-11-13T09:43:21","modified_gmt":"2025-11-13T14:43:21","slug":"prix-cecile-prevost","status":"publish","type":"page","link":"https:\/\/www.barreaudemontreal.qc.ca\/en\/barreau\/prix-et-distinctions\/prix-cecile-prevost\/","title":{"rendered":"Prix C\u00e9cile Pr\u00e9vost"},"content":{"rendered":"\n<div class=\"wp-block-columns is-layout-flex wp-container-core-columns-is-layout-9d6595d7 wp-block-columns-is-layout-flex\">\n<div class=\"wp-block-column is-layout-flow wp-block-column-is-layout-flow\" style=\"flex-basis:66.66666%\">\n<p><br>Le <em>Prix C\u00e9cile Pr\u00e9vost<\/em> est attribu\u00e9 annuellement \u00e0 des employ\u00e9s \u0153uvrant au sein des diff\u00e9rents tribunaux de l\u2019\u00eele de Montr\u00e9al qui, par leur travail en coulisses, ont un impact significatif et admirable sur l\u2019administration de la justice et \u00e0 l\u2019acc\u00e8s de la justice aupr\u00e8s des justiciables&nbsp;montr\u00e9alais.<\/p>\n\n\n\n<p>Ces derniers jouent un r\u00f4le crucial dans l\u2019administration de la justice et la protection du public. Qu\u2019ils agissent comme greffiers, interpr\u00e8tes, st\u00e9nographes, constables sp\u00e9ciaux ou encore membres du personnel administratif, ils assurent quotidiennement des services tout en soutenant le travail des avocats et des magistrats. Alors que le syst\u00e8me de justice fait face \u00e0 de nombreux d\u00e9fis, leur contribution demeure indispensable pour la continuit\u00e9 et l\u2019efficacit\u00e9 des&nbsp;op\u00e9rations.&nbsp;<\/p>\n\n\n<div class=\"lightRedBox textBoxNew\">\n\n<p><span data-teams=\"true\">La date limite pour proposer une candidature est le <strong>23 janvier 2026, 12h<\/strong>.<\/span><\/p>\n<\/div><\/div>\n\n\n\n<div class=\"wp-block-column is-layout-flow wp-block-column-is-layout-flow\" style=\"flex-basis:33.33333%\">\n<div class=\"whiteBox textBoxNew textBoxNew\" id=\"textBoxNew-block_b70ab17bb1f7c15aa3af44b751c6c11d\">\n\n<h5><span style=\"color: #730030\">Crit\u00e8res de s\u00e9lection<\/span><\/h5>\n<p><img decoding=\"async\" class=\"alignleft wp-image-13345\" src=\"https:\/\/www.barreaudemontreal.qc.ca\/wp-content\/uploads\/icones\/Download.svg\" alt=\"\" width=\"21\" height=\"25\"> <a href=\"https:\/\/www.barreaudemontreal.qc.ca\/wp-content\/uploads\/criteres-prix-cecile-prevost.pdf\" target=\"_blank\" rel=\"noopener\">Consultez les crit\u00e8res de s\u00e9lection<\/a><\/p>\n<p>&nbsp;<\/p>\n<h5><span style=\"color: #730030\">Soumettre une candidature<\/span><\/h5>\n<p><img decoding=\"async\" class=\"alignleft wp-image-13345\" src=\"https:\/\/www.barreaudemontreal.qc.ca\/wp-content\/uploads\/icones\/Download.svg\" alt=\"\" width=\"21\" height=\"25\"> <a href=\"https:\/\/www.barreaudemontreal.qc.ca\/en\/barreau\/prix-et-distinctions\/prix-cecile-prevost\/formulaire-de-mise-en-candidature-prix-cecile-prevost\/\">Formulaire de candidature<\/a><\/p>\n<p><!-- wp:image {\"id\":37478,\"width\":\"241px\",\"height\":\"auto\",\"scale\":\"cover\",\"sizeSlug\":\"large\",\"linkDestination\":\"none\",\"align\":\"center\"} --><\/p>\n<p><!-- \/wp:image --><\/p>\n<\/div><\/div>\n<\/div>\n\n\n\n<div style=\"height:20px\" aria-hidden=\"true\" class=\"wp-block-spacer\"><\/div>\n\n\n\n<p>Depuis la cr\u00e9ation de ce prix, en 2024, il a \u00e9t\u00e9 remis \u00e0&nbsp;:<\/p>\n\n\n\n    <div class=\"medalSection\">\n                        <div class=\"medalInner\">\n                    <div class=\"\">\n                        <h5>2024-2025<\/h5>\n                    <\/div>\n                    <div>\n                                                        <div class=\"medalPerson\">\n                                    <p>Madame C\u00e9cile Pr\u00e9vost<\/p>\n                                <\/div>\n                                                    <\/div>\n                <\/div>\n\n                    <\/div>\n    \n\n\n<p><br><br><\/p>\n","protected":false},"excerpt":{"rendered":"<p>Le Prix C\u00e9cile Pr\u00e9vost est attribu\u00e9 annuellement \u00e0 des employ\u00e9s \u0153uvrant au sein des diff\u00e9rents tribunaux de l\u2019\u00eele de Montr\u00e9al qui, par leur travail en coulisses, ont un impact significatif [&hellip;]<\/p>\n","protected":false},"author":3,"featured_media":0,"parent":2070,"menu_order":3,"comment_status":"closed","ping_status":"closed","template":"","meta":{"_acf_changed":false,"_editorskit_title_hidden":false,"_editorskit_reading_time":0,"_editorskit_is_block_options_detached":false,"_editorskit_block_options_position":"{}","inline_featured_image":false,"ngg_post_thumbnail":0,"footnotes":""},"class_list":["post-38785","page","type-page","status-publish","hentry"],"acf":[],"yoast_head":"<!-- This site is optimized with the Yoast SEO plugin v27.4 - https:\/\/yoast.com\/product\/yoast-seo-wordpress\/ -->\n<title>Prix C\u00e9cile Pr\u00e9vost - Barreau de Montr&eacute;al<\/title>\n<meta name=\"description\" content=\"Le Prix de reconnaissance aux employ\u00e9s des tribunaux est attribu\u00e9 annuellement \u00e0 des employ\u00e9s \u0153uvrant au sein des diff\u00e9rents tribunaux de l\u2019\u00eele de Montr\u00e9al qui, par leur travail en coulisses, ont un impact significatif et admirable sur l\u2019administration de la justice et \u00e0 l\u2019acc\u00e8s de la justice aupr\u00e8s des justiciables montr\u00e9alais.\" \/>\n<meta name=\"robots\" content=\"index, follow, max-snippet:-1, max-image-preview:large, max-video-preview:-1\" \/>\n<link rel=\"canonical\" href=\"https:\/\/www.barreaudemontreal.qc.ca\/en\/barreau\/prix-et-distinctions\/prix-cecile-prevost\/\" \/>\n<meta property=\"og:locale\" content=\"en_US\" \/>\n<meta property=\"og:type\" content=\"article\" \/>\n<meta property=\"og:title\" content=\"Prix C\u00e9cile Pr\u00e9vost - Barreau de Montr&eacute;al\" \/>\n<meta property=\"og:description\" content=\"Le Prix de reconnaissance aux employ\u00e9s des tribunaux est attribu\u00e9 annuellement \u00e0 des employ\u00e9s \u0153uvrant au sein des diff\u00e9rents tribunaux de l\u2019\u00eele de Montr\u00e9al qui, par leur travail en coulisses, ont un impact significatif et admirable sur l\u2019administration de la justice et \u00e0 l\u2019acc\u00e8s de la justice aupr\u00e8s des justiciables montr\u00e9alais.\" \/>\n<meta property=\"og:url\" content=\"https:\/\/www.barreaudemontreal.qc.ca\/en\/barreau\/prix-et-distinctions\/prix-cecile-prevost\/\" \/>\n<meta property=\"og:site_name\" content=\"Barreau de Montr&eacute;al\" \/>\n<meta property=\"article:modified_time\" content=\"2025-11-13T14:43:21+00:00\" \/>\n<meta name=\"twitter:card\" content=\"summary_large_image\" \/>\n<meta name=\"twitter:label1\" content=\"Est. reading time\" \/>\n\t<meta name=\"twitter:data1\" content=\"1 minute\" \/>\n<script type=\"application\/ld+json\" class=\"yoast-schema-graph\">{\"@context\":\"https:\\\/\\\/schema.org\",\"@graph\":[{\"@type\":\"WebPage\",\"@id\":\"https:\\\/\\\/www.barreaudemontreal.qc.ca\\\/en\\\/barreau\\\/prix-et-distinctions\\\/prix-cecile-prevost\\\/\",\"url\":\"https:\\\/\\\/www.barreaudemontreal.qc.ca\\\/en\\\/barreau\\\/prix-et-distinctions\\\/prix-cecile-prevost\\\/\",\"name\":\"Prix C\u00e9cile Pr\u00e9vost - Barreau de Montr&eacute;al\",\"isPartOf\":{\"@id\":\"https:\\\/\\\/www.barreaudemontreal.qc.ca\\\/en\\\/#website\"},\"datePublished\":\"2024-11-14T20:46:49+00:00\",\"dateModified\":\"2025-11-13T14:43:21+00:00\",\"description\":\"Le Prix de reconnaissance aux employ\u00e9s des tribunaux est attribu\u00e9 annuellement \u00e0 des employ\u00e9s \u0153uvrant au sein des diff\u00e9rents tribunaux de l\u2019\u00eele de Montr\u00e9al qui, par leur travail en coulisses, ont un impact significatif et admirable sur l\u2019administration de la justice et \u00e0 l\u2019acc\u00e8s de la justice aupr\u00e8s des justiciables montr\u00e9alais.\",\"breadcrumb\":{\"@id\":\"https:\\\/\\\/www.barreaudemontreal.qc.ca\\\/en\\\/barreau\\\/prix-et-distinctions\\\/prix-cecile-prevost\\\/#breadcrumb\"},\"inLanguage\":\"en-US\",\"potentialAction\":[{\"@type\":\"ReadAction\",\"target\":[\"https:\\\/\\\/www.barreaudemontreal.qc.ca\\\/en\\\/barreau\\\/prix-et-distinctions\\\/prix-cecile-prevost\\\/\"]}]},{\"@type\":\"BreadcrumbList\",\"@id\":\"https:\\\/\\\/www.barreaudemontreal.qc.ca\\\/en\\\/barreau\\\/prix-et-distinctions\\\/prix-cecile-prevost\\\/#breadcrumb\",\"itemListElement\":[{\"@type\":\"ListItem\",\"position\":1,\"name\":\"Home\",\"item\":\"https:\\\/\\\/www.barreaudemontreal.qc.ca\\\/en\\\/\"},{\"@type\":\"ListItem\",\"position\":2,\"name\":\"Barreau\",\"item\":\"https:\\\/\\\/www.barreaudemontreal.qc.ca\\\/en\\\/barreau\\\/\"},{\"@type\":\"ListItem\",\"position\":3,\"name\":\"Prix et distinctions\",\"item\":\"https:\\\/\\\/www.barreaudemontreal.qc.ca\\\/en\\\/barreau\\\/prix-et-distinctions\\\/\"},{\"@type\":\"ListItem\",\"position\":4,\"name\":\"Prix C\u00e9cile Pr\u00e9vost\"}]},{\"@type\":\"WebSite\",\"@id\":\"https:\\\/\\\/www.barreaudemontreal.qc.ca\\\/en\\\/#website\",\"url\":\"https:\\\/\\\/www.barreaudemontreal.qc.ca\\\/en\\\/\",\"name\":\"Barreau de Montr&eacute;al\",\"description\":\"La plus grande section du Barreau du Qu&eacute;bec\",\"potentialAction\":[{\"@type\":\"SearchAction\",\"target\":{\"@type\":\"EntryPoint\",\"urlTemplate\":\"https:\\\/\\\/www.barreaudemontreal.qc.ca\\\/en\\\/?s={search_term_string}\"},\"query-input\":{\"@type\":\"PropertyValueSpecification\",\"valueRequired\":true,\"valueName\":\"search_term_string\"}}],\"inLanguage\":\"en-US\"}]}<\/script>\n<!-- \/ Yoast SEO plugin. -->","yoast_head_json":{"title":"Prix C\u00e9cile Pr\u00e9vost - Barreau de Montr&eacute;al","description":"Le Prix de reconnaissance aux employ\u00e9s des tribunaux est attribu\u00e9 annuellement \u00e0 des employ\u00e9s \u0153uvrant au sein des diff\u00e9rents tribunaux de l\u2019\u00eele de Montr\u00e9al qui, par leur travail en coulisses, ont un impact significatif et admirable sur l\u2019administration de la justice et \u00e0 l\u2019acc\u00e8s de la justice aupr\u00e8s des justiciables montr\u00e9alais.","robots":{"index":"index","follow":"follow","max-snippet":"max-snippet:-1","max-image-preview":"max-image-preview:large","max-video-preview":"max-video-preview:-1"},"canonical":"https:\/\/www.barreaudemontreal.qc.ca\/en\/barreau\/prix-et-distinctions\/prix-cecile-prevost\/","og_locale":"en_US","og_type":"article","og_title":"Prix C\u00e9cile Pr\u00e9vost - Barreau de Montr&eacute;al","og_description":"Le Prix de reconnaissance aux employ\u00e9s des tribunaux est attribu\u00e9 annuellement \u00e0 des employ\u00e9s \u0153uvrant au sein des diff\u00e9rents tribunaux de l\u2019\u00eele de Montr\u00e9al qui, par leur travail en coulisses, ont un impact significatif et admirable sur l\u2019administration de la justice et \u00e0 l\u2019acc\u00e8s de la justice aupr\u00e8s des justiciables montr\u00e9alais.","og_url":"https:\/\/www.barreaudemontreal.qc.ca\/en\/barreau\/prix-et-distinctions\/prix-cecile-prevost\/","og_site_name":"Barreau de Montr&eacute;al","article_modified_time":"2025-11-13T14:43:21+00:00","twitter_card":"summary_large_image","twitter_misc":{"Est. reading time":"1 minute"},"schema":{"@context":"https:\/\/schema.org","@graph":[{"@type":"WebPage","@id":"https:\/\/www.barreaudemontreal.qc.ca\/en\/barreau\/prix-et-distinctions\/prix-cecile-prevost\/","url":"https:\/\/www.barreaudemontreal.qc.ca\/en\/barreau\/prix-et-distinctions\/prix-cecile-prevost\/","name":"Prix C\u00e9cile Pr\u00e9vost - Barreau de Montr&eacute;al","isPartOf":{"@id":"https:\/\/www.barreaudemontreal.qc.ca\/en\/#website"},"datePublished":"2024-11-14T20:46:49+00:00","dateModified":"2025-11-13T14:43:21+00:00","description":"Le Prix de reconnaissance aux employ\u00e9s des tribunaux est attribu\u00e9 annuellement \u00e0 des employ\u00e9s \u0153uvrant au sein des diff\u00e9rents tribunaux de l\u2019\u00eele de Montr\u00e9al qui, par leur travail en coulisses, ont un impact significatif et admirable sur l\u2019administration de la justice et \u00e0 l\u2019acc\u00e8s de la justice aupr\u00e8s des justiciables montr\u00e9alais.","breadcrumb":{"@id":"https:\/\/www.barreaudemontreal.qc.ca\/en\/barreau\/prix-et-distinctions\/prix-cecile-prevost\/#breadcrumb"},"inLanguage":"en-US","potentialAction":[{"@type":"ReadAction","target":["https:\/\/www.barreaudemontreal.qc.ca\/en\/barreau\/prix-et-distinctions\/prix-cecile-prevost\/"]}]},{"@type":"BreadcrumbList","@id":"https:\/\/www.barreaudemontreal.qc.ca\/en\/barreau\/prix-et-distinctions\/prix-cecile-prevost\/#breadcrumb","itemListElement":[{"@type":"ListItem","position":1,"name":"Home","item":"https:\/\/www.barreaudemontreal.qc.ca\/en\/"},{"@type":"ListItem","position":2,"name":"Barreau","item":"https:\/\/www.barreaudemontreal.qc.ca\/en\/barreau\/"},{"@type":"ListItem","position":3,"name":"Prix et distinctions","item":"https:\/\/www.barreaudemontreal.qc.ca\/en\/barreau\/prix-et-distinctions\/"},{"@type":"ListItem","position":4,"name":"Prix C\u00e9cile Pr\u00e9vost"}]},{"@type":"WebSite","@id":"https:\/\/www.barreaudemontreal.qc.ca\/en\/#website","url":"https:\/\/www.barreaudemontreal.qc.ca\/en\/","name":"Barreau de Montr&eacute;al","description":"La plus grande section du Barreau du Qu&eacute;bec","potentialAction":[{"@type":"SearchAction","target":{"@type":"EntryPoint","urlTemplate":"https:\/\/www.barreaudemontreal.qc.ca\/en\/?s={search_term_string}"},"query-input":{"@type":"PropertyValueSpecification","valueRequired":true,"valueName":"search_term_string"}}],"inLanguage":"en-US"}]}},"_links":{"self":[{"href":"https:\/\/www.barreaudemontreal.qc.ca\/en\/wp-json\/wp\/v2\/pages\/38785","targetHints":{"allow":["GET"]}}],"collection":[{"href":"https:\/\/www.barreaudemontreal.qc.ca\/en\/wp-json\/wp\/v2\/pages"}],"about":[{"href":"https:\/\/www.barreaudemontreal.qc.ca\/en\/wp-json\/wp\/v2\/types\/page"}],"author":[{"embeddable":true,"href":"https:\/\/www.barreaudemontreal.qc.ca\/en\/wp-json\/wp\/v2\/users\/3"}],"replies":[{"embeddable":true,"href":"https:\/\/www.barreaudemontreal.qc.ca\/en\/wp-json\/wp\/v2\/comments?post=38785"}],"version-history":[{"count":0,"href":"https:\/\/www.barreaudemontreal.qc.ca\/en\/wp-json\/wp\/v2\/pages\/38785\/revisions"}],"up":[{"embeddable":true,"href":"https:\/\/www.barreaudemontreal.qc.ca\/en\/wp-json\/wp\/v2\/pages\/2070"}],"wp:attachment":[{"href":"https:\/\/www.barreaudemontreal.qc.ca\/en\/wp-json\/wp\/v2\/media?parent=38785"}],"curies":[{"name":"wp","href":"https:\/\/api.w.org\/{rel}","templated":true}]}}