{"id":38608,"date":"2024-10-22T16:25:48","date_gmt":"2024-10-22T20:25:48","guid":{"rendered":"https:\/\/www.barreaudemontreal.qc.ca\/?page_id=38608"},"modified":"2024-10-22T16:25:49","modified_gmt":"2024-10-22T20:25:49","slug":"biographie-lhonorable-david-l-cameron","status":"publish","type":"page","link":"https:\/\/www.barreaudemontreal.qc.ca\/en\/activites\/biographie-lhonorable-david-l-cameron\/","title":{"rendered":"Biographie \u2013 L&#8217;honorable David L. Cameron"},"content":{"rendered":"<div class=\"wp-block-image\">\n<figure class=\"alignleft size-large is-resized\"><img decoding=\"async\" src=\"https:\/\/www.barreaudemontreal.qc.ca\/wp-content\/uploads\/davidcameron_photo.jpg\" alt=\"\" style=\"width:191px;height:auto\"\/><\/figure>\n<\/div>\n\n\n<p>N\u00e9 \u00e0 Midland, Ontario en 1957, David Lawrence Cameron re\u00e7oit son dipl\u00f4me ARCT au Royal Conservatory of Music, University of Toronto en 1975, ann\u00e9e de sa graduation de l\u2019\u00e9cole secondaire.<\/p>\n\n\n\n<p>En 1979, il obtient un baccalaur\u00e9at en lettres de l\u2019Universit\u00e9 York \u00e0 Toronto.<\/p>\n\n\n\n<p>En 1983, il gradue en common law et en droit civil \u00e0 l\u2019Universit\u00e9 McGill. Re\u00e7u au Barreau en 1984, il pratique pendant 24 ans en litige commercial et civil, sp\u00e9cialis\u00e9 notamment en droit de la construction et en assurances.<\/p>\n\n\n\n<p>Nomm\u00e9 \u00e0 la Cour du Qu\u00e9bec en 2008, le juge Cameron est assign\u00e9 \u00e0 la Chambre civile et \u00e0 la Division administrative et d\u2019appel. Il rend plusieurs jugements dans des domaines aussi vari\u00e9s que la fiscalit\u00e9, la d\u00e9ontologie professionnelle, l\u2019acc\u00e8s \u00e0 l\u2019information, les recours devant l\u2019AMF, l\u2019\u00e9valuation fonci\u00e8re ainsi que dans tous les domaines de droit civil.<\/p>\n\n\n\n<p>Au cours de sa carri\u00e8re, il dispense de la formation en milieu universitaire en plus de participer fr\u00e9quemment comme pr\u00e9sentateur et pan\u00e9liste \u00e0 de nombreuses rencontres professionnelles.<\/p>\n\n\n\n<p>Retrait\u00e9 de la Cour en 2023, Ma\u00eetre Cameron s\u2019est r\u00e9inscrit au Barreau exer\u00e7ant comme m\u00e9diateur et arbitre.<\/p>\n\n\n\n<p><\/p>\n","protected":false},"excerpt":{"rendered":"<p>N\u00e9 \u00e0 Midland, Ontario en 1957, David Lawrence Cameron re\u00e7oit son dipl\u00f4me ARCT au Royal Conservatory of Music, University of Toronto en 1975, ann\u00e9e de sa graduation de l\u2019\u00e9cole secondaire. [&hellip;]<\/p>\n","protected":false},"author":3,"featured_media":0,"parent":1300,"menu_order":0,"comment_status":"closed","ping_status":"closed","template":"","meta":{"_acf_changed":false,"_editorskit_title_hidden":false,"_editorskit_reading_time":0,"_editorskit_is_block_options_detached":false,"_editorskit_block_options_position":"{}","inline_featured_image":false,"ngg_post_thumbnail":0,"footnotes":""},"class_list":["post-38608","page","type-page","status-publish","hentry"],"acf":[],"yoast_head":"<!-- This site is optimized with the Yoast SEO plugin v27.4 - https:\/\/yoast.com\/product\/yoast-seo-wordpress\/ -->\n<title>Biographie \u2013 L&#039;honorable David L. Cameron - Barreau de Montr&eacute;al<\/title>\n<meta name=\"robots\" content=\"index, follow, max-snippet:-1, max-image-preview:large, max-video-preview:-1\" \/>\n<link rel=\"canonical\" href=\"https:\/\/www.barreaudemontreal.qc.ca\/en\/activites\/biographie-lhonorable-david-l-cameron\/\" \/>\n<meta property=\"og:locale\" content=\"en_US\" \/>\n<meta property=\"og:type\" content=\"article\" \/>\n<meta property=\"og:title\" content=\"Biographie \u2013 L&#039;honorable David L. Cameron - Barreau de Montr&eacute;al\" \/>\n<meta property=\"og:description\" content=\"N\u00e9 \u00e0 Midland, Ontario en 1957, David Lawrence Cameron re\u00e7oit son dipl\u00f4me ARCT au Royal Conservatory of Music, University of Toronto en 1975, ann\u00e9e de sa graduation de l\u2019\u00e9cole secondaire. [&hellip;]\" \/>\n<meta property=\"og:url\" content=\"https:\/\/www.barreaudemontreal.qc.ca\/en\/activites\/biographie-lhonorable-david-l-cameron\/\" \/>\n<meta property=\"og:site_name\" content=\"Barreau de Montr&eacute;al\" \/>\n<meta property=\"article:modified_time\" content=\"2024-10-22T20:25:49+00:00\" \/>\n<meta property=\"og:image\" content=\"https:\/\/www.barreaudemontreal.qc.ca\/wp-content\/uploads\/davidcameron_photo.jpg\" \/>\n<meta name=\"twitter:card\" content=\"summary_large_image\" \/>\n<meta name=\"twitter:label1\" content=\"Est. reading time\" \/>\n\t<meta name=\"twitter:data1\" content=\"2 minutes\" \/>\n<script type=\"application\/ld+json\" class=\"yoast-schema-graph\">{\"@context\":\"https:\\\/\\\/schema.org\",\"@graph\":[{\"@type\":\"WebPage\",\"@id\":\"https:\\\/\\\/www.barreaudemontreal.qc.ca\\\/en\\\/activites\\\/biographie-lhonorable-david-l-cameron\\\/\",\"url\":\"https:\\\/\\\/www.barreaudemontreal.qc.ca\\\/en\\\/activites\\\/biographie-lhonorable-david-l-cameron\\\/\",\"name\":\"Biographie \u2013 L'honorable David L. Cameron - Barreau de Montr&eacute;al\",\"isPartOf\":{\"@id\":\"https:\\\/\\\/www.barreaudemontreal.qc.ca\\\/en\\\/#website\"},\"primaryImageOfPage\":{\"@id\":\"https:\\\/\\\/www.barreaudemontreal.qc.ca\\\/en\\\/activites\\\/biographie-lhonorable-david-l-cameron\\\/#primaryimage\"},\"image\":{\"@id\":\"https:\\\/\\\/www.barreaudemontreal.qc.ca\\\/en\\\/activites\\\/biographie-lhonorable-david-l-cameron\\\/#primaryimage\"},\"thumbnailUrl\":\"https:\\\/\\\/www.barreaudemontreal.qc.ca\\\/wp-content\\\/uploads\\\/davidcameron_photo.jpg\",\"datePublished\":\"2024-10-22T20:25:48+00:00\",\"dateModified\":\"2024-10-22T20:25:49+00:00\",\"breadcrumb\":{\"@id\":\"https:\\\/\\\/www.barreaudemontreal.qc.ca\\\/en\\\/activites\\\/biographie-lhonorable-david-l-cameron\\\/#breadcrumb\"},\"inLanguage\":\"en-US\",\"potentialAction\":[{\"@type\":\"ReadAction\",\"target\":[\"https:\\\/\\\/www.barreaudemontreal.qc.ca\\\/en\\\/activites\\\/biographie-lhonorable-david-l-cameron\\\/\"]}]},{\"@type\":\"ImageObject\",\"inLanguage\":\"en-US\",\"@id\":\"https:\\\/\\\/www.barreaudemontreal.qc.ca\\\/en\\\/activites\\\/biographie-lhonorable-david-l-cameron\\\/#primaryimage\",\"url\":\"https:\\\/\\\/www.barreaudemontreal.qc.ca\\\/wp-content\\\/uploads\\\/davidcameron_photo.jpg\",\"contentUrl\":\"https:\\\/\\\/www.barreaudemontreal.qc.ca\\\/wp-content\\\/uploads\\\/davidcameron_photo.jpg\"},{\"@type\":\"BreadcrumbList\",\"@id\":\"https:\\\/\\\/www.barreaudemontreal.qc.ca\\\/en\\\/activites\\\/biographie-lhonorable-david-l-cameron\\\/#breadcrumb\",\"itemListElement\":[{\"@type\":\"ListItem\",\"position\":1,\"name\":\"Home\",\"item\":\"https:\\\/\\\/www.barreaudemontreal.qc.ca\\\/en\\\/\"},{\"@type\":\"ListItem\",\"position\":2,\"name\":\"Activit\u00e9s et formations\",\"item\":\"https:\\\/\\\/www.barreaudemontreal.qc.ca\\\/en\\\/activites\\\/\"},{\"@type\":\"ListItem\",\"position\":3,\"name\":\"Biographie \u2013 L&#8217;honorable David L. Cameron\"}]},{\"@type\":\"WebSite\",\"@id\":\"https:\\\/\\\/www.barreaudemontreal.qc.ca\\\/en\\\/#website\",\"url\":\"https:\\\/\\\/www.barreaudemontreal.qc.ca\\\/en\\\/\",\"name\":\"Barreau de Montr&eacute;al\",\"description\":\"La plus grande section du Barreau du Qu&eacute;bec\",\"potentialAction\":[{\"@type\":\"SearchAction\",\"target\":{\"@type\":\"EntryPoint\",\"urlTemplate\":\"https:\\\/\\\/www.barreaudemontreal.qc.ca\\\/en\\\/?s={search_term_string}\"},\"query-input\":{\"@type\":\"PropertyValueSpecification\",\"valueRequired\":true,\"valueName\":\"search_term_string\"}}],\"inLanguage\":\"en-US\"}]}<\/script>\n<!-- \/ Yoast SEO plugin. -->","yoast_head_json":{"title":"Biographie \u2013 L'honorable David L. Cameron - Barreau de Montr&eacute;al","robots":{"index":"index","follow":"follow","max-snippet":"max-snippet:-1","max-image-preview":"max-image-preview:large","max-video-preview":"max-video-preview:-1"},"canonical":"https:\/\/www.barreaudemontreal.qc.ca\/en\/activites\/biographie-lhonorable-david-l-cameron\/","og_locale":"en_US","og_type":"article","og_title":"Biographie \u2013 L'honorable David L. Cameron - Barreau de Montr&eacute;al","og_description":"N\u00e9 \u00e0 Midland, Ontario en 1957, David Lawrence Cameron re\u00e7oit son dipl\u00f4me ARCT au Royal Conservatory of Music, University of Toronto en 1975, ann\u00e9e de sa graduation de l\u2019\u00e9cole secondaire. [&hellip;]","og_url":"https:\/\/www.barreaudemontreal.qc.ca\/en\/activites\/biographie-lhonorable-david-l-cameron\/","og_site_name":"Barreau de Montr&eacute;al","article_modified_time":"2024-10-22T20:25:49+00:00","og_image":[{"url":"https:\/\/www.barreaudemontreal.qc.ca\/wp-content\/uploads\/davidcameron_photo.jpg","type":"","width":"","height":""}],"twitter_card":"summary_large_image","twitter_misc":{"Est. reading time":"2 minutes"},"schema":{"@context":"https:\/\/schema.org","@graph":[{"@type":"WebPage","@id":"https:\/\/www.barreaudemontreal.qc.ca\/en\/activites\/biographie-lhonorable-david-l-cameron\/","url":"https:\/\/www.barreaudemontreal.qc.ca\/en\/activites\/biographie-lhonorable-david-l-cameron\/","name":"Biographie \u2013 L'honorable David L. Cameron - Barreau de Montr&eacute;al","isPartOf":{"@id":"https:\/\/www.barreaudemontreal.qc.ca\/en\/#website"},"primaryImageOfPage":{"@id":"https:\/\/www.barreaudemontreal.qc.ca\/en\/activites\/biographie-lhonorable-david-l-cameron\/#primaryimage"},"image":{"@id":"https:\/\/www.barreaudemontreal.qc.ca\/en\/activites\/biographie-lhonorable-david-l-cameron\/#primaryimage"},"thumbnailUrl":"https:\/\/www.barreaudemontreal.qc.ca\/wp-content\/uploads\/davidcameron_photo.jpg","datePublished":"2024-10-22T20:25:48+00:00","dateModified":"2024-10-22T20:25:49+00:00","breadcrumb":{"@id":"https:\/\/www.barreaudemontreal.qc.ca\/en\/activites\/biographie-lhonorable-david-l-cameron\/#breadcrumb"},"inLanguage":"en-US","potentialAction":[{"@type":"ReadAction","target":["https:\/\/www.barreaudemontreal.qc.ca\/en\/activites\/biographie-lhonorable-david-l-cameron\/"]}]},{"@type":"ImageObject","inLanguage":"en-US","@id":"https:\/\/www.barreaudemontreal.qc.ca\/en\/activites\/biographie-lhonorable-david-l-cameron\/#primaryimage","url":"https:\/\/www.barreaudemontreal.qc.ca\/wp-content\/uploads\/davidcameron_photo.jpg","contentUrl":"https:\/\/www.barreaudemontreal.qc.ca\/wp-content\/uploads\/davidcameron_photo.jpg"},{"@type":"BreadcrumbList","@id":"https:\/\/www.barreaudemontreal.qc.ca\/en\/activites\/biographie-lhonorable-david-l-cameron\/#breadcrumb","itemListElement":[{"@type":"ListItem","position":1,"name":"Home","item":"https:\/\/www.barreaudemontreal.qc.ca\/en\/"},{"@type":"ListItem","position":2,"name":"Activit\u00e9s et formations","item":"https:\/\/www.barreaudemontreal.qc.ca\/en\/activites\/"},{"@type":"ListItem","position":3,"name":"Biographie \u2013 L&#8217;honorable David L. Cameron"}]},{"@type":"WebSite","@id":"https:\/\/www.barreaudemontreal.qc.ca\/en\/#website","url":"https:\/\/www.barreaudemontreal.qc.ca\/en\/","name":"Barreau de Montr&eacute;al","description":"La plus grande section du Barreau du Qu&eacute;bec","potentialAction":[{"@type":"SearchAction","target":{"@type":"EntryPoint","urlTemplate":"https:\/\/www.barreaudemontreal.qc.ca\/en\/?s={search_term_string}"},"query-input":{"@type":"PropertyValueSpecification","valueRequired":true,"valueName":"search_term_string"}}],"inLanguage":"en-US"}]}},"_links":{"self":[{"href":"https:\/\/www.barreaudemontreal.qc.ca\/en\/wp-json\/wp\/v2\/pages\/38608","targetHints":{"allow":["GET"]}}],"collection":[{"href":"https:\/\/www.barreaudemontreal.qc.ca\/en\/wp-json\/wp\/v2\/pages"}],"about":[{"href":"https:\/\/www.barreaudemontreal.qc.ca\/en\/wp-json\/wp\/v2\/types\/page"}],"author":[{"embeddable":true,"href":"https:\/\/www.barreaudemontreal.qc.ca\/en\/wp-json\/wp\/v2\/users\/3"}],"replies":[{"embeddable":true,"href":"https:\/\/www.barreaudemontreal.qc.ca\/en\/wp-json\/wp\/v2\/comments?post=38608"}],"version-history":[{"count":0,"href":"https:\/\/www.barreaudemontreal.qc.ca\/en\/wp-json\/wp\/v2\/pages\/38608\/revisions"}],"up":[{"embeddable":true,"href":"https:\/\/www.barreaudemontreal.qc.ca\/en\/wp-json\/wp\/v2\/pages\/1300"}],"wp:attachment":[{"href":"https:\/\/www.barreaudemontreal.qc.ca\/en\/wp-json\/wp\/v2\/media?parent=38608"}],"curies":[{"name":"wp","href":"https:\/\/api.w.org\/{rel}","templated":true}]}}