{"id":38247,"date":"2024-09-24T20:31:11","date_gmt":"2024-09-25T00:31:11","guid":{"rendered":"https:\/\/www.barreaudemontreal.qc.ca\/?page_id=38247"},"modified":"2025-08-13T16:19:15","modified_gmt":"2025-08-13T20:19:15","slug":"a-propos-de-la-conferenciere","status":"publish","type":"page","link":"https:\/\/www.barreaudemontreal.qc.ca\/en\/public\/les-rendez-vous-visez-droit\/ateliers-et-conferences\/a-propos-de-la-conferenciere\/","title":{"rendered":"\u00c0 propos de la conf\u00e9renci\u00e8re"},"content":{"rendered":"\n<h2 class=\"wp-block-heading\">Quand le d\u00e9saccord persiste\u00a0: les modes alternatifs de r\u00e9solution de conflit en droit familial<\/h2>\n\n\n\n<div style=\"height:20px\" aria-hidden=\"true\" class=\"wp-block-spacer\"><\/div>\n\n\n\n<div class=\"wp-block-columns has-background is-layout-flex wp-container-core-columns-is-layout-9d6595d7 wp-block-columns-is-layout-flex\" style=\"background-color:#fafafa\">\n<div class=\"wp-block-column is-layout-flow wp-block-column-is-layout-flow\" style=\"flex-basis:33.33%\">\n<figure class=\"wp-block-image size-full is-resized\"><img decoding=\"async\" width=\"713\" height=\"950\" src=\"https:\/\/www.barreaudemontreal.qc.ca\/wp-content\/uploads\/team-member_01-vero-1-edited.jpg\" alt=\"\" class=\"wp-image-38252\" style=\"width:175px\"\/><\/figure>\n<\/div>\n\n\n\n<div class=\"wp-block-column is-layout-flow wp-block-column-is-layout-flow\" style=\"flex-basis:90%\">\n<p><strong>Me V\u00e9ronique Collard<\/strong> est dipl\u00f4m\u00e9e en droit de l\u2019Universit\u00e9 de Montr\u00e9al et a \u00e9t\u00e9 admise au Barreau du Qu\u00e9bec en 1998. Elle a d\u00e9but\u00e9 sa pratique en litige civil g\u00e9n\u00e9ral avant de rapidement se sp\u00e9cialiser en droit de la famille. <\/p>\n\n\n\n<p>En 2012, Me Collard a cofond\u00e9 le cabinet Collard &amp; Eustace inc. avec sa coll\u00e8gue et amie Catherine Eustace, apr\u00e8s avoir \u00e9t\u00e9 associ\u00e9e avec Me Richard McConomy. Elle concentre principalement sa pratique sur la m\u00e9diation familiale et le litige familial, et agit \u00e9galement en tant que coordonnatrice parentale. <\/p>\n\n\n\n<p>En plus de sa sp\u00e9cialisation en droit de la famille, Me Collard poss\u00e8de une formation en m\u00e9diation civile et commerciale et intervient dans ce cadre, notamment pour des dossiers de petites cr\u00e9ances. Elle supervise \u00e9galement des m\u00e9diateurs familiaux et a r\u00e9cemment compl\u00e9t\u00e9 une formation en droit collaboratif en mati\u00e8re familiale.<\/p>\n<\/div>\n<\/div>\n\n\n\n<div style=\"height:20px\" aria-hidden=\"true\" class=\"wp-block-spacer\"><\/div>\n\n\n\n<p><\/p>\n","protected":false},"excerpt":{"rendered":"<p>Quand le d\u00e9saccord persiste\u00a0: les modes alternatifs de r\u00e9solution de conflit en droit familial Me V\u00e9ronique Collard est dipl\u00f4m\u00e9e en droit de l\u2019Universit\u00e9 de Montr\u00e9al et a \u00e9t\u00e9 admise au [&hellip;]<\/p>\n","protected":false},"author":3,"featured_media":0,"parent":37487,"menu_order":0,"comment_status":"closed","ping_status":"closed","template":"","meta":{"_acf_changed":false,"_editorskit_title_hidden":false,"_editorskit_reading_time":0,"_editorskit_is_block_options_detached":false,"_editorskit_block_options_position":"{}","inline_featured_image":false,"ngg_post_thumbnail":0,"footnotes":""},"class_list":["post-38247","page","type-page","status-publish","hentry"],"acf":[],"yoast_head":"<!-- This site is optimized with the Yoast SEO plugin v27.3 - https:\/\/yoast.com\/product\/yoast-seo-wordpress\/ -->\n<title>\u00c0 propos de la conf\u00e9renci\u00e8re - Barreau de Montr&eacute;al<\/title>\n<meta name=\"robots\" content=\"index, follow, max-snippet:-1, max-image-preview:large, max-video-preview:-1\" \/>\n<link rel=\"canonical\" href=\"https:\/\/www.barreaudemontreal.qc.ca\/en\/public\/les-rendez-vous-visez-droit\/ateliers-et-conferences\/a-propos-de-la-conferenciere\/\" \/>\n<meta property=\"og:locale\" content=\"en_US\" \/>\n<meta property=\"og:type\" content=\"article\" \/>\n<meta property=\"og:title\" content=\"\u00c0 propos de la conf\u00e9renci\u00e8re - Barreau de Montr&eacute;al\" \/>\n<meta property=\"og:description\" content=\"Quand le d\u00e9saccord persiste\u00a0: les modes alternatifs de r\u00e9solution de conflit en droit familial Me V\u00e9ronique Collard est dipl\u00f4m\u00e9e en droit de l\u2019Universit\u00e9 de Montr\u00e9al et a \u00e9t\u00e9 admise au [&hellip;]\" \/>\n<meta property=\"og:url\" content=\"https:\/\/www.barreaudemontreal.qc.ca\/en\/public\/les-rendez-vous-visez-droit\/ateliers-et-conferences\/a-propos-de-la-conferenciere\/\" \/>\n<meta property=\"og:site_name\" content=\"Barreau de Montr&eacute;al\" \/>\n<meta property=\"article:modified_time\" content=\"2025-08-13T20:19:15+00:00\" \/>\n<meta property=\"og:image\" content=\"https:\/\/www.barreaudemontreal.qc.ca\/wp-content\/uploads\/team-member_01-vero-1-edited.jpg\" \/>\n\t<meta property=\"og:image:width\" content=\"713\" \/>\n\t<meta property=\"og:image:height\" content=\"950\" \/>\n\t<meta property=\"og:image:type\" content=\"image\/jpeg\" \/>\n<meta name=\"twitter:card\" content=\"summary_large_image\" \/>\n<meta name=\"twitter:label1\" content=\"Est. reading time\" \/>\n\t<meta name=\"twitter:data1\" content=\"1 minute\" \/>\n<script type=\"application\/ld+json\" class=\"yoast-schema-graph\">{\"@context\":\"https:\\\/\\\/schema.org\",\"@graph\":[{\"@type\":\"WebPage\",\"@id\":\"https:\\\/\\\/www.barreaudemontreal.qc.ca\\\/en\\\/public\\\/les-rendez-vous-visez-droit\\\/ateliers-et-conferences\\\/a-propos-de-la-conferenciere\\\/\",\"url\":\"https:\\\/\\\/www.barreaudemontreal.qc.ca\\\/en\\\/public\\\/les-rendez-vous-visez-droit\\\/ateliers-et-conferences\\\/a-propos-de-la-conferenciere\\\/\",\"name\":\"\u00c0 propos de la conf\u00e9renci\u00e8re - Barreau de Montr&eacute;al\",\"isPartOf\":{\"@id\":\"https:\\\/\\\/www.barreaudemontreal.qc.ca\\\/en\\\/#website\"},\"primaryImageOfPage\":{\"@id\":\"https:\\\/\\\/www.barreaudemontreal.qc.ca\\\/en\\\/public\\\/les-rendez-vous-visez-droit\\\/ateliers-et-conferences\\\/a-propos-de-la-conferenciere\\\/#primaryimage\"},\"image\":{\"@id\":\"https:\\\/\\\/www.barreaudemontreal.qc.ca\\\/en\\\/public\\\/les-rendez-vous-visez-droit\\\/ateliers-et-conferences\\\/a-propos-de-la-conferenciere\\\/#primaryimage\"},\"thumbnailUrl\":\"https:\\\/\\\/www.barreaudemontreal.qc.ca\\\/wp-content\\\/uploads\\\/team-member_01-vero-1-edited.jpg\",\"datePublished\":\"2024-09-25T00:31:11+00:00\",\"dateModified\":\"2025-08-13T20:19:15+00:00\",\"breadcrumb\":{\"@id\":\"https:\\\/\\\/www.barreaudemontreal.qc.ca\\\/en\\\/public\\\/les-rendez-vous-visez-droit\\\/ateliers-et-conferences\\\/a-propos-de-la-conferenciere\\\/#breadcrumb\"},\"inLanguage\":\"en-US\",\"potentialAction\":[{\"@type\":\"ReadAction\",\"target\":[\"https:\\\/\\\/www.barreaudemontreal.qc.ca\\\/en\\\/public\\\/les-rendez-vous-visez-droit\\\/ateliers-et-conferences\\\/a-propos-de-la-conferenciere\\\/\"]}]},{\"@type\":\"ImageObject\",\"inLanguage\":\"en-US\",\"@id\":\"https:\\\/\\\/www.barreaudemontreal.qc.ca\\\/en\\\/public\\\/les-rendez-vous-visez-droit\\\/ateliers-et-conferences\\\/a-propos-de-la-conferenciere\\\/#primaryimage\",\"url\":\"https:\\\/\\\/www.barreaudemontreal.qc.ca\\\/wp-content\\\/uploads\\\/team-member_01-vero-1-edited.jpg\",\"contentUrl\":\"https:\\\/\\\/www.barreaudemontreal.qc.ca\\\/wp-content\\\/uploads\\\/team-member_01-vero-1-edited.jpg\"},{\"@type\":\"BreadcrumbList\",\"@id\":\"https:\\\/\\\/www.barreaudemontreal.qc.ca\\\/en\\\/public\\\/les-rendez-vous-visez-droit\\\/ateliers-et-conferences\\\/a-propos-de-la-conferenciere\\\/#breadcrumb\",\"itemListElement\":[{\"@type\":\"ListItem\",\"position\":1,\"name\":\"Home\",\"item\":\"https:\\\/\\\/www.barreaudemontreal.qc.ca\\\/en\\\/\"},{\"@type\":\"ListItem\",\"position\":2,\"name\":\"Public\",\"item\":\"https:\\\/\\\/www.barreaudemontreal.qc.ca\\\/en\\\/public\\\/\"},{\"@type\":\"ListItem\",\"position\":3,\"name\":\"Les Rendez-vous VISEZ DROIT\",\"item\":\"https:\\\/\\\/www.barreaudemontreal.qc.ca\\\/en\\\/public\\\/les-rendez-vous-visez-droit\\\/\"},{\"@type\":\"ListItem\",\"position\":4,\"name\":\"Ateliers et conf\u00e9rences\",\"item\":\"https:\\\/\\\/www.barreaudemontreal.qc.ca\\\/en\\\/public\\\/les-rendez-vous-visez-droit\\\/ateliers-et-conferences\\\/\"},{\"@type\":\"ListItem\",\"position\":5,\"name\":\"\u00c0 propos de la conf\u00e9renci\u00e8re\"}]},{\"@type\":\"WebSite\",\"@id\":\"https:\\\/\\\/www.barreaudemontreal.qc.ca\\\/en\\\/#website\",\"url\":\"https:\\\/\\\/www.barreaudemontreal.qc.ca\\\/en\\\/\",\"name\":\"Barreau de Montr&eacute;al\",\"description\":\"La plus grande section du Barreau du Qu&eacute;bec\",\"potentialAction\":[{\"@type\":\"SearchAction\",\"target\":{\"@type\":\"EntryPoint\",\"urlTemplate\":\"https:\\\/\\\/www.barreaudemontreal.qc.ca\\\/en\\\/?s={search_term_string}\"},\"query-input\":{\"@type\":\"PropertyValueSpecification\",\"valueRequired\":true,\"valueName\":\"search_term_string\"}}],\"inLanguage\":\"en-US\"}]}<\/script>\n<!-- \/ Yoast SEO plugin. -->","yoast_head_json":{"title":"\u00c0 propos de la conf\u00e9renci\u00e8re - Barreau de Montr&eacute;al","robots":{"index":"index","follow":"follow","max-snippet":"max-snippet:-1","max-image-preview":"max-image-preview:large","max-video-preview":"max-video-preview:-1"},"canonical":"https:\/\/www.barreaudemontreal.qc.ca\/en\/public\/les-rendez-vous-visez-droit\/ateliers-et-conferences\/a-propos-de-la-conferenciere\/","og_locale":"en_US","og_type":"article","og_title":"\u00c0 propos de la conf\u00e9renci\u00e8re - Barreau de Montr&eacute;al","og_description":"Quand le d\u00e9saccord persiste\u00a0: les modes alternatifs de r\u00e9solution de conflit en droit familial Me V\u00e9ronique Collard est dipl\u00f4m\u00e9e en droit de l\u2019Universit\u00e9 de Montr\u00e9al et a \u00e9t\u00e9 admise au [&hellip;]","og_url":"https:\/\/www.barreaudemontreal.qc.ca\/en\/public\/les-rendez-vous-visez-droit\/ateliers-et-conferences\/a-propos-de-la-conferenciere\/","og_site_name":"Barreau de Montr&eacute;al","article_modified_time":"2025-08-13T20:19:15+00:00","og_image":[{"width":713,"height":950,"url":"https:\/\/www.barreaudemontreal.qc.ca\/wp-content\/uploads\/team-member_01-vero-1-edited.jpg","type":"image\/jpeg"}],"twitter_card":"summary_large_image","twitter_misc":{"Est. reading time":"1 minute"},"schema":{"@context":"https:\/\/schema.org","@graph":[{"@type":"WebPage","@id":"https:\/\/www.barreaudemontreal.qc.ca\/en\/public\/les-rendez-vous-visez-droit\/ateliers-et-conferences\/a-propos-de-la-conferenciere\/","url":"https:\/\/www.barreaudemontreal.qc.ca\/en\/public\/les-rendez-vous-visez-droit\/ateliers-et-conferences\/a-propos-de-la-conferenciere\/","name":"\u00c0 propos de la conf\u00e9renci\u00e8re - Barreau de Montr&eacute;al","isPartOf":{"@id":"https:\/\/www.barreaudemontreal.qc.ca\/en\/#website"},"primaryImageOfPage":{"@id":"https:\/\/www.barreaudemontreal.qc.ca\/en\/public\/les-rendez-vous-visez-droit\/ateliers-et-conferences\/a-propos-de-la-conferenciere\/#primaryimage"},"image":{"@id":"https:\/\/www.barreaudemontreal.qc.ca\/en\/public\/les-rendez-vous-visez-droit\/ateliers-et-conferences\/a-propos-de-la-conferenciere\/#primaryimage"},"thumbnailUrl":"https:\/\/www.barreaudemontreal.qc.ca\/wp-content\/uploads\/team-member_01-vero-1-edited.jpg","datePublished":"2024-09-25T00:31:11+00:00","dateModified":"2025-08-13T20:19:15+00:00","breadcrumb":{"@id":"https:\/\/www.barreaudemontreal.qc.ca\/en\/public\/les-rendez-vous-visez-droit\/ateliers-et-conferences\/a-propos-de-la-conferenciere\/#breadcrumb"},"inLanguage":"en-US","potentialAction":[{"@type":"ReadAction","target":["https:\/\/www.barreaudemontreal.qc.ca\/en\/public\/les-rendez-vous-visez-droit\/ateliers-et-conferences\/a-propos-de-la-conferenciere\/"]}]},{"@type":"ImageObject","inLanguage":"en-US","@id":"https:\/\/www.barreaudemontreal.qc.ca\/en\/public\/les-rendez-vous-visez-droit\/ateliers-et-conferences\/a-propos-de-la-conferenciere\/#primaryimage","url":"https:\/\/www.barreaudemontreal.qc.ca\/wp-content\/uploads\/team-member_01-vero-1-edited.jpg","contentUrl":"https:\/\/www.barreaudemontreal.qc.ca\/wp-content\/uploads\/team-member_01-vero-1-edited.jpg"},{"@type":"BreadcrumbList","@id":"https:\/\/www.barreaudemontreal.qc.ca\/en\/public\/les-rendez-vous-visez-droit\/ateliers-et-conferences\/a-propos-de-la-conferenciere\/#breadcrumb","itemListElement":[{"@type":"ListItem","position":1,"name":"Home","item":"https:\/\/www.barreaudemontreal.qc.ca\/en\/"},{"@type":"ListItem","position":2,"name":"Public","item":"https:\/\/www.barreaudemontreal.qc.ca\/en\/public\/"},{"@type":"ListItem","position":3,"name":"Les Rendez-vous VISEZ DROIT","item":"https:\/\/www.barreaudemontreal.qc.ca\/en\/public\/les-rendez-vous-visez-droit\/"},{"@type":"ListItem","position":4,"name":"Ateliers et conf\u00e9rences","item":"https:\/\/www.barreaudemontreal.qc.ca\/en\/public\/les-rendez-vous-visez-droit\/ateliers-et-conferences\/"},{"@type":"ListItem","position":5,"name":"\u00c0 propos de la conf\u00e9renci\u00e8re"}]},{"@type":"WebSite","@id":"https:\/\/www.barreaudemontreal.qc.ca\/en\/#website","url":"https:\/\/www.barreaudemontreal.qc.ca\/en\/","name":"Barreau de Montr&eacute;al","description":"La plus grande section du Barreau du Qu&eacute;bec","potentialAction":[{"@type":"SearchAction","target":{"@type":"EntryPoint","urlTemplate":"https:\/\/www.barreaudemontreal.qc.ca\/en\/?s={search_term_string}"},"query-input":{"@type":"PropertyValueSpecification","valueRequired":true,"valueName":"search_term_string"}}],"inLanguage":"en-US"}]}},"_links":{"self":[{"href":"https:\/\/www.barreaudemontreal.qc.ca\/en\/wp-json\/wp\/v2\/pages\/38247","targetHints":{"allow":["GET"]}}],"collection":[{"href":"https:\/\/www.barreaudemontreal.qc.ca\/en\/wp-json\/wp\/v2\/pages"}],"about":[{"href":"https:\/\/www.barreaudemontreal.qc.ca\/en\/wp-json\/wp\/v2\/types\/page"}],"author":[{"embeddable":true,"href":"https:\/\/www.barreaudemontreal.qc.ca\/en\/wp-json\/wp\/v2\/users\/3"}],"replies":[{"embeddable":true,"href":"https:\/\/www.barreaudemontreal.qc.ca\/en\/wp-json\/wp\/v2\/comments?post=38247"}],"version-history":[{"count":0,"href":"https:\/\/www.barreaudemontreal.qc.ca\/en\/wp-json\/wp\/v2\/pages\/38247\/revisions"}],"up":[{"embeddable":true,"href":"https:\/\/www.barreaudemontreal.qc.ca\/en\/wp-json\/wp\/v2\/pages\/37487"}],"wp:attachment":[{"href":"https:\/\/www.barreaudemontreal.qc.ca\/en\/wp-json\/wp\/v2\/media?parent=38247"}],"curies":[{"name":"wp","href":"https:\/\/api.w.org\/{rel}","templated":true}]}}