{"id":38159,"date":"2024-09-24T18:48:04","date_gmt":"2024-09-24T22:48:04","guid":{"rendered":"https:\/\/www.barreaudemontreal.qc.ca\/?page_id=38159"},"modified":"2024-11-20T23:02:50","modified_gmt":"2024-11-21T04:02:50","slug":"a-propos-des-conferenciers","status":"publish","type":"page","link":"https:\/\/www.barreaudemontreal.qc.ca\/en\/public\/les-rendez-vous-visez-droit\/ateliers-et-conferences\/a-propos-des-conferenciers\/","title":{"rendered":"\u00c0 propos des conf\u00e9renciers"},"content":{"rendered":"\n<h2 class=\"wp-block-heading\">Tout ce que vous avez toujours voulu savoir sur les successions<\/h2>\n\n\n\n<p>Les conf\u00e9rencier.\u00e8res pr\u00e9senteront les principes cl\u00e9s du droit successoral et d\u00e9tailleront les effets des r\u00e9centes modifications l\u00e9gislatives apport\u00e9es par la loi 56, entr\u00e9e en vigueur le 4 juin 2024.<\/p>\n\n\n\n<div style=\"height:20px\" aria-hidden=\"true\" class=\"wp-block-spacer\"><\/div>\n\n\n\n<div class=\"wp-block-columns has-background is-layout-flex wp-container-core-columns-is-layout-9d6595d7 wp-block-columns-is-layout-flex\" style=\"background-color:#fafafa\">\n<div class=\"wp-block-column is-layout-flow wp-block-column-is-layout-flow\" style=\"flex-basis:33.33%\">\n<figure class=\"wp-block-image size-full is-resized\"><img decoding=\"async\" width=\"1920\" height=\"2560\" src=\"https:\/\/www.barreaudemontreal.qc.ca\/wp-content\/uploads\/photo-me-karine-baudry-edited-scaled.jpg\" alt=\"\" class=\"wp-image-38162\" style=\"width:175px\"\/><\/figure>\n<\/div>\n\n\n\n<div class=\"wp-block-column is-layout-flow wp-block-column-is-layout-flow\" style=\"flex-basis:90%\">\n<p><strong>Me Karine Beaudry <\/strong>est membre du Barreau du Qu\u00e9bec et est avocate \u00e0 la Direction des affaires juridiques de l\u2019Agence du Revenu du Qu\u00e9bec \u00e0 Montr\u00e9al depuis 2024. Avant de se joindre \u00e0 cette direction, Me Beaudry a repr\u00e9sent\u00e9 durant 16\u00a0ans l\u2019Agence du Revenu du Qu\u00e9bec devant les tribunaux qu\u00e9b\u00e9cois principalement en mati\u00e8re de recouvrement de cr\u00e9ances fiscales, mais \u00e9galement en mati\u00e8re de liquidation de successions non r\u00e9clam\u00e9es. En parall\u00e8le, Me\u00a0Beaudry partage son expertise en tant professeur \u00e0 l\u2019\u00c9cole du Barreau du Qu\u00e9bec, et ce, depuis 2023. Elle a enseign\u00e9 les cours de droit des obligations, priorit\u00e9s et s\u00fbret\u00e9s, th\u00e9orie de la cause ainsi que r\u00e9daction. Enfin, Me Beaudry est d\u00e9tentrice d\u2019un DESS en planification fiscale et d\u2019une ma\u00eetrise en fiscalit\u00e9.<\/p>\n<\/div>\n<\/div>\n\n\n\n<div style=\"height:20px\" aria-hidden=\"true\" class=\"wp-block-spacer\"><\/div>\n\n\n\n<div class=\"wp-block-columns has-background is-layout-flex wp-container-core-columns-is-layout-9d6595d7 wp-block-columns-is-layout-flex\" style=\"background-color:#fafafa\">\n<div class=\"wp-block-column is-layout-flow wp-block-column-is-layout-flow\" style=\"flex-basis:33.33%\">\n<figure class=\"wp-block-image size-full is-resized\"><img decoding=\"async\" width=\"1920\" height=\"2560\" src=\"https:\/\/www.barreaudemontreal.qc.ca\/wp-content\/uploads\/photo-me-william-paradis-scaled.jpg\" alt=\"\" class=\"wp-image-38164\" style=\"width:175px\"\/><\/figure>\n<\/div>\n\n\n\n<div class=\"wp-block-column is-layout-flow wp-block-column-is-layout-flow\" style=\"flex-basis:90%\">\n<p><strong>Me William Paradis <\/strong>est membre de la Chambre des notaires du Qu\u00e9bec et travaille \u00e0 ce titre aupr\u00e8s de la Direction principale des affaires juridiques de l\u2019Agence du revenu du Qu\u00e9bec \u00e0 Montr\u00e9al. Avant de se joindre \u00e0 Revenu Qu\u00e9bec il a \u0153uvr\u00e9 comme notaire en pratique priv\u00e9e, se sp\u00e9cialisant notamment en droit fiscal, en droit des successions et en droit des affaires. Il est d\u00e9tenteur d\u2019un DESS en fiscalit\u00e9 et est charg\u00e9 de cours \u00e0 l\u2019Universit\u00e9 de Montr\u00e9al o\u00f9 il enseigne le droit fiscal aux \u00e9tudiants \u00e0 la ma\u00eetrise en droit notarial depuis 10 ans maintenant. Il occupe de plus le poste de pr\u00e9sident du Comit\u00e9 sur les admissions de la Chambre des notaires du Qu\u00e9bec depuis 2020.<\/p>\n<\/div>\n<\/div>\n\n\n\n<div style=\"height:40px\" aria-hidden=\"true\" class=\"wp-block-spacer\"><\/div>\n\n\n\n<p>*<em>Avec la collaboration des biblioth\u00e8ques de l&#8217;arrondissement d&#8217;Ahuntsic-Cartierville<\/em>.<\/p>\n","protected":false},"excerpt":{"rendered":"<p>Tout ce que vous avez toujours voulu savoir sur les successions Les conf\u00e9rencier.\u00e8res pr\u00e9senteront les principes cl\u00e9s du droit successoral et d\u00e9tailleront les effets des r\u00e9centes modifications l\u00e9gislatives apport\u00e9es par [&hellip;]<\/p>\n","protected":false},"author":3,"featured_media":0,"parent":37487,"menu_order":0,"comment_status":"closed","ping_status":"closed","template":"","meta":{"_acf_changed":false,"_editorskit_title_hidden":false,"_editorskit_reading_time":0,"_editorskit_is_block_options_detached":false,"_editorskit_block_options_position":"{}","inline_featured_image":false,"ngg_post_thumbnail":0,"footnotes":""},"class_list":["post-38159","page","type-page","status-publish","hentry"],"acf":[],"yoast_head":"<!-- This site is optimized with the Yoast SEO plugin v27.4 - https:\/\/yoast.com\/product\/yoast-seo-wordpress\/ -->\n<title>\u00c0 propos des conf\u00e9renciers - Barreau de Montr&eacute;al<\/title>\n<meta name=\"robots\" content=\"index, follow, max-snippet:-1, max-image-preview:large, max-video-preview:-1\" \/>\n<link rel=\"canonical\" href=\"https:\/\/www.barreaudemontreal.qc.ca\/en\/public\/les-rendez-vous-visez-droit\/ateliers-et-conferences\/a-propos-des-conferenciers\/\" \/>\n<meta property=\"og:locale\" content=\"en_US\" \/>\n<meta property=\"og:type\" content=\"article\" \/>\n<meta property=\"og:title\" content=\"\u00c0 propos des conf\u00e9renciers - Barreau de Montr&eacute;al\" \/>\n<meta property=\"og:description\" content=\"Tout ce que vous avez toujours voulu savoir sur les successions Les conf\u00e9rencier.\u00e8res pr\u00e9senteront les principes cl\u00e9s du droit successoral et d\u00e9tailleront les effets des r\u00e9centes modifications l\u00e9gislatives apport\u00e9es par [&hellip;]\" \/>\n<meta property=\"og:url\" content=\"https:\/\/www.barreaudemontreal.qc.ca\/en\/public\/les-rendez-vous-visez-droit\/ateliers-et-conferences\/a-propos-des-conferenciers\/\" \/>\n<meta property=\"og:site_name\" content=\"Barreau de Montr&eacute;al\" \/>\n<meta property=\"article:modified_time\" content=\"2024-11-21T04:02:50+00:00\" \/>\n<meta property=\"og:image\" content=\"https:\/\/www.barreaudemontreal.qc.ca\/wp-content\/uploads\/photo-me-karine-baudry-edited-scaled.jpg\" \/>\n\t<meta property=\"og:image:width\" content=\"1920\" \/>\n\t<meta property=\"og:image:height\" content=\"2560\" \/>\n\t<meta property=\"og:image:type\" content=\"image\/jpeg\" \/>\n<meta name=\"twitter:card\" content=\"summary_large_image\" \/>\n<meta name=\"twitter:label1\" content=\"Est. reading time\" \/>\n\t<meta name=\"twitter:data1\" content=\"2 minutes\" \/>\n<script type=\"application\/ld+json\" class=\"yoast-schema-graph\">{\"@context\":\"https:\\\/\\\/schema.org\",\"@graph\":[{\"@type\":\"WebPage\",\"@id\":\"https:\\\/\\\/www.barreaudemontreal.qc.ca\\\/en\\\/public\\\/les-rendez-vous-visez-droit\\\/ateliers-et-conferences\\\/a-propos-des-conferenciers\\\/\",\"url\":\"https:\\\/\\\/www.barreaudemontreal.qc.ca\\\/en\\\/public\\\/les-rendez-vous-visez-droit\\\/ateliers-et-conferences\\\/a-propos-des-conferenciers\\\/\",\"name\":\"\u00c0 propos des conf\u00e9renciers - Barreau de Montr&eacute;al\",\"isPartOf\":{\"@id\":\"https:\\\/\\\/www.barreaudemontreal.qc.ca\\\/en\\\/#website\"},\"primaryImageOfPage\":{\"@id\":\"https:\\\/\\\/www.barreaudemontreal.qc.ca\\\/en\\\/public\\\/les-rendez-vous-visez-droit\\\/ateliers-et-conferences\\\/a-propos-des-conferenciers\\\/#primaryimage\"},\"image\":{\"@id\":\"https:\\\/\\\/www.barreaudemontreal.qc.ca\\\/en\\\/public\\\/les-rendez-vous-visez-droit\\\/ateliers-et-conferences\\\/a-propos-des-conferenciers\\\/#primaryimage\"},\"thumbnailUrl\":\"https:\\\/\\\/www.barreaudemontreal.qc.ca\\\/wp-content\\\/uploads\\\/photo-me-karine-baudry-edited-scaled.jpg\",\"datePublished\":\"2024-09-24T22:48:04+00:00\",\"dateModified\":\"2024-11-21T04:02:50+00:00\",\"breadcrumb\":{\"@id\":\"https:\\\/\\\/www.barreaudemontreal.qc.ca\\\/en\\\/public\\\/les-rendez-vous-visez-droit\\\/ateliers-et-conferences\\\/a-propos-des-conferenciers\\\/#breadcrumb\"},\"inLanguage\":\"en-US\",\"potentialAction\":[{\"@type\":\"ReadAction\",\"target\":[\"https:\\\/\\\/www.barreaudemontreal.qc.ca\\\/en\\\/public\\\/les-rendez-vous-visez-droit\\\/ateliers-et-conferences\\\/a-propos-des-conferenciers\\\/\"]}]},{\"@type\":\"ImageObject\",\"inLanguage\":\"en-US\",\"@id\":\"https:\\\/\\\/www.barreaudemontreal.qc.ca\\\/en\\\/public\\\/les-rendez-vous-visez-droit\\\/ateliers-et-conferences\\\/a-propos-des-conferenciers\\\/#primaryimage\",\"url\":\"https:\\\/\\\/www.barreaudemontreal.qc.ca\\\/wp-content\\\/uploads\\\/photo-me-karine-baudry-edited-scaled.jpg\",\"contentUrl\":\"https:\\\/\\\/www.barreaudemontreal.qc.ca\\\/wp-content\\\/uploads\\\/photo-me-karine-baudry-edited-scaled.jpg\"},{\"@type\":\"BreadcrumbList\",\"@id\":\"https:\\\/\\\/www.barreaudemontreal.qc.ca\\\/en\\\/public\\\/les-rendez-vous-visez-droit\\\/ateliers-et-conferences\\\/a-propos-des-conferenciers\\\/#breadcrumb\",\"itemListElement\":[{\"@type\":\"ListItem\",\"position\":1,\"name\":\"Home\",\"item\":\"https:\\\/\\\/www.barreaudemontreal.qc.ca\\\/en\\\/\"},{\"@type\":\"ListItem\",\"position\":2,\"name\":\"Public\",\"item\":\"https:\\\/\\\/www.barreaudemontreal.qc.ca\\\/en\\\/public\\\/\"},{\"@type\":\"ListItem\",\"position\":3,\"name\":\"Les Rendez-vous VISEZ DROIT\",\"item\":\"https:\\\/\\\/www.barreaudemontreal.qc.ca\\\/en\\\/public\\\/les-rendez-vous-visez-droit\\\/\"},{\"@type\":\"ListItem\",\"position\":4,\"name\":\"Ateliers et conf\u00e9rences\",\"item\":\"https:\\\/\\\/www.barreaudemontreal.qc.ca\\\/en\\\/public\\\/les-rendez-vous-visez-droit\\\/ateliers-et-conferences\\\/\"},{\"@type\":\"ListItem\",\"position\":5,\"name\":\"\u00c0 propos des conf\u00e9renciers\"}]},{\"@type\":\"WebSite\",\"@id\":\"https:\\\/\\\/www.barreaudemontreal.qc.ca\\\/en\\\/#website\",\"url\":\"https:\\\/\\\/www.barreaudemontreal.qc.ca\\\/en\\\/\",\"name\":\"Barreau de Montr&eacute;al\",\"description\":\"La plus grande section du Barreau du Qu&eacute;bec\",\"potentialAction\":[{\"@type\":\"SearchAction\",\"target\":{\"@type\":\"EntryPoint\",\"urlTemplate\":\"https:\\\/\\\/www.barreaudemontreal.qc.ca\\\/en\\\/?s={search_term_string}\"},\"query-input\":{\"@type\":\"PropertyValueSpecification\",\"valueRequired\":true,\"valueName\":\"search_term_string\"}}],\"inLanguage\":\"en-US\"}]}<\/script>\n<!-- \/ Yoast SEO plugin. -->","yoast_head_json":{"title":"\u00c0 propos des conf\u00e9renciers - Barreau de Montr&eacute;al","robots":{"index":"index","follow":"follow","max-snippet":"max-snippet:-1","max-image-preview":"max-image-preview:large","max-video-preview":"max-video-preview:-1"},"canonical":"https:\/\/www.barreaudemontreal.qc.ca\/en\/public\/les-rendez-vous-visez-droit\/ateliers-et-conferences\/a-propos-des-conferenciers\/","og_locale":"en_US","og_type":"article","og_title":"\u00c0 propos des conf\u00e9renciers - Barreau de Montr&eacute;al","og_description":"Tout ce que vous avez toujours voulu savoir sur les successions Les conf\u00e9rencier.\u00e8res pr\u00e9senteront les principes cl\u00e9s du droit successoral et d\u00e9tailleront les effets des r\u00e9centes modifications l\u00e9gislatives apport\u00e9es par [&hellip;]","og_url":"https:\/\/www.barreaudemontreal.qc.ca\/en\/public\/les-rendez-vous-visez-droit\/ateliers-et-conferences\/a-propos-des-conferenciers\/","og_site_name":"Barreau de Montr&eacute;al","article_modified_time":"2024-11-21T04:02:50+00:00","og_image":[{"width":1920,"height":2560,"url":"https:\/\/www.barreaudemontreal.qc.ca\/wp-content\/uploads\/photo-me-karine-baudry-edited-scaled.jpg","type":"image\/jpeg"}],"twitter_card":"summary_large_image","twitter_misc":{"Est. reading time":"2 minutes"},"schema":{"@context":"https:\/\/schema.org","@graph":[{"@type":"WebPage","@id":"https:\/\/www.barreaudemontreal.qc.ca\/en\/public\/les-rendez-vous-visez-droit\/ateliers-et-conferences\/a-propos-des-conferenciers\/","url":"https:\/\/www.barreaudemontreal.qc.ca\/en\/public\/les-rendez-vous-visez-droit\/ateliers-et-conferences\/a-propos-des-conferenciers\/","name":"\u00c0 propos des conf\u00e9renciers - Barreau de Montr&eacute;al","isPartOf":{"@id":"https:\/\/www.barreaudemontreal.qc.ca\/en\/#website"},"primaryImageOfPage":{"@id":"https:\/\/www.barreaudemontreal.qc.ca\/en\/public\/les-rendez-vous-visez-droit\/ateliers-et-conferences\/a-propos-des-conferenciers\/#primaryimage"},"image":{"@id":"https:\/\/www.barreaudemontreal.qc.ca\/en\/public\/les-rendez-vous-visez-droit\/ateliers-et-conferences\/a-propos-des-conferenciers\/#primaryimage"},"thumbnailUrl":"https:\/\/www.barreaudemontreal.qc.ca\/wp-content\/uploads\/photo-me-karine-baudry-edited-scaled.jpg","datePublished":"2024-09-24T22:48:04+00:00","dateModified":"2024-11-21T04:02:50+00:00","breadcrumb":{"@id":"https:\/\/www.barreaudemontreal.qc.ca\/en\/public\/les-rendez-vous-visez-droit\/ateliers-et-conferences\/a-propos-des-conferenciers\/#breadcrumb"},"inLanguage":"en-US","potentialAction":[{"@type":"ReadAction","target":["https:\/\/www.barreaudemontreal.qc.ca\/en\/public\/les-rendez-vous-visez-droit\/ateliers-et-conferences\/a-propos-des-conferenciers\/"]}]},{"@type":"ImageObject","inLanguage":"en-US","@id":"https:\/\/www.barreaudemontreal.qc.ca\/en\/public\/les-rendez-vous-visez-droit\/ateliers-et-conferences\/a-propos-des-conferenciers\/#primaryimage","url":"https:\/\/www.barreaudemontreal.qc.ca\/wp-content\/uploads\/photo-me-karine-baudry-edited-scaled.jpg","contentUrl":"https:\/\/www.barreaudemontreal.qc.ca\/wp-content\/uploads\/photo-me-karine-baudry-edited-scaled.jpg"},{"@type":"BreadcrumbList","@id":"https:\/\/www.barreaudemontreal.qc.ca\/en\/public\/les-rendez-vous-visez-droit\/ateliers-et-conferences\/a-propos-des-conferenciers\/#breadcrumb","itemListElement":[{"@type":"ListItem","position":1,"name":"Home","item":"https:\/\/www.barreaudemontreal.qc.ca\/en\/"},{"@type":"ListItem","position":2,"name":"Public","item":"https:\/\/www.barreaudemontreal.qc.ca\/en\/public\/"},{"@type":"ListItem","position":3,"name":"Les Rendez-vous VISEZ DROIT","item":"https:\/\/www.barreaudemontreal.qc.ca\/en\/public\/les-rendez-vous-visez-droit\/"},{"@type":"ListItem","position":4,"name":"Ateliers et conf\u00e9rences","item":"https:\/\/www.barreaudemontreal.qc.ca\/en\/public\/les-rendez-vous-visez-droit\/ateliers-et-conferences\/"},{"@type":"ListItem","position":5,"name":"\u00c0 propos des conf\u00e9renciers"}]},{"@type":"WebSite","@id":"https:\/\/www.barreaudemontreal.qc.ca\/en\/#website","url":"https:\/\/www.barreaudemontreal.qc.ca\/en\/","name":"Barreau de Montr&eacute;al","description":"La plus grande section du Barreau du Qu&eacute;bec","potentialAction":[{"@type":"SearchAction","target":{"@type":"EntryPoint","urlTemplate":"https:\/\/www.barreaudemontreal.qc.ca\/en\/?s={search_term_string}"},"query-input":{"@type":"PropertyValueSpecification","valueRequired":true,"valueName":"search_term_string"}}],"inLanguage":"en-US"}]}},"_links":{"self":[{"href":"https:\/\/www.barreaudemontreal.qc.ca\/en\/wp-json\/wp\/v2\/pages\/38159","targetHints":{"allow":["GET"]}}],"collection":[{"href":"https:\/\/www.barreaudemontreal.qc.ca\/en\/wp-json\/wp\/v2\/pages"}],"about":[{"href":"https:\/\/www.barreaudemontreal.qc.ca\/en\/wp-json\/wp\/v2\/types\/page"}],"author":[{"embeddable":true,"href":"https:\/\/www.barreaudemontreal.qc.ca\/en\/wp-json\/wp\/v2\/users\/3"}],"replies":[{"embeddable":true,"href":"https:\/\/www.barreaudemontreal.qc.ca\/en\/wp-json\/wp\/v2\/comments?post=38159"}],"version-history":[{"count":0,"href":"https:\/\/www.barreaudemontreal.qc.ca\/en\/wp-json\/wp\/v2\/pages\/38159\/revisions"}],"up":[{"embeddable":true,"href":"https:\/\/www.barreaudemontreal.qc.ca\/en\/wp-json\/wp\/v2\/pages\/37487"}],"wp:attachment":[{"href":"https:\/\/www.barreaudemontreal.qc.ca\/en\/wp-json\/wp\/v2\/media?parent=38159"}],"curies":[{"name":"wp","href":"https:\/\/api.w.org\/{rel}","templated":true}]}}