{"id":36772,"date":"2024-04-30T20:35:13","date_gmt":"2024-05-01T00:35:13","guid":{"rendered":"https:\/\/www.barreaudemontreal.qc.ca\/?page_id=36772"},"modified":"2025-04-16T22:49:41","modified_gmt":"2025-04-17T02:49:41","slug":"prix-dexcellence-du-batonnier","status":"publish","type":"page","link":"https:\/\/www.barreaudemontreal.qc.ca\/en\/barreau\/prix-et-distinctions\/prix-dexcellence-du-batonnier\/","title":{"rendered":"Prix d&#8217;excellence du b\u00e2tonnier"},"content":{"rendered":"\n<p>Le <em>Prix d&#8217;excellence du b\u00e2tonnier<\/em> est d\u00e9cern\u00e9 annuellement \u00e0 des membres de la section qui se sont d\u00e9marqu\u00e9s depuis le d\u00e9but de leur carri\u00e8re par leur travail et leurs engagements envers la protection du public et l\u2019acc\u00e8s \u00e0 la justice dans le district judiciaire de Montr\u00e9al.<\/p>\n\n\n\n<p>Depuis la cr\u00e9ation de ce prix, en 2024, il a \u00e9t\u00e9 remis \u00e0&nbsp;:<\/p>\n\n\n\n    <div class=\"medalSection\">\n                        <div class=\"medalInner\">\n                    <div class=\"\">\n                        <h5>2024-2025<\/h5>\n                    <\/div>\n                    <div>\n                                                        <div class=\"medalPerson\">\n                                    <p><a href=\"https:\/\/www.barreaudemontreal.qc.ca\/en\/communications\/figure-de-maitre-charles-benmouyal\/\"><strong>Me Charles Benmouyal<\/strong><\/a><\/p>\n                                <\/div>\n                                                    <\/div>\n                <\/div>\n\n                                <div class=\"medalInner\">\n                    <div class=\"\">\n                        <h5>2023-2024<\/h5>\n                    <\/div>\n                    <div>\n                                                        <div class=\"medalPerson\">\n                                    <p><a href=\"https:\/\/www.barreaudemontreal.qc.ca\/en\/communications\/me-nathalie-guertin-recoit-le-prix-dexcellence-du-batonnier\/\"><strong>Me Nathalie Guertin<\/strong><\/a><\/p>\n                                <\/div>\n                                                    <\/div>\n                <\/div>\n\n                    <\/div>\n    \n\n\n<p><br><br><\/p>\n","protected":false},"excerpt":{"rendered":"<p>Le Prix d&#8217;excellence du b\u00e2tonnier est d\u00e9cern\u00e9 annuellement \u00e0 des membres de la section qui se sont d\u00e9marqu\u00e9s depuis le d\u00e9but de leur carri\u00e8re par leur travail et leurs engagements [&hellip;]<\/p>\n","protected":false},"author":3,"featured_media":0,"parent":2070,"menu_order":6,"comment_status":"closed","ping_status":"closed","template":"","meta":{"_acf_changed":false,"_editorskit_title_hidden":false,"_editorskit_reading_time":0,"_editorskit_is_block_options_detached":false,"_editorskit_block_options_position":"{}","inline_featured_image":false,"ngg_post_thumbnail":0,"footnotes":""},"class_list":["post-36772","page","type-page","status-publish","hentry"],"acf":[],"yoast_head":"<!-- This site is optimized with the Yoast SEO plugin v27.4 - https:\/\/yoast.com\/product\/yoast-seo-wordpress\/ -->\n<title>Prix d&#039;excellence du b\u00e2tonnier - Barreau de Montr&eacute;al<\/title>\n<meta name=\"description\" content=\"Le Prix d\u2019excellence du b\u00e2tonnier est d\u00e9cern\u00e9 annuellement \u00e0 des membres de la section qui se sont d\u00e9marqu\u00e9s depuis le d\u00e9but de leur carri\u00e8re par leur travail et leurs engagements envers la protection du public et l\u2019acc\u00e8s \u00e0 la justice dans le district judiciaire de Montr\u00e9al.\" \/>\n<meta name=\"robots\" content=\"index, follow, max-snippet:-1, max-image-preview:large, max-video-preview:-1\" \/>\n<link rel=\"canonical\" href=\"https:\/\/www.barreaudemontreal.qc.ca\/en\/barreau\/prix-et-distinctions\/prix-dexcellence-du-batonnier\/\" \/>\n<meta property=\"og:locale\" content=\"en_US\" \/>\n<meta property=\"og:type\" content=\"article\" \/>\n<meta property=\"og:title\" content=\"Prix d&#039;excellence du b\u00e2tonnier - Barreau de Montr&eacute;al\" \/>\n<meta property=\"og:description\" content=\"Le Prix d\u2019excellence du b\u00e2tonnier est d\u00e9cern\u00e9 annuellement \u00e0 des membres de la section qui se sont d\u00e9marqu\u00e9s depuis le d\u00e9but de leur carri\u00e8re par leur travail et leurs engagements envers la protection du public et l\u2019acc\u00e8s \u00e0 la justice dans le district judiciaire de Montr\u00e9al.\" \/>\n<meta property=\"og:url\" content=\"https:\/\/www.barreaudemontreal.qc.ca\/en\/barreau\/prix-et-distinctions\/prix-dexcellence-du-batonnier\/\" \/>\n<meta property=\"og:site_name\" content=\"Barreau de Montr&eacute;al\" \/>\n<meta property=\"article:modified_time\" content=\"2025-04-17T02:49:41+00:00\" \/>\n<meta name=\"twitter:card\" content=\"summary_large_image\" \/>\n<meta name=\"twitter:label1\" content=\"Est. reading time\" \/>\n\t<meta name=\"twitter:data1\" content=\"1 minute\" \/>\n<script type=\"application\/ld+json\" class=\"yoast-schema-graph\">{\"@context\":\"https:\\\/\\\/schema.org\",\"@graph\":[{\"@type\":\"WebPage\",\"@id\":\"https:\\\/\\\/www.barreaudemontreal.qc.ca\\\/en\\\/barreau\\\/prix-et-distinctions\\\/prix-dexcellence-du-batonnier\\\/\",\"url\":\"https:\\\/\\\/www.barreaudemontreal.qc.ca\\\/en\\\/barreau\\\/prix-et-distinctions\\\/prix-dexcellence-du-batonnier\\\/\",\"name\":\"Prix d'excellence du b\u00e2tonnier - Barreau de Montr&eacute;al\",\"isPartOf\":{\"@id\":\"https:\\\/\\\/www.barreaudemontreal.qc.ca\\\/en\\\/#website\"},\"datePublished\":\"2024-05-01T00:35:13+00:00\",\"dateModified\":\"2025-04-17T02:49:41+00:00\",\"description\":\"Le Prix d\u2019excellence du b\u00e2tonnier est d\u00e9cern\u00e9 annuellement \u00e0 des membres de la section qui se sont d\u00e9marqu\u00e9s depuis le d\u00e9but de leur carri\u00e8re par leur travail et leurs engagements envers la protection du public et l\u2019acc\u00e8s \u00e0 la justice dans le district judiciaire de Montr\u00e9al.\",\"breadcrumb\":{\"@id\":\"https:\\\/\\\/www.barreaudemontreal.qc.ca\\\/en\\\/barreau\\\/prix-et-distinctions\\\/prix-dexcellence-du-batonnier\\\/#breadcrumb\"},\"inLanguage\":\"en-US\",\"potentialAction\":[{\"@type\":\"ReadAction\",\"target\":[\"https:\\\/\\\/www.barreaudemontreal.qc.ca\\\/en\\\/barreau\\\/prix-et-distinctions\\\/prix-dexcellence-du-batonnier\\\/\"]}]},{\"@type\":\"BreadcrumbList\",\"@id\":\"https:\\\/\\\/www.barreaudemontreal.qc.ca\\\/en\\\/barreau\\\/prix-et-distinctions\\\/prix-dexcellence-du-batonnier\\\/#breadcrumb\",\"itemListElement\":[{\"@type\":\"ListItem\",\"position\":1,\"name\":\"Home\",\"item\":\"https:\\\/\\\/www.barreaudemontreal.qc.ca\\\/en\\\/\"},{\"@type\":\"ListItem\",\"position\":2,\"name\":\"Barreau\",\"item\":\"https:\\\/\\\/www.barreaudemontreal.qc.ca\\\/en\\\/barreau\\\/\"},{\"@type\":\"ListItem\",\"position\":3,\"name\":\"Prix et distinctions\",\"item\":\"https:\\\/\\\/www.barreaudemontreal.qc.ca\\\/en\\\/barreau\\\/prix-et-distinctions\\\/\"},{\"@type\":\"ListItem\",\"position\":4,\"name\":\"Prix d&#8217;excellence du b\u00e2tonnier\"}]},{\"@type\":\"WebSite\",\"@id\":\"https:\\\/\\\/www.barreaudemontreal.qc.ca\\\/en\\\/#website\",\"url\":\"https:\\\/\\\/www.barreaudemontreal.qc.ca\\\/en\\\/\",\"name\":\"Barreau de Montr&eacute;al\",\"description\":\"La plus grande section du Barreau du Qu&eacute;bec\",\"potentialAction\":[{\"@type\":\"SearchAction\",\"target\":{\"@type\":\"EntryPoint\",\"urlTemplate\":\"https:\\\/\\\/www.barreaudemontreal.qc.ca\\\/en\\\/?s={search_term_string}\"},\"query-input\":{\"@type\":\"PropertyValueSpecification\",\"valueRequired\":true,\"valueName\":\"search_term_string\"}}],\"inLanguage\":\"en-US\"}]}<\/script>\n<!-- \/ Yoast SEO plugin. -->","yoast_head_json":{"title":"Prix d'excellence du b\u00e2tonnier - Barreau de Montr&eacute;al","description":"Le Prix d\u2019excellence du b\u00e2tonnier est d\u00e9cern\u00e9 annuellement \u00e0 des membres de la section qui se sont d\u00e9marqu\u00e9s depuis le d\u00e9but de leur carri\u00e8re par leur travail et leurs engagements envers la protection du public et l\u2019acc\u00e8s \u00e0 la justice dans le district judiciaire de Montr\u00e9al.","robots":{"index":"index","follow":"follow","max-snippet":"max-snippet:-1","max-image-preview":"max-image-preview:large","max-video-preview":"max-video-preview:-1"},"canonical":"https:\/\/www.barreaudemontreal.qc.ca\/en\/barreau\/prix-et-distinctions\/prix-dexcellence-du-batonnier\/","og_locale":"en_US","og_type":"article","og_title":"Prix d'excellence du b\u00e2tonnier - Barreau de Montr&eacute;al","og_description":"Le Prix d\u2019excellence du b\u00e2tonnier est d\u00e9cern\u00e9 annuellement \u00e0 des membres de la section qui se sont d\u00e9marqu\u00e9s depuis le d\u00e9but de leur carri\u00e8re par leur travail et leurs engagements envers la protection du public et l\u2019acc\u00e8s \u00e0 la justice dans le district judiciaire de Montr\u00e9al.","og_url":"https:\/\/www.barreaudemontreal.qc.ca\/en\/barreau\/prix-et-distinctions\/prix-dexcellence-du-batonnier\/","og_site_name":"Barreau de Montr&eacute;al","article_modified_time":"2025-04-17T02:49:41+00:00","twitter_card":"summary_large_image","twitter_misc":{"Est. reading time":"1 minute"},"schema":{"@context":"https:\/\/schema.org","@graph":[{"@type":"WebPage","@id":"https:\/\/www.barreaudemontreal.qc.ca\/en\/barreau\/prix-et-distinctions\/prix-dexcellence-du-batonnier\/","url":"https:\/\/www.barreaudemontreal.qc.ca\/en\/barreau\/prix-et-distinctions\/prix-dexcellence-du-batonnier\/","name":"Prix d'excellence du b\u00e2tonnier - Barreau de Montr&eacute;al","isPartOf":{"@id":"https:\/\/www.barreaudemontreal.qc.ca\/en\/#website"},"datePublished":"2024-05-01T00:35:13+00:00","dateModified":"2025-04-17T02:49:41+00:00","description":"Le Prix d\u2019excellence du b\u00e2tonnier est d\u00e9cern\u00e9 annuellement \u00e0 des membres de la section qui se sont d\u00e9marqu\u00e9s depuis le d\u00e9but de leur carri\u00e8re par leur travail et leurs engagements envers la protection du public et l\u2019acc\u00e8s \u00e0 la justice dans le district judiciaire de Montr\u00e9al.","breadcrumb":{"@id":"https:\/\/www.barreaudemontreal.qc.ca\/en\/barreau\/prix-et-distinctions\/prix-dexcellence-du-batonnier\/#breadcrumb"},"inLanguage":"en-US","potentialAction":[{"@type":"ReadAction","target":["https:\/\/www.barreaudemontreal.qc.ca\/en\/barreau\/prix-et-distinctions\/prix-dexcellence-du-batonnier\/"]}]},{"@type":"BreadcrumbList","@id":"https:\/\/www.barreaudemontreal.qc.ca\/en\/barreau\/prix-et-distinctions\/prix-dexcellence-du-batonnier\/#breadcrumb","itemListElement":[{"@type":"ListItem","position":1,"name":"Home","item":"https:\/\/www.barreaudemontreal.qc.ca\/en\/"},{"@type":"ListItem","position":2,"name":"Barreau","item":"https:\/\/www.barreaudemontreal.qc.ca\/en\/barreau\/"},{"@type":"ListItem","position":3,"name":"Prix et distinctions","item":"https:\/\/www.barreaudemontreal.qc.ca\/en\/barreau\/prix-et-distinctions\/"},{"@type":"ListItem","position":4,"name":"Prix d&#8217;excellence du b\u00e2tonnier"}]},{"@type":"WebSite","@id":"https:\/\/www.barreaudemontreal.qc.ca\/en\/#website","url":"https:\/\/www.barreaudemontreal.qc.ca\/en\/","name":"Barreau de Montr&eacute;al","description":"La plus grande section du Barreau du Qu&eacute;bec","potentialAction":[{"@type":"SearchAction","target":{"@type":"EntryPoint","urlTemplate":"https:\/\/www.barreaudemontreal.qc.ca\/en\/?s={search_term_string}"},"query-input":{"@type":"PropertyValueSpecification","valueRequired":true,"valueName":"search_term_string"}}],"inLanguage":"en-US"}]}},"_links":{"self":[{"href":"https:\/\/www.barreaudemontreal.qc.ca\/en\/wp-json\/wp\/v2\/pages\/36772","targetHints":{"allow":["GET"]}}],"collection":[{"href":"https:\/\/www.barreaudemontreal.qc.ca\/en\/wp-json\/wp\/v2\/pages"}],"about":[{"href":"https:\/\/www.barreaudemontreal.qc.ca\/en\/wp-json\/wp\/v2\/types\/page"}],"author":[{"embeddable":true,"href":"https:\/\/www.barreaudemontreal.qc.ca\/en\/wp-json\/wp\/v2\/users\/3"}],"replies":[{"embeddable":true,"href":"https:\/\/www.barreaudemontreal.qc.ca\/en\/wp-json\/wp\/v2\/comments?post=36772"}],"version-history":[{"count":0,"href":"https:\/\/www.barreaudemontreal.qc.ca\/en\/wp-json\/wp\/v2\/pages\/36772\/revisions"}],"up":[{"embeddable":true,"href":"https:\/\/www.barreaudemontreal.qc.ca\/en\/wp-json\/wp\/v2\/pages\/2070"}],"wp:attachment":[{"href":"https:\/\/www.barreaudemontreal.qc.ca\/en\/wp-json\/wp\/v2\/media?parent=36772"}],"curies":[{"name":"wp","href":"https:\/\/api.w.org\/{rel}","templated":true}]}}