{"id":35901,"date":"2024-02-13T17:04:53","date_gmt":"2024-02-13T22:04:53","guid":{"rendered":"https:\/\/www.barreaudemontreal.qc.ca\/?page_id=35901"},"modified":"2026-04-15T22:27:34","modified_gmt":"2026-04-16T02:27:34","slug":"figures-de-maitre","status":"publish","type":"page","link":"https:\/\/www.barreaudemontreal.qc.ca\/en\/communications-accueil\/figures-de-maitre\/","title":{"rendered":"Figures de Ma\u00eetre"},"content":{"rendered":"\n<div class=\"wp-block-columns is-layout-flex wp-container-core-columns-is-layout-9d6595d7 wp-block-columns-is-layout-flex\">\n<div class=\"wp-block-column is-layout-flow wp-block-column-is-layout-flow\" style=\"flex-basis:66.66%\">\n<p>En faisant revivre cette chronique, cr\u00e9\u00e9e sous le b\u00e2tonnat de Me Lynne Kassie en 2000, le Barreau de Montr\u00e9al souhaite mettre en lumi\u00e8re des avocats inspirants, auteurs de r\u00e9alisations exceptionnelles et qui, \u00e0 travers leurs actions, contribuent \u00e0 faire rayonner la justice au sein de la profession.<\/p>\n<p>Vous connaissez une figure de ma\u00eetre ? N&#8217;h\u00e9sitez pas \u00e0 soumettre sa candidature en \u00e9crivant \u00e0 <a href=\"mailto:info@barreaudemontreal.qc.ca\" target=\"_blank\" rel=\"noopener\">info@barreaudemontreal.qc.ca<\/a>.<\/p>\n<\/div>\n\n\n\n<div class=\"wp-block-column is-layout-flow wp-block-column-is-layout-flow\" style=\"flex-basis:33.33%\">\n<div class=\"whiteBox textBoxNew textBoxNew\" id=\"textBoxNew-block_7131f9a783342f041f3201760ecb58e8\">\n\n<h5>SECTION RELI\u00c9E<\/h5>\n<p><a title=\"Remise de la M\u00e9daille et du Prix Pierre-Fournier\" href=\"https:\/\/www.barreaudemontreal.qc.ca\/en\/communications-accueil\/\">Communications<\/a><\/p>\n<\/div><\/div>\n<\/div>\n\n\n\n<p><strong>D\u00e9couvrez toutes les figures de ma\u00eetre&nbsp;:<\/strong><\/p>\n\n\n\n<ul class=\"wp-block-list\">\n<li><strong><a href=\"https:\/\/www.barreaudemontreal.qc.ca\/communications\/me-luc-deshaies-ad-e-faire-rayonner-son-barreau\/\" target=\"_blank\" rel=\"noreferrer noopener\">Me Luc Deshaies, Ad. E.<\/a><\/strong><br>16 avril 2026<br><\/li>\n\n\n\n<li><a href=\"https:\/\/www.barreaudemontreal.qc.ca\/communications\/me-marie-livia-beauge-pratiquer-le-droit-pres-des-gens\/\" target=\"_blank\" rel=\"noreferrer noopener\"><strong>Me Marie\u2011Livia Beaug\u00e9<\/strong><\/a><br>7 avril 2026<br><\/li>\n\n\n\n<li><strong><a href=\"https:\/\/www.barreaudemontreal.qc.ca\/communications\/me-clementine-sallee-la-force-de-la-curiosite\/\" target=\"_blank\" rel=\"noreferrer noopener\">Me Cl\u00e9mentine Sall\u00e9e<\/a><\/strong><br>19 f\u00e9vrier 2026<br><\/li>\n\n\n\n<li><strong><a href=\"https:\/\/www.barreaudemontreal.qc.ca\/?post_type=communications&amp;p=45080\" target=\"_blank\" rel=\"noreferrer noopener\">Me Dominic Jaar, Ad. E.<\/a><\/strong><br>23 octobre 2025<br><\/li>\n\n\n\n<li><strong><a href=\"https:\/\/www.barreaudemontreal.qc.ca\/communications\/figure-de-maitre-lhonorable\/\" target=\"_blank\" rel=\"noreferrer noopener\">L\u2019honorable Jean-Louis Baudouin, O.C., G.O.Q.<\/a><\/strong><br>14 ao\u00fbt 2025<br><\/li>\n\n\n\n<li><strong><a href=\"https:\/\/www.barreaudemontreal.qc.ca\/communications\/me-sophie-papillon-defendre-ceux-qui-nont-pas-de-voix\/\" target=\"_blank\" rel=\"noreferrer noopener\">Me Sophie Papillon<\/a><\/strong><br>10 juillet 2025<br><\/li>\n\n\n\n<li><strong><a href=\"https:\/\/www.barreaudemontreal.qc.ca\/?post_type=communications&amp;p=41362\" target=\"_blank\" rel=\"noreferrer noopener\">Me Charles Benmouyal<\/a><\/strong><br>17 avril 2025<br><\/li>\n\n\n\n<li><strong><a href=\"https:\/\/www.barreaudemontreal.qc.ca\/communications\/me-martin-hovington-la-protection-du-public-avant-tout\/\" target=\"_blank\" rel=\"noreferrer noopener\">Me Martin Hovington<\/a><\/strong><br>13 f\u00e9vrier 2025<br><\/li>\n\n\n\n<li><strong><a href=\"https:\/\/www.barreaudemontreal.qc.ca\/communications\/me-aminata-ba-changer-des-vies\" target=\"_blank\" rel=\"noreferrer noopener\">Me Aminata Ba<\/a><\/strong><br>12 d\u00e9cembre 2024<br><\/li>\n\n\n\n<li><strong><a href=\"https:\/\/www.barreaudemontreal.qc.ca\/communications\/figure-de-maitre-louis-philippe-roy\/\" target=\"_blank\" rel=\"noreferrer noopener\">Me Louis-Philippe Roy<\/a><\/strong><br>17 octobre 2024<br><\/li>\n\n\n\n<li><strong><a href=\"https:\/\/www.barreaudemontreal.qc.ca\/communications\/figure-de-maitre-me-louis-bouthillier\" target=\"_blank\" rel=\"noreferrer noopener\">Me Louis Bouthillier<\/a><\/strong><br>19 ao\u00fbt 2024<br><\/li>\n\n\n\n<li><strong><a href=\"https:\/\/www.barreaudemontreal.qc.ca\/communications\/me-esther-sterling\" target=\"_blank\" rel=\"noreferrer noopener\">Me Esther Sterling<\/a><\/strong><br>13 juin 2024<br><\/li>\n\n\n\n<li><strong><a href=\"https:\/\/www.barreaudemontreal.qc.ca\/communications\/me-nathalie-guertin-recoit-le-prix-dexcellence-du-batonnier\" target=\"_blank\" rel=\"noreferrer noopener\">Me Nathalie Guertin<\/a><\/strong><br>16 mai 2024<br><\/li>\n\n\n\n<li><strong><a href=\"https:\/\/www.barreaudemontreal.qc.ca\/communications\/figure-de-maitre-me-pierre-luc-beauchesne\" target=\"_blank\" rel=\"noreferrer noopener\">Me Pierre-Luc Beauchesne<\/a><\/strong><br>18 avril 2024<br><\/li>\n\n\n\n<li><strong><a href=\"https:\/\/www.barreaudemontreal.qc.ca\/communications\/figure-de-maitre-me-yolande-james\/\" target=\"_blank\" rel=\"noreferrer noopener\">Me Yolande James<\/a><\/strong><br>15 f\u00e9vrier 2024<br><\/li>\n\n\n\n<li><strong><a href=\"https:\/\/www.barreaudemontreal.qc.ca\/communications\/figure-de-maitres-mes-anne-marie-boucher-et-mitch-garber\/\" class=\"ek-link\">Mes&nbsp;Anne-Marie Boucher et Mitch Garber<\/a><\/strong><br>20 novembre 2023<br><\/li>\n\n\n\n<li><strong><a href=\"https:\/\/www.barreaudemontreal.qc.ca\/communications\/figure-de-maitre-me-manuel-schacter\/\" class=\"ek-link\">Me Manuel Shacter<\/a><\/strong><br>23 ao\u00fbt 2023<br><\/li>\n\n\n\n<li><a href=\"https:\/\/www.barreaudemontreal.qc.ca\/communications\/figure-de-maitre-me-joey-hanna\/\" class=\"ek-link\"><strong>Me&nbsp;Joey Hanna<\/strong><\/a><br>4 mai 2023<br><\/li>\n\n\n\n<li><strong><a href=\"https:\/\/www.barreaudemontreal.qc.ca\/communications\/figure-de-maitre-me-marie-claude-jarry\/\" class=\"ek-link\">Me Marie-Claude Jarry<\/a><\/strong><br><em>23 f\u00e9vrier 2023<\/em><br><\/li>\n\n\n\n<li><strong><a href=\"https:\/\/www.barreaudemontreal.qc.ca\/communications\/me-marie-christine-kirouack-ad-e-fait-figure-de-maitre\/\" class=\"ek-link\">Me Marie Christine Kirouack, Ad. E.<\/a><\/strong><br>27 octobre 2022<br><\/li>\n\n\n\n<li><strong><a href=\"https:\/\/www.barreaudemontreal.qc.ca\/communications\/le-tres-honorable-richard-wagner-fait-figure-de-maitre\/\" class=\"ek-link\">Le tr\u00e8s honorable Richard Wagner<\/a><\/strong><br>16 ao\u00fbt 2022<br><\/li>\n\n\n\n<li><strong><a href=\"https:\/\/www.barreaudemontreal.qc.ca\/communications\/figure-de-maitre-me-fernando-belton\/\" class=\"ek-link\">Me Fernando Belton<\/a><\/strong><br>28 juin 2022<br><\/li>\n\n\n\n<li><strong><a href=\"https:\/\/www.barreaudemontreal.qc.ca\/communications\/figure-de-maitre-me-martin-chalifour\/\" class=\"ek-link\">Me Martin Chalifour<\/a><\/strong><br>19 avril 2022<br><\/li>\n\n\n\n<li><strong><a href=\"https:\/\/www.barreaudemontreal.qc.ca\/communications\/figure-de-maitre-me-suzanne-taffot\/\" class=\"ek-link\">Me Suzanne Taffot<\/a><\/strong><br>22 f\u00e9vrier 2022<br><\/li>\n\n\n\n<li><a href=\"https:\/\/www.barreaudemontreal.qc.ca\/me-marie-eve-bordeleau\/\" class=\"ek-link\"><strong>Me Marie-\u00c8ve Bordeleau<\/strong><\/a><br>26 octobre 2021<br><\/li>\n\n\n\n<li><strong><a href=\"https:\/\/www.barreaudemontreal.qc.ca\/me-margherita-morsella\/\" class=\"ek-link\">Me Margherita Morsella<\/a><\/strong><br>22 juin 2021<br><\/li>\n\n\n\n<li><strong><a href=\"https:\/\/www.barreaudemontreal.qc.ca\/barreau\/prix-et-distinctions\/prix-pierre-fournier\/2020-2021-me-veronique-collard\/\" class=\"ek-link\">Me V\u00e9ronique Collard<\/a><\/strong><br>27 avril 2021<br><\/li>\n\n\n\n<li><strong><a href=\"https:\/\/www.barreaudemontreal.qc.ca\/me-philippe-viau-dupuis\/\" class=\"ek-link\">Me Philippe Viau-Dupuis<\/a><\/strong><br>26 janvier 2021<br><\/li>\n\n\n\n<li><strong><a href=\"https:\/\/www.barreaudemontreal.qc.ca\/me-philippe-viau-dupuis\/\" class=\"ek-link\">Me David-Emmanuel Roberge<\/a><\/strong><br>27 octobre 2020<br><\/li>\n\n\n\n<li><strong><a href=\"https:\/\/www.barreaudemontreal.qc.ca\/me-johanne-savard\/\" class=\"ek-link\">Me Johanne Savard<\/a><\/strong><br>18 ao\u00fbt 2020<br><\/li>\n\n\n\n<li><strong><a aria-label=\"Me M\u00e9lanie Dugr\u00e9 (opens in a new tab)\" class=\"ek-link\" href=\"https:\/\/www.barreaudemontreal.qc.ca\/me-melanie-dugre\/\" target=\"_blank\" rel=\"noreferrer noopener\">Me M\u00e9lanie Dugr\u00e9<\/a><\/strong><br>9 juin 2020<br><\/li>\n\n\n\n<li><strong><a href=\"https:\/\/www.barreaudemontreal.qc.ca\/communications\/figure-de-maitre-me-audrey-boctor\/\">Me Audrey Boctor<\/a><\/strong><br>12 f\u00e9vrier 2019<br><\/li>\n\n\n\n<li><strong><a href=\"https:\/\/www.barreaudemontreal.qc.ca\/communications\/figure-de-maitre-me-horia-bundaru\" target=\"_blank\" rel=\"noreferrer noopener\">Me Horia Bundaru<\/a><\/strong><br>22 novembre 2016<\/li>\n<\/ul>\n\n\n\n<p><\/p>\n","protected":false},"excerpt":{"rendered":"<p>En faisant revivre cette chronique, cr\u00e9\u00e9e sous le b\u00e2tonnat de Me Lynne Kassie en 2000, le Barreau de Montr\u00e9al souhaite mettre en lumi\u00e8re des avocats inspirants, auteurs de r\u00e9alisations exceptionnelles [&hellip;]<\/p>\n","protected":false},"author":3,"featured_media":0,"parent":24512,"menu_order":0,"comment_status":"closed","ping_status":"closed","template":"","meta":{"_acf_changed":false,"_editorskit_title_hidden":false,"_editorskit_reading_time":0,"_editorskit_is_block_options_detached":false,"_editorskit_block_options_position":"{}","inline_featured_image":false,"ngg_post_thumbnail":0,"footnotes":""},"class_list":["post-35901","page","type-page","status-publish","hentry"],"acf":[],"yoast_head":"<!-- This site is optimized with the Yoast SEO plugin v27.3 - https:\/\/yoast.com\/product\/yoast-seo-wordpress\/ -->\n<title>Figures de Ma\u00eetre - Barreau de Montr&eacute;al<\/title>\n<meta name=\"robots\" content=\"index, follow, max-snippet:-1, max-image-preview:large, max-video-preview:-1\" \/>\n<link rel=\"canonical\" href=\"https:\/\/www.barreaudemontreal.qc.ca\/en\/communications-accueil\/figures-de-maitre\/\" \/>\n<meta property=\"og:locale\" content=\"en_US\" \/>\n<meta property=\"og:type\" content=\"article\" \/>\n<meta property=\"og:title\" content=\"Figures de Ma\u00eetre - Barreau de Montr&eacute;al\" \/>\n<meta property=\"og:description\" content=\"En faisant revivre cette chronique, cr\u00e9\u00e9e sous le b\u00e2tonnat de Me Lynne Kassie en 2000, le Barreau de Montr\u00e9al souhaite mettre en lumi\u00e8re des avocats inspirants, auteurs de r\u00e9alisations exceptionnelles [&hellip;]\" \/>\n<meta property=\"og:url\" content=\"https:\/\/www.barreaudemontreal.qc.ca\/en\/communications-accueil\/figures-de-maitre\/\" \/>\n<meta property=\"og:site_name\" content=\"Barreau de Montr&eacute;al\" \/>\n<meta property=\"article:modified_time\" content=\"2026-04-16T02:27:34+00:00\" \/>\n<meta name=\"twitter:card\" content=\"summary_large_image\" \/>\n<meta name=\"twitter:label1\" content=\"Est. reading time\" \/>\n\t<meta name=\"twitter:data1\" content=\"2 minutes\" \/>\n<script type=\"application\/ld+json\" class=\"yoast-schema-graph\">{\"@context\":\"https:\\\/\\\/schema.org\",\"@graph\":[{\"@type\":\"WebPage\",\"@id\":\"https:\\\/\\\/www.barreaudemontreal.qc.ca\\\/en\\\/communications-accueil\\\/figures-de-maitre\\\/\",\"url\":\"https:\\\/\\\/www.barreaudemontreal.qc.ca\\\/en\\\/communications-accueil\\\/figures-de-maitre\\\/\",\"name\":\"Figures de Ma\u00eetre - Barreau de Montr&eacute;al\",\"isPartOf\":{\"@id\":\"https:\\\/\\\/www.barreaudemontreal.qc.ca\\\/en\\\/#website\"},\"datePublished\":\"2024-02-13T22:04:53+00:00\",\"dateModified\":\"2026-04-16T02:27:34+00:00\",\"breadcrumb\":{\"@id\":\"https:\\\/\\\/www.barreaudemontreal.qc.ca\\\/en\\\/communications-accueil\\\/figures-de-maitre\\\/#breadcrumb\"},\"inLanguage\":\"en-US\",\"potentialAction\":[{\"@type\":\"ReadAction\",\"target\":[\"https:\\\/\\\/www.barreaudemontreal.qc.ca\\\/en\\\/communications-accueil\\\/figures-de-maitre\\\/\"]}]},{\"@type\":\"BreadcrumbList\",\"@id\":\"https:\\\/\\\/www.barreaudemontreal.qc.ca\\\/en\\\/communications-accueil\\\/figures-de-maitre\\\/#breadcrumb\",\"itemListElement\":[{\"@type\":\"ListItem\",\"position\":1,\"name\":\"Home\",\"item\":\"https:\\\/\\\/www.barreaudemontreal.qc.ca\\\/en\\\/\"},{\"@type\":\"ListItem\",\"position\":2,\"name\":\"Communications\",\"item\":\"https:\\\/\\\/www.barreaudemontreal.qc.ca\\\/en\\\/communications-accueil\\\/\"},{\"@type\":\"ListItem\",\"position\":3,\"name\":\"Figures de Ma\u00eetre\"}]},{\"@type\":\"WebSite\",\"@id\":\"https:\\\/\\\/www.barreaudemontreal.qc.ca\\\/en\\\/#website\",\"url\":\"https:\\\/\\\/www.barreaudemontreal.qc.ca\\\/en\\\/\",\"name\":\"Barreau de Montr&eacute;al\",\"description\":\"La plus grande section du Barreau du Qu&eacute;bec\",\"potentialAction\":[{\"@type\":\"SearchAction\",\"target\":{\"@type\":\"EntryPoint\",\"urlTemplate\":\"https:\\\/\\\/www.barreaudemontreal.qc.ca\\\/en\\\/?s={search_term_string}\"},\"query-input\":{\"@type\":\"PropertyValueSpecification\",\"valueRequired\":true,\"valueName\":\"search_term_string\"}}],\"inLanguage\":\"en-US\"}]}<\/script>\n<!-- \/ Yoast SEO plugin. -->","yoast_head_json":{"title":"Figures de Ma\u00eetre - Barreau de Montr&eacute;al","robots":{"index":"index","follow":"follow","max-snippet":"max-snippet:-1","max-image-preview":"max-image-preview:large","max-video-preview":"max-video-preview:-1"},"canonical":"https:\/\/www.barreaudemontreal.qc.ca\/en\/communications-accueil\/figures-de-maitre\/","og_locale":"en_US","og_type":"article","og_title":"Figures de Ma\u00eetre - Barreau de Montr&eacute;al","og_description":"En faisant revivre cette chronique, cr\u00e9\u00e9e sous le b\u00e2tonnat de Me Lynne Kassie en 2000, le Barreau de Montr\u00e9al souhaite mettre en lumi\u00e8re des avocats inspirants, auteurs de r\u00e9alisations exceptionnelles [&hellip;]","og_url":"https:\/\/www.barreaudemontreal.qc.ca\/en\/communications-accueil\/figures-de-maitre\/","og_site_name":"Barreau de Montr&eacute;al","article_modified_time":"2026-04-16T02:27:34+00:00","twitter_card":"summary_large_image","twitter_misc":{"Est. reading time":"2 minutes"},"schema":{"@context":"https:\/\/schema.org","@graph":[{"@type":"WebPage","@id":"https:\/\/www.barreaudemontreal.qc.ca\/en\/communications-accueil\/figures-de-maitre\/","url":"https:\/\/www.barreaudemontreal.qc.ca\/en\/communications-accueil\/figures-de-maitre\/","name":"Figures de Ma\u00eetre - Barreau de Montr&eacute;al","isPartOf":{"@id":"https:\/\/www.barreaudemontreal.qc.ca\/en\/#website"},"datePublished":"2024-02-13T22:04:53+00:00","dateModified":"2026-04-16T02:27:34+00:00","breadcrumb":{"@id":"https:\/\/www.barreaudemontreal.qc.ca\/en\/communications-accueil\/figures-de-maitre\/#breadcrumb"},"inLanguage":"en-US","potentialAction":[{"@type":"ReadAction","target":["https:\/\/www.barreaudemontreal.qc.ca\/en\/communications-accueil\/figures-de-maitre\/"]}]},{"@type":"BreadcrumbList","@id":"https:\/\/www.barreaudemontreal.qc.ca\/en\/communications-accueil\/figures-de-maitre\/#breadcrumb","itemListElement":[{"@type":"ListItem","position":1,"name":"Home","item":"https:\/\/www.barreaudemontreal.qc.ca\/en\/"},{"@type":"ListItem","position":2,"name":"Communications","item":"https:\/\/www.barreaudemontreal.qc.ca\/en\/communications-accueil\/"},{"@type":"ListItem","position":3,"name":"Figures de Ma\u00eetre"}]},{"@type":"WebSite","@id":"https:\/\/www.barreaudemontreal.qc.ca\/en\/#website","url":"https:\/\/www.barreaudemontreal.qc.ca\/en\/","name":"Barreau de Montr&eacute;al","description":"La plus grande section du Barreau du Qu&eacute;bec","potentialAction":[{"@type":"SearchAction","target":{"@type":"EntryPoint","urlTemplate":"https:\/\/www.barreaudemontreal.qc.ca\/en\/?s={search_term_string}"},"query-input":{"@type":"PropertyValueSpecification","valueRequired":true,"valueName":"search_term_string"}}],"inLanguage":"en-US"}]}},"_links":{"self":[{"href":"https:\/\/www.barreaudemontreal.qc.ca\/en\/wp-json\/wp\/v2\/pages\/35901","targetHints":{"allow":["GET"]}}],"collection":[{"href":"https:\/\/www.barreaudemontreal.qc.ca\/en\/wp-json\/wp\/v2\/pages"}],"about":[{"href":"https:\/\/www.barreaudemontreal.qc.ca\/en\/wp-json\/wp\/v2\/types\/page"}],"author":[{"embeddable":true,"href":"https:\/\/www.barreaudemontreal.qc.ca\/en\/wp-json\/wp\/v2\/users\/3"}],"replies":[{"embeddable":true,"href":"https:\/\/www.barreaudemontreal.qc.ca\/en\/wp-json\/wp\/v2\/comments?post=35901"}],"version-history":[{"count":3,"href":"https:\/\/www.barreaudemontreal.qc.ca\/en\/wp-json\/wp\/v2\/pages\/35901\/revisions"}],"predecessor-version":[{"id":49602,"href":"https:\/\/www.barreaudemontreal.qc.ca\/en\/wp-json\/wp\/v2\/pages\/35901\/revisions\/49602"}],"up":[{"embeddable":true,"href":"https:\/\/www.barreaudemontreal.qc.ca\/en\/wp-json\/wp\/v2\/pages\/24512"}],"wp:attachment":[{"href":"https:\/\/www.barreaudemontreal.qc.ca\/en\/wp-json\/wp\/v2\/media?parent=35901"}],"curies":[{"name":"wp","href":"https:\/\/api.w.org\/{rel}","templated":true}]}}