{"id":35739,"date":"2024-02-10T19:51:45","date_gmt":"2024-02-11T00:51:45","guid":{"rendered":"https:\/\/www.barreaudemontreal.qc.ca\/public\/illegal-practice\/awareness-of-the-illegal-practice-of-law\/prevention-materials\/"},"modified":"2024-02-10T19:58:20","modified_gmt":"2024-02-11T00:58:20","slug":"prevention-materials","status":"publish","type":"page","link":"https:\/\/www.barreaudemontreal.qc.ca\/en\/public\/illegal-practice\/awareness-of-the-illegal-practice-of-law\/prevention-materials\/","title":{"rendered":"Prevention materials"},"content":{"rendered":"\n<div style=\"height:20px\" aria-hidden=\"true\" class=\"wp-block-spacer\"><\/div>\n\n<p>Participate in our awareness campaign and help us prevent problems. Download our free awareness tools and share them on social media or post them in your office.<\/p>\n\n<p><strong>We\u2019ll even print them for you!<\/strong><\/p>\n\n<div style=\"height:40px\" aria-hidden=\"true\" class=\"wp-block-spacer\"><\/div>\n\n<h2 class=\"wp-block-heading link-style\">Downloads<\/h2>\n\n<div class=\"wp-block-columns is-layout-flex wp-container-core-columns-is-layout-9d6595d7 wp-block-columns-is-layout-flex\">\n<div class=\"wp-block-column is-layout-flow wp-block-column-is-layout-flow\">\n<figure class=\"wp-block-image size-large\"><img decoding=\"async\" width=\"1024\" height=\"683\" src=\"https:\/\/www.barreaudemontreal.qc.ca\/wp-content\/uploads\/\/fauxavocat.ca-rs-front7-1024x683.jpg\" alt=\"\" class=\"wp-image-35626\"\/><\/figure>\n\n\n\n<div style=\"height:10px\" aria-hidden=\"true\" class=\"wp-block-spacer\"><\/div>\n\n\n\n<p class=\"link-style\"><a href=\"https:\/\/www.barreaudemontreal.qc.ca\/wp-content\/uploads\/fauxavocat.ca-signetsrv_4x6_fr.pdf\" target=\"_blank\" aria-label=\"T&#xE9;l&#xE9;charger les six (6) signets en fran&#xE7;ais (opens in a new tab)\" rel=\"noreferrer noopener\" class=\"ek-link\">T\u00e9l\u00e9charger les six (6) signets en fran\u00e7ais<\/a><\/p>\n\n\n\n<figure class=\"wp-block-image size-large\"><img decoding=\"async\" width=\"663\" height=\"1024\" src=\"https:\/\/www.barreaudemontreal.qc.ca\/wp-content\/uploads\/fauxavocat.ca-affiche11x17_20240205-663x1024.jpg\" alt=\"\" class=\"wp-image-35588\"\/><\/figure>\n\n\n\n<div style=\"height:10px\" aria-hidden=\"true\" class=\"wp-block-spacer\"><\/div>\n\n\n\n<p class=\"link-style\"><a href=\"https:\/\/www.barreaudemontreal.qc.ca\/wp-content\/uploads\/fauxavocat.ca-affiche_11x17_fr.pdf\" target=\"_blank\" aria-label=\"T&#xE9;l&#xE9;charger l'affiche en fran&#xE7;ais (opens in a new tab)\" rel=\"noreferrer noopener\" class=\"ek-link\">T\u00e9l\u00e9charger l&#8217;affiche en fran\u00e7ais<\/a><\/p>\n<\/div>\n\n\n\n<div class=\"wp-block-column is-layout-flow wp-block-column-is-layout-flow\">\n<figure class=\"wp-block-image size-large\"><img decoding=\"async\" width=\"1024\" height=\"683\" src=\"https:\/\/www.barreaudemontreal.qc.ca\/wp-content\/uploads\/\/fauxavocat.ca-documents-chat-en-1024x683.jpg\" alt=\"\" class=\"wp-image-35715\"\/><\/figure>\n\n\n\n<div style=\"height:10px\" aria-hidden=\"true\" class=\"wp-block-spacer\"><\/div>\n\n\n\n<p class=\"link-style\"><a href=\"https:\/\/www.barreaudemontreal.qc.ca\/wp-content\/uploads\/fauxavocat.ca-signetsrv_4x6_en.pdf\" target=\"_blank\" aria-label=\"Download the six (6) flyers in english (opens in a new tab)\" rel=\"noreferrer noopener\" class=\"ek-link\">Download the six (6) flyers in english<\/a><\/p>\n\n\n\n<figure class=\"wp-block-image size-large\"><img decoding=\"async\" width=\"663\" height=\"1024\" src=\"https:\/\/www.barreaudemontreal.qc.ca\/wp-content\/uploads\/fauxavocat.ca-affiche_11x17_en-1-663x1024.jpg\" alt=\"\" class=\"wp-image-35732\"\/><\/figure>\n\n\n\n<div style=\"height:10px\" aria-hidden=\"true\" class=\"wp-block-spacer\"><\/div>\n\n\n\n<p class=\"link-style\"><a href=\"https:\/\/www.barreaudemontreal.qc.ca\/wp-content\/uploads\/fauxavocat.ca-affiche_11x17_en-1.pdf\" target=\"_blank\" aria-label=\"Download the poster in english (opens in a new tab)\" rel=\"noreferrer noopener\" class=\"ek-link\">Download the poster in english<\/a><\/p>\n<\/div>\n<\/div>\n\n<div style=\"height:10px\" aria-hidden=\"true\" class=\"wp-block-spacer\"><\/div>\n\n<div class=\"wp-block-columns is-layout-flex wp-container-core-columns-is-layout-9d6595d7 wp-block-columns-is-layout-flex\">\n<div class=\"wp-block-column is-layout-flow wp-block-column-is-layout-flow\">\n<figure class=\"wp-block-image size-large\"><img decoding=\"async\" width=\"1024\" height=\"394\" src=\"https:\/\/www.barreaudemontreal.qc.ca\/wp-content\/uploads\/fauxavocats.ca-20240206_signature-courriel-1024x394.jpg\" alt=\"\" class=\"wp-image-35629\"\/><\/figure>\n\n\n\n<div style=\"height:10px\" aria-hidden=\"true\" class=\"wp-block-spacer\"><\/div>\n\n\n\n<p class=\"link-style\"><a aria-label=\"T&#xE9;l&#xE9;chargez le bandeau signature (opens in a new tab)\" href=\"https:\/\/www.barreaudemontreal.qc.ca\/wp-content\/uploads\/fauxavocats.ca_signaturecourriel_fr-scaled.jpg\" target=\"_blank\" rel=\"noreferrer noopener\" class=\"ek-link\">T\u00e9l\u00e9chargez une signature pour vos courriels<\/a><\/p>\n<\/div>\n\n\n\n<div class=\"wp-block-column is-layout-flow wp-block-column-is-layout-flow\">\n<figure class=\"wp-block-image size-large\"><img decoding=\"async\" width=\"1024\" height=\"394\" src=\"https:\/\/www.barreaudemontreal.qc.ca\/wp-content\/uploads\/fauxavocats.ca_signaturecourriel_en-1024x394.jpg\" alt=\"\" class=\"wp-image-35735\"\/><\/figure>\n\n\n\n<div style=\"height:10px\" aria-hidden=\"true\" class=\"wp-block-spacer\"><\/div>\n\n\n\n<p class=\"link-style\"><a aria-label=\"Download the official signature (opens in a new tab)\" href=\"https:\/\/www.barreaudemontreal.qc.ca\/wp-content\/uploads\/fauxavocats.ca_signaturecourriel_en-scaled.jpg\" target=\"_blank\" rel=\"noreferrer noopener\" class=\"ek-link\">Download a signature for your emails<\/a><\/p>\n<\/div>\n<\/div>\n\n<div style=\"height:10px\" aria-hidden=\"true\" class=\"wp-block-spacer\"><\/div>\n\n<div class=\"wp-block-columns is-layout-flex wp-container-core-columns-is-layout-9d6595d7 wp-block-columns-is-layout-flex\">\n<div class=\"wp-block-column is-layout-flow wp-block-column-is-layout-flow\">\n<figure class=\"wp-block-image size-large\"><img decoding=\"async\" width=\"1024\" height=\"683\" src=\"https:\/\/www.barreaudemontreal.qc.ca\/wp-content\/uploads\/\/fauxavocat.ca-rs-front5-1024x683.jpg\" alt=\"\" class=\"wp-image-35622\"\/><\/figure>\n\n\n\n<div style=\"height:10px\" aria-hidden=\"true\" class=\"wp-block-spacer\"><\/div>\n\n\n\n<p><a href=\"https:\/\/www.fauxavocat.ca\/\" class=\"ek-link\">T\u00e9l\u00e9chargez les visuels \u00e0 diffuser sur les r\u00e9seaux sociaux<\/a><\/p>\n<\/div>\n\n\n\n<div class=\"wp-block-column is-layout-flow wp-block-column-is-layout-flow\">\n<figure class=\"wp-block-image size-large\"><img decoding=\"async\" width=\"1024\" height=\"683\" src=\"https:\/\/www.barreaudemontreal.qc.ca\/wp-content\/uploads\/\/fauxavocat.ca-documents-kangourou-en-1024x683.jpg\" alt=\"\" class=\"wp-image-35720\"\/><\/figure>\n\n\n\n<div style=\"height:10px\" aria-hidden=\"true\" class=\"wp-block-spacer\"><\/div>\n\n\n\n<p><a href=\"https:\/\/www.fauxavocat.ca\/\" class=\"ek-link\">Download the visuals to share on social media<\/a><\/p>\n<\/div>\n<\/div>\n\n<p><\/p>\n\n<div style=\"height:60px\" aria-hidden=\"true\" class=\"wp-block-spacer\"><\/div>\n\n<div class=\"whiteBox textBoxNew textBoxNew\" id=\"textBoxNew-block_825d2e9daca7a33c46cef3bf98cf6bdd\">\n\n<p><!-- wp:group {\"layout\":{\"type\":\"constrained\"}} --><\/p>\n<div class=\"wp-block-group\">\n<p><!-- wp:heading --><\/p>\n<h2 class=\"wp-block-heading\">Commande pour impression<\/h2>\n<p><!-- \/wp:heading --> <!-- wp:paragraph -->Les signets sont offerts en commande en lot de 6 et en plusieurs langues.<\/p>\n<p><!-- \/wp:paragraph --> <!-- wp:buttons --><\/p>\n<div class=\"wp-block-buttons\">\n<p><!-- wp:button {\"backgroundColor\":\"central-palette-2\",\"textColor\":\"central-palette-6\",\"style\":{\"elements\":{\"link\":{\"color\":{\"text\":\"var:preset|color|central-palette-6\"}}}}} --><\/p>\n<div class=\"wp-block-button\"><a class=\"wp-block-button__link has-central-palette-6-color has-central-palette-2-background-color has-text-color has-background has-link-color wp-element-button\" href=\"https:\/\/forms.office.com\/r\/ehE4ZBcctS\" target=\"_blank\" rel=\"noopener\">Formulaire pour commander les signets (6)<\/a><\/div>\n<p><!-- \/wp:button --><\/p>\n<\/div>\n<p><!-- \/wp:buttons --><\/p>\n<\/div>\n<p><!-- \/wp:group --><\/p>\n<\/div>","protected":false},"excerpt":{"rendered":"<p>Participate in our awareness campaign and help us prevent problems. Download our free awareness tools and share them on social media or post them in your office. We\u2019ll even print [&hellip;]<\/p>\n","protected":false},"author":3,"featured_media":0,"parent":35696,"menu_order":0,"comment_status":"closed","ping_status":"closed","template":"","meta":{"_acf_changed":false,"_editorskit_title_hidden":false,"_editorskit_reading_time":0,"_editorskit_is_block_options_detached":false,"_editorskit_block_options_position":"{}","inline_featured_image":false,"ngg_post_thumbnail":0,"footnotes":""},"class_list":["post-35739","page","type-page","status-publish","hentry"],"acf":[],"yoast_head":"<!-- This site is optimized with the Yoast SEO plugin v27.3 - https:\/\/yoast.com\/product\/yoast-seo-wordpress\/ -->\n<title>Prevention materials - Barreau de Montr&eacute;al<\/title>\n<meta name=\"robots\" content=\"index, follow, max-snippet:-1, max-image-preview:large, max-video-preview:-1\" \/>\n<link rel=\"canonical\" href=\"https:\/\/www.barreaudemontreal.qc.ca\/en\/public\/illegal-practice\/awareness-of-the-illegal-practice-of-law\/prevention-materials\/\" \/>\n<meta property=\"og:locale\" content=\"en_US\" \/>\n<meta property=\"og:type\" content=\"article\" \/>\n<meta property=\"og:title\" content=\"Prevention materials - Barreau de Montr&eacute;al\" \/>\n<meta property=\"og:description\" content=\"Participate in our awareness campaign and help us prevent problems. Download our free awareness tools and share them on social media or post them in your office. We\u2019ll even print [&hellip;]\" \/>\n<meta property=\"og:url\" content=\"https:\/\/www.barreaudemontreal.qc.ca\/en\/public\/illegal-practice\/awareness-of-the-illegal-practice-of-law\/prevention-materials\/\" \/>\n<meta property=\"og:site_name\" content=\"Barreau de Montr&eacute;al\" \/>\n<meta property=\"article:modified_time\" content=\"2024-02-11T00:58:20+00:00\" \/>\n<meta property=\"og:image\" content=\"https:\/\/www.barreaudemontreal.qc.ca\/wp-content\/uploads\/fauxavocat.ca-rs-front7-1024x683.jpg\" \/>\n<meta name=\"twitter:card\" content=\"summary_large_image\" \/>\n<script type=\"application\/ld+json\" class=\"yoast-schema-graph\">{\"@context\":\"https:\\\/\\\/schema.org\",\"@graph\":[{\"@type\":\"WebPage\",\"@id\":\"https:\\\/\\\/www.barreaudemontreal.qc.ca\\\/en\\\/public\\\/illegal-practice\\\/awareness-of-the-illegal-practice-of-law\\\/prevention-materials\\\/\",\"url\":\"https:\\\/\\\/www.barreaudemontreal.qc.ca\\\/en\\\/public\\\/illegal-practice\\\/awareness-of-the-illegal-practice-of-law\\\/prevention-materials\\\/\",\"name\":\"Prevention materials - Barreau de Montr&eacute;al\",\"isPartOf\":{\"@id\":\"https:\\\/\\\/www.barreaudemontreal.qc.ca\\\/en\\\/#website\"},\"primaryImageOfPage\":{\"@id\":\"https:\\\/\\\/www.barreaudemontreal.qc.ca\\\/en\\\/public\\\/illegal-practice\\\/awareness-of-the-illegal-practice-of-law\\\/prevention-materials\\\/#primaryimage\"},\"image\":{\"@id\":\"https:\\\/\\\/www.barreaudemontreal.qc.ca\\\/en\\\/public\\\/illegal-practice\\\/awareness-of-the-illegal-practice-of-law\\\/prevention-materials\\\/#primaryimage\"},\"thumbnailUrl\":\"https:\\\/\\\/www.barreaudemontreal.qc.ca\\\/wp-content\\\/uploads\\\/\\\/fauxavocat.ca-rs-front7-1024x683.jpg\",\"datePublished\":\"2024-02-11T00:51:45+00:00\",\"dateModified\":\"2024-02-11T00:58:20+00:00\",\"breadcrumb\":{\"@id\":\"https:\\\/\\\/www.barreaudemontreal.qc.ca\\\/en\\\/public\\\/illegal-practice\\\/awareness-of-the-illegal-practice-of-law\\\/prevention-materials\\\/#breadcrumb\"},\"inLanguage\":\"en-US\",\"potentialAction\":[{\"@type\":\"ReadAction\",\"target\":[\"https:\\\/\\\/www.barreaudemontreal.qc.ca\\\/en\\\/public\\\/illegal-practice\\\/awareness-of-the-illegal-practice-of-law\\\/prevention-materials\\\/\"]}]},{\"@type\":\"ImageObject\",\"inLanguage\":\"en-US\",\"@id\":\"https:\\\/\\\/www.barreaudemontreal.qc.ca\\\/en\\\/public\\\/illegal-practice\\\/awareness-of-the-illegal-practice-of-law\\\/prevention-materials\\\/#primaryimage\",\"url\":\"https:\\\/\\\/www.barreaudemontreal.qc.ca\\\/wp-content\\\/uploads\\\/\\\/fauxavocat.ca-rs-front7-1024x683.jpg\",\"contentUrl\":\"https:\\\/\\\/www.barreaudemontreal.qc.ca\\\/wp-content\\\/uploads\\\/\\\/fauxavocat.ca-rs-front7-1024x683.jpg\"},{\"@type\":\"BreadcrumbList\",\"@id\":\"https:\\\/\\\/www.barreaudemontreal.qc.ca\\\/en\\\/public\\\/illegal-practice\\\/awareness-of-the-illegal-practice-of-law\\\/prevention-materials\\\/#breadcrumb\",\"itemListElement\":[{\"@type\":\"ListItem\",\"position\":1,\"name\":\"Home\",\"item\":\"https:\\\/\\\/www.barreaudemontreal.qc.ca\\\/en\\\/\"},{\"@type\":\"ListItem\",\"position\":2,\"name\":\"Public\",\"item\":\"https:\\\/\\\/www.barreaudemontreal.qc.ca\\\/en\\\/public\\\/\"},{\"@type\":\"ListItem\",\"position\":3,\"name\":\"Illegal practice of the profession of lawyer\",\"item\":\"https:\\\/\\\/www.barreaudemontreal.qc.ca\\\/en\\\/public\\\/illegal-practice\\\/\"},{\"@type\":\"ListItem\",\"position\":4,\"name\":\"Awareness of the illegal practice of law\",\"item\":\"https:\\\/\\\/www.barreaudemontreal.qc.ca\\\/en\\\/public\\\/illegal-practice\\\/awareness-of-the-illegal-practice-of-law\\\/\"},{\"@type\":\"ListItem\",\"position\":5,\"name\":\"Prevention materials\"}]},{\"@type\":\"WebSite\",\"@id\":\"https:\\\/\\\/www.barreaudemontreal.qc.ca\\\/en\\\/#website\",\"url\":\"https:\\\/\\\/www.barreaudemontreal.qc.ca\\\/en\\\/\",\"name\":\"Barreau de Montr&eacute;al\",\"description\":\"La plus grande section du Barreau du Qu&eacute;bec\",\"potentialAction\":[{\"@type\":\"SearchAction\",\"target\":{\"@type\":\"EntryPoint\",\"urlTemplate\":\"https:\\\/\\\/www.barreaudemontreal.qc.ca\\\/en\\\/?s={search_term_string}\"},\"query-input\":{\"@type\":\"PropertyValueSpecification\",\"valueRequired\":true,\"valueName\":\"search_term_string\"}}],\"inLanguage\":\"en-US\"}]}<\/script>\n<!-- \/ Yoast SEO plugin. -->","yoast_head_json":{"title":"Prevention materials - Barreau de Montr&eacute;al","robots":{"index":"index","follow":"follow","max-snippet":"max-snippet:-1","max-image-preview":"max-image-preview:large","max-video-preview":"max-video-preview:-1"},"canonical":"https:\/\/www.barreaudemontreal.qc.ca\/en\/public\/illegal-practice\/awareness-of-the-illegal-practice-of-law\/prevention-materials\/","og_locale":"en_US","og_type":"article","og_title":"Prevention materials - Barreau de Montr&eacute;al","og_description":"Participate in our awareness campaign and help us prevent problems. Download our free awareness tools and share them on social media or post them in your office. We\u2019ll even print [&hellip;]","og_url":"https:\/\/www.barreaudemontreal.qc.ca\/en\/public\/illegal-practice\/awareness-of-the-illegal-practice-of-law\/prevention-materials\/","og_site_name":"Barreau de Montr&eacute;al","article_modified_time":"2024-02-11T00:58:20+00:00","og_image":[{"url":"https:\/\/www.barreaudemontreal.qc.ca\/wp-content\/uploads\/fauxavocat.ca-rs-front7-1024x683.jpg","type":"","width":"","height":""}],"twitter_card":"summary_large_image","schema":{"@context":"https:\/\/schema.org","@graph":[{"@type":"WebPage","@id":"https:\/\/www.barreaudemontreal.qc.ca\/en\/public\/illegal-practice\/awareness-of-the-illegal-practice-of-law\/prevention-materials\/","url":"https:\/\/www.barreaudemontreal.qc.ca\/en\/public\/illegal-practice\/awareness-of-the-illegal-practice-of-law\/prevention-materials\/","name":"Prevention materials - Barreau de Montr&eacute;al","isPartOf":{"@id":"https:\/\/www.barreaudemontreal.qc.ca\/en\/#website"},"primaryImageOfPage":{"@id":"https:\/\/www.barreaudemontreal.qc.ca\/en\/public\/illegal-practice\/awareness-of-the-illegal-practice-of-law\/prevention-materials\/#primaryimage"},"image":{"@id":"https:\/\/www.barreaudemontreal.qc.ca\/en\/public\/illegal-practice\/awareness-of-the-illegal-practice-of-law\/prevention-materials\/#primaryimage"},"thumbnailUrl":"https:\/\/www.barreaudemontreal.qc.ca\/wp-content\/uploads\/\/fauxavocat.ca-rs-front7-1024x683.jpg","datePublished":"2024-02-11T00:51:45+00:00","dateModified":"2024-02-11T00:58:20+00:00","breadcrumb":{"@id":"https:\/\/www.barreaudemontreal.qc.ca\/en\/public\/illegal-practice\/awareness-of-the-illegal-practice-of-law\/prevention-materials\/#breadcrumb"},"inLanguage":"en-US","potentialAction":[{"@type":"ReadAction","target":["https:\/\/www.barreaudemontreal.qc.ca\/en\/public\/illegal-practice\/awareness-of-the-illegal-practice-of-law\/prevention-materials\/"]}]},{"@type":"ImageObject","inLanguage":"en-US","@id":"https:\/\/www.barreaudemontreal.qc.ca\/en\/public\/illegal-practice\/awareness-of-the-illegal-practice-of-law\/prevention-materials\/#primaryimage","url":"https:\/\/www.barreaudemontreal.qc.ca\/wp-content\/uploads\/\/fauxavocat.ca-rs-front7-1024x683.jpg","contentUrl":"https:\/\/www.barreaudemontreal.qc.ca\/wp-content\/uploads\/\/fauxavocat.ca-rs-front7-1024x683.jpg"},{"@type":"BreadcrumbList","@id":"https:\/\/www.barreaudemontreal.qc.ca\/en\/public\/illegal-practice\/awareness-of-the-illegal-practice-of-law\/prevention-materials\/#breadcrumb","itemListElement":[{"@type":"ListItem","position":1,"name":"Home","item":"https:\/\/www.barreaudemontreal.qc.ca\/en\/"},{"@type":"ListItem","position":2,"name":"Public","item":"https:\/\/www.barreaudemontreal.qc.ca\/en\/public\/"},{"@type":"ListItem","position":3,"name":"Illegal practice of the profession of lawyer","item":"https:\/\/www.barreaudemontreal.qc.ca\/en\/public\/illegal-practice\/"},{"@type":"ListItem","position":4,"name":"Awareness of the illegal practice of law","item":"https:\/\/www.barreaudemontreal.qc.ca\/en\/public\/illegal-practice\/awareness-of-the-illegal-practice-of-law\/"},{"@type":"ListItem","position":5,"name":"Prevention materials"}]},{"@type":"WebSite","@id":"https:\/\/www.barreaudemontreal.qc.ca\/en\/#website","url":"https:\/\/www.barreaudemontreal.qc.ca\/en\/","name":"Barreau de Montr&eacute;al","description":"La plus grande section du Barreau du Qu&eacute;bec","potentialAction":[{"@type":"SearchAction","target":{"@type":"EntryPoint","urlTemplate":"https:\/\/www.barreaudemontreal.qc.ca\/en\/?s={search_term_string}"},"query-input":{"@type":"PropertyValueSpecification","valueRequired":true,"valueName":"search_term_string"}}],"inLanguage":"en-US"}]}},"_links":{"self":[{"href":"https:\/\/www.barreaudemontreal.qc.ca\/en\/wp-json\/wp\/v2\/pages\/35739","targetHints":{"allow":["GET"]}}],"collection":[{"href":"https:\/\/www.barreaudemontreal.qc.ca\/en\/wp-json\/wp\/v2\/pages"}],"about":[{"href":"https:\/\/www.barreaudemontreal.qc.ca\/en\/wp-json\/wp\/v2\/types\/page"}],"author":[{"embeddable":true,"href":"https:\/\/www.barreaudemontreal.qc.ca\/en\/wp-json\/wp\/v2\/users\/3"}],"replies":[{"embeddable":true,"href":"https:\/\/www.barreaudemontreal.qc.ca\/en\/wp-json\/wp\/v2\/comments?post=35739"}],"version-history":[{"count":0,"href":"https:\/\/www.barreaudemontreal.qc.ca\/en\/wp-json\/wp\/v2\/pages\/35739\/revisions"}],"up":[{"embeddable":true,"href":"https:\/\/www.barreaudemontreal.qc.ca\/en\/wp-json\/wp\/v2\/pages\/35696"}],"wp:attachment":[{"href":"https:\/\/www.barreaudemontreal.qc.ca\/en\/wp-json\/wp\/v2\/media?parent=35739"}],"curies":[{"name":"wp","href":"https:\/\/api.w.org\/{rel}","templated":true}]}}