{"id":34111,"date":"2023-09-24T11:39:27","date_gmt":"2023-09-24T15:39:27","guid":{"rendered":"https:\/\/www.barreaudemontreal.qc.ca\/declaration-de-confidentialite-et-conditions-dutilisation\/"},"modified":"2023-09-24T11:46:36","modified_gmt":"2023-09-24T15:46:36","slug":"declaration-de-confidentialite-et-conditions-dutilisation","status":"publish","type":"page","link":"https:\/\/www.barreaudemontreal.qc.ca\/en\/declaration-de-confidentialite-et-conditions-dutilisation\/","title":{"rendered":"Declaration of confidentiality and conditions of use"},"content":{"rendered":"\n<h2 class=\"wp-block-heading\"><strong>Terms of use<\/strong><\/h2>\n\n\n\n<p>These Terms of Use apply to the websites owned and operated by the Barreau de Montr\u00e9al (hereinafter the \u201cBarreau de Montr\u00e9al\u201d), namely <a href=\"http:\/\/www.barreaudemontreal.qc.ca\">www.barreaudemontreal.qc.ca<\/a> and <a href=\"http:\/\/www.salonvisezdroit.com\">www.salonvisezdroit.com<\/a> (hereinafter collectively the \u201c<strong>Sites<\/strong>\u201d).<\/p>\n\n\n\n<p>The following Terms of Use, together with any additional documents and\/or terms they expressly incorporate by reference (collectively, the \u201c<strong>Terms of Use<\/strong>\u201d), govern your access to and use of the Sites.<\/p>\n\n\n\n<p>Unless otherwise specified, the Sites are available to all users (hereinafter the \u201c<strong>User(s)<\/strong>\u201d). By using or browsing any of the Sites, you agree to abide by these Terms of Use.<\/p>\n\n\n\n<p>The Barreau de Montr\u00e9al reserves the right to change the Terms of Use and to remove, modify or update any or all of the content of the Sites at its sole discretion and without notice.<\/p>\n\n\n\n<h4 class=\"wp-block-heading\"><strong>Security and privacy<\/strong><\/h4>\n\n\n\n<p>These Terms of Use should be read in conjunction with the <a href=\"https:\/\/www.barreaudemontreal.qc.ca\/wp-content\/uploads\/privacypolicy.pdf\">Barreau de Montr\u00e9al\u2019s Privacy Policy<\/a>.<\/p>\n\n\n\n<p>The Barreau de Montr\u00e9al recognizes the importance of privacy and the sensitivity of your personal information and takes reasonable and appropriate steps to protect it from accidental loss and unauthorized access, use, modification and disclosure.<\/p>\n\n\n\n<p>However, the Barreau de Montr\u00e9al cannot guarantee the security of personal information transmitted via the Sites and is not responsible for circumvention of any privacy settings or security measures contained on the Sites. Users assume all risks associated with using the Sites, downloading documents or images from the Sites or using hyperlinks on the Sites.<\/p>\n\n\n\n<p>The Barreau de Montr\u00e9al is completely independent of the Barreau du Qu\u00e9bec and of the other local sections of the Barreau du Qu\u00e9bec, and they alone are responsible for the contents of their sites. Each of these organizations is responsible for managing the personal information collected by their respective sites and in the course of their respective activities. The Barreau de Montr\u00e9al is in no way responsible for the personal information collected by these organizations.<\/p>\n\n\n\n<p>The Sites, including the platforms available through them, may require registration. Your use of the Sites is conditional upon all information provided being correct, up to date and complete. By submitting your registration information or by using any interactive features available on the Sites, you consent to all actions taken by the Barreau de Montr\u00e9al with respect to the information so submitted in compliance with the <a href=\"https:\/\/www.barreaudemontreal.qc.ca\/wp-content\/uploads\/privacypolicy.pdf\">Barreau de Montr\u00e9al\u2019s Privacy Policy<\/a>.<\/p>\n\n\n\n<p>You are prohibited from attempting to circumvent and from violating the security of the Sites, including, without limitation: (a) accessing content and data not intended for you; (b) attempting to breach or breaching security and\/or authentication measures that are not authorized; (c) restricting, disrupting or disabling service to users, hosts, servers or networks; (d) illicitly reproducing the TCP\/IP packet header; (e) disrupting network services and otherwise disrupting the Site owner\u2019s ability to monitor the Sites; (f) using any robot or other automatic device, process or means to access the Sites for any purpose, including monitoring or copying any of the material on the Sites; (g) introducing any viruses or other material that is malicious or technologically harmful; (h) attacking the Sites via a denial-of-service attack or any other form of attack; and (i) otherwise attempting to interfere with the proper working of the Sites.<\/p>\n\n\n\n<h4 class=\"wp-block-heading\"><strong>Cookies<\/strong><\/h4>\n\n\n\n<p>The Barreau de Montr\u00e9al uses cookies on the Sites for two different purposes. Cookies are small text files saved on the User\u2019s hard drive. Cookies are harmless and cannot contain any viruses.<\/p>\n\n\n\n<ul class=\"wp-block-list\">\n<li>In surveys the Barreau de Montr\u00e9al occasionally disseminates, cookies are used to avoid sending surveys a second time to Users who have already agreed or refused to participate. Cookies do not allow us to identify Users or associate Users with responses.<\/li>\n\n\n\n<li>The Barreau de Montr\u00e9al uses Google Analytics to analyze visits to the Sites. Google Analytics uses cookies to record certain user behaviours, including the number of visits to the Sites, the path taken and the duration of the visit. Cookies do not allow us to identify Users.<\/li>\n<\/ul>\n\n\n\n<p>The data remains completely anonymous and is used only to improve the Sites based on the needs of Users.<\/p>\n\n\n\n<h4 class=\"wp-block-heading\"><strong>Intellectual Property<\/strong><\/h4>\n\n\n\n<p>You understand and agree that the Sites and their entire content, features and functionality are the exclusive property of the Barreau de Montr\u00e9al, its licensors or other providers of such material and are protected in all forms by all Quebec, Canadian and foreign intellectual property laws, including legislation relating to copyrights, trademarks, patents and other proprietary rights.<\/p>\n\n\n\n<p>The Barreau de Montr\u00e9al\u2019s name, the Barreau de Montr\u00e9al\u2019s logo and all names, logos, product and service names, designs, images and slogans displayed on the Sites are trademarks of the Barreau de Montr\u00e9al or licensors. The use of any such trademarks, except as expressly authorized, is an infringement or violation of the owner\u2019s rights and may be a violation of federal or other laws and could subject the infringer to legal action.<\/p>\n\n\n\n<p>No one may sell or modify, for public or commercial purposes, the texts, opinions, notices, videos, images, training modules and information contained, expressed or made available on the Sites.<\/p>\n\n\n\n<p>The texts, opinions, notices, videos, images, training modules and information contained, expressed or made available on the Sites may also be used for strictly personal and educational purposes, subject to the following conditions:<\/p>\n\n\n\n<ul class=\"wp-block-list\">\n<li>your computer and browser may temporarily store or cache copies of material you have viewed;<\/li>\n\n\n\n<li>a reasonable number of copies for personal use only may be printed, with any proprietary notices thereon intact and visible, but such copies may be used only for personal, non-commercial and lawful purposes and not for reproduction, publication or distribution of any kind on any medium whatsoever;<\/li>\n<\/ul>\n\n\n\n<h4 class=\"wp-block-heading\"><strong>Site monitoring, suspension and termination<\/strong><\/h4>\n\n\n\n<p>The Barreau de Montr\u00e9al reserves the right, at its sole discretion and without notice, to:<\/p>\n\n\n\n<ul class=\"wp-block-list\">\n<li>take appropriate legal action, including, without limitation, referral to law enforcement or regulatory authorities, or to notify any injured party of any illegal or unauthorized use of the Sites or their contents;<\/li>\n\n\n\n<li>terminate or suspend access to all or part of the Sites for any reason, including, without limitation, any violation of these Terms of Use.<\/li>\n<\/ul>\n\n\n\n<h4 class=\"wp-block-heading\"><strong>Geographic restrictions<\/strong><\/h4>\n\n\n\n<p>The owner of the Sites is based in the province of Quebec, Canada. We provide access to the Sites for use only by persons located in Canada. The Sites are not intended for use in any jurisdiction where their use is not permitted. If you access the Sites from outside Canada, you do so at your own risk and are responsible for compliance with local laws in your jurisdiction.<\/p>\n\n\n\n<h4 class=\"wp-block-heading\"><strong>Disclaimer<\/strong><\/h4>\n\n\n\n<p>THE CONTENT OF THE SITES, INCLUDING CONTENT PROVIDED BY THIRD PARTIES, INCLUDING OTHER USERS OR THIRD-PARTY LICENSEES, THAT MAY BE FOUND ON THE SITES, AS WELL AS CONTENT ACCESSIBLE THROUGH HYPERLINKS IS PROVIDED FOR INFORMATIONAL PURPOSES ONLY AND SHOULD NOT BE CONSTRUED AS LEGAL OR PROFESSIONAL ADVICE.<\/p>\n\n\n\n<p>THE TEXTS, OPINIONS, DATA AND INFORMATION DISSEMINATED OR MADE AVAILABLE ON THE SITES OR VIA HYPERLINKS ARE PROVIDED \u201cAS IS\u201d AS OF THE DATE OF THEIR PUBLICATION OR THE DATE OF THEIR LAST UPDATE AND ARE THE SOLE RESPONSIBILITY OF THEIR AUTHORS AND NOT OF THE BARREAU DE MONTR\u00c9AL, WHERE APPLICABLE.<\/p>\n\n\n\n<p>DESPITE ITS EFFORTS TO DEVELOP AND UPDATE THE SITES, THE BARREAU DE MONTR\u00c9AL DOES NOT GIVE ANY WARRANTY, EXPRESS OR IMPLIED, AS TO THE ACCURACY, RELIABILITY, PRECISION, COMPLETENESS OR VALIDITY OF THE TEXTS, OPINIONS, DATA AND INFORMATION DISSEMINATED OR MADE AVAILABLE ON THE SITES OR VIA HYPERLINKS. ERRORS CAN BE REPORTED TO THE SITE ADMINISTRATOR.<\/p>\n\n\n\n<p>THE BARREAU DE MONTR\u00c9AL DOES NOT GIVE ANY WARRANTY, EXPRESS OR IMPLIED, AS TO THE ACCURACY OF THE CONTENT OF ANY ADVERTISEMENTS ON THE SITES OR ANY CONTENT PROVIDED BY THIRD PARTIES, INCLUDING OTHER USERS OR THIRD-PARTY LICENSEES, THAT MAY BE FOUND ON THE SITES OR ANY CONTENT ACCESSIBLE VIA HYPERLINKS.<\/p>\n\n\n\n<p>THE BARREAU DE MONTR\u00c9AL CANNOT REPRESENT OR WARRANT THAT USERS WILL HAVE UNINTERRUPTED ACCESS TO THE SITES AND WILL NOT BE LIABLE FOR ANY DAMAGE RESULTING DIRECTLY OR INDIRECTLY FROM THE USE, PERFORMANCE, FUNCTIONALITIES OR CONTENT OF THE SITES.<\/p>\n\n\n\n<p>THE BARREAU DE MONTR\u00c9AL CANNOT REPRESENT OR WARRANT THAT FILES OR DATA AVAILABLE FOR DOWNLOADING FROM THE INTERNET OR ANY OF THE SITES WILL BE FREE OF VIRUSES OR OTHER DESTRUCTIVE CODE. YOU ARE SOLELY AND ENTIRELY RESPONSIBLE FOR YOUR USE OF THE SITES AND YOUR COMPUTER, INTERNET AND DATA SECURITY.<\/p>\n\n\n\n<h4 class=\"wp-block-heading\"><strong>Limitation of Liability<\/strong><\/h4>\n\n\n\n<p>TO THE EXTENT PERMITTED BY APPLICABLE LAW, AND EXCEPT FOR GROSS NEGLIGENCE AND\/OR INTENTIONAL FAULT, THE BARREAU DE MONTR\u00c9AL, ITS DIRECTORS, AFFILIATES, AGENTS, LICENSORS, EMPLOYEES, SUPPLIERS OR INTERNET SERVICE PROVIDERS WILL NOT BE LIABLE FOR ANY DAMAGE WHATSOEVER ARISING DIRECTLY OR INDIRECTLY FROM THE USE, PERFORMANCE, FUNCTIONALITIES OR CONTENT OF THE SITES.<\/p>\n\n\n\n<p>THE BARREAU DE MONTR\u00c9AL WILL NOT BE LIABLE FOR ANY LOSS OR DAMAGE CAUSED BY A SERVICE INTERRUPTION, VIRUS OR OTHER TECHNOLOGICALLY HARMFUL MATERIAL THAT MAY INFECT YOUR COMPUTER EQUIPMENT, COMPUTER PROGRAMS, DATA OR OTHER PROPRIETARY MATERIAL OWING TO YOUR USE OF THE SITES OR ANY SERVICES OR MATERIALS FOUND ON OR OBTAINED THROUGH THE SITES OR YOUR DOWNLOADING OF ANY MATERIAL POSTED ON THE SITES OR ANY WEBSITES LINKED TO THE SITES.<\/p>\n\n\n\n<h4 class=\"wp-block-heading\"><strong>Indemnification<\/strong><\/h4>\n\n\n\n<p>To the fullest extent permitted by applicable law, you agree to defend, indemnify and hold harmless the Barreau de Montr\u00e9al and its directors, affiliates, agents, licensors, employees, suppliers or internet service providers from and against any and all claims, liabilities, damages, judgments, losses, costs, expenses or fees (including reasonable legal fees) arising out of or in connection with your breach of these Terms of Use or your use of the Sites.<\/p>\n\n\n\n<h4 class=\"wp-block-heading\"><strong>Governing law and jurisdiction<\/strong><\/h4>\n\n\n\n<p>The Sites and these Terms of Use are governed by and construed in accordance with the laws of the Province of Quebec and the federal laws of Canada applicable therein. Any dispute arising out of the use of the Sites or the interpretation or application of the Terms of Use will be subject to the exclusive jurisdiction of the courts of the Province of Quebec and\/or the Federal Court of Canada in the judicial district of the Barreau de Montr\u00e9al\u2019s head office, namely Montr\u00e9al.<\/p>\n\n\n\n<h4 class=\"wp-block-heading\"><strong>Contact<\/strong><\/h4>\n\n\n\n<p>The Sites are operated by the Barreau de Montr\u00e9al.<\/p>\n\n\n\n<p>Any breach of these Terms of Use or misuse of the Sites, including libelous or defamatory conduct, must be reported to <a href=\"mailto:informatique@barreaudemontreal.qc.ca\">informatique@barreaudemontreal.qc.ca<\/a>.<\/p>\n\n\n\n<p>All other comments, requests for technical assistance or communication concerning any of the Sites may be addressed to <a href=\"mailto:info@barreaudemontreal.qc.ca\">info@barreaudemontreal.qc.ca<\/a>.<\/p>\n","protected":false},"excerpt":{"rendered":"<p>Terms of use These Terms of Use apply to the websites owned and operated by the Barreau de Montr\u00e9al (hereinafter the \u201cBarreau de Montr\u00e9al\u201d), namely www.barreaudemontreal.qc.ca and www.salonvisezdroit.com (hereinafter collectively [&hellip;]<\/p>\n","protected":false},"author":3,"featured_media":0,"parent":0,"menu_order":0,"comment_status":"closed","ping_status":"closed","template":"","meta":{"_acf_changed":false,"_editorskit_title_hidden":false,"_editorskit_reading_time":0,"_editorskit_is_block_options_detached":false,"_editorskit_block_options_position":"{}","inline_featured_image":false,"ngg_post_thumbnail":0,"footnotes":""},"class_list":["post-34111","page","type-page","status-publish","hentry"],"acf":[],"yoast_head":"<!-- This site is optimized with the Yoast SEO plugin v27.3 - https:\/\/yoast.com\/product\/yoast-seo-wordpress\/ -->\n<title>Declaration of confidentiality and conditions of use - Barreau de Montr&eacute;al<\/title>\n<meta name=\"robots\" content=\"index, follow, max-snippet:-1, max-image-preview:large, max-video-preview:-1\" \/>\n<link rel=\"canonical\" href=\"https:\/\/www.barreaudemontreal.qc.ca\/en\/declaration-de-confidentialite-et-conditions-dutilisation\/\" \/>\n<meta property=\"og:locale\" content=\"en_US\" \/>\n<meta property=\"og:type\" content=\"article\" \/>\n<meta property=\"og:title\" content=\"Declaration of confidentiality and conditions of use - Barreau de Montr&eacute;al\" \/>\n<meta property=\"og:description\" content=\"Terms of use These Terms of Use apply to the websites owned and operated by the Barreau de Montr\u00e9al (hereinafter the \u201cBarreau de Montr\u00e9al\u201d), namely www.barreaudemontreal.qc.ca and www.salonvisezdroit.com (hereinafter collectively [&hellip;]\" \/>\n<meta property=\"og:url\" content=\"https:\/\/www.barreaudemontreal.qc.ca\/en\/declaration-de-confidentialite-et-conditions-dutilisation\/\" \/>\n<meta property=\"og:site_name\" content=\"Barreau de Montr&eacute;al\" \/>\n<meta property=\"article:modified_time\" content=\"2023-09-24T15:46:36+00:00\" \/>\n<meta name=\"twitter:card\" content=\"summary_large_image\" \/>\n<meta name=\"twitter:label1\" content=\"Est. reading time\" \/>\n\t<meta name=\"twitter:data1\" content=\"9 minutes\" \/>\n<script type=\"application\/ld+json\" class=\"yoast-schema-graph\">{\"@context\":\"https:\\\/\\\/schema.org\",\"@graph\":[{\"@type\":\"WebPage\",\"@id\":\"https:\\\/\\\/www.barreaudemontreal.qc.ca\\\/en\\\/declaration-de-confidentialite-et-conditions-dutilisation\\\/\",\"url\":\"https:\\\/\\\/www.barreaudemontreal.qc.ca\\\/en\\\/declaration-de-confidentialite-et-conditions-dutilisation\\\/\",\"name\":\"Declaration of confidentiality and conditions of use - Barreau de Montr&eacute;al\",\"isPartOf\":{\"@id\":\"https:\\\/\\\/www.barreaudemontreal.qc.ca\\\/en\\\/#website\"},\"datePublished\":\"2023-09-24T15:39:27+00:00\",\"dateModified\":\"2023-09-24T15:46:36+00:00\",\"breadcrumb\":{\"@id\":\"https:\\\/\\\/www.barreaudemontreal.qc.ca\\\/en\\\/declaration-de-confidentialite-et-conditions-dutilisation\\\/#breadcrumb\"},\"inLanguage\":\"en-US\",\"potentialAction\":[{\"@type\":\"ReadAction\",\"target\":[\"https:\\\/\\\/www.barreaudemontreal.qc.ca\\\/en\\\/declaration-de-confidentialite-et-conditions-dutilisation\\\/\"]}]},{\"@type\":\"BreadcrumbList\",\"@id\":\"https:\\\/\\\/www.barreaudemontreal.qc.ca\\\/en\\\/declaration-de-confidentialite-et-conditions-dutilisation\\\/#breadcrumb\",\"itemListElement\":[{\"@type\":\"ListItem\",\"position\":1,\"name\":\"Home\",\"item\":\"https:\\\/\\\/www.barreaudemontreal.qc.ca\\\/en\\\/\"},{\"@type\":\"ListItem\",\"position\":2,\"name\":\"Declaration of confidentiality and conditions of use\"}]},{\"@type\":\"WebSite\",\"@id\":\"https:\\\/\\\/www.barreaudemontreal.qc.ca\\\/en\\\/#website\",\"url\":\"https:\\\/\\\/www.barreaudemontreal.qc.ca\\\/en\\\/\",\"name\":\"Barreau de Montr&eacute;al\",\"description\":\"La plus grande section du Barreau du Qu&eacute;bec\",\"potentialAction\":[{\"@type\":\"SearchAction\",\"target\":{\"@type\":\"EntryPoint\",\"urlTemplate\":\"https:\\\/\\\/www.barreaudemontreal.qc.ca\\\/en\\\/?s={search_term_string}\"},\"query-input\":{\"@type\":\"PropertyValueSpecification\",\"valueRequired\":true,\"valueName\":\"search_term_string\"}}],\"inLanguage\":\"en-US\"}]}<\/script>\n<!-- \/ Yoast SEO plugin. -->","yoast_head_json":{"title":"Declaration of confidentiality and conditions of use - Barreau de Montr&eacute;al","robots":{"index":"index","follow":"follow","max-snippet":"max-snippet:-1","max-image-preview":"max-image-preview:large","max-video-preview":"max-video-preview:-1"},"canonical":"https:\/\/www.barreaudemontreal.qc.ca\/en\/declaration-de-confidentialite-et-conditions-dutilisation\/","og_locale":"en_US","og_type":"article","og_title":"Declaration of confidentiality and conditions of use - Barreau de Montr&eacute;al","og_description":"Terms of use These Terms of Use apply to the websites owned and operated by the Barreau de Montr\u00e9al (hereinafter the \u201cBarreau de Montr\u00e9al\u201d), namely www.barreaudemontreal.qc.ca and www.salonvisezdroit.com (hereinafter collectively [&hellip;]","og_url":"https:\/\/www.barreaudemontreal.qc.ca\/en\/declaration-de-confidentialite-et-conditions-dutilisation\/","og_site_name":"Barreau de Montr&eacute;al","article_modified_time":"2023-09-24T15:46:36+00:00","twitter_card":"summary_large_image","twitter_misc":{"Est. reading time":"9 minutes"},"schema":{"@context":"https:\/\/schema.org","@graph":[{"@type":"WebPage","@id":"https:\/\/www.barreaudemontreal.qc.ca\/en\/declaration-de-confidentialite-et-conditions-dutilisation\/","url":"https:\/\/www.barreaudemontreal.qc.ca\/en\/declaration-de-confidentialite-et-conditions-dutilisation\/","name":"Declaration of confidentiality and conditions of use - Barreau de Montr&eacute;al","isPartOf":{"@id":"https:\/\/www.barreaudemontreal.qc.ca\/en\/#website"},"datePublished":"2023-09-24T15:39:27+00:00","dateModified":"2023-09-24T15:46:36+00:00","breadcrumb":{"@id":"https:\/\/www.barreaudemontreal.qc.ca\/en\/declaration-de-confidentialite-et-conditions-dutilisation\/#breadcrumb"},"inLanguage":"en-US","potentialAction":[{"@type":"ReadAction","target":["https:\/\/www.barreaudemontreal.qc.ca\/en\/declaration-de-confidentialite-et-conditions-dutilisation\/"]}]},{"@type":"BreadcrumbList","@id":"https:\/\/www.barreaudemontreal.qc.ca\/en\/declaration-de-confidentialite-et-conditions-dutilisation\/#breadcrumb","itemListElement":[{"@type":"ListItem","position":1,"name":"Home","item":"https:\/\/www.barreaudemontreal.qc.ca\/en\/"},{"@type":"ListItem","position":2,"name":"Declaration of confidentiality and conditions of use"}]},{"@type":"WebSite","@id":"https:\/\/www.barreaudemontreal.qc.ca\/en\/#website","url":"https:\/\/www.barreaudemontreal.qc.ca\/en\/","name":"Barreau de Montr&eacute;al","description":"La plus grande section du Barreau du Qu&eacute;bec","potentialAction":[{"@type":"SearchAction","target":{"@type":"EntryPoint","urlTemplate":"https:\/\/www.barreaudemontreal.qc.ca\/en\/?s={search_term_string}"},"query-input":{"@type":"PropertyValueSpecification","valueRequired":true,"valueName":"search_term_string"}}],"inLanguage":"en-US"}]}},"_links":{"self":[{"href":"https:\/\/www.barreaudemontreal.qc.ca\/en\/wp-json\/wp\/v2\/pages\/34111","targetHints":{"allow":["GET"]}}],"collection":[{"href":"https:\/\/www.barreaudemontreal.qc.ca\/en\/wp-json\/wp\/v2\/pages"}],"about":[{"href":"https:\/\/www.barreaudemontreal.qc.ca\/en\/wp-json\/wp\/v2\/types\/page"}],"author":[{"embeddable":true,"href":"https:\/\/www.barreaudemontreal.qc.ca\/en\/wp-json\/wp\/v2\/users\/3"}],"replies":[{"embeddable":true,"href":"https:\/\/www.barreaudemontreal.qc.ca\/en\/wp-json\/wp\/v2\/comments?post=34111"}],"version-history":[{"count":0,"href":"https:\/\/www.barreaudemontreal.qc.ca\/en\/wp-json\/wp\/v2\/pages\/34111\/revisions"}],"wp:attachment":[{"href":"https:\/\/www.barreaudemontreal.qc.ca\/en\/wp-json\/wp\/v2\/media?parent=34111"}],"curies":[{"name":"wp","href":"https:\/\/api.w.org\/{rel}","templated":true}]}}