{"id":33329,"date":"2023-07-14T10:27:27","date_gmt":"2023-07-14T14:27:27","guid":{"rendered":"https:\/\/www.barreaudemontreal.qc.ca\/?page_id=33329"},"modified":"2023-07-14T10:27:29","modified_gmt":"2023-07-14T14:27:29","slug":"biographie-me-vanessa-henri","status":"publish","type":"page","link":"https:\/\/www.barreaudemontreal.qc.ca\/en\/biographie-me-vanessa-henri\/","title":{"rendered":"Biographie : Me Vanessa Henri"},"content":{"rendered":"<div class=\"wp-block-image\">\n<figure class=\"alignleft size-medium\"><img decoding=\"async\" src=\"https:\/\/www.barreaudemontreal.qc.ca\/wp-content\/uploads\/photo-me-vanessa-henri-edited-225x300.jpg\" alt=\"\" class=\"wp-image-32848\"\/><figcaption class=\"wp-element-caption\"><br><strong>Vanessa Henri<\/strong>, <br><em>avocate &#8211; Henri &amp;Wolf<\/em><\/figcaption><\/figure>\n<\/div>\n\n\n<p>Vanessa Henri est une avocate sp\u00e9cialis\u00e9e dans la s\u00e9curit\u00e9 de l&#8217;information et la gouvernance des donn\u00e9es. Elle est active dans la communaut\u00e9 de la cybers\u00e9curit\u00e9 depuis plusieurs ann\u00e9es, ayant \u00e9t\u00e9 reconnue comme l&#8217;une des 20 femmes les plus influentes dans le domaine de la cybers\u00e9curit\u00e9 par IT World Canada et comme une influenceuse mondiale en mati\u00e8re de s\u00e9curit\u00e9 par l&#8217;IFSEC. Elle a \u00e9t\u00e9 nomm\u00e9e conseill\u00e8re aupr\u00e8s du minist\u00e8re qu\u00e9b\u00e9cois de la cybers\u00e9curit\u00e9 et a re\u00e7u le prix Women in Leadership lors de la conf\u00e9rence Canadian Women in Cybersecurity.<\/p>\n\n\n\n<p>Avant de cofonder H&amp;W, Vanessa a travaill\u00e9 comme directrice de la conformit\u00e9 et responsable de la protection des donn\u00e9es dans une entreprise multinationale de cybers\u00e9curit\u00e9. Elle a \u00e9galement exerc\u00e9 dans un cabinet d&#8217;avocats de premier plan dans le domaine des technologies \u00e9mergentes et de la gouvernance des donn\u00e9es.<\/p>\n\n\n\n<p>Vanessa est sp\u00e9cialis\u00e9e dans la r\u00e9daction et la n\u00e9gociation de mod\u00e8les contractuels permettant de g\u00e9rer de mani\u00e8re proactive les risques li\u00e9s aux actifs de donn\u00e9es. Reconnue par Best Lawyers dans &#8220;Ones to Watch&#8221; pour la propri\u00e9t\u00e9 intellectuelle, son domaine de sp\u00e9cialit\u00e9 comprend les licences de donn\u00e9es, les mod\u00e8les de donn\u00e9es, l&#8217;intelligence artificielle, les crypto-monnaies, les NFT, les logiciels en tant que service et autres applications en ligne.<\/p>\n\n\n\n<p>La pratique de Vanessa comprend \u00e9galement les programmes de conformit\u00e9 en mati\u00e8re de protection de la vie priv\u00e9e, les \u00e9valuations d&#8217;impact sur la vie priv\u00e9e et la gestion des transferts internationaux de donn\u00e9es personnelles. Elle est d\u00e9l\u00e9gu\u00e9e \u00e0 la protection des donn\u00e9es et chef principale de la mise en \u0153uvre de la norme ISO\/IEC 27701. Titulaire d&#8217;une ma\u00eetrise en droit de l&#8217;universit\u00e9 McGill, elle enseigne au sein de la ma\u00eetrise en droit de la cybers\u00e9curit\u00e9 de l&#8217;universit\u00e9 St. Thomas, en Floride.<\/p>\n","protected":false},"excerpt":{"rendered":"<p>Vanessa Henri est une avocate sp\u00e9cialis\u00e9e dans la s\u00e9curit\u00e9 de l&#8217;information et la gouvernance des donn\u00e9es. Elle est active dans la communaut\u00e9 de la cybers\u00e9curit\u00e9 depuis plusieurs ann\u00e9es, ayant \u00e9t\u00e9 [&hellip;]<\/p>\n","protected":false},"author":3,"featured_media":0,"parent":0,"menu_order":0,"comment_status":"closed","ping_status":"closed","template":"","meta":{"_acf_changed":false,"_editorskit_title_hidden":false,"_editorskit_reading_time":0,"_editorskit_is_block_options_detached":false,"_editorskit_block_options_position":"{}","inline_featured_image":false,"ngg_post_thumbnail":0,"footnotes":""},"class_list":["post-33329","page","type-page","status-publish","hentry"],"acf":[],"yoast_head":"<!-- This site is optimized with the Yoast SEO plugin v27.4 - https:\/\/yoast.com\/product\/yoast-seo-wordpress\/ -->\n<title>Biographie : Me Vanessa Henri - Barreau de Montr&eacute;al<\/title>\n<meta name=\"robots\" content=\"index, follow, max-snippet:-1, max-image-preview:large, max-video-preview:-1\" \/>\n<link rel=\"canonical\" href=\"https:\/\/www.barreaudemontreal.qc.ca\/en\/biographie-me-vanessa-henri\/\" \/>\n<meta property=\"og:locale\" content=\"en_US\" \/>\n<meta property=\"og:type\" content=\"article\" \/>\n<meta property=\"og:title\" content=\"Biographie : Me Vanessa Henri - Barreau de Montr&eacute;al\" \/>\n<meta property=\"og:description\" content=\"Vanessa Henri est une avocate sp\u00e9cialis\u00e9e dans la s\u00e9curit\u00e9 de l&#8217;information et la gouvernance des donn\u00e9es. Elle est active dans la communaut\u00e9 de la cybers\u00e9curit\u00e9 depuis plusieurs ann\u00e9es, ayant \u00e9t\u00e9 [&hellip;]\" \/>\n<meta property=\"og:url\" content=\"https:\/\/www.barreaudemontreal.qc.ca\/en\/biographie-me-vanessa-henri\/\" \/>\n<meta property=\"og:site_name\" content=\"Barreau de Montr&eacute;al\" \/>\n<meta property=\"article:modified_time\" content=\"2023-07-14T14:27:29+00:00\" \/>\n<meta property=\"og:image\" content=\"https:\/\/www.barreaudemontreal.qc.ca\/wp-content\/uploads\/photo-me-vanessa-henri-edited-225x300.jpg\" \/>\n<meta name=\"twitter:card\" content=\"summary_large_image\" \/>\n<meta name=\"twitter:label1\" content=\"Est. reading time\" \/>\n\t<meta name=\"twitter:data1\" content=\"2 minutes\" \/>\n<script type=\"application\/ld+json\" class=\"yoast-schema-graph\">{\"@context\":\"https:\\\/\\\/schema.org\",\"@graph\":[{\"@type\":\"WebPage\",\"@id\":\"https:\\\/\\\/www.barreaudemontreal.qc.ca\\\/en\\\/biographie-me-vanessa-henri\\\/\",\"url\":\"https:\\\/\\\/www.barreaudemontreal.qc.ca\\\/en\\\/biographie-me-vanessa-henri\\\/\",\"name\":\"Biographie : Me Vanessa Henri - Barreau de Montr&eacute;al\",\"isPartOf\":{\"@id\":\"https:\\\/\\\/www.barreaudemontreal.qc.ca\\\/en\\\/#website\"},\"primaryImageOfPage\":{\"@id\":\"https:\\\/\\\/www.barreaudemontreal.qc.ca\\\/en\\\/biographie-me-vanessa-henri\\\/#primaryimage\"},\"image\":{\"@id\":\"https:\\\/\\\/www.barreaudemontreal.qc.ca\\\/en\\\/biographie-me-vanessa-henri\\\/#primaryimage\"},\"thumbnailUrl\":\"https:\\\/\\\/www.barreaudemontreal.qc.ca\\\/wp-content\\\/uploads\\\/photo-me-vanessa-henri-edited-225x300.jpg\",\"datePublished\":\"2023-07-14T14:27:27+00:00\",\"dateModified\":\"2023-07-14T14:27:29+00:00\",\"breadcrumb\":{\"@id\":\"https:\\\/\\\/www.barreaudemontreal.qc.ca\\\/en\\\/biographie-me-vanessa-henri\\\/#breadcrumb\"},\"inLanguage\":\"en-US\",\"potentialAction\":[{\"@type\":\"ReadAction\",\"target\":[\"https:\\\/\\\/www.barreaudemontreal.qc.ca\\\/en\\\/biographie-me-vanessa-henri\\\/\"]}]},{\"@type\":\"ImageObject\",\"inLanguage\":\"en-US\",\"@id\":\"https:\\\/\\\/www.barreaudemontreal.qc.ca\\\/en\\\/biographie-me-vanessa-henri\\\/#primaryimage\",\"url\":\"https:\\\/\\\/www.barreaudemontreal.qc.ca\\\/wp-content\\\/uploads\\\/photo-me-vanessa-henri-edited-225x300.jpg\",\"contentUrl\":\"https:\\\/\\\/www.barreaudemontreal.qc.ca\\\/wp-content\\\/uploads\\\/photo-me-vanessa-henri-edited-225x300.jpg\"},{\"@type\":\"BreadcrumbList\",\"@id\":\"https:\\\/\\\/www.barreaudemontreal.qc.ca\\\/en\\\/biographie-me-vanessa-henri\\\/#breadcrumb\",\"itemListElement\":[{\"@type\":\"ListItem\",\"position\":1,\"name\":\"Home\",\"item\":\"https:\\\/\\\/www.barreaudemontreal.qc.ca\\\/en\\\/\"},{\"@type\":\"ListItem\",\"position\":2,\"name\":\"Biographie : Me Vanessa Henri\"}]},{\"@type\":\"WebSite\",\"@id\":\"https:\\\/\\\/www.barreaudemontreal.qc.ca\\\/en\\\/#website\",\"url\":\"https:\\\/\\\/www.barreaudemontreal.qc.ca\\\/en\\\/\",\"name\":\"Barreau de Montr&eacute;al\",\"description\":\"La plus grande section du Barreau du Qu&eacute;bec\",\"potentialAction\":[{\"@type\":\"SearchAction\",\"target\":{\"@type\":\"EntryPoint\",\"urlTemplate\":\"https:\\\/\\\/www.barreaudemontreal.qc.ca\\\/en\\\/?s={search_term_string}\"},\"query-input\":{\"@type\":\"PropertyValueSpecification\",\"valueRequired\":true,\"valueName\":\"search_term_string\"}}],\"inLanguage\":\"en-US\"}]}<\/script>\n<!-- \/ Yoast SEO plugin. -->","yoast_head_json":{"title":"Biographie : Me Vanessa Henri - Barreau de Montr&eacute;al","robots":{"index":"index","follow":"follow","max-snippet":"max-snippet:-1","max-image-preview":"max-image-preview:large","max-video-preview":"max-video-preview:-1"},"canonical":"https:\/\/www.barreaudemontreal.qc.ca\/en\/biographie-me-vanessa-henri\/","og_locale":"en_US","og_type":"article","og_title":"Biographie : Me Vanessa Henri - Barreau de Montr&eacute;al","og_description":"Vanessa Henri est une avocate sp\u00e9cialis\u00e9e dans la s\u00e9curit\u00e9 de l&#8217;information et la gouvernance des donn\u00e9es. Elle est active dans la communaut\u00e9 de la cybers\u00e9curit\u00e9 depuis plusieurs ann\u00e9es, ayant \u00e9t\u00e9 [&hellip;]","og_url":"https:\/\/www.barreaudemontreal.qc.ca\/en\/biographie-me-vanessa-henri\/","og_site_name":"Barreau de Montr&eacute;al","article_modified_time":"2023-07-14T14:27:29+00:00","og_image":[{"url":"https:\/\/www.barreaudemontreal.qc.ca\/wp-content\/uploads\/photo-me-vanessa-henri-edited-225x300.jpg","type":"","width":"","height":""}],"twitter_card":"summary_large_image","twitter_misc":{"Est. reading time":"2 minutes"},"schema":{"@context":"https:\/\/schema.org","@graph":[{"@type":"WebPage","@id":"https:\/\/www.barreaudemontreal.qc.ca\/en\/biographie-me-vanessa-henri\/","url":"https:\/\/www.barreaudemontreal.qc.ca\/en\/biographie-me-vanessa-henri\/","name":"Biographie : Me Vanessa Henri - Barreau de Montr&eacute;al","isPartOf":{"@id":"https:\/\/www.barreaudemontreal.qc.ca\/en\/#website"},"primaryImageOfPage":{"@id":"https:\/\/www.barreaudemontreal.qc.ca\/en\/biographie-me-vanessa-henri\/#primaryimage"},"image":{"@id":"https:\/\/www.barreaudemontreal.qc.ca\/en\/biographie-me-vanessa-henri\/#primaryimage"},"thumbnailUrl":"https:\/\/www.barreaudemontreal.qc.ca\/wp-content\/uploads\/photo-me-vanessa-henri-edited-225x300.jpg","datePublished":"2023-07-14T14:27:27+00:00","dateModified":"2023-07-14T14:27:29+00:00","breadcrumb":{"@id":"https:\/\/www.barreaudemontreal.qc.ca\/en\/biographie-me-vanessa-henri\/#breadcrumb"},"inLanguage":"en-US","potentialAction":[{"@type":"ReadAction","target":["https:\/\/www.barreaudemontreal.qc.ca\/en\/biographie-me-vanessa-henri\/"]}]},{"@type":"ImageObject","inLanguage":"en-US","@id":"https:\/\/www.barreaudemontreal.qc.ca\/en\/biographie-me-vanessa-henri\/#primaryimage","url":"https:\/\/www.barreaudemontreal.qc.ca\/wp-content\/uploads\/photo-me-vanessa-henri-edited-225x300.jpg","contentUrl":"https:\/\/www.barreaudemontreal.qc.ca\/wp-content\/uploads\/photo-me-vanessa-henri-edited-225x300.jpg"},{"@type":"BreadcrumbList","@id":"https:\/\/www.barreaudemontreal.qc.ca\/en\/biographie-me-vanessa-henri\/#breadcrumb","itemListElement":[{"@type":"ListItem","position":1,"name":"Home","item":"https:\/\/www.barreaudemontreal.qc.ca\/en\/"},{"@type":"ListItem","position":2,"name":"Biographie : Me Vanessa Henri"}]},{"@type":"WebSite","@id":"https:\/\/www.barreaudemontreal.qc.ca\/en\/#website","url":"https:\/\/www.barreaudemontreal.qc.ca\/en\/","name":"Barreau de Montr&eacute;al","description":"La plus grande section du Barreau du Qu&eacute;bec","potentialAction":[{"@type":"SearchAction","target":{"@type":"EntryPoint","urlTemplate":"https:\/\/www.barreaudemontreal.qc.ca\/en\/?s={search_term_string}"},"query-input":{"@type":"PropertyValueSpecification","valueRequired":true,"valueName":"search_term_string"}}],"inLanguage":"en-US"}]}},"_links":{"self":[{"href":"https:\/\/www.barreaudemontreal.qc.ca\/en\/wp-json\/wp\/v2\/pages\/33329","targetHints":{"allow":["GET"]}}],"collection":[{"href":"https:\/\/www.barreaudemontreal.qc.ca\/en\/wp-json\/wp\/v2\/pages"}],"about":[{"href":"https:\/\/www.barreaudemontreal.qc.ca\/en\/wp-json\/wp\/v2\/types\/page"}],"author":[{"embeddable":true,"href":"https:\/\/www.barreaudemontreal.qc.ca\/en\/wp-json\/wp\/v2\/users\/3"}],"replies":[{"embeddable":true,"href":"https:\/\/www.barreaudemontreal.qc.ca\/en\/wp-json\/wp\/v2\/comments?post=33329"}],"version-history":[{"count":0,"href":"https:\/\/www.barreaudemontreal.qc.ca\/en\/wp-json\/wp\/v2\/pages\/33329\/revisions"}],"wp:attachment":[{"href":"https:\/\/www.barreaudemontreal.qc.ca\/en\/wp-json\/wp\/v2\/media?parent=33329"}],"curies":[{"name":"wp","href":"https:\/\/api.w.org\/{rel}","templated":true}]}}