{"id":31204,"date":"2023-03-01T20:43:37","date_gmt":"2023-03-02T01:43:37","guid":{"rendered":"https:\/\/www.barreaudemontreal.qc.ca\/?page_id=31204"},"modified":"2023-03-01T20:44:45","modified_gmt":"2023-03-02T01:44:45","slug":"2022-2023","status":"publish","type":"page","link":"https:\/\/www.barreaudemontreal.qc.ca\/en\/barreau\/prix-et-distinctions\/medailles\/2022-2023\/","title":{"rendered":"2022-2023"},"content":{"rendered":"\n<h1 class=\"wp-block-heading\">Le tr\u00e8s honorable Richard Wagner<\/h1>\n\n\n\n<h4 class=\"wp-block-heading\">D\u00e9mystifier le droit et la justice<\/h4>\n\n\n\n<p><em>Par Pierre-Luc Beauchesne, avocat<\/em><br>(Article diffus\u00e9 le 16 ao\u00fbt 2021)<\/p>\n\n\n\n<div class=\"wp-block-columns is-layout-flex wp-container-core-columns-is-layout-9d6595d7 wp-block-columns-is-layout-flex\">\n<div class=\"wp-block-column is-layout-flow wp-block-column-is-layout-flow\" style=\"flex-basis:66.66%\"><div class=\"wp-block-image\">\n<figure class=\"alignleft size-full is-resized\"><img decoding=\"async\" src=\"https:\/\/www.barreaudemontreal.qc.ca\/wp-content\/uploads\/images\/accueil\/accueil-wagner.png\" alt=\"\" class=\"wp-image-29036\" width=\"375\" height=\"251\"\/><\/figure>\n<\/div>\n\n\n<p>Le 8&nbsp;septembre dernier, lors de la C\u00e9r\u00e9monie de la Rentr\u00e9e judiciaire, la b\u00e2tonni\u00e8re de Montr\u00e9al a remis M\u00e9daille du Barreau de Montr\u00e9al tr\u00e8s honorable Richard Wagner, juge en chef de la Cour supr\u00eame du Canada, afin de souligner sa contribution exceptionnelle \u00e0 la cause de la justice. Anim\u00e9 d\u2019une grande curiosit\u00e9, il a toujours cru en l\u2019importance de mieux faire conna\u00eetre le droit \u00e0 l\u2019ensemble de ses concitoyens et de poser des gestes concrets pour y parvenir.<\/p>\n\n\n\n<p><strong>Partager ses connaissances<\/strong><\/p>\n\n\n\n<p>Admis au Barreau du Qu\u00e9bec en 1980, apr\u00e8s des \u00e9tudes \u00e0 l\u2019Universit\u00e9 d\u2019Ottawa, le juge en chef Wagner a pratiqu\u00e9 le droit chez <em>Lavery, de Billy<\/em>, avant d\u2019\u00eatre nomm\u00e9 juge \u00e0 la Cour sup\u00e9rieure en septembre 2004, puis \u00e0 la Cour d\u2019appel du Qu\u00e9bec en f\u00e9vrier 2011. Lors de sa pratique en tant qu\u2019avocat, il adorait enseigner \u00e0 l\u2019\u00c9cole du Barreau, partageant ainsi ses connaissances pour mieux faire comprendre le droit, un th\u00e8me au c\u0153ur de sa grande carri\u00e8re.<\/p>\n\n\n\n<p>Le juge en chef Wagner n\u2019a jamais cach\u00e9 son attachement au Barreau de Montr\u00e9al, dont il a \u00e9t\u00e9 le b\u00e2tonnier en 2001-2002. Au d\u00e9but de sa pratique, il a souvent pris part aux activit\u00e9s de la section, notamment en allant dans les \u00e9coles secondaires pour expliquer aux \u00e9tudiants le fonctionnement du syst\u00e8me de justice au Canada. M\u00eame apr\u00e8s avoir rejoint les rangs de la magistrature, il a continu\u00e9 \u00e0 participer au Salon VISEZ DROIT, une initiative phare du Barreau de Montr\u00e9al. L\u2019un de ses plus beaux souvenirs demeure la <em>Tourn\u00e9e du b\u00e2tonnier<\/em> qu\u2019il a effectu\u00e9e pendant son mandat et qui lui a permis de rencontrer de nombreux avocats de Montr\u00e9al, de s\u2019int\u00e9resser \u00e0 leur r\u00e9alit\u00e9 et d\u2019\u00e9changer avec eux.<\/p>\n\n\n\n<p>Pendant son b\u00e2tonnat, le juge en chef a aussi contribu\u00e9 \u00e0 mettre sur pied le <em>Centre d\u2019acc\u00e8s \u00e0 l\u2019information juridique<\/em> (CAIJ), qui joue encore aujourd\u2019hui un r\u00f4le essentiel pour assurer une meilleure accessibilit\u00e9 \u00e0 la justice : \u00ab\u2009Quand on parle de cause de la justice, il n\u2019y a rien de plus fondamental que l\u2019acc\u00e8s \u00e0 l\u2019information juridique. Ax\u00e9 sur la technologie, le CAIJ \u00e9tait un acte de foi pour le futur et a connu un v\u00e9ritable succ\u00e8s aupr\u00e8s de tous les juristes qu\u00e9b\u00e9cois.\u2009\u00bb<\/p>\n\n\n\n<p><strong>Pour un meilleur acc\u00e8s \u00e0 la justice<\/strong><\/p>\n\n\n\n<p>Juge \u00e0 la Cour supr\u00eame du Canada depuis octobre 2012, il continue toujours de croire en l\u2019importance de d\u00e9mystifier le droit et la justice, le manque de connaissances \u00e9tant pour lui une source de beaucoup de pr\u00e9jug\u00e9s. Depuis sa nomination \u00e0 titre de juge en chef en d\u00e9cembre 2017, la Cour supr\u00eame a mis en place plusieurs initiatives pour se rapprocher de la population : \u00ab\u2009Les juges ont la responsabilit\u00e9 de mieux informer les citoyens sur leur r\u00f4le, tout en gardant une certaine r\u00e9serve. Plus les gens vont \u00eatre conscients de l\u2019int\u00e9grit\u00e9 du syst\u00e8me de justice, mieux se portera la d\u00e9mocratie.\u2009\u00bb<\/p>\n\n\n\n<p>Chaque ann\u00e9e, le juge Wagner tient une conf\u00e9rence de presse afin de donner aux citoyens des renseignements utiles et susceptibles de favoriser leur acc\u00e8s \u00e0 la justice. Pour se rapprocher des justiciables, la Cour a \u00e9galement si\u00e9g\u00e9 \u00e0 Winnipeg en 2019 et se rendra \u00e0 Qu\u00e9bec en septembre prochain. Pendant une semaine, en plus d\u2019entendre deux causes importantes, les juges de la Cour supr\u00eame visiteront des \u00e9coles secondaires et rencontreront des \u00e9tudiants en droit. Un rassemblement avec le public est \u00e9galement pr\u00e9vu le 14&nbsp;septembre au Mus\u00e9e de la civilisation, o\u00f9 les juges r\u00e9pondront aux questions de l\u2019auditoire.<\/p>\n\n\n\n<p>Actuellement, l\u2019enjeu qui pr\u00e9occupe le plus le juge en chef Wagner est l\u2019acc\u00e8s aux tribunaux, et ce, m\u00eame si la situation s\u2019est am\u00e9lior\u00e9e au cours des derni\u00e8res ann\u00e9es&nbsp;: \u00ab\u2009Quand on parle d\u2019acc\u00e8s \u00e0 la justice, on parle de d\u00e9mocratie. Si les gens abandonnent l\u2019id\u00e9e d\u2019aller devant les tribunaux, ils vont r\u00e9gler leurs probl\u00e8mes eux-m\u00eames, ce qui va fragiliser la r\u00e8gle de droit et, ultimement, la d\u00e9mocratie.\u2009\u00bb Pour lui, la diffusion d\u2019information juridique est une des initiatives permettant d\u2019assurer un meilleur acc\u00e8s \u00e0 la justice, tout comme le travail <em>pro bono<\/em> et les cliniques juridiques.<\/p>\n\n\n\n<p>D\u2019un point de vue plus personnel, le juge Wagner tente d\u2019atteindre un certain \u00e9quilibre, notamment en jouant au golf ou au tennis, mais surtout en passant du temps de qualit\u00e9 avec ses proches et ses quatre petites-filles, qu\u2019il essaie de voir le plus souvent possible.<\/p>\n\n\n\n<p>\u00c0 l\u2019aube d\u2019une nouvelle ann\u00e9e judiciaire, le juge en chef Wagner invite tous les avocats de Montr\u00e9al \u00e0 garder l\u2019esprit ouvert et \u00e0 contribuer, eux aussi, \u00e0 la cause de la justice en partageant leurs connaissances avec les gens qui en ont besoin.<\/p>\n<\/div>\n<\/div>\n\n\n\n<p><\/p>\n","protected":false},"excerpt":{"rendered":"<p>Le tr\u00e8s honorable Richard Wagner D\u00e9mystifier le droit et la justice Par Pierre-Luc Beauchesne, avocat(Article diffus\u00e9 le 16 ao\u00fbt 2021) Le 8&nbsp;septembre dernier, lors de la C\u00e9r\u00e9monie de la Rentr\u00e9e [&hellip;]<\/p>\n","protected":false},"author":3,"featured_media":0,"parent":363,"menu_order":0,"comment_status":"closed","ping_status":"closed","template":"","meta":{"_acf_changed":false,"_editorskit_title_hidden":false,"_editorskit_reading_time":0,"_editorskit_is_block_options_detached":false,"_editorskit_block_options_position":"{}","inline_featured_image":false,"ngg_post_thumbnail":0,"footnotes":""},"class_list":["post-31204","page","type-page","status-publish","hentry"],"acf":[],"yoast_head":"<!-- This site is optimized with the Yoast SEO plugin v27.4 - https:\/\/yoast.com\/product\/yoast-seo-wordpress\/ -->\n<title>2022-2023 - Barreau de Montr&eacute;al<\/title>\n<meta name=\"robots\" content=\"index, follow, max-snippet:-1, max-image-preview:large, max-video-preview:-1\" \/>\n<link rel=\"canonical\" href=\"https:\/\/www.barreaudemontreal.qc.ca\/en\/barreau\/prix-et-distinctions\/medailles\/2022-2023\/\" \/>\n<meta property=\"og:locale\" content=\"en_US\" \/>\n<meta property=\"og:type\" content=\"article\" \/>\n<meta property=\"og:title\" content=\"2022-2023 - Barreau de Montr&eacute;al\" \/>\n<meta property=\"og:description\" content=\"Le tr\u00e8s honorable Richard Wagner D\u00e9mystifier le droit et la justice Par Pierre-Luc Beauchesne, avocat(Article diffus\u00e9 le 16 ao\u00fbt 2021) Le 8&nbsp;septembre dernier, lors de la C\u00e9r\u00e9monie de la Rentr\u00e9e [&hellip;]\" \/>\n<meta property=\"og:url\" content=\"https:\/\/www.barreaudemontreal.qc.ca\/en\/barreau\/prix-et-distinctions\/medailles\/2022-2023\/\" \/>\n<meta property=\"og:site_name\" content=\"Barreau de Montr&eacute;al\" \/>\n<meta property=\"article:modified_time\" content=\"2023-03-02T01:44:45+00:00\" \/>\n<meta property=\"og:image\" content=\"https:\/\/www.barreaudemontreal.qc.ca\/wp-content\/uploads\/images\/accueil\/accueil-wagner.png\" \/>\n<meta name=\"twitter:card\" content=\"summary_large_image\" \/>\n<meta name=\"twitter:label1\" content=\"Est. reading time\" \/>\n\t<meta name=\"twitter:data1\" content=\"5 minutes\" \/>\n<script type=\"application\/ld+json\" class=\"yoast-schema-graph\">{\"@context\":\"https:\\\/\\\/schema.org\",\"@graph\":[{\"@type\":\"WebPage\",\"@id\":\"https:\\\/\\\/www.barreaudemontreal.qc.ca\\\/en\\\/barreau\\\/prix-et-distinctions\\\/medailles\\\/2022-2023\\\/\",\"url\":\"https:\\\/\\\/www.barreaudemontreal.qc.ca\\\/en\\\/barreau\\\/prix-et-distinctions\\\/medailles\\\/2022-2023\\\/\",\"name\":\"2022-2023 - Barreau de Montr&eacute;al\",\"isPartOf\":{\"@id\":\"https:\\\/\\\/www.barreaudemontreal.qc.ca\\\/en\\\/#website\"},\"primaryImageOfPage\":{\"@id\":\"https:\\\/\\\/www.barreaudemontreal.qc.ca\\\/en\\\/barreau\\\/prix-et-distinctions\\\/medailles\\\/2022-2023\\\/#primaryimage\"},\"image\":{\"@id\":\"https:\\\/\\\/www.barreaudemontreal.qc.ca\\\/en\\\/barreau\\\/prix-et-distinctions\\\/medailles\\\/2022-2023\\\/#primaryimage\"},\"thumbnailUrl\":\"https:\\\/\\\/www.barreaudemontreal.qc.ca\\\/wp-content\\\/uploads\\\/images\\\/accueil\\\/accueil-wagner.png\",\"datePublished\":\"2023-03-02T01:43:37+00:00\",\"dateModified\":\"2023-03-02T01:44:45+00:00\",\"breadcrumb\":{\"@id\":\"https:\\\/\\\/www.barreaudemontreal.qc.ca\\\/en\\\/barreau\\\/prix-et-distinctions\\\/medailles\\\/2022-2023\\\/#breadcrumb\"},\"inLanguage\":\"en-US\",\"potentialAction\":[{\"@type\":\"ReadAction\",\"target\":[\"https:\\\/\\\/www.barreaudemontreal.qc.ca\\\/en\\\/barreau\\\/prix-et-distinctions\\\/medailles\\\/2022-2023\\\/\"]}]},{\"@type\":\"ImageObject\",\"inLanguage\":\"en-US\",\"@id\":\"https:\\\/\\\/www.barreaudemontreal.qc.ca\\\/en\\\/barreau\\\/prix-et-distinctions\\\/medailles\\\/2022-2023\\\/#primaryimage\",\"url\":\"https:\\\/\\\/www.barreaudemontreal.qc.ca\\\/wp-content\\\/uploads\\\/images\\\/accueil\\\/accueil-wagner.png\",\"contentUrl\":\"https:\\\/\\\/www.barreaudemontreal.qc.ca\\\/wp-content\\\/uploads\\\/images\\\/accueil\\\/accueil-wagner.png\"},{\"@type\":\"BreadcrumbList\",\"@id\":\"https:\\\/\\\/www.barreaudemontreal.qc.ca\\\/en\\\/barreau\\\/prix-et-distinctions\\\/medailles\\\/2022-2023\\\/#breadcrumb\",\"itemListElement\":[{\"@type\":\"ListItem\",\"position\":1,\"name\":\"Home\",\"item\":\"https:\\\/\\\/www.barreaudemontreal.qc.ca\\\/en\\\/\"},{\"@type\":\"ListItem\",\"position\":2,\"name\":\"Barreau\",\"item\":\"https:\\\/\\\/www.barreaudemontreal.qc.ca\\\/en\\\/barreau\\\/\"},{\"@type\":\"ListItem\",\"position\":3,\"name\":\"Prix et distinctions\",\"item\":\"https:\\\/\\\/www.barreaudemontreal.qc.ca\\\/en\\\/barreau\\\/prix-et-distinctions\\\/\"},{\"@type\":\"ListItem\",\"position\":4,\"name\":\"M\u00e9dailles\",\"item\":\"https:\\\/\\\/www.barreaudemontreal.qc.ca\\\/en\\\/barreau\\\/prix-et-distinctions\\\/medailles\\\/\"},{\"@type\":\"ListItem\",\"position\":5,\"name\":\"2022-2023\"}]},{\"@type\":\"WebSite\",\"@id\":\"https:\\\/\\\/www.barreaudemontreal.qc.ca\\\/en\\\/#website\",\"url\":\"https:\\\/\\\/www.barreaudemontreal.qc.ca\\\/en\\\/\",\"name\":\"Barreau de Montr&eacute;al\",\"description\":\"La plus grande section du Barreau du Qu&eacute;bec\",\"potentialAction\":[{\"@type\":\"SearchAction\",\"target\":{\"@type\":\"EntryPoint\",\"urlTemplate\":\"https:\\\/\\\/www.barreaudemontreal.qc.ca\\\/en\\\/?s={search_term_string}\"},\"query-input\":{\"@type\":\"PropertyValueSpecification\",\"valueRequired\":true,\"valueName\":\"search_term_string\"}}],\"inLanguage\":\"en-US\"}]}<\/script>\n<!-- \/ Yoast SEO plugin. -->","yoast_head_json":{"title":"2022-2023 - Barreau de Montr&eacute;al","robots":{"index":"index","follow":"follow","max-snippet":"max-snippet:-1","max-image-preview":"max-image-preview:large","max-video-preview":"max-video-preview:-1"},"canonical":"https:\/\/www.barreaudemontreal.qc.ca\/en\/barreau\/prix-et-distinctions\/medailles\/2022-2023\/","og_locale":"en_US","og_type":"article","og_title":"2022-2023 - Barreau de Montr&eacute;al","og_description":"Le tr\u00e8s honorable Richard Wagner D\u00e9mystifier le droit et la justice Par Pierre-Luc Beauchesne, avocat(Article diffus\u00e9 le 16 ao\u00fbt 2021) Le 8&nbsp;septembre dernier, lors de la C\u00e9r\u00e9monie de la Rentr\u00e9e [&hellip;]","og_url":"https:\/\/www.barreaudemontreal.qc.ca\/en\/barreau\/prix-et-distinctions\/medailles\/2022-2023\/","og_site_name":"Barreau de Montr&eacute;al","article_modified_time":"2023-03-02T01:44:45+00:00","og_image":[{"url":"https:\/\/www.barreaudemontreal.qc.ca\/wp-content\/uploads\/images\/accueil\/accueil-wagner.png","type":"","width":"","height":""}],"twitter_card":"summary_large_image","twitter_misc":{"Est. reading time":"5 minutes"},"schema":{"@context":"https:\/\/schema.org","@graph":[{"@type":"WebPage","@id":"https:\/\/www.barreaudemontreal.qc.ca\/en\/barreau\/prix-et-distinctions\/medailles\/2022-2023\/","url":"https:\/\/www.barreaudemontreal.qc.ca\/en\/barreau\/prix-et-distinctions\/medailles\/2022-2023\/","name":"2022-2023 - Barreau de Montr&eacute;al","isPartOf":{"@id":"https:\/\/www.barreaudemontreal.qc.ca\/en\/#website"},"primaryImageOfPage":{"@id":"https:\/\/www.barreaudemontreal.qc.ca\/en\/barreau\/prix-et-distinctions\/medailles\/2022-2023\/#primaryimage"},"image":{"@id":"https:\/\/www.barreaudemontreal.qc.ca\/en\/barreau\/prix-et-distinctions\/medailles\/2022-2023\/#primaryimage"},"thumbnailUrl":"https:\/\/www.barreaudemontreal.qc.ca\/wp-content\/uploads\/images\/accueil\/accueil-wagner.png","datePublished":"2023-03-02T01:43:37+00:00","dateModified":"2023-03-02T01:44:45+00:00","breadcrumb":{"@id":"https:\/\/www.barreaudemontreal.qc.ca\/en\/barreau\/prix-et-distinctions\/medailles\/2022-2023\/#breadcrumb"},"inLanguage":"en-US","potentialAction":[{"@type":"ReadAction","target":["https:\/\/www.barreaudemontreal.qc.ca\/en\/barreau\/prix-et-distinctions\/medailles\/2022-2023\/"]}]},{"@type":"ImageObject","inLanguage":"en-US","@id":"https:\/\/www.barreaudemontreal.qc.ca\/en\/barreau\/prix-et-distinctions\/medailles\/2022-2023\/#primaryimage","url":"https:\/\/www.barreaudemontreal.qc.ca\/wp-content\/uploads\/images\/accueil\/accueil-wagner.png","contentUrl":"https:\/\/www.barreaudemontreal.qc.ca\/wp-content\/uploads\/images\/accueil\/accueil-wagner.png"},{"@type":"BreadcrumbList","@id":"https:\/\/www.barreaudemontreal.qc.ca\/en\/barreau\/prix-et-distinctions\/medailles\/2022-2023\/#breadcrumb","itemListElement":[{"@type":"ListItem","position":1,"name":"Home","item":"https:\/\/www.barreaudemontreal.qc.ca\/en\/"},{"@type":"ListItem","position":2,"name":"Barreau","item":"https:\/\/www.barreaudemontreal.qc.ca\/en\/barreau\/"},{"@type":"ListItem","position":3,"name":"Prix et distinctions","item":"https:\/\/www.barreaudemontreal.qc.ca\/en\/barreau\/prix-et-distinctions\/"},{"@type":"ListItem","position":4,"name":"M\u00e9dailles","item":"https:\/\/www.barreaudemontreal.qc.ca\/en\/barreau\/prix-et-distinctions\/medailles\/"},{"@type":"ListItem","position":5,"name":"2022-2023"}]},{"@type":"WebSite","@id":"https:\/\/www.barreaudemontreal.qc.ca\/en\/#website","url":"https:\/\/www.barreaudemontreal.qc.ca\/en\/","name":"Barreau de Montr&eacute;al","description":"La plus grande section du Barreau du Qu&eacute;bec","potentialAction":[{"@type":"SearchAction","target":{"@type":"EntryPoint","urlTemplate":"https:\/\/www.barreaudemontreal.qc.ca\/en\/?s={search_term_string}"},"query-input":{"@type":"PropertyValueSpecification","valueRequired":true,"valueName":"search_term_string"}}],"inLanguage":"en-US"}]}},"_links":{"self":[{"href":"https:\/\/www.barreaudemontreal.qc.ca\/en\/wp-json\/wp\/v2\/pages\/31204","targetHints":{"allow":["GET"]}}],"collection":[{"href":"https:\/\/www.barreaudemontreal.qc.ca\/en\/wp-json\/wp\/v2\/pages"}],"about":[{"href":"https:\/\/www.barreaudemontreal.qc.ca\/en\/wp-json\/wp\/v2\/types\/page"}],"author":[{"embeddable":true,"href":"https:\/\/www.barreaudemontreal.qc.ca\/en\/wp-json\/wp\/v2\/users\/3"}],"replies":[{"embeddable":true,"href":"https:\/\/www.barreaudemontreal.qc.ca\/en\/wp-json\/wp\/v2\/comments?post=31204"}],"version-history":[{"count":0,"href":"https:\/\/www.barreaudemontreal.qc.ca\/en\/wp-json\/wp\/v2\/pages\/31204\/revisions"}],"up":[{"embeddable":true,"href":"https:\/\/www.barreaudemontreal.qc.ca\/en\/wp-json\/wp\/v2\/pages\/363"}],"wp:attachment":[{"href":"https:\/\/www.barreaudemontreal.qc.ca\/en\/wp-json\/wp\/v2\/media?parent=31204"}],"curies":[{"name":"wp","href":"https:\/\/api.w.org\/{rel}","templated":true}]}}