{"id":31074,"date":"2023-03-08T09:52:15","date_gmt":"2023-03-08T14:52:15","guid":{"rendered":"https:\/\/www.barreaudemontreal.qc.ca\/?page_id=31074"},"modified":"2026-04-23T23:23:25","modified_gmt":"2026-04-24T03:23:25","slug":"election","status":"publish","type":"page","link":"https:\/\/www.barreaudemontreal.qc.ca\/en\/barreau\/gouvernance\/election\/","title":{"rendered":"\u00c9lection"},"content":{"rendered":"\n<div style=\"height:20px\" aria-hidden=\"true\" class=\"wp-block-spacer\"><\/div>\n\n\n\n<div style=\"height:20px\" aria-hidden=\"true\" class=\"wp-block-spacer\"><\/div>\n\n\n\n<p>Chaque ann\u00e9e, en avril, le Barreau de Montr\u00e9al tient des \u00e9lections, conform\u00e9ment au <a href=\"https:\/\/www.barreaudemontreal.qc.ca\/wp-content\/uploads\/reglementgeneral2024.pdf\" target=\"_blank\" rel=\"noreferrer noopener\"><em>R\u00e8glement g\u00e9n\u00e9ral<\/em><\/a>, afin de pourvoir les postes d\u2019administrateurs dont le mandat est \u00e9chu au sein de son Conseil. Pour tout savoir sur le processus \u00e9lectoral dont les dates cl\u00e9s, les candidatures ainsi que le r\u00f4le et les responsabilit\u00e9s des \u00e9lus, vous \u00eates au bon endroit !<\/p>\n\n\n\n<div style=\"height:20px\" aria-hidden=\"true\" class=\"wp-block-spacer\"><\/div>\n\n\n\n<figure class=\"wp-block-image size-full\"><img decoding=\"async\" width=\"2560\" height=\"871\" src=\"https:\/\/www.barreaudemontreal.qc.ca\/wp-content\/uploads\/visionneuse-wp-election-2026_1024x312-scaled.png\" alt=\"\" class=\"wp-image-48785\"\/><\/figure>\n\n\n\n<div style=\"height:60px\" aria-hidden=\"true\" class=\"wp-block-spacer\"><\/div>\n\n\n\n    <style>\n        div.panel {\n            display: none;\n        }\n\n        div.panel.show {\n            display: block !important;\n        }\n    <\/style>\n    <div class=\"accoSection\">\n\n\n\n                    <div class=\"\" id=\"accordionExample\">\n                \n                    <div class=\"card cardMain \">\n                        <div class=\"cardHeader \" id=\"heading-1\">\n\n                            <div class=\"cardIn collapsed\" type=\"button\" \n                                 data-toggle=\"collapse\" data-target=\"#collapse-1\" \n                                 aria-expanded=\"true\" aria-controls=\"collapse-1\">\n                                <h6>COMPOSITION DU CONSEIL<\/h6>\n                            <\/div>\n\n                        <\/div>\n\n                        <div id=\"collapse-1\" class=\" collapse\" \n                             aria-labelledby=\"heading-1\" \n                             data-parent=\"#accordionExample\">\n                            <div class=\"cardBody \">\n                                <p style=\"text-align: left;\">Les affaires de la section sont g\u00e9r\u00e9es par un Conseil compos\u00e9 de 13 membres : quatre dirigeants et neuf conseillers (incluant au moins deux membres ayant 35 ans et moins), \u00e9lu par les membres ayant droit de vote. Au moins quatre membres du Conseil doivent \u00eatre de langue anglaise.<\/p>\n<p>Pour l\u2019\u00e9lection 2026, les postes \u00e9lectifs se r\u00e9partissent ainsi :<\/p>\n<p><strong>B\u00c2TONNIER \u2014 un poste \u2014 mandat d\u2019un an<br \/>\n<\/strong>(anglophone cette ann\u00e9e, suivant une tradition qui n\u2019est pas contraignante, mais qui remonte \u00e0 1922, voulant que le poste soit occup\u00e9 par une personne francophone deux ans de suite et anglophone la troisi\u00e8me ann\u00e9e)<\/p>\n<p><strong>PREMIER CONSEILLER \u2014 un poste \u2014 mandat d\u2019un an<br \/>\n<\/strong>(francophone)<\/p>\n<p><strong>CONSEILLERS \u2014 4 postes \u2014 mandat de deux ans<br \/>\n<\/strong>(dont 2 anglophones et 2 francophones)<\/p>\n                            <\/div>\n                        <\/div>\n                    <\/div>\n                    \n                    <div class=\"card cardMain \">\n                        <div class=\"cardHeader \" id=\"heading-2\">\n\n                            <div class=\"cardIn collapsed\" type=\"button\" \n                                 data-toggle=\"collapse\" data-target=\"#collapse-2\" \n                                 aria-expanded=\"true\" aria-controls=\"collapse-2\">\n                                <h6>R\u00d4LE ET RESPONSABILIT\u00c9S DU B\u00c2TONNIER<\/h6>\n                            <\/div>\n\n                        <\/div>\n\n                        <div id=\"collapse-2\" class=\" collapse\" \n                             aria-labelledby=\"heading-2\" \n                             data-parent=\"#accordionExample\">\n                            <div class=\"cardBody \">\n                                <p><strong>B\u00c2TONNIER<br \/>\n<\/strong>Il repr\u00e9sente et agit comme un des porte-parole de la section. Il pr\u00e9side toutes les s\u00e9ances du Conseil et il est membre d\u2019office de tous les comit\u00e9s form\u00e9s par le Conseil. Il veille \u00e0 l\u2019application du <a href=\"https:\/\/www.barreaudemontreal.qc.ca\/wp-content\/uploads\/reglementgeneral2024.pdf\"><em>R\u00e8glement g\u00e9n\u00e9ral du Barreau de Montr\u00e9al<\/em><\/a>&nbsp;et des d\u00e9cisions du Conseil et a les pouvoirs et les devoirs qui lui sont assign\u00e9s par le Conseil, le <em>R\u00e8glement g\u00e9n\u00e9ral du Barreau de Montr\u00e9al<\/em> ou la <a href=\"https:\/\/www.legisquebec.gouv.qc.ca\/fr\/document\/lc\/b-1\" target=\"_blank\" rel=\"noopener\"><em>Loi sur le Barreau<\/em><\/a> et ses r\u00e8glements. Il est appel\u00e9 \u00e0 faire pr\u00eater serment aux candidats \u00e0 la profession et repr\u00e9senter la section lors des c\u00e9r\u00e9monies de prestation de serment de la magistrature. Il communique les orientations de la section lors du Conseil des sections et il se d\u00e9place \u00e0 l\u2019occasion \u00e0 l\u2019\u00e9tranger pour repr\u00e9senter celle-ci.<\/p>\n<p>Consultez le <a href=\"https:\/\/www.barreaudemontreal.qc.ca\/wp-content\/uploads\/election2026-profil-batonnier.pdf\" target=\"_blank\" rel=\"noopener\">profil de comp\u00e9tences du b\u00e2tonnier<\/a> pour plus d\u2019information.<\/p>\n                            <\/div>\n                        <\/div>\n                    <\/div>\n                    \n                    <div class=\"card cardMain \">\n                        <div class=\"cardHeader \" id=\"heading-3\">\n\n                            <div class=\"cardIn collapsed\" type=\"button\" \n                                 data-toggle=\"collapse\" data-target=\"#collapse-3\" \n                                 aria-expanded=\"true\" aria-controls=\"collapse-3\">\n                                <h6>R\u00d4LE ET RESPONSABILIT\u00c9S DES ADMINISTRATEURS<\/h6>\n                            <\/div>\n\n                        <\/div>\n\n                        <div id=\"collapse-3\" class=\" collapse\" \n                             aria-labelledby=\"heading-3\" \n                             data-parent=\"#accordionExample\">\n                            <div class=\"cardBody \">\n                                <p><strong>PREMIER CONSEILLER<br \/>\n<\/strong>Il remplit les fonctions ordinairement d\u00e9volues par l\u2019usage \u00e0 ce poste et accomplit les devoirs sp\u00e9ciaux que lui dictent le <a href=\"https:\/\/www.barreaudemontreal.qc.ca\/wp-content\/uploads\/reglementgeneral2024.pdf\" target=\"_blank\" rel=\"noopener\"><em>R\u00e8glement g\u00e9n\u00e9ral du Barreau de Montr\u00e9al<\/em><\/a>, la<a href=\"https:\/\/www.barreaudemontreal.qc.ca\/wp-content\/uploads\/politique-de-gouvernance-et-de-regie-interne.pdf\" target=\"_blank\" rel=\"noopener\"><em> Politique de gouvernance et r\u00e9gie interne<\/em><\/a> ou la <em><a href=\"https:\/\/www.legisquebec.gouv.qc.ca\/fr\/document\/lc\/b-1\" target=\"_blank\" rel=\"noopener\">Loi sur le Barreau<\/a> et ses r\u00e8glements<\/em> ou ceux que lui mandate le Conseil. Il assiste et remplace le b\u00e2tonnier en cas d\u2019absence ou d\u2019emp\u00eachement. Il peut \u00eatre appel\u00e9 \u00e0 faire pr\u00eater serment aux candidats \u00e0 la profession et \u00e0 assister aux c\u00e9r\u00e9monies de pr\u00e9sentation de serment de la magistrature. Il accompagne \u00e9galement le b\u00e2tonnier aux deux Conseils de sections et il peut \u00eatre invit\u00e9 \u00e0 effectuer un d\u00e9placement \u00e0 l&#8217;\u00e9tranger. Il participe activement \u00e0 l\u2019atteinte des objectifs strat\u00e9giques de l\u2019organisation. Il pr\u00e9side le comit\u00e9 de gouvernance du Conseil et il peut \u00eatre nomm\u00e9 sur d&#8217;autres comit\u00e9s.<\/p>\n<p><strong>CONSEILLERS<br \/>\n<\/strong>Ils doivent participer activement aux six s\u00e9ances r\u00e9guli\u00e8res du Conseil, en plus de ses s\u00e9ances extraordinaires. Ils administrent les affaires de la section, coop\u00e8rent \u00e0 la vie de celle-ci et \u00e0 la poursuite de ses objectifs strat\u00e9giques. Tous les conseillers doivent \u00e9galement si\u00e9ger sur au moins un des quatre comit\u00e9s du Conseil (finances et audit, gouvernance, ressources humaines et positionnement). Ils sont appel\u00e9s, \u00e0 l\u2019occasion, \u00e0 participer \u00e0 des activit\u00e9s de la communaut\u00e9 juridique au nom du Barreau de Montr\u00e9al. Un conseiller est nomm\u00e9 par le Conseil pour occuper le poste de tr\u00e9sorier. Un conseiller \u00e2g\u00e9 de 35 ans et moins est nomm\u00e9 pour occuper le poste de secr\u00e9taire.<\/p>\n<p>Consultez la <a href=\"https:\/\/www.barreaudemontreal.qc.ca\/wp-content\/uploads\/election2026-matrice-competences.pdf\" target=\"_blank\" rel=\"noopener\">matrice des comp\u00e9tences<\/a> pour plus d\u2019information.<\/p>\n                            <\/div>\n                        <\/div>\n                    <\/div>\n                                <\/div>\n            <\/div>\n    \n\n\n<div style=\"height:20px\" aria-hidden=\"true\" class=\"wp-block-spacer\"><\/div>\n\n\n\n<h6 class=\"wp-block-heading\">PROCESSUS \u00c9LECTORAL ET DATES IMPORTANTES<\/h6>\n\n\n\n<ul class=\"wp-block-list\">\n<li><strong>12 mars 2026<\/strong> : Avis des postes vacants &#8211; D\u00e9but de la p\u00e9riode de mise en candidature<\/li>\n\n\n\n<li><strong>1 avril 2026, 16 h<\/strong>&nbsp;: Date limite pour le d\u00e9p\u00f4t des bulletins de candidature<\/li>\n\n\n\n<li><strong>Vers le 9 avril 2026&nbsp;<\/strong>: Publication des candidatures et annonce des acclamations<\/li>\n\n\n\n<li><strong>11 au 19 avril 2026&nbsp;<\/strong>: Campagne \u00e9lectorale<\/li>\n\n\n\n<li><strong>20 au 23 avril 2026&nbsp;<\/strong>: \u00c9lection par scrutin \u00e9lectronique<\/li>\n\n\n\n<li><strong>7 mai 2026&nbsp;<\/strong>: Assembl\u00e9e g\u00e9n\u00e9rale annuelle &#8211; Annonces des r\u00e9sultats aux \u00e9lections*<\/li>\n<\/ul>\n\n\n\n<p><em>*Les nouveaux administrateurs entrent en fonction&nbsp;\u00e0 la suite de l&#8217;assembl\u00e9e g\u00e9n\u00e9rale annuelle.<\/em><\/p>\n\n\n\n<div class=\"wp-block-buttons is-layout-flex wp-block-buttons-is-layout-flex\">\n<div class=\"wp-block-button is-style-outline is-style-outline--2\"><a class=\"wp-block-button__link has-central-palette-2-background-color has-text-color has-background has-link-color wp-element-button\" href=\"https:\/\/www.barreaudemontreal.qc.ca\/communications\/resultats-de-lelection-2026\/\" style=\"color:#fffefe\" target=\"_blank\" rel=\"noreferrer noopener\">R\u00e9sultats de l\u2019\u00e9lection 2026<\/a><\/div>\n<\/div>\n\n\n\n<div style=\"height:20px\" aria-hidden=\"true\" class=\"wp-block-spacer\"><\/div>\n\n\n\n<div style=\"height:20px\" aria-hidden=\"true\" class=\"wp-block-spacer\"><\/div>\n","protected":false},"excerpt":{"rendered":"<p>Chaque ann\u00e9e, en avril, le Barreau de Montr\u00e9al tient des \u00e9lections, conform\u00e9ment au R\u00e8glement g\u00e9n\u00e9ral, afin de pourvoir les postes d\u2019administrateurs dont le mandat est \u00e9chu au sein de son [&hellip;]<\/p>\n","protected":false},"author":3,"featured_media":0,"parent":11922,"menu_order":4,"comment_status":"closed","ping_status":"closed","template":"","meta":{"_acf_changed":false,"_editorskit_title_hidden":false,"_editorskit_reading_time":1,"_editorskit_is_block_options_detached":false,"_editorskit_block_options_position":"{}","inline_featured_image":false,"ngg_post_thumbnail":0,"footnotes":""},"class_list":["post-31074","page","type-page","status-publish","hentry"],"acf":[],"yoast_head":"<!-- This site is optimized with the Yoast SEO plugin v27.4 - https:\/\/yoast.com\/product\/yoast-seo-wordpress\/ -->\n<title>\u00c9lection - Barreau de Montr&eacute;al<\/title>\n<meta name=\"description\" content=\"Chaque ann\u00e9e, en avril, le Barreau de Montr\u00e9al tient des \u00e9lections, conform\u00e9ment au R\u00e8glement g\u00e9n\u00e9ral, afin de pourvoir les postes d\u2019administrateurs dont le mandat est \u00e9chu au sein de son Conseil. Pour tout savoir sur le processus \u00e9lectoral dont les dates cl\u00e9s, les candidatures ainsi que le r\u00f4le et les responsabilit\u00e9s des \u00e9lus, vous \u00eates au bon endroit !\" \/>\n<meta name=\"robots\" content=\"index, follow, max-snippet:-1, max-image-preview:large, max-video-preview:-1\" \/>\n<link rel=\"canonical\" href=\"https:\/\/www.barreaudemontreal.qc.ca\/en\/barreau\/gouvernance\/election\/\" \/>\n<meta property=\"og:locale\" content=\"en_US\" \/>\n<meta property=\"og:type\" content=\"article\" \/>\n<meta property=\"og:title\" content=\"\u00c9lection - Barreau de Montr&eacute;al\" \/>\n<meta property=\"og:description\" content=\"Chaque ann\u00e9e, en avril, le Barreau de Montr\u00e9al tient des \u00e9lections, conform\u00e9ment au R\u00e8glement g\u00e9n\u00e9ral, afin de pourvoir les postes d\u2019administrateurs dont le mandat est \u00e9chu au sein de son Conseil. Pour tout savoir sur le processus \u00e9lectoral dont les dates cl\u00e9s, les candidatures ainsi que le r\u00f4le et les responsabilit\u00e9s des \u00e9lus, vous \u00eates au bon endroit !\" \/>\n<meta property=\"og:url\" content=\"https:\/\/www.barreaudemontreal.qc.ca\/en\/barreau\/gouvernance\/election\/\" \/>\n<meta property=\"og:site_name\" content=\"Barreau de Montr&eacute;al\" \/>\n<meta property=\"article:modified_time\" content=\"2026-04-24T03:23:25+00:00\" \/>\n<meta property=\"og:image\" content=\"https:\/\/www.barreaudemontreal.qc.ca\/wp-content\/uploads\/visionneuse-wp-election-2026_1024x312-scaled.png\" \/>\n\t<meta property=\"og:image:width\" content=\"2560\" \/>\n\t<meta property=\"og:image:height\" content=\"871\" \/>\n\t<meta property=\"og:image:type\" content=\"image\/png\" \/>\n<meta name=\"twitter:card\" content=\"summary_large_image\" \/>\n<meta name=\"twitter:label1\" content=\"Est. reading time\" \/>\n\t<meta name=\"twitter:data1\" content=\"1 minute\" \/>\n<script type=\"application\/ld+json\" class=\"yoast-schema-graph\">{\"@context\":\"https:\\\/\\\/schema.org\",\"@graph\":[{\"@type\":\"WebPage\",\"@id\":\"https:\\\/\\\/www.barreaudemontreal.qc.ca\\\/en\\\/barreau\\\/gouvernance\\\/election\\\/\",\"url\":\"https:\\\/\\\/www.barreaudemontreal.qc.ca\\\/en\\\/barreau\\\/gouvernance\\\/election\\\/\",\"name\":\"\u00c9lection - Barreau de Montr&eacute;al\",\"isPartOf\":{\"@id\":\"https:\\\/\\\/www.barreaudemontreal.qc.ca\\\/en\\\/#website\"},\"primaryImageOfPage\":{\"@id\":\"https:\\\/\\\/www.barreaudemontreal.qc.ca\\\/en\\\/barreau\\\/gouvernance\\\/election\\\/#primaryimage\"},\"image\":{\"@id\":\"https:\\\/\\\/www.barreaudemontreal.qc.ca\\\/en\\\/barreau\\\/gouvernance\\\/election\\\/#primaryimage\"},\"thumbnailUrl\":\"https:\\\/\\\/www.barreaudemontreal.qc.ca\\\/wp-content\\\/uploads\\\/visionneuse-wp-election-2026_1024x312-scaled.png\",\"datePublished\":\"2023-03-08T14:52:15+00:00\",\"dateModified\":\"2026-04-24T03:23:25+00:00\",\"description\":\"Chaque ann\u00e9e, en avril, le Barreau de Montr\u00e9al tient des \u00e9lections, conform\u00e9ment au R\u00e8glement g\u00e9n\u00e9ral, afin de pourvoir les postes d\u2019administrateurs dont le mandat est \u00e9chu au sein de son Conseil. Pour tout savoir sur le processus \u00e9lectoral dont les dates cl\u00e9s, les candidatures ainsi que le r\u00f4le et les responsabilit\u00e9s des \u00e9lus, vous \u00eates au bon endroit !\",\"breadcrumb\":{\"@id\":\"https:\\\/\\\/www.barreaudemontreal.qc.ca\\\/en\\\/barreau\\\/gouvernance\\\/election\\\/#breadcrumb\"},\"inLanguage\":\"en-US\",\"potentialAction\":[{\"@type\":\"ReadAction\",\"target\":[\"https:\\\/\\\/www.barreaudemontreal.qc.ca\\\/en\\\/barreau\\\/gouvernance\\\/election\\\/\"]}]},{\"@type\":\"ImageObject\",\"inLanguage\":\"en-US\",\"@id\":\"https:\\\/\\\/www.barreaudemontreal.qc.ca\\\/en\\\/barreau\\\/gouvernance\\\/election\\\/#primaryimage\",\"url\":\"https:\\\/\\\/www.barreaudemontreal.qc.ca\\\/wp-content\\\/uploads\\\/visionneuse-wp-election-2026_1024x312-scaled.png\",\"contentUrl\":\"https:\\\/\\\/www.barreaudemontreal.qc.ca\\\/wp-content\\\/uploads\\\/visionneuse-wp-election-2026_1024x312-scaled.png\"},{\"@type\":\"BreadcrumbList\",\"@id\":\"https:\\\/\\\/www.barreaudemontreal.qc.ca\\\/en\\\/barreau\\\/gouvernance\\\/election\\\/#breadcrumb\",\"itemListElement\":[{\"@type\":\"ListItem\",\"position\":1,\"name\":\"Home\",\"item\":\"https:\\\/\\\/www.barreaudemontreal.qc.ca\\\/en\\\/\"},{\"@type\":\"ListItem\",\"position\":2,\"name\":\"Barreau\",\"item\":\"https:\\\/\\\/www.barreaudemontreal.qc.ca\\\/en\\\/barreau\\\/\"},{\"@type\":\"ListItem\",\"position\":3,\"name\":\"Gouvernance\",\"item\":\"https:\\\/\\\/www.barreaudemontreal.qc.ca\\\/en\\\/barreau\\\/gouvernance\\\/\"},{\"@type\":\"ListItem\",\"position\":4,\"name\":\"\u00c9lection\"}]},{\"@type\":\"WebSite\",\"@id\":\"https:\\\/\\\/www.barreaudemontreal.qc.ca\\\/en\\\/#website\",\"url\":\"https:\\\/\\\/www.barreaudemontreal.qc.ca\\\/en\\\/\",\"name\":\"Barreau de Montr&eacute;al\",\"description\":\"La plus grande section du Barreau du Qu&eacute;bec\",\"potentialAction\":[{\"@type\":\"SearchAction\",\"target\":{\"@type\":\"EntryPoint\",\"urlTemplate\":\"https:\\\/\\\/www.barreaudemontreal.qc.ca\\\/en\\\/?s={search_term_string}\"},\"query-input\":{\"@type\":\"PropertyValueSpecification\",\"valueRequired\":true,\"valueName\":\"search_term_string\"}}],\"inLanguage\":\"en-US\"}]}<\/script>\n<!-- \/ Yoast SEO plugin. -->","yoast_head_json":{"title":"\u00c9lection - Barreau de Montr&eacute;al","description":"Chaque ann\u00e9e, en avril, le Barreau de Montr\u00e9al tient des \u00e9lections, conform\u00e9ment au R\u00e8glement g\u00e9n\u00e9ral, afin de pourvoir les postes d\u2019administrateurs dont le mandat est \u00e9chu au sein de son Conseil. Pour tout savoir sur le processus \u00e9lectoral dont les dates cl\u00e9s, les candidatures ainsi que le r\u00f4le et les responsabilit\u00e9s des \u00e9lus, vous \u00eates au bon endroit !","robots":{"index":"index","follow":"follow","max-snippet":"max-snippet:-1","max-image-preview":"max-image-preview:large","max-video-preview":"max-video-preview:-1"},"canonical":"https:\/\/www.barreaudemontreal.qc.ca\/en\/barreau\/gouvernance\/election\/","og_locale":"en_US","og_type":"article","og_title":"\u00c9lection - Barreau de Montr&eacute;al","og_description":"Chaque ann\u00e9e, en avril, le Barreau de Montr\u00e9al tient des \u00e9lections, conform\u00e9ment au R\u00e8glement g\u00e9n\u00e9ral, afin de pourvoir les postes d\u2019administrateurs dont le mandat est \u00e9chu au sein de son Conseil. Pour tout savoir sur le processus \u00e9lectoral dont les dates cl\u00e9s, les candidatures ainsi que le r\u00f4le et les responsabilit\u00e9s des \u00e9lus, vous \u00eates au bon endroit !","og_url":"https:\/\/www.barreaudemontreal.qc.ca\/en\/barreau\/gouvernance\/election\/","og_site_name":"Barreau de Montr&eacute;al","article_modified_time":"2026-04-24T03:23:25+00:00","og_image":[{"width":2560,"height":871,"url":"https:\/\/www.barreaudemontreal.qc.ca\/wp-content\/uploads\/visionneuse-wp-election-2026_1024x312-scaled.png","type":"image\/png"}],"twitter_card":"summary_large_image","twitter_misc":{"Est. reading time":"1 minute"},"schema":{"@context":"https:\/\/schema.org","@graph":[{"@type":"WebPage","@id":"https:\/\/www.barreaudemontreal.qc.ca\/en\/barreau\/gouvernance\/election\/","url":"https:\/\/www.barreaudemontreal.qc.ca\/en\/barreau\/gouvernance\/election\/","name":"\u00c9lection - Barreau de Montr&eacute;al","isPartOf":{"@id":"https:\/\/www.barreaudemontreal.qc.ca\/en\/#website"},"primaryImageOfPage":{"@id":"https:\/\/www.barreaudemontreal.qc.ca\/en\/barreau\/gouvernance\/election\/#primaryimage"},"image":{"@id":"https:\/\/www.barreaudemontreal.qc.ca\/en\/barreau\/gouvernance\/election\/#primaryimage"},"thumbnailUrl":"https:\/\/www.barreaudemontreal.qc.ca\/wp-content\/uploads\/visionneuse-wp-election-2026_1024x312-scaled.png","datePublished":"2023-03-08T14:52:15+00:00","dateModified":"2026-04-24T03:23:25+00:00","description":"Chaque ann\u00e9e, en avril, le Barreau de Montr\u00e9al tient des \u00e9lections, conform\u00e9ment au R\u00e8glement g\u00e9n\u00e9ral, afin de pourvoir les postes d\u2019administrateurs dont le mandat est \u00e9chu au sein de son Conseil. Pour tout savoir sur le processus \u00e9lectoral dont les dates cl\u00e9s, les candidatures ainsi que le r\u00f4le et les responsabilit\u00e9s des \u00e9lus, vous \u00eates au bon endroit !","breadcrumb":{"@id":"https:\/\/www.barreaudemontreal.qc.ca\/en\/barreau\/gouvernance\/election\/#breadcrumb"},"inLanguage":"en-US","potentialAction":[{"@type":"ReadAction","target":["https:\/\/www.barreaudemontreal.qc.ca\/en\/barreau\/gouvernance\/election\/"]}]},{"@type":"ImageObject","inLanguage":"en-US","@id":"https:\/\/www.barreaudemontreal.qc.ca\/en\/barreau\/gouvernance\/election\/#primaryimage","url":"https:\/\/www.barreaudemontreal.qc.ca\/wp-content\/uploads\/visionneuse-wp-election-2026_1024x312-scaled.png","contentUrl":"https:\/\/www.barreaudemontreal.qc.ca\/wp-content\/uploads\/visionneuse-wp-election-2026_1024x312-scaled.png"},{"@type":"BreadcrumbList","@id":"https:\/\/www.barreaudemontreal.qc.ca\/en\/barreau\/gouvernance\/election\/#breadcrumb","itemListElement":[{"@type":"ListItem","position":1,"name":"Home","item":"https:\/\/www.barreaudemontreal.qc.ca\/en\/"},{"@type":"ListItem","position":2,"name":"Barreau","item":"https:\/\/www.barreaudemontreal.qc.ca\/en\/barreau\/"},{"@type":"ListItem","position":3,"name":"Gouvernance","item":"https:\/\/www.barreaudemontreal.qc.ca\/en\/barreau\/gouvernance\/"},{"@type":"ListItem","position":4,"name":"\u00c9lection"}]},{"@type":"WebSite","@id":"https:\/\/www.barreaudemontreal.qc.ca\/en\/#website","url":"https:\/\/www.barreaudemontreal.qc.ca\/en\/","name":"Barreau de Montr&eacute;al","description":"La plus grande section du Barreau du Qu&eacute;bec","potentialAction":[{"@type":"SearchAction","target":{"@type":"EntryPoint","urlTemplate":"https:\/\/www.barreaudemontreal.qc.ca\/en\/?s={search_term_string}"},"query-input":{"@type":"PropertyValueSpecification","valueRequired":true,"valueName":"search_term_string"}}],"inLanguage":"en-US"}]}},"_links":{"self":[{"href":"https:\/\/www.barreaudemontreal.qc.ca\/en\/wp-json\/wp\/v2\/pages\/31074","targetHints":{"allow":["GET"]}}],"collection":[{"href":"https:\/\/www.barreaudemontreal.qc.ca\/en\/wp-json\/wp\/v2\/pages"}],"about":[{"href":"https:\/\/www.barreaudemontreal.qc.ca\/en\/wp-json\/wp\/v2\/types\/page"}],"author":[{"embeddable":true,"href":"https:\/\/www.barreaudemontreal.qc.ca\/en\/wp-json\/wp\/v2\/users\/3"}],"replies":[{"embeddable":true,"href":"https:\/\/www.barreaudemontreal.qc.ca\/en\/wp-json\/wp\/v2\/comments?post=31074"}],"version-history":[{"count":10,"href":"https:\/\/www.barreaudemontreal.qc.ca\/en\/wp-json\/wp\/v2\/pages\/31074\/revisions"}],"predecessor-version":[{"id":49898,"href":"https:\/\/www.barreaudemontreal.qc.ca\/en\/wp-json\/wp\/v2\/pages\/31074\/revisions\/49898"}],"up":[{"embeddable":true,"href":"https:\/\/www.barreaudemontreal.qc.ca\/en\/wp-json\/wp\/v2\/pages\/11922"}],"wp:attachment":[{"href":"https:\/\/www.barreaudemontreal.qc.ca\/en\/wp-json\/wp\/v2\/media?parent=31074"}],"curies":[{"name":"wp","href":"https:\/\/api.w.org\/{rel}","templated":true}]}}