{"id":30051,"date":"2023-02-02T14:43:12","date_gmt":"2023-02-02T19:43:12","guid":{"rendered":"https:\/\/barreau.stagingminimalmtl.com\/?page_id=30051"},"modified":"2025-08-14T16:09:52","modified_gmt":"2025-08-14T20:09:52","slug":"besoin-dun-mediateur","status":"publish","type":"page","link":"https:\/\/www.barreaudemontreal.qc.ca\/en\/public\/services-au-public\/besoin-dun-mediateur\/","title":{"rendered":"Besoin d&#8217;un m\u00e9diateur?"},"content":{"rendered":"\n<p><strong>SERVICE DE M\u00c9DIATION<\/strong><\/p>\n\n\n\n<p>La m\u00e9diation est un mode de r\u00e9solution des conflits qui fait appel \u00e0 un m\u00e9diateur impartial. Ce dernier intervient aupr\u00e8s des parties pour les aider \u00e0 n\u00e9gocier une entente \u00e9quitable et viable, r\u00e9pondant aux besoins de chacun et faisant l&#8217;objet d&#8217;un consentement libre et \u00e9clair\u00e9.<br><br>Le Barreau du Qu\u00e9bec est l&#8217;un des organismes habilit\u00e9s par le gouvernement du Qu\u00e9bec \u00e0 accr\u00e9diter ses membres comme m\u00e9diateurs.<\/p>\n\n\n\n<p>Pour obtenir la liste des&nbsp;<strong>avocats accr\u00e9dit\u00e9s comme m\u00e9diateurs familiaux&nbsp;<\/strong>de votre r\u00e9gion, veuillez consulter le&nbsp;<a href=\"https:\/\/www.barreau.qc.ca\/fr\/bottin-des-avocats\/#!\/search\">bottin des avocats<\/a>, en prenant soin de cocher la case correspondant \u00e0 votre r\u00e9gion, de m\u00eame que la case \u00ab&nbsp;afficher seulement les avocats qui sont accr\u00e9dit\u00e9s comme m\u00e9diateur familial&nbsp;\u00bb au bas de la page. Vous pouvez \u00e9galement appeler la ligne Info-Barreau du Barreau du Qu\u00e9bec au 514 954-3411 ou au num\u00e9ro sans frais 1&nbsp;844&nbsp;954-3411.<\/p>\n\n\n\n<p>Pour obtenir la liste des&nbsp;<strong>avocats accr\u00e9dit\u00e9s comme m\u00e9diateurs civils ou commerciaux<\/strong>&nbsp;de votre r\u00e9gion, veuillez consulter le&nbsp;<a href=\"https:\/\/www.barreau.qc.ca\/fr\/bottin-des-avocats\/#!\/search\">bottin des avocats<\/a>, en prenant soin de cocher la case correspondant \u00e0 votre r\u00e9gion, de m\u00eame que la case \u00ab&nbsp;afficher seulement les avocats qui sont accr\u00e9dit\u00e9s comme m\u00e9diateur civil ou commercial&nbsp;\u00bb au bas de la page. Vous pouvez \u00e9galement appeler la ligne Info-Barreau du Barreau du Qu\u00e9bec au 514 954-3411 ou au num\u00e9ro sans frais 1&nbsp;844&nbsp;954-3411.<\/p>\n","protected":false},"excerpt":{"rendered":"<p>SERVICE DE M\u00c9DIATION La m\u00e9diation est un mode de r\u00e9solution des conflits qui fait appel \u00e0 un m\u00e9diateur impartial. Ce dernier intervient aupr\u00e8s des parties pour les aider \u00e0 n\u00e9gocier [&hellip;]<\/p>\n","protected":false},"author":23,"featured_media":0,"parent":12021,"menu_order":3,"comment_status":"closed","ping_status":"closed","template":"","meta":{"_acf_changed":false,"_editorskit_title_hidden":false,"_editorskit_reading_time":1,"_editorskit_is_block_options_detached":false,"_editorskit_block_options_position":"{}","inline_featured_image":false,"ngg_post_thumbnail":0,"footnotes":""},"class_list":["post-30051","page","type-page","status-publish","hentry"],"acf":[],"yoast_head":"<!-- This site is optimized with the Yoast SEO plugin v27.4 - https:\/\/yoast.com\/product\/yoast-seo-wordpress\/ -->\n<title>Besoin d&#039;un m\u00e9diateur? - Barreau de Montr&eacute;al<\/title>\n<meta name=\"robots\" content=\"index, follow, max-snippet:-1, max-image-preview:large, max-video-preview:-1\" \/>\n<link rel=\"canonical\" href=\"https:\/\/www.barreaudemontreal.qc.ca\/en\/public\/services-au-public\/besoin-dun-mediateur\/\" \/>\n<meta property=\"og:locale\" content=\"en_US\" \/>\n<meta property=\"og:type\" content=\"article\" \/>\n<meta property=\"og:title\" content=\"Besoin d&#039;un m\u00e9diateur? - Barreau de Montr&eacute;al\" \/>\n<meta property=\"og:description\" content=\"SERVICE DE M\u00c9DIATION La m\u00e9diation est un mode de r\u00e9solution des conflits qui fait appel \u00e0 un m\u00e9diateur impartial. Ce dernier intervient aupr\u00e8s des parties pour les aider \u00e0 n\u00e9gocier [&hellip;]\" \/>\n<meta property=\"og:url\" content=\"https:\/\/www.barreaudemontreal.qc.ca\/en\/public\/services-au-public\/besoin-dun-mediateur\/\" \/>\n<meta property=\"og:site_name\" content=\"Barreau de Montr&eacute;al\" \/>\n<meta property=\"article:modified_time\" content=\"2025-08-14T20:09:52+00:00\" \/>\n<meta name=\"twitter:card\" content=\"summary_large_image\" \/>\n<meta name=\"twitter:label1\" content=\"Est. reading time\" \/>\n\t<meta name=\"twitter:data1\" content=\"2 minutes\" \/>\n<script type=\"application\/ld+json\" class=\"yoast-schema-graph\">{\"@context\":\"https:\\\/\\\/schema.org\",\"@graph\":[{\"@type\":\"WebPage\",\"@id\":\"https:\\\/\\\/www.barreaudemontreal.qc.ca\\\/en\\\/public\\\/services-au-public\\\/besoin-dun-mediateur\\\/\",\"url\":\"https:\\\/\\\/www.barreaudemontreal.qc.ca\\\/en\\\/public\\\/services-au-public\\\/besoin-dun-mediateur\\\/\",\"name\":\"Besoin d'un m\u00e9diateur? - Barreau de Montr&eacute;al\",\"isPartOf\":{\"@id\":\"https:\\\/\\\/www.barreaudemontreal.qc.ca\\\/en\\\/#website\"},\"datePublished\":\"2023-02-02T19:43:12+00:00\",\"dateModified\":\"2025-08-14T20:09:52+00:00\",\"breadcrumb\":{\"@id\":\"https:\\\/\\\/www.barreaudemontreal.qc.ca\\\/en\\\/public\\\/services-au-public\\\/besoin-dun-mediateur\\\/#breadcrumb\"},\"inLanguage\":\"en-US\",\"potentialAction\":[{\"@type\":\"ReadAction\",\"target\":[\"https:\\\/\\\/www.barreaudemontreal.qc.ca\\\/en\\\/public\\\/services-au-public\\\/besoin-dun-mediateur\\\/\"]}]},{\"@type\":\"BreadcrumbList\",\"@id\":\"https:\\\/\\\/www.barreaudemontreal.qc.ca\\\/en\\\/public\\\/services-au-public\\\/besoin-dun-mediateur\\\/#breadcrumb\",\"itemListElement\":[{\"@type\":\"ListItem\",\"position\":1,\"name\":\"Home\",\"item\":\"https:\\\/\\\/www.barreaudemontreal.qc.ca\\\/en\\\/\"},{\"@type\":\"ListItem\",\"position\":2,\"name\":\"Public\",\"item\":\"https:\\\/\\\/www.barreaudemontreal.qc.ca\\\/en\\\/public\\\/\"},{\"@type\":\"ListItem\",\"position\":3,\"name\":\"Services au public\",\"item\":\"https:\\\/\\\/www.barreaudemontreal.qc.ca\\\/en\\\/public\\\/services-au-public\\\/\"},{\"@type\":\"ListItem\",\"position\":4,\"name\":\"Besoin d&#8217;un m\u00e9diateur?\"}]},{\"@type\":\"WebSite\",\"@id\":\"https:\\\/\\\/www.barreaudemontreal.qc.ca\\\/en\\\/#website\",\"url\":\"https:\\\/\\\/www.barreaudemontreal.qc.ca\\\/en\\\/\",\"name\":\"Barreau de Montr&eacute;al\",\"description\":\"La plus grande section du Barreau du Qu&eacute;bec\",\"potentialAction\":[{\"@type\":\"SearchAction\",\"target\":{\"@type\":\"EntryPoint\",\"urlTemplate\":\"https:\\\/\\\/www.barreaudemontreal.qc.ca\\\/en\\\/?s={search_term_string}\"},\"query-input\":{\"@type\":\"PropertyValueSpecification\",\"valueRequired\":true,\"valueName\":\"search_term_string\"}}],\"inLanguage\":\"en-US\"}]}<\/script>\n<!-- \/ Yoast SEO plugin. -->","yoast_head_json":{"title":"Besoin d'un m\u00e9diateur? - Barreau de Montr&eacute;al","robots":{"index":"index","follow":"follow","max-snippet":"max-snippet:-1","max-image-preview":"max-image-preview:large","max-video-preview":"max-video-preview:-1"},"canonical":"https:\/\/www.barreaudemontreal.qc.ca\/en\/public\/services-au-public\/besoin-dun-mediateur\/","og_locale":"en_US","og_type":"article","og_title":"Besoin d'un m\u00e9diateur? - Barreau de Montr&eacute;al","og_description":"SERVICE DE M\u00c9DIATION La m\u00e9diation est un mode de r\u00e9solution des conflits qui fait appel \u00e0 un m\u00e9diateur impartial. Ce dernier intervient aupr\u00e8s des parties pour les aider \u00e0 n\u00e9gocier [&hellip;]","og_url":"https:\/\/www.barreaudemontreal.qc.ca\/en\/public\/services-au-public\/besoin-dun-mediateur\/","og_site_name":"Barreau de Montr&eacute;al","article_modified_time":"2025-08-14T20:09:52+00:00","twitter_card":"summary_large_image","twitter_misc":{"Est. reading time":"2 minutes"},"schema":{"@context":"https:\/\/schema.org","@graph":[{"@type":"WebPage","@id":"https:\/\/www.barreaudemontreal.qc.ca\/en\/public\/services-au-public\/besoin-dun-mediateur\/","url":"https:\/\/www.barreaudemontreal.qc.ca\/en\/public\/services-au-public\/besoin-dun-mediateur\/","name":"Besoin d'un m\u00e9diateur? - Barreau de Montr&eacute;al","isPartOf":{"@id":"https:\/\/www.barreaudemontreal.qc.ca\/en\/#website"},"datePublished":"2023-02-02T19:43:12+00:00","dateModified":"2025-08-14T20:09:52+00:00","breadcrumb":{"@id":"https:\/\/www.barreaudemontreal.qc.ca\/en\/public\/services-au-public\/besoin-dun-mediateur\/#breadcrumb"},"inLanguage":"en-US","potentialAction":[{"@type":"ReadAction","target":["https:\/\/www.barreaudemontreal.qc.ca\/en\/public\/services-au-public\/besoin-dun-mediateur\/"]}]},{"@type":"BreadcrumbList","@id":"https:\/\/www.barreaudemontreal.qc.ca\/en\/public\/services-au-public\/besoin-dun-mediateur\/#breadcrumb","itemListElement":[{"@type":"ListItem","position":1,"name":"Home","item":"https:\/\/www.barreaudemontreal.qc.ca\/en\/"},{"@type":"ListItem","position":2,"name":"Public","item":"https:\/\/www.barreaudemontreal.qc.ca\/en\/public\/"},{"@type":"ListItem","position":3,"name":"Services au public","item":"https:\/\/www.barreaudemontreal.qc.ca\/en\/public\/services-au-public\/"},{"@type":"ListItem","position":4,"name":"Besoin d&#8217;un m\u00e9diateur?"}]},{"@type":"WebSite","@id":"https:\/\/www.barreaudemontreal.qc.ca\/en\/#website","url":"https:\/\/www.barreaudemontreal.qc.ca\/en\/","name":"Barreau de Montr&eacute;al","description":"La plus grande section du Barreau du Qu&eacute;bec","potentialAction":[{"@type":"SearchAction","target":{"@type":"EntryPoint","urlTemplate":"https:\/\/www.barreaudemontreal.qc.ca\/en\/?s={search_term_string}"},"query-input":{"@type":"PropertyValueSpecification","valueRequired":true,"valueName":"search_term_string"}}],"inLanguage":"en-US"}]}},"_links":{"self":[{"href":"https:\/\/www.barreaudemontreal.qc.ca\/en\/wp-json\/wp\/v2\/pages\/30051","targetHints":{"allow":["GET"]}}],"collection":[{"href":"https:\/\/www.barreaudemontreal.qc.ca\/en\/wp-json\/wp\/v2\/pages"}],"about":[{"href":"https:\/\/www.barreaudemontreal.qc.ca\/en\/wp-json\/wp\/v2\/types\/page"}],"author":[{"embeddable":true,"href":"https:\/\/www.barreaudemontreal.qc.ca\/en\/wp-json\/wp\/v2\/users\/23"}],"replies":[{"embeddable":true,"href":"https:\/\/www.barreaudemontreal.qc.ca\/en\/wp-json\/wp\/v2\/comments?post=30051"}],"version-history":[{"count":0,"href":"https:\/\/www.barreaudemontreal.qc.ca\/en\/wp-json\/wp\/v2\/pages\/30051\/revisions"}],"up":[{"embeddable":true,"href":"https:\/\/www.barreaudemontreal.qc.ca\/en\/wp-json\/wp\/v2\/pages\/12021"}],"wp:attachment":[{"href":"https:\/\/www.barreaudemontreal.qc.ca\/en\/wp-json\/wp\/v2\/media?parent=30051"}],"curies":[{"name":"wp","href":"https:\/\/api.w.org\/{rel}","templated":true}]}}