{"id":2890,"date":"2018-10-03T21:17:37","date_gmt":"2018-10-04T01:17:37","guid":{"rendered":"http:\/\/barreau.stagingminimalmtl.com\/salon-et-vestiaires-des-avocats\/"},"modified":"2026-04-01T15:39:01","modified_gmt":"2026-04-01T19:39:01","slug":"salon-et-vestiaires-des-avocats","status":"publish","type":"page","link":"https:\/\/www.barreaudemontreal.qc.ca\/en\/avocats\/services-aux-avocats\/salon-et-vestiaires-des-avocats\/","title":{"rendered":"Salon et vestiaires des avocats"},"content":{"rendered":"\n<div class=\"wp-block-columns is-layout-flex wp-container-core-columns-is-layout-9d6595d7 wp-block-columns-is-layout-flex\">\n<div class=\"wp-block-column is-layout-flow wp-block-column-is-layout-flow\" style=\"flex-basis:66.66%\"><div class=\"lightRedBox textBoxNew\">\n\n<h5>Interruption temporaire des services \u2013 d\u00e9m\u00e9nagement du Salon<\/h5>\n<p>Le Salon des avocats sera bient\u00f4t relocalis\u00e9 dans les espaces du CAIJ. La date pr\u00e9cise du d\u00e9m\u00e9nagement vous sera communiqu\u00e9e d\u00e8s qu\u2019elle sera confirm\u00e9e.<\/p>\n<p>Veuillez noter que l&#8217;ensemble des services offerts au Salon des avocats seront temporairement<strong> interrompus \u00e0 compter du 19 septembre 2025<\/strong>, en raison du futur d\u00e9m\u00e9nagement au CAIJ.<\/p>\n<p><strong>Les locaux restent toutefois accessibles avec votre carte CAIJ.<\/strong><\/p>\n<p>Nous avons tr\u00e8s h\u00e2te de vous accueillir dans le nouvel espace du Salon, situ\u00e9 au 17\u1d49 \u00e9tage du Palais de justice, dans la biblioth\u00e8que du CAIJ.&nbsp;<\/p>\n<p>Merci pour votre collaboration et votre patience pendant cette transition.<\/p>\n<\/div>\n\n\n<div style=\"height:20px\" aria-hidden=\"true\" class=\"wp-block-spacer\"><\/div>\n\n\n\n<p>Le Barreau de Montr\u00e9al met \u00e0 la disposition de ses membres un salon o\u00f9 les avocats peuvent se rendre pour faire quelques appels, r\u00e9viser un dossier, effectuer une recherche, se reposer ou prendre un caf\u00e9. Il comporte aussi une section \u00ab affaires \u00bb o\u00f9 sont disponibles&nbsp;:<\/p>\n\n\n\n<ul class=\"wp-block-list\">\n<li>t\u00e9l\u00e9phones;<\/li>\n\n\n\n<li>ordinateurs;<\/li>\n\n\n\n<li>photocopieurs et imprimantes;<\/li>\n\n\n\n<li>acc\u00e8s au plumitif<\/li>\n\n\n\n<li>acc\u00e8s internet gratuit;<\/li>\n\n\n\n<li>section lunch (micro-ondes, tables et chaises)<\/li>\n<\/ul>\n\n\n\n<div style=\"height:20px\" aria-hidden=\"true\" class=\"wp-block-spacer\"><\/div>\n\n\n\n<h5 class=\"wp-block-heading\"><strong>Locations annuelles de casiers<\/strong><\/h5>\n\n\n\n<p>Pour les membres souhaitant faire l&#8217;acquisition d&#8217;un nouveau casier annuel, voici le tarif applicable (taxes incluses):<\/p>\n\n\n\n<ul class=\"wp-block-list\">\n<li>Nouvelle location annuelle (inscription entre le 1er avril et le 30 juin 2026) : <strong>172,47$<\/strong><\/li>\n<\/ul>\n\n\n\n<div class=\"wp-block-buttons is-layout-flex wp-block-buttons-is-layout-flex\">\n<div class=\"wp-block-button\"><a class=\"wp-block-button__link has-central-palette-6-color has-central-palette-2-background-color has-text-color has-background wp-element-button\" href=\"https:\/\/www.barreaudemontreal.qc.ca\/avocats\/services-aux-avocats\/salon-et-vestiaires-des-avocats\/location-casiers\/\">Louer un casier<\/a><\/div>\n<\/div>\n\n\n\n<div style=\"height:40px\" aria-hidden=\"true\" class=\"wp-block-spacer\"><\/div>\n\n\n<div class=\"lightRedBox textBoxNew\">\n\n<p>La carte CAIJ est n\u00e9cessaire pour acc\u00e9der au vestiaire am\u00e9nag\u00e9 \u00e0 l\u2019intention des avocats. Pour obtenir cette carte, veuillez faire la <a href=\"https:\/\/www.caij.qc.ca\/faq\/comment-puis-je-obtenir-une-carte-caij\" target=\"_blank\" rel=\"noopener\">demande en ligne<\/a> ou en personne au Palais du justice de Montr\u00e9al (Salle 17.53).<!-- wp:buttons \/--><\/p>\n<\/div>\n\n\n<div style=\"height:30px\" aria-hidden=\"true\" class=\"wp-block-spacer\"><\/div>\n<\/div>\n\n\n\n<div class=\"wp-block-column is-layout-flow wp-block-column-is-layout-flow\" style=\"flex-basis:33.33%\">\n<div class=\"whiteBox textBoxNew textBoxNew link-style\" id=\"textBoxNew-block_3c0df1eddb3e692903a969d0cbe16867\">\n\n<h5>COORDONN\u00c9ES<\/h5>\n<p><strong>Salon des avocats au Palais de justice de Montr\u00e9al<br \/>\n<\/strong>local 2.149 (2<sup>e<\/sup> \u00e9tage)<\/p>\n<p><strong>Horaire<br \/>\n<\/strong>Services temporairement interrompus \u00e0 compter du 19 septembre 2025.<\/p>\n<p><strong>Vestiaires du Salon des avocats<\/strong><br \/>\nlocal 2.159 (2<sup>e<\/sup> \u00e9tage)<\/p>\n<\/div>\n\n\n<div class=\"whiteBox textBoxNew textBoxNew link-style\" id=\"textBoxNew-block_3410dfa07efe686a0bba43a8ab4ce84e\">\n\n<h5><span style=\"color: #730030\"><strong>R\u00e8gles administratives<\/strong><\/span><\/h5>\n<p><a href=\"https:\/\/www.barreaudemontreal.qc.ca\/wp-content\/uploads\/regles-administratives-salon-des-avocats.pdf\" target=\"_blank\" rel=\"noopener\">R\u00e8gles administratives du Salon des avocats<\/a><\/p>\n<\/div><\/div>\n<\/div>\n\n\n\n<div style=\"height:60px\" aria-hidden=\"true\" class=\"wp-block-spacer\"><\/div>\n\n\n\n<div class=\"wp-block-columns is-layout-flex wp-container-core-columns-is-layout-9d6595d7 wp-block-columns-is-layout-flex\">\n<div class=\"wp-block-column is-vertically-aligned-center is-layout-flow wp-block-column-is-layout-flow\" style=\"flex-basis:33.34%\"><div class=\"wp-block-image\">\n<figure class=\"alignleft size-full\"><a href=\"https:\/\/lawyersfinancial.ca\/fr\/assurance\/assurance-auto-habitation?utm_source=Barreau%20de%20Montreal&amp;utm_medium=Website&amp;utm_campaign=Logo\" target=\"_blank\" rel=\" noreferrer noopener\"><img decoding=\"async\" src=\"https:\/\/www.barreaudemontreal.qc.ca\/wp-content\/uploads\/hl3.png\" alt=\"\" class=\"wp-image-41765\"\/><\/a><\/figure>\n<\/div><\/div>\n\n\n\n<div class=\"wp-block-column is-vertically-aligned-center is-layout-flow wp-block-column-is-layout-flow\" style=\"flex-basis:33.33%\">\n<figure class=\"wp-block-image size-full\"><a href=\"https:\/\/www.medicassurance.ca\/fr\/association\/barreau-de-montreal\" target=\"_blank\" rel=\" noreferrer noopener\"><img decoding=\"async\" src=\"https:\/\/www.barreaudemontreal.qc.ca\/wp-content\/uploads\/hl4.png\" alt=\"\" class=\"wp-image-41767\"\/><\/a><\/figure>\n<\/div>\n\n\n\n<div class=\"wp-block-column is-layout-flow wp-block-column-is-layout-flow\" style=\"flex-basis:33.34%\"><div class=\"wp-block-image\">\n<figure class=\"alignright size-full\"><a href=\"https:\/\/www.csbq.ca\/\" target=\"_blank\" rel=\" noreferrer noopener\"><img decoding=\"async\" width=\"286\" height=\"60\" src=\"https:\/\/www.barreaudemontreal.qc.ca\/wp-content\/uploads\/hl-csbq-1.png\" alt=\"\" class=\"wp-image-42573\" style=\"object-fit:cover\"\/><\/a><\/figure>\n<\/div><\/div>\n<\/div>\n","protected":false},"excerpt":{"rendered":"<p>&nbsp;<\/p>\n<p><strong><em><span style=\"color: rgb(106, 26, 49);\">Nous vous rappelons que la carte CAIJ est n\u00e9cessaire pour acc\u00e9der au vestiaire am\u00e9nag\u00e9 \u00e0 l\u2019intention des avocats situ\u00e9 au local&nbsp;2.159 (2<sup>e<\/sup> \u00e9tage) du Palais de Justice de Montr\u00e9al.&nbsp; Vous pouvez en faire la demande si ce n&#8217;est d\u00e9j\u00e0 fait,&nbsp;<\/span><a href=\"https:\/\/www.caij.qc.ca\/carte-caij\" target=\"_blank\" rel=\"noopener\"><span style=\"color: rgb(105, 105, 105);\">en ligne<\/span><\/a><span style=\"color: rgb(106, 26, 49);\"> ou en personne (CAIJ | Montr\u00e9al, Palais de Justice, local 17.53).<\/span><\/em><\/strong><\/p>\n","protected":false},"author":3,"featured_media":0,"parent":13575,"menu_order":6,"comment_status":"closed","ping_status":"closed","template":"","meta":{"_acf_changed":false,"_editorskit_title_hidden":false,"_editorskit_reading_time":1,"_editorskit_is_block_options_detached":false,"_editorskit_block_options_position":"{}","inline_featured_image":false,"ngg_post_thumbnail":0,"footnotes":""},"class_list":["post-2890","page","type-page","status-publish","hentry"],"acf":[],"yoast_head":"<!-- This site is optimized with the Yoast SEO plugin v27.3 - https:\/\/yoast.com\/product\/yoast-seo-wordpress\/ -->\n<title>Salon et vestiaires des avocats - Barreau de Montr&eacute;al<\/title>\n<meta name=\"robots\" content=\"index, follow, max-snippet:-1, max-image-preview:large, max-video-preview:-1\" \/>\n<link rel=\"canonical\" href=\"https:\/\/www.barreaudemontreal.qc.ca\/en\/avocats\/services-aux-avocats\/salon-et-vestiaires-des-avocats\/\" \/>\n<meta property=\"og:locale\" content=\"en_US\" \/>\n<meta property=\"og:type\" content=\"article\" \/>\n<meta property=\"og:title\" content=\"Salon et vestiaires des avocats - Barreau de Montr&eacute;al\" \/>\n<meta property=\"og:description\" content=\"&nbsp;Nous vous rappelons que la carte CAIJ est n\u00e9cessaire pour acc\u00e9der au vestiaire am\u00e9nag\u00e9 \u00e0 l\u2019intention des avocats situ\u00e9 au local&nbsp;2.159 (2e \u00e9tage) du Palais de Justice de Montr\u00e9al.&nbsp; Vous pouvez en faire la demande si ce n&#039;est d\u00e9j\u00e0 fait,&nbsp;en ligne ou en personne (CAIJ | Montr\u00e9al, Palais de Justice, local 17.53).\" \/>\n<meta property=\"og:url\" content=\"https:\/\/www.barreaudemontreal.qc.ca\/en\/avocats\/services-aux-avocats\/salon-et-vestiaires-des-avocats\/\" \/>\n<meta property=\"og:site_name\" content=\"Barreau de Montr&eacute;al\" \/>\n<meta property=\"article:modified_time\" content=\"2026-04-01T19:39:01+00:00\" \/>\n<meta property=\"og:image\" content=\"https:\/\/www.barreaudemontreal.qc.ca\/wp-content\/uploads\/hl3-1.png\" \/>\n\t<meta property=\"og:image:width\" content=\"177\" \/>\n\t<meta property=\"og:image:height\" content=\"82\" \/>\n\t<meta property=\"og:image:type\" content=\"image\/png\" \/>\n<meta name=\"twitter:card\" content=\"summary_large_image\" \/>\n<meta name=\"twitter:label1\" content=\"Est. reading time\" \/>\n\t<meta name=\"twitter:data1\" content=\"2 minutes\" \/>\n<script type=\"application\/ld+json\" class=\"yoast-schema-graph\">{\"@context\":\"https:\\\/\\\/schema.org\",\"@graph\":[{\"@type\":\"WebPage\",\"@id\":\"https:\\\/\\\/www.barreaudemontreal.qc.ca\\\/en\\\/avocats\\\/services-aux-avocats\\\/salon-et-vestiaires-des-avocats\\\/\",\"url\":\"https:\\\/\\\/www.barreaudemontreal.qc.ca\\\/en\\\/avocats\\\/services-aux-avocats\\\/salon-et-vestiaires-des-avocats\\\/\",\"name\":\"Salon et vestiaires des avocats - Barreau de Montr&eacute;al\",\"isPartOf\":{\"@id\":\"https:\\\/\\\/www.barreaudemontreal.qc.ca\\\/en\\\/#website\"},\"primaryImageOfPage\":{\"@id\":\"https:\\\/\\\/www.barreaudemontreal.qc.ca\\\/en\\\/avocats\\\/services-aux-avocats\\\/salon-et-vestiaires-des-avocats\\\/#primaryimage\"},\"image\":{\"@id\":\"https:\\\/\\\/www.barreaudemontreal.qc.ca\\\/en\\\/avocats\\\/services-aux-avocats\\\/salon-et-vestiaires-des-avocats\\\/#primaryimage\"},\"thumbnailUrl\":\"https:\\\/\\\/www.barreaudemontreal.qc.ca\\\/wp-content\\\/uploads\\\/hl3.png\",\"datePublished\":\"2018-10-04T01:17:37+00:00\",\"dateModified\":\"2026-04-01T19:39:01+00:00\",\"breadcrumb\":{\"@id\":\"https:\\\/\\\/www.barreaudemontreal.qc.ca\\\/en\\\/avocats\\\/services-aux-avocats\\\/salon-et-vestiaires-des-avocats\\\/#breadcrumb\"},\"inLanguage\":\"en-US\",\"potentialAction\":[{\"@type\":\"ReadAction\",\"target\":[\"https:\\\/\\\/www.barreaudemontreal.qc.ca\\\/en\\\/avocats\\\/services-aux-avocats\\\/salon-et-vestiaires-des-avocats\\\/\"]}]},{\"@type\":\"ImageObject\",\"inLanguage\":\"en-US\",\"@id\":\"https:\\\/\\\/www.barreaudemontreal.qc.ca\\\/en\\\/avocats\\\/services-aux-avocats\\\/salon-et-vestiaires-des-avocats\\\/#primaryimage\",\"url\":\"https:\\\/\\\/www.barreaudemontreal.qc.ca\\\/wp-content\\\/uploads\\\/hl3.png\",\"contentUrl\":\"https:\\\/\\\/www.barreaudemontreal.qc.ca\\\/wp-content\\\/uploads\\\/hl3.png\"},{\"@type\":\"BreadcrumbList\",\"@id\":\"https:\\\/\\\/www.barreaudemontreal.qc.ca\\\/en\\\/avocats\\\/services-aux-avocats\\\/salon-et-vestiaires-des-avocats\\\/#breadcrumb\",\"itemListElement\":[{\"@type\":\"ListItem\",\"position\":1,\"name\":\"Home\",\"item\":\"https:\\\/\\\/www.barreaudemontreal.qc.ca\\\/en\\\/\"},{\"@type\":\"ListItem\",\"position\":2,\"name\":\"Avocats\",\"item\":\"https:\\\/\\\/www.barreaudemontreal.qc.ca\\\/en\\\/avocats\\\/\"},{\"@type\":\"ListItem\",\"position\":3,\"name\":\"Services aux avocats\",\"item\":\"https:\\\/\\\/www.barreaudemontreal.qc.ca\\\/en\\\/avocats\\\/services-aux-avocats\\\/\"},{\"@type\":\"ListItem\",\"position\":4,\"name\":\"Salon et vestiaires des avocats\"}]},{\"@type\":\"WebSite\",\"@id\":\"https:\\\/\\\/www.barreaudemontreal.qc.ca\\\/en\\\/#website\",\"url\":\"https:\\\/\\\/www.barreaudemontreal.qc.ca\\\/en\\\/\",\"name\":\"Barreau de Montr&eacute;al\",\"description\":\"La plus grande section du Barreau du Qu&eacute;bec\",\"potentialAction\":[{\"@type\":\"SearchAction\",\"target\":{\"@type\":\"EntryPoint\",\"urlTemplate\":\"https:\\\/\\\/www.barreaudemontreal.qc.ca\\\/en\\\/?s={search_term_string}\"},\"query-input\":{\"@type\":\"PropertyValueSpecification\",\"valueRequired\":true,\"valueName\":\"search_term_string\"}}],\"inLanguage\":\"en-US\"}]}<\/script>\n<!-- \/ Yoast SEO plugin. -->","yoast_head_json":{"title":"Salon et vestiaires des avocats - Barreau de Montr&eacute;al","robots":{"index":"index","follow":"follow","max-snippet":"max-snippet:-1","max-image-preview":"max-image-preview:large","max-video-preview":"max-video-preview:-1"},"canonical":"https:\/\/www.barreaudemontreal.qc.ca\/en\/avocats\/services-aux-avocats\/salon-et-vestiaires-des-avocats\/","og_locale":"en_US","og_type":"article","og_title":"Salon et vestiaires des avocats - Barreau de Montr&eacute;al","og_description":"&nbsp;Nous vous rappelons que la carte CAIJ est n\u00e9cessaire pour acc\u00e9der au vestiaire am\u00e9nag\u00e9 \u00e0 l\u2019intention des avocats situ\u00e9 au local&nbsp;2.159 (2e \u00e9tage) du Palais de Justice de Montr\u00e9al.&nbsp; Vous pouvez en faire la demande si ce n'est d\u00e9j\u00e0 fait,&nbsp;en ligne ou en personne (CAIJ | Montr\u00e9al, Palais de Justice, local 17.53).","og_url":"https:\/\/www.barreaudemontreal.qc.ca\/en\/avocats\/services-aux-avocats\/salon-et-vestiaires-des-avocats\/","og_site_name":"Barreau de Montr&eacute;al","article_modified_time":"2026-04-01T19:39:01+00:00","og_image":[{"width":177,"height":82,"url":"https:\/\/www.barreaudemontreal.qc.ca\/wp-content\/uploads\/hl3-1.png","type":"image\/png"}],"twitter_card":"summary_large_image","twitter_misc":{"Est. reading time":"2 minutes"},"schema":{"@context":"https:\/\/schema.org","@graph":[{"@type":"WebPage","@id":"https:\/\/www.barreaudemontreal.qc.ca\/en\/avocats\/services-aux-avocats\/salon-et-vestiaires-des-avocats\/","url":"https:\/\/www.barreaudemontreal.qc.ca\/en\/avocats\/services-aux-avocats\/salon-et-vestiaires-des-avocats\/","name":"Salon et vestiaires des avocats - Barreau de Montr&eacute;al","isPartOf":{"@id":"https:\/\/www.barreaudemontreal.qc.ca\/en\/#website"},"primaryImageOfPage":{"@id":"https:\/\/www.barreaudemontreal.qc.ca\/en\/avocats\/services-aux-avocats\/salon-et-vestiaires-des-avocats\/#primaryimage"},"image":{"@id":"https:\/\/www.barreaudemontreal.qc.ca\/en\/avocats\/services-aux-avocats\/salon-et-vestiaires-des-avocats\/#primaryimage"},"thumbnailUrl":"https:\/\/www.barreaudemontreal.qc.ca\/wp-content\/uploads\/hl3.png","datePublished":"2018-10-04T01:17:37+00:00","dateModified":"2026-04-01T19:39:01+00:00","breadcrumb":{"@id":"https:\/\/www.barreaudemontreal.qc.ca\/en\/avocats\/services-aux-avocats\/salon-et-vestiaires-des-avocats\/#breadcrumb"},"inLanguage":"en-US","potentialAction":[{"@type":"ReadAction","target":["https:\/\/www.barreaudemontreal.qc.ca\/en\/avocats\/services-aux-avocats\/salon-et-vestiaires-des-avocats\/"]}]},{"@type":"ImageObject","inLanguage":"en-US","@id":"https:\/\/www.barreaudemontreal.qc.ca\/en\/avocats\/services-aux-avocats\/salon-et-vestiaires-des-avocats\/#primaryimage","url":"https:\/\/www.barreaudemontreal.qc.ca\/wp-content\/uploads\/hl3.png","contentUrl":"https:\/\/www.barreaudemontreal.qc.ca\/wp-content\/uploads\/hl3.png"},{"@type":"BreadcrumbList","@id":"https:\/\/www.barreaudemontreal.qc.ca\/en\/avocats\/services-aux-avocats\/salon-et-vestiaires-des-avocats\/#breadcrumb","itemListElement":[{"@type":"ListItem","position":1,"name":"Home","item":"https:\/\/www.barreaudemontreal.qc.ca\/en\/"},{"@type":"ListItem","position":2,"name":"Avocats","item":"https:\/\/www.barreaudemontreal.qc.ca\/en\/avocats\/"},{"@type":"ListItem","position":3,"name":"Services aux avocats","item":"https:\/\/www.barreaudemontreal.qc.ca\/en\/avocats\/services-aux-avocats\/"},{"@type":"ListItem","position":4,"name":"Salon et vestiaires des avocats"}]},{"@type":"WebSite","@id":"https:\/\/www.barreaudemontreal.qc.ca\/en\/#website","url":"https:\/\/www.barreaudemontreal.qc.ca\/en\/","name":"Barreau de Montr&eacute;al","description":"La plus grande section du Barreau du Qu&eacute;bec","potentialAction":[{"@type":"SearchAction","target":{"@type":"EntryPoint","urlTemplate":"https:\/\/www.barreaudemontreal.qc.ca\/en\/?s={search_term_string}"},"query-input":{"@type":"PropertyValueSpecification","valueRequired":true,"valueName":"search_term_string"}}],"inLanguage":"en-US"}]}},"_links":{"self":[{"href":"https:\/\/www.barreaudemontreal.qc.ca\/en\/wp-json\/wp\/v2\/pages\/2890","targetHints":{"allow":["GET"]}}],"collection":[{"href":"https:\/\/www.barreaudemontreal.qc.ca\/en\/wp-json\/wp\/v2\/pages"}],"about":[{"href":"https:\/\/www.barreaudemontreal.qc.ca\/en\/wp-json\/wp\/v2\/types\/page"}],"author":[{"embeddable":true,"href":"https:\/\/www.barreaudemontreal.qc.ca\/en\/wp-json\/wp\/v2\/users\/3"}],"replies":[{"embeddable":true,"href":"https:\/\/www.barreaudemontreal.qc.ca\/en\/wp-json\/wp\/v2\/comments?post=2890"}],"version-history":[{"count":2,"href":"https:\/\/www.barreaudemontreal.qc.ca\/en\/wp-json\/wp\/v2\/pages\/2890\/revisions"}],"predecessor-version":[{"id":49264,"href":"https:\/\/www.barreaudemontreal.qc.ca\/en\/wp-json\/wp\/v2\/pages\/2890\/revisions\/49264"}],"up":[{"embeddable":true,"href":"https:\/\/www.barreaudemontreal.qc.ca\/en\/wp-json\/wp\/v2\/pages\/13575"}],"wp:attachment":[{"href":"https:\/\/www.barreaudemontreal.qc.ca\/en\/wp-json\/wp\/v2\/media?parent=2890"}],"curies":[{"name":"wp","href":"https:\/\/api.w.org\/{rel}","templated":true}]}}