{"id":2686,"date":"2018-02-14T21:21:30","date_gmt":"2018-02-14T21:21:30","guid":{"rendered":"http:\/\/barreau.stagingminimalmtl.com\/equilibre\/"},"modified":"2025-08-25T16:06:16","modified_gmt":"2025-08-25T20:06:16","slug":"equilibre","status":"publish","type":"page","link":"https:\/\/www.barreaudemontreal.qc.ca\/en\/avocats\/outils\/equilibre\/","title":{"rendered":"\u00c9quilibre de vie"},"content":{"rendered":"<p>Le Barreau de Montr\u00e9al accorde une grande importance \u00e0 la sant\u00e9 financi\u00e8re, mentale et physique de ses membres. C\u2019est pourquoi, en collaboration avec le comit\u00e9 Relations avec les membres, il a mis en place trois campagnes visant \u00e0 promouvoir un mode de vie sain, tant au travail qu\u2019\u00e0 la maison :<\/p>\n<p>&nbsp;<\/p>\n\n\n<div class=\"wp-block-columns are-vertically-aligned-center is-layout-flex wp-container-core-columns-is-layout-9d6595d7 wp-block-columns-is-layout-flex\">\n<div class=\"wp-block-column is-vertically-aligned-center is-layout-flow wp-block-column-is-layout-flow\">\n<figure class=\"wp-block-image size-full\"><img decoding=\"async\" width=\"1725\" height=\"1725\" src=\"https:\/\/www.barreaudemontreal.qc.ca\/wp-content\/uploads\/en-argent-2025-2-edited.jpg\" alt=\"\" class=\"wp-image-39663\"\/><\/figure>\n<\/div>\n\n\n\n<div class=\"wp-block-column is-vertically-aligned-center is-layout-flow wp-block-column-is-layout-flow\">\n<h2 class=\"wp-block-heading\">Campagne sur la sant\u00e9 financi\u00e8re \u00ab&nbsp;EN-ARGENT&nbsp;\u00bb<\/h2>\n\n\n\n<p>La campagne EN-ARGENT propose des capsules informatives, b\u00e2ties sur mesure pour les avocats. Anim\u00e9es par Natasha Black, planificatrice financi\u00e8re, elles offrent des conseils pratiques pour une saine planification financi\u00e8re.<\/p>\n\n\n\n<div class=\"wp-block-buttons is-layout-flex wp-block-buttons-is-layout-flex\">\n<div class=\"wp-block-button\"><a class=\"wp-block-button__link has-white-color has-text-color has-background has-normal-font-size has-custom-font-size wp-element-button\" href=\"https:\/\/www.barreaudemontreal.qc.ca\/?page_id=39433\" style=\"border-radius:1px;background-color:#730030\">Visionner les capsules<\/a><\/div>\n<\/div>\n<\/div>\n<\/div>\n\n\n\n<div class=\"wp-block-columns are-vertically-aligned-center is-layout-flex wp-container-core-columns-is-layout-9d6595d7 wp-block-columns-is-layout-flex\">\n<div class=\"wp-block-column is-vertically-aligned-center is-layout-flow wp-block-column-is-layout-flow\">\n<h2 class=\"wp-block-heading\">Campagne sur la sant\u00e9 mentale \u00ab&nbsp;EN-T\u00caTE&nbsp;\u00bb<\/h2>\n\n\n\n<p>La campagne EN-T\u00caTE propose des capsules d\u2019information de la psychologue Rose-Marie Charest portant sur la sant\u00e9 mentale, un fondement du fonctionnement personnel et professionnel. Elle y traite de diff\u00e9rents th\u00e8mes li\u00e9s \u00e0 la sant\u00e9 mentale et prodigue des conseils pour pr\u00e9server un juste \u00e9quilibre.<\/p>\n\n\n\n<div class=\"wp-block-buttons is-layout-flex wp-block-buttons-is-layout-flex\">\n<div class=\"wp-block-button\"><a class=\"wp-block-button__link has-white-color has-text-color has-background has-normal-font-size has-custom-font-size wp-element-button\" href=\"https:\/\/www.barreaudemontreal.qc.ca\/avocats\/outils\/equilibre\/campagne-sur-la-sante-mentale-en-tete\/\" style=\"border-radius:1px;background-color:#730030\">Visionner les capsules<\/a><\/div>\n<\/div>\n<\/div>\n\n\n\n<div class=\"wp-block-column is-vertically-aligned-center is-layout-flow wp-block-column-is-layout-flow\">\n<figure class=\"wp-block-image size-full\"><a href=\"https:\/\/www.barreaudemontreal.qc.ca\/avocats\/outils\/equilibre\/campagne-sur-la-sante-mentale-en-tete\/\"><img decoding=\"async\" width=\"700\" height=\"700\" src=\"https:\/\/www.barreaudemontreal.qc.ca\/wp-content\/uploads\/bt-equilibre_de_vie-santementale-2.png\" alt=\"\" class=\"wp-image-2678\"\/><\/a><\/figure>\n<\/div>\n<\/div>\n\n\n\n<div class=\"wp-block-columns are-vertically-aligned-center is-layout-flex wp-container-core-columns-is-layout-9d6595d7 wp-block-columns-is-layout-flex\">\n<div class=\"wp-block-column is-vertically-aligned-center is-layout-flow wp-block-column-is-layout-flow\">\n<figure class=\"wp-block-image size-full\"><a href=\"https:\/\/www.barreaudemontreal.qc.ca\/avocats\/outils\/equilibre\/campagne-sur-la-sante-physique-en-corps\/\"><img decoding=\"async\" width=\"700\" height=\"700\" src=\"https:\/\/www.barreaudemontreal.qc.ca\/wp-content\/uploads\/bt-equilibre_de_vie-santephysique-2_0.png\" alt=\"\" class=\"wp-image-2680\"\/><\/a><\/figure>\n<\/div>\n\n\n\n<div class=\"wp-block-column is-vertically-aligned-center is-layout-flow wp-block-column-is-layout-flow\">\n<h2 class=\"wp-block-heading\">Campagne sur la sant\u00e9 physique \u00ab&nbsp;EN-CORPS&nbsp;\u00bb<\/h2>\n\n\n\n<p>La campagne EN-CORPS propose des capsules d\u2019information et de conseils pratiques portant sur la sant\u00e9 physique. Elles mettent en vedette les Drs Martin Juneau, cardiologue et directeur de la pr\u00e9vention et de la r\u00e9adaptation cardiovasculaire \u00e0 l\u2019Institut Cardiologie de Montr\u00e9al (ICM), et Louis Bherer, neuropsychologue et chercheur \u00e0 l\u2019ICM.<\/p>\n\n\n\n<div class=\"wp-block-buttons is-layout-flex wp-block-buttons-is-layout-flex\">\n<div class=\"wp-block-button\"><a class=\"wp-block-button__link has-white-color has-text-color has-background has-normal-font-size has-custom-font-size wp-element-button\" href=\"https:\/\/www.barreaudemontreal.qc.ca\/avocats\/outils\/equilibre\/campagne-sur-la-sante-physique-en-corps\/\" style=\"border-radius:1px;background-color:#730030\">Visionner les capsules<\/a><\/div>\n<\/div>\n<\/div>\n<\/div>\n\n\n\n<div style=\"height:100px\" aria-hidden=\"true\" class=\"wp-block-spacer\"><\/div>\n\n\n\n<div class=\"wp-block-columns is-layout-flex wp-container-core-columns-is-layout-9d6595d7 wp-block-columns-is-layout-flex\">\n<div class=\"wp-block-column is-vertically-aligned-center is-layout-flow wp-block-column-is-layout-flow\" style=\"flex-basis:33.34%\"><div class=\"wp-block-image\">\n<figure class=\"alignleft size-full\"><a href=\"https:\/\/lawyersfinancial.ca\/fr\/assurance\/assurance-auto-habitation?utm_source=Barreau%20de%20Montreal&amp;utm_medium=Website&amp;utm_campaign=Logo\" target=\"_blank\" rel=\" noreferrer noopener\"><img decoding=\"async\" src=\"https:\/\/www.barreaudemontreal.qc.ca\/wp-content\/uploads\/hl3.png\" alt=\"\" class=\"wp-image-41765\"\/><\/a><\/figure>\n<\/div><\/div>\n\n\n\n<div class=\"wp-block-column is-vertically-aligned-center is-layout-flow wp-block-column-is-layout-flow\" style=\"flex-basis:33.33%\">\n<figure class=\"wp-block-image size-full\"><a href=\"https:\/\/www.medicassurance.ca\/fr\/association\/barreau-de-montreal\" target=\"_blank\" rel=\" noreferrer noopener\"><img decoding=\"async\" src=\"https:\/\/www.barreaudemontreal.qc.ca\/wp-content\/uploads\/hl4.png\" alt=\"\" class=\"wp-image-41767\"\/><\/a><\/figure>\n<\/div>\n\n\n\n<div class=\"wp-block-column is-layout-flow wp-block-column-is-layout-flow\" style=\"flex-basis:33.34%\"><div class=\"wp-block-image\">\n<figure class=\"alignright size-full\"><a href=\"https:\/\/www.csbq.ca\/\" target=\"_blank\" rel=\" noreferrer noopener\"><img decoding=\"async\" width=\"286\" height=\"60\" src=\"https:\/\/www.barreaudemontreal.qc.ca\/wp-content\/uploads\/hl-csbq-1.png\" alt=\"\" class=\"wp-image-42573\" style=\"object-fit:cover\"\/><\/a><\/figure>\n<\/div><\/div>\n<\/div>\n","protected":false},"excerpt":{"rendered":"<p><a href=\"https:\/\/www.barreaudemontreal.qc.ca\/avocats\/campagne-sur-la-sante-mentale-en-tete\"><img decoding=\"async\" alt=\"\" longdesc=\"\u00c0 venir\" src=\"https:\/\/www.barreaudemontreal.qc.ca\/wp-content\/uploads\/2018\/02\/bt-equilibre_de_vie-santementale-2.png\" style=\"width: 350px; height: 350px; margin-top: 5px; margin-bottom: 5px;\"><\/a><a href=\"https:\/\/www.barreaudemontreal.qc.ca\/avocats\/campagne-sur-la-sante-physique-en-corps\"><img decoding=\"async\" alt=\"\" longdesc=\"\u00c0 venir\" src=\"https:\/\/www.barreaudemontreal.qc.ca\/wp-content\/uploads\/2018\/02\/bt-equilibre_de_vie-santephysique-2_0.png\" style=\"width: 350px; height: 350px; margin: 5px;\"><\/a><\/p>\n","protected":false},"author":3,"featured_media":2678,"parent":22898,"menu_order":20,"comment_status":"closed","ping_status":"closed","template":"","meta":{"_acf_changed":false,"_editorskit_title_hidden":false,"_editorskit_reading_time":1,"_editorskit_is_block_options_detached":false,"_editorskit_block_options_position":"{}","inline_featured_image":false,"ngg_post_thumbnail":0,"footnotes":""},"class_list":["post-2686","page","type-page","status-publish","has-post-thumbnail","hentry"],"acf":[],"yoast_head":"<!-- This site is optimized with the Yoast SEO plugin v27.3 - https:\/\/yoast.com\/product\/yoast-seo-wordpress\/ -->\n<title>\u00c9quilibre de vie - Barreau de Montr&eacute;al<\/title>\n<meta name=\"robots\" content=\"index, follow, max-snippet:-1, max-image-preview:large, max-video-preview:-1\" \/>\n<link rel=\"canonical\" href=\"https:\/\/www.barreaudemontreal.qc.ca\/en\/avocats\/outils\/equilibre\/\" \/>\n<meta property=\"og:locale\" content=\"en_US\" \/>\n<meta property=\"og:type\" content=\"article\" \/>\n<meta property=\"og:title\" content=\"\u00c9quilibre de vie - Barreau de Montr&eacute;al\" \/>\n<meta property=\"og:url\" content=\"https:\/\/www.barreaudemontreal.qc.ca\/en\/avocats\/outils\/equilibre\/\" \/>\n<meta property=\"og:site_name\" content=\"Barreau de Montr&eacute;al\" \/>\n<meta property=\"article:modified_time\" content=\"2025-08-25T20:06:16+00:00\" \/>\n<meta property=\"og:image\" content=\"https:\/\/www.barreaudemontreal.qc.ca\/wp-content\/uploads\/bt-equilibre_de_vie-santementale-2.png\" \/>\n\t<meta property=\"og:image:width\" content=\"700\" \/>\n\t<meta property=\"og:image:height\" content=\"700\" \/>\n\t<meta property=\"og:image:type\" content=\"image\/png\" \/>\n<meta name=\"twitter:card\" content=\"summary_large_image\" \/>\n<meta name=\"twitter:label1\" content=\"Est. reading time\" \/>\n\t<meta name=\"twitter:data1\" content=\"3 minutes\" \/>\n<script type=\"application\/ld+json\" class=\"yoast-schema-graph\">{\"@context\":\"https:\\\/\\\/schema.org\",\"@graph\":[{\"@type\":\"WebPage\",\"@id\":\"https:\\\/\\\/www.barreaudemontreal.qc.ca\\\/en\\\/avocats\\\/outils\\\/equilibre\\\/\",\"url\":\"https:\\\/\\\/www.barreaudemontreal.qc.ca\\\/en\\\/avocats\\\/outils\\\/equilibre\\\/\",\"name\":\"\u00c9quilibre de vie - Barreau de Montr&eacute;al\",\"isPartOf\":{\"@id\":\"https:\\\/\\\/www.barreaudemontreal.qc.ca\\\/en\\\/#website\"},\"primaryImageOfPage\":{\"@id\":\"https:\\\/\\\/www.barreaudemontreal.qc.ca\\\/en\\\/avocats\\\/outils\\\/equilibre\\\/#primaryimage\"},\"image\":{\"@id\":\"https:\\\/\\\/www.barreaudemontreal.qc.ca\\\/en\\\/avocats\\\/outils\\\/equilibre\\\/#primaryimage\"},\"thumbnailUrl\":\"https:\\\/\\\/www.barreaudemontreal.qc.ca\\\/wp-content\\\/uploads\\\/bt-equilibre_de_vie-santementale-2.png\",\"datePublished\":\"2018-02-14T21:21:30+00:00\",\"dateModified\":\"2025-08-25T20:06:16+00:00\",\"breadcrumb\":{\"@id\":\"https:\\\/\\\/www.barreaudemontreal.qc.ca\\\/en\\\/avocats\\\/outils\\\/equilibre\\\/#breadcrumb\"},\"inLanguage\":\"en-US\",\"potentialAction\":[{\"@type\":\"ReadAction\",\"target\":[\"https:\\\/\\\/www.barreaudemontreal.qc.ca\\\/en\\\/avocats\\\/outils\\\/equilibre\\\/\"]}]},{\"@type\":\"ImageObject\",\"inLanguage\":\"en-US\",\"@id\":\"https:\\\/\\\/www.barreaudemontreal.qc.ca\\\/en\\\/avocats\\\/outils\\\/equilibre\\\/#primaryimage\",\"url\":\"https:\\\/\\\/www.barreaudemontreal.qc.ca\\\/wp-content\\\/uploads\\\/bt-equilibre_de_vie-santementale-2.png\",\"contentUrl\":\"https:\\\/\\\/www.barreaudemontreal.qc.ca\\\/wp-content\\\/uploads\\\/bt-equilibre_de_vie-santementale-2.png\",\"width\":700,\"height\":700},{\"@type\":\"BreadcrumbList\",\"@id\":\"https:\\\/\\\/www.barreaudemontreal.qc.ca\\\/en\\\/avocats\\\/outils\\\/equilibre\\\/#breadcrumb\",\"itemListElement\":[{\"@type\":\"ListItem\",\"position\":1,\"name\":\"Home\",\"item\":\"https:\\\/\\\/www.barreaudemontreal.qc.ca\\\/en\\\/\"},{\"@type\":\"ListItem\",\"position\":2,\"name\":\"Avocats\",\"item\":\"https:\\\/\\\/www.barreaudemontreal.qc.ca\\\/en\\\/avocats\\\/\"},{\"@type\":\"ListItem\",\"position\":3,\"name\":\"Outils\",\"item\":\"https:\\\/\\\/www.barreaudemontreal.qc.ca\\\/en\\\/avocats\\\/outils\\\/\"},{\"@type\":\"ListItem\",\"position\":4,\"name\":\"\u00c9quilibre de vie\"}]},{\"@type\":\"WebSite\",\"@id\":\"https:\\\/\\\/www.barreaudemontreal.qc.ca\\\/en\\\/#website\",\"url\":\"https:\\\/\\\/www.barreaudemontreal.qc.ca\\\/en\\\/\",\"name\":\"Barreau de Montr&eacute;al\",\"description\":\"La plus grande section du Barreau du Qu&eacute;bec\",\"potentialAction\":[{\"@type\":\"SearchAction\",\"target\":{\"@type\":\"EntryPoint\",\"urlTemplate\":\"https:\\\/\\\/www.barreaudemontreal.qc.ca\\\/en\\\/?s={search_term_string}\"},\"query-input\":{\"@type\":\"PropertyValueSpecification\",\"valueRequired\":true,\"valueName\":\"search_term_string\"}}],\"inLanguage\":\"en-US\"}]}<\/script>\n<!-- \/ Yoast SEO plugin. -->","yoast_head_json":{"title":"\u00c9quilibre de vie - Barreau de Montr&eacute;al","robots":{"index":"index","follow":"follow","max-snippet":"max-snippet:-1","max-image-preview":"max-image-preview:large","max-video-preview":"max-video-preview:-1"},"canonical":"https:\/\/www.barreaudemontreal.qc.ca\/en\/avocats\/outils\/equilibre\/","og_locale":"en_US","og_type":"article","og_title":"\u00c9quilibre de vie - Barreau de Montr&eacute;al","og_url":"https:\/\/www.barreaudemontreal.qc.ca\/en\/avocats\/outils\/equilibre\/","og_site_name":"Barreau de Montr&eacute;al","article_modified_time":"2025-08-25T20:06:16+00:00","og_image":[{"width":700,"height":700,"url":"https:\/\/www.barreaudemontreal.qc.ca\/wp-content\/uploads\/bt-equilibre_de_vie-santementale-2.png","type":"image\/png"}],"twitter_card":"summary_large_image","twitter_misc":{"Est. reading time":"3 minutes"},"schema":{"@context":"https:\/\/schema.org","@graph":[{"@type":"WebPage","@id":"https:\/\/www.barreaudemontreal.qc.ca\/en\/avocats\/outils\/equilibre\/","url":"https:\/\/www.barreaudemontreal.qc.ca\/en\/avocats\/outils\/equilibre\/","name":"\u00c9quilibre de vie - Barreau de Montr&eacute;al","isPartOf":{"@id":"https:\/\/www.barreaudemontreal.qc.ca\/en\/#website"},"primaryImageOfPage":{"@id":"https:\/\/www.barreaudemontreal.qc.ca\/en\/avocats\/outils\/equilibre\/#primaryimage"},"image":{"@id":"https:\/\/www.barreaudemontreal.qc.ca\/en\/avocats\/outils\/equilibre\/#primaryimage"},"thumbnailUrl":"https:\/\/www.barreaudemontreal.qc.ca\/wp-content\/uploads\/bt-equilibre_de_vie-santementale-2.png","datePublished":"2018-02-14T21:21:30+00:00","dateModified":"2025-08-25T20:06:16+00:00","breadcrumb":{"@id":"https:\/\/www.barreaudemontreal.qc.ca\/en\/avocats\/outils\/equilibre\/#breadcrumb"},"inLanguage":"en-US","potentialAction":[{"@type":"ReadAction","target":["https:\/\/www.barreaudemontreal.qc.ca\/en\/avocats\/outils\/equilibre\/"]}]},{"@type":"ImageObject","inLanguage":"en-US","@id":"https:\/\/www.barreaudemontreal.qc.ca\/en\/avocats\/outils\/equilibre\/#primaryimage","url":"https:\/\/www.barreaudemontreal.qc.ca\/wp-content\/uploads\/bt-equilibre_de_vie-santementale-2.png","contentUrl":"https:\/\/www.barreaudemontreal.qc.ca\/wp-content\/uploads\/bt-equilibre_de_vie-santementale-2.png","width":700,"height":700},{"@type":"BreadcrumbList","@id":"https:\/\/www.barreaudemontreal.qc.ca\/en\/avocats\/outils\/equilibre\/#breadcrumb","itemListElement":[{"@type":"ListItem","position":1,"name":"Home","item":"https:\/\/www.barreaudemontreal.qc.ca\/en\/"},{"@type":"ListItem","position":2,"name":"Avocats","item":"https:\/\/www.barreaudemontreal.qc.ca\/en\/avocats\/"},{"@type":"ListItem","position":3,"name":"Outils","item":"https:\/\/www.barreaudemontreal.qc.ca\/en\/avocats\/outils\/"},{"@type":"ListItem","position":4,"name":"\u00c9quilibre de vie"}]},{"@type":"WebSite","@id":"https:\/\/www.barreaudemontreal.qc.ca\/en\/#website","url":"https:\/\/www.barreaudemontreal.qc.ca\/en\/","name":"Barreau de Montr&eacute;al","description":"La plus grande section du Barreau du Qu&eacute;bec","potentialAction":[{"@type":"SearchAction","target":{"@type":"EntryPoint","urlTemplate":"https:\/\/www.barreaudemontreal.qc.ca\/en\/?s={search_term_string}"},"query-input":{"@type":"PropertyValueSpecification","valueRequired":true,"valueName":"search_term_string"}}],"inLanguage":"en-US"}]}},"_links":{"self":[{"href":"https:\/\/www.barreaudemontreal.qc.ca\/en\/wp-json\/wp\/v2\/pages\/2686","targetHints":{"allow":["GET"]}}],"collection":[{"href":"https:\/\/www.barreaudemontreal.qc.ca\/en\/wp-json\/wp\/v2\/pages"}],"about":[{"href":"https:\/\/www.barreaudemontreal.qc.ca\/en\/wp-json\/wp\/v2\/types\/page"}],"author":[{"embeddable":true,"href":"https:\/\/www.barreaudemontreal.qc.ca\/en\/wp-json\/wp\/v2\/users\/3"}],"replies":[{"embeddable":true,"href":"https:\/\/www.barreaudemontreal.qc.ca\/en\/wp-json\/wp\/v2\/comments?post=2686"}],"version-history":[{"count":0,"href":"https:\/\/www.barreaudemontreal.qc.ca\/en\/wp-json\/wp\/v2\/pages\/2686\/revisions"}],"up":[{"embeddable":true,"href":"https:\/\/www.barreaudemontreal.qc.ca\/en\/wp-json\/wp\/v2\/pages\/22898"}],"wp:featuredmedia":[{"embeddable":true,"href":"https:\/\/www.barreaudemontreal.qc.ca\/en\/wp-json\/wp\/v2\/media\/2678"}],"wp:attachment":[{"href":"https:\/\/www.barreaudemontreal.qc.ca\/en\/wp-json\/wp\/v2\/media?parent=2686"}],"curies":[{"name":"wp","href":"https:\/\/api.w.org\/{rel}","templated":true}]}}