{"id":25344,"date":"2025-04-10T01:00:00","date_gmt":"2025-04-10T05:00:00","guid":{"rendered":"http:\/\/barreau.stagingminimalmtl.com\/?page_id=25344"},"modified":"2026-04-21T18:44:08","modified_gmt":"2026-04-21T22:44:08","slug":"comites-simpliquer","status":"publish","type":"page","link":"https:\/\/www.barreaudemontreal.qc.ca\/en\/avocats\/simpliquer\/comites-simpliquer\/","title":{"rendered":"Comit\u00e9s"},"content":{"rendered":"\n<div style=\"height:40px\" aria-hidden=\"true\" class=\"wp-block-spacer\"><\/div>\n\n\n\n<p>Si\u00e9ger au sein d\u2019un comit\u00e9 du Barreau de Montr\u00e9al, c\u2019est \u00eatre un acteur du changement dans l\u2019\u00e9cosyst\u00e8me juridique Montr\u00e9alais et contribuer activement \u00e0 une justice accessible \u00e0 tous.<\/p>\n\n\n\n<p>Toutes les ann\u00e9es, le Barreau de Montr\u00e9al recrute des membres de la section pour ses comit\u00e9s, ses comit\u00e9s de liaison avec la magistrature, ses comit\u00e9s du conseil ou ses comit\u00e9s de travail.<\/p>\n\n\n\n    <style>\n        div.panel {\n            display: none;\n        }\n\n        div.panel.show {\n            display: block !important;\n        }\n    <\/style>\n    <div class=\"accordionSection funFile\">\n            <\/div>\n    <script>\n        var acc = document.getElementsByClassName(\"accordion\");\n        var panel = document.getElementsByClassName('panel');\n\n        for (var i = 0; i < acc.length; i++) {\n            acc[i].onclick = function () {\n                var setClasses = !this.classList.contains('active');\n                setClass(acc, 'active', 'remove');\n                setClass(panel, 'show', 'remove');\n\n                if (setClasses) {\n                    this.classList.toggle(\"active\");\n                    this.nextElementSibling.classList.toggle(\"show\");\n                }\n            }\n        }\n\n        function setClass(els, className, fnName) {\n            for (var i = 0; i < els.length; i++) {\n                els[i].classList[fnName](className);\n            }\n        }\n\n    <\/script>    \n    \n\n\n    <style>\n        div.panel {\n            display: none;\n        }\n\n        div.panel.show {\n            display: block !important;\n        }\n    <\/style>\n    <div class=\"accoSection\">\n\n\n\n                    <div class=\"\" id=\"accordionExample\">\n                \n                    <div class=\"card cardMain \">\n                        <div class=\"cardHeader \" id=\"heading-1\">\n\n                            <div class=\"cardIn collapsed\" type=\"button\" \n                                 data-toggle=\"collapse\" data-target=\"#collapse-1\" \n                                 aria-expanded=\"true\" aria-controls=\"collapse-1\">\n                                <h6>Comit\u00e9s r\u00e9guliers<\/h6>\n                            <\/div>\n\n                        <\/div>\n\n                        <div id=\"collapse-1\" class=\" collapse\" \n                             aria-labelledby=\"heading-1\" \n                             data-parent=\"#accordionExample\">\n                            <div class=\"cardBody \">\n                                <p>Il s\u2019agit des comit\u00e9s non d\u00e9cisionnels compos\u00e9s de membres de la section qui travaillent \u00e0 proposer des outils, des formations, des activit\u00e9s et des initiatives en lien avec la mission de protection du public ou pour soutenir les membres dans l\u2019exercice de la profession.<\/p>\n<ul>\n<li><a href=\"https:\/\/www.barreaudemontreal.qc.ca\/en\/comites\/acces-a-la-justice-en-langue-anglaise\/\" target=\"_blank\" rel=\"noopener\">Acc\u00e8s \u00e0 la justice en langue anglaise<\/a><\/li>\n<li><a href=\"https:\/\/www.barreaudemontreal.qc.ca\/en\/comites\/administration-de-la-justice-en-matiere-criminelle\/\" target=\"_blank\" rel=\"noopener\">Administration de la justice en mati\u00e8re criminelle<\/a><\/li>\n<li><a href=\"https:\/\/www.barreaudemontreal.qc.ca\/en\/comites\/equite-diversite-et-inclusion-edi\/\" target=\"_blank\" rel=\"noopener\">\u00c9quit\u00e9, diversit\u00e9, inclusion (\u00c9DI)<\/a><\/li>\n<li><a href=\"https:\/\/www.barreaudemontreal.qc.ca\/en\/comites\/ethique\/\" target=\"_blank\" rel=\"noopener\">\u00c9thique et professionnalisme des avocats<\/a><\/li>\n<li><a href=\"https:\/\/www.barreaudemontreal.qc.ca\/en\/comites\/formation\/\" target=\"_blank\" rel=\"noopener\">Formation<\/a><\/li>\n<li><a href=\"https:\/\/www.barreaudemontreal.qc.ca\/en\/comites\/infractions\/\" target=\"_blank\" rel=\"noopener\">Infractions<\/a><\/li>\n<li><a href=\"https:\/\/www.barreaudemontreal.qc.ca\/en\/comites\/integration-des-technologies\/\" target=\"_blank\" rel=\"noopener\">Int\u00e9gration des technologies<\/a><\/li>\n<li><a href=\"https:\/\/www.barreaudemontreal.qc.ca\/en\/comites\/relations-avec-les-membres\/\" target=\"_blank\" rel=\"noopener\">Relations avec les membres<\/a><\/li>\n<\/ul>\n                            <\/div>\n                        <\/div>\n                    <\/div>\n                    \n                    <div class=\"card cardMain \">\n                        <div class=\"cardHeader \" id=\"heading-2\">\n\n                            <div class=\"cardIn collapsed\" type=\"button\" \n                                 data-toggle=\"collapse\" data-target=\"#collapse-2\" \n                                 aria-expanded=\"true\" aria-controls=\"collapse-2\">\n                                <h6>Comit\u00e9s de liaison <\/h6>\n                            <\/div>\n\n                        <\/div>\n\n                        <div id=\"collapse-2\" class=\" collapse\" \n                             aria-labelledby=\"heading-2\" \n                             data-parent=\"#accordionExample\">\n                            <div class=\"cardBody \">\n                                <p>Il s\u2019agit des comit\u00e9s de liaison non d\u00e9cisionnels compos\u00e9s de membres, de repr\u00e9sentants d\u2019organisations et de membres de la magistrature. Leur objectif principal est d\u2019\u00e9changer et de proposer des solutions sur l\u2019administration de la justice dans le district de Montr\u00e9al. Ils se r\u00e9unissent uniquement lorsqu\u2019une probl\u00e9matique est identifi\u00e9e ou lorsque n\u00e9cessaire.<\/p>\n<ul>\n<li><a href=\"https:\/\/www.barreaudemontreal.qc.ca\/en\/comites\/liaison-avec-la-conference-des-arbitres-du-quebec\/\" target=\"_blank\" rel=\"noopener\">Liaison avec la Conf\u00e9rence des arbitres du Qu\u00e9bec<\/a><\/li>\n<li><a href=\"https:\/\/www.barreaudemontreal.qc.ca\/en\/comites\/liaison-avec-la-cour-dappel\/\">Liaison avec la Cour d\u2019appel<\/a><\/li>\n<li><a href=\"https:\/\/www.barreaudemontreal.qc.ca\/en\/comites\/liaison-avec-la-cour-du-quebec-chambre-civile\/\">Liaison avec la Cour du Qu\u00e9bec, chambre civile<\/a><\/li>\n<li><a href=\"https:\/\/www.barreaudemontreal.qc.ca\/en\/comites\/liaison-avec-la-cour-du-quebec-chambre-de-la-jeunesse\/\">Liaison avec la Cour du Qu\u00e9bec, chambre de la jeunesse<\/a><\/li>\n<li><a href=\"https:\/\/www.barreaudemontreal.qc.ca\/en\/comites\/liaison-avec-la-cour-municipale-de-montreal\/\">Liaison avec la Cour municipale de Montr\u00e9al<\/a><\/li>\n<li><a href=\"https:\/\/www.barreaudemontreal.qc.ca\/en\/comites\/liaison-cs-civ\/\">Liaison avec la Cour sup\u00e9rieure en mati\u00e8re civile<\/a><\/li>\n<li><a href=\"https:\/\/www.barreaudemontreal.qc.ca\/en\/comites\/liaison-avec-la-cour-superieure-chambre-commerciale\/\">Liaison avec la Cour sup\u00e9rieure, chambre commerciale<\/a><\/li>\n<li><a href=\"https:\/\/www.barreaudemontreal.qc.ca\/en\/comites\/liaison-avec-la-cour-superieure-en-matiere-familiale\/\">Liaison avec la Cour sup\u00e9rieure en mati\u00e8re familiale<\/a><\/li>\n<\/ul>\n                            <\/div>\n                        <\/div>\n                    <\/div>\n                    \n                    <div class=\"card cardMain \">\n                        <div class=\"cardHeader \" id=\"heading-3\">\n\n                            <div class=\"cardIn collapsed\" type=\"button\" \n                                 data-toggle=\"collapse\" data-target=\"#collapse-3\" \n                                 aria-expanded=\"true\" aria-controls=\"collapse-3\">\n                                <h6>Comit\u00e9s de travail <\/h6>\n                            <\/div>\n\n                        <\/div>\n\n                        <div id=\"collapse-3\" class=\" collapse\" \n                             aria-labelledby=\"heading-3\" \n                             data-parent=\"#accordionExample\">\n                            <div class=\"cardBody \">\n                                <p>Il s\u2019agit des comit\u00e9s non d\u00e9cisionnels form\u00e9s par la permanence apr\u00e8s consultation du B\u00e2tonnier. Compos\u00e9s de membres et de repr\u00e9sentants d\u2019organisations, selon les besoins, ils<br \/>\npeuvent notamment collaborer \u00e0 l\u2019organisation de certaines activit\u00e9s du Barreau de Montr\u00e9al en lien avec les objectifs strat\u00e9giques et sa mission, r\u00e9pondant ainsi aux besoins de l\u2019organisation.<\/p>\n<ul>\n<li><a href=\"https:\/\/www.barreaudemontreal.qc.ca\/en\/comites\/concours\/\" target=\"_blank\" rel=\"noopener\">Concours<\/a><\/li>\n<li><a href=\"https:\/\/www.barreaudemontreal.qc.ca\/en\/?post_type=comites&#038;p=31790\" target=\"_blank\" rel=\"noopener\">M\u00e9daille et Prix <em>Pierre-Fournier<\/em><\/a><\/li>\n<li><a href=\"https:\/\/www.barreaudemontreal.qc.ca\/en\/comites\/rendez-vous-visez-droit\/\" target=\"_blank\" rel=\"noopener\">Rendez-vous VISEZ DROIT<\/a><\/li>\n<li><a href=\"https:\/\/www.barreaudemontreal.qc.ca\/en\/comites\/soins-et-gardes-en-etablissement\/\" target=\"_blank\" rel=\"noopener\">Soins de garde en \u00e9tablissement<\/a><\/li>\n<\/ul>\n                            <\/div>\n                        <\/div>\n                    <\/div>\n                    \n                    <div class=\"card cardMain \">\n                        <div class=\"cardHeader \" id=\"heading-4\">\n\n                            <div class=\"cardIn collapsed\" type=\"button\" \n                                 data-toggle=\"collapse\" data-target=\"#collapse-4\" \n                                 aria-expanded=\"true\" aria-controls=\"collapse-4\">\n                                <h6>Comit\u00e9s du conseil<\/h6>\n                            <\/div>\n\n                        <\/div>\n\n                        <div id=\"collapse-4\" class=\" collapse\" \n                             aria-labelledby=\"heading-4\" \n                             data-parent=\"#accordionExample\">\n                            <div class=\"cardBody \">\n                                <p>Ces comit\u00e9s ont pour but d\u2019accompagner et de conseiller le Conseil d\u2019administration et la permanence du Barreau de Montr\u00e9al dans leur prise de d\u00e9cision et le d\u00e9veloppement d\u2019initiatives relatives \u00e0 la gouvernance, au positionnement, aux finances, \u00e0 l\u2019audit et \u00e0 la gestion des ressources humaines de la section.<\/p>\n<p>Pour consulter les comit\u00e9s du Conseil, c&#8217;est <a href=\"https:\/\/www.barreaudemontreal.qc.ca\/comites-du-conseil\/\">ici<\/a>.<\/p>\n                            <\/div>\n                        <\/div>\n                    <\/div>\n                                <\/div>\n            <\/div>\n    \n\n\n<div style=\"height:40px\" aria-hidden=\"true\" class=\"wp-block-spacer\"><\/div>\n\n\n\n\n\n<div style=\"height:60px\" aria-hidden=\"true\" class=\"wp-block-spacer\"><\/div>\n\n\n\n<div class=\"wp-block-columns is-layout-flex wp-container-core-columns-is-layout-9d6595d7 wp-block-columns-is-layout-flex\">\n<div class=\"wp-block-column is-layout-flow wp-block-column-is-layout-flow\" style=\"flex-basis:25%\">\n<figure class=\"wp-block-image size-full\"><a href=\"https:\/\/lawyersfinancial.ca\/fr\/assurance\/assurance-auto-habitation?utm_source=Barreau%20de%20Montreal&amp;utm_medium=Website&amp;utm_campaign=Logo\" target=\"_blank\" rel=\" noreferrer noopener\"><img decoding=\"async\" width=\"500\" height=\"250\" src=\"https:\/\/www.barreaudemontreal.qc.ca\/wp-content\/uploads\/hl-financiere-01-v2.png\" alt=\"\" class=\"wp-image-49814\"\/><\/a><\/figure>\n<\/div>\n\n\n\n<div class=\"wp-block-column is-layout-flow wp-block-column-is-layout-flow\" style=\"flex-basis:25%\">\n<figure class=\"wp-block-image size-full\"><a href=\"https:\/\/www.groupemontpetit.com\/\" target=\"_blank\" rel=\" noreferrer noopener\"><img decoding=\"async\" width=\"500\" height=\"250\" src=\"https:\/\/www.barreaudemontreal.qc.ca\/wp-content\/uploads\/hl-montpetit-01-v2.png\" alt=\"\" class=\"wp-image-49818\"\/><\/a><\/figure>\n<\/div>\n\n\n\n<div class=\"wp-block-column is-layout-flow wp-block-column-is-layout-flow\" style=\"flex-basis:25%\">\n<figure class=\"wp-block-image size-full\"><a href=\"https:\/\/www.medicassurance.ca\/fr\/association\/barreau-de-montreal\" target=\"_blank\" rel=\" noreferrer noopener\"><img decoding=\"async\" width=\"500\" height=\"250\" src=\"https:\/\/www.barreaudemontreal.qc.ca\/wp-content\/uploads\/hl-medic-01-v2.png\" alt=\"\" class=\"wp-image-49821\"\/><\/a><\/figure>\n<\/div>\n\n\n\n<div class=\"wp-block-column is-layout-flow wp-block-column-is-layout-flow\" style=\"flex-basis:25%\">\n<figure class=\"wp-block-image size-full\"><a href=\"https:\/\/www.csbq.ca\/\" target=\"_blank\" rel=\" noreferrer noopener\"><img decoding=\"async\" width=\"500\" height=\"250\" src=\"https:\/\/www.barreaudemontreal.qc.ca\/wp-content\/uploads\/hl-corpo-01.png\" alt=\"\" class=\"wp-image-49806\"\/><\/a><\/figure>\n<\/div>\n<\/div>\n","protected":false},"excerpt":{"rendered":"<p>Si\u00e9ger au sein d\u2019un comit\u00e9 du Barreau de Montr\u00e9al, c\u2019est \u00eatre un acteur du changement dans l\u2019\u00e9cosyst\u00e8me juridique Montr\u00e9alais et contribuer activement \u00e0 une justice accessible \u00e0 tous. Toutes les [&hellip;]<\/p>\n","protected":false},"author":21,"featured_media":0,"parent":25339,"menu_order":20,"comment_status":"closed","ping_status":"closed","template":"","meta":{"_acf_changed":false,"_editorskit_title_hidden":false,"_editorskit_reading_time":1,"_editorskit_is_block_options_detached":false,"_editorskit_block_options_position":"{}","inline_featured_image":false,"ngg_post_thumbnail":0,"footnotes":""},"class_list":["post-25344","page","type-page","status-publish","hentry"],"acf":[],"yoast_head":"<!-- This site is optimized with the Yoast SEO plugin v27.4 - https:\/\/yoast.com\/product\/yoast-seo-wordpress\/ -->\n<title>Comit\u00e9s - Barreau de Montr&eacute;al<\/title>\n<meta name=\"robots\" content=\"index, follow, max-snippet:-1, max-image-preview:large, max-video-preview:-1\" \/>\n<link rel=\"canonical\" href=\"https:\/\/www.barreaudemontreal.qc.ca\/en\/avocats\/simpliquer\/comites-simpliquer\/\" \/>\n<meta property=\"og:locale\" content=\"en_US\" \/>\n<meta property=\"og:type\" content=\"article\" \/>\n<meta property=\"og:title\" content=\"Comit\u00e9s - Barreau de Montr&eacute;al\" \/>\n<meta property=\"og:description\" content=\"Si\u00e9ger au sein d\u2019un comit\u00e9 du Barreau de Montr\u00e9al, c\u2019est \u00eatre un acteur du changement dans l\u2019\u00e9cosyst\u00e8me juridique Montr\u00e9alais et contribuer activement \u00e0 une justice accessible \u00e0 tous. Toutes les [&hellip;]\" \/>\n<meta property=\"og:url\" content=\"https:\/\/www.barreaudemontreal.qc.ca\/en\/avocats\/simpliquer\/comites-simpliquer\/\" \/>\n<meta property=\"og:site_name\" content=\"Barreau de Montr&eacute;al\" \/>\n<meta property=\"article:modified_time\" content=\"2026-04-21T22:44:08+00:00\" \/>\n<meta property=\"og:image\" content=\"https:\/\/www.barreaudemontreal.qc.ca\/wp-content\/uploads\/hl-financiere-01-v2.png\" \/>\n\t<meta property=\"og:image:width\" content=\"500\" \/>\n\t<meta property=\"og:image:height\" content=\"250\" \/>\n\t<meta property=\"og:image:type\" content=\"image\/png\" \/>\n<meta name=\"twitter:card\" content=\"summary_large_image\" \/>\n<meta name=\"twitter:label1\" content=\"Est. reading time\" \/>\n\t<meta name=\"twitter:data1\" content=\"2 minutes\" \/>\n<script type=\"application\/ld+json\" class=\"yoast-schema-graph\">{\"@context\":\"https:\\\/\\\/schema.org\",\"@graph\":[{\"@type\":\"WebPage\",\"@id\":\"https:\\\/\\\/www.barreaudemontreal.qc.ca\\\/en\\\/avocats\\\/simpliquer\\\/comites-simpliquer\\\/\",\"url\":\"https:\\\/\\\/www.barreaudemontreal.qc.ca\\\/en\\\/avocats\\\/simpliquer\\\/comites-simpliquer\\\/\",\"name\":\"Comit\u00e9s - Barreau de Montr&eacute;al\",\"isPartOf\":{\"@id\":\"https:\\\/\\\/www.barreaudemontreal.qc.ca\\\/en\\\/#website\"},\"primaryImageOfPage\":{\"@id\":\"https:\\\/\\\/www.barreaudemontreal.qc.ca\\\/en\\\/avocats\\\/simpliquer\\\/comites-simpliquer\\\/#primaryimage\"},\"image\":{\"@id\":\"https:\\\/\\\/www.barreaudemontreal.qc.ca\\\/en\\\/avocats\\\/simpliquer\\\/comites-simpliquer\\\/#primaryimage\"},\"thumbnailUrl\":\"https:\\\/\\\/www.barreaudemontreal.qc.ca\\\/wp-content\\\/uploads\\\/hl-financiere-01-v2.png\",\"datePublished\":\"2025-04-10T05:00:00+00:00\",\"dateModified\":\"2026-04-21T22:44:08+00:00\",\"breadcrumb\":{\"@id\":\"https:\\\/\\\/www.barreaudemontreal.qc.ca\\\/en\\\/avocats\\\/simpliquer\\\/comites-simpliquer\\\/#breadcrumb\"},\"inLanguage\":\"en-US\",\"potentialAction\":[{\"@type\":\"ReadAction\",\"target\":[\"https:\\\/\\\/www.barreaudemontreal.qc.ca\\\/en\\\/avocats\\\/simpliquer\\\/comites-simpliquer\\\/\"]}]},{\"@type\":\"ImageObject\",\"inLanguage\":\"en-US\",\"@id\":\"https:\\\/\\\/www.barreaudemontreal.qc.ca\\\/en\\\/avocats\\\/simpliquer\\\/comites-simpliquer\\\/#primaryimage\",\"url\":\"https:\\\/\\\/www.barreaudemontreal.qc.ca\\\/wp-content\\\/uploads\\\/hl-financiere-01-v2.png\",\"contentUrl\":\"https:\\\/\\\/www.barreaudemontreal.qc.ca\\\/wp-content\\\/uploads\\\/hl-financiere-01-v2.png\"},{\"@type\":\"BreadcrumbList\",\"@id\":\"https:\\\/\\\/www.barreaudemontreal.qc.ca\\\/en\\\/avocats\\\/simpliquer\\\/comites-simpliquer\\\/#breadcrumb\",\"itemListElement\":[{\"@type\":\"ListItem\",\"position\":1,\"name\":\"Home\",\"item\":\"https:\\\/\\\/www.barreaudemontreal.qc.ca\\\/en\\\/\"},{\"@type\":\"ListItem\",\"position\":2,\"name\":\"Avocats\",\"item\":\"https:\\\/\\\/www.barreaudemontreal.qc.ca\\\/en\\\/avocats\\\/\"},{\"@type\":\"ListItem\",\"position\":3,\"name\":\"S\u2019impliquer\",\"item\":\"https:\\\/\\\/www.barreaudemontreal.qc.ca\\\/en\\\/avocats\\\/simpliquer\\\/\"},{\"@type\":\"ListItem\",\"position\":4,\"name\":\"Comit\u00e9s\"}]},{\"@type\":\"WebSite\",\"@id\":\"https:\\\/\\\/www.barreaudemontreal.qc.ca\\\/en\\\/#website\",\"url\":\"https:\\\/\\\/www.barreaudemontreal.qc.ca\\\/en\\\/\",\"name\":\"Barreau de Montr&eacute;al\",\"description\":\"La plus grande section du Barreau du Qu&eacute;bec\",\"potentialAction\":[{\"@type\":\"SearchAction\",\"target\":{\"@type\":\"EntryPoint\",\"urlTemplate\":\"https:\\\/\\\/www.barreaudemontreal.qc.ca\\\/en\\\/?s={search_term_string}\"},\"query-input\":{\"@type\":\"PropertyValueSpecification\",\"valueRequired\":true,\"valueName\":\"search_term_string\"}}],\"inLanguage\":\"en-US\"}]}<\/script>\n<!-- \/ Yoast SEO plugin. -->","yoast_head_json":{"title":"Comit\u00e9s - Barreau de Montr&eacute;al","robots":{"index":"index","follow":"follow","max-snippet":"max-snippet:-1","max-image-preview":"max-image-preview:large","max-video-preview":"max-video-preview:-1"},"canonical":"https:\/\/www.barreaudemontreal.qc.ca\/en\/avocats\/simpliquer\/comites-simpliquer\/","og_locale":"en_US","og_type":"article","og_title":"Comit\u00e9s - Barreau de Montr&eacute;al","og_description":"Si\u00e9ger au sein d\u2019un comit\u00e9 du Barreau de Montr\u00e9al, c\u2019est \u00eatre un acteur du changement dans l\u2019\u00e9cosyst\u00e8me juridique Montr\u00e9alais et contribuer activement \u00e0 une justice accessible \u00e0 tous. Toutes les [&hellip;]","og_url":"https:\/\/www.barreaudemontreal.qc.ca\/en\/avocats\/simpliquer\/comites-simpliquer\/","og_site_name":"Barreau de Montr&eacute;al","article_modified_time":"2026-04-21T22:44:08+00:00","og_image":[{"width":500,"height":250,"url":"https:\/\/www.barreaudemontreal.qc.ca\/wp-content\/uploads\/hl-financiere-01-v2.png","type":"image\/png"}],"twitter_card":"summary_large_image","twitter_misc":{"Est. reading time":"2 minutes"},"schema":{"@context":"https:\/\/schema.org","@graph":[{"@type":"WebPage","@id":"https:\/\/www.barreaudemontreal.qc.ca\/en\/avocats\/simpliquer\/comites-simpliquer\/","url":"https:\/\/www.barreaudemontreal.qc.ca\/en\/avocats\/simpliquer\/comites-simpliquer\/","name":"Comit\u00e9s - Barreau de Montr&eacute;al","isPartOf":{"@id":"https:\/\/www.barreaudemontreal.qc.ca\/en\/#website"},"primaryImageOfPage":{"@id":"https:\/\/www.barreaudemontreal.qc.ca\/en\/avocats\/simpliquer\/comites-simpliquer\/#primaryimage"},"image":{"@id":"https:\/\/www.barreaudemontreal.qc.ca\/en\/avocats\/simpliquer\/comites-simpliquer\/#primaryimage"},"thumbnailUrl":"https:\/\/www.barreaudemontreal.qc.ca\/wp-content\/uploads\/hl-financiere-01-v2.png","datePublished":"2025-04-10T05:00:00+00:00","dateModified":"2026-04-21T22:44:08+00:00","breadcrumb":{"@id":"https:\/\/www.barreaudemontreal.qc.ca\/en\/avocats\/simpliquer\/comites-simpliquer\/#breadcrumb"},"inLanguage":"en-US","potentialAction":[{"@type":"ReadAction","target":["https:\/\/www.barreaudemontreal.qc.ca\/en\/avocats\/simpliquer\/comites-simpliquer\/"]}]},{"@type":"ImageObject","inLanguage":"en-US","@id":"https:\/\/www.barreaudemontreal.qc.ca\/en\/avocats\/simpliquer\/comites-simpliquer\/#primaryimage","url":"https:\/\/www.barreaudemontreal.qc.ca\/wp-content\/uploads\/hl-financiere-01-v2.png","contentUrl":"https:\/\/www.barreaudemontreal.qc.ca\/wp-content\/uploads\/hl-financiere-01-v2.png"},{"@type":"BreadcrumbList","@id":"https:\/\/www.barreaudemontreal.qc.ca\/en\/avocats\/simpliquer\/comites-simpliquer\/#breadcrumb","itemListElement":[{"@type":"ListItem","position":1,"name":"Home","item":"https:\/\/www.barreaudemontreal.qc.ca\/en\/"},{"@type":"ListItem","position":2,"name":"Avocats","item":"https:\/\/www.barreaudemontreal.qc.ca\/en\/avocats\/"},{"@type":"ListItem","position":3,"name":"S\u2019impliquer","item":"https:\/\/www.barreaudemontreal.qc.ca\/en\/avocats\/simpliquer\/"},{"@type":"ListItem","position":4,"name":"Comit\u00e9s"}]},{"@type":"WebSite","@id":"https:\/\/www.barreaudemontreal.qc.ca\/en\/#website","url":"https:\/\/www.barreaudemontreal.qc.ca\/en\/","name":"Barreau de Montr&eacute;al","description":"La plus grande section du Barreau du Qu&eacute;bec","potentialAction":[{"@type":"SearchAction","target":{"@type":"EntryPoint","urlTemplate":"https:\/\/www.barreaudemontreal.qc.ca\/en\/?s={search_term_string}"},"query-input":{"@type":"PropertyValueSpecification","valueRequired":true,"valueName":"search_term_string"}}],"inLanguage":"en-US"}]}},"_links":{"self":[{"href":"https:\/\/www.barreaudemontreal.qc.ca\/en\/wp-json\/wp\/v2\/pages\/25344","targetHints":{"allow":["GET"]}}],"collection":[{"href":"https:\/\/www.barreaudemontreal.qc.ca\/en\/wp-json\/wp\/v2\/pages"}],"about":[{"href":"https:\/\/www.barreaudemontreal.qc.ca\/en\/wp-json\/wp\/v2\/types\/page"}],"author":[{"embeddable":true,"href":"https:\/\/www.barreaudemontreal.qc.ca\/en\/wp-json\/wp\/v2\/users\/21"}],"replies":[{"embeddable":true,"href":"https:\/\/www.barreaudemontreal.qc.ca\/en\/wp-json\/wp\/v2\/comments?post=25344"}],"version-history":[{"count":3,"href":"https:\/\/www.barreaudemontreal.qc.ca\/en\/wp-json\/wp\/v2\/pages\/25344\/revisions"}],"predecessor-version":[{"id":49838,"href":"https:\/\/www.barreaudemontreal.qc.ca\/en\/wp-json\/wp\/v2\/pages\/25344\/revisions\/49838"}],"up":[{"embeddable":true,"href":"https:\/\/www.barreaudemontreal.qc.ca\/en\/wp-json\/wp\/v2\/pages\/25339"}],"wp:attachment":[{"href":"https:\/\/www.barreaudemontreal.qc.ca\/en\/wp-json\/wp\/v2\/media?parent=25344"}],"curies":[{"name":"wp","href":"https:\/\/api.w.org\/{rel}","templated":true}]}}