{"id":2510,"date":"2017-12-13T15:54:08","date_gmt":"2017-12-13T15:54:08","guid":{"rendered":"http:\/\/barreau.stagingminimalmtl.com\/mtre-karine-peloffy\/"},"modified":"2017-12-13T15:54:08","modified_gmt":"2017-12-13T15:54:08","slug":"mtre-karine-peloffy","status":"publish","type":"page","link":"https:\/\/www.barreaudemontreal.qc.ca\/en\/mtre-karine-peloffy\/","title":{"rendered":"Mtre Karine P\u00e9loffy"},"content":{"rendered":"<p><strong>Mtre Karine P\u00e9loffy : <\/strong><strong>defending wildlife, plants and the earth for our children<\/strong><br \/><span style=\"font-size: 10.0pt; font-family: Arial,sans-serif\"><em>By Johanne Landry<\/em><\/span><br \/><span style=\"font-size: 10.0pt; font-family: Arial,sans-serif\"><span style=\"font-size: 10.0pt; font-family: Arial,sans-serif\"><span style=\"font-size: 10.0pt; font-family: Arial,sans-serif\"><span style=\"font-size: 10.0pt; font-family: Arial,sans-serif\"><span style=\"color:#696969;\"><span style=\"font-size: 11px;\"><span style=\"font-size: 10.0pt; font-family: Arial,sans-serif\"><span style=\"font-size: 10.0pt; font-family: Arial,sans-serif\"><span style=\"font-size: 10.0pt; font-family: Arial,sans-serif\"><span style=\"font-size: 10.0pt; font-family: Arial,sans-serif\"><span style=\"color:#696969;\"><span style=\"font-size: 11px;\">(Article published on December 12, 2017)<\/span><\/span><\/span><\/span><\/span><\/span><\/span><\/span><\/span><\/span><\/span><\/span><\/p>\n<p><span style=\"font-size: 10.0pt; font-family: Arial,sans-serif\"><em><img decoding=\"async\" alt=\"\" src=\"https:\/\/www.barreaudemontreal.qc.ca\/wp-content\/uploads\/peloffy_karine.jpg\" style=\"width: 125px; height: 132px; float: left;\"><\/em><\/span>Mtre Karine P\u00e9loffy, Executive Director of the Quebec Environmental Law Centre\/ Centre qu\u00e9b\u00e9cois du Droit de l\u2019environnement (CQDE), was born with an ingrained concern for the environment. As a young girl, after watching the film Free Willy, she saw a message asking people who wanted to help whales to phone in. She wrote down the number and called but to her disappointment, she realized it was for a fund-raising campaign. \u201cIn my childhood innocence, I thought that I was going to take a boat to save endangered whales,\u201d she said.<\/p>\n<p>She did, however, play a role in helping endangered beluga whales in 2014, when she raised her hand to accept the request of the CQDE\u2019s co-founder, Michel B\u00e9langer, for volunteers to help him manage major cases, including a motion for an injunction against TransCanada to cease geotechnical drilling in the waters off Cacouna. \u201cWe obtained an interlocutory injunction against the work by showing that there was a perceived problem in the government\u2019s authorization and a real risk to belugas, which were using the area as a breeding ground,\u201d she explained. Since then, the company has announced the scrapping of the Energy East Pipeline Project. \u201cI have the impression of coming full circle,\u201d the lawyer told us.<\/p>\n<p>\u201cMtre P\u00e9loffy\u2019s career is inspirational for all those young lawyers in search of meaning, who are seeking to be recognized or appreciated. When intelligence and skills are applied to something you are passionate about and used for a commitment in line with your values, happiness and success grow exponentially,\u201d added Mtre Christine Aub\u00e9-Gagnon, who put forward Mtre Karine P\u00e9loffy for the Figures de ma\u00eetre feature.<\/p>\n<p>Called to the Bar in 2007, Mtre P\u00e9loffy started her career with Davies Ward Phillips &amp; Vineberg, where an experience as part of a team pleading a case for $52 billion taught her, as she admits, the standards of excellence and the practice of collaboration in large teams. With a multi-disciplinary Master\u2019s degree from the University of Oxford in environmental management from scientific, economic, legal and political perspectives, she worked as a lawyer for local communities near Congo-region forests at ClientEarth, the first European NGO of lawyers committed to environmental law. \u201cIt was an innovative approach to use international treaties to assert the rights of local populations to their forests. The experience led to a humiliating defeat but you need that in a career or else you get a swelled head,\u201d she commented.<\/p>\n<p>Once she returned to Canada after being away for five years, joining the CQDE seemed quite natural after having already developed expertise in climate change law. The second case for which Mtre B\u00e9langer sought her help was to defend the Western Chorus Frog endangered by a development project in La Prairie. \u201cThis is one of the most studied endangered species and we had scientific proof that this habitat with a number of ponds and a metapopulation of frogs in good health could potentially allow the species to recover. The purpose of our endangered species laws is precisely to help the recovery of the species,\u201d Mtre P\u00e9loffy explained. The case ended with the first Emergency Order issued by the Government of Canada to protect an endangered species on private property. There is now a two-sq. km area that will not be developed so that the Western Chorus Frog can continue to serenade us each spring.<\/p>\n<p>What about Mtre P\u00e9loffy\u2019s current concerns? Making proposals to the Government of Canada on what the future environmental protection act should contain, and especially a \u201cclimate test\u201d to be included in the assessment of major infrastructure projects; the division of constitutional powers between the provincial and federal governments in the area of the environment; and giving citizens tools in the form of accessible legal information so that they can be agents of change.<\/p>\n<p>\u201cEnvironmental issues are paradoxical in that there is, on the one hand, an urgent need to act, especially in the case of biodiversity and climate changes. Our long-term survival depends on it. On the other hand, talking to each other, arriving at a consensus, consolidating our efforts, and making everyone commit to taking action all require a great deal of time,\u201d said Mtre P\u00e9loffy, adding that environmental law has still not sufficiently penetrated other areas of law, such as commercial law, insurance law, real estate law or human rights, which offers an avenue for the future development of the profession.<\/p>\n<p>\u201cI am impressed by the quality of the lawyers who, like Mtre P\u00e9loffy, have been included in this column. They are a source of inspiration for our entire association and clearly show that we can change things when we put our minds to it,\u201d concludes B\u00e2tonnier Brian R. Mitchell.<\/p>\n","protected":false},"excerpt":{"rendered":"<p><strong>Mtre Karine P\u00e9loffy : <\/strong><strong>defending wildlife, plants and the earth for our children<\/strong><br \/><span style=\"font-size: 10.0pt; font-family: Arial,sans-serif\"><em>By Johanne Landry<\/em><\/span><\/p>\n","protected":false},"author":3,"featured_media":2507,"parent":0,"menu_order":144,"comment_status":"closed","ping_status":"closed","template":"","meta":{"_acf_changed":false,"_editorskit_title_hidden":false,"_editorskit_reading_time":0,"_editorskit_is_block_options_detached":false,"_editorskit_block_options_position":"{}","inline_featured_image":false,"ngg_post_thumbnail":0,"footnotes":""},"class_list":["post-2510","page","type-page","status-publish","has-post-thumbnail","hentry"],"acf":[],"yoast_head":"<!-- This site is optimized with the Yoast SEO plugin v27.4 - https:\/\/yoast.com\/product\/yoast-seo-wordpress\/ -->\n<title>Mtre Karine P\u00e9loffy - Barreau de Montr&eacute;al<\/title>\n<meta name=\"robots\" content=\"index, follow, max-snippet:-1, max-image-preview:large, max-video-preview:-1\" \/>\n<link rel=\"canonical\" href=\"https:\/\/www.barreaudemontreal.qc.ca\/en\/mtre-karine-peloffy\/\" \/>\n<meta property=\"og:locale\" content=\"en_US\" \/>\n<meta property=\"og:type\" content=\"article\" \/>\n<meta property=\"og:title\" content=\"Mtre Karine P\u00e9loffy - Barreau de Montr&eacute;al\" \/>\n<meta property=\"og:description\" content=\"Mtre Karine P\u00e9loffy : defending wildlife, plants and the earth for our childrenBy Johanne Landry\" \/>\n<meta property=\"og:url\" content=\"https:\/\/www.barreaudemontreal.qc.ca\/en\/mtre-karine-peloffy\/\" \/>\n<meta property=\"og:site_name\" content=\"Barreau de Montr&eacute;al\" \/>\n<meta property=\"og:image\" content=\"https:\/\/www.barreaudemontreal.qc.ca\/wp-content\/uploads\/peloffy_karine.jpg\" \/>\n\t<meta property=\"og:image:width\" content=\"125\" \/>\n\t<meta property=\"og:image:height\" content=\"132\" \/>\n\t<meta property=\"og:image:type\" content=\"image\/jpeg\" \/>\n<meta name=\"twitter:card\" content=\"summary_large_image\" \/>\n<meta name=\"twitter:label1\" content=\"Est. reading time\" \/>\n\t<meta name=\"twitter:data1\" content=\"4 minutes\" \/>\n<script type=\"application\/ld+json\" class=\"yoast-schema-graph\">{\"@context\":\"https:\\\/\\\/schema.org\",\"@graph\":[{\"@type\":\"WebPage\",\"@id\":\"https:\\\/\\\/www.barreaudemontreal.qc.ca\\\/en\\\/mtre-karine-peloffy\\\/\",\"url\":\"https:\\\/\\\/www.barreaudemontreal.qc.ca\\\/en\\\/mtre-karine-peloffy\\\/\",\"name\":\"Mtre Karine P\u00e9loffy - Barreau de Montr&eacute;al\",\"isPartOf\":{\"@id\":\"https:\\\/\\\/www.barreaudemontreal.qc.ca\\\/en\\\/#website\"},\"primaryImageOfPage\":{\"@id\":\"https:\\\/\\\/www.barreaudemontreal.qc.ca\\\/en\\\/mtre-karine-peloffy\\\/#primaryimage\"},\"image\":{\"@id\":\"https:\\\/\\\/www.barreaudemontreal.qc.ca\\\/en\\\/mtre-karine-peloffy\\\/#primaryimage\"},\"thumbnailUrl\":\"https:\\\/\\\/www.barreaudemontreal.qc.ca\\\/wp-content\\\/uploads\\\/peloffy_karine.jpg\",\"datePublished\":\"2017-12-13T15:54:08+00:00\",\"breadcrumb\":{\"@id\":\"https:\\\/\\\/www.barreaudemontreal.qc.ca\\\/en\\\/mtre-karine-peloffy\\\/#breadcrumb\"},\"inLanguage\":\"en-US\",\"potentialAction\":[{\"@type\":\"ReadAction\",\"target\":[\"https:\\\/\\\/www.barreaudemontreal.qc.ca\\\/en\\\/mtre-karine-peloffy\\\/\"]}]},{\"@type\":\"ImageObject\",\"inLanguage\":\"en-US\",\"@id\":\"https:\\\/\\\/www.barreaudemontreal.qc.ca\\\/en\\\/mtre-karine-peloffy\\\/#primaryimage\",\"url\":\"https:\\\/\\\/www.barreaudemontreal.qc.ca\\\/wp-content\\\/uploads\\\/peloffy_karine.jpg\",\"contentUrl\":\"https:\\\/\\\/www.barreaudemontreal.qc.ca\\\/wp-content\\\/uploads\\\/peloffy_karine.jpg\",\"width\":125,\"height\":132},{\"@type\":\"BreadcrumbList\",\"@id\":\"https:\\\/\\\/www.barreaudemontreal.qc.ca\\\/en\\\/mtre-karine-peloffy\\\/#breadcrumb\",\"itemListElement\":[{\"@type\":\"ListItem\",\"position\":1,\"name\":\"Home\",\"item\":\"https:\\\/\\\/www.barreaudemontreal.qc.ca\\\/en\\\/\"},{\"@type\":\"ListItem\",\"position\":2,\"name\":\"Mtre Karine P\u00e9loffy\"}]},{\"@type\":\"WebSite\",\"@id\":\"https:\\\/\\\/www.barreaudemontreal.qc.ca\\\/en\\\/#website\",\"url\":\"https:\\\/\\\/www.barreaudemontreal.qc.ca\\\/en\\\/\",\"name\":\"Barreau de Montr&eacute;al\",\"description\":\"La plus grande section du Barreau du Qu&eacute;bec\",\"potentialAction\":[{\"@type\":\"SearchAction\",\"target\":{\"@type\":\"EntryPoint\",\"urlTemplate\":\"https:\\\/\\\/www.barreaudemontreal.qc.ca\\\/en\\\/?s={search_term_string}\"},\"query-input\":{\"@type\":\"PropertyValueSpecification\",\"valueRequired\":true,\"valueName\":\"search_term_string\"}}],\"inLanguage\":\"en-US\"}]}<\/script>\n<!-- \/ Yoast SEO plugin. -->","yoast_head_json":{"title":"Mtre Karine P\u00e9loffy - Barreau de Montr&eacute;al","robots":{"index":"index","follow":"follow","max-snippet":"max-snippet:-1","max-image-preview":"max-image-preview:large","max-video-preview":"max-video-preview:-1"},"canonical":"https:\/\/www.barreaudemontreal.qc.ca\/en\/mtre-karine-peloffy\/","og_locale":"en_US","og_type":"article","og_title":"Mtre Karine P\u00e9loffy - Barreau de Montr&eacute;al","og_description":"Mtre Karine P\u00e9loffy : defending wildlife, plants and the earth for our childrenBy Johanne Landry","og_url":"https:\/\/www.barreaudemontreal.qc.ca\/en\/mtre-karine-peloffy\/","og_site_name":"Barreau de Montr&eacute;al","og_image":[{"width":125,"height":132,"url":"https:\/\/www.barreaudemontreal.qc.ca\/wp-content\/uploads\/peloffy_karine.jpg","type":"image\/jpeg"}],"twitter_card":"summary_large_image","twitter_misc":{"Est. reading time":"4 minutes"},"schema":{"@context":"https:\/\/schema.org","@graph":[{"@type":"WebPage","@id":"https:\/\/www.barreaudemontreal.qc.ca\/en\/mtre-karine-peloffy\/","url":"https:\/\/www.barreaudemontreal.qc.ca\/en\/mtre-karine-peloffy\/","name":"Mtre Karine P\u00e9loffy - Barreau de Montr&eacute;al","isPartOf":{"@id":"https:\/\/www.barreaudemontreal.qc.ca\/en\/#website"},"primaryImageOfPage":{"@id":"https:\/\/www.barreaudemontreal.qc.ca\/en\/mtre-karine-peloffy\/#primaryimage"},"image":{"@id":"https:\/\/www.barreaudemontreal.qc.ca\/en\/mtre-karine-peloffy\/#primaryimage"},"thumbnailUrl":"https:\/\/www.barreaudemontreal.qc.ca\/wp-content\/uploads\/peloffy_karine.jpg","datePublished":"2017-12-13T15:54:08+00:00","breadcrumb":{"@id":"https:\/\/www.barreaudemontreal.qc.ca\/en\/mtre-karine-peloffy\/#breadcrumb"},"inLanguage":"en-US","potentialAction":[{"@type":"ReadAction","target":["https:\/\/www.barreaudemontreal.qc.ca\/en\/mtre-karine-peloffy\/"]}]},{"@type":"ImageObject","inLanguage":"en-US","@id":"https:\/\/www.barreaudemontreal.qc.ca\/en\/mtre-karine-peloffy\/#primaryimage","url":"https:\/\/www.barreaudemontreal.qc.ca\/wp-content\/uploads\/peloffy_karine.jpg","contentUrl":"https:\/\/www.barreaudemontreal.qc.ca\/wp-content\/uploads\/peloffy_karine.jpg","width":125,"height":132},{"@type":"BreadcrumbList","@id":"https:\/\/www.barreaudemontreal.qc.ca\/en\/mtre-karine-peloffy\/#breadcrumb","itemListElement":[{"@type":"ListItem","position":1,"name":"Home","item":"https:\/\/www.barreaudemontreal.qc.ca\/en\/"},{"@type":"ListItem","position":2,"name":"Mtre Karine P\u00e9loffy"}]},{"@type":"WebSite","@id":"https:\/\/www.barreaudemontreal.qc.ca\/en\/#website","url":"https:\/\/www.barreaudemontreal.qc.ca\/en\/","name":"Barreau de Montr&eacute;al","description":"La plus grande section du Barreau du Qu&eacute;bec","potentialAction":[{"@type":"SearchAction","target":{"@type":"EntryPoint","urlTemplate":"https:\/\/www.barreaudemontreal.qc.ca\/en\/?s={search_term_string}"},"query-input":{"@type":"PropertyValueSpecification","valueRequired":true,"valueName":"search_term_string"}}],"inLanguage":"en-US"}]}},"_links":{"self":[{"href":"https:\/\/www.barreaudemontreal.qc.ca\/en\/wp-json\/wp\/v2\/pages\/2510","targetHints":{"allow":["GET"]}}],"collection":[{"href":"https:\/\/www.barreaudemontreal.qc.ca\/en\/wp-json\/wp\/v2\/pages"}],"about":[{"href":"https:\/\/www.barreaudemontreal.qc.ca\/en\/wp-json\/wp\/v2\/types\/page"}],"author":[{"embeddable":true,"href":"https:\/\/www.barreaudemontreal.qc.ca\/en\/wp-json\/wp\/v2\/users\/3"}],"replies":[{"embeddable":true,"href":"https:\/\/www.barreaudemontreal.qc.ca\/en\/wp-json\/wp\/v2\/comments?post=2510"}],"version-history":[{"count":0,"href":"https:\/\/www.barreaudemontreal.qc.ca\/en\/wp-json\/wp\/v2\/pages\/2510\/revisions"}],"wp:featuredmedia":[{"embeddable":true,"href":"https:\/\/www.barreaudemontreal.qc.ca\/en\/wp-json\/wp\/v2\/media\/2507"}],"wp:attachment":[{"href":"https:\/\/www.barreaudemontreal.qc.ca\/en\/wp-json\/wp\/v2\/media?parent=2510"}],"curies":[{"name":"wp","href":"https:\/\/api.w.org\/{rel}","templated":true}]}}