{"id":25094,"date":"2022-08-10T16:26:53","date_gmt":"2022-08-10T20:26:53","guid":{"rendered":"http:\/\/barreau.stagingminimalmtl.com\/?page_id=25094"},"modified":"2026-04-21T18:44:27","modified_gmt":"2026-04-21T22:44:27","slug":"devenir-mentor","status":"publish","type":"page","link":"https:\/\/www.barreaudemontreal.qc.ca\/en\/avocats\/simpliquer\/devenir-mentor\/","title":{"rendered":"Devenir mentor"},"content":{"rendered":"\n<h2 class=\"wp-block-heading\">\u00catre mentor, une exp\u00e9rience humaine des plus enrichissantes!<\/h2>\n\n\n<div class=\"lightRedBox textBoxNew\">\n\n<p>Le service de mentorat est temporairement interrompu afin de permettre une refonte du programme, dans le but de mieux r\u00e9pondre aux besoins des mentor\u00e9s et d\u2019offrir une exp\u00e9rience des plus enrichissantes \u00e0 nos pr\u00e9cieux mentors. Nous vous invitons \u00e0 surveiller notre infolettre afin d\u2019\u00eatre inform\u00e9 de sa reprise.<\/p>\n<\/div>\n\n\n<div class=\"wp-block-columns is-layout-flex wp-container-core-columns-is-layout-9d6595d7 wp-block-columns-is-layout-flex\">\n<div class=\"wp-block-column is-layout-flow wp-block-column-is-layout-flow\" style=\"flex-basis:66.66%\"><div class=\"lightRedBox textBoxNew\">\n\n<p>Le service de mentorat, offert conjointement par le Barreau de Montr\u00e9al et le Jeune Barreau de Montr\u00e9al (JBM), consiste \u00e0 jumeler des avocats afin de cr\u00e9er une relation d\u2019entraide d\u2019une dur\u00e9e minimale de six mois.<\/p>\n<p>Son but est de briser l\u2019isolement, de r\u00e9pondre \u00e0 des interrogations li\u00e9es \u00e0 la pratique du droit que tout avocat peut avoir, peu importe le nombre d\u2019ann\u00e9es de pratique, et de guider les plus jeunes avocats dans la pratique du droit.<\/p>\n<\/div><\/div>\n\n\n\n<div class=\"wp-block-column is-layout-flow wp-block-column-is-layout-flow\" style=\"flex-basis:33.33%\">\n<div class=\"whiteBox textBoxNew textBoxNew\" id=\"textBoxNew-block_1bbf65df856fcba06628c93bdb55f3f6\">\n\n<h5><span style=\"color: #730030\"><strong>Pour devenir mentor<\/strong><\/span><\/h5>\n<p><img decoding=\"async\" class=\"alignleft wp-image-13345\" src=\"https:\/\/www.barreaudemontreal.qc.ca\/wp-content\/uploads\/icones\/Download.svg\" alt=\"\" width=\"21\" height=\"25\" \/>\u00a0Remplissez ce court formulaire.<\/p>\n<h5><span style=\"color: #730030\"><strong>Des questions?<\/strong><\/span><\/h5>\n<p><img decoding=\"async\" class=\"alignleft wp-image-13351\" src=\"https:\/\/www.barreaudemontreal.qc.ca\/wp-content\/uploads\/icones\/Iconmail.svg\" alt=\"\" width=\"26\" height=\"26\" \/><a href=\"mailto:mentorat@barreaudemontreal.qc.ca\">mentorat@barreaudemontreal.qc.ca<\/a><\/p>\n<p><img decoding=\"async\" class=\"alignleft wp-image-13345\" src=\"https:\/\/www.barreaudemontreal.qc.ca\/wp-content\/uploads\/icones\/Download.svg\" alt=\"\" width=\"21\" height=\"25\" \/> <a href=\"https:\/\/www.barreaudemontreal.qc.ca\/loads\/Guides\/Guide%20du%20mentor.pdf\">Guide du mentor<\/a><\/p>\n<\/div><\/div>\n<\/div>\n\n\n\n<h2 class=\"wp-block-heading\">En s&#8217;impliquant dans le service de mentorat, le mentor :<\/h2>\n\n\n\n<div class=\"wp-block-columns is-layout-flex wp-container-core-columns-is-layout-9d6595d7 wp-block-columns-is-layout-flex\">\n<div class=\"wp-block-column is-layout-flow wp-block-column-is-layout-flow\">\n<ul>\n<li>Contribue \u00e0 forger la rel\u00e8ve juridique de demain;<\/li>\n<li>D\u00e9veloppe de nouvelles relations dans le milieu;<\/li>\n<li>Peut faire reconnaitre l\u2019activit\u00e9 de mentorat comme une activit\u00e9 de formation reconnue, aux fins de l\u2019obligation de <a href=\"https:\/\/www.barreau.qc.ca\/fr\/ressources-avocats\/services-avocats-outils-pratique\/accompagnement-mentorat\/\" target=\"_blank\" rel=\"noopener\">formation continue<\/a>.<\/li>\n<\/ul>\n<\/div>\n<\/div>\n\n\n\n<div class=\"wp-block-columns is-layout-flex wp-container-core-columns-is-layout-9d6595d7 wp-block-columns-is-layout-flex\">\n<div class=\"wp-block-column is-layout-flow wp-block-column-is-layout-flow\" style=\"flex-basis:100%\"><\/div>\n<\/div>\n\n\n\n<div style=\"height:60px\" aria-hidden=\"true\" class=\"wp-block-spacer\"><\/div>\n\n\n\n<div class=\"wp-block-columns is-layout-flex wp-container-core-columns-is-layout-9d6595d7 wp-block-columns-is-layout-flex\">\n<div class=\"wp-block-column is-layout-flow wp-block-column-is-layout-flow\" style=\"flex-basis:25%\">\n<figure class=\"wp-block-image size-full\"><a href=\"https:\/\/lawyersfinancial.ca\/fr\/assurance\/assurance-auto-habitation?utm_source=Barreau%20de%20Montreal&amp;utm_medium=Website&amp;utm_campaign=Logo\" target=\"_blank\" rel=\" noreferrer noopener\"><img decoding=\"async\" width=\"500\" height=\"250\" src=\"https:\/\/www.barreaudemontreal.qc.ca\/wp-content\/uploads\/hl-financiere-01-v2.png\" alt=\"\" class=\"wp-image-49814\"\/><\/a><\/figure>\n<\/div>\n\n\n\n<div class=\"wp-block-column is-layout-flow wp-block-column-is-layout-flow\" style=\"flex-basis:25%\">\n<figure class=\"wp-block-image size-full\"><a href=\"https:\/\/www.groupemontpetit.com\/\" target=\"_blank\" rel=\" noreferrer noopener\"><img decoding=\"async\" width=\"500\" height=\"250\" src=\"https:\/\/www.barreaudemontreal.qc.ca\/wp-content\/uploads\/hl-montpetit-01-v2.png\" alt=\"\" class=\"wp-image-49818\"\/><\/a><\/figure>\n<\/div>\n\n\n\n<div class=\"wp-block-column is-layout-flow wp-block-column-is-layout-flow\" style=\"flex-basis:25%\">\n<figure class=\"wp-block-image size-full\"><a href=\"https:\/\/www.medicassurance.ca\/fr\/association\/barreau-de-montreal\" target=\"_blank\" rel=\" noreferrer noopener\"><img decoding=\"async\" width=\"500\" height=\"250\" src=\"https:\/\/www.barreaudemontreal.qc.ca\/wp-content\/uploads\/hl-medic-01-v2.png\" alt=\"\" class=\"wp-image-49821\"\/><\/a><\/figure>\n<\/div>\n\n\n\n<div class=\"wp-block-column is-layout-flow wp-block-column-is-layout-flow\" style=\"flex-basis:25%\">\n<figure class=\"wp-block-image size-full\"><a href=\"https:\/\/www.csbq.ca\/\" target=\"_blank\" rel=\" noreferrer noopener\"><img decoding=\"async\" width=\"500\" height=\"250\" src=\"https:\/\/www.barreaudemontreal.qc.ca\/wp-content\/uploads\/hl-corpo-01.png\" alt=\"\" class=\"wp-image-49806\"\/><\/a><\/figure>\n<\/div>\n<\/div>\n\n\n\n<p><\/p>\n","protected":false},"excerpt":{"rendered":"<p>\u00catre mentor, une exp\u00e9rience humaine des plus enrichissantes! En s&#8217;impliquant dans le service de mentorat, le mentor : Contribue \u00e0 forger la rel\u00e8ve juridique de demain; D\u00e9veloppe de nouvelles relations [&hellip;]<\/p>\n","protected":false},"author":23,"featured_media":0,"parent":25339,"menu_order":10,"comment_status":"closed","ping_status":"closed","template":"","meta":{"_acf_changed":false,"_editorskit_title_hidden":false,"_editorskit_reading_time":1,"_editorskit_is_block_options_detached":false,"_editorskit_block_options_position":"{}","inline_featured_image":false,"ngg_post_thumbnail":0,"footnotes":""},"class_list":["post-25094","page","type-page","status-publish","hentry"],"acf":[],"yoast_head":"<!-- This site is optimized with the Yoast SEO plugin v27.4 - https:\/\/yoast.com\/product\/yoast-seo-wordpress\/ -->\n<title>Devenir mentor - Barreau de Montr&eacute;al<\/title>\n<meta name=\"robots\" content=\"index, follow, max-snippet:-1, max-image-preview:large, max-video-preview:-1\" \/>\n<link rel=\"canonical\" href=\"https:\/\/www.barreaudemontreal.qc.ca\/en\/avocats\/simpliquer\/devenir-mentor\/\" \/>\n<meta property=\"og:locale\" content=\"en_US\" \/>\n<meta property=\"og:type\" content=\"article\" \/>\n<meta property=\"og:title\" content=\"Devenir mentor - Barreau de Montr&eacute;al\" \/>\n<meta property=\"og:description\" content=\"\u00catre mentor, une exp\u00e9rience humaine des plus enrichissantes! En s&#8217;impliquant dans le service de mentorat, le mentor : Contribue \u00e0 forger la rel\u00e8ve juridique de demain; D\u00e9veloppe de nouvelles relations [&hellip;]\" \/>\n<meta property=\"og:url\" content=\"https:\/\/www.barreaudemontreal.qc.ca\/en\/avocats\/simpliquer\/devenir-mentor\/\" \/>\n<meta property=\"og:site_name\" content=\"Barreau de Montr&eacute;al\" \/>\n<meta property=\"article:modified_time\" content=\"2026-04-21T22:44:27+00:00\" \/>\n<meta property=\"og:image\" content=\"https:\/\/www.barreaudemontreal.qc.ca\/wp-content\/uploads\/hl-financiere-01-v2.png\" \/>\n<meta name=\"twitter:card\" content=\"summary_large_image\" \/>\n<meta name=\"twitter:label1\" content=\"Est. reading time\" \/>\n\t<meta name=\"twitter:data1\" content=\"2 minutes\" \/>\n<script type=\"application\/ld+json\" class=\"yoast-schema-graph\">{\"@context\":\"https:\\\/\\\/schema.org\",\"@graph\":[{\"@type\":\"WebPage\",\"@id\":\"https:\\\/\\\/www.barreaudemontreal.qc.ca\\\/en\\\/avocats\\\/simpliquer\\\/devenir-mentor\\\/\",\"url\":\"https:\\\/\\\/www.barreaudemontreal.qc.ca\\\/en\\\/avocats\\\/simpliquer\\\/devenir-mentor\\\/\",\"name\":\"Devenir mentor - Barreau de Montr&eacute;al\",\"isPartOf\":{\"@id\":\"https:\\\/\\\/www.barreaudemontreal.qc.ca\\\/en\\\/#website\"},\"primaryImageOfPage\":{\"@id\":\"https:\\\/\\\/www.barreaudemontreal.qc.ca\\\/en\\\/avocats\\\/simpliquer\\\/devenir-mentor\\\/#primaryimage\"},\"image\":{\"@id\":\"https:\\\/\\\/www.barreaudemontreal.qc.ca\\\/en\\\/avocats\\\/simpliquer\\\/devenir-mentor\\\/#primaryimage\"},\"thumbnailUrl\":\"https:\\\/\\\/www.barreaudemontreal.qc.ca\\\/wp-content\\\/uploads\\\/hl-financiere-01-v2.png\",\"datePublished\":\"2022-08-10T20:26:53+00:00\",\"dateModified\":\"2026-04-21T22:44:27+00:00\",\"breadcrumb\":{\"@id\":\"https:\\\/\\\/www.barreaudemontreal.qc.ca\\\/en\\\/avocats\\\/simpliquer\\\/devenir-mentor\\\/#breadcrumb\"},\"inLanguage\":\"en-US\",\"potentialAction\":[{\"@type\":\"ReadAction\",\"target\":[\"https:\\\/\\\/www.barreaudemontreal.qc.ca\\\/en\\\/avocats\\\/simpliquer\\\/devenir-mentor\\\/\"]}]},{\"@type\":\"ImageObject\",\"inLanguage\":\"en-US\",\"@id\":\"https:\\\/\\\/www.barreaudemontreal.qc.ca\\\/en\\\/avocats\\\/simpliquer\\\/devenir-mentor\\\/#primaryimage\",\"url\":\"https:\\\/\\\/www.barreaudemontreal.qc.ca\\\/wp-content\\\/uploads\\\/hl-financiere-01-v2.png\",\"contentUrl\":\"https:\\\/\\\/www.barreaudemontreal.qc.ca\\\/wp-content\\\/uploads\\\/hl-financiere-01-v2.png\"},{\"@type\":\"BreadcrumbList\",\"@id\":\"https:\\\/\\\/www.barreaudemontreal.qc.ca\\\/en\\\/avocats\\\/simpliquer\\\/devenir-mentor\\\/#breadcrumb\",\"itemListElement\":[{\"@type\":\"ListItem\",\"position\":1,\"name\":\"Home\",\"item\":\"https:\\\/\\\/www.barreaudemontreal.qc.ca\\\/en\\\/\"},{\"@type\":\"ListItem\",\"position\":2,\"name\":\"Avocats\",\"item\":\"https:\\\/\\\/www.barreaudemontreal.qc.ca\\\/en\\\/avocats\\\/\"},{\"@type\":\"ListItem\",\"position\":3,\"name\":\"S\u2019impliquer\",\"item\":\"https:\\\/\\\/www.barreaudemontreal.qc.ca\\\/en\\\/avocats\\\/simpliquer\\\/\"},{\"@type\":\"ListItem\",\"position\":4,\"name\":\"Devenir mentor\"}]},{\"@type\":\"WebSite\",\"@id\":\"https:\\\/\\\/www.barreaudemontreal.qc.ca\\\/en\\\/#website\",\"url\":\"https:\\\/\\\/www.barreaudemontreal.qc.ca\\\/en\\\/\",\"name\":\"Barreau de Montr&eacute;al\",\"description\":\"La plus grande section du Barreau du Qu&eacute;bec\",\"potentialAction\":[{\"@type\":\"SearchAction\",\"target\":{\"@type\":\"EntryPoint\",\"urlTemplate\":\"https:\\\/\\\/www.barreaudemontreal.qc.ca\\\/en\\\/?s={search_term_string}\"},\"query-input\":{\"@type\":\"PropertyValueSpecification\",\"valueRequired\":true,\"valueName\":\"search_term_string\"}}],\"inLanguage\":\"en-US\"}]}<\/script>\n<!-- \/ Yoast SEO plugin. -->","yoast_head_json":{"title":"Devenir mentor - Barreau de Montr&eacute;al","robots":{"index":"index","follow":"follow","max-snippet":"max-snippet:-1","max-image-preview":"max-image-preview:large","max-video-preview":"max-video-preview:-1"},"canonical":"https:\/\/www.barreaudemontreal.qc.ca\/en\/avocats\/simpliquer\/devenir-mentor\/","og_locale":"en_US","og_type":"article","og_title":"Devenir mentor - Barreau de Montr&eacute;al","og_description":"\u00catre mentor, une exp\u00e9rience humaine des plus enrichissantes! En s&#8217;impliquant dans le service de mentorat, le mentor : Contribue \u00e0 forger la rel\u00e8ve juridique de demain; D\u00e9veloppe de nouvelles relations [&hellip;]","og_url":"https:\/\/www.barreaudemontreal.qc.ca\/en\/avocats\/simpliquer\/devenir-mentor\/","og_site_name":"Barreau de Montr&eacute;al","article_modified_time":"2026-04-21T22:44:27+00:00","og_image":[{"url":"https:\/\/www.barreaudemontreal.qc.ca\/wp-content\/uploads\/hl-financiere-01-v2.png","type":"","width":"","height":""}],"twitter_card":"summary_large_image","twitter_misc":{"Est. reading time":"2 minutes"},"schema":{"@context":"https:\/\/schema.org","@graph":[{"@type":"WebPage","@id":"https:\/\/www.barreaudemontreal.qc.ca\/en\/avocats\/simpliquer\/devenir-mentor\/","url":"https:\/\/www.barreaudemontreal.qc.ca\/en\/avocats\/simpliquer\/devenir-mentor\/","name":"Devenir mentor - Barreau de Montr&eacute;al","isPartOf":{"@id":"https:\/\/www.barreaudemontreal.qc.ca\/en\/#website"},"primaryImageOfPage":{"@id":"https:\/\/www.barreaudemontreal.qc.ca\/en\/avocats\/simpliquer\/devenir-mentor\/#primaryimage"},"image":{"@id":"https:\/\/www.barreaudemontreal.qc.ca\/en\/avocats\/simpliquer\/devenir-mentor\/#primaryimage"},"thumbnailUrl":"https:\/\/www.barreaudemontreal.qc.ca\/wp-content\/uploads\/hl-financiere-01-v2.png","datePublished":"2022-08-10T20:26:53+00:00","dateModified":"2026-04-21T22:44:27+00:00","breadcrumb":{"@id":"https:\/\/www.barreaudemontreal.qc.ca\/en\/avocats\/simpliquer\/devenir-mentor\/#breadcrumb"},"inLanguage":"en-US","potentialAction":[{"@type":"ReadAction","target":["https:\/\/www.barreaudemontreal.qc.ca\/en\/avocats\/simpliquer\/devenir-mentor\/"]}]},{"@type":"ImageObject","inLanguage":"en-US","@id":"https:\/\/www.barreaudemontreal.qc.ca\/en\/avocats\/simpliquer\/devenir-mentor\/#primaryimage","url":"https:\/\/www.barreaudemontreal.qc.ca\/wp-content\/uploads\/hl-financiere-01-v2.png","contentUrl":"https:\/\/www.barreaudemontreal.qc.ca\/wp-content\/uploads\/hl-financiere-01-v2.png"},{"@type":"BreadcrumbList","@id":"https:\/\/www.barreaudemontreal.qc.ca\/en\/avocats\/simpliquer\/devenir-mentor\/#breadcrumb","itemListElement":[{"@type":"ListItem","position":1,"name":"Home","item":"https:\/\/www.barreaudemontreal.qc.ca\/en\/"},{"@type":"ListItem","position":2,"name":"Avocats","item":"https:\/\/www.barreaudemontreal.qc.ca\/en\/avocats\/"},{"@type":"ListItem","position":3,"name":"S\u2019impliquer","item":"https:\/\/www.barreaudemontreal.qc.ca\/en\/avocats\/simpliquer\/"},{"@type":"ListItem","position":4,"name":"Devenir mentor"}]},{"@type":"WebSite","@id":"https:\/\/www.barreaudemontreal.qc.ca\/en\/#website","url":"https:\/\/www.barreaudemontreal.qc.ca\/en\/","name":"Barreau de Montr&eacute;al","description":"La plus grande section du Barreau du Qu&eacute;bec","potentialAction":[{"@type":"SearchAction","target":{"@type":"EntryPoint","urlTemplate":"https:\/\/www.barreaudemontreal.qc.ca\/en\/?s={search_term_string}"},"query-input":{"@type":"PropertyValueSpecification","valueRequired":true,"valueName":"search_term_string"}}],"inLanguage":"en-US"}]}},"_links":{"self":[{"href":"https:\/\/www.barreaudemontreal.qc.ca\/en\/wp-json\/wp\/v2\/pages\/25094","targetHints":{"allow":["GET"]}}],"collection":[{"href":"https:\/\/www.barreaudemontreal.qc.ca\/en\/wp-json\/wp\/v2\/pages"}],"about":[{"href":"https:\/\/www.barreaudemontreal.qc.ca\/en\/wp-json\/wp\/v2\/types\/page"}],"author":[{"embeddable":true,"href":"https:\/\/www.barreaudemontreal.qc.ca\/en\/wp-json\/wp\/v2\/users\/23"}],"replies":[{"embeddable":true,"href":"https:\/\/www.barreaudemontreal.qc.ca\/en\/wp-json\/wp\/v2\/comments?post=25094"}],"version-history":[{"count":2,"href":"https:\/\/www.barreaudemontreal.qc.ca\/en\/wp-json\/wp\/v2\/pages\/25094\/revisions"}],"predecessor-version":[{"id":49840,"href":"https:\/\/www.barreaudemontreal.qc.ca\/en\/wp-json\/wp\/v2\/pages\/25094\/revisions\/49840"}],"up":[{"embeddable":true,"href":"https:\/\/www.barreaudemontreal.qc.ca\/en\/wp-json\/wp\/v2\/pages\/25339"}],"wp:attachment":[{"href":"https:\/\/www.barreaudemontreal.qc.ca\/en\/wp-json\/wp\/v2\/media?parent=25094"}],"curies":[{"name":"wp","href":"https:\/\/api.w.org\/{rel}","templated":true}]}}