{"id":2215,"date":"2017-02-27T17:39:36","date_gmt":"2017-02-27T17:39:36","guid":{"rendered":"http:\/\/barreau.stagingminimalmtl.com\/richard-bergeron\/"},"modified":"2017-02-27T17:39:36","modified_gmt":"2017-02-27T17:39:36","slug":"richard-bergeron","status":"publish","type":"page","link":"https:\/\/www.barreaudemontreal.qc.ca\/en\/richard-bergeron\/","title":{"rendered":"Richard Bergeron"},"content":{"rendered":"<p>Conseiller de Ville du district Saint-Jacques dans l\u2019arrondissement Ville-Marie. Membre du comit\u00e9 ex\u00e9cutif de la Ville de Montr\u00e9al responsable de la strat\u00e9gie centre-ville et vice-pr\u00e9sident de la commission de l\u2019inspecteur g\u00e9n\u00e9ral. Docteur en am\u00e9nagement, auteur, professeur, conf\u00e9rencier.<\/p>\n<p>Il a travaill\u00e9 sur plusieurs composantes du d\u00e9veloppement urbain, notamment la planification d\u2019ensemble, l\u2019\u00e9conomie immobili\u00e8re, la gestion des services, l\u2019environnement et les transports.<\/p>\n<p>Durant 15 ans, professeur \u00e0 l\u2019Institut d\u2019urbanisme de l\u2019Universit\u00e9 de Montr\u00e9al, \u00e0 l\u2019Institut des sciences de l\u2019environnement de l\u2019UQAM, ainsi qu\u2019\u00e0 ATDR (am\u00e9nagement du territoire et d\u00e9veloppement r\u00e9gional) de l\u2019Universit\u00e9 Laval.<\/p>\n<p>Il a effectu\u00e9 trois ans de travail en Afrique, \u00e0 titre de volontaire SUCO (Guin\u00e9e-Bissau), d\u2019universitaire ou de consultant (Burkina Faso, C\u00f4te-d\u2019Ivoire, Maroc).<\/p>\n<p>Pr\u00e9sident du Conseil d\u2019administration de la F\u00e9d\u00e9ration des coop\u00e9ratives de l\u2019\u00eele de Montr\u00e9al (1989 \u00e0 1991 inclusivement).<\/p>\n<p>R\u00e9dacteur de politiques au Minist\u00e8re de la m\u00e9tropole (1997-1999), des Transports et de l\u2019Environnement (1999-2000), et \u00e0 l\u2019Agence m\u00e9tropolitaine de transports (2000-2005), \u00e0 titre de responsable des \u00e9tudes strat\u00e9giques.<\/p>\n<p>Auteur de cinq livres : L\u2019Anti-d\u00e9veloppement (1991), Le livre noir de l\u2019automobile (1999), L\u2019\u00e9conomie de l\u2019automobile au Qu\u00e9bec (2003), Les Qu\u00e9b\u00e9cois au volant (2005) et L\u2019orphelinat (2012), en plus de nombreuses publications techniques et scientifiques.<\/p>\n<p>Fondateur du parti Projet Montr\u00e9al, en 2004, dont il a \u00e9t\u00e9 chef pendant 10 ans. Candidat \u00e0 la mairie de Montr\u00e9al en 2005, 2009 et 2013. \u00c9lu municipal depuis l\u2019\u00e9lection de novembre 2005.<\/p>\n","protected":false},"excerpt":{"rendered":"<p>Conseiller de Ville du district Saint-Jacques dans l\u2019arrondissement Ville-Marie. Membre du comit\u00e9 ex\u00e9cutif de la Ville de Montr\u00e9al responsable de la strat\u00e9gie centre-ville et vice-pr\u00e9sident de la commission de l\u2019inspecteur g\u00e9n\u00e9ral. Docteur en am\u00e9nagement, auteur, professeur, conf\u00e9rencier.<\/p>\n<p>Il a travaill\u00e9 sur plusieurs composantes du d\u00e9veloppement urbain, notamment la planification d\u2019ensemble, l\u2019\u00e9conomie immobili\u00e8re, la gestion des services, l\u2019environnement et les transports.<\/p>\n","protected":false},"author":3,"featured_media":0,"parent":0,"menu_order":200,"comment_status":"closed","ping_status":"closed","template":"","meta":{"_acf_changed":false,"_editorskit_title_hidden":false,"_editorskit_reading_time":0,"_editorskit_is_block_options_detached":false,"_editorskit_block_options_position":"{}","inline_featured_image":false,"ngg_post_thumbnail":0,"footnotes":""},"class_list":["post-2215","page","type-page","status-publish","hentry"],"acf":[],"yoast_head":"<!-- This site is optimized with the Yoast SEO plugin v27.4 - https:\/\/yoast.com\/product\/yoast-seo-wordpress\/ -->\n<title>Richard Bergeron - Barreau de Montr&eacute;al<\/title>\n<meta name=\"robots\" content=\"index, follow, max-snippet:-1, max-image-preview:large, max-video-preview:-1\" \/>\n<link rel=\"canonical\" href=\"https:\/\/www.barreaudemontreal.qc.ca\/en\/richard-bergeron\/\" \/>\n<meta property=\"og:locale\" content=\"en_US\" \/>\n<meta property=\"og:type\" content=\"article\" \/>\n<meta property=\"og:title\" content=\"Richard Bergeron - Barreau de Montr&eacute;al\" \/>\n<meta property=\"og:description\" content=\"Conseiller de Ville du district Saint-Jacques dans l\u2019arrondissement Ville-Marie. Membre du comit\u00e9 ex\u00e9cutif de la Ville de Montr\u00e9al responsable de la strat\u00e9gie centre-ville et vice-pr\u00e9sident de la commission de l\u2019inspecteur g\u00e9n\u00e9ral. Docteur en am\u00e9nagement, auteur, professeur, conf\u00e9rencier.Il a travaill\u00e9 sur plusieurs composantes du d\u00e9veloppement urbain, notamment la planification d\u2019ensemble, l\u2019\u00e9conomie immobili\u00e8re, la gestion des services, l\u2019environnement et les transports.\" \/>\n<meta property=\"og:url\" content=\"https:\/\/www.barreaudemontreal.qc.ca\/en\/richard-bergeron\/\" \/>\n<meta property=\"og:site_name\" content=\"Barreau de Montr&eacute;al\" \/>\n<meta name=\"twitter:card\" content=\"summary_large_image\" \/>\n<meta name=\"twitter:label1\" content=\"Est. reading time\" \/>\n\t<meta name=\"twitter:data1\" content=\"1 minute\" \/>\n<script type=\"application\/ld+json\" class=\"yoast-schema-graph\">{\"@context\":\"https:\\\/\\\/schema.org\",\"@graph\":[{\"@type\":\"WebPage\",\"@id\":\"https:\\\/\\\/www.barreaudemontreal.qc.ca\\\/en\\\/richard-bergeron\\\/\",\"url\":\"https:\\\/\\\/www.barreaudemontreal.qc.ca\\\/en\\\/richard-bergeron\\\/\",\"name\":\"Richard Bergeron - Barreau de Montr&eacute;al\",\"isPartOf\":{\"@id\":\"https:\\\/\\\/www.barreaudemontreal.qc.ca\\\/en\\\/#website\"},\"datePublished\":\"2017-02-27T17:39:36+00:00\",\"breadcrumb\":{\"@id\":\"https:\\\/\\\/www.barreaudemontreal.qc.ca\\\/en\\\/richard-bergeron\\\/#breadcrumb\"},\"inLanguage\":\"en-US\",\"potentialAction\":[{\"@type\":\"ReadAction\",\"target\":[\"https:\\\/\\\/www.barreaudemontreal.qc.ca\\\/en\\\/richard-bergeron\\\/\"]}]},{\"@type\":\"BreadcrumbList\",\"@id\":\"https:\\\/\\\/www.barreaudemontreal.qc.ca\\\/en\\\/richard-bergeron\\\/#breadcrumb\",\"itemListElement\":[{\"@type\":\"ListItem\",\"position\":1,\"name\":\"Home\",\"item\":\"https:\\\/\\\/www.barreaudemontreal.qc.ca\\\/en\\\/\"},{\"@type\":\"ListItem\",\"position\":2,\"name\":\"Richard Bergeron\"}]},{\"@type\":\"WebSite\",\"@id\":\"https:\\\/\\\/www.barreaudemontreal.qc.ca\\\/en\\\/#website\",\"url\":\"https:\\\/\\\/www.barreaudemontreal.qc.ca\\\/en\\\/\",\"name\":\"Barreau de Montr&eacute;al\",\"description\":\"La plus grande section du Barreau du Qu&eacute;bec\",\"potentialAction\":[{\"@type\":\"SearchAction\",\"target\":{\"@type\":\"EntryPoint\",\"urlTemplate\":\"https:\\\/\\\/www.barreaudemontreal.qc.ca\\\/en\\\/?s={search_term_string}\"},\"query-input\":{\"@type\":\"PropertyValueSpecification\",\"valueRequired\":true,\"valueName\":\"search_term_string\"}}],\"inLanguage\":\"en-US\"}]}<\/script>\n<!-- \/ Yoast SEO plugin. -->","yoast_head_json":{"title":"Richard Bergeron - Barreau de Montr&eacute;al","robots":{"index":"index","follow":"follow","max-snippet":"max-snippet:-1","max-image-preview":"max-image-preview:large","max-video-preview":"max-video-preview:-1"},"canonical":"https:\/\/www.barreaudemontreal.qc.ca\/en\/richard-bergeron\/","og_locale":"en_US","og_type":"article","og_title":"Richard Bergeron - Barreau de Montr&eacute;al","og_description":"Conseiller de Ville du district Saint-Jacques dans l\u2019arrondissement Ville-Marie. Membre du comit\u00e9 ex\u00e9cutif de la Ville de Montr\u00e9al responsable de la strat\u00e9gie centre-ville et vice-pr\u00e9sident de la commission de l\u2019inspecteur g\u00e9n\u00e9ral. Docteur en am\u00e9nagement, auteur, professeur, conf\u00e9rencier.Il a travaill\u00e9 sur plusieurs composantes du d\u00e9veloppement urbain, notamment la planification d\u2019ensemble, l\u2019\u00e9conomie immobili\u00e8re, la gestion des services, l\u2019environnement et les transports.","og_url":"https:\/\/www.barreaudemontreal.qc.ca\/en\/richard-bergeron\/","og_site_name":"Barreau de Montr&eacute;al","twitter_card":"summary_large_image","twitter_misc":{"Est. reading time":"1 minute"},"schema":{"@context":"https:\/\/schema.org","@graph":[{"@type":"WebPage","@id":"https:\/\/www.barreaudemontreal.qc.ca\/en\/richard-bergeron\/","url":"https:\/\/www.barreaudemontreal.qc.ca\/en\/richard-bergeron\/","name":"Richard Bergeron - Barreau de Montr&eacute;al","isPartOf":{"@id":"https:\/\/www.barreaudemontreal.qc.ca\/en\/#website"},"datePublished":"2017-02-27T17:39:36+00:00","breadcrumb":{"@id":"https:\/\/www.barreaudemontreal.qc.ca\/en\/richard-bergeron\/#breadcrumb"},"inLanguage":"en-US","potentialAction":[{"@type":"ReadAction","target":["https:\/\/www.barreaudemontreal.qc.ca\/en\/richard-bergeron\/"]}]},{"@type":"BreadcrumbList","@id":"https:\/\/www.barreaudemontreal.qc.ca\/en\/richard-bergeron\/#breadcrumb","itemListElement":[{"@type":"ListItem","position":1,"name":"Home","item":"https:\/\/www.barreaudemontreal.qc.ca\/en\/"},{"@type":"ListItem","position":2,"name":"Richard Bergeron"}]},{"@type":"WebSite","@id":"https:\/\/www.barreaudemontreal.qc.ca\/en\/#website","url":"https:\/\/www.barreaudemontreal.qc.ca\/en\/","name":"Barreau de Montr&eacute;al","description":"La plus grande section du Barreau du Qu&eacute;bec","potentialAction":[{"@type":"SearchAction","target":{"@type":"EntryPoint","urlTemplate":"https:\/\/www.barreaudemontreal.qc.ca\/en\/?s={search_term_string}"},"query-input":{"@type":"PropertyValueSpecification","valueRequired":true,"valueName":"search_term_string"}}],"inLanguage":"en-US"}]}},"_links":{"self":[{"href":"https:\/\/www.barreaudemontreal.qc.ca\/en\/wp-json\/wp\/v2\/pages\/2215","targetHints":{"allow":["GET"]}}],"collection":[{"href":"https:\/\/www.barreaudemontreal.qc.ca\/en\/wp-json\/wp\/v2\/pages"}],"about":[{"href":"https:\/\/www.barreaudemontreal.qc.ca\/en\/wp-json\/wp\/v2\/types\/page"}],"author":[{"embeddable":true,"href":"https:\/\/www.barreaudemontreal.qc.ca\/en\/wp-json\/wp\/v2\/users\/3"}],"replies":[{"embeddable":true,"href":"https:\/\/www.barreaudemontreal.qc.ca\/en\/wp-json\/wp\/v2\/comments?post=2215"}],"version-history":[{"count":0,"href":"https:\/\/www.barreaudemontreal.qc.ca\/en\/wp-json\/wp\/v2\/pages\/2215\/revisions"}],"wp:attachment":[{"href":"https:\/\/www.barreaudemontreal.qc.ca\/en\/wp-json\/wp\/v2\/media?parent=2215"}],"curies":[{"name":"wp","href":"https:\/\/api.w.org\/{rel}","templated":true}]}}