{"id":2191,"date":"2017-02-15T20:02:24","date_gmt":"2017-02-15T20:02:24","guid":{"rendered":"http:\/\/barreau.stagingminimalmtl.com\/become-partner\/"},"modified":"2017-02-15T20:02:24","modified_gmt":"2017-02-15T20:02:24","slug":"become-partner","status":"publish","type":"page","link":"https:\/\/www.barreaudemontreal.qc.ca\/en\/become-partner\/","title":{"rendered":"Become a partner"},"content":{"rendered":"<p><strong>Un partenariat profitable<\/strong><br \/>Le Salon VISEZ DROIT est un \u00e9v\u00e9nement unique qui est soutenu par une importante campagne promotionnelle et m\u00e9diatique.<\/p>\n<ul>\n<li style=\"text-align: left;\">Mat\u00e9riel promotionnel de qualit\u00e9 (affiches, d\u00e9pliants, banni\u00e8res, etc.)<\/li>\n<li style=\"text-align: left;\">Campagne affichage num\u00e9rique \u00e0 travers le Grand Montr\u00e9al.<\/li>\n<li style=\"text-align: left;\">Campagne publicitaire cibl\u00e9e (publicit\u00e9s imprim\u00e9es dans les m\u00e9dias nationaux et diffusion d\u2019un message radio sur le r\u00e9seau FM).<\/li>\n<li style=\"text-align: left;\">Campagne Web 2.0 incluant les logos des partenaires.<\/li>\n<li style=\"text-align: left;\">Plan de relations avec les m\u00e9dias locaux et nationaux, imprim\u00e9s et \u00e9lectroniques.<\/li>\n<li style=\"text-align: left;\">Des relations avec les m\u00e9dias sp\u00e9cialis\u00e9s sont \u00e9galement privil\u00e9gi\u00e9es avant et pendant la tenue du salon.<\/li>\n<li style=\"text-align: left;\">Programme de relations publiques, incluant le lancement officiel du salon o\u00f9 commanditaires, m\u00e9dias et autres invit\u00e9s de marque sont convi\u00e9s, et diffusion de nombreux communiqu\u00e9s sur CNW.<\/li>\n<\/ul>\n<p style=\"text-align: left;\"><strong>Plusieurs possibilit\u00e9s de commandites sont offertes :<\/strong><br \/>Pour en discuter, communiquez avec<strong> Les Productions T\u0090\u00eates d&#8217;affiche inc.<\/strong><br \/>par courriel (<a href=\"mailto:gauthier@gopta.ca?subject=Salon%20VISEZ%20DROIT%20-%20Devenir%20partenaire\" target=\"_blank\" rel=\"noopener\">gauthier@gopta.ca<\/a>) ou par t\u00e9l\u00e9phone (450 441-0136).<\/p>\n","protected":false},"excerpt":{"rendered":"<p><strong>Un partenariat profitable<\/strong><br \/>Le Salon VISEZ DROIT est un \u00e9v\u00e9nement unique qui est soutenu par une importante campagne promotionnelle et m\u00e9diatique.<\/p>\n","protected":false},"author":3,"featured_media":0,"parent":0,"menu_order":55,"comment_status":"closed","ping_status":"closed","template":"","meta":{"_acf_changed":false,"_editorskit_title_hidden":false,"_editorskit_reading_time":0,"_editorskit_is_block_options_detached":false,"_editorskit_block_options_position":"{}","inline_featured_image":false,"ngg_post_thumbnail":0,"footnotes":""},"class_list":["post-2191","page","type-page","status-publish","hentry"],"acf":[],"yoast_head":"<!-- This site is optimized with the Yoast SEO plugin v27.4 - https:\/\/yoast.com\/product\/yoast-seo-wordpress\/ -->\n<title>Become a partner - Barreau de Montr&eacute;al<\/title>\n<meta name=\"robots\" content=\"index, follow, max-snippet:-1, max-image-preview:large, max-video-preview:-1\" \/>\n<link rel=\"canonical\" href=\"https:\/\/www.barreaudemontreal.qc.ca\/en\/become-partner\/\" \/>\n<meta property=\"og:locale\" content=\"en_US\" \/>\n<meta property=\"og:type\" content=\"article\" \/>\n<meta property=\"og:title\" content=\"Become a partner - Barreau de Montr&eacute;al\" \/>\n<meta property=\"og:description\" content=\"Un partenariat profitableLe Salon VISEZ DROIT est un \u00e9v\u00e9nement unique qui est soutenu par une importante campagne promotionnelle et m\u00e9diatique.\" \/>\n<meta property=\"og:url\" content=\"https:\/\/www.barreaudemontreal.qc.ca\/en\/become-partner\/\" \/>\n<meta property=\"og:site_name\" content=\"Barreau de Montr&eacute;al\" \/>\n<meta name=\"twitter:card\" content=\"summary_large_image\" \/>\n<meta name=\"twitter:label1\" content=\"Est. reading time\" \/>\n\t<meta name=\"twitter:data1\" content=\"1 minute\" \/>\n<script type=\"application\/ld+json\" class=\"yoast-schema-graph\">{\"@context\":\"https:\\\/\\\/schema.org\",\"@graph\":[{\"@type\":\"WebPage\",\"@id\":\"https:\\\/\\\/www.barreaudemontreal.qc.ca\\\/en\\\/become-partner\\\/\",\"url\":\"https:\\\/\\\/www.barreaudemontreal.qc.ca\\\/en\\\/become-partner\\\/\",\"name\":\"Become a partner - Barreau de Montr&eacute;al\",\"isPartOf\":{\"@id\":\"https:\\\/\\\/www.barreaudemontreal.qc.ca\\\/en\\\/#website\"},\"datePublished\":\"2017-02-15T20:02:24+00:00\",\"breadcrumb\":{\"@id\":\"https:\\\/\\\/www.barreaudemontreal.qc.ca\\\/en\\\/become-partner\\\/#breadcrumb\"},\"inLanguage\":\"en-US\",\"potentialAction\":[{\"@type\":\"ReadAction\",\"target\":[\"https:\\\/\\\/www.barreaudemontreal.qc.ca\\\/en\\\/become-partner\\\/\"]}]},{\"@type\":\"BreadcrumbList\",\"@id\":\"https:\\\/\\\/www.barreaudemontreal.qc.ca\\\/en\\\/become-partner\\\/#breadcrumb\",\"itemListElement\":[{\"@type\":\"ListItem\",\"position\":1,\"name\":\"Home\",\"item\":\"https:\\\/\\\/www.barreaudemontreal.qc.ca\\\/en\\\/\"},{\"@type\":\"ListItem\",\"position\":2,\"name\":\"Become a partner\"}]},{\"@type\":\"WebSite\",\"@id\":\"https:\\\/\\\/www.barreaudemontreal.qc.ca\\\/en\\\/#website\",\"url\":\"https:\\\/\\\/www.barreaudemontreal.qc.ca\\\/en\\\/\",\"name\":\"Barreau de Montr&eacute;al\",\"description\":\"La plus grande section du Barreau du Qu&eacute;bec\",\"potentialAction\":[{\"@type\":\"SearchAction\",\"target\":{\"@type\":\"EntryPoint\",\"urlTemplate\":\"https:\\\/\\\/www.barreaudemontreal.qc.ca\\\/en\\\/?s={search_term_string}\"},\"query-input\":{\"@type\":\"PropertyValueSpecification\",\"valueRequired\":true,\"valueName\":\"search_term_string\"}}],\"inLanguage\":\"en-US\"}]}<\/script>\n<!-- \/ Yoast SEO plugin. -->","yoast_head_json":{"title":"Become a partner - Barreau de Montr&eacute;al","robots":{"index":"index","follow":"follow","max-snippet":"max-snippet:-1","max-image-preview":"max-image-preview:large","max-video-preview":"max-video-preview:-1"},"canonical":"https:\/\/www.barreaudemontreal.qc.ca\/en\/become-partner\/","og_locale":"en_US","og_type":"article","og_title":"Become a partner - Barreau de Montr&eacute;al","og_description":"Un partenariat profitableLe Salon VISEZ DROIT est un \u00e9v\u00e9nement unique qui est soutenu par une importante campagne promotionnelle et m\u00e9diatique.","og_url":"https:\/\/www.barreaudemontreal.qc.ca\/en\/become-partner\/","og_site_name":"Barreau de Montr&eacute;al","twitter_card":"summary_large_image","twitter_misc":{"Est. reading time":"1 minute"},"schema":{"@context":"https:\/\/schema.org","@graph":[{"@type":"WebPage","@id":"https:\/\/www.barreaudemontreal.qc.ca\/en\/become-partner\/","url":"https:\/\/www.barreaudemontreal.qc.ca\/en\/become-partner\/","name":"Become a partner - Barreau de Montr&eacute;al","isPartOf":{"@id":"https:\/\/www.barreaudemontreal.qc.ca\/en\/#website"},"datePublished":"2017-02-15T20:02:24+00:00","breadcrumb":{"@id":"https:\/\/www.barreaudemontreal.qc.ca\/en\/become-partner\/#breadcrumb"},"inLanguage":"en-US","potentialAction":[{"@type":"ReadAction","target":["https:\/\/www.barreaudemontreal.qc.ca\/en\/become-partner\/"]}]},{"@type":"BreadcrumbList","@id":"https:\/\/www.barreaudemontreal.qc.ca\/en\/become-partner\/#breadcrumb","itemListElement":[{"@type":"ListItem","position":1,"name":"Home","item":"https:\/\/www.barreaudemontreal.qc.ca\/en\/"},{"@type":"ListItem","position":2,"name":"Become a partner"}]},{"@type":"WebSite","@id":"https:\/\/www.barreaudemontreal.qc.ca\/en\/#website","url":"https:\/\/www.barreaudemontreal.qc.ca\/en\/","name":"Barreau de Montr&eacute;al","description":"La plus grande section du Barreau du Qu&eacute;bec","potentialAction":[{"@type":"SearchAction","target":{"@type":"EntryPoint","urlTemplate":"https:\/\/www.barreaudemontreal.qc.ca\/en\/?s={search_term_string}"},"query-input":{"@type":"PropertyValueSpecification","valueRequired":true,"valueName":"search_term_string"}}],"inLanguage":"en-US"}]}},"_links":{"self":[{"href":"https:\/\/www.barreaudemontreal.qc.ca\/en\/wp-json\/wp\/v2\/pages\/2191","targetHints":{"allow":["GET"]}}],"collection":[{"href":"https:\/\/www.barreaudemontreal.qc.ca\/en\/wp-json\/wp\/v2\/pages"}],"about":[{"href":"https:\/\/www.barreaudemontreal.qc.ca\/en\/wp-json\/wp\/v2\/types\/page"}],"author":[{"embeddable":true,"href":"https:\/\/www.barreaudemontreal.qc.ca\/en\/wp-json\/wp\/v2\/users\/3"}],"replies":[{"embeddable":true,"href":"https:\/\/www.barreaudemontreal.qc.ca\/en\/wp-json\/wp\/v2\/comments?post=2191"}],"version-history":[{"count":0,"href":"https:\/\/www.barreaudemontreal.qc.ca\/en\/wp-json\/wp\/v2\/pages\/2191\/revisions"}],"wp:attachment":[{"href":"https:\/\/www.barreaudemontreal.qc.ca\/en\/wp-json\/wp\/v2\/media?parent=2191"}],"curies":[{"name":"wp","href":"https:\/\/api.w.org\/{rel}","templated":true}]}}