{"id":2163,"date":"2017-01-26T14:38:35","date_gmt":"2017-01-26T14:38:35","guid":{"rendered":"http:\/\/barreau.stagingminimalmtl.com\/mtre-michele-moreau\/"},"modified":"2022-02-10T17:03:17","modified_gmt":"2022-02-10T17:03:17","slug":"mtre-michele-moreau","status":"publish","type":"page","link":"https:\/\/www.barreaudemontreal.qc.ca\/en\/mtre-michele-moreau\/","title":{"rendered":"Mtre Mich\u00e8le Moreau"},"content":{"rendered":"<p><img decoding=\"async\" src=\"https:\/\/www.barreaudemontreal.qc.ca\/wp-content\/uploads\/sites\/default\/files\/sites\/default\/files\/bann_figuredemaitre_500.jpg\" style=\"vertical-align: top; width: 475px; height: 133px;\"><\/p>\n<p><span style=\"font-size: 10.0pt; font-family: Arial,sans-serif\"><strong>Mtre Mich\u00e8le Moreau : Following her lucky star <\/strong><br \/><em><em>By M\u00e9lanie Dugr\u00e9, lawyer<\/em><\/em><\/span><span style=\"font-size: 10.0pt; font-family: Arial,sans-serif\"><em><img decoding=\"async\" alt=\"\" height=\"6\" src=\"https:\/\/www.barreaudemontreal.qc.ca\/wp-content\/uploads\/images\/space_6x6px.png\" width=\"6\"><\/em><br \/><span style=\"font-size: 10.0pt; font-family: Arial,sans-serif\"><span style=\"font-size: 10.0pt; font-family: Arial,sans-serif\"><span style=\"font-size: 10.0pt; font-family: Arial,sans-serif\"><span style=\"font-size: 10.0pt; font-family: Arial,sans-serif\"><span style=\"color:#696969;\"><span style=\"font-size: 11px;\">(Article issued on January 24, 2017)<\/span><\/span><\/span><\/span><\/span><\/span><\/p>\n<p><em><img decoding=\"async\" alt=\"\" src=\"https:\/\/www.barreaudemontreal.qc.ca\/wp-content\/uploads\/moreau_michele.jpg\" style=\"width: 125px; height: 146px; float: left;\"><\/em>Becoming a Formula 1 driver was the childhood dream of Mich\u00e8le Moreau, a committed, uncompromising woman born in Hauterive on Quebec\u2019s North Shore. Until she was eight years old, the young Mich\u00e8le and her family toted their bags from city to city, according to the needs of Hydro-Qu\u00e9bec, her father\u2019s employer. Mich\u00e8le claims that she owes her great adaptability and resilience in the face of destabilizing situations to this nomadic childhood.<\/p>\n<p>Mich\u00e8le\u2019s family finally settled down in Longueuil in 1973. Her Formula 1 dream was replaced by her aspirations to become a journalist and Mich\u00e8le was soon planning the rest of her studies accordingly.&nbsp; With the idea of acquiring maturity and experience, she first completed a year of political science at Universit\u00e9 Laval before continuing in law at Universit\u00e9 de Montr\u00e9al in 1986. At the time, she felt that law was the springboard to journalism, an idea that remained with her in subsequent years.<\/p>\n<p>However, the experience Mich\u00e8le gained while articling was decisive for her. She spent the first three months with a disorganized lawyer, who was subsequently disbarred. On her first day, she ended up before the Court of Appeal, where she was praised by Mr. Justice Vallerand. Despite the pitfalls encountered and the lack of mentorship, Mich\u00e8le discovered a real love for litigation and realized the importance of law in the day-to-day lives of individuals. She then saw the power that lawyers could wield and the importance of the helping and support relationships they could build with their fellow citizens. Without any doubts or regrets, Mich\u00e8le switched her ambitions from journalism to a rewarding career as a lawyer that has already spanned more than 25 years.<\/p>\n<p>Mich\u00e8le finally finished articling at a small commercial litigation firm before moving from one law firm to another until 1998. She developed an interest and expertise in labour law, which brought her to UQAM, where she held various labour relation positions, including that of Assistant Director as of 2001. This practice required Mich\u00e8le\u2019s versatility and resourcefulness as she was called upon to plead before various courts and administrative bodies. Given her experience, she did not hesitate to share her know-how and expertise by teaching at the \u00c9cole du Barreau from 2005 to 2009.<\/p>\n<p>In conjunction with her practice, Mich\u00e8le became intensely involved in the legal community, first with the Young Bar Association of Montreal, where as early as 1995, she served on several committees before acting as the Secretary General between 1998 and 2000. From 2000 to 2009, Mich\u00e8le distinguished herself at the Bar of Montreal, making her mark on the Council and numerous committes, including the Mentoring Program Committee, the Eco Committee and the Liaison Committee with the Commission of Labour Relations, while acting as a volunteer at the Journ\u00e9e du Barreau and during group swearing-in ceremonies. Among her favourites at the Bar of Montreal, she points out the Debating Competition, which highlights young people\u2019s talent and immense potential, and for which she was the assigned moderator for 10 years. In fact, it is with a heavy heart that she must give up her position this year.<\/p>\n<p>In addition, the Canadian Bar Association (CBA) can count on Mtre Moreau\u2019s faithful services because since 2006, she has been involved in the Quebec Branch, and was even the President in 2013-2014 and 2015-2016. The national platform was waiting for her, but in this case as well, the recent upheavals in her career have forced her to make difficult choices.<br \/>Eager for change and turning her back on comfort, Mich\u00e8le Moreau left UQAM in 2009 to found Pro Bono Qu\u00e9bec. Although her duties as Executive Director are now more related to management than to pure law, she is still in familiar territory because she is very much in the know about pro bono assignments! Mich\u00e8le in fact clarified that since being admitted to the Barreau, she has regularly been involved in pro bono files because for her, they are a natural extension of her practice and an undeniable aspect of the helping relationship between lawyers and their clients.<\/p>\n<p>Born during a meeting of the General Council of the Barreau du Qu\u00e9bec in Tadoussac, the idea of Pro Bono Qu\u00e9bec quickly became her baby, to which she devoted herself. With only a telephone and computer to start off with, she built up the organization with her own two hands, watching it slowly develop and find its own place within the legal community. In 2011, Mich\u00e8le Moreau\u2019s managerial talents were sought to oversee the establishment of the Greater Montreal Community Justice Center, an offer that she enthusiastically accepted, without however abandoning her duties at Pro Bono Qu\u00e9bec.<\/p>\n<p>Then, with some maternal pangs of separation, Mich\u00e8le let her two offspring, now strong and independent, fly without her by joining the Canadian Institute for the Administration of Justice (CIAJ), where she was given much leeway regarding the new guidelines for the organization\u2019s activities and projects. In 2015, Mtre Moreau oversaw the organization of the CIAJ annual conference, whose theme, doubtlessly a twist of fate, concerned Aboriginals and the law. Here she noted how much Aboriginal laws and customs were rooted in their dances, songs and folklore. She forged many links with members of Aboriginal communities and the decision-makers involved. Instantly, Mich\u00e8le felt drawn to this delicate and fascinating subject, and expressed her desire to contribute to the cause.<\/p>\n<p>Fully satisfied with her position at the CIAJ, Mich\u00e8le Moreau was sitting down with her colleagues in Ottawa at the time that the launch of the commission of inquiry into missing and murdered indigenous women and girls was announced and they were looking for an executive director. Convinced that the position was custom-made for her and that her experience had groomed her for such a challenge, she quickly offered her services, on a colleague\u2019s recommendation, to Mich\u00e8le Audette, one of the five commissioners appointed. The rest happened so very quickly, with the Commission\u2019s work being initiated in September 2016 and Mich\u00e8le\u2019s relocation to Vancouver last December.<\/span><\/p>\n<p><span style=\"font-size: 10.0pt; font-family: Arial,sans-serif\">Mich\u00e8le\u2019s task is formidable and her role consists in helping to prepare the broad guidelines of the National Inquiry into Missing and Murdered Indigenous Women and Girls, to coordinate relations with governments and to ensure the logistical operations of the five regional offices across Canada with regard to human resources, finances, information management and technology. In addition, there is the challenge of making sure that the processes of the Commission will be adjusted and will respect the customs and way of life of all the Aboriginal communities participating in the National Inquiry. Ultimately, Mich\u00e8le would like the Commission to be able to offer an environment in which they will be able to testify about the horrors and tragedies experienced as calmly as possible, which in and of itself is a huge social responsibility toward the Aboriginals concerned.<br \/>Mich\u00e8le admits that the difficulty of this new mandate, which she humorously rates at 15\/10, is daunting, with tight, even unrealistic, deadlines: an interim report scheduled for November 2017 and a final report for the end of 2018. However, she is prepared to fight against all odds to support the Commission in its mission and admits feeling intoxicated by the size of this challenge.<\/span><\/p>\n<p><span style=\"font-size: 10.0pt; font-family: Arial,sans-serif\">Mich\u00e8le Moreau summarizes her impressive career by saying that she was born under a lucky star and has always followed her gut feelings. Sometimes she was wrong and disappointed, but each life experience helped make her the lawyer and woman she has become today. This important National Inquiry, whose work will mark the history of Canada, can therefore count on a distinguished, keen and dedicated jurist. For Mich\u00e8le Moreau, 2017 promises to be a pivotal year during which her humanity, sensitivity and empathy will provide valuable support, while her lucky star will certainly continue to guide her.<\/span><\/p>\n","protected":false},"excerpt":{"rendered":"<p><img decoding=\"async\" src=\"https:\/\/www.barreaudemontreal.qc.ca\/wp-content\/uploads\/sites\/default\/files\/bann_figuredemaitre_500.jpg\" style=\"vertical-align: top; width: 475px; height: 133px;\"><\/p>\n<p><span style=\"font-size: 10.0pt; font-family: Arial,sans-serif\"><strong>Mtre Mich\u00e8le Moreau : Following her lucky star <\/strong><br \/><em><em>By M\u00e9lanie Dugr\u00e9, lawyer<\/em><\/em><\/span><span style=\"font-size: 10.0pt; font-family: Arial,sans-serif\"><em><img decoding=\"async\" alt=\"\" height=\"6\" src=\"https:\/\/www.barreaudemontreal.qc.ca\/wp-content\/uploads\/images\/Space_6x6px.png\" width=\"6\"><\/em><\/p>\n","protected":false},"author":3,"featured_media":0,"parent":0,"menu_order":154,"comment_status":"closed","ping_status":"closed","template":"","meta":{"_acf_changed":false,"_editorskit_title_hidden":false,"_editorskit_reading_time":0,"_editorskit_is_block_options_detached":false,"_editorskit_block_options_position":"{}","inline_featured_image":false,"ngg_post_thumbnail":0,"footnotes":""},"class_list":["post-2163","page","type-page","status-publish","hentry"],"acf":[],"yoast_head":"<!-- This site is optimized with the Yoast SEO plugin v27.4 - https:\/\/yoast.com\/product\/yoast-seo-wordpress\/ -->\n<title>Mtre Mich\u00e8le Moreau - Barreau de Montr&eacute;al<\/title>\n<meta name=\"robots\" content=\"index, follow, max-snippet:-1, max-image-preview:large, max-video-preview:-1\" \/>\n<link rel=\"canonical\" href=\"https:\/\/www.barreaudemontreal.qc.ca\/en\/mtre-michele-moreau\/\" \/>\n<meta property=\"og:locale\" content=\"en_US\" \/>\n<meta property=\"og:type\" content=\"article\" \/>\n<meta property=\"og:title\" content=\"Mtre Mich\u00e8le Moreau - Barreau de Montr&eacute;al\" \/>\n<meta property=\"og:description\" content=\"Mtre Mich\u00e8le Moreau : Following her lucky star By M\u00e9lanie Dugr\u00e9, lawyer\" \/>\n<meta property=\"og:url\" content=\"https:\/\/www.barreaudemontreal.qc.ca\/en\/mtre-michele-moreau\/\" \/>\n<meta property=\"og:site_name\" content=\"Barreau de Montr&eacute;al\" \/>\n<meta property=\"article:modified_time\" content=\"2022-02-10T17:03:17+00:00\" \/>\n<meta property=\"og:image\" content=\"https:\/\/www.barreaudemontreal.qc.ca\/wp-content\/uploads\/sites\/default\/files\/sites\/default\/files\/bann_figuredemaitre_500.jpg\" \/>\n<meta name=\"twitter:card\" content=\"summary_large_image\" \/>\n<meta name=\"twitter:label1\" content=\"Est. reading time\" \/>\n\t<meta name=\"twitter:data1\" content=\"7 minutes\" \/>\n<script type=\"application\/ld+json\" class=\"yoast-schema-graph\">{\"@context\":\"https:\\\/\\\/schema.org\",\"@graph\":[{\"@type\":\"WebPage\",\"@id\":\"https:\\\/\\\/www.barreaudemontreal.qc.ca\\\/en\\\/mtre-michele-moreau\\\/\",\"url\":\"https:\\\/\\\/www.barreaudemontreal.qc.ca\\\/en\\\/mtre-michele-moreau\\\/\",\"name\":\"Mtre Mich\u00e8le Moreau - Barreau de Montr&eacute;al\",\"isPartOf\":{\"@id\":\"https:\\\/\\\/www.barreaudemontreal.qc.ca\\\/en\\\/#website\"},\"primaryImageOfPage\":{\"@id\":\"https:\\\/\\\/www.barreaudemontreal.qc.ca\\\/en\\\/mtre-michele-moreau\\\/#primaryimage\"},\"image\":{\"@id\":\"https:\\\/\\\/www.barreaudemontreal.qc.ca\\\/en\\\/mtre-michele-moreau\\\/#primaryimage\"},\"thumbnailUrl\":\"https:\\\/\\\/www.barreaudemontreal.qc.ca\\\/wp-content\\\/uploads\\\/sites\\\/default\\\/files\\\/sites\\\/default\\\/files\\\/bann_figuredemaitre_500.jpg\",\"datePublished\":\"2017-01-26T14:38:35+00:00\",\"dateModified\":\"2022-02-10T17:03:17+00:00\",\"breadcrumb\":{\"@id\":\"https:\\\/\\\/www.barreaudemontreal.qc.ca\\\/en\\\/mtre-michele-moreau\\\/#breadcrumb\"},\"inLanguage\":\"en-US\",\"potentialAction\":[{\"@type\":\"ReadAction\",\"target\":[\"https:\\\/\\\/www.barreaudemontreal.qc.ca\\\/en\\\/mtre-michele-moreau\\\/\"]}]},{\"@type\":\"ImageObject\",\"inLanguage\":\"en-US\",\"@id\":\"https:\\\/\\\/www.barreaudemontreal.qc.ca\\\/en\\\/mtre-michele-moreau\\\/#primaryimage\",\"url\":\"https:\\\/\\\/www.barreaudemontreal.qc.ca\\\/wp-content\\\/uploads\\\/sites\\\/default\\\/files\\\/sites\\\/default\\\/files\\\/bann_figuredemaitre_500.jpg\",\"contentUrl\":\"https:\\\/\\\/www.barreaudemontreal.qc.ca\\\/wp-content\\\/uploads\\\/sites\\\/default\\\/files\\\/sites\\\/default\\\/files\\\/bann_figuredemaitre_500.jpg\"},{\"@type\":\"BreadcrumbList\",\"@id\":\"https:\\\/\\\/www.barreaudemontreal.qc.ca\\\/en\\\/mtre-michele-moreau\\\/#breadcrumb\",\"itemListElement\":[{\"@type\":\"ListItem\",\"position\":1,\"name\":\"Home\",\"item\":\"https:\\\/\\\/www.barreaudemontreal.qc.ca\\\/en\\\/\"},{\"@type\":\"ListItem\",\"position\":2,\"name\":\"Mtre Mich\u00e8le Moreau\"}]},{\"@type\":\"WebSite\",\"@id\":\"https:\\\/\\\/www.barreaudemontreal.qc.ca\\\/en\\\/#website\",\"url\":\"https:\\\/\\\/www.barreaudemontreal.qc.ca\\\/en\\\/\",\"name\":\"Barreau de Montr&eacute;al\",\"description\":\"La plus grande section du Barreau du Qu&eacute;bec\",\"potentialAction\":[{\"@type\":\"SearchAction\",\"target\":{\"@type\":\"EntryPoint\",\"urlTemplate\":\"https:\\\/\\\/www.barreaudemontreal.qc.ca\\\/en\\\/?s={search_term_string}\"},\"query-input\":{\"@type\":\"PropertyValueSpecification\",\"valueRequired\":true,\"valueName\":\"search_term_string\"}}],\"inLanguage\":\"en-US\"}]}<\/script>\n<!-- \/ Yoast SEO plugin. -->","yoast_head_json":{"title":"Mtre Mich\u00e8le Moreau - Barreau de Montr&eacute;al","robots":{"index":"index","follow":"follow","max-snippet":"max-snippet:-1","max-image-preview":"max-image-preview:large","max-video-preview":"max-video-preview:-1"},"canonical":"https:\/\/www.barreaudemontreal.qc.ca\/en\/mtre-michele-moreau\/","og_locale":"en_US","og_type":"article","og_title":"Mtre Mich\u00e8le Moreau - Barreau de Montr&eacute;al","og_description":"Mtre Mich\u00e8le Moreau : Following her lucky star By M\u00e9lanie Dugr\u00e9, lawyer","og_url":"https:\/\/www.barreaudemontreal.qc.ca\/en\/mtre-michele-moreau\/","og_site_name":"Barreau de Montr&eacute;al","article_modified_time":"2022-02-10T17:03:17+00:00","og_image":[{"url":"https:\/\/www.barreaudemontreal.qc.ca\/wp-content\/uploads\/sites\/default\/files\/sites\/default\/files\/bann_figuredemaitre_500.jpg","type":"","width":"","height":""}],"twitter_card":"summary_large_image","twitter_misc":{"Est. reading time":"7 minutes"},"schema":{"@context":"https:\/\/schema.org","@graph":[{"@type":"WebPage","@id":"https:\/\/www.barreaudemontreal.qc.ca\/en\/mtre-michele-moreau\/","url":"https:\/\/www.barreaudemontreal.qc.ca\/en\/mtre-michele-moreau\/","name":"Mtre Mich\u00e8le Moreau - Barreau de Montr&eacute;al","isPartOf":{"@id":"https:\/\/www.barreaudemontreal.qc.ca\/en\/#website"},"primaryImageOfPage":{"@id":"https:\/\/www.barreaudemontreal.qc.ca\/en\/mtre-michele-moreau\/#primaryimage"},"image":{"@id":"https:\/\/www.barreaudemontreal.qc.ca\/en\/mtre-michele-moreau\/#primaryimage"},"thumbnailUrl":"https:\/\/www.barreaudemontreal.qc.ca\/wp-content\/uploads\/sites\/default\/files\/sites\/default\/files\/bann_figuredemaitre_500.jpg","datePublished":"2017-01-26T14:38:35+00:00","dateModified":"2022-02-10T17:03:17+00:00","breadcrumb":{"@id":"https:\/\/www.barreaudemontreal.qc.ca\/en\/mtre-michele-moreau\/#breadcrumb"},"inLanguage":"en-US","potentialAction":[{"@type":"ReadAction","target":["https:\/\/www.barreaudemontreal.qc.ca\/en\/mtre-michele-moreau\/"]}]},{"@type":"ImageObject","inLanguage":"en-US","@id":"https:\/\/www.barreaudemontreal.qc.ca\/en\/mtre-michele-moreau\/#primaryimage","url":"https:\/\/www.barreaudemontreal.qc.ca\/wp-content\/uploads\/sites\/default\/files\/sites\/default\/files\/bann_figuredemaitre_500.jpg","contentUrl":"https:\/\/www.barreaudemontreal.qc.ca\/wp-content\/uploads\/sites\/default\/files\/sites\/default\/files\/bann_figuredemaitre_500.jpg"},{"@type":"BreadcrumbList","@id":"https:\/\/www.barreaudemontreal.qc.ca\/en\/mtre-michele-moreau\/#breadcrumb","itemListElement":[{"@type":"ListItem","position":1,"name":"Home","item":"https:\/\/www.barreaudemontreal.qc.ca\/en\/"},{"@type":"ListItem","position":2,"name":"Mtre Mich\u00e8le Moreau"}]},{"@type":"WebSite","@id":"https:\/\/www.barreaudemontreal.qc.ca\/en\/#website","url":"https:\/\/www.barreaudemontreal.qc.ca\/en\/","name":"Barreau de Montr&eacute;al","description":"La plus grande section du Barreau du Qu&eacute;bec","potentialAction":[{"@type":"SearchAction","target":{"@type":"EntryPoint","urlTemplate":"https:\/\/www.barreaudemontreal.qc.ca\/en\/?s={search_term_string}"},"query-input":{"@type":"PropertyValueSpecification","valueRequired":true,"valueName":"search_term_string"}}],"inLanguage":"en-US"}]}},"_links":{"self":[{"href":"https:\/\/www.barreaudemontreal.qc.ca\/en\/wp-json\/wp\/v2\/pages\/2163","targetHints":{"allow":["GET"]}}],"collection":[{"href":"https:\/\/www.barreaudemontreal.qc.ca\/en\/wp-json\/wp\/v2\/pages"}],"about":[{"href":"https:\/\/www.barreaudemontreal.qc.ca\/en\/wp-json\/wp\/v2\/types\/page"}],"author":[{"embeddable":true,"href":"https:\/\/www.barreaudemontreal.qc.ca\/en\/wp-json\/wp\/v2\/users\/3"}],"replies":[{"embeddable":true,"href":"https:\/\/www.barreaudemontreal.qc.ca\/en\/wp-json\/wp\/v2\/comments?post=2163"}],"version-history":[{"count":0,"href":"https:\/\/www.barreaudemontreal.qc.ca\/en\/wp-json\/wp\/v2\/pages\/2163\/revisions"}],"wp:attachment":[{"href":"https:\/\/www.barreaudemontreal.qc.ca\/en\/wp-json\/wp\/v2\/media?parent=2163"}],"curies":[{"name":"wp","href":"https:\/\/api.w.org\/{rel}","templated":true}]}}