{"id":191,"date":"2013-04-15T20:38:50","date_gmt":"2013-04-15T20:38:50","guid":{"rendered":"http:\/\/barreau.stagingminimalmtl.com\/arbitres\/"},"modified":"2026-04-21T18:39:17","modified_gmt":"2026-04-21T22:39:17","slug":"arbitres","status":"publish","type":"page","link":"https:\/\/www.barreaudemontreal.qc.ca\/en\/avocats\/outils\/arbitres\/","title":{"rendered":"Trouver un arbitre"},"content":{"rendered":"\n<div class=\"wp-block-columns is-layout-flex wp-container-core-columns-is-layout-9d6595d7 wp-block-columns-is-layout-flex\">\n<div class=\"wp-block-column is-layout-flow wp-block-column-is-layout-flow\" style=\"flex-basis:66.66%\">\n<p>Le Barreau de Montr\u00e9al rend disponible la liste des juges \u00e0 la retraite int\u00e9ress\u00e9s \u00e0 agir comme arbitre dans des diff\u00e9rends de nature civile ou commerciale.<\/p>\n\n\n\n<p>Vous pouvez \u00e9galement consulter le site Internet de l\u2019<a href=\"https:\/\/imaq.org\" target=\"_blank\" rel=\"noreferrer noopener\">Institut de m\u00e9diation et d\u2019arbitrage du Qu\u00e9bec<\/a> (IMAQ), qui propose un r\u00e9pertoire interactif pour trouver un m\u00e9diateur ou un arbitre.<\/p>\n\n\n\n<div style=\"height:34px\" aria-hidden=\"true\" class=\"wp-block-spacer\"><\/div>\n\n\n\n<h6 class=\"wp-block-heading\"><strong>LISTE DES JUGES INSCRITS<\/strong><\/h6>\n\n\n\n<p><em><span style=\"color: #666666;\">Veuillez noter qu&#8217;en cliquant sur l&#8217;un des noms de la liste, vous serez automatiquement dirig\u00e9 vers le site du Tableau de l&#8217;Ordre pour obtenir les coordonn\u00e9es exactes de la personne concern\u00e9e.<\/span><\/em><\/p>\n\n\n\n<p><em>Si vous constatez que l\u2019hyperlien menant au Bottin ne fonctionne pas, cela peut signifier que la personne n&#8217;est plus membre du Barreau du Qu\u00e9bec et qu\u2019elle a omis d\u2019en informer le Barreau de Montr\u00e9al. Dans ce cas, nous vous invitons \u00e0 communiquer avec nous par <strong><a class=\"ek-link\" href=\"mailto:info@barreaudemontreal.qc.ca\">courriel<\/a><\/strong>, afin que l\u2019information soit mise \u00e0 jour. Nous vous remercions de votre collaboration.<\/em><br>&nbsp;<\/p>\n<\/div>\n\n\n\n<div class=\"wp-block-column is-layout-flow wp-block-column-is-layout-flow\" style=\"flex-basis:33.33%\">\n<div class=\"whiteBox textBoxNew textBoxNew\" id=\"textBoxNew-block_646fb9334e9c347b765c5061350dddf4\">\n\n<h5><span style=\"color: #730030\">INFORMATION<\/span><\/h5>\n<p>Pour tout renseignement additionnel : <a href=\"mailto:info@barreaudemontreal.qc.ca\" target=\"_blank\" rel=\"noopener\">info@barreaudemontreal.qc.ca<\/a><\/p>\n<\/div><\/div>\n<\/div>\n\n\n\n<figure class=\"wp-block-table\"><table class=\"has-fixed-layout\"><thead><tr><th><strong>Juges \u00e0 la retraite<\/strong><\/th><th><strong>Admission<br>au Barreau<\/strong><\/th><th><strong>Champs de comp\u00e9tence<\/strong><\/th><\/tr><\/thead><tbody><tr><td><a href=\"https:\/\/www.barreau.qc.ca\/fr\/trouver-un-avocat\/membre\/?id=637f88aea7dcbd8f4204a7fec52c1af229171586859eb2ba4d19be6c78142095&amp;backUrl=%2Ffr%2Ftrouver-un-avocat%2Fresultats%2F%3Fln%3Dalarie\" target=\"_blank\" aria-label=\" (opens in a new tab)\" rel=\"noreferrer noopener\" class=\"ek-link\">Me Luc Alarie<\/a><br><em>Alarie Legault <\/em><\/td><td>1971<\/td><td>Civil, commercial, responsabilit\u00e9<\/td><\/tr><tr><td><a href=\"https:\/\/www.barreau.qc.ca\/fr\/trouver-un-avocat\/membre\/?id=18a9608e701f743b1364efff79a49dc5588446cce20790c8fe1511af07b179a4&amp;backUrl=%2Ffr%2Ftrouver-un-avocat%2Fresultats%2F%3Fn%3DL%2527honorable%2BDavid%2BL.%2BCameron\" target=\"_blank\" rel=\"noreferrer noopener\">L&#8217;honorable David L. Cameron<\/a><br><em>Forseti avocats<\/em><\/td><td>1984<\/td><td>Civil, commercial, construction, assurances, litiges entre actionnaires<\/td><\/tr><tr><td><a href=\"https:\/\/www.barreau.qc.ca\/fr\/trouver-un-avocat\/membre\/?id=6f93c80f071f84d0ab257799970e5b9983eb80450b8dfa5e2963d99f53f68e3a&amp;backUrl=%2Ffr%2Ftrouver-un-avocat%2Fresultats%2F%3Fn%3Dchampagne\" target=\"_blank\" rel=\"noreferrer noopener\">L&#8217;honorable Claude Champagne<\/a><br><em>Dufour Mottet, avocats<\/em><\/td><td>1969<\/td><td>Civil, commercial, transports, copropri\u00e9t\u00e9 divise et indivise<\/td><\/tr><tr><td><a href=\"https:\/\/www.barreau.qc.ca\/fr\/trouver-un-avocat\/membre\/?id=7bff3e721a01df0d0275d254f70da4e0e4049121d9ac2a46658c99fbd0e2535d&amp;backUrl=%2Ffr%2Ftrouver-un-avocat%2Fresultats%2F%3Fln%3Ddalphond\" target=\"_blank\" aria-label=\" (opens in a new tab)\" rel=\"noreferrer noopener\" class=\"ek-link\">L\u2019honorable Pierre J. Dalphond<\/a><br><i>Stikeman Elliott s.e.n.c.r.l., s.r.l.<\/i><\/td><td>1979<\/td><td>Civil, commercial<\/td><\/tr><tr><td><a href=\"https:\/\/www.barreau.qc.ca\/fr\/trouver-un-avocat\/membre\/?id=c222ebdf83081ba2a23a894baadec3151db5b3634c538b45c44350db434e414e&amp;backUrl=%2Ffr%2Ftrouver-un-avocat%2Fresultats%2F%3Fln%3DDumais\" target=\"_blank\" aria-label=\" (opens in a new tab)\" rel=\"noreferrer noopener\" class=\"ek-link\">L\u2019honorable Claude-Ren\u00e9 Dumais<\/a>, avocat \u00e0 la retraite<\/td><td>1968<\/td><td>Travail, consommateur<\/td><\/tr><tr><td><a href=\"https:\/\/www.barreau.qc.ca\/fr\/trouver-un-avocat\/membre\/?id=e58c22ef6fb4d8ffc29e8ce8b77bf79c1e9d9097a7d70ecdae928c06c7a56731&amp;backUrl=%2Ffr%2Ftrouver-un-avocat%2Fresultats%2F%3Fln%3Dfournier%26fn%3DJacques\" target=\"_blank\" aria-label=\"L'honorable Jacques R. Fournier (opens in a new tab)\" rel=\"noreferrer noopener\" class=\"ek-link\">L&#8217;honorable Jacques R. Fournier<\/a><br><i>Borden Ladner Gervais s.e.n.c.r.l., s.r.l.<\/i><\/td><td>1978<\/td><td>Civil, commercial et construction<\/td><\/tr><tr><td><a href=\"https:\/\/www.barreau.qc.ca\/fr\/trouver-un-avocat\/membre\/?id=ec6261897d2d1549d86e31912401ebec4a06d26624d9e13440c0944439771e4d&amp;backUrl=%2Ffr%2Ftrouver-un-avocat%2Fresultats%2F%3Fln%3Dgagnon%26fn%3Dpierre\" target=\"_blank\" aria-label=\" (opens in a new tab)\" rel=\"noreferrer noopener\" class=\"ek-link\">L\u2019honorable Pierre-C. Gagnon<\/a><\/td><td>1974<\/td><td>Civil, commercial<\/td><\/tr><tr><td><a href=\"https:\/\/www.barreau.qc.ca\/fr\/trouver-un-avocat\/membre\/?id=e9108f88468cf6735e9e8876acda322b1db9580659b6d711c39d2bbcada61f1a&amp;backUrl=%2Ffr%2Ftrouver-un-avocat%2Fresultats%2F%3Fn%3DRiordan\" target=\"_blank\" rel=\"noreferrer noopener\">L\u2019honorable Brian Riordan<\/a><\/td><td>1979<\/td><td>Civil, commercial, corporatif, responsabilit\u00e9<\/td><\/tr><tr><td><a href=\"https:\/\/www.barreau.qc.ca\/fr\/trouver-un-avocat\/membre\/?id=b8a96a8275070cbd236a09c9debc72fab92ced5658f3a119f8034d319a90a928&amp;backUrl=%2Ffr%2Ftrouver-un-avocat%2Fresultats%2F%3Fln%3DRochon%26fn%3Dandr%25C3%25A9\" target=\"_blank\" aria-label=\" (opens in a new tab)\" rel=\"noreferrer noopener\" class=\"ek-link\">L&#8217;honorable Andr\u00e9 Rochon<\/a><br><em><em>Pr\u00e9vost Fortin D&#8217;Aoust<\/em><\/em><\/td><td>1974<\/td><td>Civil, commercial, construction<\/td><\/tr><\/tbody><\/table><\/figure>\n\n\n\n<p><\/p>\n\n\n\n<h6 class=\"wp-block-heading\"><strong>TROUVER UN M\u00c9DIATEUR<\/strong><\/h6>\n\n\n\n<p>Pour obtenir la liste des&nbsp;<strong>avocats accr\u00e9dit\u00e9s comme m\u00e9diateurs familiaux&nbsp;<\/strong>de votre r\u00e9gion, veuillez consulter le&nbsp;<strong><a href=\"https:\/\/www.barreau.qc.ca\/fr\/bottin-des-avocats\/\" target=\"_blank\" rel=\"noopener\" class=\"ek-link\">bottin des avocats<\/a><\/strong>, en prenant soin de cocher la case correspondant \u00e0 votre r\u00e9gion, de m\u00eame que la case \u00ab&nbsp;afficher seulement les avocats qui sont accr\u00e9dit\u00e9s comme m\u00e9diateur familial&nbsp;\u00bb au bas de la page. Vous pouvez \u00e9galement appeler la ligne Info-Barreau du Barreau du Qu\u00e9bec au 514 954-3411 ou au num\u00e9ro sans frais 1&nbsp;844&nbsp;954-3411.<\/p>\n\n\n\n<p>Pour obtenir la liste des&nbsp;<strong>avocats accr\u00e9dit\u00e9s comme m\u00e9diateurs civils ou commerciaux<\/strong>&nbsp;de votre r\u00e9gion, veuillez consulter le&nbsp;<strong><a rel=\"noopener\" href=\"https:\/\/www.barreau.qc.ca\/fr\/bottin-des-avocats\/\" target=\"_blank\">bottin des avocats<\/a><\/strong>, en prenant soin de cocher la case correspondant \u00e0 votre r\u00e9gion, de m\u00eame que la case \u00ab&nbsp;afficher seulement les avocats qui sont accr\u00e9dit\u00e9s comme m\u00e9diateur civil ou commercial&nbsp;\u00bb au bas de la page. Vous pouvez \u00e9galement appeler la ligne Info-Barreau du Barreau du Qu\u00e9bec au 514 954-3411 ou au num\u00e9ro sans frais 1&nbsp;844&nbsp;954-3411.<br>&nbsp;<\/p>\n\n\n\n<h6 class=\"wp-block-heading\"><strong>TROUVER UN ARBITRE DE GRIEFS<\/strong><\/h6>\n\n\n\n<p>La liste des arbitres de griefs et de diff\u00e9rends est disponible sur le site du <strong><a href=\"https:\/\/www.travail.gouv.qc.ca\/relations-du-travail\/liste-des-arbitres-de-griefs-et-de-differends\/\" target=\"_blank\" rel=\"noopener\">Minist\u00e8re du Travail, de l&#8217;Emploi et de la Solidarit\u00e9 sociale<\/a><\/strong>.<\/p>\n\n\n\n<div style=\"height:60px\" aria-hidden=\"true\" class=\"wp-block-spacer\"><\/div>\n\n\n\n<div class=\"wp-block-columns is-layout-flex wp-container-core-columns-is-layout-9d6595d7 wp-block-columns-is-layout-flex\">\n<div class=\"wp-block-column is-layout-flow wp-block-column-is-layout-flow\" style=\"flex-basis:25%\">\n<figure class=\"wp-block-image size-full\"><a href=\"https:\/\/lawyersfinancial.ca\/fr\/assurance\/assurance-auto-habitation?utm_source=Barreau%20de%20Montreal&amp;utm_medium=Website&amp;utm_campaign=Logo\" target=\"_blank\" rel=\" noreferrer noopener\"><img decoding=\"async\" width=\"500\" height=\"250\" src=\"https:\/\/www.barreaudemontreal.qc.ca\/wp-content\/uploads\/hl-financiere-01-v2.png\" alt=\"\" class=\"wp-image-49814\"\/><\/a><\/figure>\n<\/div>\n\n\n\n<div class=\"wp-block-column is-layout-flow wp-block-column-is-layout-flow\" style=\"flex-basis:25%\">\n<figure class=\"wp-block-image size-full\"><a href=\"https:\/\/www.groupemontpetit.com\/\" target=\"_blank\" rel=\" noreferrer noopener\"><img decoding=\"async\" width=\"500\" height=\"250\" src=\"https:\/\/www.barreaudemontreal.qc.ca\/wp-content\/uploads\/hl-montpetit-01-v2.png\" alt=\"\" class=\"wp-image-49818\"\/><\/a><\/figure>\n<\/div>\n\n\n\n<div class=\"wp-block-column is-layout-flow wp-block-column-is-layout-flow\" style=\"flex-basis:25%\">\n<figure class=\"wp-block-image size-full\"><a href=\"https:\/\/www.medicassurance.ca\/fr\/association\/barreau-de-montreal\" target=\"_blank\" rel=\" noreferrer noopener\"><img decoding=\"async\" width=\"500\" height=\"250\" src=\"https:\/\/www.barreaudemontreal.qc.ca\/wp-content\/uploads\/hl-medic-01-v2.png\" alt=\"\" class=\"wp-image-49821\"\/><\/a><\/figure>\n<\/div>\n\n\n\n<div class=\"wp-block-column is-layout-flow wp-block-column-is-layout-flow\" style=\"flex-basis:25%\">\n<figure class=\"wp-block-image size-full\"><a href=\"https:\/\/www.csbq.ca\/\" target=\"_blank\" rel=\" noreferrer noopener\"><img decoding=\"async\" width=\"500\" height=\"250\" src=\"https:\/\/www.barreaudemontreal.qc.ca\/wp-content\/uploads\/hl-corpo-01.png\" alt=\"\" class=\"wp-image-49806\"\/><\/a><\/figure>\n<\/div>\n<\/div>\n\n\n\n<p><br>&nbsp;<\/p>\n","protected":false},"excerpt":{"rendered":"<p><strong>TROUVER UN M\u00c9DIATEUR<\/strong><\/p>\n","protected":false},"author":30,"featured_media":0,"parent":22898,"menu_order":30,"comment_status":"closed","ping_status":"closed","template":"","meta":{"_acf_changed":false,"_editorskit_title_hidden":false,"_editorskit_reading_time":6,"_editorskit_is_block_options_detached":false,"_editorskit_block_options_position":"{}","inline_featured_image":false,"ngg_post_thumbnail":0,"footnotes":""},"class_list":["post-191","page","type-page","status-publish","hentry"],"acf":[],"yoast_head":"<!-- This site is optimized with the Yoast SEO plugin v27.4 - https:\/\/yoast.com\/product\/yoast-seo-wordpress\/ -->\n<title>Trouver un arbitre - Barreau de Montr&eacute;al<\/title>\n<meta name=\"robots\" content=\"index, follow, max-snippet:-1, max-image-preview:large, max-video-preview:-1\" \/>\n<link rel=\"canonical\" href=\"https:\/\/www.barreaudemontreal.qc.ca\/en\/avocats\/outils\/arbitres\/\" \/>\n<meta property=\"og:locale\" content=\"en_US\" \/>\n<meta property=\"og:type\" content=\"article\" \/>\n<meta property=\"og:title\" content=\"Trouver un arbitre - Barreau de Montr&eacute;al\" \/>\n<meta property=\"og:description\" content=\"TROUVER UN M\u00c9DIATEUR\" \/>\n<meta property=\"og:url\" content=\"https:\/\/www.barreaudemontreal.qc.ca\/en\/avocats\/outils\/arbitres\/\" \/>\n<meta property=\"og:site_name\" content=\"Barreau de Montr&eacute;al\" \/>\n<meta property=\"article:modified_time\" content=\"2026-04-21T22:39:17+00:00\" \/>\n<meta property=\"og:image\" content=\"https:\/\/www.barreaudemontreal.qc.ca\/wp-content\/uploads\/hl-financiere-01-v2.png\" \/>\n\t<meta property=\"og:image:width\" content=\"500\" \/>\n\t<meta property=\"og:image:height\" content=\"250\" \/>\n\t<meta property=\"og:image:type\" content=\"image\/png\" \/>\n<meta name=\"twitter:card\" content=\"summary_large_image\" \/>\n<meta name=\"twitter:label1\" content=\"Est. reading time\" \/>\n\t<meta name=\"twitter:data1\" content=\"4 minutes\" \/>\n<script type=\"application\/ld+json\" class=\"yoast-schema-graph\">{\"@context\":\"https:\\\/\\\/schema.org\",\"@graph\":[{\"@type\":\"WebPage\",\"@id\":\"https:\\\/\\\/www.barreaudemontreal.qc.ca\\\/en\\\/avocats\\\/outils\\\/arbitres\\\/\",\"url\":\"https:\\\/\\\/www.barreaudemontreal.qc.ca\\\/en\\\/avocats\\\/outils\\\/arbitres\\\/\",\"name\":\"Trouver un arbitre - Barreau de Montr&eacute;al\",\"isPartOf\":{\"@id\":\"https:\\\/\\\/www.barreaudemontreal.qc.ca\\\/en\\\/#website\"},\"primaryImageOfPage\":{\"@id\":\"https:\\\/\\\/www.barreaudemontreal.qc.ca\\\/en\\\/avocats\\\/outils\\\/arbitres\\\/#primaryimage\"},\"image\":{\"@id\":\"https:\\\/\\\/www.barreaudemontreal.qc.ca\\\/en\\\/avocats\\\/outils\\\/arbitres\\\/#primaryimage\"},\"thumbnailUrl\":\"https:\\\/\\\/www.barreaudemontreal.qc.ca\\\/wp-content\\\/uploads\\\/hl-financiere-01-v2.png\",\"datePublished\":\"2013-04-15T20:38:50+00:00\",\"dateModified\":\"2026-04-21T22:39:17+00:00\",\"breadcrumb\":{\"@id\":\"https:\\\/\\\/www.barreaudemontreal.qc.ca\\\/en\\\/avocats\\\/outils\\\/arbitres\\\/#breadcrumb\"},\"inLanguage\":\"en-US\",\"potentialAction\":[{\"@type\":\"ReadAction\",\"target\":[\"https:\\\/\\\/www.barreaudemontreal.qc.ca\\\/en\\\/avocats\\\/outils\\\/arbitres\\\/\"]}]},{\"@type\":\"ImageObject\",\"inLanguage\":\"en-US\",\"@id\":\"https:\\\/\\\/www.barreaudemontreal.qc.ca\\\/en\\\/avocats\\\/outils\\\/arbitres\\\/#primaryimage\",\"url\":\"https:\\\/\\\/www.barreaudemontreal.qc.ca\\\/wp-content\\\/uploads\\\/hl-financiere-01-v2.png\",\"contentUrl\":\"https:\\\/\\\/www.barreaudemontreal.qc.ca\\\/wp-content\\\/uploads\\\/hl-financiere-01-v2.png\"},{\"@type\":\"BreadcrumbList\",\"@id\":\"https:\\\/\\\/www.barreaudemontreal.qc.ca\\\/en\\\/avocats\\\/outils\\\/arbitres\\\/#breadcrumb\",\"itemListElement\":[{\"@type\":\"ListItem\",\"position\":1,\"name\":\"Home\",\"item\":\"https:\\\/\\\/www.barreaudemontreal.qc.ca\\\/en\\\/\"},{\"@type\":\"ListItem\",\"position\":2,\"name\":\"Avocats\",\"item\":\"https:\\\/\\\/www.barreaudemontreal.qc.ca\\\/en\\\/avocats\\\/\"},{\"@type\":\"ListItem\",\"position\":3,\"name\":\"Outils\",\"item\":\"https:\\\/\\\/www.barreaudemontreal.qc.ca\\\/en\\\/avocats\\\/outils\\\/\"},{\"@type\":\"ListItem\",\"position\":4,\"name\":\"Trouver un arbitre\"}]},{\"@type\":\"WebSite\",\"@id\":\"https:\\\/\\\/www.barreaudemontreal.qc.ca\\\/en\\\/#website\",\"url\":\"https:\\\/\\\/www.barreaudemontreal.qc.ca\\\/en\\\/\",\"name\":\"Barreau de Montr&eacute;al\",\"description\":\"La plus grande section du Barreau du Qu&eacute;bec\",\"potentialAction\":[{\"@type\":\"SearchAction\",\"target\":{\"@type\":\"EntryPoint\",\"urlTemplate\":\"https:\\\/\\\/www.barreaudemontreal.qc.ca\\\/en\\\/?s={search_term_string}\"},\"query-input\":{\"@type\":\"PropertyValueSpecification\",\"valueRequired\":true,\"valueName\":\"search_term_string\"}}],\"inLanguage\":\"en-US\"}]}<\/script>\n<!-- \/ Yoast SEO plugin. -->","yoast_head_json":{"title":"Trouver un arbitre - Barreau de Montr&eacute;al","robots":{"index":"index","follow":"follow","max-snippet":"max-snippet:-1","max-image-preview":"max-image-preview:large","max-video-preview":"max-video-preview:-1"},"canonical":"https:\/\/www.barreaudemontreal.qc.ca\/en\/avocats\/outils\/arbitres\/","og_locale":"en_US","og_type":"article","og_title":"Trouver un arbitre - Barreau de Montr&eacute;al","og_description":"TROUVER UN M\u00c9DIATEUR","og_url":"https:\/\/www.barreaudemontreal.qc.ca\/en\/avocats\/outils\/arbitres\/","og_site_name":"Barreau de Montr&eacute;al","article_modified_time":"2026-04-21T22:39:17+00:00","og_image":[{"width":500,"height":250,"url":"https:\/\/www.barreaudemontreal.qc.ca\/wp-content\/uploads\/hl-financiere-01-v2.png","type":"image\/png"}],"twitter_card":"summary_large_image","twitter_misc":{"Est. reading time":"4 minutes"},"schema":{"@context":"https:\/\/schema.org","@graph":[{"@type":"WebPage","@id":"https:\/\/www.barreaudemontreal.qc.ca\/en\/avocats\/outils\/arbitres\/","url":"https:\/\/www.barreaudemontreal.qc.ca\/en\/avocats\/outils\/arbitres\/","name":"Trouver un arbitre - Barreau de Montr&eacute;al","isPartOf":{"@id":"https:\/\/www.barreaudemontreal.qc.ca\/en\/#website"},"primaryImageOfPage":{"@id":"https:\/\/www.barreaudemontreal.qc.ca\/en\/avocats\/outils\/arbitres\/#primaryimage"},"image":{"@id":"https:\/\/www.barreaudemontreal.qc.ca\/en\/avocats\/outils\/arbitres\/#primaryimage"},"thumbnailUrl":"https:\/\/www.barreaudemontreal.qc.ca\/wp-content\/uploads\/hl-financiere-01-v2.png","datePublished":"2013-04-15T20:38:50+00:00","dateModified":"2026-04-21T22:39:17+00:00","breadcrumb":{"@id":"https:\/\/www.barreaudemontreal.qc.ca\/en\/avocats\/outils\/arbitres\/#breadcrumb"},"inLanguage":"en-US","potentialAction":[{"@type":"ReadAction","target":["https:\/\/www.barreaudemontreal.qc.ca\/en\/avocats\/outils\/arbitres\/"]}]},{"@type":"ImageObject","inLanguage":"en-US","@id":"https:\/\/www.barreaudemontreal.qc.ca\/en\/avocats\/outils\/arbitres\/#primaryimage","url":"https:\/\/www.barreaudemontreal.qc.ca\/wp-content\/uploads\/hl-financiere-01-v2.png","contentUrl":"https:\/\/www.barreaudemontreal.qc.ca\/wp-content\/uploads\/hl-financiere-01-v2.png"},{"@type":"BreadcrumbList","@id":"https:\/\/www.barreaudemontreal.qc.ca\/en\/avocats\/outils\/arbitres\/#breadcrumb","itemListElement":[{"@type":"ListItem","position":1,"name":"Home","item":"https:\/\/www.barreaudemontreal.qc.ca\/en\/"},{"@type":"ListItem","position":2,"name":"Avocats","item":"https:\/\/www.barreaudemontreal.qc.ca\/en\/avocats\/"},{"@type":"ListItem","position":3,"name":"Outils","item":"https:\/\/www.barreaudemontreal.qc.ca\/en\/avocats\/outils\/"},{"@type":"ListItem","position":4,"name":"Trouver un arbitre"}]},{"@type":"WebSite","@id":"https:\/\/www.barreaudemontreal.qc.ca\/en\/#website","url":"https:\/\/www.barreaudemontreal.qc.ca\/en\/","name":"Barreau de Montr&eacute;al","description":"La plus grande section du Barreau du Qu&eacute;bec","potentialAction":[{"@type":"SearchAction","target":{"@type":"EntryPoint","urlTemplate":"https:\/\/www.barreaudemontreal.qc.ca\/en\/?s={search_term_string}"},"query-input":{"@type":"PropertyValueSpecification","valueRequired":true,"valueName":"search_term_string"}}],"inLanguage":"en-US"}]}},"_links":{"self":[{"href":"https:\/\/www.barreaudemontreal.qc.ca\/en\/wp-json\/wp\/v2\/pages\/191","targetHints":{"allow":["GET"]}}],"collection":[{"href":"https:\/\/www.barreaudemontreal.qc.ca\/en\/wp-json\/wp\/v2\/pages"}],"about":[{"href":"https:\/\/www.barreaudemontreal.qc.ca\/en\/wp-json\/wp\/v2\/types\/page"}],"author":[{"embeddable":true,"href":"https:\/\/www.barreaudemontreal.qc.ca\/en\/wp-json\/wp\/v2\/users\/30"}],"replies":[{"embeddable":true,"href":"https:\/\/www.barreaudemontreal.qc.ca\/en\/wp-json\/wp\/v2\/comments?post=191"}],"version-history":[{"count":1,"href":"https:\/\/www.barreaudemontreal.qc.ca\/en\/wp-json\/wp\/v2\/pages\/191\/revisions"}],"predecessor-version":[{"id":49832,"href":"https:\/\/www.barreaudemontreal.qc.ca\/en\/wp-json\/wp\/v2\/pages\/191\/revisions\/49832"}],"up":[{"embeddable":true,"href":"https:\/\/www.barreaudemontreal.qc.ca\/en\/wp-json\/wp\/v2\/pages\/22898"}],"wp:attachment":[{"href":"https:\/\/www.barreaudemontreal.qc.ca\/en\/wp-json\/wp\/v2\/media?parent=191"}],"curies":[{"name":"wp","href":"https:\/\/api.w.org\/{rel}","templated":true}]}}