{"id":1838,"date":"2015-07-21T19:17:06","date_gmt":"2015-07-21T19:17:06","guid":{"rendered":"http:\/\/barreau.stagingminimalmtl.com\/tat\/"},"modified":"2023-02-07T18:40:53","modified_gmt":"2023-02-07T23:40:53","slug":"tat","status":"publish","type":"page","link":"https:\/\/www.barreaudemontreal.qc.ca\/en\/avocats\/outils\/avocats-de-litige\/tat\/","title":{"rendered":"Tribunal administratif du travail"},"content":{"rendered":"\n<div class=\"wp-block-columns is-layout-flex wp-container-core-columns-is-layout-9d6595d7 wp-block-columns-is-layout-flex\">\n<div class=\"wp-block-column is-layout-flow wp-block-column-is-layout-flow\" style=\"flex-basis:66.66%\">\n<hr class=\"wp-block-separator has-css-opacity\"\/>\n\n\n\n<h5 class=\"wp-block-heading\">FONCTIONNEMENT<\/h5>\n\n\n\n<ul class=\"wp-block-list\">\n<li><a aria-label=\" (opens in a new tab)\" href=\"https:\/\/www.tat.gouv.qc.ca\/le-tribunal\/lois-reglements-et-deontologie\" target=\"_blank\" rel=\"noreferrer noopener\" class=\"ek-link\">Lois, r\u00e8glements, r\u00e8gles et d\u00e9ontologie<\/a><\/li>\n\n\n\n<li><a aria-label=\" (opens in a new tab)\" href=\"https:\/\/www.tat.gouv.qc.ca\/menu-utilitaire\/formulaires\" target=\"_blank\" rel=\"noreferrer noopener\" class=\"ek-link\">Formulaires et mod\u00e8les de requ\u00eates<\/a><\/li>\n\n\n\n<li><a aria-label=\" (opens in a new tab)\" href=\"https:\/\/www.tat.gouv.qc.ca\/le-tribunal\/fonctionnement-du-tribunal\/la-conciliation\" target=\"_blank\" rel=\"noreferrer noopener\" class=\"ek-link\">Conciliation<\/a><\/li>\n\n\n\n<li><a aria-label=\" (opens in a new tab)\" href=\"https:\/\/www.tat.gouv.qc.ca\/le-tribunal\/fonctionnement-du-tribunal\/la-remise-daudience\" target=\"_blank\" rel=\"noreferrer noopener\" class=\"ek-link\">Demande de remise<\/a>\n<ul class=\"wp-block-list\">\n<li><a aria-label=\"Orientation en mati\u00e8re de remise d\u2019audience (opens in a new tab)\" href=\"https:\/\/www.tat.gouv.qc.ca\/fileadmin\/tat\/6Le_Tribunal\/Publications_et_documents\/Directives__politiques__orientations\/Orientations_en_matiere_de_remise_d_audience_TAT.pdf\" target=\"_blank\" rel=\"noreferrer noopener\" class=\"ek-link\">Orientations en mati\u00e8re de remise d\u2019audience<\/a><\/li>\n<\/ul>\n<\/li>\n\n\n\n<li><a aria-label=\"Services en ligne (opens in a new tab)\" href=\"https:\/\/www.tat.gouv.qc.ca\/menu-utilitaire\/services-en-ligne\" target=\"_blank\" rel=\"noreferrer noopener\" class=\"ek-link\">Services en ligne<\/a><\/li>\n<\/ul>\n\n\n\n<hr class=\"wp-block-separator has-css-opacity\"\/>\n\n\n\n<h5 class=\"wp-block-heading\">LIENS UTILES<\/h5>\n\n\n\n<p>Le Conseil de la justice administrative a pour principal mandat de recevoir, d&#8217;examiner et de faire enqu\u00eate sur les&nbsp;plaintes d\u00e9ontologiques&nbsp;formul\u00e9es \u00e0 l&#8217;endroit des juges administratifs de certains tribunaux administratifs<br><a aria-label=\"www.cja.gouv.qc.ca (opens in a new tab)\" href=\"http:\/\/www.cja.gouv.qc.ca\" target=\"_blank\" rel=\"noreferrer noopener\" class=\"ek-link\">www.cja.gouv.qc.ca<\/a><\/p>\n\n\n\n<p><\/p>\n\n\n\n<p><\/p>\n<\/div>\n\n\n\n<div class=\"wp-block-column is-layout-flow wp-block-column-is-layout-flow\" style=\"flex-basis:33.33%\">\n<div class=\"whiteBox textBoxNew textBoxNew\" id=\"textBoxNew-block_8155e6543d03bfbb6055e21a691f36f5\">\n\n<h5>Site Web du Tribunal administratif du travail :<\/h5>\n<p><a href=\"http:\/\/www.tat.gouv.qc.ca\" target=\"_blank\" rel=\"noopener\">www.tat.gouv.qc.ca<\/a><\/p>\n<h5>D\u00e9p\u00f4t \u00e9lectronique :<\/h5>\n<p><a href=\"https:\/\/services.tat.gouv.qc.ca\/depot-demande-rt\/depotDemandeRt.do;jsessionid=5121D95669FDB607BF58D2304659EC2C?methode=afficher\" target=\"_blank\" rel=\"noopener\">services.tat.gouv.qc.ca\/depot-demande-rt<\/a><\/p>\n<\/div><\/div>\n<\/div>\n\n\n\n<p><\/p>\n","protected":false},"excerpt":{"rendered":"<p><strong>&nbsp;<\/strong><\/p>\n","protected":false},"author":3,"featured_media":872,"parent":144,"menu_order":9,"comment_status":"closed","ping_status":"closed","template":"","meta":{"_acf_changed":false,"_editorskit_title_hidden":false,"_editorskit_reading_time":1,"_editorskit_is_block_options_detached":false,"_editorskit_block_options_position":"{}","inline_featured_image":false,"ngg_post_thumbnail":0,"footnotes":""},"class_list":["post-1838","page","type-page","status-publish","has-post-thumbnail","hentry"],"acf":[],"yoast_head":"<!-- This site is optimized with the Yoast SEO plugin v27.4 - https:\/\/yoast.com\/product\/yoast-seo-wordpress\/ -->\n<title>Tribunal administratif du travail - Barreau de Montr&eacute;al<\/title>\n<meta name=\"robots\" content=\"index, follow, max-snippet:-1, max-image-preview:large, max-video-preview:-1\" \/>\n<link rel=\"canonical\" href=\"https:\/\/www.barreaudemontreal.qc.ca\/en\/avocats\/outils\/avocats-de-litige\/tat\/\" \/>\n<meta property=\"og:locale\" content=\"en_US\" \/>\n<meta property=\"og:type\" content=\"article\" \/>\n<meta property=\"og:title\" content=\"Tribunal administratif du travail - Barreau de Montr&eacute;al\" \/>\n<meta property=\"og:description\" content=\"&nbsp;\" \/>\n<meta property=\"og:url\" content=\"https:\/\/www.barreaudemontreal.qc.ca\/en\/avocats\/outils\/avocats-de-litige\/tat\/\" \/>\n<meta property=\"og:site_name\" content=\"Barreau de Montr&eacute;al\" \/>\n<meta property=\"article:modified_time\" content=\"2023-02-07T23:40:53+00:00\" \/>\n<meta property=\"og:image\" content=\"https:\/\/www.barreaudemontreal.qc.ca\/wp-content\/uploads\/pdf_0.gif\" \/>\n\t<meta property=\"og:image:width\" content=\"16\" \/>\n\t<meta property=\"og:image:height\" content=\"16\" \/>\n\t<meta property=\"og:image:type\" content=\"image\/gif\" \/>\n<meta name=\"twitter:card\" content=\"summary_large_image\" \/>\n<meta name=\"twitter:label1\" content=\"Est. reading time\" \/>\n\t<meta name=\"twitter:data1\" content=\"1 minute\" \/>\n<script type=\"application\/ld+json\" class=\"yoast-schema-graph\">{\"@context\":\"https:\\\/\\\/schema.org\",\"@graph\":[{\"@type\":\"WebPage\",\"@id\":\"https:\\\/\\\/www.barreaudemontreal.qc.ca\\\/en\\\/avocats\\\/outils\\\/avocats-de-litige\\\/tat\\\/\",\"url\":\"https:\\\/\\\/www.barreaudemontreal.qc.ca\\\/en\\\/avocats\\\/outils\\\/avocats-de-litige\\\/tat\\\/\",\"name\":\"Tribunal administratif du travail - Barreau de Montr&eacute;al\",\"isPartOf\":{\"@id\":\"https:\\\/\\\/www.barreaudemontreal.qc.ca\\\/en\\\/#website\"},\"primaryImageOfPage\":{\"@id\":\"https:\\\/\\\/www.barreaudemontreal.qc.ca\\\/en\\\/avocats\\\/outils\\\/avocats-de-litige\\\/tat\\\/#primaryimage\"},\"image\":{\"@id\":\"https:\\\/\\\/www.barreaudemontreal.qc.ca\\\/en\\\/avocats\\\/outils\\\/avocats-de-litige\\\/tat\\\/#primaryimage\"},\"thumbnailUrl\":\"https:\\\/\\\/www.barreaudemontreal.qc.ca\\\/wp-content\\\/uploads\\\/pdf_0.gif\",\"datePublished\":\"2015-07-21T19:17:06+00:00\",\"dateModified\":\"2023-02-07T23:40:53+00:00\",\"breadcrumb\":{\"@id\":\"https:\\\/\\\/www.barreaudemontreal.qc.ca\\\/en\\\/avocats\\\/outils\\\/avocats-de-litige\\\/tat\\\/#breadcrumb\"},\"inLanguage\":\"en-US\",\"potentialAction\":[{\"@type\":\"ReadAction\",\"target\":[\"https:\\\/\\\/www.barreaudemontreal.qc.ca\\\/en\\\/avocats\\\/outils\\\/avocats-de-litige\\\/tat\\\/\"]}]},{\"@type\":\"ImageObject\",\"inLanguage\":\"en-US\",\"@id\":\"https:\\\/\\\/www.barreaudemontreal.qc.ca\\\/en\\\/avocats\\\/outils\\\/avocats-de-litige\\\/tat\\\/#primaryimage\",\"url\":\"https:\\\/\\\/www.barreaudemontreal.qc.ca\\\/wp-content\\\/uploads\\\/pdf_0.gif\",\"contentUrl\":\"https:\\\/\\\/www.barreaudemontreal.qc.ca\\\/wp-content\\\/uploads\\\/pdf_0.gif\",\"width\":16,\"height\":16},{\"@type\":\"BreadcrumbList\",\"@id\":\"https:\\\/\\\/www.barreaudemontreal.qc.ca\\\/en\\\/avocats\\\/outils\\\/avocats-de-litige\\\/tat\\\/#breadcrumb\",\"itemListElement\":[{\"@type\":\"ListItem\",\"position\":1,\"name\":\"Home\",\"item\":\"https:\\\/\\\/www.barreaudemontreal.qc.ca\\\/en\\\/\"},{\"@type\":\"ListItem\",\"position\":2,\"name\":\"Avocats\",\"item\":\"https:\\\/\\\/www.barreaudemontreal.qc.ca\\\/en\\\/avocats\\\/\"},{\"@type\":\"ListItem\",\"position\":3,\"name\":\"Outils\",\"item\":\"https:\\\/\\\/www.barreaudemontreal.qc.ca\\\/en\\\/avocats\\\/outils\\\/\"},{\"@type\":\"ListItem\",\"position\":4,\"name\":\"Avocats de litige\",\"item\":\"https:\\\/\\\/www.barreaudemontreal.qc.ca\\\/en\\\/avocats\\\/outils\\\/avocats-de-litige\\\/\"},{\"@type\":\"ListItem\",\"position\":5,\"name\":\"Tribunal administratif du travail\"}]},{\"@type\":\"WebSite\",\"@id\":\"https:\\\/\\\/www.barreaudemontreal.qc.ca\\\/en\\\/#website\",\"url\":\"https:\\\/\\\/www.barreaudemontreal.qc.ca\\\/en\\\/\",\"name\":\"Barreau de Montr&eacute;al\",\"description\":\"La plus grande section du Barreau du Qu&eacute;bec\",\"potentialAction\":[{\"@type\":\"SearchAction\",\"target\":{\"@type\":\"EntryPoint\",\"urlTemplate\":\"https:\\\/\\\/www.barreaudemontreal.qc.ca\\\/en\\\/?s={search_term_string}\"},\"query-input\":{\"@type\":\"PropertyValueSpecification\",\"valueRequired\":true,\"valueName\":\"search_term_string\"}}],\"inLanguage\":\"en-US\"}]}<\/script>\n<!-- \/ Yoast SEO plugin. -->","yoast_head_json":{"title":"Tribunal administratif du travail - Barreau de Montr&eacute;al","robots":{"index":"index","follow":"follow","max-snippet":"max-snippet:-1","max-image-preview":"max-image-preview:large","max-video-preview":"max-video-preview:-1"},"canonical":"https:\/\/www.barreaudemontreal.qc.ca\/en\/avocats\/outils\/avocats-de-litige\/tat\/","og_locale":"en_US","og_type":"article","og_title":"Tribunal administratif du travail - Barreau de Montr&eacute;al","og_description":"&nbsp;","og_url":"https:\/\/www.barreaudemontreal.qc.ca\/en\/avocats\/outils\/avocats-de-litige\/tat\/","og_site_name":"Barreau de Montr&eacute;al","article_modified_time":"2023-02-07T23:40:53+00:00","og_image":[{"width":16,"height":16,"url":"https:\/\/www.barreaudemontreal.qc.ca\/wp-content\/uploads\/pdf_0.gif","type":"image\/gif"}],"twitter_card":"summary_large_image","twitter_misc":{"Est. reading time":"1 minute"},"schema":{"@context":"https:\/\/schema.org","@graph":[{"@type":"WebPage","@id":"https:\/\/www.barreaudemontreal.qc.ca\/en\/avocats\/outils\/avocats-de-litige\/tat\/","url":"https:\/\/www.barreaudemontreal.qc.ca\/en\/avocats\/outils\/avocats-de-litige\/tat\/","name":"Tribunal administratif du travail - Barreau de Montr&eacute;al","isPartOf":{"@id":"https:\/\/www.barreaudemontreal.qc.ca\/en\/#website"},"primaryImageOfPage":{"@id":"https:\/\/www.barreaudemontreal.qc.ca\/en\/avocats\/outils\/avocats-de-litige\/tat\/#primaryimage"},"image":{"@id":"https:\/\/www.barreaudemontreal.qc.ca\/en\/avocats\/outils\/avocats-de-litige\/tat\/#primaryimage"},"thumbnailUrl":"https:\/\/www.barreaudemontreal.qc.ca\/wp-content\/uploads\/pdf_0.gif","datePublished":"2015-07-21T19:17:06+00:00","dateModified":"2023-02-07T23:40:53+00:00","breadcrumb":{"@id":"https:\/\/www.barreaudemontreal.qc.ca\/en\/avocats\/outils\/avocats-de-litige\/tat\/#breadcrumb"},"inLanguage":"en-US","potentialAction":[{"@type":"ReadAction","target":["https:\/\/www.barreaudemontreal.qc.ca\/en\/avocats\/outils\/avocats-de-litige\/tat\/"]}]},{"@type":"ImageObject","inLanguage":"en-US","@id":"https:\/\/www.barreaudemontreal.qc.ca\/en\/avocats\/outils\/avocats-de-litige\/tat\/#primaryimage","url":"https:\/\/www.barreaudemontreal.qc.ca\/wp-content\/uploads\/pdf_0.gif","contentUrl":"https:\/\/www.barreaudemontreal.qc.ca\/wp-content\/uploads\/pdf_0.gif","width":16,"height":16},{"@type":"BreadcrumbList","@id":"https:\/\/www.barreaudemontreal.qc.ca\/en\/avocats\/outils\/avocats-de-litige\/tat\/#breadcrumb","itemListElement":[{"@type":"ListItem","position":1,"name":"Home","item":"https:\/\/www.barreaudemontreal.qc.ca\/en\/"},{"@type":"ListItem","position":2,"name":"Avocats","item":"https:\/\/www.barreaudemontreal.qc.ca\/en\/avocats\/"},{"@type":"ListItem","position":3,"name":"Outils","item":"https:\/\/www.barreaudemontreal.qc.ca\/en\/avocats\/outils\/"},{"@type":"ListItem","position":4,"name":"Avocats de litige","item":"https:\/\/www.barreaudemontreal.qc.ca\/en\/avocats\/outils\/avocats-de-litige\/"},{"@type":"ListItem","position":5,"name":"Tribunal administratif du travail"}]},{"@type":"WebSite","@id":"https:\/\/www.barreaudemontreal.qc.ca\/en\/#website","url":"https:\/\/www.barreaudemontreal.qc.ca\/en\/","name":"Barreau de Montr&eacute;al","description":"La plus grande section du Barreau du Qu&eacute;bec","potentialAction":[{"@type":"SearchAction","target":{"@type":"EntryPoint","urlTemplate":"https:\/\/www.barreaudemontreal.qc.ca\/en\/?s={search_term_string}"},"query-input":{"@type":"PropertyValueSpecification","valueRequired":true,"valueName":"search_term_string"}}],"inLanguage":"en-US"}]}},"_links":{"self":[{"href":"https:\/\/www.barreaudemontreal.qc.ca\/en\/wp-json\/wp\/v2\/pages\/1838","targetHints":{"allow":["GET"]}}],"collection":[{"href":"https:\/\/www.barreaudemontreal.qc.ca\/en\/wp-json\/wp\/v2\/pages"}],"about":[{"href":"https:\/\/www.barreaudemontreal.qc.ca\/en\/wp-json\/wp\/v2\/types\/page"}],"author":[{"embeddable":true,"href":"https:\/\/www.barreaudemontreal.qc.ca\/en\/wp-json\/wp\/v2\/users\/3"}],"replies":[{"embeddable":true,"href":"https:\/\/www.barreaudemontreal.qc.ca\/en\/wp-json\/wp\/v2\/comments?post=1838"}],"version-history":[{"count":0,"href":"https:\/\/www.barreaudemontreal.qc.ca\/en\/wp-json\/wp\/v2\/pages\/1838\/revisions"}],"up":[{"embeddable":true,"href":"https:\/\/www.barreaudemontreal.qc.ca\/en\/wp-json\/wp\/v2\/pages\/144"}],"wp:featuredmedia":[{"embeddable":true,"href":"https:\/\/www.barreaudemontreal.qc.ca\/en\/wp-json\/wp\/v2\/media\/872"}],"wp:attachment":[{"href":"https:\/\/www.barreaudemontreal.qc.ca\/en\/wp-json\/wp\/v2\/media?parent=1838"}],"curies":[{"name":"wp","href":"https:\/\/api.w.org\/{rel}","templated":true}]}}