{"id":1631,"date":"2014-06-23T19:50:57","date_gmt":"2014-06-23T19:50:57","guid":{"rendered":"http:\/\/barreau.stagingminimalmtl.com\/contact-information-various-services\/"},"modified":"2014-06-23T19:50:57","modified_gmt":"2014-06-23T19:50:57","slug":"contact-information-various-services","status":"publish","type":"page","link":"https:\/\/www.barreaudemontreal.qc.ca\/en\/contact-information-various-services\/","title":{"rendered":"Contact information of various services"},"content":{"rendered":"<p><strong>PALAIS DE JUSTICE<\/strong><\/p>\n<hr>\n<p class=\"cont_s_titre_s\"><strong>DIRECTION DES SERVICES JUDICIAIRES DE LA M\u00c9TROPOLE<\/strong><\/p>\n<p class=\"cont_txt_noir\">Me Paul Charbonneau, directeur g\u00e9n\u00e9ral associ\u00e9 (Palais de justice de Montr\u00e9al)<br \/>514 393-2256, poste 51796 \u2013 t\u00e9l\u00e9copieur : 514 873-4760<\/p>\n<hr>\n<p class=\"cont_s_titre_s\"><strong>DIRECTION DES SERVICES JUDICIAIRES P\u00c9NAUX ET DES TRIBUNAUX SP\u00c9CIALIS\u00c9S<\/strong><\/p>\n<p class=\"cont_txt_noir\"><strong>Chambre de la jeunesse&nbsp;<\/strong>:<br \/>M. Philippe Panneton 514 495-5800 \u2013 t\u00e9l\u00e9copieur 514 864-4149, 410, rue de Bellechasse, Montr\u00e9al, H2S 1X3<\/p>\n<ul>\n<li class=\"puce_txt_noir\" style=\"text-align: left;\">D\u00e9linquance et protection&nbsp;: 514&nbsp;495-5800<\/li>\n<li class=\"puce_txt_noir\" style=\"text-align: left;\">Adoption&nbsp;: 514&nbsp;495-5800<\/li>\n<li class=\"puce_txt_noir\" style=\"text-align: left;\">Perception des amendes&nbsp;: 514&nbsp;495-5800<\/li>\n<li class=\"puce_txt_noir\" style=\"text-align: left;\">Services financiers&nbsp;: 514&nbsp;495-5800<\/li>\n<\/ul>\n<p class=\"cont_txt_noir\"><strong>Service du soutien aux tribunaux p\u00e9naux et au Tribunal des droits de la personne&nbsp;<\/strong>:<br \/>Me Jean-Philippe Richard-Cossette 514 393-2048<br \/>Palais de justice&nbsp; \u2013&nbsp; local 3.150<\/p>\n<p class=\"cont_txt_noir\"><strong>R\u00f4les<\/strong><\/p>\n<ul>\n<li class=\"puce_txt_noir\" style=\"text-align: left;\">Jur\u00e9s: 514 864-3221<\/li>\n<li class=\"puce_txt_noir\" style=\"text-align: left;\">R\u00f4les \u2013 Cour du Qu\u00e9bec, chambre criminelle: 514 393-2034<\/li>\n<li class=\"puce_txt_noir\" style=\"text-align: left;\">R\u00f4les \u2013 Cour sup\u00e9rieure, chambre criminelle: 514 393-2034<\/li>\n<li class=\"puce_txt_noir\" style=\"text-align: left;\">R\u00f4les statutaires: 514 393-2034<\/li>\n<li class=\"puce_txt_noir\" style=\"text-align: left;\">Taxation des t\u00e9moins, local 1.160 : 514 393-2062<\/li>\n<li class=\"puce_txt_noir\" style=\"text-align: left;\">Accueil des t\u00e9moins, local 5.10: 514 393-2543<\/li>\n<li class=\"puce_txt_noir\" style=\"text-align: left;\">Pi\u00e8ces (&#8220;\u00e0 conviction&#8221;), local S.S. 2.51: 514 393-2112<\/li>\n<li class=\"puce_txt_noir\" style=\"text-align: left;\">Interpr\u00e8tes en mati\u00e8re criminelle, local 5.113F: 514 393-2529<\/li>\n<\/ul>\n<p class=\"cont_txt_noir\"><strong>Greffe<\/strong><\/p>\n<ul>\n<li class=\"puce_txt_noir\" style=\"text-align: left;\">Ouverture des dossiers: 514 393-2032<\/li>\n<li class=\"puce_txt_noir\" style=\"text-align: left;\">Mandat de perquisition : 514 393-2256, poste 51646<\/li>\n<li class=\"puce_txt_noir\" style=\"text-align: left;\">Mandat d\u2019arrestation : 514 393-2256, poste 51661<\/li>\n<li class=\"puce_txt_noir\" style=\"text-align: left;\">Cautions&nbsp; &#8211;&nbsp; Comparutions: 514 393-2710<\/li>\n<li class=\"puce_txt_noir\" style=\"text-align: left;\">Plumitif, demande de confidentialit\u00e9 au plumitif, r\u00f4les annot\u00e9s et demandes d&#8217;inscription aux r\u00f4les: 514 393-2034<\/li>\n<li class=\"puce_txt_noir\" style=\"text-align: left;\">Demande de retrait de d\u00e9p\u00f4t judiciaire et d\u00e9claration de d\u00e9p\u00f4t judiciaire quant \u00e0 des saisies: 514 393-2033<\/li>\n<li class=\"puce_txt_noir\" style=\"text-align: left;\">Information globale sur plaintes priv\u00e9es: 514 393-2034<\/li>\n<li class=\"puce_txt_noir\" style=\"text-align: left;\">Greffi\u00e8re du Tribunal des droits de la personne: 514 393-6649<br \/>&nbsp;<\/li>\n<\/ul>\n<hr>\n<p class=\"cont_s_titre_s\"><strong>DIRECTION DU SOUTIEN \u00c0 LA MAGISTRATURE ET DES SERVICES ADMINISTRATIFS<\/strong><\/p>\n<p class=\"cont_txt_noir\"><strong>Services financiers et services auxiliaires : <\/strong>M. Martin Foczeny \u2013 local 1.160<\/p>\n<ul>\n<li class=\"puce_txt_noir\" style=\"text-align: left;\">Renseignements g\u00e9n\u00e9raux: 514 393-2721<\/li>\n<li class=\"puce_txt_noir\" style=\"text-align: left;\">Repiquage et transcription: 514 393-2532<\/li>\n<li class=\"puce_txt_noir\" style=\"text-align: left;\">Fichier-ma\u00eetre: 514 393-2069<\/li>\n<li class=\"puce_txt_noir\" style=\"text-align: left;\">D\u00e9p\u00f4t volontaire, saisie de salaire et caisses: 514 393-2062<\/li>\n<li class=\"puce_txt_noir\" style=\"text-align: left;\">Greffe des notaires : 514 393-2115<\/li>\n<\/ul>\n","protected":false},"excerpt":{"rendered":"<p><strong>PALAIS DE JUSTICE<\/strong><\/p>\n<hr>\n<p class=\"cont_s_titre_s\"><strong>DIRECTION DES SERVICES JUDICIAIRES DE LA M\u00c9TROPOLE<\/strong><\/p>\n<p class=\"cont_txt_noir\">Me Paul Charbonneau, directeur g\u00e9n\u00e9ral associ\u00e9 (Palais de justice de Montr\u00e9al)<br \/>514 393-2256, poste 51796 \u2013 t\u00e9l\u00e9copieur : 514 873-4760<\/p>\n<hr>\n<p class=\"cont_s_titre_s\"><strong>DIRECTION DES SERVICES JUDICIAIRES P\u00c9NAUX ET DES TRIBUNAUX SP\u00c9CIALIS\u00c9S<\/strong><\/p>\n","protected":false},"author":3,"featured_media":0,"parent":0,"menu_order":50,"comment_status":"closed","ping_status":"closed","template":"","meta":{"_acf_changed":false,"_editorskit_title_hidden":false,"_editorskit_reading_time":0,"_editorskit_is_block_options_detached":false,"_editorskit_block_options_position":"{}","inline_featured_image":false,"ngg_post_thumbnail":0,"footnotes":""},"class_list":["post-1631","page","type-page","status-publish","hentry"],"acf":[],"yoast_head":"<!-- This site is optimized with the Yoast SEO plugin v27.4 - https:\/\/yoast.com\/product\/yoast-seo-wordpress\/ -->\n<title>Contact information of various services - Barreau de Montr&eacute;al<\/title>\n<meta name=\"robots\" content=\"index, follow, max-snippet:-1, max-image-preview:large, max-video-preview:-1\" \/>\n<link rel=\"canonical\" href=\"https:\/\/www.barreaudemontreal.qc.ca\/en\/contact-information-various-services\/\" \/>\n<meta property=\"og:locale\" content=\"en_US\" \/>\n<meta property=\"og:type\" content=\"article\" \/>\n<meta property=\"og:title\" content=\"Contact information of various services - Barreau de Montr&eacute;al\" \/>\n<meta property=\"og:description\" content=\"PALAIS DE JUSTICEDIRECTION DES SERVICES JUDICIAIRES DE LA M\u00c9TROPOLEMe Paul Charbonneau, directeur g\u00e9n\u00e9ral associ\u00e9 (Palais de justice de Montr\u00e9al)514 393-2256, poste 51796 \u2013 t\u00e9l\u00e9copieur : 514 873-4760DIRECTION DES SERVICES JUDICIAIRES P\u00c9NAUX ET DES TRIBUNAUX SP\u00c9CIALIS\u00c9S\" \/>\n<meta property=\"og:url\" content=\"https:\/\/www.barreaudemontreal.qc.ca\/en\/contact-information-various-services\/\" \/>\n<meta property=\"og:site_name\" content=\"Barreau de Montr&eacute;al\" \/>\n<meta name=\"twitter:card\" content=\"summary_large_image\" \/>\n<meta name=\"twitter:label1\" content=\"Est. reading time\" \/>\n\t<meta name=\"twitter:data1\" content=\"1 minute\" \/>\n<script type=\"application\/ld+json\" class=\"yoast-schema-graph\">{\"@context\":\"https:\\\/\\\/schema.org\",\"@graph\":[{\"@type\":\"WebPage\",\"@id\":\"https:\\\/\\\/www.barreaudemontreal.qc.ca\\\/en\\\/contact-information-various-services\\\/\",\"url\":\"https:\\\/\\\/www.barreaudemontreal.qc.ca\\\/en\\\/contact-information-various-services\\\/\",\"name\":\"Contact information of various services - Barreau de Montr&eacute;al\",\"isPartOf\":{\"@id\":\"https:\\\/\\\/www.barreaudemontreal.qc.ca\\\/en\\\/#website\"},\"datePublished\":\"2014-06-23T19:50:57+00:00\",\"breadcrumb\":{\"@id\":\"https:\\\/\\\/www.barreaudemontreal.qc.ca\\\/en\\\/contact-information-various-services\\\/#breadcrumb\"},\"inLanguage\":\"en-US\",\"potentialAction\":[{\"@type\":\"ReadAction\",\"target\":[\"https:\\\/\\\/www.barreaudemontreal.qc.ca\\\/en\\\/contact-information-various-services\\\/\"]}]},{\"@type\":\"BreadcrumbList\",\"@id\":\"https:\\\/\\\/www.barreaudemontreal.qc.ca\\\/en\\\/contact-information-various-services\\\/#breadcrumb\",\"itemListElement\":[{\"@type\":\"ListItem\",\"position\":1,\"name\":\"Home\",\"item\":\"https:\\\/\\\/www.barreaudemontreal.qc.ca\\\/en\\\/\"},{\"@type\":\"ListItem\",\"position\":2,\"name\":\"Contact information of various services\"}]},{\"@type\":\"WebSite\",\"@id\":\"https:\\\/\\\/www.barreaudemontreal.qc.ca\\\/en\\\/#website\",\"url\":\"https:\\\/\\\/www.barreaudemontreal.qc.ca\\\/en\\\/\",\"name\":\"Barreau de Montr&eacute;al\",\"description\":\"La plus grande section du Barreau du Qu&eacute;bec\",\"potentialAction\":[{\"@type\":\"SearchAction\",\"target\":{\"@type\":\"EntryPoint\",\"urlTemplate\":\"https:\\\/\\\/www.barreaudemontreal.qc.ca\\\/en\\\/?s={search_term_string}\"},\"query-input\":{\"@type\":\"PropertyValueSpecification\",\"valueRequired\":true,\"valueName\":\"search_term_string\"}}],\"inLanguage\":\"en-US\"}]}<\/script>\n<!-- \/ Yoast SEO plugin. -->","yoast_head_json":{"title":"Contact information of various services - Barreau de Montr&eacute;al","robots":{"index":"index","follow":"follow","max-snippet":"max-snippet:-1","max-image-preview":"max-image-preview:large","max-video-preview":"max-video-preview:-1"},"canonical":"https:\/\/www.barreaudemontreal.qc.ca\/en\/contact-information-various-services\/","og_locale":"en_US","og_type":"article","og_title":"Contact information of various services - Barreau de Montr&eacute;al","og_description":"PALAIS DE JUSTICEDIRECTION DES SERVICES JUDICIAIRES DE LA M\u00c9TROPOLEMe Paul Charbonneau, directeur g\u00e9n\u00e9ral associ\u00e9 (Palais de justice de Montr\u00e9al)514 393-2256, poste 51796 \u2013 t\u00e9l\u00e9copieur : 514 873-4760DIRECTION DES SERVICES JUDICIAIRES P\u00c9NAUX ET DES TRIBUNAUX SP\u00c9CIALIS\u00c9S","og_url":"https:\/\/www.barreaudemontreal.qc.ca\/en\/contact-information-various-services\/","og_site_name":"Barreau de Montr&eacute;al","twitter_card":"summary_large_image","twitter_misc":{"Est. reading time":"1 minute"},"schema":{"@context":"https:\/\/schema.org","@graph":[{"@type":"WebPage","@id":"https:\/\/www.barreaudemontreal.qc.ca\/en\/contact-information-various-services\/","url":"https:\/\/www.barreaudemontreal.qc.ca\/en\/contact-information-various-services\/","name":"Contact information of various services - Barreau de Montr&eacute;al","isPartOf":{"@id":"https:\/\/www.barreaudemontreal.qc.ca\/en\/#website"},"datePublished":"2014-06-23T19:50:57+00:00","breadcrumb":{"@id":"https:\/\/www.barreaudemontreal.qc.ca\/en\/contact-information-various-services\/#breadcrumb"},"inLanguage":"en-US","potentialAction":[{"@type":"ReadAction","target":["https:\/\/www.barreaudemontreal.qc.ca\/en\/contact-information-various-services\/"]}]},{"@type":"BreadcrumbList","@id":"https:\/\/www.barreaudemontreal.qc.ca\/en\/contact-information-various-services\/#breadcrumb","itemListElement":[{"@type":"ListItem","position":1,"name":"Home","item":"https:\/\/www.barreaudemontreal.qc.ca\/en\/"},{"@type":"ListItem","position":2,"name":"Contact information of various services"}]},{"@type":"WebSite","@id":"https:\/\/www.barreaudemontreal.qc.ca\/en\/#website","url":"https:\/\/www.barreaudemontreal.qc.ca\/en\/","name":"Barreau de Montr&eacute;al","description":"La plus grande section du Barreau du Qu&eacute;bec","potentialAction":[{"@type":"SearchAction","target":{"@type":"EntryPoint","urlTemplate":"https:\/\/www.barreaudemontreal.qc.ca\/en\/?s={search_term_string}"},"query-input":{"@type":"PropertyValueSpecification","valueRequired":true,"valueName":"search_term_string"}}],"inLanguage":"en-US"}]}},"_links":{"self":[{"href":"https:\/\/www.barreaudemontreal.qc.ca\/en\/wp-json\/wp\/v2\/pages\/1631","targetHints":{"allow":["GET"]}}],"collection":[{"href":"https:\/\/www.barreaudemontreal.qc.ca\/en\/wp-json\/wp\/v2\/pages"}],"about":[{"href":"https:\/\/www.barreaudemontreal.qc.ca\/en\/wp-json\/wp\/v2\/types\/page"}],"author":[{"embeddable":true,"href":"https:\/\/www.barreaudemontreal.qc.ca\/en\/wp-json\/wp\/v2\/users\/3"}],"replies":[{"embeddable":true,"href":"https:\/\/www.barreaudemontreal.qc.ca\/en\/wp-json\/wp\/v2\/comments?post=1631"}],"version-history":[{"count":0,"href":"https:\/\/www.barreaudemontreal.qc.ca\/en\/wp-json\/wp\/v2\/pages\/1631\/revisions"}],"wp:attachment":[{"href":"https:\/\/www.barreaudemontreal.qc.ca\/en\/wp-json\/wp\/v2\/media?parent=1631"}],"curies":[{"name":"wp","href":"https:\/\/api.w.org\/{rel}","templated":true}]}}