{"id":1620,"date":"2014-06-17T18:21:32","date_gmt":"2014-06-17T18:21:32","guid":{"rendered":"http:\/\/barreau.stagingminimalmtl.com\/me-france-saint-denis\/"},"modified":"2014-06-17T18:21:32","modified_gmt":"2014-06-17T18:21:32","slug":"me-france-saint-denis","status":"publish","type":"page","link":"https:\/\/www.barreaudemontreal.qc.ca\/en\/me-france-saint-denis\/","title":{"rendered":"Me France Saint-Denis"},"content":{"rendered":"<p align=\"center\"><strong>L\u2019engagement de Me France Saint-Denis : poser un geste pour la communaut\u00e9<\/strong><br \/><em>Par Marjolaine Cantin, avocate<\/em><\/p>\n<p align=\"justify\">Le regard bleu, ouvert, lumineux et l\u00e9g\u00e8rement ironique de mon interlocutrice tranche avec son allure s\u00e9rieuse et sage. Tout au long de l\u2019entrevue, son attention demeure concentr\u00e9e sur les questions, ses r\u00e9ponses articul\u00e9es, r\u00e9fl\u00e9chies, pr\u00e9cises. On sent chez Me France Saint-Denis une grande rigueur et une profonde empathie, qu\u2019elle met g\u00e9n\u00e9reusement au service du droit et de la communaut\u00e9.<\/p>\n<p align=\"justify\">Re\u00e7ue au Barreau en 1992, elle est charg\u00e9e d\u2019enseignement en recherche et r\u00e9daction \u00e0 la Facult\u00e9 de Droit de l\u2019Universit\u00e9 de Montr\u00e9al depuis 8 ans. En 1997, elle fonde seule son bureau, et \u0153uvre dans plusieurs champs de pratique, avec cependant une nette pr\u00e9dilection pour le droit commercial. Forte de son exp\u00e9rience en pratique priv\u00e9e, elle vient d\u2019accepter un poste \u00e0 plein temps \u00e0 la Commission des valeurs mobili\u00e8res du Qu\u00e9bec.<\/p>\n<p align=\"justify\">Son engouement pour l\u2019engagement communautaire, Me Saint-Denis le doit en partie \u00e0 ses trois ann\u00e9es de pratique priv\u00e9e. Les mandats en droit de la famille l\u2019obligent rapidement \u00e0 devoir faire face \u00e0 une r\u00e9alit\u00e9 inconnue des manuels de la Facult\u00e9&nbsp;: que faire lorsque des clients semblent aux prises avec la violence conjugale&nbsp;? Sans vouloir s\u2019insurger dans la vie priv\u00e9e de ses clients, qui trop souvent encore se taisent \u00e0 ce sujet, elle a tout de m\u00eame trouv\u00e9 un moyen de faire conna\u00eetre les ressources disponibles pour les aider \u00e0 sortir de cette impasse. Fort ing\u00e9nieusement, elle glissait les d\u00e9pliants relatifs \u00e0 la violence conjugale parmi ceux traitant de pensions alimentaires et de m\u00e9diation.<\/p>\n<p align=\"justify\">Une cons\u0153ur lui a fait conna\u00eetre l\u2019Auberge Transition, maison pour femmes et enfants victimes de violence, situ\u00e9e \u00e0 Montr\u00e9al. Me Saint-Denis est aujourd\u2019hui \u00e0 la fois membre du conseil d\u2019administration de l\u2019Auberge, membre de son comit\u00e9 de d\u00e9veloppement et de recrutement et membre ad hoc de son comit\u00e9 des finances. Elle est aussi pr\u00e9sidente du comit\u00e9 des affaires l\u00e9gales, enti\u00e8rement b\u00e9n\u00e9vole et mis sur pied \u00e0 son instigation. \u201cC\u2019est, souligne-t-elle, le seul organisme \u00e0 but non lucratif qui poss\u00e8de un contentieux de dix avocates!\u201d. R\u00e9unies une fois par mois, ces avocates de divers milieux (aide juridique, contentieux, pratique priv\u00e9e) procurent des avis l\u00e9gaux au conseil d\u2019administration de l\u2019Auberge quant au fonctionnement interne de l\u2019organisme, et trouvent des solutions pour aider les r\u00e9sidentes de l\u2019Auberge qui vivent des situations difficiles, comme par exemple, les immigrantes qui n\u2019ont pas encore re\u00e7u de statut officiel.<\/p>\n<p align=\"justify\">Depuis environ un an, Me Saint-Denis s\u2019implique aussi au Centre de l\u2019\u00c9quilibre, une maison de th\u00e9rapie de longue dur\u00e9e pour alcooliques et toxicomanes. \u201cLa client\u00e8le, l\u00e0-bas, ce sont ceux qui ont tout perdu\u201d. Elle y fait la connaissance de Rapha\u00ebl, actuel directeur du Centre, et ancien pensionnaire, dont elle parle avec enthousiasme: \u201cRapha\u00ebl, c\u2019est une force de la nature, les gens ont confiance en lui. Il est un exemple pour tous ceux qui viennent au Centre!\u201d. Elle a r\u00e9cemment accept\u00e9 la pr\u00e9sidence du conseil d\u2019administration du Centre, avec pour principal d\u00e9fi de trouver des appuis financiers dans la communaut\u00e9, des dons d\u2019argent, de mat\u00e9riaux et de main-d\u2019\u0153uvre pour r\u00e9nover de fond en comble la gigantesque maison de Val David, qui accueille cinquante \u00e0 soixante personnes. Sans ces travaux plus qu\u2019urgents, le Centre devra fermer ses portes. Elle lance un appel \u00e0 tous!<\/p>\n<p align=\"justify\">Mais d\u2019o\u00f9 lui vient donc cette passion pour l\u2019entraide? Me Saint-Denis r\u00e9pond instantan\u00e9ment: \u201cCe qui est important, ce n\u2019est pas de changer le monde, mais bien de poser une action, de poser un geste, de tenter de faire une diff\u00e9rence pour quelqu\u2019un. La r\u00e9ussite c\u2019est d\u2019y parvenir, ne serait-ce que pour une seule personne. Il faut accepter la situation o\u00f9 se trouve un individu sans le juger, car la vie de cette personne est simplement diff\u00e9rente de la n\u00f4tre. Si notre soci\u00e9t\u00e9 est malade, violente, nous en sommes tous un peu responsables.\u201d<\/p>\n<p align=\"justify\">Selon Me Saint-Denis, les groupes d\u2019entraide communautaire sont l\u2019avenir d\u2019une soci\u00e9t\u00e9 plus humaine, mais ils ont besoin de gens pour les soutenir. \u201cC\u2019est par l\u2019implication, l\u2019action sociale que l\u2019on peut changer des choses, avoir une voix aupr\u00e8s des instances gouvernementales. En s\u2019unissant et en s\u2019organisant, on peut r\u00e9agir vite, informer la population de coupures injustifi\u00e9es par exemple, mobiliser l\u2019attention des m\u00e9dias. Tr\u00e8s souvent, le gouvernement doit reculer face \u00e0 une association bien structur\u00e9e ou \u00e0 un mouvement social des citoyens.\u201d<\/p>\n<p align=\"justify\">La profession juridique est difficile, stressante, parfois ingrate. Le b\u00e9n\u00e9volat donne l\u2019occasion de poser des gestes valorisants. \u201cLes avocats savent \u00e9crire, ce sont des gens structur\u00e9s et organis\u00e9s. Ils ont la chance de pouvoir mettre ce potentiel au service d\u2019une cause qui les int\u00e9resse au sein de leur communaut\u00e9. M\u2019impliquer ainsi me donne la satisfaction de faire quelque chose d\u2019utile. Les actions sociales sont le prolongement de nos valeurs.\u201d<\/p>\n<p align=\"justify\">&nbsp;<\/p>\n","protected":false},"excerpt":{"rendered":"<p align=\"center\"><strong>L\u2019engagement de Me France Saint-Denis : poser un geste pour la communaut\u00e9<\/strong><br \/><em>Par Marjolaine Cantin, avocate<\/em><\/p>\n<p align=\"justify\">Le regard bleu, ouvert, lumineux et l\u00e9g\u00e8rement ironique de mon interlocutrice tranche avec son allure s\u00e9rieuse et sage. Tout au long de l\u2019entrevue, son attention demeure concentr\u00e9e sur les questions, ses r\u00e9ponses articul\u00e9es, r\u00e9fl\u00e9chies, pr\u00e9cises. On sent chez Me France Saint-Denis une grande rigueur et une profonde empathie, qu\u2019elle met g\u00e9n\u00e9reusement au service du droit et de la communaut\u00e9.<\/p>\n","protected":false},"author":3,"featured_media":0,"parent":0,"menu_order":124,"comment_status":"closed","ping_status":"closed","template":"","meta":{"_acf_changed":false,"_editorskit_title_hidden":false,"_editorskit_reading_time":0,"_editorskit_is_block_options_detached":false,"_editorskit_block_options_position":"{}","inline_featured_image":false,"ngg_post_thumbnail":0,"footnotes":""},"class_list":["post-1620","page","type-page","status-publish","hentry"],"acf":[],"yoast_head":"<!-- This site is optimized with the Yoast SEO plugin v27.4 - https:\/\/yoast.com\/product\/yoast-seo-wordpress\/ -->\n<title>Me France Saint-Denis - Barreau de Montr&eacute;al<\/title>\n<meta name=\"robots\" content=\"index, follow, max-snippet:-1, max-image-preview:large, max-video-preview:-1\" \/>\n<link rel=\"canonical\" href=\"https:\/\/www.barreaudemontreal.qc.ca\/en\/me-france-saint-denis\/\" \/>\n<meta property=\"og:locale\" content=\"en_US\" \/>\n<meta property=\"og:type\" content=\"article\" \/>\n<meta property=\"og:title\" content=\"Me France Saint-Denis - Barreau de Montr&eacute;al\" \/>\n<meta property=\"og:description\" content=\"L\u2019engagement de Me France Saint-Denis : poser un geste pour la communaut\u00e9Par Marjolaine Cantin, avocateLe regard bleu, ouvert, lumineux et l\u00e9g\u00e8rement ironique de mon interlocutrice tranche avec son allure s\u00e9rieuse et sage. Tout au long de l\u2019entrevue, son attention demeure concentr\u00e9e sur les questions, ses r\u00e9ponses articul\u00e9es, r\u00e9fl\u00e9chies, pr\u00e9cises. On sent chez Me France Saint-Denis une grande rigueur et une profonde empathie, qu\u2019elle met g\u00e9n\u00e9reusement au service du droit et de la communaut\u00e9.\" \/>\n<meta property=\"og:url\" content=\"https:\/\/www.barreaudemontreal.qc.ca\/en\/me-france-saint-denis\/\" \/>\n<meta property=\"og:site_name\" content=\"Barreau de Montr&eacute;al\" \/>\n<meta name=\"twitter:card\" content=\"summary_large_image\" \/>\n<meta name=\"twitter:label1\" content=\"Est. reading time\" \/>\n\t<meta name=\"twitter:data1\" content=\"4 minutes\" \/>\n<script type=\"application\/ld+json\" class=\"yoast-schema-graph\">{\"@context\":\"https:\\\/\\\/schema.org\",\"@graph\":[{\"@type\":\"WebPage\",\"@id\":\"https:\\\/\\\/www.barreaudemontreal.qc.ca\\\/en\\\/me-france-saint-denis\\\/\",\"url\":\"https:\\\/\\\/www.barreaudemontreal.qc.ca\\\/en\\\/me-france-saint-denis\\\/\",\"name\":\"Me France Saint-Denis - Barreau de Montr&eacute;al\",\"isPartOf\":{\"@id\":\"https:\\\/\\\/www.barreaudemontreal.qc.ca\\\/en\\\/#website\"},\"datePublished\":\"2014-06-17T18:21:32+00:00\",\"breadcrumb\":{\"@id\":\"https:\\\/\\\/www.barreaudemontreal.qc.ca\\\/en\\\/me-france-saint-denis\\\/#breadcrumb\"},\"inLanguage\":\"en-US\",\"potentialAction\":[{\"@type\":\"ReadAction\",\"target\":[\"https:\\\/\\\/www.barreaudemontreal.qc.ca\\\/en\\\/me-france-saint-denis\\\/\"]}]},{\"@type\":\"BreadcrumbList\",\"@id\":\"https:\\\/\\\/www.barreaudemontreal.qc.ca\\\/en\\\/me-france-saint-denis\\\/#breadcrumb\",\"itemListElement\":[{\"@type\":\"ListItem\",\"position\":1,\"name\":\"Home\",\"item\":\"https:\\\/\\\/www.barreaudemontreal.qc.ca\\\/en\\\/\"},{\"@type\":\"ListItem\",\"position\":2,\"name\":\"Me France Saint-Denis\"}]},{\"@type\":\"WebSite\",\"@id\":\"https:\\\/\\\/www.barreaudemontreal.qc.ca\\\/en\\\/#website\",\"url\":\"https:\\\/\\\/www.barreaudemontreal.qc.ca\\\/en\\\/\",\"name\":\"Barreau de Montr&eacute;al\",\"description\":\"La plus grande section du Barreau du Qu&eacute;bec\",\"potentialAction\":[{\"@type\":\"SearchAction\",\"target\":{\"@type\":\"EntryPoint\",\"urlTemplate\":\"https:\\\/\\\/www.barreaudemontreal.qc.ca\\\/en\\\/?s={search_term_string}\"},\"query-input\":{\"@type\":\"PropertyValueSpecification\",\"valueRequired\":true,\"valueName\":\"search_term_string\"}}],\"inLanguage\":\"en-US\"}]}<\/script>\n<!-- \/ Yoast SEO plugin. -->","yoast_head_json":{"title":"Me France Saint-Denis - Barreau de Montr&eacute;al","robots":{"index":"index","follow":"follow","max-snippet":"max-snippet:-1","max-image-preview":"max-image-preview:large","max-video-preview":"max-video-preview:-1"},"canonical":"https:\/\/www.barreaudemontreal.qc.ca\/en\/me-france-saint-denis\/","og_locale":"en_US","og_type":"article","og_title":"Me France Saint-Denis - Barreau de Montr&eacute;al","og_description":"L\u2019engagement de Me France Saint-Denis : poser un geste pour la communaut\u00e9Par Marjolaine Cantin, avocateLe regard bleu, ouvert, lumineux et l\u00e9g\u00e8rement ironique de mon interlocutrice tranche avec son allure s\u00e9rieuse et sage. Tout au long de l\u2019entrevue, son attention demeure concentr\u00e9e sur les questions, ses r\u00e9ponses articul\u00e9es, r\u00e9fl\u00e9chies, pr\u00e9cises. On sent chez Me France Saint-Denis une grande rigueur et une profonde empathie, qu\u2019elle met g\u00e9n\u00e9reusement au service du droit et de la communaut\u00e9.","og_url":"https:\/\/www.barreaudemontreal.qc.ca\/en\/me-france-saint-denis\/","og_site_name":"Barreau de Montr&eacute;al","twitter_card":"summary_large_image","twitter_misc":{"Est. reading time":"4 minutes"},"schema":{"@context":"https:\/\/schema.org","@graph":[{"@type":"WebPage","@id":"https:\/\/www.barreaudemontreal.qc.ca\/en\/me-france-saint-denis\/","url":"https:\/\/www.barreaudemontreal.qc.ca\/en\/me-france-saint-denis\/","name":"Me France Saint-Denis - Barreau de Montr&eacute;al","isPartOf":{"@id":"https:\/\/www.barreaudemontreal.qc.ca\/en\/#website"},"datePublished":"2014-06-17T18:21:32+00:00","breadcrumb":{"@id":"https:\/\/www.barreaudemontreal.qc.ca\/en\/me-france-saint-denis\/#breadcrumb"},"inLanguage":"en-US","potentialAction":[{"@type":"ReadAction","target":["https:\/\/www.barreaudemontreal.qc.ca\/en\/me-france-saint-denis\/"]}]},{"@type":"BreadcrumbList","@id":"https:\/\/www.barreaudemontreal.qc.ca\/en\/me-france-saint-denis\/#breadcrumb","itemListElement":[{"@type":"ListItem","position":1,"name":"Home","item":"https:\/\/www.barreaudemontreal.qc.ca\/en\/"},{"@type":"ListItem","position":2,"name":"Me France Saint-Denis"}]},{"@type":"WebSite","@id":"https:\/\/www.barreaudemontreal.qc.ca\/en\/#website","url":"https:\/\/www.barreaudemontreal.qc.ca\/en\/","name":"Barreau de Montr&eacute;al","description":"La plus grande section du Barreau du Qu&eacute;bec","potentialAction":[{"@type":"SearchAction","target":{"@type":"EntryPoint","urlTemplate":"https:\/\/www.barreaudemontreal.qc.ca\/en\/?s={search_term_string}"},"query-input":{"@type":"PropertyValueSpecification","valueRequired":true,"valueName":"search_term_string"}}],"inLanguage":"en-US"}]}},"_links":{"self":[{"href":"https:\/\/www.barreaudemontreal.qc.ca\/en\/wp-json\/wp\/v2\/pages\/1620","targetHints":{"allow":["GET"]}}],"collection":[{"href":"https:\/\/www.barreaudemontreal.qc.ca\/en\/wp-json\/wp\/v2\/pages"}],"about":[{"href":"https:\/\/www.barreaudemontreal.qc.ca\/en\/wp-json\/wp\/v2\/types\/page"}],"author":[{"embeddable":true,"href":"https:\/\/www.barreaudemontreal.qc.ca\/en\/wp-json\/wp\/v2\/users\/3"}],"replies":[{"embeddable":true,"href":"https:\/\/www.barreaudemontreal.qc.ca\/en\/wp-json\/wp\/v2\/comments?post=1620"}],"version-history":[{"count":0,"href":"https:\/\/www.barreaudemontreal.qc.ca\/en\/wp-json\/wp\/v2\/pages\/1620\/revisions"}],"wp:attachment":[{"href":"https:\/\/www.barreaudemontreal.qc.ca\/en\/wp-json\/wp\/v2\/media?parent=1620"}],"curies":[{"name":"wp","href":"https:\/\/api.w.org\/{rel}","templated":true}]}}