{"id":1619,"date":"2014-06-17T18:18:43","date_gmt":"2014-06-17T18:18:43","guid":{"rendered":"http:\/\/barreau.stagingminimalmtl.com\/me-jacques-tousignant\/"},"modified":"2014-06-17T18:18:43","modified_gmt":"2014-06-17T18:18:43","slug":"me-jacques-tousignant","status":"publish","type":"page","link":"https:\/\/www.barreaudemontreal.qc.ca\/en\/me-jacques-tousignant\/","title":{"rendered":"Me Jacques Tousignant"},"content":{"rendered":"<p align=\"center\"><strong>Me Jacques Tousignant : la n\u00e9gociation raisonn\u00e9e, un concept gagnant<\/strong><br \/><em>par Cyrus Toussi, avocat*<\/em><\/p>\n<p align=\"justify\">La n\u00e9gociation raisonn\u00e9e vous dit-elle quelque chose? Les tribunaux d\u00e9bord\u00e9s en font un sujet d\u2019actualit\u00e9 qui commence \u00e0 faire son chemin. En effet, cette approche rentable a de plus en plus d\u2019adeptes et gagne du terrain. Me Jacques Tousignant appliquait, quant \u00e0 lui, cette m\u00e9thode de r\u00e8glement des conflits bien avant le temps.<\/p>\n<p align=\"JUSTIFY\">N\u00e9 dans une famille modeste, Me Tousignant a compl\u00e9t\u00e9 avec succ\u00e8s sa Licence en Droit \u00e0 l\u2019Universit\u00e9 de Sherbrooke en 1973 et il est membre du Tableau de l\u2019Ordre des avocats du Qu\u00e9bec depuis 1975. Il occupe aujourd\u2019hui le poste de vice-pr\u00e9sident des ressources humaines du groupe Gesca, soci\u00e9t\u00e9 regroupant plusieurs quotidiens, le plus connu \u00e9tant certainement le journal La Presse. De plus, Me Tousignant occupe \u00e9galement la pr\u00e9sidence de l\u2019Association Paritaire en Sant\u00e9 et S\u00e9curit\u00e9 dans le secteur de l\u2019imprimerie.&nbsp;<\/p>\n<p align=\"JUSTIFY\">Malgr\u00e9 un curriculum vitae plus qu\u2019impressionnant et un emploi du temps bien rempli, notre Figure de Ma\u00eetre ne s\u2019en rengorge pas. Timide et humble de nature, sa premi\u00e8re r\u00e9action, lorsqu\u2019il a \u00e9t\u00e9 approch\u00e9 pour \u00eatre une Figure de Ma\u00eetre, fut n\u00e9gative! \u00catre sous les projecteurs dirig\u00e9s par ses pairs ne l\u2019enchante gu\u00e8re! Pour lui, c\u2019est l\u2019entente cordiale entre patrons et employ\u00e9s qui prime. En effet, un employ\u00e9 satisfait au travail, fera un employeur gagnant.&nbsp;<\/p>\n<p align=\"JUSTIFY\">D\u00e9j\u00e0, \u00e9tudiant en droit, Me Tousignant porte un int\u00e9r\u00eat marqu\u00e9 pour le droit du travail. Au d\u00e9but de sa carri\u00e8re, il pratique dans ce domaine chez Pouliot Mercure, o\u00f9 il deviendra associ\u00e9, jusqu\u2019en 1985; apr\u00e8s cette date, il est responsable des relations de travail de la Soci\u00e9t\u00e9 de Transport de la Communaut\u00e9 Urbaine de Montr\u00e9al. C\u2019est en 1987 qu\u2019il devient vice-pr\u00e9sident, et ce jusqu&#8217;\u00e0 ce jour, du Groupe Gesca, dont les bureaux sont situ\u00e9s dans l\u2019\u00e9difice de La Presse.&nbsp;<\/p>\n<p align=\"JUSTIFY\">D\u00e8s le d\u00e9but de sa pratique, Me Tousignant a pr\u00f4n\u00e9 la n\u00e9gociation raisonn\u00e9e. Pour lui, la n\u00e9gociation c\u2019est une philosophie qui englobe le positif et le raisonnement. Devant un raisonnement solide et bien fond\u00e9 avec un sentiment de \u00abnon partisannerie\u00bb, nul ne peut r\u00e9sister. Seule cette m\u00e9thode de n\u00e9gociation peut nous \u00e9viter le pi\u00e8ge de la d\u00e9magogie.&nbsp;<\/p>\n<p align=\"JUSTIFY\">La philosophie de notre Figure de Ma\u00eetre, c\u2019est la n\u00e9gociation raisonn\u00e9e des r\u00e8glements de conflits. Il utilise cette m\u00e9thode depuis plus de 25 ans. \u00abCe qui est bien de Jacques, c\u2019est qu\u2019en n\u00e9gociant, il nous explique la raison pour laquelle il ne peut nous accorder notre revendication\u00bb rapportait un des chefs syndicaux. \u00abIl est un bon n\u00e9gociateur et il est juste\u00bb poursuit-il. Cette m\u00e9thode porte fruit car, depuis le d\u00e9but de son r\u00e8gne au sein du groupe Gesca, il y a de cela 13 ans, il a n\u00e9goci\u00e9 plus de 85 conventions collectives et il n\u2019y a jamais eu de conflit majeur. \u00abCertes\u00bb, dit Me Tousignant, \u00abil y a des syndicats avec lesquels il est plus difficile de n\u00e9gocier, mais cela fait partie de mon travail.\u00bb&nbsp;<\/p>\n<p align=\"JUSTIFY\">L\u2019une des clefs de son succ\u00e8s est sa conception de la sant\u00e9 et s\u00e9curit\u00e9 au travail. Pour lui, il s\u2019agit d\u2019un aspect qui ne se n\u00e9gocie pas, l\u2019employ\u00e9 y a droit. Selon notre Figure de Ma\u00eetre, pour qu\u2019un employ\u00e9 soit heureux et efficace dans son travail, c\u2019est la moindre des choses que son employeur lui offre un environnement s\u00e9curitaire. \u00abIl y va de la dignit\u00e9 des employ\u00e9s\u00bb dit-il \u00abpeut-\u00eatre parce que j\u2019ai trop vu mon p\u00e8re travailler dans des conditions souvent d\u00e9plorables que m\u2019est venue cette fa\u00e7on de penser\u00bb.&nbsp;<\/p>\n<p align=\"JUSTIFY\">Si cette philosophie pouvait servir d\u2019h\u00e9ritage \u00e0 tous les employeurs du Qu\u00e9bec, cela serait le gage d\u2019un avenir plus s\u00e9curitaire et plus harmonieux pour les employ\u00e9s et une paix industrielle pour les employeurs!<\/p>\n<p align=\"JUSTIFY\">_________________<\/p>\n<p align=\"JUSTIFY\"><em>*Me Cyrus Toussi&nbsp; est responsable des ressources humaines pour le Groupe Tower International Inc., une compagnie de FedEx Trade Networks.<\/em><\/p>\n","protected":false},"excerpt":{"rendered":"<p align=\"center\"><strong>Me Jacques Tousignant : la n\u00e9gociation raisonn\u00e9e, un concept gagnant<\/strong><br \/><em>par Cyrus Toussi, avocat*<\/em><\/p>\n<p align=\"justify\">La n\u00e9gociation raisonn\u00e9e vous dit-elle quelque chose? Les tribunaux d\u00e9bord\u00e9s en font un sujet d\u2019actualit\u00e9 qui commence \u00e0 faire son chemin. En effet, cette approche rentable a de plus en plus d\u2019adeptes et gagne du terrain. Me Jacques Tousignant appliquait, quant \u00e0 lui, cette m\u00e9thode de r\u00e8glement des conflits bien avant le temps.<\/p>\n","protected":false},"author":3,"featured_media":0,"parent":0,"menu_order":133,"comment_status":"closed","ping_status":"closed","template":"","meta":{"_acf_changed":false,"_editorskit_title_hidden":false,"_editorskit_reading_time":0,"_editorskit_is_block_options_detached":false,"_editorskit_block_options_position":"{}","inline_featured_image":false,"ngg_post_thumbnail":0,"footnotes":""},"class_list":["post-1619","page","type-page","status-publish","hentry"],"acf":[],"yoast_head":"<!-- This site is optimized with the Yoast SEO plugin v27.4 - https:\/\/yoast.com\/product\/yoast-seo-wordpress\/ -->\n<title>Me Jacques Tousignant - Barreau de Montr&eacute;al<\/title>\n<meta name=\"robots\" content=\"index, follow, max-snippet:-1, max-image-preview:large, max-video-preview:-1\" \/>\n<link rel=\"canonical\" href=\"https:\/\/www.barreaudemontreal.qc.ca\/en\/me-jacques-tousignant\/\" \/>\n<meta property=\"og:locale\" content=\"en_US\" \/>\n<meta property=\"og:type\" content=\"article\" \/>\n<meta property=\"og:title\" content=\"Me Jacques Tousignant - Barreau de Montr&eacute;al\" \/>\n<meta property=\"og:description\" content=\"Me Jacques Tousignant : la n\u00e9gociation raisonn\u00e9e, un concept gagnantpar Cyrus Toussi, avocat*La n\u00e9gociation raisonn\u00e9e vous dit-elle quelque chose? Les tribunaux d\u00e9bord\u00e9s en font un sujet d\u2019actualit\u00e9 qui commence \u00e0 faire son chemin. En effet, cette approche rentable a de plus en plus d\u2019adeptes et gagne du terrain. Me Jacques Tousignant appliquait, quant \u00e0 lui, cette m\u00e9thode de r\u00e8glement des conflits bien avant le temps.\" \/>\n<meta property=\"og:url\" content=\"https:\/\/www.barreaudemontreal.qc.ca\/en\/me-jacques-tousignant\/\" \/>\n<meta property=\"og:site_name\" content=\"Barreau de Montr&eacute;al\" \/>\n<meta name=\"twitter:card\" content=\"summary_large_image\" \/>\n<meta name=\"twitter:label1\" content=\"Est. reading time\" \/>\n\t<meta name=\"twitter:data1\" content=\"4 minutes\" \/>\n<script type=\"application\/ld+json\" class=\"yoast-schema-graph\">{\"@context\":\"https:\\\/\\\/schema.org\",\"@graph\":[{\"@type\":\"WebPage\",\"@id\":\"https:\\\/\\\/www.barreaudemontreal.qc.ca\\\/en\\\/me-jacques-tousignant\\\/\",\"url\":\"https:\\\/\\\/www.barreaudemontreal.qc.ca\\\/en\\\/me-jacques-tousignant\\\/\",\"name\":\"Me Jacques Tousignant - Barreau de Montr&eacute;al\",\"isPartOf\":{\"@id\":\"https:\\\/\\\/www.barreaudemontreal.qc.ca\\\/en\\\/#website\"},\"datePublished\":\"2014-06-17T18:18:43+00:00\",\"breadcrumb\":{\"@id\":\"https:\\\/\\\/www.barreaudemontreal.qc.ca\\\/en\\\/me-jacques-tousignant\\\/#breadcrumb\"},\"inLanguage\":\"en-US\",\"potentialAction\":[{\"@type\":\"ReadAction\",\"target\":[\"https:\\\/\\\/www.barreaudemontreal.qc.ca\\\/en\\\/me-jacques-tousignant\\\/\"]}]},{\"@type\":\"BreadcrumbList\",\"@id\":\"https:\\\/\\\/www.barreaudemontreal.qc.ca\\\/en\\\/me-jacques-tousignant\\\/#breadcrumb\",\"itemListElement\":[{\"@type\":\"ListItem\",\"position\":1,\"name\":\"Home\",\"item\":\"https:\\\/\\\/www.barreaudemontreal.qc.ca\\\/en\\\/\"},{\"@type\":\"ListItem\",\"position\":2,\"name\":\"Me Jacques Tousignant\"}]},{\"@type\":\"WebSite\",\"@id\":\"https:\\\/\\\/www.barreaudemontreal.qc.ca\\\/en\\\/#website\",\"url\":\"https:\\\/\\\/www.barreaudemontreal.qc.ca\\\/en\\\/\",\"name\":\"Barreau de Montr&eacute;al\",\"description\":\"La plus grande section du Barreau du Qu&eacute;bec\",\"potentialAction\":[{\"@type\":\"SearchAction\",\"target\":{\"@type\":\"EntryPoint\",\"urlTemplate\":\"https:\\\/\\\/www.barreaudemontreal.qc.ca\\\/en\\\/?s={search_term_string}\"},\"query-input\":{\"@type\":\"PropertyValueSpecification\",\"valueRequired\":true,\"valueName\":\"search_term_string\"}}],\"inLanguage\":\"en-US\"}]}<\/script>\n<!-- \/ Yoast SEO plugin. -->","yoast_head_json":{"title":"Me Jacques Tousignant - Barreau de Montr&eacute;al","robots":{"index":"index","follow":"follow","max-snippet":"max-snippet:-1","max-image-preview":"max-image-preview:large","max-video-preview":"max-video-preview:-1"},"canonical":"https:\/\/www.barreaudemontreal.qc.ca\/en\/me-jacques-tousignant\/","og_locale":"en_US","og_type":"article","og_title":"Me Jacques Tousignant - Barreau de Montr&eacute;al","og_description":"Me Jacques Tousignant : la n\u00e9gociation raisonn\u00e9e, un concept gagnantpar Cyrus Toussi, avocat*La n\u00e9gociation raisonn\u00e9e vous dit-elle quelque chose? Les tribunaux d\u00e9bord\u00e9s en font un sujet d\u2019actualit\u00e9 qui commence \u00e0 faire son chemin. En effet, cette approche rentable a de plus en plus d\u2019adeptes et gagne du terrain. Me Jacques Tousignant appliquait, quant \u00e0 lui, cette m\u00e9thode de r\u00e8glement des conflits bien avant le temps.","og_url":"https:\/\/www.barreaudemontreal.qc.ca\/en\/me-jacques-tousignant\/","og_site_name":"Barreau de Montr&eacute;al","twitter_card":"summary_large_image","twitter_misc":{"Est. reading time":"4 minutes"},"schema":{"@context":"https:\/\/schema.org","@graph":[{"@type":"WebPage","@id":"https:\/\/www.barreaudemontreal.qc.ca\/en\/me-jacques-tousignant\/","url":"https:\/\/www.barreaudemontreal.qc.ca\/en\/me-jacques-tousignant\/","name":"Me Jacques Tousignant - Barreau de Montr&eacute;al","isPartOf":{"@id":"https:\/\/www.barreaudemontreal.qc.ca\/en\/#website"},"datePublished":"2014-06-17T18:18:43+00:00","breadcrumb":{"@id":"https:\/\/www.barreaudemontreal.qc.ca\/en\/me-jacques-tousignant\/#breadcrumb"},"inLanguage":"en-US","potentialAction":[{"@type":"ReadAction","target":["https:\/\/www.barreaudemontreal.qc.ca\/en\/me-jacques-tousignant\/"]}]},{"@type":"BreadcrumbList","@id":"https:\/\/www.barreaudemontreal.qc.ca\/en\/me-jacques-tousignant\/#breadcrumb","itemListElement":[{"@type":"ListItem","position":1,"name":"Home","item":"https:\/\/www.barreaudemontreal.qc.ca\/en\/"},{"@type":"ListItem","position":2,"name":"Me Jacques Tousignant"}]},{"@type":"WebSite","@id":"https:\/\/www.barreaudemontreal.qc.ca\/en\/#website","url":"https:\/\/www.barreaudemontreal.qc.ca\/en\/","name":"Barreau de Montr&eacute;al","description":"La plus grande section du Barreau du Qu&eacute;bec","potentialAction":[{"@type":"SearchAction","target":{"@type":"EntryPoint","urlTemplate":"https:\/\/www.barreaudemontreal.qc.ca\/en\/?s={search_term_string}"},"query-input":{"@type":"PropertyValueSpecification","valueRequired":true,"valueName":"search_term_string"}}],"inLanguage":"en-US"}]}},"_links":{"self":[{"href":"https:\/\/www.barreaudemontreal.qc.ca\/en\/wp-json\/wp\/v2\/pages\/1619","targetHints":{"allow":["GET"]}}],"collection":[{"href":"https:\/\/www.barreaudemontreal.qc.ca\/en\/wp-json\/wp\/v2\/pages"}],"about":[{"href":"https:\/\/www.barreaudemontreal.qc.ca\/en\/wp-json\/wp\/v2\/types\/page"}],"author":[{"embeddable":true,"href":"https:\/\/www.barreaudemontreal.qc.ca\/en\/wp-json\/wp\/v2\/users\/3"}],"replies":[{"embeddable":true,"href":"https:\/\/www.barreaudemontreal.qc.ca\/en\/wp-json\/wp\/v2\/comments?post=1619"}],"version-history":[{"count":0,"href":"https:\/\/www.barreaudemontreal.qc.ca\/en\/wp-json\/wp\/v2\/pages\/1619\/revisions"}],"wp:attachment":[{"href":"https:\/\/www.barreaudemontreal.qc.ca\/en\/wp-json\/wp\/v2\/media?parent=1619"}],"curies":[{"name":"wp","href":"https:\/\/api.w.org\/{rel}","templated":true}]}}