{"id":1614,"date":"2014-06-17T15:56:11","date_gmt":"2014-06-17T15:56:11","guid":{"rendered":"http:\/\/barreau.stagingminimalmtl.com\/me-marie-claire-kirkland\/"},"modified":"2014-06-17T15:56:11","modified_gmt":"2014-06-17T15:56:11","slug":"me-marie-claire-kirkland","status":"publish","type":"page","link":"https:\/\/www.barreaudemontreal.qc.ca\/en\/me-marie-claire-kirkland\/","title":{"rendered":"Me Marie-Claire Kirkland"},"content":{"rendered":"<p align=\"justify\"><em><strong>par Chantal Sauriol, avocate<\/strong><\/em><\/p>\n<p>Un regard tr\u00e8s doux, bleut\u00e9, un sourire p\u00e9tillant de gentillesse, c\u2019est ainsi que d\u00e9bute une rencontre avec <strong>Madame Claire Kirkland<\/strong>, avocate, d\u00e9put\u00e9e, ministre, juge<a href=\"https:\/\/www.barreaudemontreal.qc.ca\/avocats\/me-marie-claire-kirkland#1\"><sup>[1]<\/sup><\/a>, maintenant retrait\u00e9e, une Figure de Ma\u00eetre comme on les aime&nbsp;: un itin\u00e9raire de combattante, et surtout de pionni\u00e8re.&nbsp; Impliqu\u00e9e d\u00e8s ses \u00e9tudes en droit dans le combat pour l\u2019\u00e9galit\u00e9 des femmes, son parcours professionnel et politique est bien plus que la poursuite d\u2019une ambition personnelle.<\/p>\n<p align=\"justify\">Enfant unique de Rose Demers et du d\u00e9put\u00e9 Charles-Aim\u00e9 Kirkland<a href=\"https:\/\/www.barreaudemontreal.qc.ca\/avocats\/me-marie-claire-kirkland#2\"><sup>[2]<\/sup><\/a> si populaire<a href=\"https:\/\/www.barreaudemontreal.qc.ca\/avocats\/me-marie-claire-kirkland#3\"><sup>[3]<\/sup><\/a> qu\u2019il fut \u00e9lu sous la banni\u00e8re lib\u00e9rale \u00e0 quatre reprises, de 1949 \u00e0 1961, elle a pass\u00e9 son enfance \u00e0 Ville-St-Pierre, o\u00f9 son p\u00e8re pratiquait la m\u00e9decine<a href=\"https:\/\/www.barreaudemontreal.qc.ca\/avocats\/me-marie-claire-kirkland#4\"><sup>[4]<\/sup><\/a>.&nbsp; M\u00eame si elle a grandi dans un milieu ais\u00e9, elle n\u2019a pas \u00e9t\u00e9 g\u00e2t\u00e9e.&nbsp; Pensionnaire \u00e0 Chambly-Bassin d\u00e8s l\u2019\u00e2ge de 7 ans, elle subit la s\u00e9v\u00e9rit\u00e9 des religieuses de la Congr\u00e9gation Notre-Dame<a href=\"https:\/\/www.barreaudemontreal.qc.ca\/avocats\/me-marie-claire-kirkland#5\"><sup>[5]<\/sup><\/a>.&nbsp; Elle poursuivra ses \u00e9tudes comme demi-pensionnaire, \u00e0 Villa-Maria, jusqu\u2019\u00e0 l\u2019\u00e2ge de 17 ans.&nbsp; Elle entre ensuite \u00e0 l\u2019universit\u00e9 McGill, o\u00f9 elle devra faire tous les jours un long trajet d\u2019autobus de Ville-St-Pierre au centre-ville<a href=\"https:\/\/www.barreaudemontreal.qc.ca\/avocats\/me-marie-claire-kirkland#6\"><sup>[6]<\/sup><\/a>.&nbsp; Elle commence ses \u00e9tudes en droit en 1947.&nbsp; C\u2019est alors qu\u2019elle d\u00e9couvre \u2013 et s\u2019offusque \u2013 des lois injustes et paternalistes qui confinent les femmes mari\u00e9es \u00e0 un statut d\u2019incapables: en se mariant, la femme perdait ses droits et devait obtenir l\u2019autorisation de l\u2019\u00e9poux pour l\u2019accomplissement des gestes les plus anodins&nbsp;: louer un appartement, acheter une maison, ouvrir un compte en banque!&nbsp; Son arriv\u00e9e en politique est le d\u00e9bouch\u00e9 naturel de son militantisme aupr\u00e8s de son p\u00e8re, puisqu&#8217;apr\u00e8s la mort de ce dernier, ses organisateurs ont spontan\u00e9ment demand\u00e9 \u00e0 l\u2019avocate de 37 ans de reprendre le flambeau, ce qu\u2019elle a r\u00e9ussi, lors de l\u2019\u00e9lection compl\u00e9mentaire du 14 d\u00e9cembre 1961, dans le comt\u00e9 de Jacques-Cartier.&nbsp; Elle pratiquait alors le droit en pratique priv\u00e9e, depuis son acc\u00e8s au Barreau en 1952, au bureau Cerini et Jamieson.&nbsp; On lui faisait des conditions de travail \u00aben or&nbsp;\u00bb: elle n\u2019avait pas de salaire, mais elle avait le t\u00e9l\u00e9phone, une secr\u00e9taire et un espace de stationnement.&nbsp; Elle pouvait aussi recevoir des clients chez elle\u2026 et conserver les honoraires!&nbsp; Elle repr\u00e9sentait des individus aux prises avec des questions de responsabilit\u00e9, et de bien d\u2019autres domaines du litige g\u00e9n\u00e9ral.&nbsp; Plus tard, c\u2019est cette connaissance des lois qui inspirera sa d\u00e9marche opini\u00e2tre comme ministre pour faire amender le Code civil du Bas-Canada, qui sera chose faite le 1er juillet 1964, alors qu\u2019avec le projet de loi 16, Loi portant sur la capacit\u00e9 juridique de la femme mari\u00e9e, la femme mari\u00e9e en s\u00e9paration de biens pouvait signer seule tout contrat notari\u00e9, sans le consentement ou la signature de son conjoint.&nbsp; Historiquement, ce progr\u00e8s dans la condition des femmes qu\u00e9b\u00e9coises \u00e9tait alors le plus grand depuis l\u2019obtention du droit de vote en 1940.<\/p>\n<p align=\"justify\">Premi\u00e8re femme d\u00e9put\u00e9e, premi\u00e8re \u00e0 acc\u00e9der au Conseil des Ministres (sans portefeuille) dans le cabinet Jean Lesage en d\u00e9cembre 1962, elle sera ensuite titulaire du minist\u00e8re des Transports et Communications.&nbsp; Grosse angoisse \u00e0 l\u2019Assembl\u00e9e lorsqu\u2019elle y a fait son entr\u00e9e&nbsp;: devait-on la forcer \u00e0 porter un chapeau?&nbsp; Sous le premier gouvernement de Robert Bourassa en 1970, elle sera ministre du Tourisme, de la Chasse et de la P\u00eache<a href=\"https:\/\/www.barreaudemontreal.qc.ca\/avocats\/me-marie-claire-kirkland#7\"><sup>[7]<\/sup><\/a>, et enfin des Affaires Culturelles jusqu\u2019\u00e0 son d\u00e9part de la vie politique en 1973<a href=\"https:\/\/www.barreaudemontreal.qc.ca\/avocats\/me-marie-claire-kirkland#8\"><sup>[8]<\/sup><\/a>.&nbsp; Poursuivant sa d\u00e9marche vers l\u2019\u00e9galit\u00e9 des conjoints, elle aura fait adopter par l\u2019Assembl\u00e9e le nouveau r\u00e9gime l\u00e9gal de la soci\u00e9t\u00e9 d\u2019acqu\u00eats, et plus tard, en 1973, une autre r\u00e9alisation majeure, sa derni\u00e8re juste avant son d\u00e9part de la vie publique, la Loi instituant le Conseil du statut de la femme.<\/p>\n<p align=\"justify\">Le 14 d\u00e9cembre 2001, les membres de l\u2019Assembl\u00e9e Nationale du Qu\u00e9bec lui ont rendu \u00e0 l\u2019unanimit\u00e9 un hommage \u00e9mu, vibrant, pour ne pas dire dithyrambique<a href=\"https:\/\/www.barreaudemontreal.qc.ca\/avocats\/me-marie-claire-kirkland#9\"><sup>[9]<\/sup><\/a>.&nbsp; Comme le Journal des D\u00e9bats reproduit les t\u00e9moignages des d\u00e9put\u00e9s et ministres, reprenons les extraits les plus r\u00e9v\u00e9lateurs.&nbsp; La d\u00e9put\u00e9e Monique Gagnon\u2013Tremblay a d\u00e9clench\u00e9 l\u2019hilarit\u00e9 de ses coll\u00e8gues lorsqu\u2019elle a ainsi relat\u00e9 que lorsqu\u2019elle a assur\u00e9 Madame Kirkland que ses coll\u00e8gues masculins, pour la plupart plus jeunes qu\u2019elle, comprenaient sa situation parce qu\u2019ils avaient eux-m\u00eames des conjointes qui travaillaient, elle aurait r\u00e9pondu&nbsp;: \u00ab&nbsp;vous \u00eates chanceuse, car au moment o\u00f9 moi j\u2019ai si\u00e9g\u00e9 au Conseil des ministres, tous les hommes autour de la table auraient pu me servir de p\u00e8re!&nbsp;\u00bb.&nbsp; Les Jean Charest, Linda Goupil, Pauline Marois, Louise Harel, Monique J\u00e9r\u00f4me-Forget, Geoffrey Kelley, Bernard Landry, ont exprim\u00e9 \u00e9loquemment leur estime et m\u00eame leur affection pour Claire Kirkland.&nbsp; C\u2019est du premier ministre Landry que sont venus les accents les plus chaleureux.&nbsp; \u00c9voquant le souvenir de l\u2019\u00e9lection de madame Kirkland en 1961 dans \u00ab&nbsp;l\u2019\u00e9quipe du tonnerre&nbsp;\u00bb de Jean Lesage, alors qu\u2019il \u00e9tait lui-m\u00eame militant lib\u00e9ral, et son d\u00e9go\u00fbt pour les anciennes dispositions du Code civil sur les femmes lorsqu\u2019il \u00e9tait \u00e0 la facult\u00e9 de droit, il ajoute&nbsp;: \u00ab&nbsp;Je me souviens que certains de mes condisciples et moi-m\u00eame avions jet\u00e9 de fa\u00e7on spectaculaire \u00e0 la poubelle nos vieux codes civils pour nous r\u00e9jouir, en particulier avec nos condisciples f\u00e9minines, de cette r\u00e9volution v\u00e9ritable dans l\u2019histoire du Qu\u00e9bec.<\/p>\n<p align=\"justify\">Claire Kirkland a manifest\u00e9 une grande simplicit\u00e9 dans son audace politique, et demeure tr\u00e8s humble sur ses r\u00e9alisations, dont la g\u00e9n\u00e9ration des moins de 40 ans n\u2019a pas vraiment pris conscience.&nbsp; Elle fait sans cesse r\u00e9f\u00e9rence aux organisateurs qui l\u2019entouraient, aux femmes du Qu\u00e9bec l\u2019encourageant dans ses luttes, et s\u2019\u00e9tend tr\u00e8s peu sur ses difficult\u00e9s personnelles&nbsp;: concilier une vie professionnelle et politique pour le moins tr\u00e9pidante avec sa condition de m\u00e8re de famille<a href=\"https:\/\/www.barreaudemontreal.qc.ca\/avocats\/me-marie-claire-kirkland#10\"><sup>[10]<\/sup><\/a> \u00e0 une \u00e9poque o\u00f9 cela \u00e9tait, sinon mal vu, du moins nullement encourag\u00e9.<\/p>\n<p align=\"justify\">Lib\u00e9rale convaincue, dans le sens le plus noble du terme, elle croit au partage des richesses et \u00e0 un id\u00e9al social-d\u00e9mocrate.&nbsp; L\u2019\u00e9galit\u00e9 sociale pour elle signifie l\u2019acc\u00e8s aux soins de sant\u00e9, mais aussi aux \u00e9tudes sup\u00e9rieures et \u00e0 la sp\u00e9cialisation.&nbsp; Elle craint les nouveaux courants id\u00e9ologiques de la droite d\u00e9guis\u00e9e<a href=\"https:\/\/www.barreaudemontreal.qc.ca\/avocats\/me-marie-claire-kirkland#11\"><sup>[11]<\/sup><\/a>, r\u00e9v\u00e9lant ainsi un esprit tr\u00e8s critique tout \u00e0 fait rafra\u00eechissant chez une dame de 78 ans, qui demeure combative, m\u00eame si elle doit ralentir ses activit\u00e9s&nbsp;: la vue baisse, la m\u00e9moire flanche parfois.&nbsp; Mais \u00e0 cet \u00e9gard, on peut soup\u00e7onner qu\u2019il s\u2019agit chez elle d\u2019un r\u00e9flexe de sant\u00e9, car elle conserve peu de souvenirs des mesquineries de la vie politique.&nbsp; Elle cultive par ailleurs des amiti\u00e9s tr\u00e8s anciennes, comme celle de son ami de toujours, Me Fernand L\u00e9vesque, qui a \u00e9t\u00e9 son organisateur politique, et dont le fr\u00e8re Ren\u00e9 L\u00e9vesque n\u2019inspire \u00e0 Madame Kirkland que des \u00e9loges, mettant de c\u00f4t\u00e9 tout esprit partisan.<\/p>\n<p align=\"justify\">Sa gentillesse est tout simplement d\u00e9sarmante&nbsp;: elle s\u2019excusera de ce que le manque de temps ne lui a pas permis de pr\u00e9parer le repas elle-m\u00eame, car elle aime cuisiner, et cela se voit&nbsp;: elle consacre une pi\u00e8ce \u00e0 sa collection de livres de cuisine!&nbsp; Elle pouvait vider des pi\u00e8ces pour recevoir 25 personnes, ce qui montre un c\u00f4t\u00e9 de sa personnalit\u00e9 un brin excessif, tout \u00e0 fait r\u00e9jouissant.&nbsp; On ne s\u2019\u00e9tonnera pas que la r\u00e9alisation dont elle est le plus fi\u00e8re, soit la cr\u00e9ation de l\u2019Institut de l\u2019h\u00f4tellerie et de tourisme<a href=\"https:\/\/www.barreaudemontreal.qc.ca\/avocats\/me-marie-claire-kirkland#12\"><sup>[12]<\/sup><\/a>.&nbsp; Excellente couturi\u00e8re, elle coud \u00e0 la main les nappes et autres linges de table.&nbsp; Grande voyageuse, sa maison d\u00e9borde des objets qu\u2019elle et son mari, l\u2019avocat Wyndham Strover<a href=\"https:\/\/www.barreaudemontreal.qc.ca\/avocats\/me-marie-claire-kirkland#13\"><sup>[13]<\/sup><\/a>, recueillent dans leurs p\u00e9r\u00e9grinations.<\/p>\n<p align=\"justify\">L\u2019auteure de ses lignes a re\u00e7u des remerciements tout \u00e0 fait attendrissants&nbsp;: ce sont toutes les femmes du Qu\u00e9bec qui devraient la remercier et la garder dans leurs pri\u00e8res, quel que soit leur dieu.&nbsp; On terminera la rencontre avec de gros becs et promesses de se revoir.&nbsp; On y compte bien.&nbsp; C\u2019est si facile de vous aimer, Madame Kirkland.<\/p>\n<hr align=\"left\" size=\"1\" width=\"33%\">\n<p align=\"justify\">[1]<a id=\"1\" name=\"1\"><\/a> M\u00e8re de famille en plus, comme si en soi, ce n\u2019\u00e9tait pas d\u00e9j\u00e0 tr\u00e8s accaparant.<\/p>\n<p align=\"justify\">[2]<a id=\"2\" name=\"2\"><\/a> Elle est n\u00e9e le 8 septembre 1924.<\/p>\n<p align=\"justify\">[3]<a id=\"3\" name=\"3\"><\/a> V\u00e9ritable l\u00e9gende dans l\u2019ouest de l\u2019\u00eele de Montr\u00e9al, Charles Kirkland a vu sa contribution au d\u00e9veloppement de cette partie de Montr\u00e9al reconnue lors de la cr\u00e9ation de la municipalit\u00e9 de Kirkland, en 1961.<\/p>\n<p align=\"justify\">[4]<a id=\"4\" name=\"4\"><\/a> Il s\u2019\u00e9tait sp\u00e9cialis\u00e9 en psychiatrie \u00e0 Palmer, au Massachusetts, mais avait opt\u00e9 ensuite pour la m\u00e9decine g\u00e9n\u00e9rale.<\/p>\n<p align=\"justify\">[5]<a id=\"5\" name=\"5\"><\/a> Pas rancuni\u00e8re pour deux sous, elle fera partie d\u2019une commission pour rebaptiser le comt\u00e9 de Jacques-Cartier pour le remplacer par celui de Marguerite Bourgeoys, fondatrice de la C.N.D.<\/p>\n<p align=\"justify\">[6]<a id=\"6\" name=\"6\"><\/a> \u00c0 cette \u00e9poque d\u2019avant le m\u00e9tro, \u00e7a repr\u00e9sentait quelque 3 heures par jour.<\/p>\n<p align=\"justify\">[7]<a id=\"7\" name=\"7\"><\/a> Elle se rendra fort impopulaire lorsqu\u2019\u00e0 ce titre, elle ouvrira au public les clubs priv\u00e9s.<\/p>\n<p align=\"justify\">[8]<a id=\"8\" name=\"8\"><\/a> Elle est alors nomm\u00e9e pr\u00e9sidente de la Commission du salaire minimum et juge \u00e0 la Cour provinciale \u2013 ancien nom de la Cour du Qu\u00e9bec \u2013 aux Petites Cr\u00e9ances.&nbsp; Elle \u00e9tait, encore, la premi\u00e8re femme juge dans cette juridiction.<\/p>\n<p align=\"justify\">[9]<a id=\"9\" name=\"9\"><\/a> Pour souligner le 40e anniversaire de son \u00e9lection dans le comt\u00e9 de Jacques-Cartier, alors qu\u2019elle fut la premi\u00e8re femme \u00e0 si\u00e9ger \u00e0 l\u2019Assembl\u00e9e Nationale du Qu\u00e9bec.<\/p>\n<p align=\"justify\">[10]<a id=\"10\" name=\"10\"><\/a> Elle a trois enfants&nbsp;: Lynne-Marie, n\u00e9e en 1955, Kirkland, n\u00e9 en 1956, et Marc, en 1960.&nbsp; Les 2 a\u00een\u00e9s sont aussi avocats.&nbsp; Marc \u00e9l\u00e8ve des chevaux dans les Cantons de l\u2019Est.<\/p>\n<p align=\"justify\">[11]<a id=\"11\" name=\"11\"><\/a> Et m\u00eame la droite officielle&nbsp;: il faut l\u2019entendre s\u2019enflammer contre Georges W. Bush!<\/p>\n<p align=\"justify\">[12]<a id=\"12\" name=\"12\"><\/a> C\u2019est le nom de Claude Simard qu\u2019on voit cependant sur la plaque comm\u00e9morative de l\u2019inauguration de l\u2019institution&nbsp;: elle venait de quitter la vie politique.&nbsp; Ainsi va la vie, surtout l\u2019ingratitude de la vie en politique.<\/p>\n<p align=\"justify\">[13]<a id=\"13\" name=\"13\"><\/a> Son ancien compagnon d\u2019\u00e9tudes \u00e0 Mc Gill, cinquantenaire du Barreau comme elle.<\/p>\n<p>&nbsp;<\/p>\n","protected":false},"excerpt":{"rendered":"<p align=\"justify\"><em><strong>par Chantal Sauriol, avocate<\/strong><\/em><\/p>\n","protected":false},"author":3,"featured_media":0,"parent":0,"menu_order":148,"comment_status":"closed","ping_status":"closed","template":"","meta":{"_acf_changed":false,"_editorskit_title_hidden":false,"_editorskit_reading_time":0,"_editorskit_is_block_options_detached":false,"_editorskit_block_options_position":"{}","inline_featured_image":false,"ngg_post_thumbnail":0,"footnotes":""},"class_list":["post-1614","page","type-page","status-publish","hentry"],"acf":[],"yoast_head":"<!-- This site is optimized with the Yoast SEO plugin v27.4 - https:\/\/yoast.com\/product\/yoast-seo-wordpress\/ -->\n<title>Me Marie-Claire Kirkland - Barreau de Montr&eacute;al<\/title>\n<meta name=\"robots\" content=\"index, follow, max-snippet:-1, max-image-preview:large, max-video-preview:-1\" \/>\n<link rel=\"canonical\" href=\"https:\/\/www.barreaudemontreal.qc.ca\/en\/me-marie-claire-kirkland\/\" \/>\n<meta property=\"og:locale\" content=\"en_US\" \/>\n<meta property=\"og:type\" content=\"article\" \/>\n<meta property=\"og:title\" content=\"Me Marie-Claire Kirkland - Barreau de Montr&eacute;al\" \/>\n<meta property=\"og:description\" content=\"par Chantal Sauriol, avocate\" \/>\n<meta property=\"og:url\" content=\"https:\/\/www.barreaudemontreal.qc.ca\/en\/me-marie-claire-kirkland\/\" \/>\n<meta property=\"og:site_name\" content=\"Barreau de Montr&eacute;al\" \/>\n<meta name=\"twitter:card\" content=\"summary_large_image\" \/>\n<meta name=\"twitter:label1\" content=\"Est. reading time\" \/>\n\t<meta name=\"twitter:data1\" content=\"9 minutes\" \/>\n<script type=\"application\/ld+json\" class=\"yoast-schema-graph\">{\"@context\":\"https:\\\/\\\/schema.org\",\"@graph\":[{\"@type\":\"WebPage\",\"@id\":\"https:\\\/\\\/www.barreaudemontreal.qc.ca\\\/en\\\/me-marie-claire-kirkland\\\/\",\"url\":\"https:\\\/\\\/www.barreaudemontreal.qc.ca\\\/en\\\/me-marie-claire-kirkland\\\/\",\"name\":\"Me Marie-Claire Kirkland - Barreau de Montr&eacute;al\",\"isPartOf\":{\"@id\":\"https:\\\/\\\/www.barreaudemontreal.qc.ca\\\/en\\\/#website\"},\"datePublished\":\"2014-06-17T15:56:11+00:00\",\"breadcrumb\":{\"@id\":\"https:\\\/\\\/www.barreaudemontreal.qc.ca\\\/en\\\/me-marie-claire-kirkland\\\/#breadcrumb\"},\"inLanguage\":\"en-US\",\"potentialAction\":[{\"@type\":\"ReadAction\",\"target\":[\"https:\\\/\\\/www.barreaudemontreal.qc.ca\\\/en\\\/me-marie-claire-kirkland\\\/\"]}]},{\"@type\":\"BreadcrumbList\",\"@id\":\"https:\\\/\\\/www.barreaudemontreal.qc.ca\\\/en\\\/me-marie-claire-kirkland\\\/#breadcrumb\",\"itemListElement\":[{\"@type\":\"ListItem\",\"position\":1,\"name\":\"Home\",\"item\":\"https:\\\/\\\/www.barreaudemontreal.qc.ca\\\/en\\\/\"},{\"@type\":\"ListItem\",\"position\":2,\"name\":\"Me Marie-Claire Kirkland\"}]},{\"@type\":\"WebSite\",\"@id\":\"https:\\\/\\\/www.barreaudemontreal.qc.ca\\\/en\\\/#website\",\"url\":\"https:\\\/\\\/www.barreaudemontreal.qc.ca\\\/en\\\/\",\"name\":\"Barreau de Montr&eacute;al\",\"description\":\"La plus grande section du Barreau du Qu&eacute;bec\",\"potentialAction\":[{\"@type\":\"SearchAction\",\"target\":{\"@type\":\"EntryPoint\",\"urlTemplate\":\"https:\\\/\\\/www.barreaudemontreal.qc.ca\\\/en\\\/?s={search_term_string}\"},\"query-input\":{\"@type\":\"PropertyValueSpecification\",\"valueRequired\":true,\"valueName\":\"search_term_string\"}}],\"inLanguage\":\"en-US\"}]}<\/script>\n<!-- \/ Yoast SEO plugin. -->","yoast_head_json":{"title":"Me Marie-Claire Kirkland - Barreau de Montr&eacute;al","robots":{"index":"index","follow":"follow","max-snippet":"max-snippet:-1","max-image-preview":"max-image-preview:large","max-video-preview":"max-video-preview:-1"},"canonical":"https:\/\/www.barreaudemontreal.qc.ca\/en\/me-marie-claire-kirkland\/","og_locale":"en_US","og_type":"article","og_title":"Me Marie-Claire Kirkland - Barreau de Montr&eacute;al","og_description":"par Chantal Sauriol, avocate","og_url":"https:\/\/www.barreaudemontreal.qc.ca\/en\/me-marie-claire-kirkland\/","og_site_name":"Barreau de Montr&eacute;al","twitter_card":"summary_large_image","twitter_misc":{"Est. reading time":"9 minutes"},"schema":{"@context":"https:\/\/schema.org","@graph":[{"@type":"WebPage","@id":"https:\/\/www.barreaudemontreal.qc.ca\/en\/me-marie-claire-kirkland\/","url":"https:\/\/www.barreaudemontreal.qc.ca\/en\/me-marie-claire-kirkland\/","name":"Me Marie-Claire Kirkland - Barreau de Montr&eacute;al","isPartOf":{"@id":"https:\/\/www.barreaudemontreal.qc.ca\/en\/#website"},"datePublished":"2014-06-17T15:56:11+00:00","breadcrumb":{"@id":"https:\/\/www.barreaudemontreal.qc.ca\/en\/me-marie-claire-kirkland\/#breadcrumb"},"inLanguage":"en-US","potentialAction":[{"@type":"ReadAction","target":["https:\/\/www.barreaudemontreal.qc.ca\/en\/me-marie-claire-kirkland\/"]}]},{"@type":"BreadcrumbList","@id":"https:\/\/www.barreaudemontreal.qc.ca\/en\/me-marie-claire-kirkland\/#breadcrumb","itemListElement":[{"@type":"ListItem","position":1,"name":"Home","item":"https:\/\/www.barreaudemontreal.qc.ca\/en\/"},{"@type":"ListItem","position":2,"name":"Me Marie-Claire Kirkland"}]},{"@type":"WebSite","@id":"https:\/\/www.barreaudemontreal.qc.ca\/en\/#website","url":"https:\/\/www.barreaudemontreal.qc.ca\/en\/","name":"Barreau de Montr&eacute;al","description":"La plus grande section du Barreau du Qu&eacute;bec","potentialAction":[{"@type":"SearchAction","target":{"@type":"EntryPoint","urlTemplate":"https:\/\/www.barreaudemontreal.qc.ca\/en\/?s={search_term_string}"},"query-input":{"@type":"PropertyValueSpecification","valueRequired":true,"valueName":"search_term_string"}}],"inLanguage":"en-US"}]}},"_links":{"self":[{"href":"https:\/\/www.barreaudemontreal.qc.ca\/en\/wp-json\/wp\/v2\/pages\/1614","targetHints":{"allow":["GET"]}}],"collection":[{"href":"https:\/\/www.barreaudemontreal.qc.ca\/en\/wp-json\/wp\/v2\/pages"}],"about":[{"href":"https:\/\/www.barreaudemontreal.qc.ca\/en\/wp-json\/wp\/v2\/types\/page"}],"author":[{"embeddable":true,"href":"https:\/\/www.barreaudemontreal.qc.ca\/en\/wp-json\/wp\/v2\/users\/3"}],"replies":[{"embeddable":true,"href":"https:\/\/www.barreaudemontreal.qc.ca\/en\/wp-json\/wp\/v2\/comments?post=1614"}],"version-history":[{"count":0,"href":"https:\/\/www.barreaudemontreal.qc.ca\/en\/wp-json\/wp\/v2\/pages\/1614\/revisions"}],"wp:attachment":[{"href":"https:\/\/www.barreaudemontreal.qc.ca\/en\/wp-json\/wp\/v2\/media?parent=1614"}],"curies":[{"name":"wp","href":"https:\/\/api.w.org\/{rel}","templated":true}]}}