{"id":1373,"date":"2013-10-07T19:54:23","date_gmt":"2013-10-07T19:54:23","guid":{"rendered":"http:\/\/barreau.stagingminimalmtl.com\/2010-2011-merit-mtre-michele-moreau\/"},"modified":"2022-12-17T22:19:43","modified_gmt":"2022-12-18T03:19:43","slug":"2010-2011-mtre-michele-moreau","status":"publish","type":"page","link":"https:\/\/www.barreaudemontreal.qc.ca\/en\/barreau\/prizes-and-distinctions\/pierre-fournier-prize\/2010-2011-mtre-michele-moreau\/","title":{"rendered":"2010-2011 \u2013 Mtre Mich\u00e8le Moreau"},"content":{"rendered":"<p><img decoding=\"async\" src=\"https:\/\/www.barreaudemontreal.qc.ca\/wp-content\/uploads\/2010-MeriteMOREAU.jpg\" alt=\"\/images\/Photos\/2010-MeriteMOREAU\" width=\"600\" height=\"400\" \/><\/p>\n<p>Attorney since 1990, Mtre Moreau has been the Executive Director of Pro Bono Qu\u00e9bec since January 2009. After earning a bachelor of laws degree from the Universit\u00e9 de Montr\u00e9al, she was in private practice before becoming Assistant Director of the labour relations service of the Universit\u00e9 du Qu\u00e9bec \u00e0 Montr\u00e9al (UQAM). She spent a decade gaining solid experience in labour relations, which brought her to teach this subject at the Bar School.<\/p>\n<p>Since beginning to practice, Mich\u00e8le has been actively involved in various organizations of the law community, including the Young Bar Association of Montreal, the Bar of Qu\u00e9bec, the Canadian Bar Association and, obviously, the Bar of Montr\u00e9al, where she was secretary for one year and councillor for six.<\/p>\n<p>Mich\u00e8le has also been a member and chaired numerous committees, including the Mentoring Committee, the In-House Counsel committee and the Liaison with the Commission of Labour Relations Committee. Moreover, she served as the first Chair of the ecoCommittee, at the request of Mtre Gilles Ouimet.<\/p>\n<p>She has continued, now for nearly 15 years, to help ensure that the Day of the Bar runs smoothly, as she previously did with the group swearing-in celebration.\u00a0 Throughout these many years, Mich\u00e8le has never hesitated to help out in performing those small tasks that enable the guests, and I must admit it, the B\u00e2tonnier, to enjoy their day.\u00a0 Those who find themselves on her list of potential volunteers are very familiar with her fierce effectiveness.\u00a0 It is indeed difficult to refuse her anything.<\/p>\n<p>Moreover, in spite of her important responsibilities as Executive Director of Pro Bono Qu\u00e9bec, Mich\u00e8le continues to contribute to Bar of Montreal projects. She is very active on the Legal Duty Counsel Committee and cooperated actively on establishing the pro bono Legal Information Service at the Montreal Municipal Court.<\/p>\n<p>We must also mention her intensive involvement in creating the <em>Centre de justice de proximit\u00e9 du grand Montr\u00e9al<\/em>, a project initiated by the Bar of Montreal. In other words, her generosity in offering her services has no limit when it comes to serving her Bar.<\/p>\n<p>Mich\u00e8le is a dedicated, efficient and reliable person who amply deserves this tribute.\u00a0 She is one of those people that the Bar of Montreal is glad to have among its volunteers because when she accepts a task, we don\u2019t need to give it any further thought: we know that it will be done.<\/p>\n","protected":false},"excerpt":{"rendered":"<p class=\"cont_s_titre_s\">&nbsp;<\/p>\n","protected":false},"author":30,"featured_media":460,"parent":1077,"menu_order":1,"comment_status":"closed","ping_status":"closed","template":"","meta":{"_acf_changed":false,"_editorskit_title_hidden":false,"_editorskit_reading_time":0,"_editorskit_is_block_options_detached":false,"_editorskit_block_options_position":"{}","inline_featured_image":false,"ngg_post_thumbnail":0,"footnotes":""},"class_list":["post-1373","page","type-page","status-publish","has-post-thumbnail","hentry"],"acf":[],"yoast_head":"<!-- This site is optimized with the Yoast SEO plugin v27.4 - https:\/\/yoast.com\/product\/yoast-seo-wordpress\/ -->\n<title>2010-2011 \u2013 Mtre Mich\u00e8le Moreau - Barreau de Montr&eacute;al<\/title>\n<meta name=\"robots\" content=\"index, follow, max-snippet:-1, max-image-preview:large, max-video-preview:-1\" \/>\n<link rel=\"canonical\" href=\"https:\/\/www.barreaudemontreal.qc.ca\/en\/barreau\/prizes-and-distinctions\/pierre-fournier-prize\/2010-2011-mtre-michele-moreau\/\" \/>\n<meta property=\"og:locale\" content=\"en_US\" \/>\n<meta property=\"og:type\" content=\"article\" \/>\n<meta property=\"og:title\" content=\"2010-2011 \u2013 Mtre Mich\u00e8le Moreau - Barreau de Montr&eacute;al\" \/>\n<meta property=\"og:description\" content=\"&nbsp;\" \/>\n<meta property=\"og:url\" content=\"https:\/\/www.barreaudemontreal.qc.ca\/en\/barreau\/prizes-and-distinctions\/pierre-fournier-prize\/2010-2011-mtre-michele-moreau\/\" \/>\n<meta property=\"og:site_name\" content=\"Barreau de Montr&eacute;al\" \/>\n<meta property=\"article:modified_time\" content=\"2022-12-18T03:19:43+00:00\" \/>\n<meta property=\"og:image\" content=\"https:\/\/www.barreaudemontreal.qc.ca\/wp-content\/uploads\/2010-MeriteMOREAU.jpg\" \/>\n\t<meta property=\"og:image:width\" content=\"600\" \/>\n\t<meta property=\"og:image:height\" content=\"400\" \/>\n\t<meta property=\"og:image:type\" content=\"image\/jpeg\" \/>\n<meta name=\"twitter:card\" content=\"summary_large_image\" \/>\n<script type=\"application\/ld+json\" class=\"yoast-schema-graph\">{\"@context\":\"https:\\\/\\\/schema.org\",\"@graph\":[{\"@type\":\"WebPage\",\"@id\":\"https:\\\/\\\/www.barreaudemontreal.qc.ca\\\/en\\\/barreau\\\/prizes-and-distinctions\\\/pierre-fournier-prize\\\/2010-2011-mtre-michele-moreau\\\/\",\"url\":\"https:\\\/\\\/www.barreaudemontreal.qc.ca\\\/en\\\/barreau\\\/prizes-and-distinctions\\\/pierre-fournier-prize\\\/2010-2011-mtre-michele-moreau\\\/\",\"name\":\"2010-2011 \u2013 Mtre Mich\u00e8le Moreau - Barreau de Montr&eacute;al\",\"isPartOf\":{\"@id\":\"https:\\\/\\\/www.barreaudemontreal.qc.ca\\\/en\\\/#website\"},\"primaryImageOfPage\":{\"@id\":\"https:\\\/\\\/www.barreaudemontreal.qc.ca\\\/en\\\/barreau\\\/prizes-and-distinctions\\\/pierre-fournier-prize\\\/2010-2011-mtre-michele-moreau\\\/#primaryimage\"},\"image\":{\"@id\":\"https:\\\/\\\/www.barreaudemontreal.qc.ca\\\/en\\\/barreau\\\/prizes-and-distinctions\\\/pierre-fournier-prize\\\/2010-2011-mtre-michele-moreau\\\/#primaryimage\"},\"thumbnailUrl\":\"https:\\\/\\\/www.barreaudemontreal.qc.ca\\\/wp-content\\\/uploads\\\/2010-MeriteMOREAU.jpg\",\"datePublished\":\"2013-10-07T19:54:23+00:00\",\"dateModified\":\"2022-12-18T03:19:43+00:00\",\"breadcrumb\":{\"@id\":\"https:\\\/\\\/www.barreaudemontreal.qc.ca\\\/en\\\/barreau\\\/prizes-and-distinctions\\\/pierre-fournier-prize\\\/2010-2011-mtre-michele-moreau\\\/#breadcrumb\"},\"inLanguage\":\"en-US\",\"potentialAction\":[{\"@type\":\"ReadAction\",\"target\":[\"https:\\\/\\\/www.barreaudemontreal.qc.ca\\\/en\\\/barreau\\\/prizes-and-distinctions\\\/pierre-fournier-prize\\\/2010-2011-mtre-michele-moreau\\\/\"]}]},{\"@type\":\"ImageObject\",\"inLanguage\":\"en-US\",\"@id\":\"https:\\\/\\\/www.barreaudemontreal.qc.ca\\\/en\\\/barreau\\\/prizes-and-distinctions\\\/pierre-fournier-prize\\\/2010-2011-mtre-michele-moreau\\\/#primaryimage\",\"url\":\"https:\\\/\\\/www.barreaudemontreal.qc.ca\\\/wp-content\\\/uploads\\\/2010-MeriteMOREAU.jpg\",\"contentUrl\":\"https:\\\/\\\/www.barreaudemontreal.qc.ca\\\/wp-content\\\/uploads\\\/2010-MeriteMOREAU.jpg\",\"width\":600,\"height\":400,\"caption\":\"\\\/images\\\/Photos\\\/2010-MeriteMOREAU\"},{\"@type\":\"BreadcrumbList\",\"@id\":\"https:\\\/\\\/www.barreaudemontreal.qc.ca\\\/en\\\/barreau\\\/prizes-and-distinctions\\\/pierre-fournier-prize\\\/2010-2011-mtre-michele-moreau\\\/#breadcrumb\",\"itemListElement\":[{\"@type\":\"ListItem\",\"position\":1,\"name\":\"Home\",\"item\":\"https:\\\/\\\/www.barreaudemontreal.qc.ca\\\/en\\\/\"},{\"@type\":\"ListItem\",\"position\":2,\"name\":\"Barreau\",\"item\":\"https:\\\/\\\/www.barreaudemontreal.qc.ca\\\/en\\\/barreau\\\/\"},{\"@type\":\"ListItem\",\"position\":3,\"name\":\"Prizes and distinctions\",\"item\":\"https:\\\/\\\/www.barreaudemontreal.qc.ca\\\/en\\\/barreau\\\/prizes-and-distinctions\\\/\"},{\"@type\":\"ListItem\",\"position\":4,\"name\":\"Pierre-Fournier Prize\",\"item\":\"https:\\\/\\\/www.barreaudemontreal.qc.ca\\\/en\\\/barreau\\\/prizes-and-distinctions\\\/pierre-fournier-prize\\\/\"},{\"@type\":\"ListItem\",\"position\":5,\"name\":\"2010-2011 \u2013 Mtre Mich\u00e8le Moreau\"}]},{\"@type\":\"WebSite\",\"@id\":\"https:\\\/\\\/www.barreaudemontreal.qc.ca\\\/en\\\/#website\",\"url\":\"https:\\\/\\\/www.barreaudemontreal.qc.ca\\\/en\\\/\",\"name\":\"Barreau de Montr&eacute;al\",\"description\":\"La plus grande section du Barreau du Qu&eacute;bec\",\"potentialAction\":[{\"@type\":\"SearchAction\",\"target\":{\"@type\":\"EntryPoint\",\"urlTemplate\":\"https:\\\/\\\/www.barreaudemontreal.qc.ca\\\/en\\\/?s={search_term_string}\"},\"query-input\":{\"@type\":\"PropertyValueSpecification\",\"valueRequired\":true,\"valueName\":\"search_term_string\"}}],\"inLanguage\":\"en-US\"}]}<\/script>\n<!-- \/ Yoast SEO plugin. -->","yoast_head_json":{"title":"2010-2011 \u2013 Mtre Mich\u00e8le Moreau - Barreau de Montr&eacute;al","robots":{"index":"index","follow":"follow","max-snippet":"max-snippet:-1","max-image-preview":"max-image-preview:large","max-video-preview":"max-video-preview:-1"},"canonical":"https:\/\/www.barreaudemontreal.qc.ca\/en\/barreau\/prizes-and-distinctions\/pierre-fournier-prize\/2010-2011-mtre-michele-moreau\/","og_locale":"en_US","og_type":"article","og_title":"2010-2011 \u2013 Mtre Mich\u00e8le Moreau - Barreau de Montr&eacute;al","og_description":"&nbsp;","og_url":"https:\/\/www.barreaudemontreal.qc.ca\/en\/barreau\/prizes-and-distinctions\/pierre-fournier-prize\/2010-2011-mtre-michele-moreau\/","og_site_name":"Barreau de Montr&eacute;al","article_modified_time":"2022-12-18T03:19:43+00:00","og_image":[{"width":600,"height":400,"url":"https:\/\/www.barreaudemontreal.qc.ca\/wp-content\/uploads\/2010-MeriteMOREAU.jpg","type":"image\/jpeg"}],"twitter_card":"summary_large_image","schema":{"@context":"https:\/\/schema.org","@graph":[{"@type":"WebPage","@id":"https:\/\/www.barreaudemontreal.qc.ca\/en\/barreau\/prizes-and-distinctions\/pierre-fournier-prize\/2010-2011-mtre-michele-moreau\/","url":"https:\/\/www.barreaudemontreal.qc.ca\/en\/barreau\/prizes-and-distinctions\/pierre-fournier-prize\/2010-2011-mtre-michele-moreau\/","name":"2010-2011 \u2013 Mtre Mich\u00e8le Moreau - Barreau de Montr&eacute;al","isPartOf":{"@id":"https:\/\/www.barreaudemontreal.qc.ca\/en\/#website"},"primaryImageOfPage":{"@id":"https:\/\/www.barreaudemontreal.qc.ca\/en\/barreau\/prizes-and-distinctions\/pierre-fournier-prize\/2010-2011-mtre-michele-moreau\/#primaryimage"},"image":{"@id":"https:\/\/www.barreaudemontreal.qc.ca\/en\/barreau\/prizes-and-distinctions\/pierre-fournier-prize\/2010-2011-mtre-michele-moreau\/#primaryimage"},"thumbnailUrl":"https:\/\/www.barreaudemontreal.qc.ca\/wp-content\/uploads\/2010-MeriteMOREAU.jpg","datePublished":"2013-10-07T19:54:23+00:00","dateModified":"2022-12-18T03:19:43+00:00","breadcrumb":{"@id":"https:\/\/www.barreaudemontreal.qc.ca\/en\/barreau\/prizes-and-distinctions\/pierre-fournier-prize\/2010-2011-mtre-michele-moreau\/#breadcrumb"},"inLanguage":"en-US","potentialAction":[{"@type":"ReadAction","target":["https:\/\/www.barreaudemontreal.qc.ca\/en\/barreau\/prizes-and-distinctions\/pierre-fournier-prize\/2010-2011-mtre-michele-moreau\/"]}]},{"@type":"ImageObject","inLanguage":"en-US","@id":"https:\/\/www.barreaudemontreal.qc.ca\/en\/barreau\/prizes-and-distinctions\/pierre-fournier-prize\/2010-2011-mtre-michele-moreau\/#primaryimage","url":"https:\/\/www.barreaudemontreal.qc.ca\/wp-content\/uploads\/2010-MeriteMOREAU.jpg","contentUrl":"https:\/\/www.barreaudemontreal.qc.ca\/wp-content\/uploads\/2010-MeriteMOREAU.jpg","width":600,"height":400,"caption":"\/images\/Photos\/2010-MeriteMOREAU"},{"@type":"BreadcrumbList","@id":"https:\/\/www.barreaudemontreal.qc.ca\/en\/barreau\/prizes-and-distinctions\/pierre-fournier-prize\/2010-2011-mtre-michele-moreau\/#breadcrumb","itemListElement":[{"@type":"ListItem","position":1,"name":"Home","item":"https:\/\/www.barreaudemontreal.qc.ca\/en\/"},{"@type":"ListItem","position":2,"name":"Barreau","item":"https:\/\/www.barreaudemontreal.qc.ca\/en\/barreau\/"},{"@type":"ListItem","position":3,"name":"Prizes and distinctions","item":"https:\/\/www.barreaudemontreal.qc.ca\/en\/barreau\/prizes-and-distinctions\/"},{"@type":"ListItem","position":4,"name":"Pierre-Fournier Prize","item":"https:\/\/www.barreaudemontreal.qc.ca\/en\/barreau\/prizes-and-distinctions\/pierre-fournier-prize\/"},{"@type":"ListItem","position":5,"name":"2010-2011 \u2013 Mtre Mich\u00e8le Moreau"}]},{"@type":"WebSite","@id":"https:\/\/www.barreaudemontreal.qc.ca\/en\/#website","url":"https:\/\/www.barreaudemontreal.qc.ca\/en\/","name":"Barreau de Montr&eacute;al","description":"La plus grande section du Barreau du Qu&eacute;bec","potentialAction":[{"@type":"SearchAction","target":{"@type":"EntryPoint","urlTemplate":"https:\/\/www.barreaudemontreal.qc.ca\/en\/?s={search_term_string}"},"query-input":{"@type":"PropertyValueSpecification","valueRequired":true,"valueName":"search_term_string"}}],"inLanguage":"en-US"}]}},"_links":{"self":[{"href":"https:\/\/www.barreaudemontreal.qc.ca\/en\/wp-json\/wp\/v2\/pages\/1373","targetHints":{"allow":["GET"]}}],"collection":[{"href":"https:\/\/www.barreaudemontreal.qc.ca\/en\/wp-json\/wp\/v2\/pages"}],"about":[{"href":"https:\/\/www.barreaudemontreal.qc.ca\/en\/wp-json\/wp\/v2\/types\/page"}],"author":[{"embeddable":true,"href":"https:\/\/www.barreaudemontreal.qc.ca\/en\/wp-json\/wp\/v2\/users\/30"}],"replies":[{"embeddable":true,"href":"https:\/\/www.barreaudemontreal.qc.ca\/en\/wp-json\/wp\/v2\/comments?post=1373"}],"version-history":[{"count":0,"href":"https:\/\/www.barreaudemontreal.qc.ca\/en\/wp-json\/wp\/v2\/pages\/1373\/revisions"}],"up":[{"embeddable":true,"href":"https:\/\/www.barreaudemontreal.qc.ca\/en\/wp-json\/wp\/v2\/pages\/1077"}],"wp:featuredmedia":[{"embeddable":true,"href":"https:\/\/www.barreaudemontreal.qc.ca\/en\/wp-json\/wp\/v2\/media\/460"}],"wp:attachment":[{"href":"https:\/\/www.barreaudemontreal.qc.ca\/en\/wp-json\/wp\/v2\/media?parent=1373"}],"curies":[{"name":"wp","href":"https:\/\/api.w.org\/{rel}","templated":true}]}}