{"id":1360,"date":"2013-10-07T18:31:43","date_gmt":"2013-10-07T18:31:43","guid":{"rendered":"http:\/\/barreau.stagingminimalmtl.com\/1998-1999-lassociation-du-jeune-barreau-de-montreal-2\/"},"modified":"2022-12-17T22:48:35","modified_gmt":"2022-12-18T03:48:35","slug":"1998-1999-lassociation-du-jeune-barreau-de-montreal-2","status":"publish","type":"page","link":"https:\/\/www.barreaudemontreal.qc.ca\/en\/barreau\/prizes-and-distinctions\/medals\/1998-1999-lassociation-du-jeune-barreau-de-montreal-2\/","title":{"rendered":"1998-1999 L&#8217;Association du Jeune Barreau de Montr\u00e9al"},"content":{"rendered":"<p><img decoding=\"async\" src=\"https:\/\/www.barreaudemontreal.qc.ca\/wp-content\/uploads\/logo\/LogoAJBM.jpg\" alt=\"images\/Photos\/MedaillesMerites\/LogoAJBM.\" width=\"207\" height=\"119\" \/><\/p>\n<p>Afin de souligner son 100<sup>e<\/sup> anniversaire et en reconnaissance de sa pr\u00e9cieuse contribution \u00e0 la justice, l&#8217;Association du Jeune Barreau de Montr\u00e9al a re\u00e7u, des mains du b\u00e2tonnier, le prestigieux honneur.<\/p>\n<p>Aux dires de M<sup>e<\/sup>\u00a0Montcalm, \u00ab le Jeune Barreau s&#8217;est av\u00e9r\u00e9, au fil des ans, un agent de changement dans la grande famille judiciaire \u00bb, f\u00e9licitant ce dernier d&#8217;avoir \u00e9t\u00e9 \u00e0 l&#8217;origine de nombreuses am\u00e9liorations dans le domaine de la justice. C&#8217;est <strong>M<sup>e<\/sup>\u00a0Ariane Charbonneau<\/strong>, pr\u00e9sidente de l&#8217;Association, qui a accept\u00e9 le prix au nom de ses membres. De plus, le b\u00e2tonnier a remis le m\u00e9rite du Barreau de Montr\u00e9al, \u00e0 titre posthume, \u00e0 <strong>M<sup>e<\/sup>\u00a0Jean T. Loranger<\/strong>, pour sa contribution au d\u00e9veloppement de l&#8217;Aide juridique et des services communautaires de justice.<\/p>\n","protected":false},"excerpt":{"rendered":"<p>&nbsp;<\/p>\n<p><img decoding=\"async\" alt=\"images\/Photos\/MedaillesMerites\/LogoAJBM.\" src=\"https:\/\/www.barreaudemontreal.qc.ca\/04\/LogoAJBM.jpg\" width=\"207\" height=\"119\"><\/p>\n<p>Afin de souligner son 100<sup>e<\/sup> anniversaire et en reconnaissance de sa pr\u00e9cieuse contribution \u00e0 la justice, l&#8217;Association du Jeune Barreau de Montr\u00e9al a re\u00e7u, des mains du b\u00e2tonnier, le prestigieux honneur.<\/p>\n","protected":false},"author":30,"featured_media":416,"parent":1075,"menu_order":10,"comment_status":"closed","ping_status":"closed","template":"","meta":{"_acf_changed":false,"_editorskit_title_hidden":false,"_editorskit_reading_time":1,"_editorskit_is_block_options_detached":false,"_editorskit_block_options_position":"{}","inline_featured_image":false,"ngg_post_thumbnail":0,"footnotes":""},"class_list":["post-1360","page","type-page","status-publish","has-post-thumbnail","hentry"],"acf":[],"yoast_head":"<!-- This site is optimized with the Yoast SEO plugin v27.4 - https:\/\/yoast.com\/product\/yoast-seo-wordpress\/ -->\n<title>1998-1999 L&#039;Association du Jeune Barreau de Montr\u00e9al - Barreau de Montr&eacute;al<\/title>\n<meta name=\"robots\" content=\"index, follow, max-snippet:-1, max-image-preview:large, max-video-preview:-1\" \/>\n<link rel=\"canonical\" href=\"https:\/\/www.barreaudemontreal.qc.ca\/en\/barreau\/prizes-and-distinctions\/medals\/1998-1999-lassociation-du-jeune-barreau-de-montreal-2\/\" \/>\n<meta property=\"og:locale\" content=\"en_US\" \/>\n<meta property=\"og:type\" content=\"article\" \/>\n<meta property=\"og:title\" content=\"1998-1999 L&#039;Association du Jeune Barreau de Montr\u00e9al - Barreau de Montr&eacute;al\" \/>\n<meta property=\"og:description\" content=\"&nbsp;Afin de souligner son 100e anniversaire et en reconnaissance de sa pr\u00e9cieuse contribution \u00e0 la justice, l&#039;Association du Jeune Barreau de Montr\u00e9al a re\u00e7u, des mains du b\u00e2tonnier, le prestigieux honneur.\" \/>\n<meta property=\"og:url\" content=\"https:\/\/www.barreaudemontreal.qc.ca\/en\/barreau\/prizes-and-distinctions\/medals\/1998-1999-lassociation-du-jeune-barreau-de-montreal-2\/\" \/>\n<meta property=\"og:site_name\" content=\"Barreau de Montr&eacute;al\" \/>\n<meta property=\"article:modified_time\" content=\"2022-12-18T03:48:35+00:00\" \/>\n<meta property=\"og:image\" content=\"https:\/\/www.barreaudemontreal.qc.ca\/wp-content\/uploads\/logo\/LogoAJBM.jpg\" \/>\n\t<meta property=\"og:image:width\" content=\"260\" \/>\n\t<meta property=\"og:image:height\" content=\"150\" \/>\n\t<meta property=\"og:image:type\" content=\"image\/jpeg\" \/>\n<meta name=\"twitter:card\" content=\"summary_large_image\" \/>\n<meta name=\"twitter:label1\" content=\"Est. reading time\" \/>\n\t<meta name=\"twitter:data1\" content=\"1 minute\" \/>\n<script type=\"application\/ld+json\" class=\"yoast-schema-graph\">{\"@context\":\"https:\\\/\\\/schema.org\",\"@graph\":[{\"@type\":\"WebPage\",\"@id\":\"https:\\\/\\\/www.barreaudemontreal.qc.ca\\\/en\\\/barreau\\\/prizes-and-distinctions\\\/medals\\\/1998-1999-lassociation-du-jeune-barreau-de-montreal-2\\\/\",\"url\":\"https:\\\/\\\/www.barreaudemontreal.qc.ca\\\/en\\\/barreau\\\/prizes-and-distinctions\\\/medals\\\/1998-1999-lassociation-du-jeune-barreau-de-montreal-2\\\/\",\"name\":\"1998-1999 L'Association du Jeune Barreau de Montr\u00e9al - Barreau de Montr&eacute;al\",\"isPartOf\":{\"@id\":\"https:\\\/\\\/www.barreaudemontreal.qc.ca\\\/en\\\/#website\"},\"primaryImageOfPage\":{\"@id\":\"https:\\\/\\\/www.barreaudemontreal.qc.ca\\\/en\\\/barreau\\\/prizes-and-distinctions\\\/medals\\\/1998-1999-lassociation-du-jeune-barreau-de-montreal-2\\\/#primaryimage\"},\"image\":{\"@id\":\"https:\\\/\\\/www.barreaudemontreal.qc.ca\\\/en\\\/barreau\\\/prizes-and-distinctions\\\/medals\\\/1998-1999-lassociation-du-jeune-barreau-de-montreal-2\\\/#primaryimage\"},\"thumbnailUrl\":\"https:\\\/\\\/www.barreaudemontreal.qc.ca\\\/wp-content\\\/uploads\\\/logo\\\/LogoAJBM.jpg\",\"datePublished\":\"2013-10-07T18:31:43+00:00\",\"dateModified\":\"2022-12-18T03:48:35+00:00\",\"breadcrumb\":{\"@id\":\"https:\\\/\\\/www.barreaudemontreal.qc.ca\\\/en\\\/barreau\\\/prizes-and-distinctions\\\/medals\\\/1998-1999-lassociation-du-jeune-barreau-de-montreal-2\\\/#breadcrumb\"},\"inLanguage\":\"en-US\",\"potentialAction\":[{\"@type\":\"ReadAction\",\"target\":[\"https:\\\/\\\/www.barreaudemontreal.qc.ca\\\/en\\\/barreau\\\/prizes-and-distinctions\\\/medals\\\/1998-1999-lassociation-du-jeune-barreau-de-montreal-2\\\/\"]}]},{\"@type\":\"ImageObject\",\"inLanguage\":\"en-US\",\"@id\":\"https:\\\/\\\/www.barreaudemontreal.qc.ca\\\/en\\\/barreau\\\/prizes-and-distinctions\\\/medals\\\/1998-1999-lassociation-du-jeune-barreau-de-montreal-2\\\/#primaryimage\",\"url\":\"https:\\\/\\\/www.barreaudemontreal.qc.ca\\\/wp-content\\\/uploads\\\/logo\\\/LogoAJBM.jpg\",\"contentUrl\":\"https:\\\/\\\/www.barreaudemontreal.qc.ca\\\/wp-content\\\/uploads\\\/logo\\\/LogoAJBM.jpg\",\"width\":260,\"height\":150,\"caption\":\"images\\\/Photos\\\/MedaillesMerites\\\/LogoAJBM.\"},{\"@type\":\"BreadcrumbList\",\"@id\":\"https:\\\/\\\/www.barreaudemontreal.qc.ca\\\/en\\\/barreau\\\/prizes-and-distinctions\\\/medals\\\/1998-1999-lassociation-du-jeune-barreau-de-montreal-2\\\/#breadcrumb\",\"itemListElement\":[{\"@type\":\"ListItem\",\"position\":1,\"name\":\"Home\",\"item\":\"https:\\\/\\\/www.barreaudemontreal.qc.ca\\\/en\\\/\"},{\"@type\":\"ListItem\",\"position\":2,\"name\":\"Barreau\",\"item\":\"https:\\\/\\\/www.barreaudemontreal.qc.ca\\\/en\\\/barreau\\\/\"},{\"@type\":\"ListItem\",\"position\":3,\"name\":\"Prizes and distinctions\",\"item\":\"https:\\\/\\\/www.barreaudemontreal.qc.ca\\\/en\\\/barreau\\\/prizes-and-distinctions\\\/\"},{\"@type\":\"ListItem\",\"position\":4,\"name\":\"Medals\",\"item\":\"https:\\\/\\\/www.barreaudemontreal.qc.ca\\\/en\\\/barreau\\\/prizes-and-distinctions\\\/medals\\\/\"},{\"@type\":\"ListItem\",\"position\":5,\"name\":\"1998-1999 L&#8217;Association du Jeune Barreau de Montr\u00e9al\"}]},{\"@type\":\"WebSite\",\"@id\":\"https:\\\/\\\/www.barreaudemontreal.qc.ca\\\/en\\\/#website\",\"url\":\"https:\\\/\\\/www.barreaudemontreal.qc.ca\\\/en\\\/\",\"name\":\"Barreau de Montr&eacute;al\",\"description\":\"La plus grande section du Barreau du Qu&eacute;bec\",\"potentialAction\":[{\"@type\":\"SearchAction\",\"target\":{\"@type\":\"EntryPoint\",\"urlTemplate\":\"https:\\\/\\\/www.barreaudemontreal.qc.ca\\\/en\\\/?s={search_term_string}\"},\"query-input\":{\"@type\":\"PropertyValueSpecification\",\"valueRequired\":true,\"valueName\":\"search_term_string\"}}],\"inLanguage\":\"en-US\"}]}<\/script>\n<!-- \/ Yoast SEO plugin. -->","yoast_head_json":{"title":"1998-1999 L'Association du Jeune Barreau de Montr\u00e9al - Barreau de Montr&eacute;al","robots":{"index":"index","follow":"follow","max-snippet":"max-snippet:-1","max-image-preview":"max-image-preview:large","max-video-preview":"max-video-preview:-1"},"canonical":"https:\/\/www.barreaudemontreal.qc.ca\/en\/barreau\/prizes-and-distinctions\/medals\/1998-1999-lassociation-du-jeune-barreau-de-montreal-2\/","og_locale":"en_US","og_type":"article","og_title":"1998-1999 L'Association du Jeune Barreau de Montr\u00e9al - Barreau de Montr&eacute;al","og_description":"&nbsp;Afin de souligner son 100e anniversaire et en reconnaissance de sa pr\u00e9cieuse contribution \u00e0 la justice, l'Association du Jeune Barreau de Montr\u00e9al a re\u00e7u, des mains du b\u00e2tonnier, le prestigieux honneur.","og_url":"https:\/\/www.barreaudemontreal.qc.ca\/en\/barreau\/prizes-and-distinctions\/medals\/1998-1999-lassociation-du-jeune-barreau-de-montreal-2\/","og_site_name":"Barreau de Montr&eacute;al","article_modified_time":"2022-12-18T03:48:35+00:00","og_image":[{"width":260,"height":150,"url":"https:\/\/www.barreaudemontreal.qc.ca\/wp-content\/uploads\/logo\/LogoAJBM.jpg","type":"image\/jpeg"}],"twitter_card":"summary_large_image","twitter_misc":{"Est. reading time":"1 minute"},"schema":{"@context":"https:\/\/schema.org","@graph":[{"@type":"WebPage","@id":"https:\/\/www.barreaudemontreal.qc.ca\/en\/barreau\/prizes-and-distinctions\/medals\/1998-1999-lassociation-du-jeune-barreau-de-montreal-2\/","url":"https:\/\/www.barreaudemontreal.qc.ca\/en\/barreau\/prizes-and-distinctions\/medals\/1998-1999-lassociation-du-jeune-barreau-de-montreal-2\/","name":"1998-1999 L'Association du Jeune Barreau de Montr\u00e9al - Barreau de Montr&eacute;al","isPartOf":{"@id":"https:\/\/www.barreaudemontreal.qc.ca\/en\/#website"},"primaryImageOfPage":{"@id":"https:\/\/www.barreaudemontreal.qc.ca\/en\/barreau\/prizes-and-distinctions\/medals\/1998-1999-lassociation-du-jeune-barreau-de-montreal-2\/#primaryimage"},"image":{"@id":"https:\/\/www.barreaudemontreal.qc.ca\/en\/barreau\/prizes-and-distinctions\/medals\/1998-1999-lassociation-du-jeune-barreau-de-montreal-2\/#primaryimage"},"thumbnailUrl":"https:\/\/www.barreaudemontreal.qc.ca\/wp-content\/uploads\/logo\/LogoAJBM.jpg","datePublished":"2013-10-07T18:31:43+00:00","dateModified":"2022-12-18T03:48:35+00:00","breadcrumb":{"@id":"https:\/\/www.barreaudemontreal.qc.ca\/en\/barreau\/prizes-and-distinctions\/medals\/1998-1999-lassociation-du-jeune-barreau-de-montreal-2\/#breadcrumb"},"inLanguage":"en-US","potentialAction":[{"@type":"ReadAction","target":["https:\/\/www.barreaudemontreal.qc.ca\/en\/barreau\/prizes-and-distinctions\/medals\/1998-1999-lassociation-du-jeune-barreau-de-montreal-2\/"]}]},{"@type":"ImageObject","inLanguage":"en-US","@id":"https:\/\/www.barreaudemontreal.qc.ca\/en\/barreau\/prizes-and-distinctions\/medals\/1998-1999-lassociation-du-jeune-barreau-de-montreal-2\/#primaryimage","url":"https:\/\/www.barreaudemontreal.qc.ca\/wp-content\/uploads\/logo\/LogoAJBM.jpg","contentUrl":"https:\/\/www.barreaudemontreal.qc.ca\/wp-content\/uploads\/logo\/LogoAJBM.jpg","width":260,"height":150,"caption":"images\/Photos\/MedaillesMerites\/LogoAJBM."},{"@type":"BreadcrumbList","@id":"https:\/\/www.barreaudemontreal.qc.ca\/en\/barreau\/prizes-and-distinctions\/medals\/1998-1999-lassociation-du-jeune-barreau-de-montreal-2\/#breadcrumb","itemListElement":[{"@type":"ListItem","position":1,"name":"Home","item":"https:\/\/www.barreaudemontreal.qc.ca\/en\/"},{"@type":"ListItem","position":2,"name":"Barreau","item":"https:\/\/www.barreaudemontreal.qc.ca\/en\/barreau\/"},{"@type":"ListItem","position":3,"name":"Prizes and distinctions","item":"https:\/\/www.barreaudemontreal.qc.ca\/en\/barreau\/prizes-and-distinctions\/"},{"@type":"ListItem","position":4,"name":"Medals","item":"https:\/\/www.barreaudemontreal.qc.ca\/en\/barreau\/prizes-and-distinctions\/medals\/"},{"@type":"ListItem","position":5,"name":"1998-1999 L&#8217;Association du Jeune Barreau de Montr\u00e9al"}]},{"@type":"WebSite","@id":"https:\/\/www.barreaudemontreal.qc.ca\/en\/#website","url":"https:\/\/www.barreaudemontreal.qc.ca\/en\/","name":"Barreau de Montr&eacute;al","description":"La plus grande section du Barreau du Qu&eacute;bec","potentialAction":[{"@type":"SearchAction","target":{"@type":"EntryPoint","urlTemplate":"https:\/\/www.barreaudemontreal.qc.ca\/en\/?s={search_term_string}"},"query-input":{"@type":"PropertyValueSpecification","valueRequired":true,"valueName":"search_term_string"}}],"inLanguage":"en-US"}]}},"_links":{"self":[{"href":"https:\/\/www.barreaudemontreal.qc.ca\/en\/wp-json\/wp\/v2\/pages\/1360","targetHints":{"allow":["GET"]}}],"collection":[{"href":"https:\/\/www.barreaudemontreal.qc.ca\/en\/wp-json\/wp\/v2\/pages"}],"about":[{"href":"https:\/\/www.barreaudemontreal.qc.ca\/en\/wp-json\/wp\/v2\/types\/page"}],"author":[{"embeddable":true,"href":"https:\/\/www.barreaudemontreal.qc.ca\/en\/wp-json\/wp\/v2\/users\/30"}],"replies":[{"embeddable":true,"href":"https:\/\/www.barreaudemontreal.qc.ca\/en\/wp-json\/wp\/v2\/comments?post=1360"}],"version-history":[{"count":0,"href":"https:\/\/www.barreaudemontreal.qc.ca\/en\/wp-json\/wp\/v2\/pages\/1360\/revisions"}],"up":[{"embeddable":true,"href":"https:\/\/www.barreaudemontreal.qc.ca\/en\/wp-json\/wp\/v2\/pages\/1075"}],"wp:featuredmedia":[{"embeddable":true,"href":"https:\/\/www.barreaudemontreal.qc.ca\/en\/wp-json\/wp\/v2\/media\/416"}],"wp:attachment":[{"href":"https:\/\/www.barreaudemontreal.qc.ca\/en\/wp-json\/wp\/v2\/media?parent=1360"}],"curies":[{"name":"wp","href":"https:\/\/api.w.org\/{rel}","templated":true}]}}