{"id":13575,"date":"2022-01-28T06:33:41","date_gmt":"2022-01-28T06:33:41","guid":{"rendered":"http:\/\/barreau.stagingminimalmtl.com\/?page_id=13575"},"modified":"2025-08-25T16:59:51","modified_gmt":"2025-08-25T20:59:51","slug":"services-aux-avocats","status":"publish","type":"page","link":"https:\/\/www.barreaudemontreal.qc.ca\/en\/avocats\/services-aux-avocats\/","title":{"rendered":"Services aux avocats"},"content":{"rendered":"    <div class=\"serviceSection\">\n        <div class=\"\">\n            <div class=\"row\">\n\n                                                            <div class=\"col-lg-6 col-md-6 col-sm-12 col-12\">\n                            <div class=\"serviceSingleBlock h-100\">\n                           \n                                                                <h2 class=\"mt-0\">Avantages pour les membres<\/h2>\n                                                                    <p>\n                                        La Corporation de services du Barreau du Qu\u00e9bec n\u00e9gocie des partenariats avec des fournisseurs de services et de produits au b\u00e9n\u00e9fice de la communaut\u00e9 juridique du Qu\u00e9bec.\n                                                                            <\/p>\n                                                                <a href=\"https:\/\/www.barreaudemontreal.qc.ca\/en\/avocats\/services-aux-avocats\/avantages-pour-les-membres\/\" class=\"btn mt-auto\">\n                                    See more                                <\/a>\n                            <\/div>\n                        <\/div>\n                                            <div class=\"col-lg-6 col-md-6 col-sm-12 col-12\">\n                            <div class=\"serviceSingleBlock h-100\">\n                           \n                                                                <h2 class=\"mt-0\">Assurances<\/h2>\n                                                                    <p>\n                                        Le saviez-vous? Votre statut de membre du Barreau de Montr\u00e9al, vous donne acc\u00e8s \u00e0 des tarifs privil\u00e9gi\u00e9s sur vos assurances personnelles. \n                                                                            <\/p>\n                                                                <a href=\"https:\/\/www.barreaudemontreal.qc.ca\/en\/avocats\/services-aux-avocats\/assurances\/\" class=\"btn mt-auto\">\n                                    See more                                <\/a>\n                            <\/div>\n                        <\/div>\n                                            <div class=\"col-lg-6 col-md-6 col-sm-12 col-12\">\n                            <div class=\"serviceSingleBlock h-100\">\n                           \n                                                                <h2 class=\"mt-0\">Conciliation\/Aide juridique<\/h2>\n                                                                    <p>\n                                        Vous n\u2019\u00eates pas satisfait(e) des honoraires re\u00e7us \u00e0 la suite d\u2019un mandat \u00e9mis par un organisme d\u2019aide juridique? Vous pouvez faire une demande de conciliation.\n                                                                            <\/p>\n                                                                <a href=\"https:\/\/www.barreaudemontreal.qc.ca\/en\/avocats\/services-aux-avocats\/conciliation-aide-juridique\/\" class=\"btn mt-auto\">\n                                    See more                                <\/a>\n                            <\/div>\n                        <\/div>\n                                            <div class=\"col-lg-6 col-md-6 col-sm-12 col-12\">\n                            <div class=\"serviceSingleBlock h-100\">\n                           \n                                                                <h2 class=\"mt-0\">Prestations de serment et Journ\u00e9e des stagiaires<\/h2>\n                                                                    <p>\n                                        Le Barreau de Montr\u00e9al veille \u00e0 l\u2019organisation des c\u00e9r\u00e9monies de prestation de serment.\n                                                                            <\/p>\n                                                                <a href=\"https:\/\/www.barreaudemontreal.qc.ca\/en\/avocats\/services-aux-avocats\/prestation\/\" class=\"btn mt-auto\">\n                                    See more                                <\/a>\n                            <\/div>\n                        <\/div>\n                                            <div class=\"col-lg-6 col-md-6 col-sm-12 col-12\">\n                            <div class=\"serviceSingleBlock h-100\">\n                           \n                                                                <h2 class=\"mt-0\">Salon et vestiaires des avocats<\/h2>\n                                                                    <p>\n                                        Le Barreau de Montr\u00e9al met \u00e0 disposition de ses membres un salon et des vestiaires, situ\u00e9s au 2e \u00e9tage du Palais de Justice. L\u2019endroit id\u00e9al pour prendre un caf\u00e9 et r\u00e9viser un dossier.\n                                                                            <\/p>\n                                                                <a href=\"https:\/\/www.barreaudemontreal.qc.ca\/en\/avocats\/services-aux-avocats\/salon-et-vestiaires-des-avocats\/\" class=\"btn mt-auto\">\n                                    See more                                <\/a>\n                            <\/div>\n                        <\/div>\n                                            <div class=\"col-lg-6 col-md-6 col-sm-12 col-12\">\n                            <div class=\"serviceSingleBlock h-100\">\n                           \n                                                                <h2 class=\"mt-0\">Programme d&#8217;assistance parentale<\/h2>\n                                                                    <p>\n                                        Vous prenez un cong\u00e9 parental? D\u00e9couvrez le programme d\u2019assistance parentale du Barreau de Montr\u00e9al!\n                                                                            <\/p>\n                                                                <a href=\"https:\/\/www.barreaudemontreal.qc.ca\/en\/avocats\/services-aux-avocats\/assistance-parentale\/\" class=\"btn mt-auto\">\n                                    See more                                <\/a>\n                            <\/div>\n                        <\/div>\n                                            <div class=\"col-lg-6 col-md-6 col-sm-12 col-12\">\n                            <div class=\"serviceSingleBlock h-100\">\n                           \n                                                                <h2 class=\"mt-0\">Besoin d&#8217;un mentor?<\/h2>\n                                                                    <p>\n                                        Le service de mentorat offert conjointement par le Barreau de Montr\u00e9al et le Jeune Barreau de Montr\u00e9al propose \u00e0 tous les avocats qui le souhaitent un service d\u2019accompagnement personnalis\u00e9.\n                                                                            <\/p>\n                                                                <a href=\"https:\/\/www.barreaudemontreal.qc.ca\/en\/avocats\/services-aux-avocats\/mentorat\/\" class=\"btn mt-auto\">\n                                    See more                                <\/a>\n                            <\/div>\n                        <\/div>\n                                                    <\/div>\n        <\/div>\n    <\/div>            \n\n\n\n\n<div style=\"height:20px\" aria-hidden=\"true\" class=\"wp-block-spacer\"><\/div>\n\n\n\n<div class=\"wp-block-columns is-layout-flex wp-container-core-columns-is-layout-9d6595d7 wp-block-columns-is-layout-flex\">\n<div class=\"wp-block-column is-vertically-aligned-center is-layout-flow wp-block-column-is-layout-flow\" style=\"flex-basis:33.34%\"><div class=\"wp-block-image\">\n<figure class=\"alignleft size-full\"><a href=\"https:\/\/lawyersfinancial.ca\/fr\/assurance\/assurance-auto-habitation?utm_source=Barreau%20de%20Montreal&amp;utm_medium=Website&amp;utm_campaign=Logo\" target=\"_blank\" rel=\" noreferrer noopener\"><img decoding=\"async\" src=\"https:\/\/www.barreaudemontreal.qc.ca\/wp-content\/uploads\/hl3.png\" alt=\"\" class=\"wp-image-41765\"\/><\/a><\/figure>\n<\/div><\/div>\n\n\n\n<div class=\"wp-block-column is-vertically-aligned-center is-layout-flow wp-block-column-is-layout-flow\" style=\"flex-basis:33.33%\">\n<figure class=\"wp-block-image size-full\"><a href=\"https:\/\/www.medicassurance.ca\/fr\/association\/barreau-de-montreal\" target=\"_blank\" rel=\" noreferrer noopener\"><img decoding=\"async\" src=\"https:\/\/www.barreaudemontreal.qc.ca\/wp-content\/uploads\/hl4.png\" alt=\"\" class=\"wp-image-41767\"\/><\/a><\/figure>\n<\/div>\n\n\n\n<div class=\"wp-block-column is-layout-flow wp-block-column-is-layout-flow\" style=\"flex-basis:33.34%\"><div class=\"wp-block-image\">\n<figure class=\"alignright size-full\"><a href=\"https:\/\/www.csbq.ca\/\" target=\"_blank\" rel=\" noreferrer noopener\"><img decoding=\"async\" width=\"286\" height=\"60\" src=\"https:\/\/www.barreaudemontreal.qc.ca\/wp-content\/uploads\/hl-csbq-1.png\" alt=\"\" class=\"wp-image-42573\" style=\"object-fit:cover\"\/><\/a><\/figure>\n<\/div><\/div>\n<\/div>\n","protected":false},"excerpt":{"rendered":"","protected":false},"author":21,"featured_media":0,"parent":10671,"menu_order":10,"comment_status":"closed","ping_status":"closed","template":"","meta":{"_acf_changed":false,"_editorskit_title_hidden":false,"_editorskit_reading_time":0,"_editorskit_is_block_options_detached":false,"_editorskit_block_options_position":"{}","inline_featured_image":false,"ngg_post_thumbnail":0,"footnotes":""},"class_list":["post-13575","page","type-page","status-publish","hentry"],"acf":[],"yoast_head":"<!-- This site is optimized with the Yoast SEO plugin v27.3 - https:\/\/yoast.com\/product\/yoast-seo-wordpress\/ -->\n<title>Services aux avocats - Barreau de Montr&eacute;al<\/title>\n<meta name=\"robots\" content=\"index, follow, max-snippet:-1, max-image-preview:large, max-video-preview:-1\" \/>\n<link rel=\"canonical\" href=\"https:\/\/www.barreaudemontreal.qc.ca\/en\/avocats\/services-aux-avocats\/\" \/>\n<meta property=\"og:locale\" content=\"en_US\" \/>\n<meta property=\"og:type\" content=\"article\" \/>\n<meta property=\"og:title\" content=\"Services aux avocats - Barreau de Montr&eacute;al\" \/>\n<meta property=\"og:url\" content=\"https:\/\/www.barreaudemontreal.qc.ca\/en\/avocats\/services-aux-avocats\/\" \/>\n<meta property=\"og:site_name\" content=\"Barreau de Montr&eacute;al\" \/>\n<meta property=\"article:modified_time\" content=\"2025-08-25T20:59:51+00:00\" \/>\n<meta property=\"og:image\" content=\"https:\/\/www.barreaudemontreal.qc.ca\/wp-content\/uploads\/hl3-1.png\" \/>\n\t<meta property=\"og:image:width\" content=\"177\" \/>\n\t<meta property=\"og:image:height\" content=\"82\" \/>\n\t<meta property=\"og:image:type\" content=\"image\/png\" \/>\n<meta name=\"twitter:card\" content=\"summary_large_image\" \/>\n<script type=\"application\/ld+json\" class=\"yoast-schema-graph\">{\"@context\":\"https:\\\/\\\/schema.org\",\"@graph\":[{\"@type\":\"WebPage\",\"@id\":\"https:\\\/\\\/www.barreaudemontreal.qc.ca\\\/en\\\/avocats\\\/services-aux-avocats\\\/\",\"url\":\"https:\\\/\\\/www.barreaudemontreal.qc.ca\\\/en\\\/avocats\\\/services-aux-avocats\\\/\",\"name\":\"Services aux avocats - Barreau de Montr&eacute;al\",\"isPartOf\":{\"@id\":\"https:\\\/\\\/www.barreaudemontreal.qc.ca\\\/en\\\/#website\"},\"primaryImageOfPage\":{\"@id\":\"https:\\\/\\\/www.barreaudemontreal.qc.ca\\\/en\\\/avocats\\\/services-aux-avocats\\\/#primaryimage\"},\"image\":{\"@id\":\"https:\\\/\\\/www.barreaudemontreal.qc.ca\\\/en\\\/avocats\\\/services-aux-avocats\\\/#primaryimage\"},\"thumbnailUrl\":\"https:\\\/\\\/www.barreaudemontreal.qc.ca\\\/wp-content\\\/uploads\\\/hl3.png\",\"datePublished\":\"2022-01-28T06:33:41+00:00\",\"dateModified\":\"2025-08-25T20:59:51+00:00\",\"breadcrumb\":{\"@id\":\"https:\\\/\\\/www.barreaudemontreal.qc.ca\\\/en\\\/avocats\\\/services-aux-avocats\\\/#breadcrumb\"},\"inLanguage\":\"en-US\",\"potentialAction\":[{\"@type\":\"ReadAction\",\"target\":[\"https:\\\/\\\/www.barreaudemontreal.qc.ca\\\/en\\\/avocats\\\/services-aux-avocats\\\/\"]}]},{\"@type\":\"ImageObject\",\"inLanguage\":\"en-US\",\"@id\":\"https:\\\/\\\/www.barreaudemontreal.qc.ca\\\/en\\\/avocats\\\/services-aux-avocats\\\/#primaryimage\",\"url\":\"https:\\\/\\\/www.barreaudemontreal.qc.ca\\\/wp-content\\\/uploads\\\/hl3.png\",\"contentUrl\":\"https:\\\/\\\/www.barreaudemontreal.qc.ca\\\/wp-content\\\/uploads\\\/hl3.png\"},{\"@type\":\"BreadcrumbList\",\"@id\":\"https:\\\/\\\/www.barreaudemontreal.qc.ca\\\/en\\\/avocats\\\/services-aux-avocats\\\/#breadcrumb\",\"itemListElement\":[{\"@type\":\"ListItem\",\"position\":1,\"name\":\"Home\",\"item\":\"https:\\\/\\\/www.barreaudemontreal.qc.ca\\\/en\\\/\"},{\"@type\":\"ListItem\",\"position\":2,\"name\":\"Avocats\",\"item\":\"https:\\\/\\\/www.barreaudemontreal.qc.ca\\\/en\\\/avocats\\\/\"},{\"@type\":\"ListItem\",\"position\":3,\"name\":\"Services aux avocats\"}]},{\"@type\":\"WebSite\",\"@id\":\"https:\\\/\\\/www.barreaudemontreal.qc.ca\\\/en\\\/#website\",\"url\":\"https:\\\/\\\/www.barreaudemontreal.qc.ca\\\/en\\\/\",\"name\":\"Barreau de Montr&eacute;al\",\"description\":\"La plus grande section du Barreau du Qu&eacute;bec\",\"potentialAction\":[{\"@type\":\"SearchAction\",\"target\":{\"@type\":\"EntryPoint\",\"urlTemplate\":\"https:\\\/\\\/www.barreaudemontreal.qc.ca\\\/en\\\/?s={search_term_string}\"},\"query-input\":{\"@type\":\"PropertyValueSpecification\",\"valueRequired\":true,\"valueName\":\"search_term_string\"}}],\"inLanguage\":\"en-US\"}]}<\/script>\n<!-- \/ Yoast SEO plugin. -->","yoast_head_json":{"title":"Services aux avocats - Barreau de Montr&eacute;al","robots":{"index":"index","follow":"follow","max-snippet":"max-snippet:-1","max-image-preview":"max-image-preview:large","max-video-preview":"max-video-preview:-1"},"canonical":"https:\/\/www.barreaudemontreal.qc.ca\/en\/avocats\/services-aux-avocats\/","og_locale":"en_US","og_type":"article","og_title":"Services aux avocats - Barreau de Montr&eacute;al","og_url":"https:\/\/www.barreaudemontreal.qc.ca\/en\/avocats\/services-aux-avocats\/","og_site_name":"Barreau de Montr&eacute;al","article_modified_time":"2025-08-25T20:59:51+00:00","og_image":[{"width":177,"height":82,"url":"https:\/\/www.barreaudemontreal.qc.ca\/wp-content\/uploads\/hl3-1.png","type":"image\/png"}],"twitter_card":"summary_large_image","schema":{"@context":"https:\/\/schema.org","@graph":[{"@type":"WebPage","@id":"https:\/\/www.barreaudemontreal.qc.ca\/en\/avocats\/services-aux-avocats\/","url":"https:\/\/www.barreaudemontreal.qc.ca\/en\/avocats\/services-aux-avocats\/","name":"Services aux avocats - Barreau de Montr&eacute;al","isPartOf":{"@id":"https:\/\/www.barreaudemontreal.qc.ca\/en\/#website"},"primaryImageOfPage":{"@id":"https:\/\/www.barreaudemontreal.qc.ca\/en\/avocats\/services-aux-avocats\/#primaryimage"},"image":{"@id":"https:\/\/www.barreaudemontreal.qc.ca\/en\/avocats\/services-aux-avocats\/#primaryimage"},"thumbnailUrl":"https:\/\/www.barreaudemontreal.qc.ca\/wp-content\/uploads\/hl3.png","datePublished":"2022-01-28T06:33:41+00:00","dateModified":"2025-08-25T20:59:51+00:00","breadcrumb":{"@id":"https:\/\/www.barreaudemontreal.qc.ca\/en\/avocats\/services-aux-avocats\/#breadcrumb"},"inLanguage":"en-US","potentialAction":[{"@type":"ReadAction","target":["https:\/\/www.barreaudemontreal.qc.ca\/en\/avocats\/services-aux-avocats\/"]}]},{"@type":"ImageObject","inLanguage":"en-US","@id":"https:\/\/www.barreaudemontreal.qc.ca\/en\/avocats\/services-aux-avocats\/#primaryimage","url":"https:\/\/www.barreaudemontreal.qc.ca\/wp-content\/uploads\/hl3.png","contentUrl":"https:\/\/www.barreaudemontreal.qc.ca\/wp-content\/uploads\/hl3.png"},{"@type":"BreadcrumbList","@id":"https:\/\/www.barreaudemontreal.qc.ca\/en\/avocats\/services-aux-avocats\/#breadcrumb","itemListElement":[{"@type":"ListItem","position":1,"name":"Home","item":"https:\/\/www.barreaudemontreal.qc.ca\/en\/"},{"@type":"ListItem","position":2,"name":"Avocats","item":"https:\/\/www.barreaudemontreal.qc.ca\/en\/avocats\/"},{"@type":"ListItem","position":3,"name":"Services aux avocats"}]},{"@type":"WebSite","@id":"https:\/\/www.barreaudemontreal.qc.ca\/en\/#website","url":"https:\/\/www.barreaudemontreal.qc.ca\/en\/","name":"Barreau de Montr&eacute;al","description":"La plus grande section du Barreau du Qu&eacute;bec","potentialAction":[{"@type":"SearchAction","target":{"@type":"EntryPoint","urlTemplate":"https:\/\/www.barreaudemontreal.qc.ca\/en\/?s={search_term_string}"},"query-input":{"@type":"PropertyValueSpecification","valueRequired":true,"valueName":"search_term_string"}}],"inLanguage":"en-US"}]}},"_links":{"self":[{"href":"https:\/\/www.barreaudemontreal.qc.ca\/en\/wp-json\/wp\/v2\/pages\/13575","targetHints":{"allow":["GET"]}}],"collection":[{"href":"https:\/\/www.barreaudemontreal.qc.ca\/en\/wp-json\/wp\/v2\/pages"}],"about":[{"href":"https:\/\/www.barreaudemontreal.qc.ca\/en\/wp-json\/wp\/v2\/types\/page"}],"author":[{"embeddable":true,"href":"https:\/\/www.barreaudemontreal.qc.ca\/en\/wp-json\/wp\/v2\/users\/21"}],"replies":[{"embeddable":true,"href":"https:\/\/www.barreaudemontreal.qc.ca\/en\/wp-json\/wp\/v2\/comments?post=13575"}],"version-history":[{"count":0,"href":"https:\/\/www.barreaudemontreal.qc.ca\/en\/wp-json\/wp\/v2\/pages\/13575\/revisions"}],"up":[{"embeddable":true,"href":"https:\/\/www.barreaudemontreal.qc.ca\/en\/wp-json\/wp\/v2\/pages\/10671"}],"wp:attachment":[{"href":"https:\/\/www.barreaudemontreal.qc.ca\/en\/wp-json\/wp\/v2\/media?parent=13575"}],"curies":[{"name":"wp","href":"https:\/\/api.w.org\/{rel}","templated":true}]}}