{"id":1356,"date":"2013-10-07T18:19:37","date_gmt":"2013-10-07T18:19:37","guid":{"rendered":"http:\/\/barreau.stagingminimalmtl.com\/2003-2004-lhonorable-charles-d-gonthier-2\/"},"modified":"2022-12-17T22:52:05","modified_gmt":"2022-12-18T03:52:05","slug":"2003-2004-lhonorable-charles-d-gonthier-2","status":"publish","type":"page","link":"https:\/\/www.barreaudemontreal.qc.ca\/en\/barreau\/prizes-and-distinctions\/medals\/2003-2004-lhonorable-charles-d-gonthier-2\/","title":{"rendered":"2003-2004 L&#8217;honorable Charles D. Gonthier"},"content":{"rendered":"<p><img decoding=\"async\" style=\"float: left; margin: 2px 10px; width: 150px; height: 198px;\" src=\"https:\/\/www.barreaudemontreal.qc.ca\/wp-content\/uploads\/CDGONTHIER.jpg\" alt=\"images\/Photos\/MedaillesMerites\/CDGONTHIER\" \/>For 2002-2003, the Council of the Bar of Montr\u00e9al has decided to present the Medal to the <strong>Honorable\u00a0Charles D. Gonthier<\/strong>, of the Superior Court of Canada<strong>.<\/strong><\/p>\n<p>A law graduate of McGill University, Judge Gonthier practiced law from 1952 to 1974, with major Montreal law firms.\u00a0 In 1974, he was appointed to the Superior Court, where he would sit until 1988. He was then named to the Court of Appeal of Qu\u00e9bec and, less than a year later, to the Supreme Court of Canada, from which he recently retired to return to the practice of law.<\/p>\n<p>During his impressive career, Judge Gonthier participated in the work of a number of Bar committees. He has also been very deeply involved in the arts, especially the Montreal Museum of Fine Arts and the McCord Museum of Canadian History.<\/p>\n<p>When the Universit\u00e9 de Montr\u00e9al presented him with an honorary doctorate in October 2002, the Dean of the Faculty of Law, Mtre Jacques Fr\u00e9mont, paid tribute to the influence of Judge Gonthier on Canadian law as follows:\u00a0 \u201cHis intellectual qualities make him one of the most highly esteemed Canadian judges and without doubt one of the most influential.\u00a0 The rigour, daring and humanism of his judgments have clearly marked the development of Canadian law, and done so in the most diverse fields.\u201d<\/p>\n<p>The B\u00e2tonnier of Montr\u00e9al is proud to honor a brilliant career dedicated to the cause of justice by presenting to this eminent jurist, on behalf of all members, with the highest distinction of the Bar of Montr\u00e9al.<\/p>\n","protected":false},"excerpt":{"rendered":"<p>&nbsp;<\/p>\n<p><img decoding=\"async\" alt=\"images\/Photos\/MedaillesMerites\/CDGONTHIER\" src=\"https:\/\/www.barreaudemontreal.qc.ca\/04\/CDGONTHIER.jpg\" style=\"float: left; margin: 2px 10px; width: 150px; height: 198px;\">For 2002-2003, the Council of the Bar of Montr\u00e9al has decided to present the Medal to the <strong>Honorable&nbsp;Charles D. Gonthier<\/strong>, of the Superior Court of Canada<strong>.<\/strong><\/p>\n","protected":false},"author":30,"featured_media":404,"parent":1075,"menu_order":14,"comment_status":"closed","ping_status":"closed","template":"","meta":{"_acf_changed":false,"_editorskit_title_hidden":false,"_editorskit_reading_time":0,"_editorskit_is_block_options_detached":false,"_editorskit_block_options_position":"{}","inline_featured_image":false,"ngg_post_thumbnail":0,"footnotes":""},"class_list":["post-1356","page","type-page","status-publish","has-post-thumbnail","hentry"],"acf":[],"yoast_head":"<!-- This site is optimized with the Yoast SEO plugin v27.4 - https:\/\/yoast.com\/product\/yoast-seo-wordpress\/ -->\n<title>2003-2004 L&#039;honorable Charles D. Gonthier - Barreau de Montr&eacute;al<\/title>\n<meta name=\"robots\" content=\"index, follow, max-snippet:-1, max-image-preview:large, max-video-preview:-1\" \/>\n<link rel=\"canonical\" href=\"https:\/\/www.barreaudemontreal.qc.ca\/en\/barreau\/prizes-and-distinctions\/medals\/2003-2004-lhonorable-charles-d-gonthier-2\/\" \/>\n<meta property=\"og:locale\" content=\"en_US\" \/>\n<meta property=\"og:type\" content=\"article\" \/>\n<meta property=\"og:title\" content=\"2003-2004 L&#039;honorable Charles D. Gonthier - Barreau de Montr&eacute;al\" \/>\n<meta property=\"og:description\" content=\"&nbsp;For 2002-2003, the Council of the Bar of Montr\u00e9al has decided to present the Medal to the Honorable&nbsp;Charles D. Gonthier, of the Superior Court of Canada.\" \/>\n<meta property=\"og:url\" content=\"https:\/\/www.barreaudemontreal.qc.ca\/en\/barreau\/prizes-and-distinctions\/medals\/2003-2004-lhonorable-charles-d-gonthier-2\/\" \/>\n<meta property=\"og:site_name\" content=\"Barreau de Montr&eacute;al\" \/>\n<meta property=\"article:modified_time\" content=\"2022-12-18T03:52:05+00:00\" \/>\n<meta property=\"og:image\" content=\"https:\/\/www.barreaudemontreal.qc.ca\/wp-content\/uploads\/CDGONTHIER.jpg\" \/>\n\t<meta property=\"og:image:width\" content=\"220\" \/>\n\t<meta property=\"og:image:height\" content=\"290\" \/>\n\t<meta property=\"og:image:type\" content=\"image\/jpeg\" \/>\n<meta name=\"twitter:card\" content=\"summary_large_image\" \/>\n<meta name=\"twitter:label1\" content=\"Est. reading time\" \/>\n\t<meta name=\"twitter:data1\" content=\"2 minutes\" \/>\n<script type=\"application\/ld+json\" class=\"yoast-schema-graph\">{\"@context\":\"https:\\\/\\\/schema.org\",\"@graph\":[{\"@type\":\"WebPage\",\"@id\":\"https:\\\/\\\/www.barreaudemontreal.qc.ca\\\/en\\\/barreau\\\/prizes-and-distinctions\\\/medals\\\/2003-2004-lhonorable-charles-d-gonthier-2\\\/\",\"url\":\"https:\\\/\\\/www.barreaudemontreal.qc.ca\\\/en\\\/barreau\\\/prizes-and-distinctions\\\/medals\\\/2003-2004-lhonorable-charles-d-gonthier-2\\\/\",\"name\":\"2003-2004 L'honorable Charles D. Gonthier - Barreau de Montr&eacute;al\",\"isPartOf\":{\"@id\":\"https:\\\/\\\/www.barreaudemontreal.qc.ca\\\/en\\\/#website\"},\"primaryImageOfPage\":{\"@id\":\"https:\\\/\\\/www.barreaudemontreal.qc.ca\\\/en\\\/barreau\\\/prizes-and-distinctions\\\/medals\\\/2003-2004-lhonorable-charles-d-gonthier-2\\\/#primaryimage\"},\"image\":{\"@id\":\"https:\\\/\\\/www.barreaudemontreal.qc.ca\\\/en\\\/barreau\\\/prizes-and-distinctions\\\/medals\\\/2003-2004-lhonorable-charles-d-gonthier-2\\\/#primaryimage\"},\"thumbnailUrl\":\"https:\\\/\\\/www.barreaudemontreal.qc.ca\\\/wp-content\\\/uploads\\\/CDGONTHIER.jpg\",\"datePublished\":\"2013-10-07T18:19:37+00:00\",\"dateModified\":\"2022-12-18T03:52:05+00:00\",\"breadcrumb\":{\"@id\":\"https:\\\/\\\/www.barreaudemontreal.qc.ca\\\/en\\\/barreau\\\/prizes-and-distinctions\\\/medals\\\/2003-2004-lhonorable-charles-d-gonthier-2\\\/#breadcrumb\"},\"inLanguage\":\"en-US\",\"potentialAction\":[{\"@type\":\"ReadAction\",\"target\":[\"https:\\\/\\\/www.barreaudemontreal.qc.ca\\\/en\\\/barreau\\\/prizes-and-distinctions\\\/medals\\\/2003-2004-lhonorable-charles-d-gonthier-2\\\/\"]}]},{\"@type\":\"ImageObject\",\"inLanguage\":\"en-US\",\"@id\":\"https:\\\/\\\/www.barreaudemontreal.qc.ca\\\/en\\\/barreau\\\/prizes-and-distinctions\\\/medals\\\/2003-2004-lhonorable-charles-d-gonthier-2\\\/#primaryimage\",\"url\":\"https:\\\/\\\/www.barreaudemontreal.qc.ca\\\/wp-content\\\/uploads\\\/CDGONTHIER.jpg\",\"contentUrl\":\"https:\\\/\\\/www.barreaudemontreal.qc.ca\\\/wp-content\\\/uploads\\\/CDGONTHIER.jpg\",\"width\":220,\"height\":290,\"caption\":\"images\\\/Photos\\\/MedaillesMerites\\\/CDGONTHIER\"},{\"@type\":\"BreadcrumbList\",\"@id\":\"https:\\\/\\\/www.barreaudemontreal.qc.ca\\\/en\\\/barreau\\\/prizes-and-distinctions\\\/medals\\\/2003-2004-lhonorable-charles-d-gonthier-2\\\/#breadcrumb\",\"itemListElement\":[{\"@type\":\"ListItem\",\"position\":1,\"name\":\"Home\",\"item\":\"https:\\\/\\\/www.barreaudemontreal.qc.ca\\\/en\\\/\"},{\"@type\":\"ListItem\",\"position\":2,\"name\":\"Barreau\",\"item\":\"https:\\\/\\\/www.barreaudemontreal.qc.ca\\\/en\\\/barreau\\\/\"},{\"@type\":\"ListItem\",\"position\":3,\"name\":\"Prizes and distinctions\",\"item\":\"https:\\\/\\\/www.barreaudemontreal.qc.ca\\\/en\\\/barreau\\\/prizes-and-distinctions\\\/\"},{\"@type\":\"ListItem\",\"position\":4,\"name\":\"Medals\",\"item\":\"https:\\\/\\\/www.barreaudemontreal.qc.ca\\\/en\\\/barreau\\\/prizes-and-distinctions\\\/medals\\\/\"},{\"@type\":\"ListItem\",\"position\":5,\"name\":\"2003-2004 L&#8217;honorable Charles D. Gonthier\"}]},{\"@type\":\"WebSite\",\"@id\":\"https:\\\/\\\/www.barreaudemontreal.qc.ca\\\/en\\\/#website\",\"url\":\"https:\\\/\\\/www.barreaudemontreal.qc.ca\\\/en\\\/\",\"name\":\"Barreau de Montr&eacute;al\",\"description\":\"La plus grande section du Barreau du Qu&eacute;bec\",\"potentialAction\":[{\"@type\":\"SearchAction\",\"target\":{\"@type\":\"EntryPoint\",\"urlTemplate\":\"https:\\\/\\\/www.barreaudemontreal.qc.ca\\\/en\\\/?s={search_term_string}\"},\"query-input\":{\"@type\":\"PropertyValueSpecification\",\"valueRequired\":true,\"valueName\":\"search_term_string\"}}],\"inLanguage\":\"en-US\"}]}<\/script>\n<!-- \/ Yoast SEO plugin. -->","yoast_head_json":{"title":"2003-2004 L'honorable Charles D. Gonthier - Barreau de Montr&eacute;al","robots":{"index":"index","follow":"follow","max-snippet":"max-snippet:-1","max-image-preview":"max-image-preview:large","max-video-preview":"max-video-preview:-1"},"canonical":"https:\/\/www.barreaudemontreal.qc.ca\/en\/barreau\/prizes-and-distinctions\/medals\/2003-2004-lhonorable-charles-d-gonthier-2\/","og_locale":"en_US","og_type":"article","og_title":"2003-2004 L'honorable Charles D. Gonthier - Barreau de Montr&eacute;al","og_description":"&nbsp;For 2002-2003, the Council of the Bar of Montr\u00e9al has decided to present the Medal to the Honorable&nbsp;Charles D. Gonthier, of the Superior Court of Canada.","og_url":"https:\/\/www.barreaudemontreal.qc.ca\/en\/barreau\/prizes-and-distinctions\/medals\/2003-2004-lhonorable-charles-d-gonthier-2\/","og_site_name":"Barreau de Montr&eacute;al","article_modified_time":"2022-12-18T03:52:05+00:00","og_image":[{"width":220,"height":290,"url":"https:\/\/www.barreaudemontreal.qc.ca\/wp-content\/uploads\/CDGONTHIER.jpg","type":"image\/jpeg"}],"twitter_card":"summary_large_image","twitter_misc":{"Est. reading time":"2 minutes"},"schema":{"@context":"https:\/\/schema.org","@graph":[{"@type":"WebPage","@id":"https:\/\/www.barreaudemontreal.qc.ca\/en\/barreau\/prizes-and-distinctions\/medals\/2003-2004-lhonorable-charles-d-gonthier-2\/","url":"https:\/\/www.barreaudemontreal.qc.ca\/en\/barreau\/prizes-and-distinctions\/medals\/2003-2004-lhonorable-charles-d-gonthier-2\/","name":"2003-2004 L'honorable Charles D. Gonthier - Barreau de Montr&eacute;al","isPartOf":{"@id":"https:\/\/www.barreaudemontreal.qc.ca\/en\/#website"},"primaryImageOfPage":{"@id":"https:\/\/www.barreaudemontreal.qc.ca\/en\/barreau\/prizes-and-distinctions\/medals\/2003-2004-lhonorable-charles-d-gonthier-2\/#primaryimage"},"image":{"@id":"https:\/\/www.barreaudemontreal.qc.ca\/en\/barreau\/prizes-and-distinctions\/medals\/2003-2004-lhonorable-charles-d-gonthier-2\/#primaryimage"},"thumbnailUrl":"https:\/\/www.barreaudemontreal.qc.ca\/wp-content\/uploads\/CDGONTHIER.jpg","datePublished":"2013-10-07T18:19:37+00:00","dateModified":"2022-12-18T03:52:05+00:00","breadcrumb":{"@id":"https:\/\/www.barreaudemontreal.qc.ca\/en\/barreau\/prizes-and-distinctions\/medals\/2003-2004-lhonorable-charles-d-gonthier-2\/#breadcrumb"},"inLanguage":"en-US","potentialAction":[{"@type":"ReadAction","target":["https:\/\/www.barreaudemontreal.qc.ca\/en\/barreau\/prizes-and-distinctions\/medals\/2003-2004-lhonorable-charles-d-gonthier-2\/"]}]},{"@type":"ImageObject","inLanguage":"en-US","@id":"https:\/\/www.barreaudemontreal.qc.ca\/en\/barreau\/prizes-and-distinctions\/medals\/2003-2004-lhonorable-charles-d-gonthier-2\/#primaryimage","url":"https:\/\/www.barreaudemontreal.qc.ca\/wp-content\/uploads\/CDGONTHIER.jpg","contentUrl":"https:\/\/www.barreaudemontreal.qc.ca\/wp-content\/uploads\/CDGONTHIER.jpg","width":220,"height":290,"caption":"images\/Photos\/MedaillesMerites\/CDGONTHIER"},{"@type":"BreadcrumbList","@id":"https:\/\/www.barreaudemontreal.qc.ca\/en\/barreau\/prizes-and-distinctions\/medals\/2003-2004-lhonorable-charles-d-gonthier-2\/#breadcrumb","itemListElement":[{"@type":"ListItem","position":1,"name":"Home","item":"https:\/\/www.barreaudemontreal.qc.ca\/en\/"},{"@type":"ListItem","position":2,"name":"Barreau","item":"https:\/\/www.barreaudemontreal.qc.ca\/en\/barreau\/"},{"@type":"ListItem","position":3,"name":"Prizes and distinctions","item":"https:\/\/www.barreaudemontreal.qc.ca\/en\/barreau\/prizes-and-distinctions\/"},{"@type":"ListItem","position":4,"name":"Medals","item":"https:\/\/www.barreaudemontreal.qc.ca\/en\/barreau\/prizes-and-distinctions\/medals\/"},{"@type":"ListItem","position":5,"name":"2003-2004 L&#8217;honorable Charles D. Gonthier"}]},{"@type":"WebSite","@id":"https:\/\/www.barreaudemontreal.qc.ca\/en\/#website","url":"https:\/\/www.barreaudemontreal.qc.ca\/en\/","name":"Barreau de Montr&eacute;al","description":"La plus grande section du Barreau du Qu&eacute;bec","potentialAction":[{"@type":"SearchAction","target":{"@type":"EntryPoint","urlTemplate":"https:\/\/www.barreaudemontreal.qc.ca\/en\/?s={search_term_string}"},"query-input":{"@type":"PropertyValueSpecification","valueRequired":true,"valueName":"search_term_string"}}],"inLanguage":"en-US"}]}},"_links":{"self":[{"href":"https:\/\/www.barreaudemontreal.qc.ca\/en\/wp-json\/wp\/v2\/pages\/1356","targetHints":{"allow":["GET"]}}],"collection":[{"href":"https:\/\/www.barreaudemontreal.qc.ca\/en\/wp-json\/wp\/v2\/pages"}],"about":[{"href":"https:\/\/www.barreaudemontreal.qc.ca\/en\/wp-json\/wp\/v2\/types\/page"}],"author":[{"embeddable":true,"href":"https:\/\/www.barreaudemontreal.qc.ca\/en\/wp-json\/wp\/v2\/users\/30"}],"replies":[{"embeddable":true,"href":"https:\/\/www.barreaudemontreal.qc.ca\/en\/wp-json\/wp\/v2\/comments?post=1356"}],"version-history":[{"count":0,"href":"https:\/\/www.barreaudemontreal.qc.ca\/en\/wp-json\/wp\/v2\/pages\/1356\/revisions"}],"up":[{"embeddable":true,"href":"https:\/\/www.barreaudemontreal.qc.ca\/en\/wp-json\/wp\/v2\/pages\/1075"}],"wp:featuredmedia":[{"embeddable":true,"href":"https:\/\/www.barreaudemontreal.qc.ca\/en\/wp-json\/wp\/v2\/media\/404"}],"wp:attachment":[{"href":"https:\/\/www.barreaudemontreal.qc.ca\/en\/wp-json\/wp\/v2\/media?parent=1356"}],"curies":[{"name":"wp","href":"https:\/\/api.w.org\/{rel}","templated":true}]}}