{"id":1347,"date":"2013-10-07T17:48:56","date_gmt":"2013-10-07T17:48:56","guid":{"rendered":"http:\/\/barreau.stagingminimalmtl.com\/2010-2011-2\/"},"modified":"2022-12-17T23:03:01","modified_gmt":"2022-12-18T04:03:01","slug":"2010-2011-2","status":"publish","type":"page","link":"https:\/\/www.barreaudemontreal.qc.ca\/en\/barreau\/prizes-and-distinctions\/medals\/2010-2011-2\/","title":{"rendered":"2010-2011"},"content":{"rendered":"<h4 style=\"text-align: left;\"><strong>Mtre Paul G\u00e9rin-Lajoie, C.C., G.O.Q., c.r.<\/strong><\/h4>\n<p><img decoding=\"async\" style=\"float: left; margin: 8px 10px 8px 10px;\" src=\"https:\/\/www.barreaudemontreal.qc.ca\/wp-content\/uploads\/PGERIN-LAJOIE.jpg\" alt=\"images\/Photos\/MedaillesMerites\/PGERIN-LAJOIE\" width=\"120\" \/><\/p>\n<p>Admitted to the Bar of Qu\u00e9bec in 1943, Mtre Paul G\u00e9rin-Lajoie was a graduate in law from the Universit\u00e9 de Montr\u00e9al and earned a doctor of laws from Oxford University as a Rhodes scholar. Over the years, he has been awarded some 13 doctorates <em>honoris<\/em> <em>causa<\/em> by Canadian and foreign universities in addition to numerous other distinctions.<\/p>\n<p>Playing an important role in the Quiet Revolution, Mtre G\u00e9rin-Lajoie has used his skills to serve society throughout his career. Elected as a Liberal MNA in Vaudreuil-Soulanges in 1960, he became Minister of Youth in the Lesage cabinet that same year and Qu\u00e9bec\u2019s first Minister of Education in 1964. He was the principal designer of the profound changes made to Qu\u00e9bec\u2019s education system.<\/p>\n<p>Indeed, it was a speech given to the diplomatic corps as Deputy Prime Minister and Minister of Education that gave birth to the G\u00e9rin-Lajoie doctrine, calling for an international extension of Qu\u00e9bec\u2019s internal competences, that still guides the international policy of the province today.<\/p>\n<p>At the age of 90, this eminent colleague still plays a leading role in the Fondation Paul G\u00e9rin-Lajoie, which he started in 1977 to support basic education for children and literacy training for adults in the poorest countries, as well as to awaken young Canadians to international realities.<\/p>\n<p>For having so brilliantly defended the universal right to education, for the impact he has had on society in general and on youth here and abroad, the General Council has decided to award the Medal of the Bar of Montreal to Mtre Paul G\u00e9rin-Lajoie.<\/p>\n<p>Consult the following article (In French only) :<br \/>\n<a href=\"https:\/\/www.barreaudemontreal.qc.ca\/barreau\/la-medaille-du-barreau-de-montreal-remise-a-me-paul-gerin-lajoie\">La M\u00e9daille du Barreau de Montr\u00e9al remise \u00e0 Me Paul G\u00e9rin-Lajoie<\/a><\/p>\n<div dir=\"ltr\" style=\"text-align: left;\" data-angle=\"0\" data-canvas-width=\"403.78624601688387\" data-font-name=\"g_font_9_0\"><\/div>\n","protected":false},"excerpt":{"rendered":"<h4 style=\"line-height: 1.3em; letter-spacing: -0.01em; margin: 0px; padding: 0px; color: rgb(34, 34, 34); font-family: arial,Verdana,sans-serif; font-size: 12px; text-align: left;\"><strong>Mtre Paul G\u00e9rin-Lajoie, C.C., G.O.Q., c.r.<\/strong><\/h4>\n<p><img decoding=\"async\" alt=\"images\/Photos\/MedaillesMerites\/PGERIN-LAJOIE\" src=\"https:\/\/www.barreaudemontreal.qc.ca\/04\/PGERIN-LAJOIE.jpg\" style=\"float: left; margin-left: 10px; margin-right: 10px; margin-top: 8px; margin-bottom: 8px;\" width=\"120\"><\/p>\n","protected":false},"author":30,"featured_media":371,"parent":1075,"menu_order":24,"comment_status":"closed","ping_status":"closed","template":"","meta":{"_acf_changed":false,"_editorskit_title_hidden":false,"_editorskit_reading_time":0,"_editorskit_is_block_options_detached":false,"_editorskit_block_options_position":"{}","inline_featured_image":false,"ngg_post_thumbnail":0,"footnotes":""},"class_list":["post-1347","page","type-page","status-publish","has-post-thumbnail","hentry"],"acf":[],"yoast_head":"<!-- This site is optimized with the Yoast SEO plugin v27.4 - https:\/\/yoast.com\/product\/yoast-seo-wordpress\/ -->\n<title>2010-2011 - Barreau de Montr&eacute;al<\/title>\n<meta name=\"robots\" content=\"index, follow, max-snippet:-1, max-image-preview:large, max-video-preview:-1\" \/>\n<link rel=\"canonical\" href=\"https:\/\/www.barreaudemontreal.qc.ca\/en\/barreau\/prizes-and-distinctions\/medals\/2010-2011-2\/\" \/>\n<meta property=\"og:locale\" content=\"en_US\" \/>\n<meta property=\"og:type\" content=\"article\" \/>\n<meta property=\"og:title\" content=\"2010-2011 - Barreau de Montr&eacute;al\" \/>\n<meta property=\"og:description\" content=\"Mtre Paul G\u00e9rin-Lajoie, C.C., G.O.Q., c.r.\" \/>\n<meta property=\"og:url\" content=\"https:\/\/www.barreaudemontreal.qc.ca\/en\/barreau\/prizes-and-distinctions\/medals\/2010-2011-2\/\" \/>\n<meta property=\"og:site_name\" content=\"Barreau de Montr&eacute;al\" \/>\n<meta property=\"article:modified_time\" content=\"2022-12-18T04:03:01+00:00\" \/>\n<meta property=\"og:image\" content=\"https:\/\/www.barreaudemontreal.qc.ca\/wp-content\/uploads\/PGERIN-LAJOIE.jpg\" \/>\n\t<meta property=\"og:image:width\" content=\"250\" \/>\n\t<meta property=\"og:image:height\" content=\"330\" \/>\n\t<meta property=\"og:image:type\" content=\"image\/jpeg\" \/>\n<meta name=\"twitter:card\" content=\"summary_large_image\" \/>\n<meta name=\"twitter:label1\" content=\"Est. reading time\" \/>\n\t<meta name=\"twitter:data1\" content=\"2 minutes\" \/>\n<script type=\"application\/ld+json\" class=\"yoast-schema-graph\">{\"@context\":\"https:\\\/\\\/schema.org\",\"@graph\":[{\"@type\":\"WebPage\",\"@id\":\"https:\\\/\\\/www.barreaudemontreal.qc.ca\\\/en\\\/barreau\\\/prizes-and-distinctions\\\/medals\\\/2010-2011-2\\\/\",\"url\":\"https:\\\/\\\/www.barreaudemontreal.qc.ca\\\/en\\\/barreau\\\/prizes-and-distinctions\\\/medals\\\/2010-2011-2\\\/\",\"name\":\"2010-2011 - Barreau de Montr&eacute;al\",\"isPartOf\":{\"@id\":\"https:\\\/\\\/www.barreaudemontreal.qc.ca\\\/en\\\/#website\"},\"primaryImageOfPage\":{\"@id\":\"https:\\\/\\\/www.barreaudemontreal.qc.ca\\\/en\\\/barreau\\\/prizes-and-distinctions\\\/medals\\\/2010-2011-2\\\/#primaryimage\"},\"image\":{\"@id\":\"https:\\\/\\\/www.barreaudemontreal.qc.ca\\\/en\\\/barreau\\\/prizes-and-distinctions\\\/medals\\\/2010-2011-2\\\/#primaryimage\"},\"thumbnailUrl\":\"https:\\\/\\\/www.barreaudemontreal.qc.ca\\\/wp-content\\\/uploads\\\/PGERIN-LAJOIE.jpg\",\"datePublished\":\"2013-10-07T17:48:56+00:00\",\"dateModified\":\"2022-12-18T04:03:01+00:00\",\"breadcrumb\":{\"@id\":\"https:\\\/\\\/www.barreaudemontreal.qc.ca\\\/en\\\/barreau\\\/prizes-and-distinctions\\\/medals\\\/2010-2011-2\\\/#breadcrumb\"},\"inLanguage\":\"en-US\",\"potentialAction\":[{\"@type\":\"ReadAction\",\"target\":[\"https:\\\/\\\/www.barreaudemontreal.qc.ca\\\/en\\\/barreau\\\/prizes-and-distinctions\\\/medals\\\/2010-2011-2\\\/\"]}]},{\"@type\":\"ImageObject\",\"inLanguage\":\"en-US\",\"@id\":\"https:\\\/\\\/www.barreaudemontreal.qc.ca\\\/en\\\/barreau\\\/prizes-and-distinctions\\\/medals\\\/2010-2011-2\\\/#primaryimage\",\"url\":\"https:\\\/\\\/www.barreaudemontreal.qc.ca\\\/wp-content\\\/uploads\\\/PGERIN-LAJOIE.jpg\",\"contentUrl\":\"https:\\\/\\\/www.barreaudemontreal.qc.ca\\\/wp-content\\\/uploads\\\/PGERIN-LAJOIE.jpg\",\"width\":250,\"height\":330,\"caption\":\"images\\\/Photos\\\/MedaillesMerites\\\/PGERIN-LAJOIE\"},{\"@type\":\"BreadcrumbList\",\"@id\":\"https:\\\/\\\/www.barreaudemontreal.qc.ca\\\/en\\\/barreau\\\/prizes-and-distinctions\\\/medals\\\/2010-2011-2\\\/#breadcrumb\",\"itemListElement\":[{\"@type\":\"ListItem\",\"position\":1,\"name\":\"Home\",\"item\":\"https:\\\/\\\/www.barreaudemontreal.qc.ca\\\/en\\\/\"},{\"@type\":\"ListItem\",\"position\":2,\"name\":\"Barreau\",\"item\":\"https:\\\/\\\/www.barreaudemontreal.qc.ca\\\/en\\\/barreau\\\/\"},{\"@type\":\"ListItem\",\"position\":3,\"name\":\"Prizes and distinctions\",\"item\":\"https:\\\/\\\/www.barreaudemontreal.qc.ca\\\/en\\\/barreau\\\/prizes-and-distinctions\\\/\"},{\"@type\":\"ListItem\",\"position\":4,\"name\":\"Medals\",\"item\":\"https:\\\/\\\/www.barreaudemontreal.qc.ca\\\/en\\\/barreau\\\/prizes-and-distinctions\\\/medals\\\/\"},{\"@type\":\"ListItem\",\"position\":5,\"name\":\"2010-2011\"}]},{\"@type\":\"WebSite\",\"@id\":\"https:\\\/\\\/www.barreaudemontreal.qc.ca\\\/en\\\/#website\",\"url\":\"https:\\\/\\\/www.barreaudemontreal.qc.ca\\\/en\\\/\",\"name\":\"Barreau de Montr&eacute;al\",\"description\":\"La plus grande section du Barreau du Qu&eacute;bec\",\"potentialAction\":[{\"@type\":\"SearchAction\",\"target\":{\"@type\":\"EntryPoint\",\"urlTemplate\":\"https:\\\/\\\/www.barreaudemontreal.qc.ca\\\/en\\\/?s={search_term_string}\"},\"query-input\":{\"@type\":\"PropertyValueSpecification\",\"valueRequired\":true,\"valueName\":\"search_term_string\"}}],\"inLanguage\":\"en-US\"}]}<\/script>\n<!-- \/ Yoast SEO plugin. -->","yoast_head_json":{"title":"2010-2011 - Barreau de Montr&eacute;al","robots":{"index":"index","follow":"follow","max-snippet":"max-snippet:-1","max-image-preview":"max-image-preview:large","max-video-preview":"max-video-preview:-1"},"canonical":"https:\/\/www.barreaudemontreal.qc.ca\/en\/barreau\/prizes-and-distinctions\/medals\/2010-2011-2\/","og_locale":"en_US","og_type":"article","og_title":"2010-2011 - Barreau de Montr&eacute;al","og_description":"Mtre Paul G\u00e9rin-Lajoie, C.C., G.O.Q., c.r.","og_url":"https:\/\/www.barreaudemontreal.qc.ca\/en\/barreau\/prizes-and-distinctions\/medals\/2010-2011-2\/","og_site_name":"Barreau de Montr&eacute;al","article_modified_time":"2022-12-18T04:03:01+00:00","og_image":[{"width":250,"height":330,"url":"https:\/\/www.barreaudemontreal.qc.ca\/wp-content\/uploads\/PGERIN-LAJOIE.jpg","type":"image\/jpeg"}],"twitter_card":"summary_large_image","twitter_misc":{"Est. reading time":"2 minutes"},"schema":{"@context":"https:\/\/schema.org","@graph":[{"@type":"WebPage","@id":"https:\/\/www.barreaudemontreal.qc.ca\/en\/barreau\/prizes-and-distinctions\/medals\/2010-2011-2\/","url":"https:\/\/www.barreaudemontreal.qc.ca\/en\/barreau\/prizes-and-distinctions\/medals\/2010-2011-2\/","name":"2010-2011 - Barreau de Montr&eacute;al","isPartOf":{"@id":"https:\/\/www.barreaudemontreal.qc.ca\/en\/#website"},"primaryImageOfPage":{"@id":"https:\/\/www.barreaudemontreal.qc.ca\/en\/barreau\/prizes-and-distinctions\/medals\/2010-2011-2\/#primaryimage"},"image":{"@id":"https:\/\/www.barreaudemontreal.qc.ca\/en\/barreau\/prizes-and-distinctions\/medals\/2010-2011-2\/#primaryimage"},"thumbnailUrl":"https:\/\/www.barreaudemontreal.qc.ca\/wp-content\/uploads\/PGERIN-LAJOIE.jpg","datePublished":"2013-10-07T17:48:56+00:00","dateModified":"2022-12-18T04:03:01+00:00","breadcrumb":{"@id":"https:\/\/www.barreaudemontreal.qc.ca\/en\/barreau\/prizes-and-distinctions\/medals\/2010-2011-2\/#breadcrumb"},"inLanguage":"en-US","potentialAction":[{"@type":"ReadAction","target":["https:\/\/www.barreaudemontreal.qc.ca\/en\/barreau\/prizes-and-distinctions\/medals\/2010-2011-2\/"]}]},{"@type":"ImageObject","inLanguage":"en-US","@id":"https:\/\/www.barreaudemontreal.qc.ca\/en\/barreau\/prizes-and-distinctions\/medals\/2010-2011-2\/#primaryimage","url":"https:\/\/www.barreaudemontreal.qc.ca\/wp-content\/uploads\/PGERIN-LAJOIE.jpg","contentUrl":"https:\/\/www.barreaudemontreal.qc.ca\/wp-content\/uploads\/PGERIN-LAJOIE.jpg","width":250,"height":330,"caption":"images\/Photos\/MedaillesMerites\/PGERIN-LAJOIE"},{"@type":"BreadcrumbList","@id":"https:\/\/www.barreaudemontreal.qc.ca\/en\/barreau\/prizes-and-distinctions\/medals\/2010-2011-2\/#breadcrumb","itemListElement":[{"@type":"ListItem","position":1,"name":"Home","item":"https:\/\/www.barreaudemontreal.qc.ca\/en\/"},{"@type":"ListItem","position":2,"name":"Barreau","item":"https:\/\/www.barreaudemontreal.qc.ca\/en\/barreau\/"},{"@type":"ListItem","position":3,"name":"Prizes and distinctions","item":"https:\/\/www.barreaudemontreal.qc.ca\/en\/barreau\/prizes-and-distinctions\/"},{"@type":"ListItem","position":4,"name":"Medals","item":"https:\/\/www.barreaudemontreal.qc.ca\/en\/barreau\/prizes-and-distinctions\/medals\/"},{"@type":"ListItem","position":5,"name":"2010-2011"}]},{"@type":"WebSite","@id":"https:\/\/www.barreaudemontreal.qc.ca\/en\/#website","url":"https:\/\/www.barreaudemontreal.qc.ca\/en\/","name":"Barreau de Montr&eacute;al","description":"La plus grande section du Barreau du Qu&eacute;bec","potentialAction":[{"@type":"SearchAction","target":{"@type":"EntryPoint","urlTemplate":"https:\/\/www.barreaudemontreal.qc.ca\/en\/?s={search_term_string}"},"query-input":{"@type":"PropertyValueSpecification","valueRequired":true,"valueName":"search_term_string"}}],"inLanguage":"en-US"}]}},"_links":{"self":[{"href":"https:\/\/www.barreaudemontreal.qc.ca\/en\/wp-json\/wp\/v2\/pages\/1347","targetHints":{"allow":["GET"]}}],"collection":[{"href":"https:\/\/www.barreaudemontreal.qc.ca\/en\/wp-json\/wp\/v2\/pages"}],"about":[{"href":"https:\/\/www.barreaudemontreal.qc.ca\/en\/wp-json\/wp\/v2\/types\/page"}],"author":[{"embeddable":true,"href":"https:\/\/www.barreaudemontreal.qc.ca\/en\/wp-json\/wp\/v2\/users\/30"}],"replies":[{"embeddable":true,"href":"https:\/\/www.barreaudemontreal.qc.ca\/en\/wp-json\/wp\/v2\/comments?post=1347"}],"version-history":[{"count":0,"href":"https:\/\/www.barreaudemontreal.qc.ca\/en\/wp-json\/wp\/v2\/pages\/1347\/revisions"}],"up":[{"embeddable":true,"href":"https:\/\/www.barreaudemontreal.qc.ca\/en\/wp-json\/wp\/v2\/pages\/1075"}],"wp:featuredmedia":[{"embeddable":true,"href":"https:\/\/www.barreaudemontreal.qc.ca\/en\/wp-json\/wp\/v2\/media\/371"}],"wp:attachment":[{"href":"https:\/\/www.barreaudemontreal.qc.ca\/en\/wp-json\/wp\/v2\/media?parent=1347"}],"curies":[{"name":"wp","href":"https:\/\/api.w.org\/{rel}","templated":true}]}}