{"id":1340,"date":"2013-10-02T19:06:13","date_gmt":"2013-10-02T19:06:13","guid":{"rendered":"http:\/\/barreau.stagingminimalmtl.com\/2012-2013-merit-mtre-andre-albert-morin-ad-e\/"},"modified":"2022-12-17T21:31:44","modified_gmt":"2022-12-18T02:31:44","slug":"2012-2013-mtre-andre-albert-morin-ad-e","status":"publish","type":"page","link":"https:\/\/www.barreaudemontreal.qc.ca\/en\/barreau\/prizes-and-distinctions\/pierre-fournier-prize\/2012-2013-mtre-andre-albert-morin-ad-e\/","title":{"rendered":"2012-2013 \u2013 Mtre Andr\u00e9 Albert Morin, Ad. E."},"content":{"rendered":"<p><strong><span style=\"font-family: Arial; font-size: x-small;\"><span style=\"font-family: Arial, sans-serif; font-size: 10pt;\"><img decoding=\"async\" alt=\"Me Andr\u00e9 Albert Morin\" src=\"https:\/\/www.barreaudemontreal.qc.ca\/wp-content\/uploads\/2013-MeriteMorin.jpg\" style=\"float: left; margin-left: 3px; margin-right: 3px;\" width=\"120\" height=\"157\"><\/span><\/span><\/strong><strong>Mtre<\/strong>&nbsp;<strong>Andr\u00e9 Albert Morin, Ad. E.&nbsp;\u2013<\/strong>&nbsp;Admitted to the Bar in 1985, he assumed direction of the Qu\u00e9bec Regional Office of the Public Prosecution Service of Canada (PPSC) as Chief Federal Prosecutor when the organization was created in 2006.<\/p>\n<p>It was as a member of the Committee on Ethics and Image that Mtre Morin first worked with the Bar of Montr\u00e9al, in 2002, presiding over it from 2008 to 2010. He was one of the writers of the <em>Guide of Professional Courtesy, <\/em>published in 2006, which he then promoted in lectures to students at the Bar School and to many colleagues at events like the Congress of the Bar of Quebec.<\/p>\n<p>Concurrently, he participated in the work of the Committee on the Administration of Criminal Justice (2004-2012). This is the committee to which he would return in 2013-2014.<\/p>\n<p>With his interest in Bar affairs continuing to grow, he was elected in 2006 for a first two-year term as a member of the Council.&nbsp; He accepted a second term from 2010 to 2012, which included nearly a year as Treasurer, until he resigned to take up the position of Acting Assistant Director of the Public Prosecution Service of Canada in Ottawa. Mtre Morin was also a member of the Board of Directors of the <em>Association d\u2019entraide des avocats de Montr\u00e9al<\/em>, a position that he had to leave when he went to Ottawa.<\/p>\n<p>He has also been a worthy representative of the Bar of Montr\u00e9al on various committees of the Bar of Qu\u00e9bec, including criminal law, compulsory continuing education and the reform of the <em>Code of ethics of advocates<\/em>.<\/p>\n<p>According to B\u00e2tonni\u00e8re Catherine Pilon, Mtre Andr\u00e9 Albert Morin is a man whose image and ethics are irreproachable.&nbsp; He played an important role on the Committee on Ethics and Image and she has enjoyed working with him as a member of the Council.&nbsp; She thanks him for having given very generously of his time to the activities of the Bar of Montreal.<\/p>\n<p>The Director General noted that Mtre Morin is an engaged and intelligent man, who listens attentively to his colleagues:&nbsp; \u201cA volunteer whose presence at the table is always appreciated.\u201d<\/p>\n","protected":false},"excerpt":{"rendered":"<p>\n","protected":false},"author":30,"featured_media":1178,"parent":1077,"menu_order":10,"comment_status":"closed","ping_status":"closed","template":"","meta":{"_acf_changed":false,"_editorskit_title_hidden":false,"_editorskit_reading_time":0,"_editorskit_is_block_options_detached":false,"_editorskit_block_options_position":"{}","inline_featured_image":false,"ngg_post_thumbnail":0,"footnotes":""},"class_list":["post-1340","page","type-page","status-publish","has-post-thumbnail","hentry"],"acf":[],"yoast_head":"<!-- This site is optimized with the Yoast SEO plugin v27.3 - https:\/\/yoast.com\/product\/yoast-seo-wordpress\/ -->\n<title>2012-2013 \u2013 Mtre Andr\u00e9 Albert Morin, Ad. E. - Barreau de Montr&eacute;al<\/title>\n<meta name=\"robots\" content=\"index, follow, max-snippet:-1, max-image-preview:large, max-video-preview:-1\" \/>\n<link rel=\"canonical\" href=\"https:\/\/www.barreaudemontreal.qc.ca\/en\/barreau\/prizes-and-distinctions\/pierre-fournier-prize\/2012-2013-mtre-andre-albert-morin-ad-e\/\" \/>\n<meta property=\"og:locale\" content=\"en_US\" \/>\n<meta property=\"og:type\" content=\"article\" \/>\n<meta property=\"og:title\" content=\"2012-2013 \u2013 Mtre Andr\u00e9 Albert Morin, Ad. E. - Barreau de Montr&eacute;al\" \/>\n<meta property=\"og:url\" content=\"https:\/\/www.barreaudemontreal.qc.ca\/en\/barreau\/prizes-and-distinctions\/pierre-fournier-prize\/2012-2013-mtre-andre-albert-morin-ad-e\/\" \/>\n<meta property=\"og:site_name\" content=\"Barreau de Montr&eacute;al\" \/>\n<meta property=\"article:modified_time\" content=\"2022-12-18T02:31:44+00:00\" \/>\n<meta property=\"og:image\" content=\"https:\/\/www.barreaudemontreal.qc.ca\/wp-content\/uploads\/2013-MeriteMorin.jpg\" \/>\n\t<meta property=\"og:image:width\" content=\"120\" \/>\n\t<meta property=\"og:image:height\" content=\"157\" \/>\n\t<meta property=\"og:image:type\" content=\"image\/jpeg\" \/>\n<meta name=\"twitter:card\" content=\"summary_large_image\" \/>\n<meta name=\"twitter:label1\" content=\"Est. reading time\" \/>\n\t<meta name=\"twitter:data1\" content=\"3 minutes\" \/>\n<script type=\"application\/ld+json\" class=\"yoast-schema-graph\">{\"@context\":\"https:\\\/\\\/schema.org\",\"@graph\":[{\"@type\":\"WebPage\",\"@id\":\"https:\\\/\\\/www.barreaudemontreal.qc.ca\\\/en\\\/barreau\\\/prizes-and-distinctions\\\/pierre-fournier-prize\\\/2012-2013-mtre-andre-albert-morin-ad-e\\\/\",\"url\":\"https:\\\/\\\/www.barreaudemontreal.qc.ca\\\/en\\\/barreau\\\/prizes-and-distinctions\\\/pierre-fournier-prize\\\/2012-2013-mtre-andre-albert-morin-ad-e\\\/\",\"name\":\"2012-2013 \u2013 Mtre Andr\u00e9 Albert Morin, Ad. E. - Barreau de Montr&eacute;al\",\"isPartOf\":{\"@id\":\"https:\\\/\\\/www.barreaudemontreal.qc.ca\\\/en\\\/#website\"},\"primaryImageOfPage\":{\"@id\":\"https:\\\/\\\/www.barreaudemontreal.qc.ca\\\/en\\\/barreau\\\/prizes-and-distinctions\\\/pierre-fournier-prize\\\/2012-2013-mtre-andre-albert-morin-ad-e\\\/#primaryimage\"},\"image\":{\"@id\":\"https:\\\/\\\/www.barreaudemontreal.qc.ca\\\/en\\\/barreau\\\/prizes-and-distinctions\\\/pierre-fournier-prize\\\/2012-2013-mtre-andre-albert-morin-ad-e\\\/#primaryimage\"},\"thumbnailUrl\":\"https:\\\/\\\/www.barreaudemontreal.qc.ca\\\/wp-content\\\/uploads\\\/2013-MeriteMorin.jpg\",\"datePublished\":\"2013-10-02T19:06:13+00:00\",\"dateModified\":\"2022-12-18T02:31:44+00:00\",\"breadcrumb\":{\"@id\":\"https:\\\/\\\/www.barreaudemontreal.qc.ca\\\/en\\\/barreau\\\/prizes-and-distinctions\\\/pierre-fournier-prize\\\/2012-2013-mtre-andre-albert-morin-ad-e\\\/#breadcrumb\"},\"inLanguage\":\"en-US\",\"potentialAction\":[{\"@type\":\"ReadAction\",\"target\":[\"https:\\\/\\\/www.barreaudemontreal.qc.ca\\\/en\\\/barreau\\\/prizes-and-distinctions\\\/pierre-fournier-prize\\\/2012-2013-mtre-andre-albert-morin-ad-e\\\/\"]}]},{\"@type\":\"ImageObject\",\"inLanguage\":\"en-US\",\"@id\":\"https:\\\/\\\/www.barreaudemontreal.qc.ca\\\/en\\\/barreau\\\/prizes-and-distinctions\\\/pierre-fournier-prize\\\/2012-2013-mtre-andre-albert-morin-ad-e\\\/#primaryimage\",\"url\":\"https:\\\/\\\/www.barreaudemontreal.qc.ca\\\/wp-content\\\/uploads\\\/2013-MeriteMorin.jpg\",\"contentUrl\":\"https:\\\/\\\/www.barreaudemontreal.qc.ca\\\/wp-content\\\/uploads\\\/2013-MeriteMorin.jpg\",\"width\":120,\"height\":157,\"caption\":\"Me Andr\u00e9 Albert Morin\"},{\"@type\":\"BreadcrumbList\",\"@id\":\"https:\\\/\\\/www.barreaudemontreal.qc.ca\\\/en\\\/barreau\\\/prizes-and-distinctions\\\/pierre-fournier-prize\\\/2012-2013-mtre-andre-albert-morin-ad-e\\\/#breadcrumb\",\"itemListElement\":[{\"@type\":\"ListItem\",\"position\":1,\"name\":\"Home\",\"item\":\"https:\\\/\\\/www.barreaudemontreal.qc.ca\\\/en\\\/\"},{\"@type\":\"ListItem\",\"position\":2,\"name\":\"Barreau\",\"item\":\"https:\\\/\\\/www.barreaudemontreal.qc.ca\\\/en\\\/barreau\\\/\"},{\"@type\":\"ListItem\",\"position\":3,\"name\":\"Prizes and distinctions\",\"item\":\"https:\\\/\\\/www.barreaudemontreal.qc.ca\\\/en\\\/barreau\\\/prizes-and-distinctions\\\/\"},{\"@type\":\"ListItem\",\"position\":4,\"name\":\"Pierre-Fournier Prize\",\"item\":\"https:\\\/\\\/www.barreaudemontreal.qc.ca\\\/en\\\/barreau\\\/prizes-and-distinctions\\\/pierre-fournier-prize\\\/\"},{\"@type\":\"ListItem\",\"position\":5,\"name\":\"2012-2013 \u2013 Mtre Andr\u00e9 Albert Morin, Ad. E.\"}]},{\"@type\":\"WebSite\",\"@id\":\"https:\\\/\\\/www.barreaudemontreal.qc.ca\\\/en\\\/#website\",\"url\":\"https:\\\/\\\/www.barreaudemontreal.qc.ca\\\/en\\\/\",\"name\":\"Barreau de Montr&eacute;al\",\"description\":\"La plus grande section du Barreau du Qu&eacute;bec\",\"potentialAction\":[{\"@type\":\"SearchAction\",\"target\":{\"@type\":\"EntryPoint\",\"urlTemplate\":\"https:\\\/\\\/www.barreaudemontreal.qc.ca\\\/en\\\/?s={search_term_string}\"},\"query-input\":{\"@type\":\"PropertyValueSpecification\",\"valueRequired\":true,\"valueName\":\"search_term_string\"}}],\"inLanguage\":\"en-US\"}]}<\/script>\n<!-- \/ Yoast SEO plugin. -->","yoast_head_json":{"title":"2012-2013 \u2013 Mtre Andr\u00e9 Albert Morin, Ad. E. - Barreau de Montr&eacute;al","robots":{"index":"index","follow":"follow","max-snippet":"max-snippet:-1","max-image-preview":"max-image-preview:large","max-video-preview":"max-video-preview:-1"},"canonical":"https:\/\/www.barreaudemontreal.qc.ca\/en\/barreau\/prizes-and-distinctions\/pierre-fournier-prize\/2012-2013-mtre-andre-albert-morin-ad-e\/","og_locale":"en_US","og_type":"article","og_title":"2012-2013 \u2013 Mtre Andr\u00e9 Albert Morin, Ad. E. - Barreau de Montr&eacute;al","og_url":"https:\/\/www.barreaudemontreal.qc.ca\/en\/barreau\/prizes-and-distinctions\/pierre-fournier-prize\/2012-2013-mtre-andre-albert-morin-ad-e\/","og_site_name":"Barreau de Montr&eacute;al","article_modified_time":"2022-12-18T02:31:44+00:00","og_image":[{"width":120,"height":157,"url":"https:\/\/www.barreaudemontreal.qc.ca\/wp-content\/uploads\/2013-MeriteMorin.jpg","type":"image\/jpeg"}],"twitter_card":"summary_large_image","twitter_misc":{"Est. reading time":"3 minutes"},"schema":{"@context":"https:\/\/schema.org","@graph":[{"@type":"WebPage","@id":"https:\/\/www.barreaudemontreal.qc.ca\/en\/barreau\/prizes-and-distinctions\/pierre-fournier-prize\/2012-2013-mtre-andre-albert-morin-ad-e\/","url":"https:\/\/www.barreaudemontreal.qc.ca\/en\/barreau\/prizes-and-distinctions\/pierre-fournier-prize\/2012-2013-mtre-andre-albert-morin-ad-e\/","name":"2012-2013 \u2013 Mtre Andr\u00e9 Albert Morin, Ad. E. - Barreau de Montr&eacute;al","isPartOf":{"@id":"https:\/\/www.barreaudemontreal.qc.ca\/en\/#website"},"primaryImageOfPage":{"@id":"https:\/\/www.barreaudemontreal.qc.ca\/en\/barreau\/prizes-and-distinctions\/pierre-fournier-prize\/2012-2013-mtre-andre-albert-morin-ad-e\/#primaryimage"},"image":{"@id":"https:\/\/www.barreaudemontreal.qc.ca\/en\/barreau\/prizes-and-distinctions\/pierre-fournier-prize\/2012-2013-mtre-andre-albert-morin-ad-e\/#primaryimage"},"thumbnailUrl":"https:\/\/www.barreaudemontreal.qc.ca\/wp-content\/uploads\/2013-MeriteMorin.jpg","datePublished":"2013-10-02T19:06:13+00:00","dateModified":"2022-12-18T02:31:44+00:00","breadcrumb":{"@id":"https:\/\/www.barreaudemontreal.qc.ca\/en\/barreau\/prizes-and-distinctions\/pierre-fournier-prize\/2012-2013-mtre-andre-albert-morin-ad-e\/#breadcrumb"},"inLanguage":"en-US","potentialAction":[{"@type":"ReadAction","target":["https:\/\/www.barreaudemontreal.qc.ca\/en\/barreau\/prizes-and-distinctions\/pierre-fournier-prize\/2012-2013-mtre-andre-albert-morin-ad-e\/"]}]},{"@type":"ImageObject","inLanguage":"en-US","@id":"https:\/\/www.barreaudemontreal.qc.ca\/en\/barreau\/prizes-and-distinctions\/pierre-fournier-prize\/2012-2013-mtre-andre-albert-morin-ad-e\/#primaryimage","url":"https:\/\/www.barreaudemontreal.qc.ca\/wp-content\/uploads\/2013-MeriteMorin.jpg","contentUrl":"https:\/\/www.barreaudemontreal.qc.ca\/wp-content\/uploads\/2013-MeriteMorin.jpg","width":120,"height":157,"caption":"Me Andr\u00e9 Albert Morin"},{"@type":"BreadcrumbList","@id":"https:\/\/www.barreaudemontreal.qc.ca\/en\/barreau\/prizes-and-distinctions\/pierre-fournier-prize\/2012-2013-mtre-andre-albert-morin-ad-e\/#breadcrumb","itemListElement":[{"@type":"ListItem","position":1,"name":"Home","item":"https:\/\/www.barreaudemontreal.qc.ca\/en\/"},{"@type":"ListItem","position":2,"name":"Barreau","item":"https:\/\/www.barreaudemontreal.qc.ca\/en\/barreau\/"},{"@type":"ListItem","position":3,"name":"Prizes and distinctions","item":"https:\/\/www.barreaudemontreal.qc.ca\/en\/barreau\/prizes-and-distinctions\/"},{"@type":"ListItem","position":4,"name":"Pierre-Fournier Prize","item":"https:\/\/www.barreaudemontreal.qc.ca\/en\/barreau\/prizes-and-distinctions\/pierre-fournier-prize\/"},{"@type":"ListItem","position":5,"name":"2012-2013 \u2013 Mtre Andr\u00e9 Albert Morin, Ad. E."}]},{"@type":"WebSite","@id":"https:\/\/www.barreaudemontreal.qc.ca\/en\/#website","url":"https:\/\/www.barreaudemontreal.qc.ca\/en\/","name":"Barreau de Montr&eacute;al","description":"La plus grande section du Barreau du Qu&eacute;bec","potentialAction":[{"@type":"SearchAction","target":{"@type":"EntryPoint","urlTemplate":"https:\/\/www.barreaudemontreal.qc.ca\/en\/?s={search_term_string}"},"query-input":{"@type":"PropertyValueSpecification","valueRequired":true,"valueName":"search_term_string"}}],"inLanguage":"en-US"}]}},"_links":{"self":[{"href":"https:\/\/www.barreaudemontreal.qc.ca\/en\/wp-json\/wp\/v2\/pages\/1340","targetHints":{"allow":["GET"]}}],"collection":[{"href":"https:\/\/www.barreaudemontreal.qc.ca\/en\/wp-json\/wp\/v2\/pages"}],"about":[{"href":"https:\/\/www.barreaudemontreal.qc.ca\/en\/wp-json\/wp\/v2\/types\/page"}],"author":[{"embeddable":true,"href":"https:\/\/www.barreaudemontreal.qc.ca\/en\/wp-json\/wp\/v2\/users\/30"}],"replies":[{"embeddable":true,"href":"https:\/\/www.barreaudemontreal.qc.ca\/en\/wp-json\/wp\/v2\/comments?post=1340"}],"version-history":[{"count":0,"href":"https:\/\/www.barreaudemontreal.qc.ca\/en\/wp-json\/wp\/v2\/pages\/1340\/revisions"}],"up":[{"embeddable":true,"href":"https:\/\/www.barreaudemontreal.qc.ca\/en\/wp-json\/wp\/v2\/pages\/1077"}],"wp:featuredmedia":[{"embeddable":true,"href":"https:\/\/www.barreaudemontreal.qc.ca\/en\/wp-json\/wp\/v2\/media\/1178"}],"wp:attachment":[{"href":"https:\/\/www.barreaudemontreal.qc.ca\/en\/wp-json\/wp\/v2\/media?parent=1340"}],"curies":[{"name":"wp","href":"https:\/\/api.w.org\/{rel}","templated":true}]}}