{"id":11901,"date":"2022-01-20T10:19:17","date_gmt":"2022-01-20T10:19:17","guid":{"rendered":"http:\/\/barreau.stagingminimalmtl.com\/barreau\/anciens-batonniers\/"},"modified":"2025-05-27T15:52:48","modified_gmt":"2025-05-27T19:52:48","slug":"anciens-batonniers","status":"publish","type":"page","link":"https:\/\/www.barreaudemontreal.qc.ca\/en\/barreau\/gouvernance\/anciens-batonniers\/","title":{"rendered":"The B\u00e2tonni\u00e8re of Montreal"},"content":{"rendered":"\n<div class=\"wp-block-columns is-layout-flex wp-container-core-columns-is-layout-9d6595d7 wp-block-columns-is-layout-flex\">\n<div class=\"wp-block-column is-layout-flow wp-block-column-is-layout-flow\" style=\"flex-basis:33%\">\n<figure class=\"wp-block-image size-full\"><img decoding=\"async\" width=\"1920\" height=\"2560\" src=\"https:\/\/www.barreaudemontreal.qc.ca\/wp-content\/uploads\/b3n_2159_retouche-edited-scaled-1.jpg\" alt=\"\" class=\"wp-image-41985\"\/><\/figure>\n<\/div>\n\n\n\n<div class=\"wp-block-column is-layout-flow wp-block-column-is-layout-flow\" style=\"flex-basis:67%\">\n<h2 class=\"wp-block-heading\">Me Val\u00e9rie Assouline (1998)<\/h2>\n\n\n\n<p>Me Val\u00e9rie Assouline est avocate en pratique priv\u00e9e depuis plus de 25 ans, sp\u00e9cialis\u00e9e en droit de la jeunesse et en droit de la famille. En 2007, elle fonde le cabinet boutique SOS Avocats, qui r\u00e9unit aujourd\u2019hui une \u00e9quipe de cinq avocates d\u00e9di\u00e9es \u00e0 la d\u00e9fense des familles et des enfants. \u00c0 travers sa pratique, elle met un point d\u2019honneur \u00e0 conjuguer rigueur juridique, humanit\u00e9 et engagement social.<\/p>\n\n\n\n<p>M\u00e8re de quatre enfants, Me Assouline s\u2019investit \u00e9galement dans sa communaut\u00e9. Depuis pr\u00e8s de huit ans, elle si\u00e8ge comme conseill\u00e8re municipale \u00e0 Dollard-des-Ormeaux, o\u00f9 elle travaille \u00e0 repr\u00e9senter les citoyens avec d\u00e9vouement et pragmatisme. Son engagement lui a valu la M\u00e9daille du S\u00e9nat, en reconnaissance de sa contribution au mieux-\u00eatre collectif.<\/p>\n\n\n\n<p>Militante engag\u00e9e pour une plus grande place des femmes en politique et dans les instances d\u00e9cisionnelles, Me Assouline s\u2019est aussi impos\u00e9e comme une voix reconnue dans l\u2019espace public. Elle intervient fr\u00e9quemment dans les m\u00e9dias pour commenter les enjeux li\u00e9s aux droits des enfants et \u00e0 la protection de la jeunesse. Sa prestation remarqu\u00e9e devant la Commission Laurent a confirm\u00e9 son r\u00f4le comme actrice de changement dans ce domaine essentiel. \u0152uvrant au sein du Conseil \u00e0 titre de conseill\u00e8re, puis de premi\u00e8re conseill\u00e8re, depuis 2019, elle est \u00e9lue b\u00e2tonni\u00e8re de Montr\u00e9al en mai 2025. Me Assouline aborde ce mandat avec humilit\u00e9 et d\u00e9termination. Elle souhaite placer la bienveillance, l\u2019\u00e9coute et la collaboration au c\u0153ur de ses actions, convaincue qu\u2019un Barreau fort et humain peut contribuer \u00e0 b\u00e2tir une justice plus accessible et plus \u00e9quitable pour tous.<\/p>\n<\/div>\n<\/div>\n\n\n\n<div style=\"height:100px\" aria-hidden=\"true\" class=\"wp-block-spacer\"><\/div>\n\n\n\n<h1 class=\"wp-block-heading\">Former B\u00e2tonniers<\/h1>\n","protected":false},"excerpt":{"rendered":"<p>Me Val\u00e9rie Assouline (1998) Me Val\u00e9rie Assouline est avocate en pratique priv\u00e9e depuis plus de 25 ans, sp\u00e9cialis\u00e9e en droit de la jeunesse et en droit de la famille. En [&hellip;]<\/p>\n","protected":false},"author":21,"featured_media":0,"parent":11914,"menu_order":1,"comment_status":"closed","ping_status":"closed","template":"single-batonniers.php","meta":{"_acf_changed":false,"_editorskit_title_hidden":false,"_editorskit_reading_time":1,"_editorskit_is_block_options_detached":false,"_editorskit_block_options_position":"{}","inline_featured_image":false,"ngg_post_thumbnail":0,"footnotes":""},"class_list":["post-11901","page","type-page","status-publish","hentry"],"acf":[],"yoast_head":"<!-- This site is optimized with the Yoast SEO plugin v27.4 - https:\/\/yoast.com\/product\/yoast-seo-wordpress\/ -->\n<title>Barreau de Montr&eacute;al - The B\u00e2tonni\u00e8re of Montreal<\/title>\n<meta name=\"description\" content=\"Dipl\u00f4m\u00e9e en droit de l\u2019Universit\u00e9 de Montr\u00e9al, Me Mousseau a \u00e9t\u00e9 admise au Barreau en 1994.\" \/>\n<meta name=\"robots\" content=\"index, follow, max-snippet:-1, max-image-preview:large, max-video-preview:-1\" \/>\n<link rel=\"canonical\" href=\"https:\/\/www.barreaudemontreal.qc.ca\/en\/barreau\/gouvernance\/anciens-batonniers\/\" \/>\n<meta property=\"og:locale\" content=\"en_US\" \/>\n<meta property=\"og:type\" content=\"article\" \/>\n<meta property=\"og:title\" content=\"Barreau de Montr&eacute;al - The B\u00e2tonni\u00e8re of Montreal\" \/>\n<meta property=\"og:description\" content=\"Dipl\u00f4m\u00e9e en droit de l\u2019Universit\u00e9 de Montr\u00e9al, Me Mousseau a \u00e9t\u00e9 admise au Barreau en 1994.\" \/>\n<meta property=\"og:url\" content=\"https:\/\/www.barreaudemontreal.qc.ca\/en\/barreau\/gouvernance\/anciens-batonniers\/\" \/>\n<meta property=\"og:site_name\" content=\"Barreau de Montr&eacute;al\" \/>\n<meta property=\"article:modified_time\" content=\"2025-05-27T19:52:48+00:00\" \/>\n<meta property=\"og:image\" content=\"https:\/\/www.barreaudemontreal.qc.ca\/wp-content\/uploads\/b3n_2159_retouche-edited-scaled-1.jpg\" \/>\n\t<meta property=\"og:image:width\" content=\"1920\" \/>\n\t<meta property=\"og:image:height\" content=\"2560\" \/>\n\t<meta property=\"og:image:type\" content=\"image\/jpeg\" \/>\n<meta name=\"twitter:card\" content=\"summary_large_image\" \/>\n<meta name=\"twitter:label1\" content=\"Est. reading time\" \/>\n\t<meta name=\"twitter:data1\" content=\"2 minutes\" \/>\n<script type=\"application\/ld+json\" class=\"yoast-schema-graph\">{\"@context\":\"https:\\\/\\\/schema.org\",\"@graph\":[{\"@type\":\"WebPage\",\"@id\":\"https:\\\/\\\/www.barreaudemontreal.qc.ca\\\/en\\\/barreau\\\/gouvernance\\\/anciens-batonniers\\\/\",\"url\":\"https:\\\/\\\/www.barreaudemontreal.qc.ca\\\/en\\\/barreau\\\/gouvernance\\\/anciens-batonniers\\\/\",\"name\":\"Barreau de Montr&eacute;al - The B\u00e2tonni\u00e8re of Montreal\",\"isPartOf\":{\"@id\":\"https:\\\/\\\/www.barreaudemontreal.qc.ca\\\/en\\\/#website\"},\"primaryImageOfPage\":{\"@id\":\"https:\\\/\\\/www.barreaudemontreal.qc.ca\\\/en\\\/barreau\\\/gouvernance\\\/anciens-batonniers\\\/#primaryimage\"},\"image\":{\"@id\":\"https:\\\/\\\/www.barreaudemontreal.qc.ca\\\/en\\\/barreau\\\/gouvernance\\\/anciens-batonniers\\\/#primaryimage\"},\"thumbnailUrl\":\"https:\\\/\\\/www.barreaudemontreal.qc.ca\\\/wp-content\\\/uploads\\\/b3n_2159_retouche-edited-scaled-1.jpg\",\"datePublished\":\"2022-01-20T10:19:17+00:00\",\"dateModified\":\"2025-05-27T19:52:48+00:00\",\"description\":\"Dipl\u00f4m\u00e9e en droit de l\u2019Universit\u00e9 de Montr\u00e9al, Me Mousseau a \u00e9t\u00e9 admise au Barreau en 1994.\",\"breadcrumb\":{\"@id\":\"https:\\\/\\\/www.barreaudemontreal.qc.ca\\\/en\\\/barreau\\\/gouvernance\\\/anciens-batonniers\\\/#breadcrumb\"},\"inLanguage\":\"en-US\",\"potentialAction\":[{\"@type\":\"ReadAction\",\"target\":[\"https:\\\/\\\/www.barreaudemontreal.qc.ca\\\/en\\\/barreau\\\/gouvernance\\\/anciens-batonniers\\\/\"]}]},{\"@type\":\"ImageObject\",\"inLanguage\":\"en-US\",\"@id\":\"https:\\\/\\\/www.barreaudemontreal.qc.ca\\\/en\\\/barreau\\\/gouvernance\\\/anciens-batonniers\\\/#primaryimage\",\"url\":\"https:\\\/\\\/www.barreaudemontreal.qc.ca\\\/wp-content\\\/uploads\\\/b3n_2159_retouche-edited-scaled-1.jpg\",\"contentUrl\":\"https:\\\/\\\/www.barreaudemontreal.qc.ca\\\/wp-content\\\/uploads\\\/b3n_2159_retouche-edited-scaled-1.jpg\"},{\"@type\":\"BreadcrumbList\",\"@id\":\"https:\\\/\\\/www.barreaudemontreal.qc.ca\\\/en\\\/barreau\\\/gouvernance\\\/anciens-batonniers\\\/#breadcrumb\",\"itemListElement\":[{\"@type\":\"ListItem\",\"position\":1,\"name\":\"Home\",\"item\":\"https:\\\/\\\/www.barreaudemontreal.qc.ca\\\/en\\\/\"},{\"@type\":\"ListItem\",\"position\":2,\"name\":\"Barreau\",\"item\":\"https:\\\/\\\/www.barreaudemontreal.qc.ca\\\/en\\\/barreau\\\/\"},{\"@type\":\"ListItem\",\"position\":3,\"name\":\"Governance\",\"item\":\"https:\\\/\\\/www.barreaudemontreal.qc.ca\\\/en\\\/barreau\\\/gouvernance\\\/\"},{\"@type\":\"ListItem\",\"position\":4,\"name\":\"The B\u00e2tonni\u00e8re of Montreal\"}]},{\"@type\":\"WebSite\",\"@id\":\"https:\\\/\\\/www.barreaudemontreal.qc.ca\\\/en\\\/#website\",\"url\":\"https:\\\/\\\/www.barreaudemontreal.qc.ca\\\/en\\\/\",\"name\":\"Barreau de Montr&eacute;al\",\"description\":\"La plus grande section du Barreau du Qu&eacute;bec\",\"potentialAction\":[{\"@type\":\"SearchAction\",\"target\":{\"@type\":\"EntryPoint\",\"urlTemplate\":\"https:\\\/\\\/www.barreaudemontreal.qc.ca\\\/en\\\/?s={search_term_string}\"},\"query-input\":{\"@type\":\"PropertyValueSpecification\",\"valueRequired\":true,\"valueName\":\"search_term_string\"}}],\"inLanguage\":\"en-US\"}]}<\/script>\n<!-- \/ Yoast SEO plugin. -->","yoast_head_json":{"title":"Barreau de Montr&eacute;al - The B\u00e2tonni\u00e8re of Montreal","description":"Dipl\u00f4m\u00e9e en droit de l\u2019Universit\u00e9 de Montr\u00e9al, Me Mousseau a \u00e9t\u00e9 admise au Barreau en 1994.","robots":{"index":"index","follow":"follow","max-snippet":"max-snippet:-1","max-image-preview":"max-image-preview:large","max-video-preview":"max-video-preview:-1"},"canonical":"https:\/\/www.barreaudemontreal.qc.ca\/en\/barreau\/gouvernance\/anciens-batonniers\/","og_locale":"en_US","og_type":"article","og_title":"Barreau de Montr&eacute;al - The B\u00e2tonni\u00e8re of Montreal","og_description":"Dipl\u00f4m\u00e9e en droit de l\u2019Universit\u00e9 de Montr\u00e9al, Me Mousseau a \u00e9t\u00e9 admise au Barreau en 1994.","og_url":"https:\/\/www.barreaudemontreal.qc.ca\/en\/barreau\/gouvernance\/anciens-batonniers\/","og_site_name":"Barreau de Montr&eacute;al","article_modified_time":"2025-05-27T19:52:48+00:00","og_image":[{"width":1920,"height":2560,"url":"https:\/\/www.barreaudemontreal.qc.ca\/wp-content\/uploads\/b3n_2159_retouche-edited-scaled-1.jpg","type":"image\/jpeg"}],"twitter_card":"summary_large_image","twitter_misc":{"Est. reading time":"2 minutes"},"schema":{"@context":"https:\/\/schema.org","@graph":[{"@type":"WebPage","@id":"https:\/\/www.barreaudemontreal.qc.ca\/en\/barreau\/gouvernance\/anciens-batonniers\/","url":"https:\/\/www.barreaudemontreal.qc.ca\/en\/barreau\/gouvernance\/anciens-batonniers\/","name":"Barreau de Montr&eacute;al - The B\u00e2tonni\u00e8re of Montreal","isPartOf":{"@id":"https:\/\/www.barreaudemontreal.qc.ca\/en\/#website"},"primaryImageOfPage":{"@id":"https:\/\/www.barreaudemontreal.qc.ca\/en\/barreau\/gouvernance\/anciens-batonniers\/#primaryimage"},"image":{"@id":"https:\/\/www.barreaudemontreal.qc.ca\/en\/barreau\/gouvernance\/anciens-batonniers\/#primaryimage"},"thumbnailUrl":"https:\/\/www.barreaudemontreal.qc.ca\/wp-content\/uploads\/b3n_2159_retouche-edited-scaled-1.jpg","datePublished":"2022-01-20T10:19:17+00:00","dateModified":"2025-05-27T19:52:48+00:00","description":"Dipl\u00f4m\u00e9e en droit de l\u2019Universit\u00e9 de Montr\u00e9al, Me Mousseau a \u00e9t\u00e9 admise au Barreau en 1994.","breadcrumb":{"@id":"https:\/\/www.barreaudemontreal.qc.ca\/en\/barreau\/gouvernance\/anciens-batonniers\/#breadcrumb"},"inLanguage":"en-US","potentialAction":[{"@type":"ReadAction","target":["https:\/\/www.barreaudemontreal.qc.ca\/en\/barreau\/gouvernance\/anciens-batonniers\/"]}]},{"@type":"ImageObject","inLanguage":"en-US","@id":"https:\/\/www.barreaudemontreal.qc.ca\/en\/barreau\/gouvernance\/anciens-batonniers\/#primaryimage","url":"https:\/\/www.barreaudemontreal.qc.ca\/wp-content\/uploads\/b3n_2159_retouche-edited-scaled-1.jpg","contentUrl":"https:\/\/www.barreaudemontreal.qc.ca\/wp-content\/uploads\/b3n_2159_retouche-edited-scaled-1.jpg"},{"@type":"BreadcrumbList","@id":"https:\/\/www.barreaudemontreal.qc.ca\/en\/barreau\/gouvernance\/anciens-batonniers\/#breadcrumb","itemListElement":[{"@type":"ListItem","position":1,"name":"Home","item":"https:\/\/www.barreaudemontreal.qc.ca\/en\/"},{"@type":"ListItem","position":2,"name":"Barreau","item":"https:\/\/www.barreaudemontreal.qc.ca\/en\/barreau\/"},{"@type":"ListItem","position":3,"name":"Governance","item":"https:\/\/www.barreaudemontreal.qc.ca\/en\/barreau\/gouvernance\/"},{"@type":"ListItem","position":4,"name":"The B\u00e2tonni\u00e8re of Montreal"}]},{"@type":"WebSite","@id":"https:\/\/www.barreaudemontreal.qc.ca\/en\/#website","url":"https:\/\/www.barreaudemontreal.qc.ca\/en\/","name":"Barreau de Montr&eacute;al","description":"La plus grande section du Barreau du Qu&eacute;bec","potentialAction":[{"@type":"SearchAction","target":{"@type":"EntryPoint","urlTemplate":"https:\/\/www.barreaudemontreal.qc.ca\/en\/?s={search_term_string}"},"query-input":{"@type":"PropertyValueSpecification","valueRequired":true,"valueName":"search_term_string"}}],"inLanguage":"en-US"}]}},"_links":{"self":[{"href":"https:\/\/www.barreaudemontreal.qc.ca\/en\/wp-json\/wp\/v2\/pages\/11901","targetHints":{"allow":["GET"]}}],"collection":[{"href":"https:\/\/www.barreaudemontreal.qc.ca\/en\/wp-json\/wp\/v2\/pages"}],"about":[{"href":"https:\/\/www.barreaudemontreal.qc.ca\/en\/wp-json\/wp\/v2\/types\/page"}],"author":[{"embeddable":true,"href":"https:\/\/www.barreaudemontreal.qc.ca\/en\/wp-json\/wp\/v2\/users\/21"}],"replies":[{"embeddable":true,"href":"https:\/\/www.barreaudemontreal.qc.ca\/en\/wp-json\/wp\/v2\/comments?post=11901"}],"version-history":[{"count":0,"href":"https:\/\/www.barreaudemontreal.qc.ca\/en\/wp-json\/wp\/v2\/pages\/11901\/revisions"}],"up":[{"embeddable":true,"href":"https:\/\/www.barreaudemontreal.qc.ca\/en\/wp-json\/wp\/v2\/pages\/11914"}],"wp:attachment":[{"href":"https:\/\/www.barreaudemontreal.qc.ca\/en\/wp-json\/wp\/v2\/media?parent=11901"}],"curies":[{"name":"wp","href":"https:\/\/api.w.org\/{rel}","templated":true}]}}