{"id":1115,"date":"2013-04-30T15:42:49","date_gmt":"2013-04-30T15:42:49","guid":{"rendered":"http:\/\/barreau.stagingminimalmtl.com\/preparation-hearing\/"},"modified":"2023-01-20T09:42:02","modified_gmt":"2023-01-20T14:42:02","slug":"preparation-hearing","status":"publish","type":"page","link":"https:\/\/www.barreaudemontreal.qc.ca\/en\/public\/services-au-public-en\/preparation-hearing\/","title":{"rendered":"Guides for the public"},"content":{"rendered":"\n<div style=\"height:34px\" aria-hidden=\"true\" class=\"wp-block-spacer\"><\/div>\n\n\n\n<div class=\"wp-block-columns is-layout-flex wp-container-core-columns-is-layout-9d6595d7 wp-block-columns-is-layout-flex\">\n<div class=\"wp-block-column is-layout-flow wp-block-column-is-layout-flow\">\n<div class=\"wp-block-media-text alignwide is-stacked-on-mobile\" style=\"grid-template-columns:22% auto\"><figure class=\"wp-block-media-text__media\"><img decoding=\"async\" width=\"647\" height=\"839\" src=\"https:\/\/www.barreaudemontreal.qc.ca\/wp-content\/uploads\/guidecd2.png\" alt=\"\" class=\"wp-image-24591 size-full\"\/><\/figure><div class=\"wp-block-media-text__content\">\n\n<p>FRENCH VERSION ONLY<\/p>\n<h4>Guide pour les personnes non repr\u00e9sent\u00e9es devant les conseils de discipline<\/h4>\n<p>Ce guide s\u2019adresse aux personnes non repr\u00e9sent\u00e9es devant les conseils de discipline et pr\u00e9sente des renseignements d\u2019ordre g\u00e9n\u00e9ral concernant le processus disciplinaire et les notions de base qui s\u2019y appliquent.<\/p>\n<p><img decoding=\"async\" class=\"alignnone  wp-image-23370\" src=\"https:\/\/www.barreaudemontreal.qc.ca\/wp-content\/uploads\/\/fe_download.svg\" alt=\"\" width=\"28\" height=\"28\"><a href=\"https:\/\/www.barreaudemontreal.qc.ca\/wp-content\/uploads\/guidecd.pdf\" target=\"_blank\" rel=\"noopener\">Consulter le guide<\/a><\/p>\n\n<\/div><\/div>\n<\/div>\n<\/div>\n\n\n\n<div class=\"wp-block-media-text alignwide is-stacked-on-mobile\" style=\"grid-template-columns:22% auto\"><figure class=\"wp-block-media-text__media\"><img decoding=\"async\" width=\"791\" height=\"1024\" src=\"https:\/\/www.barreaudemontreal.qc.ca\/wp-content\/uploads\/\/guideassistancedroitfamille1_an-800px-791x1024.jpg\" alt=\"\" class=\"wp-image-27597 size-full\"\/><\/figure><div class=\"wp-block-media-text__content\">\n<h4>Family Law Self-Help Guide<\/h4>\n<p>This guide is intended to be used as a guide only and is not considered to be a comprehensive legal resource. The information provided does not replace a lawyer\u2019s advice and cannot teach you everything you need to&nbsp;know.<\/p>\n<p><img decoding=\"async\" class=\"alignnone  wp-image-23370\" src=\"https:\/\/www.barreaudemontreal.qc.ca\/wp-content\/uploads\/\/fe_download.svg\" alt=\"\" width=\"28\" height=\"28\">Booklet 1 &#8211; <a href=\"https:\/\/www.barreaudemontreal.qc.ca\/wp-content\/uploads\/guideassistancedroitfamille_1_an-1.pdf\" target=\"_blank\" rel=\"noopener\">Applying for an interim\/safeguard family order<\/a> (2nd edition, March 2017)<\/p>\n<p><img decoding=\"async\" class=\"alignnone  wp-image-23370\" src=\"https:\/\/www.barreaudemontreal.qc.ca\/wp-content\/uploads\/\/fe_download.svg\" alt=\"\" width=\"28\" height=\"28\">Booklet 2 &#8211; <a href=\"https:\/\/www.barreaudemontreal.qc.ca\/wp-content\/uploads\/guideassistancedroitfamille_2_an-1.pdf\" target=\"_blank\" rel=\"noopener\">Opposing an interim\/safeguard family order<\/a> (2nd edition, March 2017)<\/p>\n<\/div><\/div>\n\n\n\n<p><\/p>\n","protected":false},"excerpt":{"rendered":"<pre style=\"text-align: left;\"><span style=\"color: #21326f;\">Le JBM suit avec attention l\u2019\u00e9volution rapide de la situation<br \/>\nconcernant la <strong>COVID-19<\/strong>. <\/p>\n<p>Nous avons pris connaissance des directives formul\u00e9es par<br \/>\nle Gouvernement du Qu\u00e9bec et nous d\u00e9sirons vous partager<br \/>\nles mesures d\u2019exception qui seront prises en ce sens<br \/>\nquant \u00e0 nos Services de pr\u00e9paration \u00e0 une audition. <strong><\/p>\n<p>Les Services de pr\u00e9paration \u00e0 une audition se feront<br \/>\ntemporairement par t\u00e9l\u00e9phone. Veuillez noter que la<br \/>\nprise de rendez-vous demeure obligatoire afin d\u2019obtenir <\/p>\n","protected":false},"author":30,"featured_media":0,"parent":12025,"menu_order":3,"comment_status":"closed","ping_status":"closed","template":"","meta":{"_acf_changed":false,"_editorskit_title_hidden":false,"_editorskit_reading_time":1,"_editorskit_is_block_options_detached":false,"_editorskit_block_options_position":"{}","inline_featured_image":false,"ngg_post_thumbnail":0,"footnotes":""},"class_list":["post-1115","page","type-page","status-publish","hentry"],"acf":[],"yoast_head":"<!-- This site is optimized with the Yoast SEO plugin v27.4 - https:\/\/yoast.com\/product\/yoast-seo-wordpress\/ -->\n<title>Guides for the public - Barreau de Montr&eacute;al<\/title>\n<meta name=\"robots\" content=\"index, follow, max-snippet:-1, max-image-preview:large, max-video-preview:-1\" \/>\n<link rel=\"canonical\" href=\"https:\/\/www.barreaudemontreal.qc.ca\/en\/public\/services-au-public-en\/preparation-hearing\/\" \/>\n<meta property=\"og:locale\" content=\"en_US\" \/>\n<meta property=\"og:type\" content=\"article\" \/>\n<meta property=\"og:title\" content=\"Guides for the public - Barreau de Montr&eacute;al\" \/>\n<meta property=\"og:description\" content=\"Le JBM suit avec attention l\u2019\u00e9volution rapide de la situation  concernant la COVID-19.   Nous avons pris connaissance des directives formul\u00e9es par  le Gouvernement du Qu\u00e9bec et nous d\u00e9sirons vous partager  les mesures d\u2019exception qui seront prises en ce sens  quant \u00e0 nos Services de pr\u00e9paration \u00e0 une audition.   Les Services de pr\u00e9paration \u00e0 une audition se feront  temporairement par t\u00e9l\u00e9phone. Veuillez noter que la  prise de rendez-vous demeure obligatoire afin d\u2019obtenir\" \/>\n<meta property=\"og:url\" content=\"https:\/\/www.barreaudemontreal.qc.ca\/en\/public\/services-au-public-en\/preparation-hearing\/\" \/>\n<meta property=\"og:site_name\" content=\"Barreau de Montr&eacute;al\" \/>\n<meta property=\"article:modified_time\" content=\"2023-01-20T14:42:02+00:00\" \/>\n<meta property=\"og:image\" content=\"https:\/\/www.barreaudemontreal.qc.ca\/wp-content\/uploads\/guidecd2.png\" \/>\n<meta name=\"twitter:card\" content=\"summary_large_image\" \/>\n<meta name=\"twitter:label1\" content=\"Est. reading time\" \/>\n\t<meta name=\"twitter:data1\" content=\"2 minutes\" \/>\n<script type=\"application\/ld+json\" class=\"yoast-schema-graph\">{\"@context\":\"https:\\\/\\\/schema.org\",\"@graph\":[{\"@type\":\"WebPage\",\"@id\":\"https:\\\/\\\/www.barreaudemontreal.qc.ca\\\/en\\\/public\\\/services-au-public-en\\\/preparation-hearing\\\/\",\"url\":\"https:\\\/\\\/www.barreaudemontreal.qc.ca\\\/en\\\/public\\\/services-au-public-en\\\/preparation-hearing\\\/\",\"name\":\"Guides for the public - Barreau de Montr&eacute;al\",\"isPartOf\":{\"@id\":\"https:\\\/\\\/www.barreaudemontreal.qc.ca\\\/en\\\/#website\"},\"primaryImageOfPage\":{\"@id\":\"https:\\\/\\\/www.barreaudemontreal.qc.ca\\\/en\\\/public\\\/services-au-public-en\\\/preparation-hearing\\\/#primaryimage\"},\"image\":{\"@id\":\"https:\\\/\\\/www.barreaudemontreal.qc.ca\\\/en\\\/public\\\/services-au-public-en\\\/preparation-hearing\\\/#primaryimage\"},\"thumbnailUrl\":\"https:\\\/\\\/www.barreaudemontreal.qc.ca\\\/wp-content\\\/uploads\\\/guidecd2.png\",\"datePublished\":\"2013-04-30T15:42:49+00:00\",\"dateModified\":\"2023-01-20T14:42:02+00:00\",\"breadcrumb\":{\"@id\":\"https:\\\/\\\/www.barreaudemontreal.qc.ca\\\/en\\\/public\\\/services-au-public-en\\\/preparation-hearing\\\/#breadcrumb\"},\"inLanguage\":\"en-US\",\"potentialAction\":[{\"@type\":\"ReadAction\",\"target\":[\"https:\\\/\\\/www.barreaudemontreal.qc.ca\\\/en\\\/public\\\/services-au-public-en\\\/preparation-hearing\\\/\"]}]},{\"@type\":\"ImageObject\",\"inLanguage\":\"en-US\",\"@id\":\"https:\\\/\\\/www.barreaudemontreal.qc.ca\\\/en\\\/public\\\/services-au-public-en\\\/preparation-hearing\\\/#primaryimage\",\"url\":\"https:\\\/\\\/www.barreaudemontreal.qc.ca\\\/wp-content\\\/uploads\\\/guidecd2.png\",\"contentUrl\":\"https:\\\/\\\/www.barreaudemontreal.qc.ca\\\/wp-content\\\/uploads\\\/guidecd2.png\"},{\"@type\":\"BreadcrumbList\",\"@id\":\"https:\\\/\\\/www.barreaudemontreal.qc.ca\\\/en\\\/public\\\/services-au-public-en\\\/preparation-hearing\\\/#breadcrumb\",\"itemListElement\":[{\"@type\":\"ListItem\",\"position\":1,\"name\":\"Home\",\"item\":\"https:\\\/\\\/www.barreaudemontreal.qc.ca\\\/en\\\/\"},{\"@type\":\"ListItem\",\"position\":2,\"name\":\"Public\",\"item\":\"https:\\\/\\\/www.barreaudemontreal.qc.ca\\\/en\\\/public\\\/\"},{\"@type\":\"ListItem\",\"position\":3,\"name\":\"Services for the Public\",\"item\":\"https:\\\/\\\/www.barreaudemontreal.qc.ca\\\/en\\\/public\\\/services-au-public-en\\\/\"},{\"@type\":\"ListItem\",\"position\":4,\"name\":\"Guides for the public\"}]},{\"@type\":\"WebSite\",\"@id\":\"https:\\\/\\\/www.barreaudemontreal.qc.ca\\\/en\\\/#website\",\"url\":\"https:\\\/\\\/www.barreaudemontreal.qc.ca\\\/en\\\/\",\"name\":\"Barreau de Montr&eacute;al\",\"description\":\"La plus grande section du Barreau du Qu&eacute;bec\",\"potentialAction\":[{\"@type\":\"SearchAction\",\"target\":{\"@type\":\"EntryPoint\",\"urlTemplate\":\"https:\\\/\\\/www.barreaudemontreal.qc.ca\\\/en\\\/?s={search_term_string}\"},\"query-input\":{\"@type\":\"PropertyValueSpecification\",\"valueRequired\":true,\"valueName\":\"search_term_string\"}}],\"inLanguage\":\"en-US\"}]}<\/script>\n<!-- \/ Yoast SEO plugin. -->","yoast_head_json":{"title":"Guides for the public - Barreau de Montr&eacute;al","robots":{"index":"index","follow":"follow","max-snippet":"max-snippet:-1","max-image-preview":"max-image-preview:large","max-video-preview":"max-video-preview:-1"},"canonical":"https:\/\/www.barreaudemontreal.qc.ca\/en\/public\/services-au-public-en\/preparation-hearing\/","og_locale":"en_US","og_type":"article","og_title":"Guides for the public - Barreau de Montr&eacute;al","og_description":"Le JBM suit avec attention l\u2019\u00e9volution rapide de la situation  concernant la COVID-19.   Nous avons pris connaissance des directives formul\u00e9es par  le Gouvernement du Qu\u00e9bec et nous d\u00e9sirons vous partager  les mesures d\u2019exception qui seront prises en ce sens  quant \u00e0 nos Services de pr\u00e9paration \u00e0 une audition.   Les Services de pr\u00e9paration \u00e0 une audition se feront  temporairement par t\u00e9l\u00e9phone. Veuillez noter que la  prise de rendez-vous demeure obligatoire afin d\u2019obtenir","og_url":"https:\/\/www.barreaudemontreal.qc.ca\/en\/public\/services-au-public-en\/preparation-hearing\/","og_site_name":"Barreau de Montr&eacute;al","article_modified_time":"2023-01-20T14:42:02+00:00","og_image":[{"url":"https:\/\/www.barreaudemontreal.qc.ca\/wp-content\/uploads\/guidecd2.png","type":"","width":"","height":""}],"twitter_card":"summary_large_image","twitter_misc":{"Est. reading time":"2 minutes"},"schema":{"@context":"https:\/\/schema.org","@graph":[{"@type":"WebPage","@id":"https:\/\/www.barreaudemontreal.qc.ca\/en\/public\/services-au-public-en\/preparation-hearing\/","url":"https:\/\/www.barreaudemontreal.qc.ca\/en\/public\/services-au-public-en\/preparation-hearing\/","name":"Guides for the public - Barreau de Montr&eacute;al","isPartOf":{"@id":"https:\/\/www.barreaudemontreal.qc.ca\/en\/#website"},"primaryImageOfPage":{"@id":"https:\/\/www.barreaudemontreal.qc.ca\/en\/public\/services-au-public-en\/preparation-hearing\/#primaryimage"},"image":{"@id":"https:\/\/www.barreaudemontreal.qc.ca\/en\/public\/services-au-public-en\/preparation-hearing\/#primaryimage"},"thumbnailUrl":"https:\/\/www.barreaudemontreal.qc.ca\/wp-content\/uploads\/guidecd2.png","datePublished":"2013-04-30T15:42:49+00:00","dateModified":"2023-01-20T14:42:02+00:00","breadcrumb":{"@id":"https:\/\/www.barreaudemontreal.qc.ca\/en\/public\/services-au-public-en\/preparation-hearing\/#breadcrumb"},"inLanguage":"en-US","potentialAction":[{"@type":"ReadAction","target":["https:\/\/www.barreaudemontreal.qc.ca\/en\/public\/services-au-public-en\/preparation-hearing\/"]}]},{"@type":"ImageObject","inLanguage":"en-US","@id":"https:\/\/www.barreaudemontreal.qc.ca\/en\/public\/services-au-public-en\/preparation-hearing\/#primaryimage","url":"https:\/\/www.barreaudemontreal.qc.ca\/wp-content\/uploads\/guidecd2.png","contentUrl":"https:\/\/www.barreaudemontreal.qc.ca\/wp-content\/uploads\/guidecd2.png"},{"@type":"BreadcrumbList","@id":"https:\/\/www.barreaudemontreal.qc.ca\/en\/public\/services-au-public-en\/preparation-hearing\/#breadcrumb","itemListElement":[{"@type":"ListItem","position":1,"name":"Home","item":"https:\/\/www.barreaudemontreal.qc.ca\/en\/"},{"@type":"ListItem","position":2,"name":"Public","item":"https:\/\/www.barreaudemontreal.qc.ca\/en\/public\/"},{"@type":"ListItem","position":3,"name":"Services for the Public","item":"https:\/\/www.barreaudemontreal.qc.ca\/en\/public\/services-au-public-en\/"},{"@type":"ListItem","position":4,"name":"Guides for the public"}]},{"@type":"WebSite","@id":"https:\/\/www.barreaudemontreal.qc.ca\/en\/#website","url":"https:\/\/www.barreaudemontreal.qc.ca\/en\/","name":"Barreau de Montr&eacute;al","description":"La plus grande section du Barreau du Qu&eacute;bec","potentialAction":[{"@type":"SearchAction","target":{"@type":"EntryPoint","urlTemplate":"https:\/\/www.barreaudemontreal.qc.ca\/en\/?s={search_term_string}"},"query-input":{"@type":"PropertyValueSpecification","valueRequired":true,"valueName":"search_term_string"}}],"inLanguage":"en-US"}]}},"_links":{"self":[{"href":"https:\/\/www.barreaudemontreal.qc.ca\/en\/wp-json\/wp\/v2\/pages\/1115","targetHints":{"allow":["GET"]}}],"collection":[{"href":"https:\/\/www.barreaudemontreal.qc.ca\/en\/wp-json\/wp\/v2\/pages"}],"about":[{"href":"https:\/\/www.barreaudemontreal.qc.ca\/en\/wp-json\/wp\/v2\/types\/page"}],"author":[{"embeddable":true,"href":"https:\/\/www.barreaudemontreal.qc.ca\/en\/wp-json\/wp\/v2\/users\/30"}],"replies":[{"embeddable":true,"href":"https:\/\/www.barreaudemontreal.qc.ca\/en\/wp-json\/wp\/v2\/comments?post=1115"}],"version-history":[{"count":0,"href":"https:\/\/www.barreaudemontreal.qc.ca\/en\/wp-json\/wp\/v2\/pages\/1115\/revisions"}],"up":[{"embeddable":true,"href":"https:\/\/www.barreaudemontreal.qc.ca\/en\/wp-json\/wp\/v2\/pages\/12025"}],"wp:attachment":[{"href":"https:\/\/www.barreaudemontreal.qc.ca\/en\/wp-json\/wp\/v2\/media?parent=1115"}],"curies":[{"name":"wp","href":"https:\/\/api.w.org\/{rel}","templated":true}]}}