{"id":1066,"date":"2013-05-08T18:06:53","date_gmt":"2013-05-08T18:06:53","guid":{"rendered":"http:\/\/barreau.stagingminimalmtl.com\/ca\/"},"modified":"2022-12-17T18:09:51","modified_gmt":"2022-12-17T23:09:51","slug":"ca","status":"publish","type":"page","link":"https:\/\/www.barreaudemontreal.qc.ca\/en\/avocats\/outils\/avocats-de-litige\/ca\/","title":{"rendered":"Cour d&#8217;appel"},"content":{"rendered":"\n<ul class=\"wp-block-list\"><li style=\"text-align: left;\"><span style=\"color: #6a1c34; text-decoration: none;\"><a href=\"https:\/\/www.justice.gouv.qc.ca\/espace-professionnel\/juristes\/sj-1149\/\" target=\"_blank\" rel=\"noopener\">Demande relative \u00e0 un code d&#8217;impliqu\u00e9 permanent (SJ-1149)<\/a> <\/span><\/li><\/ul>\n\n\n\n<hr class=\"wp-block-separator\"\/>\n\n\n\n<h5 class=\"wp-block-heading\">FONTIONNEMENT<\/h5>\n\n\n\n<p><strong>R\u00f4les d&#8217;audience<\/strong><\/p>\n\n\n\n<ul class=\"wp-block-list\"><li style=\"text-align: left;\"><a href=\"https:\/\/courdappelduquebec.ca\/procedures-avis-et-formulaires\/\" target=\"_blank\" rel=\"noopener\">Proc\u00e9dures, avis et formulaires<\/a><\/li><li><a href=\"https:\/\/courdappelduquebec.ca\/greffe-numerique\/\" target=\"_blank\" rel=\"noopener\">Greffe num\u00e9rique<\/a><\/li><\/ul>\n\n\n\n<hr class=\"wp-block-separator\"\/>\n\n\n\n<h5 class=\"wp-block-heading\">D\u00c9ROULEMENT DE L&#8217;INSTANCE<\/h5>\n\n\n\n<p><strong>Aide-m\u00e9moire<\/strong><\/p>\n\n\n\n<ul class=\"wp-block-list\"><li style=\"text-align: left;\"><a class=\"txtnoir\" href=\"http:\/\/courdappelduquebec.ca\/informations-generales\/aide-memoire\/\" target=\"_blank\" rel=\"noopener\">Aide-m\u00e9moire en mati\u00e8re&nbsp;civile et en mati\u00e8re criminelle et p\u00e9nale<\/a><\/li><\/ul>\n\n\n\n<ul class=\"wp-block-list\"><li><a href=\"https:\/\/courdappelduquebec.ca\/informations-generales\/listes-de-controle-pour-le-depot-memoire-expose-requete-cahier-des-sources\/\" target=\"_blank\" rel=\"noopener\" class=\"ek-link\">Listes de contr\u00f4le en mati\u00e8re civile et en mati\u00e8re criminelle<\/a><\/li><\/ul>\n\n\n\n<hr class=\"wp-block-separator\"\/>\n\n\n\n<h5 class=\"wp-block-heading\">DOCUMENTS D&#8217;INT\u00c9R\u00caT<\/h5>\n\n\n\n<div class=\"wp-block-group\"><div class=\"wp-block-group__inner-container is-layout-flow wp-block-group-is-layout-flow\">\n<ul class=\"wp-block-list\"><li><a href=\"https:\/\/courdappelduquebec.ca\/informations-generales\/precis-de-la-reference-juridique-de-la-cour-dappel-du-quebec\/\" target=\"_blank\" rel=\"noopener\" class=\"ek-link\">Pr\u00e9cis de la r\u00e9f\u00e9rence juridique de la Cour d&#8217;appel du Qu\u00e9bec&nbsp;<\/a><\/li><li><a href=\"https:\/\/courdappelduquebec.ca\/informations-generales\/lexique\/\" target=\"_blank\" rel=\"noopener\">Lexique<\/a><\/li><\/ul>\n\n\n\n<p><img decoding=\"async\" class=\"alignnone  wp-image-23369\" src=\"https:\/\/www.barreaudemontreal.qc.ca\/wp-content\/uploads\/icones\/fe_download.svg\" alt=\"\" width=\"28\" height=\"28\"> <a href=\"https:\/\/courdappelduquebec.ca\/fileadmin\/Fichiers_client\/salle_audience_virtuelle\/2022-04-28_Guide_des_meilleurs_pratiques_FR.pdf\" target=\"_blank\" rel=\"noopener\">Audiences virtuelles : Guide des meilleures pratiques<\/a><\/p>\n\n\n\n<p><img decoding=\"async\" width=\"28\" height=\"28\" class=\"alignnone  wp-image-23369\" src=\"https:\/\/www.barreaudemontreal.qc.ca\/wp-content\/uploads\/icones\/fe_download.svg\" alt=\"\"> <a title=\"Colloque20101124_Hilton_2010-11-24\" href=\"https:\/\/www.barreaudemontreal.qc.ca\/wp-content\/uploads\/Hilton_2010-11-24_0.pdf\" target=\"_blank\" rel=\"noopener\" class=\"ek-link\">Allan R. Hilton, <em>Language Rights of Criminal Accused in Canada \u2013 Droits linguistiques des accus\u00e9s au Canada<\/em> &#8211; Conf\u00e9rence donn\u00e9 pour le Barreau de Montr\u00e9al le 24 novembre 2010<\/a><\/p>\n<\/div><\/div>\n\n\n\n<ul class=\"wp-block-list\"><li class=\"link-style\"><a class=\"ek-link\" href=\"https:\/\/courdappelduquebec.ca\/informations-generales\/precis-de-la-reference-juridique-de-la-cour-dappel-du-quebec\/\" target=\"_blank\" rel=\"noopener\">Pr\u00e9cis de la r\u00e9f\u00e9rence juridique de la Cour d&#8217;appel du Qu\u00e9bec&nbsp;<\/a><\/li><li><a href=\"https:\/\/courdappelduquebec.ca\/informations-generales\/lexique\/\" target=\"_blank\" rel=\"noopener\">Lexique<\/a><\/li><li class=\"icone-pdf\"><a href=\"https:\/\/courdappelduquebec.ca\/fileadmin\/Fichiers_client\/salle_audience_virtuelle\/2022-04-28_Guide_des_meilleurs_pratiques_FR.pdf\" target=\"_blank\" rel=\"noopener\">Audiences virtuelles : Guide des meilleures pratiques<\/a><\/li><li class=\"icone-pdf\"><a class=\"ek-link\" style=\"font-size: revert;\" title=\"Colloque20101124_Hilton_2010-11-24\" href=\"https:\/\/www.barreaudemontreal.qc.ca\/wp-content\/uploads\/Hilton_2010-11-24_0.pdf\" target=\"_blank\" rel=\"noopener\">Allan R. Hilton, <em>Language Rights of Criminal Accused in Canada \u2013 Droits linguistiques des accus\u00e9s au Canada<\/em> &#8211; Conf\u00e9rence donn\u00e9 pour le Barreau de Montr\u00e9al le 24 novembre 2010<\/a><\/li><\/ul>\n","protected":false},"excerpt":{"rendered":"<p>&nbsp;<\/p>\n","protected":false},"author":30,"featured_media":0,"parent":144,"menu_order":0,"comment_status":"closed","ping_status":"closed","template":"","meta":{"_acf_changed":false,"_editorskit_title_hidden":false,"_editorskit_reading_time":1,"_editorskit_is_block_options_detached":false,"_editorskit_block_options_position":"{}","inline_featured_image":false,"ngg_post_thumbnail":0,"footnotes":""},"class_list":["post-1066","page","type-page","status-publish","hentry"],"acf":[],"yoast_head":"<!-- This site is optimized with the Yoast SEO plugin v27.4 - https:\/\/yoast.com\/product\/yoast-seo-wordpress\/ -->\n<title>Cour d&#039;appel - Barreau de Montr&eacute;al<\/title>\n<meta name=\"robots\" content=\"index, follow, max-snippet:-1, max-image-preview:large, max-video-preview:-1\" \/>\n<link rel=\"canonical\" href=\"https:\/\/www.barreaudemontreal.qc.ca\/en\/avocats\/outils\/avocats-de-litige\/ca\/\" \/>\n<meta property=\"og:locale\" content=\"en_US\" \/>\n<meta property=\"og:type\" content=\"article\" \/>\n<meta property=\"og:title\" content=\"Cour d&#039;appel - Barreau de Montr&eacute;al\" \/>\n<meta property=\"og:description\" content=\"&nbsp;\" \/>\n<meta property=\"og:url\" content=\"https:\/\/www.barreaudemontreal.qc.ca\/en\/avocats\/outils\/avocats-de-litige\/ca\/\" \/>\n<meta property=\"og:site_name\" content=\"Barreau de Montr&eacute;al\" \/>\n<meta property=\"article:modified_time\" content=\"2022-12-17T23:09:51+00:00\" \/>\n<meta property=\"og:image\" content=\"https:\/\/www.barreaudemontreal.qc.ca\/wp-content\/uploads\/pdfdynamique_0.png\" \/>\n\t<meta property=\"og:image:width\" content=\"81\" \/>\n\t<meta property=\"og:image:height\" content=\"17\" \/>\n\t<meta property=\"og:image:type\" content=\"image\/png\" \/>\n<meta name=\"twitter:card\" content=\"summary_large_image\" \/>\n<meta name=\"twitter:label1\" content=\"Est. reading time\" \/>\n\t<meta name=\"twitter:data1\" content=\"2 minutes\" \/>\n<script type=\"application\/ld+json\" class=\"yoast-schema-graph\">{\"@context\":\"https:\\\/\\\/schema.org\",\"@graph\":[{\"@type\":\"WebPage\",\"@id\":\"https:\\\/\\\/www.barreaudemontreal.qc.ca\\\/en\\\/avocats\\\/outils\\\/avocats-de-litige\\\/ca\\\/\",\"url\":\"https:\\\/\\\/www.barreaudemontreal.qc.ca\\\/en\\\/avocats\\\/outils\\\/avocats-de-litige\\\/ca\\\/\",\"name\":\"Cour d'appel - Barreau de Montr&eacute;al\",\"isPartOf\":{\"@id\":\"https:\\\/\\\/www.barreaudemontreal.qc.ca\\\/en\\\/#website\"},\"primaryImageOfPage\":{\"@id\":\"https:\\\/\\\/www.barreaudemontreal.qc.ca\\\/en\\\/avocats\\\/outils\\\/avocats-de-litige\\\/ca\\\/#primaryimage\"},\"image\":{\"@id\":\"https:\\\/\\\/www.barreaudemontreal.qc.ca\\\/en\\\/avocats\\\/outils\\\/avocats-de-litige\\\/ca\\\/#primaryimage\"},\"thumbnailUrl\":\"https:\\\/\\\/www.barreaudemontreal.qc.ca\\\/wp-content\\\/uploads\\\/icones\\\/fe_download.svg\",\"datePublished\":\"2013-05-08T18:06:53+00:00\",\"dateModified\":\"2022-12-17T23:09:51+00:00\",\"breadcrumb\":{\"@id\":\"https:\\\/\\\/www.barreaudemontreal.qc.ca\\\/en\\\/avocats\\\/outils\\\/avocats-de-litige\\\/ca\\\/#breadcrumb\"},\"inLanguage\":\"en-US\",\"potentialAction\":[{\"@type\":\"ReadAction\",\"target\":[\"https:\\\/\\\/www.barreaudemontreal.qc.ca\\\/en\\\/avocats\\\/outils\\\/avocats-de-litige\\\/ca\\\/\"]}]},{\"@type\":\"ImageObject\",\"inLanguage\":\"en-US\",\"@id\":\"https:\\\/\\\/www.barreaudemontreal.qc.ca\\\/en\\\/avocats\\\/outils\\\/avocats-de-litige\\\/ca\\\/#primaryimage\",\"url\":\"https:\\\/\\\/www.barreaudemontreal.qc.ca\\\/wp-content\\\/uploads\\\/icones\\\/fe_download.svg\",\"contentUrl\":\"https:\\\/\\\/www.barreaudemontreal.qc.ca\\\/wp-content\\\/uploads\\\/icones\\\/fe_download.svg\"},{\"@type\":\"BreadcrumbList\",\"@id\":\"https:\\\/\\\/www.barreaudemontreal.qc.ca\\\/en\\\/avocats\\\/outils\\\/avocats-de-litige\\\/ca\\\/#breadcrumb\",\"itemListElement\":[{\"@type\":\"ListItem\",\"position\":1,\"name\":\"Home\",\"item\":\"https:\\\/\\\/www.barreaudemontreal.qc.ca\\\/en\\\/\"},{\"@type\":\"ListItem\",\"position\":2,\"name\":\"Avocats\",\"item\":\"https:\\\/\\\/www.barreaudemontreal.qc.ca\\\/en\\\/avocats\\\/\"},{\"@type\":\"ListItem\",\"position\":3,\"name\":\"Outils\",\"item\":\"https:\\\/\\\/www.barreaudemontreal.qc.ca\\\/en\\\/avocats\\\/outils\\\/\"},{\"@type\":\"ListItem\",\"position\":4,\"name\":\"Avocats de litige\",\"item\":\"https:\\\/\\\/www.barreaudemontreal.qc.ca\\\/en\\\/avocats\\\/outils\\\/avocats-de-litige\\\/\"},{\"@type\":\"ListItem\",\"position\":5,\"name\":\"Cour d&#8217;appel\"}]},{\"@type\":\"WebSite\",\"@id\":\"https:\\\/\\\/www.barreaudemontreal.qc.ca\\\/en\\\/#website\",\"url\":\"https:\\\/\\\/www.barreaudemontreal.qc.ca\\\/en\\\/\",\"name\":\"Barreau de Montr&eacute;al\",\"description\":\"La plus grande section du Barreau du Qu&eacute;bec\",\"potentialAction\":[{\"@type\":\"SearchAction\",\"target\":{\"@type\":\"EntryPoint\",\"urlTemplate\":\"https:\\\/\\\/www.barreaudemontreal.qc.ca\\\/en\\\/?s={search_term_string}\"},\"query-input\":{\"@type\":\"PropertyValueSpecification\",\"valueRequired\":true,\"valueName\":\"search_term_string\"}}],\"inLanguage\":\"en-US\"}]}<\/script>\n<!-- \/ Yoast SEO plugin. -->","yoast_head_json":{"title":"Cour d'appel - Barreau de Montr&eacute;al","robots":{"index":"index","follow":"follow","max-snippet":"max-snippet:-1","max-image-preview":"max-image-preview:large","max-video-preview":"max-video-preview:-1"},"canonical":"https:\/\/www.barreaudemontreal.qc.ca\/en\/avocats\/outils\/avocats-de-litige\/ca\/","og_locale":"en_US","og_type":"article","og_title":"Cour d'appel - Barreau de Montr&eacute;al","og_description":"&nbsp;","og_url":"https:\/\/www.barreaudemontreal.qc.ca\/en\/avocats\/outils\/avocats-de-litige\/ca\/","og_site_name":"Barreau de Montr&eacute;al","article_modified_time":"2022-12-17T23:09:51+00:00","og_image":[{"width":81,"height":17,"url":"https:\/\/www.barreaudemontreal.qc.ca\/wp-content\/uploads\/pdfdynamique_0.png","type":"image\/png"}],"twitter_card":"summary_large_image","twitter_misc":{"Est. reading time":"2 minutes"},"schema":{"@context":"https:\/\/schema.org","@graph":[{"@type":"WebPage","@id":"https:\/\/www.barreaudemontreal.qc.ca\/en\/avocats\/outils\/avocats-de-litige\/ca\/","url":"https:\/\/www.barreaudemontreal.qc.ca\/en\/avocats\/outils\/avocats-de-litige\/ca\/","name":"Cour d'appel - Barreau de Montr&eacute;al","isPartOf":{"@id":"https:\/\/www.barreaudemontreal.qc.ca\/en\/#website"},"primaryImageOfPage":{"@id":"https:\/\/www.barreaudemontreal.qc.ca\/en\/avocats\/outils\/avocats-de-litige\/ca\/#primaryimage"},"image":{"@id":"https:\/\/www.barreaudemontreal.qc.ca\/en\/avocats\/outils\/avocats-de-litige\/ca\/#primaryimage"},"thumbnailUrl":"https:\/\/www.barreaudemontreal.qc.ca\/wp-content\/uploads\/icones\/fe_download.svg","datePublished":"2013-05-08T18:06:53+00:00","dateModified":"2022-12-17T23:09:51+00:00","breadcrumb":{"@id":"https:\/\/www.barreaudemontreal.qc.ca\/en\/avocats\/outils\/avocats-de-litige\/ca\/#breadcrumb"},"inLanguage":"en-US","potentialAction":[{"@type":"ReadAction","target":["https:\/\/www.barreaudemontreal.qc.ca\/en\/avocats\/outils\/avocats-de-litige\/ca\/"]}]},{"@type":"ImageObject","inLanguage":"en-US","@id":"https:\/\/www.barreaudemontreal.qc.ca\/en\/avocats\/outils\/avocats-de-litige\/ca\/#primaryimage","url":"https:\/\/www.barreaudemontreal.qc.ca\/wp-content\/uploads\/icones\/fe_download.svg","contentUrl":"https:\/\/www.barreaudemontreal.qc.ca\/wp-content\/uploads\/icones\/fe_download.svg"},{"@type":"BreadcrumbList","@id":"https:\/\/www.barreaudemontreal.qc.ca\/en\/avocats\/outils\/avocats-de-litige\/ca\/#breadcrumb","itemListElement":[{"@type":"ListItem","position":1,"name":"Home","item":"https:\/\/www.barreaudemontreal.qc.ca\/en\/"},{"@type":"ListItem","position":2,"name":"Avocats","item":"https:\/\/www.barreaudemontreal.qc.ca\/en\/avocats\/"},{"@type":"ListItem","position":3,"name":"Outils","item":"https:\/\/www.barreaudemontreal.qc.ca\/en\/avocats\/outils\/"},{"@type":"ListItem","position":4,"name":"Avocats de litige","item":"https:\/\/www.barreaudemontreal.qc.ca\/en\/avocats\/outils\/avocats-de-litige\/"},{"@type":"ListItem","position":5,"name":"Cour d&#8217;appel"}]},{"@type":"WebSite","@id":"https:\/\/www.barreaudemontreal.qc.ca\/en\/#website","url":"https:\/\/www.barreaudemontreal.qc.ca\/en\/","name":"Barreau de Montr&eacute;al","description":"La plus grande section du Barreau du Qu&eacute;bec","potentialAction":[{"@type":"SearchAction","target":{"@type":"EntryPoint","urlTemplate":"https:\/\/www.barreaudemontreal.qc.ca\/en\/?s={search_term_string}"},"query-input":{"@type":"PropertyValueSpecification","valueRequired":true,"valueName":"search_term_string"}}],"inLanguage":"en-US"}]}},"_links":{"self":[{"href":"https:\/\/www.barreaudemontreal.qc.ca\/en\/wp-json\/wp\/v2\/pages\/1066","targetHints":{"allow":["GET"]}}],"collection":[{"href":"https:\/\/www.barreaudemontreal.qc.ca\/en\/wp-json\/wp\/v2\/pages"}],"about":[{"href":"https:\/\/www.barreaudemontreal.qc.ca\/en\/wp-json\/wp\/v2\/types\/page"}],"author":[{"embeddable":true,"href":"https:\/\/www.barreaudemontreal.qc.ca\/en\/wp-json\/wp\/v2\/users\/30"}],"replies":[{"embeddable":true,"href":"https:\/\/www.barreaudemontreal.qc.ca\/en\/wp-json\/wp\/v2\/comments?post=1066"}],"version-history":[{"count":0,"href":"https:\/\/www.barreaudemontreal.qc.ca\/en\/wp-json\/wp\/v2\/pages\/1066\/revisions"}],"up":[{"embeddable":true,"href":"https:\/\/www.barreaudemontreal.qc.ca\/en\/wp-json\/wp\/v2\/pages\/144"}],"wp:attachment":[{"href":"https:\/\/www.barreaudemontreal.qc.ca\/en\/wp-json\/wp\/v2\/media?parent=1066"}],"curies":[{"name":"wp","href":"https:\/\/api.w.org\/{rel}","templated":true}]}}