{"id":1008,"date":"2013-05-08T20:12:20","date_gmt":"2013-05-08T20:12:20","guid":{"rendered":"http:\/\/barreau.stagingminimalmtl.com\/cs-civ\/"},"modified":"2023-02-10T11:10:24","modified_gmt":"2023-02-10T16:10:24","slug":"cs-civ","status":"publish","type":"page","link":"https:\/\/www.barreaudemontreal.qc.ca\/en\/avocats\/outils\/avocats-de-litige\/cs-civ\/","title":{"rendered":"Cour sup\u00e9rieure &#8211; Mati\u00e8re civile"},"content":{"rendered":"\n<div class=\"wp-block-columns is-layout-flex wp-container-core-columns-is-layout-9d6595d7 wp-block-columns-is-layout-flex\">\n<div class=\"wp-block-column is-layout-flow wp-block-column-is-layout-flow\" style=\"flex-basis:66.66%\">\n<ul class=\"wp-block-list\">\n<li><span style=\"text-decoration: none;\"><a href=\"http:\/\/roles.tribunaux.qc.ca\/\" target=\"_blank\" rel=\"noopener\" class=\"ek-link\"><span style=\"text-decoration: none;\">R\u00f4les d\u2019audience<\/span><\/a><span style=\"text-decoration: none;\"> (Tribunaux judiciaires du Qu\u00e9bec)<\/span><\/span><\/li>\n\n\n\n<li><span style=\"color: #6a1c34;\"><a href=\"https:\/\/www.justice.gouv.qc.ca\/espace-professionnel\/juristes\/sj-1149\/\" target=\"_blank\" aria-label=\" (opens in a new tab)\" rel=\"noreferrer noopener\" class=\"ek-link\">Demande relative \u00e0 un code d&#8217;impliqu\u00e9 permanent (SJ-1149)<\/a><\/span><\/li>\n<\/ul>\n\n\n\n<hr class=\"wp-block-separator has-css-opacity\"\/>\n\n\n\n<h5 class=\"wp-block-heading\">FONCTIONNEMENT<\/h5>\n\n\n\n<ul class=\"wp-block-list\">\n<li><a href=\"https:\/\/coursuperieureduquebec.ca\/division-de-montreal\/directives-et-annexes-en-vigueur-le-1er-janvier-2023\" target=\"_blank\" rel=\"noreferrer noopener\" class=\"ek-link\">Directives de la Cour sup\u00e9rieure pour la division de Montr\u00e9al<\/a> (1<sup>er<\/sup> janvier 2023)<\/li>\n\n\n\n<li><a href=\"https:\/\/coursuperieureduquebec.ca\/fileadmin\/cour-superieure\/Districts_judiciaires\/Montreal\/Directives_et_Annexes_Montreal_1er_janvier_2023\/Directives_du_district_de_Montreal_1er_janvier_2023.pdf\" target=\"_blank\" rel=\"noreferrer noopener\" class=\"ek-link\">Directives de la Cour sup\u00e9rieure pour le district de Montr\u00e9al<\/a> (1<sup>er<\/sup> janvier 2023)<\/li>\n\n\n\n<li><a aria-label=\" (opens in a new tab)\" href=\"https:\/\/coursuperieureduquebec.ca\/fileadmin\/user_upload\/Directives_du_District_de_Montreal.pdf\" target=\"_blank\" rel=\"noreferrer noopener\" class=\"ek-link\">Page incluant tous les renseignements concernant les modalit\u00e9s de fonctionnement dans le District de Montr\u00e9al (incluant les avis, communiqu\u00e9s et formulaires)<\/a><\/li>\n<\/ul>\n\n\n\n<hr class=\"wp-block-separator has-css-opacity\"\/>\n\n\n\n<h5 class=\"wp-block-heading\">DEMANDES D&#8217;AUTORISATION DE SOINS<\/h5>\n\n\n\n<ul class=\"wp-block-list\">\n<li><a href=\"https:\/\/coursuperieureduquebec.ca\/fileadmin\/cour-superieure\/Communiques_et_Directives\/Montreal\/2022-05-16_Directive_Demande_autorisation_de_soins.pdf\" target=\"_blank\" aria-label=\" (opens in a new tab)\" rel=\"noreferrer noopener\" class=\"ek-link\">Directive du Juge en chef<\/a> (16 mai 2022)<\/li>\n\n\n\n<li><a aria-label=\" (opens in a new tab)\" href=\"https:\/\/coursuperieureduquebec.ca\/fileadmin\/cour-superieure\/Communiques_et_Directives\/Montreal\/Avis_aux_membres_demande_de_soins_2022-05-20.pdf\" target=\"_blank\" rel=\"noreferrer noopener\" class=\"ek-link\">Avis du 20 mai 2022 modifiant le Communiqu\u00e9 r\u00e9vis\u00e9 du 26 f\u00e9vrier 2021 &#8211; Demande d&#8217;autorisation de soins <\/a><\/li>\n\n\n\n<li><a href=\"https:\/\/coursuperieureduquebec.ca\/fileadmin\/cour-superieure\/Formulaires\/Demande_pour_autorisation_de_soins_formulaire.docx\" target=\"_blank\" aria-label=\" (opens in a new tab)\" rel=\"noreferrer noopener\" class=\"ek-link\">Formulaire \u2013 Demande pour autoriser des soins<\/a><\/li>\n<\/ul>\n\n\n\n<p><\/p>\n\n\n\n<p><\/p>\n<\/div>\n\n\n\n<div class=\"wp-block-column is-layout-flow wp-block-column-is-layout-flow\" style=\"flex-basis:33.33%\">\n<div class=\"whiteBox textBoxNew textBoxNew\" id=\"textBoxNew-block_8225bd5aed01905d626586d4c2604386\">\n\n<h5>Site Web de la<br \/>\nCour sup\u00e9rieure<\/h5>\n<p><a href=\"https:\/\/coursuperieureduquebec.ca\/\" target=\"_blank\" rel=\"noopener\">coursuperieureduquebec.ca<\/a><\/p>\n<h5>D\u00e9p\u00f4t \u00e9lectronique<br \/>\n(certaines proc\u00e9dures)<\/h5>\n<p><a href=\"https:\/\/lexius-gnjq.justice.gouv.qc.ca\/fr\/Accueil\" target=\"_blank\" rel=\"noopener\">Greffe num\u00e9rique judiciaire du Qu\u00e9bec<\/a><\/p>\n<\/div><\/div>\n<\/div>\n","protected":false},"excerpt":{"rendered":"<p>&nbsp;<\/p>\n","protected":false},"author":30,"featured_media":0,"parent":144,"menu_order":5,"comment_status":"closed","ping_status":"closed","template":"","meta":{"_acf_changed":false,"_editorskit_title_hidden":false,"_editorskit_reading_time":1,"_editorskit_is_block_options_detached":false,"_editorskit_block_options_position":"{}","inline_featured_image":false,"ngg_post_thumbnail":0,"footnotes":""},"class_list":["post-1008","page","type-page","status-publish","hentry"],"acf":[],"yoast_head":"<!-- This site is optimized with the Yoast SEO plugin v27.4 - https:\/\/yoast.com\/product\/yoast-seo-wordpress\/ -->\n<title>Cour sup\u00e9rieure - Mati\u00e8re civile - Barreau de Montr&eacute;al<\/title>\n<meta name=\"robots\" content=\"index, follow, max-snippet:-1, max-image-preview:large, max-video-preview:-1\" \/>\n<link rel=\"canonical\" href=\"https:\/\/www.barreaudemontreal.qc.ca\/en\/avocats\/outils\/avocats-de-litige\/cs-civ\/\" \/>\n<meta property=\"og:locale\" content=\"en_US\" \/>\n<meta property=\"og:type\" content=\"article\" \/>\n<meta property=\"og:title\" content=\"Cour sup\u00e9rieure - Mati\u00e8re civile - Barreau de Montr&eacute;al\" \/>\n<meta property=\"og:description\" content=\"&nbsp;\" \/>\n<meta property=\"og:url\" content=\"https:\/\/www.barreaudemontreal.qc.ca\/en\/avocats\/outils\/avocats-de-litige\/cs-civ\/\" \/>\n<meta property=\"og:site_name\" content=\"Barreau de Montr&eacute;al\" \/>\n<meta property=\"article:modified_time\" content=\"2023-02-10T16:10:24+00:00\" \/>\n<meta name=\"twitter:card\" content=\"summary_large_image\" \/>\n<meta name=\"twitter:label1\" content=\"Est. reading time\" \/>\n\t<meta name=\"twitter:data1\" content=\"1 minute\" \/>\n<script type=\"application\/ld+json\" class=\"yoast-schema-graph\">{\"@context\":\"https:\\\/\\\/schema.org\",\"@graph\":[{\"@type\":\"WebPage\",\"@id\":\"https:\\\/\\\/www.barreaudemontreal.qc.ca\\\/en\\\/avocats\\\/outils\\\/avocats-de-litige\\\/cs-civ\\\/\",\"url\":\"https:\\\/\\\/www.barreaudemontreal.qc.ca\\\/en\\\/avocats\\\/outils\\\/avocats-de-litige\\\/cs-civ\\\/\",\"name\":\"Cour sup\u00e9rieure - Mati\u00e8re civile - Barreau de Montr&eacute;al\",\"isPartOf\":{\"@id\":\"https:\\\/\\\/www.barreaudemontreal.qc.ca\\\/en\\\/#website\"},\"datePublished\":\"2013-05-08T20:12:20+00:00\",\"dateModified\":\"2023-02-10T16:10:24+00:00\",\"breadcrumb\":{\"@id\":\"https:\\\/\\\/www.barreaudemontreal.qc.ca\\\/en\\\/avocats\\\/outils\\\/avocats-de-litige\\\/cs-civ\\\/#breadcrumb\"},\"inLanguage\":\"en-US\",\"potentialAction\":[{\"@type\":\"ReadAction\",\"target\":[\"https:\\\/\\\/www.barreaudemontreal.qc.ca\\\/en\\\/avocats\\\/outils\\\/avocats-de-litige\\\/cs-civ\\\/\"]}]},{\"@type\":\"BreadcrumbList\",\"@id\":\"https:\\\/\\\/www.barreaudemontreal.qc.ca\\\/en\\\/avocats\\\/outils\\\/avocats-de-litige\\\/cs-civ\\\/#breadcrumb\",\"itemListElement\":[{\"@type\":\"ListItem\",\"position\":1,\"name\":\"Home\",\"item\":\"https:\\\/\\\/www.barreaudemontreal.qc.ca\\\/en\\\/\"},{\"@type\":\"ListItem\",\"position\":2,\"name\":\"Avocats\",\"item\":\"https:\\\/\\\/www.barreaudemontreal.qc.ca\\\/en\\\/avocats\\\/\"},{\"@type\":\"ListItem\",\"position\":3,\"name\":\"Outils\",\"item\":\"https:\\\/\\\/www.barreaudemontreal.qc.ca\\\/en\\\/avocats\\\/outils\\\/\"},{\"@type\":\"ListItem\",\"position\":4,\"name\":\"Avocats de litige\",\"item\":\"https:\\\/\\\/www.barreaudemontreal.qc.ca\\\/en\\\/avocats\\\/outils\\\/avocats-de-litige\\\/\"},{\"@type\":\"ListItem\",\"position\":5,\"name\":\"Cour sup\u00e9rieure &#8211; Mati\u00e8re civile\"}]},{\"@type\":\"WebSite\",\"@id\":\"https:\\\/\\\/www.barreaudemontreal.qc.ca\\\/en\\\/#website\",\"url\":\"https:\\\/\\\/www.barreaudemontreal.qc.ca\\\/en\\\/\",\"name\":\"Barreau de Montr&eacute;al\",\"description\":\"La plus grande section du Barreau du Qu&eacute;bec\",\"potentialAction\":[{\"@type\":\"SearchAction\",\"target\":{\"@type\":\"EntryPoint\",\"urlTemplate\":\"https:\\\/\\\/www.barreaudemontreal.qc.ca\\\/en\\\/?s={search_term_string}\"},\"query-input\":{\"@type\":\"PropertyValueSpecification\",\"valueRequired\":true,\"valueName\":\"search_term_string\"}}],\"inLanguage\":\"en-US\"}]}<\/script>\n<!-- \/ Yoast SEO plugin. -->","yoast_head_json":{"title":"Cour sup\u00e9rieure - Mati\u00e8re civile - Barreau de Montr&eacute;al","robots":{"index":"index","follow":"follow","max-snippet":"max-snippet:-1","max-image-preview":"max-image-preview:large","max-video-preview":"max-video-preview:-1"},"canonical":"https:\/\/www.barreaudemontreal.qc.ca\/en\/avocats\/outils\/avocats-de-litige\/cs-civ\/","og_locale":"en_US","og_type":"article","og_title":"Cour sup\u00e9rieure - Mati\u00e8re civile - Barreau de Montr&eacute;al","og_description":"&nbsp;","og_url":"https:\/\/www.barreaudemontreal.qc.ca\/en\/avocats\/outils\/avocats-de-litige\/cs-civ\/","og_site_name":"Barreau de Montr&eacute;al","article_modified_time":"2023-02-10T16:10:24+00:00","twitter_card":"summary_large_image","twitter_misc":{"Est. reading time":"1 minute"},"schema":{"@context":"https:\/\/schema.org","@graph":[{"@type":"WebPage","@id":"https:\/\/www.barreaudemontreal.qc.ca\/en\/avocats\/outils\/avocats-de-litige\/cs-civ\/","url":"https:\/\/www.barreaudemontreal.qc.ca\/en\/avocats\/outils\/avocats-de-litige\/cs-civ\/","name":"Cour sup\u00e9rieure - Mati\u00e8re civile - Barreau de Montr&eacute;al","isPartOf":{"@id":"https:\/\/www.barreaudemontreal.qc.ca\/en\/#website"},"datePublished":"2013-05-08T20:12:20+00:00","dateModified":"2023-02-10T16:10:24+00:00","breadcrumb":{"@id":"https:\/\/www.barreaudemontreal.qc.ca\/en\/avocats\/outils\/avocats-de-litige\/cs-civ\/#breadcrumb"},"inLanguage":"en-US","potentialAction":[{"@type":"ReadAction","target":["https:\/\/www.barreaudemontreal.qc.ca\/en\/avocats\/outils\/avocats-de-litige\/cs-civ\/"]}]},{"@type":"BreadcrumbList","@id":"https:\/\/www.barreaudemontreal.qc.ca\/en\/avocats\/outils\/avocats-de-litige\/cs-civ\/#breadcrumb","itemListElement":[{"@type":"ListItem","position":1,"name":"Home","item":"https:\/\/www.barreaudemontreal.qc.ca\/en\/"},{"@type":"ListItem","position":2,"name":"Avocats","item":"https:\/\/www.barreaudemontreal.qc.ca\/en\/avocats\/"},{"@type":"ListItem","position":3,"name":"Outils","item":"https:\/\/www.barreaudemontreal.qc.ca\/en\/avocats\/outils\/"},{"@type":"ListItem","position":4,"name":"Avocats de litige","item":"https:\/\/www.barreaudemontreal.qc.ca\/en\/avocats\/outils\/avocats-de-litige\/"},{"@type":"ListItem","position":5,"name":"Cour sup\u00e9rieure &#8211; Mati\u00e8re civile"}]},{"@type":"WebSite","@id":"https:\/\/www.barreaudemontreal.qc.ca\/en\/#website","url":"https:\/\/www.barreaudemontreal.qc.ca\/en\/","name":"Barreau de Montr&eacute;al","description":"La plus grande section du Barreau du Qu&eacute;bec","potentialAction":[{"@type":"SearchAction","target":{"@type":"EntryPoint","urlTemplate":"https:\/\/www.barreaudemontreal.qc.ca\/en\/?s={search_term_string}"},"query-input":{"@type":"PropertyValueSpecification","valueRequired":true,"valueName":"search_term_string"}}],"inLanguage":"en-US"}]}},"_links":{"self":[{"href":"https:\/\/www.barreaudemontreal.qc.ca\/en\/wp-json\/wp\/v2\/pages\/1008","targetHints":{"allow":["GET"]}}],"collection":[{"href":"https:\/\/www.barreaudemontreal.qc.ca\/en\/wp-json\/wp\/v2\/pages"}],"about":[{"href":"https:\/\/www.barreaudemontreal.qc.ca\/en\/wp-json\/wp\/v2\/types\/page"}],"author":[{"embeddable":true,"href":"https:\/\/www.barreaudemontreal.qc.ca\/en\/wp-json\/wp\/v2\/users\/30"}],"replies":[{"embeddable":true,"href":"https:\/\/www.barreaudemontreal.qc.ca\/en\/wp-json\/wp\/v2\/comments?post=1008"}],"version-history":[{"count":0,"href":"https:\/\/www.barreaudemontreal.qc.ca\/en\/wp-json\/wp\/v2\/pages\/1008\/revisions"}],"up":[{"embeddable":true,"href":"https:\/\/www.barreaudemontreal.qc.ca\/en\/wp-json\/wp\/v2\/pages\/144"}],"wp:attachment":[{"href":"https:\/\/www.barreaudemontreal.qc.ca\/en\/wp-json\/wp\/v2\/media?parent=1008"}],"curies":[{"name":"wp","href":"https:\/\/api.w.org\/{rel}","templated":true}]}}